{"id":26108,"date":"2024-01-09T16:24:30","date_gmt":"2024-01-09T16:24:30","guid":{"rendered":"http:\/\/rucashk.com\/?post_type=product&#038;p=26108"},"modified":"2024-03-12T07:31:40","modified_gmt":"2024-03-12T07:31:40","slug":"mi-vacuum-mop-2c","status":"publish","type":"product","link":"https:\/\/www.rucashk.com\/ru\/product\/mi-vacuum-mop-2c\/","title":{"rendered":"\u041c\u0438 \u0412\u0430\u043a\u0443\u0443\u043c\u043d\u0430\u044f \u0448\u0432\u0430\u0431\u0440\u0430 2C"},"content":{"rendered":"<p><img fetchpriority=\"high\" decoding=\"async\" class=\"alignnone size-full wp-image-30585\" src=\"\/wp-content\/uploads\/replace\/403c1cd50e4a8a83aa10033cba4d09ee.png\" alt=\"Mi Vacuum Mop 2C\" width=\"1630\" height=\"768\" \/><img fetchpriority=\"high\" decoding=\"async\" class=\"alignnone size-full wp-image-30585\" src=\"\/wp-content\/uploads\/replace\/403c1cd50e4a8a83aa10033cba4d09ee.png\" alt=\"Mi Vacuum Mop 2C\" width=\"1630\" height=\"768\" \/><\/p>","protected":false},"excerpt":{"rendered":"<div class=\"lazy\" data-type=\"bg\" data-id=\"312db84574\" data-background-image=\"\" data-loaded=\"true\">\n<div class=\"lazy\" data-type=\"bg\" data-id=\"a29fc28224\" data-background-image=\"\" data-loaded=\"true\"><span class=\"xm-text f-bold\" data-key=\"spec_2\" data-type=\"text\" data-id=\"0d8d27d7a6\">\u0422\u0435\u0445\u043d\u0438\u0447\u0435\u0441\u043a\u0438\u0435 \u0445\u0430\u0440\u0430\u043a\u0442\u0435\u0440\u0438\u0441\u0442\u0438\u043a\u0438<\/span><\/p>\n<div class=\"lazy\" data-type=\"bg\" data-id=\"6abc57637d\" data-background-image=\"\" data-loaded=\"true\">\n<div class=\"lazy\" data-type=\"bg\" data-id=\"1c172a82e1\" data-background-image=\"\" data-loaded=\"true\"><span class=\"xm-text f-medium\" data-key=\"spec_3\" data-type=\"text\" data-id=\"17b803e2c7\">\u0412\u0430\u043a\u0443\u0443\u043c\u043d\u0430\u044f \u0448\u0432\u0430\u0431\u0440\u0430<\/span><\/div>\n<div class=\"lazy\" data-type=\"bg\" data-id=\"65fc4721fc\" data-background-image=\"\" data-loaded=\"true\"><span class=\"xm-text f-medium\" data-key=\"spec_4\" data-type=\"text\" data-id=\"48860abd08\">\u041c\u043e\u0434\u0435\u043b\u044c<\/span><span class=\"xm-text f-light\" data-key=\"spec_5\" data-type=\"text\" data-id=\"3a557fe980\">XMSTJQR2C<\/span><\/div>\n<div class=\"lazy\" data-type=\"bg\" data-id=\"af33f5760d\" data-background-image=\"\" data-loaded=\"true\"><span class=\"xm-text f-medium\" data-key=\"spec_6\" data-type=\"text\" data-id=\"ec7bb36d9d\">\u0420\u0430\u0437\u043c\u0435\u0440\u044b \u0442\u043e\u0432\u0430\u0440\u0430<\/span><span class=\"xm-text f-light\" data-key=\"spec_7\" data-type=\"text\" data-id=\"6eeef9f556\">353\u00d7350\u00d781,5 \u043c\u043c<\/span><\/div>\n<div class=\"lazy\" data-type=\"bg\" data-id=\"004bc73e1e\" data-background-image=\"\" data-loaded=\"true\"><span class=\"xm-text f-medium\" data-key=\"spec_8\" data-type=\"text\" data-id=\"5a19829117\">\u0426\u0432\u0435\u0442<\/span><span class=\"xm-text f-light\" data-key=\"spec_9\" data-type=\"text\" data-id=\"c26459a79f\">\u0411\u0435\u043b\u044b\u0439<\/span><\/div>\n<div class=\"lazy\" data-type=\"bg\" data-id=\"0903a355bf\" data-background-image=\"\" data-loaded=\"true\"><span class=\"xm-text f-medium\" data-key=\"spec_10\" data-type=\"text\" data-id=\"1bbdefbfd9\">\u0412\u0435\u0441 \u043d\u0435\u0442\u0442\u043e<\/span><span class=\"xm-text f-light\" data-key=\"spec_11\" data-type=\"text\" data-id=\"b80d86b565\">3,3 \u043a\u0433<\/span><\/div>\n<div class=\"lazy\" data-type=\"bg\" data-id=\"873e33cf04\" data-background-image=\"\" data-loaded=\"true\"><span class=\"xm-text f-medium\" data-key=\"spec_12\" data-type=\"text\" data-id=\"683410cd90\">\u041d\u043e\u043c\u0438\u043d\u0430\u043b\u044c\u043d\u043e\u0435 \u043d\u0430\u043f\u0440\u044f\u0436\u0435\u043d\u0438\u0435<\/span><span class=\"xm-text f-light\" data-key=\"spec_13\" data-type=\"text\" data-id=\"0796e48d45\">14,4 \u0412\u2393<\/span><\/div>\n<div class=\"lazy\" data-type=\"bg\" data-id=\"27b32d17b0\" data-background-image=\"\" data-loaded=\"true\"><span class=\"xm-text f-medium\" data-key=\"spec_14\" data-type=\"text\" data-id=\"c0aa2a8206\">\u041d\u043e\u043c\u0438\u043d\u0430\u043b\u044c\u043d\u0430\u044f \u043c\u043e\u0449\u043d\u043e\u0441\u0442\u044c<\/span><span class=\"xm-text f-light\" data-key=\"spec_15\" data-type=\"text\" data-id=\"99fd3a0e5a\">40 \u0412\u0442<\/span><\/div>\n<\/div>\n<\/div>\n<\/div>\n<div class=\"lazy\" data-type=\"bg\" data-id=\"8d4446c3a6\" data-background-image=\"\" data-loaded=\"true\">\n<div class=\"lazy\" data-type=\"bg\" data-id=\"4a225d7587\" data-background-image=\"\" data-loaded=\"true\"><span class=\"xm-text f-bold\" data-key=\"spec_16\" data-type=\"text\" data-id=\"22e52507a3\">\u0417\u0430\u0440\u044f\u0434\u043d\u0430\u044f \u0434\u043e\u043a-\u0441\u0442\u0430\u043d\u0446\u0438\u044f<\/span><\/p>\n<div class=\"lazy\" data-type=\"bg\" data-id=\"56f0343895\" data-background-image=\"\" data-loaded=\"true\">\n<div class=\"lazy\" data-type=\"bg\" data-id=\"48e9cbe1c7\" data-background-image=\"\" data-loaded=\"true\"><span class=\"xm-text f-medium\" data-key=\"spec_17\" data-type=\"text\" data-id=\"24d51f449d\">\u041c\u043e\u0434\u0435\u043b\u044c<\/span><span class=\"xm-text f-light\" data-key=\"spec_18\" data-type=\"text\" data-id=\"b5fc666d80\">CDZ1902<\/span><\/div>\n<div class=\"lazy\" data-type=\"bg\" data-id=\"f75e410fd8\" data-background-image=\"\" data-loaded=\"true\"><span class=\"xm-text f-medium\" data-key=\"spec_19\" data-type=\"text\" data-id=\"18963a2411\">\u0420\u0430\u0437\u043c\u0435\u0440\u044b \u0442\u043e\u0432\u0430\u0440\u0430<\/span><span class=\"xm-text f-light\" data-key=\"spec_20\" data-type=\"text\" data-id=\"62d62e1936\">130\u00d7126\u00d793 \u043c\u043c<\/span><\/div>\n<div class=\"lazy\" data-type=\"bg\" data-id=\"ba4038527c\" data-background-image=\"\" data-loaded=\"true\"><span class=\"xm-text f-medium\" data-key=\"spec_21\" data-type=\"text\" data-id=\"b3dbdb65fe\">\u041d\u043e\u043c\u0438\u043d\u0430\u043b\u044c\u043d\u0430\u044f \u0432\u0445\u043e\u0434\u043d\u0430\u044f \u043c\u043e\u0449\u043d\u043e\u0441\u0442\u044c<\/span><span class=\"xm-text f-light\" data-key=\"spec_22\" data-type=\"text\" data-id=\"5ee0081f64\">100\u2013240 \u0412 ~ 50\/60 \u0413\u0446 0,5 \u0410<\/span><\/div>\n<div class=\"lazy\" data-type=\"bg\" data-id=\"05a660df36\" data-background-image=\"\" data-loaded=\"true\"><span class=\"xm-text f-medium\" data-key=\"spec_23\" data-type=\"text\" data-id=\"9505edcac6\">\u041d\u043e\u043c\u0438\u043d\u0430\u043b\u044c\u043d\u0430\u044f \u043c\u043e\u0449\u043d\u043e\u0441\u0442\u044c<\/span><span class=\"xm-text f-light\" data-key=\"spec_24\" data-type=\"text\" data-id=\"10ded54c43\">19,8 \u0412\u2393 1 \u0410<\/span><\/div>\n<\/div>\n<\/div>\n<\/div>\n<div class=\"lazy\" data-type=\"bg\" data-id=\"b06af73081\" data-background-image=\"\" data-loaded=\"true\">\n<div class=\"lazy\" data-type=\"bg\" data-id=\"69349cad0f\" data-background-image=\"\" data-loaded=\"true\"><span class=\"xm-text f-bold\" data-key=\"spec_25\" data-type=\"text\" data-id=\"5df8cc6391\">\u0441\u043e\u0434\u0435\u0440\u0436\u0438\u043c\u043e\u0435 \u043f\u0430\u043a\u0435\u0442\u0430<\/span><\/p>\n<div class=\"lazy\" data-type=\"bg\" data-id=\"df81a9e0c8\" data-background-image=\"\" data-loaded=\"true\">\n<div class=\"lazy\" data-type=\"bg\" data-id=\"4523907762\" data-background-image=\"\" data-loaded=\"true\"><span class=\"xm-text f-medium\" data-key=\"spec_26\" data-type=\"text\" data-id=\"0c1c83803b\">\u0412\u0430\u043a\u0443\u0443\u043c\u043d\u0430\u044f \u0448\u0432\u0430\u0431\u0440\u0430 \u00d7 1<\/span><\/div>\n<div class=\"lazy\" data-type=\"bg\" data-id=\"f33f00c83f\" data-background-image=\"\" data-loaded=\"true\"><span class=\"xm-text f-medium\" data-key=\"spec_27\" data-type=\"text\" data-id=\"c99edc8542\">\u0417\u0430\u0440\u044f\u0434\u043d\u0430\u044f \u0434\u043e\u043a-\u0441\u0442\u0430\u043d\u0446\u0438\u044f \u00d7 1<\/span><\/div>\n<div class=\"lazy\" data-type=\"bg\" data-id=\"ab3f0d1eed\" data-background-image=\"\" data-loaded=\"true\"><span class=\"xm-text f-medium\" data-key=\"spec_28\" data-type=\"text\" data-id=\"1048aec103\">\u0411\u043e\u043a\u043e\u0432\u0430\u044f \u0449\u0435\u0442\u043a\u0430 \u00d7 1<\/span><\/div>\n<div class=\"lazy\" data-type=\"bg\" data-id=\"a2e93dd90d\" data-background-image=\"\" data-loaded=\"true\"><span class=\"xm-text f-medium\" data-key=\"spec_29\" data-type=\"text\" data-id=\"8b05539c7e\">\u0428\u043d\u0443\u0440 \u043f\u0438\u0442\u0430\u043d\u0438\u044f \u00d7 1<\/span><\/div>\n<div class=\"lazy\" data-type=\"bg\" data-id=\"d415667348\" data-background-image=\"\" data-loaded=\"true\"><span class=\"xm-text f-medium\" data-key=\"spec_30\" data-type=\"text\" data-id=\"747b905455\">\u0420\u0435\u0437\u0435\u0440\u0432\u0443\u0430\u0440 \u0434\u043b\u044f \u0432\u043e\u0434\u044b \u00d7 1<\/span><\/div>\n<div class=\"lazy\" data-type=\"bg\" data-id=\"b62e331349\" data-background-image=\"\" data-loaded=\"true\"><span class=\"xm-text f-medium\" data-key=\"spec_31\" data-type=\"text\" data-id=\"25f3646981\">\u0428\u0432\u0430\u0431\u0440\u0430 \u00d7 1<\/span><\/div>\n<div class=\"lazy\" data-type=\"bg\" data-id=\"ab7840d171\" data-background-image=\"\" data-loaded=\"true\"><span class=\"xm-text f-medium\" data-key=\"spec_32\" data-type=\"text\" data-id=\"fd6ee4dd90\">\u0420\u0443\u043a\u043e\u0432\u043e\u0434\u0441\u0442\u0432\u043e \u043f\u043e\u043b\u044c\u0437\u043e\u0432\u0430\u0442\u0435\u043b\u044f \u00d7 1<\/span><\/div>\n<div class=\"lazy\" data-type=\"bg\" data-id=\"19be91128a\" data-background-image=\"\" data-loaded=\"true\"><span class=\"xm-text f-medium\" data-key=\"spec_33\" data-type=\"text\" data-id=\"5039a3227b\">\u0413\u0430\u0440\u0430\u043d\u0442\u0438\u0439\u043d\u043e\u0435 \u0443\u0432\u0435\u0434\u043e\u043c\u043b\u0435\u043d\u0438\u0435 \u00d7 1<\/span><\/div>\n<\/div>\n<\/div>\n<\/div>","protected":false},"featured_media":26139,"template":"","meta":[],"product_brand":[],"product_cat":[1344,1305],"product_tag":[],"class_list":{"0":"post-26108","1":"product","2":"type-product","3":"status-publish","4":"has-post-thumbnail","6":"product_cat-mi-vacuum-cleaner","7":"product_cat-xiaomi-eco","9":"first","10":"instock","11":"shipping-taxable","12":"product-type-simple"},"aioseo_notices":[],"aioseo_head":"\n\t\t<!-- All in One SEO Pro 4.5.9.2 - aioseo.com -->\n\t\t<meta name=\"description\" content=\"Specifications Vacuum-mop ModelXMSTJQR2C Item Dimensions353 \u00d7 350 \u00d7 81.5 mm ColorWhite Net Weight3.3 kg Rated Voltage14.4 V\u2393 Rated Power40 W Charging Dock ModelCDZ1902 Item Dimensions130 \u00d7 126 \u00d7 93 mm Rated Input100\u2013240 V ~ 50\/60 Hz 0.5 A Rated Output19.8 V\u2393 1 A Package Contents Vacuum-mop \u00d7 1 Charging Dock \u00d7 1 Side Brush \u00d7 1 Power Cord \u00d7 1 Water Tank \u00d7 1 Mop Pad \u00d7 1 User Manual \u00d7 1 Warranty Notice \u00d7 1\" \/>\n\t\t<meta name=\"robots\" content=\"max-image-preview:large\" \/>\n\t\t<link rel=\"canonical\" href=\"https:\/\/www.rucashk.com\/ru\/product\/mi-vacuum-mop-2c\/\" \/>\n\t\t<meta name=\"generator\" content=\"All in One SEO Pro (AIOSEO) 4.5.9.2\" \/>\n\t\t<meta property=\"og:locale\" content=\"ru_RU\" \/>\n\t\t<meta property=\"og:site_name\" content=\"Rucas - One-stop AIoT Distribution Worldwide\" \/>\n\t\t<meta property=\"og:type\" content=\"article\" \/>\n\t\t<meta property=\"og:title\" content=\"Mi Vacuum Mop 2C - Rucas - Wholesale and Distribution\" \/>\n\t\t<meta property=\"og:description\" content=\"Specifications Vacuum-mop ModelXMSTJQR2C Item Dimensions353 \u00d7 350 \u00d7 81.5 mm ColorWhite Net Weight3.3 kg Rated Voltage14.4 V\u2393 Rated Power40 W Charging Dock ModelCDZ1902 Item Dimensions130 \u00d7 126 \u00d7 93 mm Rated Input100\u2013240 V ~ 50\/60 Hz 0.5 A Rated Output19.8 V\u2393 1 A Package Contents Vacuum-mop \u00d7 1 Charging Dock \u00d7 1 Side Brush \u00d7 1 Power Cord \u00d7 1 Water Tank \u00d7 1 Mop Pad \u00d7 1 User Manual \u00d7 1 Warranty Notice \u00d7 1\" \/>\n\t\t<meta property=\"og:url\" content=\"https:\/\/www.rucashk.com\/ru\/product\/mi-vacuum-mop-2c\/\" \/>\n\t\t<meta property=\"og:image\" content=\"https:\/\/www.rucashk.com\/wp-content\/uploads\/replace\/503b8e645f128a97ccde2b6290747646.jpeg\" \/>\n\t\t<meta property=\"og:image:secure_url\" content=\"https:\/\/www.rucashk.com\/wp-content\/uploads\/replace\/503b8e645f128a97ccde2b6290747646.jpeg\" \/>\n\t\t<meta property=\"og:image:width\" content=\"1456\" \/>\n\t\t<meta property=\"og:image:height\" content=\"816\" \/>\n\t\t<meta property=\"article:published_time\" content=\"2024-01-09T16:24:30+00:00\" \/>\n\t\t<meta property=\"article:modified_time\" content=\"2024-03-12T07:31:40+00:00\" \/>\n\t\t<meta name=\"twitter:card\" content=\"summary_large_image\" \/>\n\t\t<meta name=\"twitter:title\" content=\"Mi Vacuum Mop 2C - Rucas - Wholesale and Distribution\" \/>\n\t\t<meta name=\"twitter:description\" content=\"Specifications Vacuum-mop ModelXMSTJQR2C Item Dimensions353 \u00d7 350 \u00d7 81.5 mm ColorWhite Net Weight3.3 kg Rated Voltage14.4 V\u2393 Rated Power40 W Charging Dock ModelCDZ1902 Item Dimensions130 \u00d7 126 \u00d7 93 mm Rated Input100\u2013240 V ~ 50\/60 Hz 0.5 A Rated Output19.8 V\u2393 1 A Package Contents Vacuum-mop \u00d7 1 Charging Dock \u00d7 1 Side Brush \u00d7 1 Power Cord \u00d7 1 Water Tank \u00d7 1 Mop Pad \u00d7 1 User Manual \u00d7 1 Warranty Notice \u00d7 1\" \/>\n\t\t<meta name=\"twitter:image\" content=\"https:\/\/www.rucashk.com\/wp-content\/uploads\/replace\/503b8e645f128a97ccde2b6290747646.jpeg\" \/>\n\t\t<script type=\"application\/ld+json\" class=\"aioseo-schema\">\n\t\t\t{\"@context\":\"https:\\\/\\\/schema.org\",\"@graph\":[{\"@type\":\"BreadcrumbList\",\"@id\":\"https:\\\/\\\/www.rucashk.com\\\/ru\\\/product\\\/mi-vacuum-mop-2c\\\/#breadcrumblist\",\"itemListElement\":[{\"@type\":\"ListItem\",\"@id\":\"https:\\\/\\\/www.rucashk.com\\\/ru\\\/#listItem\",\"position\":1,\"name\":\"Home\",\"item\":\"https:\\\/\\\/www.rucashk.com\\\/ru\\\/\",\"nextItem\":\"https:\\\/\\\/www.rucashk.com\\\/ru\\\/product\\\/mi-vacuum-mop-2c\\\/#listItem\"},{\"@type\":\"ListItem\",\"@id\":\"https:\\\/\\\/www.rucashk.com\\\/ru\\\/product\\\/mi-vacuum-mop-2c\\\/#listItem\",\"position\":2,\"name\":\"Mi Vacuum Mop 2C\",\"previousItem\":\"https:\\\/\\\/www.rucashk.com\\\/ru\\\/#listItem\"}]},{\"@type\":\"Organization\",\"@id\":\"https:\\\/\\\/www.rucashk.com\\\/ru\\\/#organization\",\"name\":\"Rucas\",\"url\":\"https:\\\/\\\/www.rucashk.com\\\/ru\\\/\",\"logo\":{\"@type\":\"ImageObject\",\"url\":\"https:\\\/\\\/www.rucashk.com\\\/wp-content\\\/uploads\\\/2023\\\/12\\\/Rucas_campany_logo.png\",\"@id\":\"https:\\\/\\\/www.rucashk.com\\\/ru\\\/product\\\/mi-vacuum-mop-2c\\\/#organizationLogo\",\"width\":221,\"height\":65},\"image\":{\"@id\":\"https:\\\/\\\/www.rucashk.com\\\/ru\\\/#organizationLogo\"}},{\"@type\":\"Person\",\"@id\":\"https:\\\/\\\/www.rucashk.com\\\/ru\\\/author\\\/admin\\\/#author\",\"url\":\"https:\\\/\\\/www.rucashk.com\\\/ru\\\/author\\\/admin\\\/\",\"name\":\"admin\",\"image\":{\"@type\":\"ImageObject\",\"@id\":\"https:\\\/\\\/www.rucashk.com\\\/ru\\\/product\\\/mi-vacuum-mop-2c\\\/#authorImage\",\"url\":\"https:\\\/\\\/secure.gravatar.com\\\/avatar\\\/b7c8925b09a27e72b30232f8ecaadbd5af0f70a38c78096863fe51b64f031c24?s=96&d=mm&r=g\",\"width\":96,\"height\":96,\"caption\":\"admin\"}},{\"@type\":\"WebPage\",\"@id\":\"https:\\\/\\\/www.rucashk.com\\\/ru\\\/product\\\/mi-vacuum-mop-2c\\\/#webpage\",\"url\":\"https:\\\/\\\/www.rucashk.com\\\/ru\\\/product\\\/mi-vacuum-mop-2c\\\/\",\"name\":\"Mi Vacuum Mop 2C - Rucas - Wholesale and Distribution\",\"description\":\"Specifications Vacuum-mop ModelXMSTJQR2C Item Dimensions353 \\u00d7 350 \\u00d7 81.5 mm ColorWhite Net Weight3.3 kg Rated Voltage14.4 V\\u2393 Rated Power40 W Charging Dock ModelCDZ1902 Item Dimensions130 \\u00d7 126 \\u00d7 93 mm Rated Input100\\u2013240 V ~ 50\\\/60 Hz 0.5 A Rated Output19.8 V\\u2393 1 A Package Contents Vacuum-mop \\u00d7 1 Charging Dock \\u00d7 1 Side Brush \\u00d7 1 Power Cord \\u00d7 1 Water Tank \\u00d7 1 Mop Pad \\u00d7 1 User Manual \\u00d7 1 Warranty Notice \\u00d7 1\",\"inLanguage\":\"ru-RU\",\"isPartOf\":{\"@id\":\"https:\\\/\\\/www.rucashk.com\\\/ru\\\/#website\"},\"breadcrumb\":{\"@id\":\"https:\\\/\\\/www.rucashk.com\\\/ru\\\/product\\\/mi-vacuum-mop-2c\\\/#breadcrumblist\"},\"author\":{\"@id\":\"https:\\\/\\\/www.rucashk.com\\\/ru\\\/author\\\/admin\\\/#author\"},\"creator\":{\"@id\":\"https:\\\/\\\/www.rucashk.com\\\/ru\\\/author\\\/admin\\\/#author\"},\"image\":{\"@type\":\"ImageObject\",\"url\":\"https:\\\/\\\/www.rucashk.com\\\/wp-content\\\/uploads\\\/2024\\\/01\\\/xiaomi_mi_robot_vacuum_mop_2_ultra_aspirador_robot_01_l-1-1.jpg\",\"@id\":\"https:\\\/\\\/www.rucashk.com\\\/ru\\\/product\\\/mi-vacuum-mop-2c\\\/#mainImage\",\"width\":800,\"height\":800},\"primaryImageOfPage\":{\"@id\":\"https:\\\/\\\/www.rucashk.com\\\/ru\\\/product\\\/mi-vacuum-mop-2c\\\/#mainImage\"},\"datePublished\":\"2024-01-09T16:24:30+00:00\",\"dateModified\":\"2024-03-12T07:31:40+00:00\"},{\"@type\":\"WebSite\",\"@id\":\"https:\\\/\\\/www.rucashk.com\\\/ru\\\/#website\",\"url\":\"https:\\\/\\\/www.rucashk.com\\\/ru\\\/\",\"name\":\"Rucas - Wholesale and distribution worldwide\",\"alternateName\":\"Rucas - One-stop AIoT Distribution Worldwide\",\"description\":\"One-stop AIoT Distribution Worldwide\",\"inLanguage\":\"ru-RU\",\"publisher\":{\"@id\":\"https:\\\/\\\/www.rucashk.com\\\/ru\\\/#organization\"}}]}\n\t\t<\/script>\n\t\t<!-- All in One SEO Pro -->\r\n\t\t<title>Mi Vacuum Mop 2C - Rucas - Wholesale and Distribution<\/title>\n\n","aioseo_head_json":{"title":"Mi Vacuum Mop 2C - Rucas - Wholesale and Distribution","description":"Specifications Vacuum-mop ModelXMSTJQR2C Item Dimensions353 \u00d7 350 \u00d7 81.5 mm ColorWhite Net Weight3.3 kg Rated Voltage14.4 V\u2393 Rated Power40 W Charging Dock ModelCDZ1902 Item Dimensions130 \u00d7 126 \u00d7 93 mm Rated Input100\u2013240 V ~ 50\/60 Hz 0.5 A Rated Output19.8 V\u2393 1 A Package Contents Vacuum-mop \u00d7 1 Charging Dock \u00d7 1 Side Brush \u00d7 1 Power Cord \u00d7 1 Water Tank \u00d7 1 Mop Pad \u00d7 1 User Manual \u00d7 1 Warranty Notice \u00d7 1","canonical_url":"https:\/\/www.rucashk.com\/ru\/product\/mi-vacuum-mop-2c\/","robots":"max-image-preview:large","keywords":"","webmasterTools":{"miscellaneous":""},"og:locale":"ru_RU","og:site_name":"Rucas - One-stop AIoT Distribution Worldwide","og:type":"article","og:title":"Mi Vacuum Mop 2C - Rucas - Wholesale and Distribution","og:description":"Specifications Vacuum-mop ModelXMSTJQR2C Item Dimensions353 \u00d7 350 \u00d7 81.5 mm ColorWhite Net Weight3.3 kg Rated Voltage14.4 V\u2393 Rated Power40 W Charging Dock ModelCDZ1902 Item Dimensions130 \u00d7 126 \u00d7 93 mm Rated Input100\u2013240 V ~ 50\/60 Hz 0.5 A Rated Output19.8 V\u2393 1 A Package Contents Vacuum-mop \u00d7 1 Charging Dock \u00d7 1 Side Brush \u00d7 1 Power Cord \u00d7 1 Water Tank \u00d7 1 Mop Pad \u00d7 1 User Manual \u00d7 1 Warranty Notice \u00d7 1","og:url":"https:\/\/www.rucashk.com\/ru\/product\/mi-vacuum-mop-2c\/","og:image":"https:\/\/www.rucashk.com\/wp-content\/uploads\/replace\/503b8e645f128a97ccde2b6290747646.jpeg","og:image:secure_url":"https:\/\/www.rucashk.com\/wp-content\/uploads\/replace\/503b8e645f128a97ccde2b6290747646.jpeg","og:image:width":1456,"og:image:height":816,"article:published_time":"2024-01-09T16:24:30+00:00","article:modified_time":"2024-03-12T07:31:40+00:00","twitter:card":"summary_large_image","twitter:title":"Mi Vacuum Mop 2C - Rucas - Wholesale and Distribution","twitter:description":"Specifications Vacuum-mop ModelXMSTJQR2C Item Dimensions353 \u00d7 350 \u00d7 81.5 mm ColorWhite Net Weight3.3 kg Rated Voltage14.4 V\u2393 Rated Power40 W Charging Dock ModelCDZ1902 Item Dimensions130 \u00d7 126 \u00d7 93 mm Rated Input100\u2013240 V ~ 50\/60 Hz 0.5 A Rated Output19.8 V\u2393 1 A Package Contents Vacuum-mop \u00d7 1 Charging Dock \u00d7 1 Side Brush \u00d7 1 Power Cord \u00d7 1 Water Tank \u00d7 1 Mop Pad \u00d7 1 User Manual \u00d7 1 Warranty Notice \u00d7 1","twitter:image":"https:\/\/www.rucashk.com\/wp-content\/uploads\/replace\/503b8e645f128a97ccde2b6290747646.jpeg","schema":{"@context":"https:\/\/schema.org","@graph":[{"@type":"BreadcrumbList","@id":"https:\/\/www.rucashk.com\/ru\/product\/mi-vacuum-mop-2c\/#breadcrumblist","itemListElement":[{"@type":"ListItem","@id":"https:\/\/www.rucashk.com\/ru\/#listItem","position":1,"name":"Home","item":"https:\/\/www.rucashk.com\/ru\/","nextItem":"https:\/\/www.rucashk.com\/ru\/product\/mi-vacuum-mop-2c\/#listItem"},{"@type":"ListItem","@id":"https:\/\/www.rucashk.com\/ru\/product\/mi-vacuum-mop-2c\/#listItem","position":2,"name":"Mi Vacuum Mop 2C","previousItem":"https:\/\/www.rucashk.com\/ru\/#listItem"}]},{"@type":"Organization","@id":"https:\/\/www.rucashk.com\/ru\/#organization","name":"Rucas","url":"https:\/\/www.rucashk.com\/ru\/","logo":{"@type":"ImageObject","url":"https:\/\/www.rucashk.com\/wp-content\/uploads\/2023\/12\/Rucas_campany_logo.png","@id":"https:\/\/www.rucashk.com\/ru\/product\/mi-vacuum-mop-2c\/#organizationLogo","width":221,"height":65},"image":{"@id":"https:\/\/www.rucashk.com\/ru\/#organizationLogo"}},{"@type":"Person","@id":"https:\/\/www.rucashk.com\/ru\/author\/admin\/#author","url":"https:\/\/www.rucashk.com\/ru\/author\/admin\/","name":"admin","image":{"@type":"ImageObject","@id":"https:\/\/www.rucashk.com\/ru\/product\/mi-vacuum-mop-2c\/#authorImage","url":"https:\/\/secure.gravatar.com\/avatar\/b7c8925b09a27e72b30232f8ecaadbd5af0f70a38c78096863fe51b64f031c24?s=96&d=mm&r=g","width":96,"height":96,"caption":"admin"}},{"@type":"WebPage","@id":"https:\/\/www.rucashk.com\/ru\/product\/mi-vacuum-mop-2c\/#webpage","url":"https:\/\/www.rucashk.com\/ru\/product\/mi-vacuum-mop-2c\/","name":"Mi Vacuum Mop 2C - Rucas - Wholesale and Distribution","description":"Specifications Vacuum-mop ModelXMSTJQR2C Item Dimensions353 \u00d7 350 \u00d7 81.5 mm ColorWhite Net Weight3.3 kg Rated Voltage14.4 V\u2393 Rated Power40 W Charging Dock ModelCDZ1902 Item Dimensions130 \u00d7 126 \u00d7 93 mm Rated Input100\u2013240 V ~ 50\/60 Hz 0.5 A Rated Output19.8 V\u2393 1 A Package Contents Vacuum-mop \u00d7 1 Charging Dock \u00d7 1 Side Brush \u00d7 1 Power Cord \u00d7 1 Water Tank \u00d7 1 Mop Pad \u00d7 1 User Manual \u00d7 1 Warranty Notice \u00d7 1","inLanguage":"ru-RU","isPartOf":{"@id":"https:\/\/www.rucashk.com\/ru\/#website"},"breadcrumb":{"@id":"https:\/\/www.rucashk.com\/ru\/product\/mi-vacuum-mop-2c\/#breadcrumblist"},"author":{"@id":"https:\/\/www.rucashk.com\/ru\/author\/admin\/#author"},"creator":{"@id":"https:\/\/www.rucashk.com\/ru\/author\/admin\/#author"},"image":{"@type":"ImageObject","url":"https:\/\/www.rucashk.com\/wp-content\/uploads\/2024\/01\/xiaomi_mi_robot_vacuum_mop_2_ultra_aspirador_robot_01_l-1-1.jpg","@id":"https:\/\/www.rucashk.com\/ru\/product\/mi-vacuum-mop-2c\/#mainImage","width":800,"height":800},"primaryImageOfPage":{"@id":"https:\/\/www.rucashk.com\/ru\/product\/mi-vacuum-mop-2c\/#mainImage"},"datePublished":"2024-01-09T16:24:30+00:00","dateModified":"2024-03-12T07:31:40+00:00"},{"@type":"WebSite","@id":"https:\/\/www.rucashk.com\/ru\/#website","url":"https:\/\/www.rucashk.com\/ru\/","name":"Rucas - Wholesale and distribution worldwide","alternateName":"Rucas - One-stop AIoT Distribution Worldwide","description":"One-stop AIoT Distribution Worldwide","inLanguage":"ru-RU","publisher":{"@id":"https:\/\/www.rucashk.com\/ru\/#organization"}}]}},"aioseo_meta_data":{"post_id":"26108","title":null,"description":null,"keywords":null,"keyphrases":null,"primary_term":null,"canonical_url":null,"og_title":null,"og_description":null,"og_object_type":"default","og_image_type":"default","og_image_url":null,"og_image_width":null,"og_image_height":null,"og_image_custom_url":null,"og_image_custom_fields":null,"og_video":null,"og_custom_url":null,"og_article_section":null,"og_article_tags":null,"twitter_use_og":false,"twitter_card":"default","twitter_image_type":"default","twitter_image_url":null,"twitter_image_custom_url":null,"twitter_image_custom_fields":null,"twitter_title":null,"twitter_description":null,"schema":{"blockGraphs":[],"customGraphs":[],"default":{"data":{"Article":[],"Course":[],"Dataset":[],"FAQPage":[],"Movie":[],"Person":[],"Product":[],"Recipe":[],"Service":[],"SoftwareApplication":[],"WebPage":[]},"graphName":"","isEnabled":true},"graphs":[]},"schema_type":"default","schema_type_options":null,"pillar_content":false,"robots_default":true,"robots_noindex":false,"robots_noarchive":false,"robots_nosnippet":false,"robots_nofollow":false,"robots_noimageindex":false,"robots_noodp":false,"robots_notranslate":false,"robots_max_snippet":null,"robots_max_videopreview":null,"robots_max_imagepreview":"large","priority":null,"frequency":null,"local_seo":null,"breadcrumb_settings":null,"limit_modified_date":false,"created":"2024-04-11 01:57:20","updated":"2025-06-22 18:11:15"},"aioseo_breadcrumb":"<div class=\"aioseo-breadcrumbs\"><span class=\"aioseo-breadcrumb\">\n\t<a href=\"https:\/\/www.rucashk.com\/ru\" title=\"Home\">Home<\/a>\n<\/span><span class=\"aioseo-breadcrumb-separator\">&raquo;<\/span><span class=\"aioseo-breadcrumb\">\n\t<a href=\"https:\/\/www.rucashk.com\/ru\/products\/\" title=\"\u0422\u043e\u0432\u0430\u0440\u044b\">\u0422\u043e\u0432\u0430\u0440\u044b<\/a>\n<\/span><span class=\"aioseo-breadcrumb-separator\">&raquo;<\/span><span class=\"aioseo-breadcrumb\">\n\t<a href=\"https:\/\/www.rucashk.com\/ru\/product-category\/xiaomi-eco\/\" title=\"Xiaomi Eco\">Xiaomi Eco<\/a>\n<\/span><span class=\"aioseo-breadcrumb-separator\">&raquo;<\/span><span class=\"aioseo-breadcrumb\">\n\t<a href=\"https:\/\/www.rucashk.com\/ru\/product-category\/xiaomi-eco\/mi-vacuum-cleaner\/\" title=\"Mi Vacuum Cleaner\">Mi Vacuum Cleaner<\/a>\n<\/span><span class=\"aioseo-breadcrumb-separator\">&raquo;<\/span><span class=\"aioseo-breadcrumb\">\n\tMi Vacuum Mop 2C\n<\/span><\/div>","aioseo_breadcrumb_json":[{"label":"Home","link":"https:\/\/www.rucashk.com\/ru"},{"label":"\u0422\u043e\u0432\u0430\u0440\u044b","link":"https:\/\/www.rucashk.com\/ru\/products\/"},{"label":"Xiaomi Eco","link":"https:\/\/www.rucashk.com\/ru\/product-category\/xiaomi-eco\/"},{"label":"Mi Vacuum Cleaner","link":"https:\/\/www.rucashk.com\/ru\/product-category\/xiaomi-eco\/mi-vacuum-cleaner\/"},{"label":"Mi Vacuum Mop 2C","link":"https:\/\/www.rucashk.com\/ru\/product\/mi-vacuum-mop-2c\/"}],"_links":{"self":[{"href":"https:\/\/www.rucashk.com\/ru\/wp-json\/wp\/v2\/product\/26108","targetHints":{"allow":["GET"]}}],"collection":[{"href":"https:\/\/www.rucashk.com\/ru\/wp-json\/wp\/v2\/product"}],"about":[{"href":"https:\/\/www.rucashk.com\/ru\/wp-json\/wp\/v2\/types\/product"}],"wp:featuredmedia":[{"embeddable":true,"href":"https:\/\/www.rucashk.com\/ru\/wp-json\/wp\/v2\/media\/26139"}],"wp:attachment":[{"href":"https:\/\/www.rucashk.com\/ru\/wp-json\/wp\/v2\/media?parent=26108"}],"wp:term":[{"taxonomy":"product_brand","embeddable":true,"href":"https:\/\/www.rucashk.com\/ru\/wp-json\/wp\/v2\/product_brand?post=26108"},{"taxonomy":"product_cat","embeddable":true,"href":"https:\/\/www.rucashk.com\/ru\/wp-json\/wp\/v2\/product_cat?post=26108"},{"taxonomy":"product_tag","embeddable":true,"href":"https:\/\/www.rucashk.com\/ru\/wp-json\/wp\/v2\/product_tag?post=26108"}],"curies":[{"name":"wp","href":"https:\/\/api.w.org\/{rel}","templated":true}]}}