{"id":26067,"date":"2024-01-09T16:24:08","date_gmt":"2024-01-09T16:24:08","guid":{"rendered":"http:\/\/rucashk.com\/?post_type=product&#038;p=26067"},"modified":"2024-03-13T12:56:47","modified_gmt":"2024-03-13T12:56:47","slug":"huawei-p50e-smartphone-huawei-p50e-telefono-inteligente","status":"publish","type":"product","link":"https:\/\/www.rucashk.com\/ru\/product\/huawei-p50e-smartphone-huawei-p50e-telefono-inteligente\/","title":{"rendered":"\u0421\u043c\u0430\u0440\u0442\u0444\u043e\u043d Huawei P50E | \u0423\u043c\u043d\u044b\u0439 \u0442\u0435\u043b\u0435\u0444\u043e\u043d huawei p50e"},"content":{"rendered":"<h2 class=\"inc _hd\">\u041f\u043e\u043b\u043d\u044b\u0435 \u0445\u0430\u0440\u0430\u043a\u0442\u0435\u0440\u0438\u0441\u0442\u0438\u043a\u0438 Huawei P50E<\/h2>\n<div class=\"_gry-bg _spctbl _ovfhide\">\n<div class=\"_flx\">\n<div class=\"_hd\">\u041e\u0431\u0449\u0438\u0439<\/div>\n<\/div>\n<table>\n<tbody>\n<tr>\n<td>\u0411\u0440\u0435\u043d\u0434<\/td>\n<td>\u0425\u0443\u0430\u0432\u0435\u0439<\/td>\n<\/tr>\n<tr>\n<td>\u041c\u043e\u0434\u0435\u043b\u044c<\/td>\n<td>P50E<\/td>\n<\/tr>\n<tr>\n<td>\u0414\u0430\u0442\u0430 \u0432\u044b\u043f\u0443\u0441\u043a\u0430<\/td>\n<td>16 \u043c\u0430\u0440\u0442\u0430 2022 \u0433.<\/td>\n<\/tr>\n<tr>\n<td>\u0417\u0430\u043f\u0443\u0449\u0435\u043d \u0432 \u0418\u043d\u0434\u0438\u0438<\/td>\n<td>\u041d\u0435\u0442<\/td>\n<\/tr>\n<tr>\n<td>\u0424\u0430\u043a\u0442\u043e\u0440 \u0444\u043e\u0440\u043c\u044b<\/td>\n<td>\u0421\u0435\u043d\u0441\u043e\u0440\u043d\u044b\u0439 \u044d\u043a\u0440\u0430\u043d<\/td>\n<\/tr>\n<tr>\n<td>\u0420\u0430\u0437\u043c\u0435\u0440\u044b (\u043c\u043c)<\/td>\n<td>156,50 \u0445 73,80 \u0445 7,92<\/td>\n<\/tr>\n<tr>\n<td>\u0412\u0435\u0441 (\u0433)<\/td>\n<td>181.00<\/td>\n<\/tr>\n<tr>\n<td>IP-\u0440\u0435\u0439\u0442\u0438\u043d\u0433<\/td>\n<td>IP68<\/td>\n<\/tr>\n<tr>\n<td>\u0415\u043c\u043a\u043e\u0441\u0442\u044c \u0430\u043a\u043a\u0443\u043c\u0443\u043b\u044f\u0442\u043e\u0440\u0430 (\u043c\u0410\u0447)<\/td>\n<td>4100<\/td>\n<\/tr>\n<tr>\n<td>\u0411\u0435\u0441\u043f\u0440\u043e\u0432\u043e\u0434\u043d\u0430\u044f \u0437\u0430\u0440\u044f\u0434\u043a\u0430<\/td>\n<td>\u041d\u0435\u0442<\/td>\n<\/tr>\n<tr>\n<td>\u0426\u0432\u0435\u0442\u0430<\/td>\n<td>\u0427\u0435\u0440\u043d\u044b\u0439 \u043e\u0431\u0441\u0438\u0434\u0438\u0430\u043d, \u0437\u043e\u043b\u043e\u0442\u043e \u043a\u0430\u043a\u0430\u043e, \u0431\u0435\u043b\u043e\u0441\u043d\u0435\u0436\u043d\u044b\u0439, \u0441\u0438\u043d\u0438\u0439 \u0433\u0430\u043b\u0430\u043a\u0442\u0438\u043a\u0438<\/td>\n<\/tr>\n<\/tbody>\n<\/table>\n<\/div>\n<div class=\"_gry-bg _spctbl _ovfhide\">\n<div class=\"_flx\">\n<div class=\"_hd\">\u041e\u0442\u043e\u0431\u0440\u0430\u0436\u0430\u0442\u044c<\/div>\n<\/div>\n<table>\n<tbody>\n<tr>\n<td>\u0427\u0430\u0441\u0442\u043e\u0442\u0430 \u043e\u0431\u043d\u043e\u0432\u043b\u0435\u043d\u0438\u044f<\/td>\n<td>90 \u0413\u0446<\/td>\n<\/tr>\n<tr>\n<td>\u0421\u0442\u0430\u043d\u0434\u0430\u0440\u0442 \u0440\u0430\u0437\u0440\u0435\u0448\u0435\u043d\u0438\u044f<\/td>\n<td>FullHD+<\/td>\n<\/tr>\n<tr>\n<td>\u0420\u0430\u0437\u043c\u0435\u0440 \u044d\u043a\u0440\u0430\u043d\u0430 (\u0434\u044e\u0439\u043c\u044b)<\/td>\n<td>6.50<\/td>\n<\/tr>\n<tr>\n<td>\u0421\u0435\u043d\u0441\u043e\u0440\u043d\u044b\u0439 \u044d\u043a\u0440\u0430\u043d<\/td>\n<td>\u0414\u0430<\/td>\n<\/tr>\n<tr>\n<td>\u0420\u0430\u0437\u0440\u0435\u0448\u0435\u043d\u0438\u0435<\/td>\n<td>1224\u00d72700 \u043f\u0438\u043a\u0441\u0435\u043b\u0435\u0439<\/td>\n<\/tr>\n<tr>\n<td>\u041f\u0438\u043a\u0441\u0435\u043b\u0435\u0439 \u043d\u0430 \u0434\u044e\u0439\u043c (PPI)<\/td>\n<td>458<\/td>\n<\/tr>\n<\/tbody>\n<\/table>\n<\/div>\n<div class=\"_gry-bg _spctbl _ovfhide\">\n<div class=\"_flx\">\n<div class=\"_hd\">\u0410\u043f\u043f\u0430\u0440\u0430\u0442\u043d\u043e\u0435 \u043e\u0431\u0435\u0441\u043f\u0435\u0447\u0435\u043d\u0438\u0435<\/div>\n<\/div>\n<table>\n<tbody>\n<tr>\n<td>\u041f\u0440\u043e\u0446\u0435\u0441\u0441\u043e\u0440<\/td>\n<td>\u0432\u043e\u0441\u044c\u043c\u0438\u044f\u0434\u0435\u0440\u043d\u044b\u0439<\/td>\n<\/tr>\n<tr>\n<td>\u041f\u0440\u043e\u0438\u0437\u0432\u043e\u0434\u0438\u0442\u0435\u043b\u044c \u043f\u0440\u043e\u0446\u0435\u0441\u0441\u043e\u0440\u0430<\/td>\n<td>Qualcomm Snapdragon 778G<\/td>\n<\/tr>\n<tr>\n<td>\u0411\u0410\u0420\u0410\u041d<\/td>\n<td>8 \u0413\u0411<\/td>\n<\/tr>\n<tr>\n<td>\u0412\u043d\u0443\u0442\u0440\u0435\u043d\u043d\u0435\u0435 \u0445\u0440\u0430\u043d\u0438\u043b\u0438\u0449\u0435<\/td>\n<td>128 \u0413\u0411<\/td>\n<\/tr>\n<tr>\n<td>\u0420\u0430\u0441\u0448\u0438\u0440\u044f\u0435\u043c\u043e\u0435 \u0445\u0440\u0430\u043d\u0438\u043b\u0438\u0449\u0435<\/td>\n<td>\u0414\u0430<\/td>\n<\/tr>\n<tr>\n<td>\u0420\u0430\u0441\u0448\u0438\u0440\u044f\u0435\u043c\u044b\u0439 \u0442\u0438\u043f \u0445\u0440\u0430\u043d\u0438\u043b\u0438\u0449\u0430<\/td>\n<td>\u041d\u0430\u043d\u043e-\u043a\u0430\u0440\u0442\u0430 \u043f\u0430\u043c\u044f\u0442\u0438<\/td>\n<\/tr>\n<tr>\n<td>\u0420\u0430\u0441\u0448\u0438\u0440\u044f\u0435\u043c\u043e\u0435 \u0445\u0440\u0430\u043d\u0438\u043b\u0438\u0449\u0435 \u0434\u043e (\u0413\u0411)<\/td>\n<td>256<\/td>\n<\/tr>\n<\/tbody>\n<\/table>\n<\/div>\n<div class=\"_gry-bg _spctbl _ovfhide\">\n<div class=\"_flx\">\n<div class=\"_hd\">\u041a\u0430\u043c\u0435\u0440\u0430<\/div>\n<\/div>\n<table>\n<tbody>\n<tr>\n<td>\u0417\u0430\u0434\u043d\u044f\u044f \u043a\u0430\u043c\u0435\u0440\u0430<\/td>\n<td>50-\u043c\u0435\u0433\u0430\u043f\u0438\u043a\u0441\u0435\u043b\u044c\u043d\u0430\u044f + 13-\u043c\u0435\u0433\u0430\u043f\u0438\u043a\u0441\u0435\u043b\u044c\u043d\u0430\u044f + 12-\u043c\u0435\u0433\u0430\u043f\u0438\u043a\u0441\u0435\u043b\u044c\u043d\u0430\u044f<\/td>\n<\/tr>\n<tr>\n<td>\u041a\u043e\u043b\u0438\u0447\u0435\u0441\u0442\u0432\u043e \u0437\u0430\u0434\u043d\u0438\u0445 \u043a\u0430\u043c\u0435\u0440<\/td>\n<td>3<\/td>\n<\/tr>\n<tr>\n<td>\u041f\u0435\u0440\u0435\u0434\u043d\u044f\u044f \u043a\u0430\u043c\u0435\u0440\u0430<\/td>\n<td>13-\u043c\u0435\u0433\u0430\u043f\u0438\u043a\u0441\u0435\u043b\u044c\u043d\u0430\u044f<\/td>\n<\/tr>\n<tr>\n<td>\u041a\u043e\u043b\u0438\u0447\u0435\u0441\u0442\u0432\u043e \u043f\u0435\u0440\u0435\u0434\u043d\u0438\u0445 \u043a\u0430\u043c\u0435\u0440<\/td>\n<td>1<\/td>\n<\/tr>\n<\/tbody>\n<\/table>\n<\/div>\n<div class=\"_gry-bg _spctbl _ovfhide\">\n<div class=\"_flx\">\n<div class=\"_hd\">\u041f\u0440\u043e\u0433\u0440\u0430\u043c\u043c\u043d\u043e\u0435 \u043e\u0431\u0435\u0441\u043f\u0435\u0447\u0435\u043d\u0438\u0435<\/div>\n<\/div>\n<table>\n<tbody>\n<tr>\n<td>\u041e\u043f\u0435\u0440\u0430\u0446\u0438\u043e\u043d\u043d\u0430\u044f \u0441\u0438\u0441\u0442\u0435\u043c\u0430<\/td>\n<td>HarmonyOS HarmonyOS 2<\/td>\n<\/tr>\n<\/tbody>\n<\/table>\n<\/div>\n<div class=\"_gry-bg _spctbl _ovfhide\">\n<div class=\"_flx\">\n<div class=\"_hd\">\u0412\u043e\u0437\u043c\u043e\u0436\u043d\u043e\u0441\u0442\u0438 \u043f\u043e\u0434\u043a\u043b\u044e\u0447\u0435\u043d\u0438\u044f<\/div>\n<\/div>\n<table>\n<tbody>\n<tr>\n<td>Wi-Fi<\/td>\n<td>\u0414\u0430<\/td>\n<\/tr>\n<tr>\n<td>\u041f\u043e\u0434\u0434\u0435\u0440\u0436\u0438\u0432\u0430\u0435\u043c\u044b\u0435 \u0441\u0442\u0430\u043d\u0434\u0430\u0440\u0442\u044b Wi-Fi<\/td>\n<td>802.11 \u0430\/\u0431\/\u0433\/\u043d\/\u0430\u043a<\/td>\n<\/tr>\n<tr>\n<td>GPS<\/td>\n<td>\u0414\u0430<\/td>\n<\/tr>\n<tr>\n<td>Bluetooth<\/td>\n<td>\u0414\u0430, \u0432\u0435\u0440\u0441\u0438\u044f 5.20<\/td>\n<\/tr>\n<tr>\n<td>\u041d\u0424\u041a<\/td>\n<td>\u0414\u0430<\/td>\n<\/tr>\n<tr>\n<td>USB-\u0442\u0438\u043f-C<\/td>\n<td>\u0414\u0430<\/td>\n<\/tr>\n<tr>\n<td>\u041a\u043e\u043b\u0438\u0447\u0435\u0441\u0442\u0432\u043e SIM-\u043a\u0430\u0440\u0442<\/td>\n<td>2<\/td>\n<\/tr>\n<tr>\n<td>\u0410\u043a\u0442\u0438\u0432\u043d\u044b\u0439 4G \u043d\u0430 \u043e\u0431\u0435\u0438\u0445 SIM-\u043a\u0430\u0440\u0442\u0430\u0445<\/td>\n<td>\u0414\u0430<\/td>\n<\/tr>\n<tr>\n<td class=\"_sim\" colspan=\"2\">SIM-\u043a\u0430\u0440\u0442\u0430 1<\/td>\n<\/tr>\n<tr>\n<td>\u0422\u0438\u043f SIM-\u043a\u0430\u0440\u0442\u044b<\/td>\n<td>\u041d\u0430\u043d\u043e \u0441\u0438\u043c-\u043a\u0430\u0440\u0442\u0430<\/td>\n<\/tr>\n<tr>\n<td class=\"_sim\" colspan=\"2\">SIM-2<\/td>\n<\/tr>\n<tr>\n<td>\u0422\u0438\u043f SIM-\u043a\u0430\u0440\u0442\u044b<\/td>\n<td>\u041d\u0430\u043d\u043e \u0441\u0438\u043c-\u043a\u0430\u0440\u0442\u0430<\/td>\n<\/tr>\n<\/tbody>\n<\/table>\n<\/div>\n<div class=\"_gry-bg _spctbl _ovfhide\">\n<div class=\"_flx\">\n<div class=\"_hd\">\u0414\u0430\u0442\u0447\u0438\u043a\u0438<\/div>\n<\/div>\n<table>\n<tbody>\n<tr>\n<td>\u0414\u0430\u0442\u0447\u0438\u043a \u043e\u0442\u043f\u0435\u0447\u0430\u0442\u043a\u043e\u0432 \u043f\u0430\u043b\u044c\u0446\u0435\u0432<\/td>\n<td>\u0414\u0430<\/td>\n<\/tr>\n<tr>\n<td>\u041a\u043e\u043c\u043f\u0430\u0441\/\u041c\u0430\u0433\u043d\u0435\u0442\u043e\u043c\u0435\u0442\u0440<\/td>\n<td>\u0414\u0430<\/td>\n<\/tr>\n<tr>\n<td>\u0414\u0430\u0442\u0447\u0438\u043a \u043f\u0440\u0438\u0431\u043b\u0438\u0436\u0435\u043d\u0438\u044f<\/td>\n<td>\u0414\u0430<\/td>\n<\/tr>\n<tr>\n<td>\u0410\u043a\u0441\u0435\u043b\u0435\u0440\u043e\u043c\u0435\u0442\u0440<\/td>\n<td>\u0414\u0430<\/td>\n<\/tr>\n<tr>\n<td>\u0414\u0430\u0442\u0447\u0438\u043a \u043e\u0441\u0432\u0435\u0449\u0435\u043d\u043d\u043e\u0441\u0442\u0438<\/td>\n<td>\u0414\u0430<\/td>\n<\/tr>\n<tr>\n<td>\u0413\u0438\u0440\u043e\u0441\u043a\u043e\u043f<\/td>\n<td>\u0414\u0430<\/td>\n<\/tr>\n<\/tbody>\n<\/table>\n<\/div>","protected":false},"excerpt":{"rendered":"<p>Mostrar<br \/>\n6,50 pulgadas (1224&#215;2700)<br \/>\nProcesador<br \/>\nSnapdragon 778G de Qualcomm<br \/>\nC\u00e1mara frontal<br \/>\n13 \u041c\u041f<br \/>\nC\u00e1mara trasera<br \/>\n50 MP + 13 MP + 12 MP<br \/>\n\u0411\u0410\u0420\u0410\u041d<br \/>\n8 \u0413\u0411<br \/>\nAlmacenamiento<br \/>\n128 \u0413\u0411<br \/>\nCapacidad de la bater\u00eda<br \/>\n4100mAh<br \/>\nsistema operativo<br \/>\nHarmony OS Harmony OS 2<\/p>","protected":false},"featured_media":26126,"template":"","meta":[],"product_brand":[],"product_cat":[1345,1322],"product_tag":[],"class_list":{"0":"post-26067","1":"product","2":"type-product","3":"status-publish","4":"has-post-thumbnail","6":"product_cat-huawei-other-a-brands","7":"product_cat-other-a-brands","9":"first","10":"instock","11":"shipping-taxable","12":"product-type-simple"},"aioseo_notices":[],"aioseo_head":"\n\t\t<!-- All in One SEO Pro 4.5.9.2 - aioseo.com -->\n\t\t<meta name=\"description\" content=\"Mostrar 6,50 pulgadas (1224x2700) Procesador Snapdragon 778G de Qualcomm C\u00e1mara frontal 13MP C\u00e1mara trasera 50 MP + 13 MP + 12 MP RAM 8GB Almacenamiento 128GB Capacidad de la bater\u00eda 4100mAh sistema operativo Harmony OS Harmony OS 2\" \/>\n\t\t<meta name=\"robots\" content=\"max-image-preview:large\" \/>\n\t\t<link rel=\"canonical\" href=\"https:\/\/www.rucashk.com\/ru\/product\/huawei-p50e-smartphone-huawei-p50e-telefono-inteligente\/\" \/>\n\t\t<meta name=\"generator\" content=\"All in One SEO Pro (AIOSEO) 4.5.9.2\" \/>\n\t\t<meta property=\"og:locale\" content=\"ru_RU\" \/>\n\t\t<meta property=\"og:site_name\" content=\"Rucas - One-stop AIoT Distribution Worldwide\" \/>\n\t\t<meta property=\"og:type\" content=\"article\" \/>\n\t\t<meta property=\"og:title\" content=\"huawei P50E Smartphone | huawei p50e tel\u00e9fono inteligente - Rucas - Wholesale and Distribution\" \/>\n\t\t<meta property=\"og:description\" content=\"Mostrar 6,50 pulgadas (1224x2700) Procesador Snapdragon 778G de Qualcomm C\u00e1mara frontal 13MP C\u00e1mara trasera 50 MP + 13 MP + 12 MP RAM 8GB Almacenamiento 128GB Capacidad de la bater\u00eda 4100mAh sistema operativo Harmony OS Harmony OS 2\" \/>\n\t\t<meta property=\"og:url\" content=\"https:\/\/www.rucashk.com\/ru\/product\/huawei-p50e-smartphone-huawei-p50e-telefono-inteligente\/\" \/>\n\t\t<meta property=\"og:image\" content=\"https:\/\/www.rucashk.com\/wp-content\/uploads\/replace\/503b8e645f128a97ccde2b6290747646.jpeg\" \/>\n\t\t<meta property=\"og:image:secure_url\" content=\"https:\/\/www.rucashk.com\/wp-content\/uploads\/replace\/503b8e645f128a97ccde2b6290747646.jpeg\" \/>\n\t\t<meta property=\"og:image:width\" content=\"1456\" \/>\n\t\t<meta property=\"og:image:height\" content=\"816\" \/>\n\t\t<meta property=\"article:published_time\" content=\"2024-01-09T16:24:08+00:00\" \/>\n\t\t<meta property=\"article:modified_time\" content=\"2024-03-13T12:56:47+00:00\" \/>\n\t\t<meta name=\"twitter:card\" content=\"summary_large_image\" \/>\n\t\t<meta name=\"twitter:title\" content=\"huawei P50E Smartphone | huawei p50e tel\u00e9fono inteligente - Rucas - Wholesale and Distribution\" \/>\n\t\t<meta name=\"twitter:description\" content=\"Mostrar 6,50 pulgadas (1224x2700) Procesador Snapdragon 778G de Qualcomm C\u00e1mara frontal 13MP C\u00e1mara trasera 50 MP + 13 MP + 12 MP RAM 8GB Almacenamiento 128GB Capacidad de la bater\u00eda 4100mAh sistema operativo Harmony OS Harmony OS 2\" \/>\n\t\t<meta name=\"twitter:image\" content=\"https:\/\/www.rucashk.com\/wp-content\/uploads\/replace\/503b8e645f128a97ccde2b6290747646.jpeg\" \/>\n\t\t<script type=\"application\/ld+json\" class=\"aioseo-schema\">\n\t\t\t{\"@context\":\"https:\\\/\\\/schema.org\",\"@graph\":[{\"@type\":\"BreadcrumbList\",\"@id\":\"https:\\\/\\\/www.rucashk.com\\\/ru\\\/product\\\/huawei-p50e-smartphone-huawei-p50e-telefono-inteligente\\\/#breadcrumblist\",\"itemListElement\":[{\"@type\":\"ListItem\",\"@id\":\"https:\\\/\\\/www.rucashk.com\\\/ru\\\/#listItem\",\"position\":1,\"name\":\"Home\",\"item\":\"https:\\\/\\\/www.rucashk.com\\\/ru\\\/\",\"nextItem\":\"https:\\\/\\\/www.rucashk.com\\\/ru\\\/product\\\/huawei-p50e-smartphone-huawei-p50e-telefono-inteligente\\\/#listItem\"},{\"@type\":\"ListItem\",\"@id\":\"https:\\\/\\\/www.rucashk.com\\\/ru\\\/product\\\/huawei-p50e-smartphone-huawei-p50e-telefono-inteligente\\\/#listItem\",\"position\":2,\"name\":\"huawei P50E Smartphone | huawei p50e tel\\u00e9fono inteligente\",\"previousItem\":\"https:\\\/\\\/www.rucashk.com\\\/ru\\\/#listItem\"}]},{\"@type\":\"Organization\",\"@id\":\"https:\\\/\\\/www.rucashk.com\\\/ru\\\/#organization\",\"name\":\"Rucas\",\"url\":\"https:\\\/\\\/www.rucashk.com\\\/ru\\\/\",\"logo\":{\"@type\":\"ImageObject\",\"url\":\"https:\\\/\\\/www.rucashk.com\\\/wp-content\\\/uploads\\\/2023\\\/12\\\/Rucas_campany_logo.png\",\"@id\":\"https:\\\/\\\/www.rucashk.com\\\/ru\\\/product\\\/huawei-p50e-smartphone-huawei-p50e-telefono-inteligente\\\/#organizationLogo\",\"width\":221,\"height\":65},\"image\":{\"@id\":\"https:\\\/\\\/www.rucashk.com\\\/ru\\\/#organizationLogo\"}},{\"@type\":\"Person\",\"@id\":\"https:\\\/\\\/www.rucashk.com\\\/ru\\\/author\\\/admin\\\/#author\",\"url\":\"https:\\\/\\\/www.rucashk.com\\\/ru\\\/author\\\/admin\\\/\",\"name\":\"admin\",\"image\":{\"@type\":\"ImageObject\",\"@id\":\"https:\\\/\\\/www.rucashk.com\\\/ru\\\/product\\\/huawei-p50e-smartphone-huawei-p50e-telefono-inteligente\\\/#authorImage\",\"url\":\"https:\\\/\\\/secure.gravatar.com\\\/avatar\\\/b7c8925b09a27e72b30232f8ecaadbd5af0f70a38c78096863fe51b64f031c24?s=96&d=mm&r=g\",\"width\":96,\"height\":96,\"caption\":\"admin\"}},{\"@type\":\"WebPage\",\"@id\":\"https:\\\/\\\/www.rucashk.com\\\/ru\\\/product\\\/huawei-p50e-smartphone-huawei-p50e-telefono-inteligente\\\/#webpage\",\"url\":\"https:\\\/\\\/www.rucashk.com\\\/ru\\\/product\\\/huawei-p50e-smartphone-huawei-p50e-telefono-inteligente\\\/\",\"name\":\"huawei P50E Smartphone | huawei p50e tel\\u00e9fono inteligente - Rucas - Wholesale and Distribution\",\"description\":\"Mostrar 6,50 pulgadas (1224x2700) Procesador Snapdragon 778G de Qualcomm C\\u00e1mara frontal 13MP C\\u00e1mara trasera 50 MP + 13 MP + 12 MP RAM 8GB Almacenamiento 128GB Capacidad de la bater\\u00eda 4100mAh sistema operativo Harmony OS Harmony OS 2\",\"inLanguage\":\"ru-RU\",\"isPartOf\":{\"@id\":\"https:\\\/\\\/www.rucashk.com\\\/ru\\\/#website\"},\"breadcrumb\":{\"@id\":\"https:\\\/\\\/www.rucashk.com\\\/ru\\\/product\\\/huawei-p50e-smartphone-huawei-p50e-telefono-inteligente\\\/#breadcrumblist\"},\"author\":{\"@id\":\"https:\\\/\\\/www.rucashk.com\\\/ru\\\/author\\\/admin\\\/#author\"},\"creator\":{\"@id\":\"https:\\\/\\\/www.rucashk.com\\\/ru\\\/author\\\/admin\\\/#author\"},\"image\":{\"@type\":\"ImageObject\",\"url\":\"https:\\\/\\\/www.rucashk.com\\\/wp-content\\\/uploads\\\/2024\\\/01\\\/gsmarena_001.jpg\",\"@id\":\"https:\\\/\\\/www.rucashk.com\\\/ru\\\/product\\\/huawei-p50e-smartphone-huawei-p50e-telefono-inteligente\\\/#mainImage\",\"width\":640,\"height\":469},\"primaryImageOfPage\":{\"@id\":\"https:\\\/\\\/www.rucashk.com\\\/ru\\\/product\\\/huawei-p50e-smartphone-huawei-p50e-telefono-inteligente\\\/#mainImage\"},\"datePublished\":\"2024-01-09T16:24:08+00:00\",\"dateModified\":\"2024-03-13T12:56:47+00:00\"},{\"@type\":\"WebSite\",\"@id\":\"https:\\\/\\\/www.rucashk.com\\\/ru\\\/#website\",\"url\":\"https:\\\/\\\/www.rucashk.com\\\/ru\\\/\",\"name\":\"Rucas - Wholesale and distribution worldwide\",\"alternateName\":\"Rucas - One-stop AIoT Distribution Worldwide\",\"description\":\"One-stop AIoT Distribution Worldwide\",\"inLanguage\":\"ru-RU\",\"publisher\":{\"@id\":\"https:\\\/\\\/www.rucashk.com\\\/ru\\\/#organization\"}}]}\n\t\t<\/script>\n\t\t<!-- All in One SEO Pro -->\r\n\t\t<title>huawei P50E Smartphone | huawei p50e tel\u00e9fono inteligente - Rucas - Wholesale and Distribution<\/title>\n\n","aioseo_head_json":{"title":"huawei P50E Smartphone | huawei p50e tel\u00e9fono inteligente - Rucas - Wholesale and Distribution","description":"Mostrar 6,50 pulgadas (1224x2700) Procesador Snapdragon 778G de Qualcomm C\u00e1mara frontal 13MP C\u00e1mara trasera 50 MP + 13 MP + 12 MP RAM 8GB Almacenamiento 128GB Capacidad de la bater\u00eda 4100mAh sistema operativo Harmony OS Harmony OS 2","canonical_url":"https:\/\/www.rucashk.com\/ru\/product\/huawei-p50e-smartphone-huawei-p50e-telefono-inteligente\/","robots":"max-image-preview:large","keywords":"","webmasterTools":{"miscellaneous":""},"og:locale":"ru_RU","og:site_name":"Rucas - One-stop AIoT Distribution Worldwide","og:type":"article","og:title":"huawei P50E Smartphone | huawei p50e tel\u00e9fono inteligente - Rucas - Wholesale and Distribution","og:description":"Mostrar 6,50 pulgadas (1224x2700) Procesador Snapdragon 778G de Qualcomm C\u00e1mara frontal 13MP C\u00e1mara trasera 50 MP + 13 MP + 12 MP RAM 8GB Almacenamiento 128GB Capacidad de la bater\u00eda 4100mAh sistema operativo Harmony OS Harmony OS 2","og:url":"https:\/\/www.rucashk.com\/ru\/product\/huawei-p50e-smartphone-huawei-p50e-telefono-inteligente\/","og:image":"https:\/\/www.rucashk.com\/wp-content\/uploads\/replace\/503b8e645f128a97ccde2b6290747646.jpeg","og:image:secure_url":"https:\/\/www.rucashk.com\/wp-content\/uploads\/replace\/503b8e645f128a97ccde2b6290747646.jpeg","og:image:width":1456,"og:image:height":816,"article:published_time":"2024-01-09T16:24:08+00:00","article:modified_time":"2024-03-13T12:56:47+00:00","twitter:card":"summary_large_image","twitter:title":"huawei P50E Smartphone | huawei p50e tel\u00e9fono inteligente - Rucas - Wholesale and Distribution","twitter:description":"Mostrar 6,50 pulgadas (1224x2700) Procesador Snapdragon 778G de Qualcomm C\u00e1mara frontal 13MP C\u00e1mara trasera 50 MP + 13 MP + 12 MP RAM 8GB Almacenamiento 128GB Capacidad de la bater\u00eda 4100mAh sistema operativo Harmony OS Harmony OS 2","twitter:image":"https:\/\/www.rucashk.com\/wp-content\/uploads\/replace\/503b8e645f128a97ccde2b6290747646.jpeg","schema":{"@context":"https:\/\/schema.org","@graph":[{"@type":"BreadcrumbList","@id":"https:\/\/www.rucashk.com\/ru\/product\/huawei-p50e-smartphone-huawei-p50e-telefono-inteligente\/#breadcrumblist","itemListElement":[{"@type":"ListItem","@id":"https:\/\/www.rucashk.com\/ru\/#listItem","position":1,"name":"Home","item":"https:\/\/www.rucashk.com\/ru\/","nextItem":"https:\/\/www.rucashk.com\/ru\/product\/huawei-p50e-smartphone-huawei-p50e-telefono-inteligente\/#listItem"},{"@type":"ListItem","@id":"https:\/\/www.rucashk.com\/ru\/product\/huawei-p50e-smartphone-huawei-p50e-telefono-inteligente\/#listItem","position":2,"name":"huawei P50E Smartphone | huawei p50e tel\u00e9fono inteligente","previousItem":"https:\/\/www.rucashk.com\/ru\/#listItem"}]},{"@type":"Organization","@id":"https:\/\/www.rucashk.com\/ru\/#organization","name":"Rucas","url":"https:\/\/www.rucashk.com\/ru\/","logo":{"@type":"ImageObject","url":"https:\/\/www.rucashk.com\/wp-content\/uploads\/2023\/12\/Rucas_campany_logo.png","@id":"https:\/\/www.rucashk.com\/ru\/product\/huawei-p50e-smartphone-huawei-p50e-telefono-inteligente\/#organizationLogo","width":221,"height":65},"image":{"@id":"https:\/\/www.rucashk.com\/ru\/#organizationLogo"}},{"@type":"Person","@id":"https:\/\/www.rucashk.com\/ru\/author\/admin\/#author","url":"https:\/\/www.rucashk.com\/ru\/author\/admin\/","name":"admin","image":{"@type":"ImageObject","@id":"https:\/\/www.rucashk.com\/ru\/product\/huawei-p50e-smartphone-huawei-p50e-telefono-inteligente\/#authorImage","url":"https:\/\/secure.gravatar.com\/avatar\/b7c8925b09a27e72b30232f8ecaadbd5af0f70a38c78096863fe51b64f031c24?s=96&d=mm&r=g","width":96,"height":96,"caption":"admin"}},{"@type":"WebPage","@id":"https:\/\/www.rucashk.com\/ru\/product\/huawei-p50e-smartphone-huawei-p50e-telefono-inteligente\/#webpage","url":"https:\/\/www.rucashk.com\/ru\/product\/huawei-p50e-smartphone-huawei-p50e-telefono-inteligente\/","name":"huawei P50E Smartphone | huawei p50e tel\u00e9fono inteligente - Rucas - Wholesale and Distribution","description":"Mostrar 6,50 pulgadas (1224x2700) Procesador Snapdragon 778G de Qualcomm C\u00e1mara frontal 13MP C\u00e1mara trasera 50 MP + 13 MP + 12 MP RAM 8GB Almacenamiento 128GB Capacidad de la bater\u00eda 4100mAh sistema operativo Harmony OS Harmony OS 2","inLanguage":"ru-RU","isPartOf":{"@id":"https:\/\/www.rucashk.com\/ru\/#website"},"breadcrumb":{"@id":"https:\/\/www.rucashk.com\/ru\/product\/huawei-p50e-smartphone-huawei-p50e-telefono-inteligente\/#breadcrumblist"},"author":{"@id":"https:\/\/www.rucashk.com\/ru\/author\/admin\/#author"},"creator":{"@id":"https:\/\/www.rucashk.com\/ru\/author\/admin\/#author"},"image":{"@type":"ImageObject","url":"https:\/\/www.rucashk.com\/wp-content\/uploads\/2024\/01\/gsmarena_001.jpg","@id":"https:\/\/www.rucashk.com\/ru\/product\/huawei-p50e-smartphone-huawei-p50e-telefono-inteligente\/#mainImage","width":640,"height":469},"primaryImageOfPage":{"@id":"https:\/\/www.rucashk.com\/ru\/product\/huawei-p50e-smartphone-huawei-p50e-telefono-inteligente\/#mainImage"},"datePublished":"2024-01-09T16:24:08+00:00","dateModified":"2024-03-13T12:56:47+00:00"},{"@type":"WebSite","@id":"https:\/\/www.rucashk.com\/ru\/#website","url":"https:\/\/www.rucashk.com\/ru\/","name":"Rucas - Wholesale and distribution worldwide","alternateName":"Rucas - One-stop AIoT Distribution Worldwide","description":"One-stop AIoT Distribution Worldwide","inLanguage":"ru-RU","publisher":{"@id":"https:\/\/www.rucashk.com\/ru\/#organization"}}]}},"aioseo_meta_data":{"post_id":"26067","title":null,"description":null,"keywords":null,"keyphrases":null,"primary_term":null,"canonical_url":null,"og_title":null,"og_description":null,"og_object_type":"default","og_image_type":"default","og_image_url":null,"og_image_width":null,"og_image_height":null,"og_image_custom_url":null,"og_image_custom_fields":null,"og_video":null,"og_custom_url":null,"og_article_section":null,"og_article_tags":null,"twitter_use_og":false,"twitter_card":"default","twitter_image_type":"default","twitter_image_url":null,"twitter_image_custom_url":null,"twitter_image_custom_fields":null,"twitter_title":null,"twitter_description":null,"schema":{"blockGraphs":[],"customGraphs":[],"default":{"data":{"Article":[],"Course":[],"Dataset":[],"FAQPage":[],"Movie":[],"Person":[],"Product":[],"Recipe":[],"Service":[],"SoftwareApplication":[],"WebPage":[]},"graphName":"","isEnabled":true},"graphs":[]},"schema_type":"default","schema_type_options":null,"pillar_content":false,"robots_default":true,"robots_noindex":false,"robots_noarchive":false,"robots_nosnippet":false,"robots_nofollow":false,"robots_noimageindex":false,"robots_noodp":false,"robots_notranslate":false,"robots_max_snippet":null,"robots_max_videopreview":null,"robots_max_imagepreview":"large","priority":null,"frequency":null,"local_seo":null,"breadcrumb_settings":null,"limit_modified_date":false,"created":"2024-04-11 01:57:20","updated":"2025-06-22 18:09:57"},"aioseo_breadcrumb":"<div class=\"aioseo-breadcrumbs\"><span class=\"aioseo-breadcrumb\">\n\t<a href=\"https:\/\/www.rucashk.com\/ru\" title=\"Home\">Home<\/a>\n<\/span><span class=\"aioseo-breadcrumb-separator\">&raquo;<\/span><span class=\"aioseo-breadcrumb\">\n\t<a href=\"https:\/\/www.rucashk.com\/ru\/products\/\" title=\"\u0422\u043e\u0432\u0430\u0440\u044b\">\u0422\u043e\u0432\u0430\u0440\u044b<\/a>\n<\/span><span class=\"aioseo-breadcrumb-separator\">&raquo;<\/span><span class=\"aioseo-breadcrumb\">\n\t<a href=\"https:\/\/www.rucashk.com\/ru\/product-category\/other-a-brands\/\" title=\"Other A-Brands\">Other A-Brands<\/a>\n<\/span><span class=\"aioseo-breadcrumb-separator\">&raquo;<\/span><span class=\"aioseo-breadcrumb\">\n\t<a href=\"https:\/\/www.rucashk.com\/ru\/product-category\/other-a-brands\/huawei-other-a-brands\/\" title=\"Huawei\">Huawei<\/a>\n<\/span><span class=\"aioseo-breadcrumb-separator\">&raquo;<\/span><span class=\"aioseo-breadcrumb\">\n\thuawei P50E Smartphone | huawei p50e tel\u00e9fono inteligente\n<\/span><\/div>","aioseo_breadcrumb_json":[{"label":"Home","link":"https:\/\/www.rucashk.com\/ru"},{"label":"\u0422\u043e\u0432\u0430\u0440\u044b","link":"https:\/\/www.rucashk.com\/ru\/products\/"},{"label":"Other A-Brands","link":"https:\/\/www.rucashk.com\/ru\/product-category\/other-a-brands\/"},{"label":"Huawei","link":"https:\/\/www.rucashk.com\/ru\/product-category\/other-a-brands\/huawei-other-a-brands\/"},{"label":"huawei P50E Smartphone | huawei p50e tel\u00e9fono inteligente","link":"https:\/\/www.rucashk.com\/ru\/product\/huawei-p50e-smartphone-huawei-p50e-telefono-inteligente\/"}],"_links":{"self":[{"href":"https:\/\/www.rucashk.com\/ru\/wp-json\/wp\/v2\/product\/26067","targetHints":{"allow":["GET"]}}],"collection":[{"href":"https:\/\/www.rucashk.com\/ru\/wp-json\/wp\/v2\/product"}],"about":[{"href":"https:\/\/www.rucashk.com\/ru\/wp-json\/wp\/v2\/types\/product"}],"wp:featuredmedia":[{"embeddable":true,"href":"https:\/\/www.rucashk.com\/ru\/wp-json\/wp\/v2\/media\/26126"}],"wp:attachment":[{"href":"https:\/\/www.rucashk.com\/ru\/wp-json\/wp\/v2\/media?parent=26067"}],"wp:term":[{"taxonomy":"product_brand","embeddable":true,"href":"https:\/\/www.rucashk.com\/ru\/wp-json\/wp\/v2\/product_brand?post=26067"},{"taxonomy":"product_cat","embeddable":true,"href":"https:\/\/www.rucashk.com\/ru\/wp-json\/wp\/v2\/product_cat?post=26067"},{"taxonomy":"product_tag","embeddable":true,"href":"https:\/\/www.rucashk.com\/ru\/wp-json\/wp\/v2\/product_tag?post=26067"}],"curies":[{"name":"wp","href":"https:\/\/api.w.org\/{rel}","templated":true}]}}