{"id":42195,"date":"2024-10-29T16:12:20","date_gmt":"2024-10-29T16:12:20","guid":{"rendered":"https:\/\/www.rucashk.com\/?post_type=product&#038;p=42195"},"modified":"2024-10-29T16:12:25","modified_gmt":"2024-10-29T16:12:25","slug":"mibro-smart-watch-c4","status":"publish","type":"product","link":"https:\/\/www.rucashk.com\/pt\/produto\/mibro-smart-watch-c4\/","title":{"rendered":"Rel\u00f3gio Inteligente Mibro C4"},"content":{"rendered":"<figure id=\"attachment_42221\" aria-describedby=\"caption-attachment-42221\" style=\"width: 2550px\" class=\"wp-caption alignnone\"><img fetchpriority=\"high\" decoding=\"async\" class=\"size-full wp-image-42221\" src=\"\/wp-content\/uploads\/replace\/f4aeb085263d2ab0dad036232bdf1c3c.png\" alt=\"Mibro Smart Watch C4\" width=\"2550\" height=\"1120\" \/><figcaption id=\"caption-attachment-42221\" class=\"wp-caption-text\">#image_title<\/figcaption><\/figure>\n<figure id=\"attachment_42219\" aria-describedby=\"caption-attachment-42219\" style=\"width: 2550px\" class=\"wp-caption alignnone\"><img decoding=\"async\" class=\"size-full wp-image-42219\" src=\"\/wp-content\/uploads\/replace\/455522e5dfddea22a45f6bd7c1cd08bf.png\" alt=\"Mibro Smart Watch C4\" width=\"2550\" height=\"1297\" \/><figcaption id=\"caption-attachment-42219\" class=\"wp-caption-text\">#image_title<\/figcaption><\/figure>\n<figure id=\"attachment_42218\" aria-describedby=\"caption-attachment-42218\" style=\"width: 2550px\" class=\"wp-caption alignnone\"><img decoding=\"async\" class=\"size-full wp-image-42218\" src=\"\/wp-content\/uploads\/replace\/2ead1551e36d99f8f27a92e4ca06f7d8.png\" alt=\"Mibro Smart Watch C4\" width=\"2550\" height=\"1123\" \/><figcaption id=\"caption-attachment-42218\" class=\"wp-caption-text\">#image_title<\/figcaption><\/figure>\n<figure id=\"attachment_42217\" aria-describedby=\"caption-attachment-42217\" style=\"width: 2550px\" class=\"wp-caption alignnone\"><img loading=\"lazy\" decoding=\"async\" class=\"size-full wp-image-42217\" src=\"\/wp-content\/uploads\/replace\/59b7781af6395f96c997b1a257f1668b.png\" alt=\"Mibro Smart Watch C4\" width=\"2550\" height=\"2227\" \/><figcaption id=\"caption-attachment-42217\" class=\"wp-caption-text\">#image_title<\/figcaption><\/figure>\n<figure id=\"attachment_42216\" aria-describedby=\"caption-attachment-42216\" style=\"width: 2550px\" class=\"wp-caption alignnone\"><img loading=\"lazy\" decoding=\"async\" class=\"size-full wp-image-42216\" src=\"\/wp-content\/uploads\/replace\/b8fa470f55ed90dddea5e9ea53ecae29.png\" alt=\"Mibro Smart Watch C4\" width=\"2550\" height=\"2290\" \/><figcaption id=\"caption-attachment-42216\" class=\"wp-caption-text\">#image_title<\/figcaption><\/figure>\n<figure id=\"attachment_42220\" aria-describedby=\"caption-attachment-42220\" style=\"width: 2550px\" class=\"wp-caption alignnone\"><img loading=\"lazy\" decoding=\"async\" class=\"size-full wp-image-42220\" src=\"\/wp-content\/uploads\/replace\/4a234c255cb1e141ce65a62a3827f104.png\" alt=\"Mibro Smart Watch C4\" width=\"2550\" height=\"2235\" \/><figcaption id=\"caption-attachment-42220\" class=\"wp-caption-text\">#image_title<\/figcaption><\/figure>\n<figure id=\"attachment_42222\" aria-describedby=\"caption-attachment-42222\" style=\"width: 2550px\" class=\"wp-caption alignnone\"><img loading=\"lazy\" decoding=\"async\" class=\"size-full wp-image-42222\" src=\"\/wp-content\/uploads\/replace\/3bac4df2a5c8e18beb10342bf19779b3.png\" alt=\"Mibro Smart Watch C4\" width=\"2550\" height=\"2229\" \/><figcaption id=\"caption-attachment-42222\" class=\"wp-caption-text\">#image_title<\/figcaption><\/figure>\n<figure id=\"attachment_42223\" aria-describedby=\"caption-attachment-42223\" style=\"width: 2550px\" class=\"wp-caption alignnone\"><img loading=\"lazy\" decoding=\"async\" class=\"size-full wp-image-42223\" src=\"\/wp-content\/uploads\/replace\/dbfdcb681a7c9571c699adebdc2ceb40.png\" alt=\"Mibro Smart Watch C4\" width=\"2550\" height=\"2221\" \/><figcaption id=\"caption-attachment-42223\" class=\"wp-caption-text\">#image_title<\/figcaption><\/figure>\n<figure id=\"attachment_42224\" aria-describedby=\"caption-attachment-42224\" style=\"width: 2550px\" class=\"wp-caption alignnone\"><img loading=\"lazy\" decoding=\"async\" class=\"size-full wp-image-42224\" src=\"\/wp-content\/uploads\/replace\/af2014283bc210926ba6f2053a8a05f1.png\" alt=\"Mibro Smart Watch C4\" width=\"2550\" height=\"2245\" \/><figcaption id=\"caption-attachment-42224\" class=\"wp-caption-text\">#image_title<\/figcaption><\/figure>","protected":false},"excerpt":{"rendered":"<ul>\n<li><strong>Seu companheiro de sa\u00fade definitivo<\/strong><br \/>\nMonitore sua frequ\u00eancia card\u00edaca, SpO2, sono, sa\u00fade feminina e receba alertas de sa\u00fade em tempo real, n\u00e3o importa onde voc\u00ea esteja.<\/li>\n<li><strong>Explore mais modos de treino<\/strong><br \/>\n\u00c0 prova d&#039;\u00e1gua at\u00e9 2 ATM e projetado para todas as suas necessidades de condicionamento f\u00edsico, com mais de 100 modos esportivos especializados.<\/li>\n<li><strong>Assistente de vida inteligente<\/strong><br \/>\nFique conectado com chamadas da BT, alertas de mensagens de texto, atualiza\u00e7\u00f5es meteorol\u00f3gicas, alarmes e muito mais lembretes para seu dia agitado.<\/li>\n<li><strong>Design ultrafino e elegante<\/strong><br \/>\nApresenta uma tela HD grande de 2,01\u201d com uma taxa de atualiza\u00e7\u00e3o suave de 60 Hz para visuais v\u00edvidos. Apenas 9,8 mm de espessura e 29 g de peso leve, oferecendo o m\u00e1ximo de conforto.<\/li>\n<li><strong>Dura\u00e7\u00e3o da bateria impressionante<\/strong><br \/>\nUp to 10 days of daily use | 45 days in basic mode |<br \/>\n5 hours of music playback | 6 hours of Bluetooth calls.<\/li>\n<\/ul>","protected":false},"featured_media":42235,"template":"","meta":[],"product_brand":[1370],"product_cat":[1308,1305],"product_tag":[523],"class_list":{"0":"post-42195","1":"product","2":"type-product","3":"status-publish","4":"has-post-thumbnail","6":"product_brand-mibro","7":"product_cat-mibro-smartwatch","8":"product_cat-xiaomi-eco","9":"product_tag-smartwatch","11":"first","12":"instock","13":"shipping-taxable","14":"product-type-simple"},"aioseo_notices":[],"aioseo_head":"\n\t\t<!-- All in One SEO Pro 4.5.9.2 - aioseo.com -->\n\t\t<meta name=\"description\" content=\"Your Ultimate Health Companion Track your heart rate, SpO2, sleep, women\u2019s health, and receive real-time health alerts, no matter where you are. Explore More Workout Modes 2ATM waterproof and designed for all your fitness needs with 100+ specialized sport modes. Smart Life Assistant Stay connected with BT calling, text message alerts, weather updates, alarms, and more reminders for your busy day. Stylish Ultra-Slim Design Features a 2.01\u201d large HD screen with a smooth 60Hz refresh rate for vivid visuals. Just 9.8mm thin and 29g light, offering maximum comfort. Impressive Battery Life Up to 10 days of daily use | 45 days in basic mode | 5 hours of music playback | 6 hours of Bluetooth calls.\" \/>\n\t\t<meta name=\"robots\" content=\"max-image-preview:large\" \/>\n\t\t<link rel=\"canonical\" href=\"https:\/\/www.rucashk.com\/pt\/produto\/mibro-smart-watch-c4\/\" \/>\n\t\t<meta name=\"generator\" content=\"All in One SEO Pro (AIOSEO) 4.5.9.2\" \/>\n\t\t<meta property=\"og:locale\" content=\"pt_PT\" \/>\n\t\t<meta property=\"og:site_name\" content=\"Rucas - One-stop AIoT Distribution Worldwide\" \/>\n\t\t<meta property=\"og:type\" content=\"article\" \/>\n\t\t<meta property=\"og:title\" content=\"Mibro Smart Watch C4 - Rucas - Wholesale and Distribution\" \/>\n\t\t<meta property=\"og:description\" content=\"Your Ultimate Health Companion Track your heart rate, SpO2, sleep, women\u2019s health, and receive real-time health alerts, no matter where you are. Explore More Workout Modes 2ATM waterproof and designed for all your fitness needs with 100+ specialized sport modes. Smart Life Assistant Stay connected with BT calling, text message alerts, weather updates, alarms, and more reminders for your busy day. Stylish Ultra-Slim Design Features a 2.01\u201d large HD screen with a smooth 60Hz refresh rate for vivid visuals. Just 9.8mm thin and 29g light, offering maximum comfort. Impressive Battery Life Up to 10 days of daily use | 45 days in basic mode | 5 hours of music playback | 6 hours of Bluetooth calls.\" \/>\n\t\t<meta property=\"og:url\" content=\"https:\/\/www.rucashk.com\/pt\/produto\/mibro-smart-watch-c4\/\" \/>\n\t\t<meta property=\"og:image\" content=\"https:\/\/www.rucashk.com\/wp-content\/uploads\/replace\/503b8e645f128a97ccde2b6290747646.jpeg\" \/>\n\t\t<meta property=\"og:image:secure_url\" content=\"https:\/\/www.rucashk.com\/wp-content\/uploads\/replace\/503b8e645f128a97ccde2b6290747646.jpeg\" \/>\n\t\t<meta property=\"og:image:width\" content=\"1456\" \/>\n\t\t<meta property=\"og:image:height\" content=\"816\" \/>\n\t\t<meta property=\"article:published_time\" content=\"2024-10-29T16:12:20+00:00\" \/>\n\t\t<meta property=\"article:modified_time\" content=\"2024-10-29T16:12:25+00:00\" \/>\n\t\t<meta name=\"twitter:card\" content=\"summary_large_image\" \/>\n\t\t<meta name=\"twitter:title\" content=\"Mibro Smart Watch C4 - Rucas - Wholesale and Distribution\" \/>\n\t\t<meta name=\"twitter:description\" content=\"Your Ultimate Health Companion Track your heart rate, SpO2, sleep, women\u2019s health, and receive real-time health alerts, no matter where you are. Explore More Workout Modes 2ATM waterproof and designed for all your fitness needs with 100+ specialized sport modes. Smart Life Assistant Stay connected with BT calling, text message alerts, weather updates, alarms, and more reminders for your busy day. Stylish Ultra-Slim Design Features a 2.01\u201d large HD screen with a smooth 60Hz refresh rate for vivid visuals. Just 9.8mm thin and 29g light, offering maximum comfort. Impressive Battery Life Up to 10 days of daily use | 45 days in basic mode | 5 hours of music playback | 6 hours of Bluetooth calls.\" \/>\n\t\t<meta name=\"twitter:image\" content=\"https:\/\/www.rucashk.com\/wp-content\/uploads\/replace\/503b8e645f128a97ccde2b6290747646.jpeg\" \/>\n\t\t<script type=\"application\/ld+json\" class=\"aioseo-schema\">\n\t\t\t{\"@context\":\"https:\\\/\\\/schema.org\",\"@graph\":[{\"@type\":\"BreadcrumbList\",\"@id\":\"https:\\\/\\\/www.rucashk.com\\\/pt\\\/produto\\\/mibro-smart-watch-c4\\\/#breadcrumblist\",\"itemListElement\":[{\"@type\":\"ListItem\",\"@id\":\"https:\\\/\\\/www.rucashk.com\\\/pt\\\/#listItem\",\"position\":1,\"name\":\"Home\",\"item\":\"https:\\\/\\\/www.rucashk.com\\\/pt\\\/\",\"nextItem\":\"https:\\\/\\\/www.rucashk.com\\\/pt\\\/produto\\\/mibro-smart-watch-c4\\\/#listItem\"},{\"@type\":\"ListItem\",\"@id\":\"https:\\\/\\\/www.rucashk.com\\\/pt\\\/produto\\\/mibro-smart-watch-c4\\\/#listItem\",\"position\":2,\"name\":\"Mibro Smart Watch C4\",\"previousItem\":\"https:\\\/\\\/www.rucashk.com\\\/pt\\\/#listItem\"}]},{\"@type\":\"Organization\",\"@id\":\"https:\\\/\\\/www.rucashk.com\\\/pt\\\/#organization\",\"name\":\"Rucas\",\"url\":\"https:\\\/\\\/www.rucashk.com\\\/pt\\\/\",\"logo\":{\"@type\":\"ImageObject\",\"url\":\"https:\\\/\\\/www.rucashk.com\\\/wp-content\\\/uploads\\\/2023\\\/12\\\/Rucas_campany_logo.png\",\"@id\":\"https:\\\/\\\/www.rucashk.com\\\/pt\\\/produto\\\/mibro-smart-watch-c4\\\/#organizationLogo\",\"width\":221,\"height\":65},\"image\":{\"@id\":\"https:\\\/\\\/www.rucashk.com\\\/pt\\\/#organizationLogo\"}},{\"@type\":\"Person\",\"@id\":\"https:\\\/\\\/www.rucashk.com\\\/pt\\\/author\\\/admin\\\/#author\",\"url\":\"https:\\\/\\\/www.rucashk.com\\\/pt\\\/author\\\/admin\\\/\",\"name\":\"admin\",\"image\":{\"@type\":\"ImageObject\",\"@id\":\"https:\\\/\\\/www.rucashk.com\\\/pt\\\/produto\\\/mibro-smart-watch-c4\\\/#authorImage\",\"url\":\"https:\\\/\\\/secure.gravatar.com\\\/avatar\\\/b7c8925b09a27e72b30232f8ecaadbd5af0f70a38c78096863fe51b64f031c24?s=96&d=mm&r=g\",\"width\":96,\"height\":96,\"caption\":\"admin\"}},{\"@type\":\"WebPage\",\"@id\":\"https:\\\/\\\/www.rucashk.com\\\/pt\\\/produto\\\/mibro-smart-watch-c4\\\/#webpage\",\"url\":\"https:\\\/\\\/www.rucashk.com\\\/pt\\\/produto\\\/mibro-smart-watch-c4\\\/\",\"name\":\"Mibro Smart Watch C4 - Rucas - Wholesale and Distribution\",\"description\":\"Your Ultimate Health Companion Track your heart rate, SpO2, sleep, women\\u2019s health, and receive real-time health alerts, no matter where you are. Explore More Workout Modes 2ATM waterproof and designed for all your fitness needs with 100+ specialized sport modes. Smart Life Assistant Stay connected with BT calling, text message alerts, weather updates, alarms, and more reminders for your busy day. Stylish Ultra-Slim Design Features a 2.01\\u201d large HD screen with a smooth 60Hz refresh rate for vivid visuals. Just 9.8mm thin and 29g light, offering maximum comfort. Impressive Battery Life Up to 10 days of daily use | 45 days in basic mode | 5 hours of music playback | 6 hours of Bluetooth calls.\",\"inLanguage\":\"pt-PT\",\"isPartOf\":{\"@id\":\"https:\\\/\\\/www.rucashk.com\\\/pt\\\/#website\"},\"breadcrumb\":{\"@id\":\"https:\\\/\\\/www.rucashk.com\\\/pt\\\/produto\\\/mibro-smart-watch-c4\\\/#breadcrumblist\"},\"author\":{\"@id\":\"https:\\\/\\\/www.rucashk.com\\\/pt\\\/author\\\/admin\\\/#author\"},\"creator\":{\"@id\":\"https:\\\/\\\/www.rucashk.com\\\/pt\\\/author\\\/admin\\\/#author\"},\"image\":{\"@type\":\"ImageObject\",\"url\":\"https:\\\/\\\/www.rucashk.com\\\/wp-content\\\/uploads\\\/2024\\\/10\\\/15cc86c0-c7e9-41b6-869c-50bf52498378.png\",\"@id\":\"https:\\\/\\\/www.rucashk.com\\\/pt\\\/produto\\\/mibro-smart-watch-c4\\\/#mainImage\",\"width\":1600,\"height\":1600},\"primaryImageOfPage\":{\"@id\":\"https:\\\/\\\/www.rucashk.com\\\/pt\\\/produto\\\/mibro-smart-watch-c4\\\/#mainImage\"},\"datePublished\":\"2024-10-29T16:12:20+00:00\",\"dateModified\":\"2024-10-29T16:12:25+00:00\"},{\"@type\":\"WebSite\",\"@id\":\"https:\\\/\\\/www.rucashk.com\\\/pt\\\/#website\",\"url\":\"https:\\\/\\\/www.rucashk.com\\\/pt\\\/\",\"name\":\"Rucas - Wholesale and distribution worldwide\",\"alternateName\":\"Rucas - One-stop AIoT Distribution Worldwide\",\"description\":\"One-stop AIoT Distribution Worldwide\",\"inLanguage\":\"pt-PT\",\"publisher\":{\"@id\":\"https:\\\/\\\/www.rucashk.com\\\/pt\\\/#organization\"}}]}\n\t\t<\/script>\n\t\t<!-- All in One SEO Pro -->\r\n\t\t<title>Mibro Smart Watch C4 - Rucas - Wholesale and Distribution<\/title>\n\n","aioseo_head_json":{"title":"Mibro Smart Watch C4 - Rucas - Wholesale and Distribution","description":"Your Ultimate Health Companion Track your heart rate, SpO2, sleep, women\u2019s health, and receive real-time health alerts, no matter where you are. Explore More Workout Modes 2ATM waterproof and designed for all your fitness needs with 100+ specialized sport modes. Smart Life Assistant Stay connected with BT calling, text message alerts, weather updates, alarms, and more reminders for your busy day. Stylish Ultra-Slim Design Features a 2.01\u201d large HD screen with a smooth 60Hz refresh rate for vivid visuals. Just 9.8mm thin and 29g light, offering maximum comfort. Impressive Battery Life Up to 10 days of daily use | 45 days in basic mode | 5 hours of music playback | 6 hours of Bluetooth calls.","canonical_url":"https:\/\/www.rucashk.com\/pt\/produto\/mibro-smart-watch-c4\/","robots":"max-image-preview:large","keywords":"","webmasterTools":{"miscellaneous":""},"og:locale":"pt_PT","og:site_name":"Rucas - One-stop AIoT Distribution Worldwide","og:type":"article","og:title":"Mibro Smart Watch C4 - Rucas - Wholesale and Distribution","og:description":"Your Ultimate Health Companion Track your heart rate, SpO2, sleep, women\u2019s health, and receive real-time health alerts, no matter where you are. Explore More Workout Modes 2ATM waterproof and designed for all your fitness needs with 100+ specialized sport modes. Smart Life Assistant Stay connected with BT calling, text message alerts, weather updates, alarms, and more reminders for your busy day. Stylish Ultra-Slim Design Features a 2.01\u201d large HD screen with a smooth 60Hz refresh rate for vivid visuals. Just 9.8mm thin and 29g light, offering maximum comfort. Impressive Battery Life Up to 10 days of daily use | 45 days in basic mode | 5 hours of music playback | 6 hours of Bluetooth calls.","og:url":"https:\/\/www.rucashk.com\/pt\/produto\/mibro-smart-watch-c4\/","og:image":"https:\/\/www.rucashk.com\/wp-content\/uploads\/replace\/503b8e645f128a97ccde2b6290747646.jpeg","og:image:secure_url":"https:\/\/www.rucashk.com\/wp-content\/uploads\/replace\/503b8e645f128a97ccde2b6290747646.jpeg","og:image:width":1456,"og:image:height":816,"article:published_time":"2024-10-29T16:12:20+00:00","article:modified_time":"2024-10-29T16:12:25+00:00","twitter:card":"summary_large_image","twitter:title":"Mibro Smart Watch C4 - Rucas - Wholesale and Distribution","twitter:description":"Your Ultimate Health Companion Track your heart rate, SpO2, sleep, women\u2019s health, and receive real-time health alerts, no matter where you are. Explore More Workout Modes 2ATM waterproof and designed for all your fitness needs with 100+ specialized sport modes. Smart Life Assistant Stay connected with BT calling, text message alerts, weather updates, alarms, and more reminders for your busy day. Stylish Ultra-Slim Design Features a 2.01\u201d large HD screen with a smooth 60Hz refresh rate for vivid visuals. Just 9.8mm thin and 29g light, offering maximum comfort. Impressive Battery Life Up to 10 days of daily use | 45 days in basic mode | 5 hours of music playback | 6 hours of Bluetooth calls.","twitter:image":"https:\/\/www.rucashk.com\/wp-content\/uploads\/replace\/503b8e645f128a97ccde2b6290747646.jpeg","schema":{"@context":"https:\/\/schema.org","@graph":[{"@type":"BreadcrumbList","@id":"https:\/\/www.rucashk.com\/pt\/produto\/mibro-smart-watch-c4\/#breadcrumblist","itemListElement":[{"@type":"ListItem","@id":"https:\/\/www.rucashk.com\/pt\/#listItem","position":1,"name":"Home","item":"https:\/\/www.rucashk.com\/pt\/","nextItem":"https:\/\/www.rucashk.com\/pt\/produto\/mibro-smart-watch-c4\/#listItem"},{"@type":"ListItem","@id":"https:\/\/www.rucashk.com\/pt\/produto\/mibro-smart-watch-c4\/#listItem","position":2,"name":"Mibro Smart Watch C4","previousItem":"https:\/\/www.rucashk.com\/pt\/#listItem"}]},{"@type":"Organization","@id":"https:\/\/www.rucashk.com\/pt\/#organization","name":"Rucas","url":"https:\/\/www.rucashk.com\/pt\/","logo":{"@type":"ImageObject","url":"https:\/\/www.rucashk.com\/wp-content\/uploads\/2023\/12\/Rucas_campany_logo.png","@id":"https:\/\/www.rucashk.com\/pt\/produto\/mibro-smart-watch-c4\/#organizationLogo","width":221,"height":65},"image":{"@id":"https:\/\/www.rucashk.com\/pt\/#organizationLogo"}},{"@type":"Person","@id":"https:\/\/www.rucashk.com\/pt\/author\/admin\/#author","url":"https:\/\/www.rucashk.com\/pt\/author\/admin\/","name":"admin","image":{"@type":"ImageObject","@id":"https:\/\/www.rucashk.com\/pt\/produto\/mibro-smart-watch-c4\/#authorImage","url":"https:\/\/secure.gravatar.com\/avatar\/b7c8925b09a27e72b30232f8ecaadbd5af0f70a38c78096863fe51b64f031c24?s=96&d=mm&r=g","width":96,"height":96,"caption":"admin"}},{"@type":"WebPage","@id":"https:\/\/www.rucashk.com\/pt\/produto\/mibro-smart-watch-c4\/#webpage","url":"https:\/\/www.rucashk.com\/pt\/produto\/mibro-smart-watch-c4\/","name":"Mibro Smart Watch C4 - Rucas - Wholesale and Distribution","description":"Your Ultimate Health Companion Track your heart rate, SpO2, sleep, women\u2019s health, and receive real-time health alerts, no matter where you are. Explore More Workout Modes 2ATM waterproof and designed for all your fitness needs with 100+ specialized sport modes. Smart Life Assistant Stay connected with BT calling, text message alerts, weather updates, alarms, and more reminders for your busy day. Stylish Ultra-Slim Design Features a 2.01\u201d large HD screen with a smooth 60Hz refresh rate for vivid visuals. Just 9.8mm thin and 29g light, offering maximum comfort. Impressive Battery Life Up to 10 days of daily use | 45 days in basic mode | 5 hours of music playback | 6 hours of Bluetooth calls.","inLanguage":"pt-PT","isPartOf":{"@id":"https:\/\/www.rucashk.com\/pt\/#website"},"breadcrumb":{"@id":"https:\/\/www.rucashk.com\/pt\/produto\/mibro-smart-watch-c4\/#breadcrumblist"},"author":{"@id":"https:\/\/www.rucashk.com\/pt\/author\/admin\/#author"},"creator":{"@id":"https:\/\/www.rucashk.com\/pt\/author\/admin\/#author"},"image":{"@type":"ImageObject","url":"https:\/\/www.rucashk.com\/wp-content\/uploads\/2024\/10\/15cc86c0-c7e9-41b6-869c-50bf52498378.png","@id":"https:\/\/www.rucashk.com\/pt\/produto\/mibro-smart-watch-c4\/#mainImage","width":1600,"height":1600},"primaryImageOfPage":{"@id":"https:\/\/www.rucashk.com\/pt\/produto\/mibro-smart-watch-c4\/#mainImage"},"datePublished":"2024-10-29T16:12:20+00:00","dateModified":"2024-10-29T16:12:25+00:00"},{"@type":"WebSite","@id":"https:\/\/www.rucashk.com\/pt\/#website","url":"https:\/\/www.rucashk.com\/pt\/","name":"Rucas - Wholesale and distribution worldwide","alternateName":"Rucas - One-stop AIoT Distribution Worldwide","description":"One-stop AIoT Distribution Worldwide","inLanguage":"pt-PT","publisher":{"@id":"https:\/\/www.rucashk.com\/pt\/#organization"}}]}},"aioseo_meta_data":{"post_id":"42195","title":null,"description":null,"keywords":"[]","keyphrases":"{\"focus\":{\"keyphrase\":\"\",\"score\":0,\"analysis\":{\"keyphraseInTitle\":{\"score\":0,\"maxScore\":9,\"error\":1}}},\"additional\":[]}","primary_term":null,"canonical_url":null,"og_title":null,"og_description":null,"og_object_type":"default","og_image_type":"default","og_image_url":null,"og_image_width":null,"og_image_height":null,"og_image_custom_url":null,"og_image_custom_fields":null,"og_video":"","og_custom_url":null,"og_article_section":null,"og_article_tags":"[]","twitter_use_og":false,"twitter_card":"default","twitter_image_type":"default","twitter_image_url":null,"twitter_image_custom_url":null,"twitter_image_custom_fields":null,"twitter_title":null,"twitter_description":null,"schema":{"blockGraphs":[],"customGraphs":[],"default":{"data":{"Article":[],"Course":[],"Dataset":[],"FAQPage":[],"Movie":[],"Person":[],"Product":[],"Recipe":[],"Service":[],"SoftwareApplication":[],"WebPage":[]},"graphName":"Product","isEnabled":true},"graphs":[]},"schema_type":"default","schema_type_options":null,"pillar_content":false,"robots_default":true,"robots_noindex":false,"robots_noarchive":false,"robots_nosnippet":false,"robots_nofollow":false,"robots_noimageindex":false,"robots_noodp":false,"robots_notranslate":false,"robots_max_snippet":"-1","robots_max_videopreview":"-1","robots_max_imagepreview":"large","priority":null,"frequency":"default","local_seo":null,"breadcrumb_settings":null,"limit_modified_date":false,"created":"2024-10-29 15:57:40","updated":"2025-06-22 18:57:55"},"aioseo_breadcrumb":"<div class=\"aioseo-breadcrumbs\"><span class=\"aioseo-breadcrumb\">\n\t<a href=\"https:\/\/www.rucashk.com\/pt\" title=\"Home\">Home<\/a>\n<\/span><span class=\"aioseo-breadcrumb-separator\">&raquo;<\/span><span class=\"aioseo-breadcrumb\">\n\t<a href=\"https:\/\/www.rucashk.com\/pt\/products\/\" title=\"Produtos\">Produtos<\/a>\n<\/span><span class=\"aioseo-breadcrumb-separator\">&raquo;<\/span><span class=\"aioseo-breadcrumb\">\n\t<a href=\"https:\/\/www.rucashk.com\/pt\/marca\/mibro\/\" title=\"Mibro\">Mibro<\/a>\n<\/span><span class=\"aioseo-breadcrumb-separator\">&raquo;<\/span><span class=\"aioseo-breadcrumb\">\n\tMibro Smart Watch C4\n<\/span><\/div>","aioseo_breadcrumb_json":[{"label":"Home","link":"https:\/\/www.rucashk.com\/pt"},{"label":"Produtos","link":"https:\/\/www.rucashk.com\/pt\/products\/"},{"label":"Mibro","link":"https:\/\/www.rucashk.com\/pt\/marca\/mibro\/"},{"label":"Mibro Smart Watch C4","link":"https:\/\/www.rucashk.com\/pt\/produto\/mibro-smart-watch-c4\/"}],"_links":{"self":[{"href":"https:\/\/www.rucashk.com\/pt\/wp-json\/wp\/v2\/product\/42195","targetHints":{"allow":["GET"]}}],"collection":[{"href":"https:\/\/www.rucashk.com\/pt\/wp-json\/wp\/v2\/product"}],"about":[{"href":"https:\/\/www.rucashk.com\/pt\/wp-json\/wp\/v2\/types\/product"}],"wp:featuredmedia":[{"embeddable":true,"href":"https:\/\/www.rucashk.com\/pt\/wp-json\/wp\/v2\/media\/42235"}],"wp:attachment":[{"href":"https:\/\/www.rucashk.com\/pt\/wp-json\/wp\/v2\/media?parent=42195"}],"wp:term":[{"taxonomy":"product_brand","embeddable":true,"href":"https:\/\/www.rucashk.com\/pt\/wp-json\/wp\/v2\/product_brand?post=42195"},{"taxonomy":"product_cat","embeddable":true,"href":"https:\/\/www.rucashk.com\/pt\/wp-json\/wp\/v2\/product_cat?post=42195"},{"taxonomy":"product_tag","embeddable":true,"href":"https:\/\/www.rucashk.com\/pt\/wp-json\/wp\/v2\/product_tag?post=42195"}],"curies":[{"name":"wp","href":"https:\/\/api.w.org\/{rel}","templated":true}]}}