{"id":41689,"date":"2024-07-25T13:51:50","date_gmt":"2024-07-25T13:51:50","guid":{"rendered":"https:\/\/www.rucashk.com\/?post_type=product&#038;p=41689"},"modified":"2024-07-25T13:51:55","modified_gmt":"2024-07-25T13:51:55","slug":"xiaomi-mix-flip-foldable-smartphone","status":"publish","type":"product","link":"https:\/\/www.rucashk.com\/pt\/produto\/xiaomi-mix-flip-foldable-smartphone\/","title":{"rendered":"Xiaomi Mix Flip \u2013 Smartphone Dobr\u00e1vel"},"content":{"rendered":"<figure id=\"attachment_41699\" aria-describedby=\"caption-attachment-41699\" style=\"width: 2550px\" class=\"wp-caption alignnone\"><img fetchpriority=\"high\" decoding=\"async\" class=\"size-full wp-image-41699\" src=\"\/wp-content\/uploads\/replace\/dabd0c9a4144240cd6e0c7883107193c.png\" alt=\"Xiaomi Mix Flip - Foldable Smartphone\" width=\"2550\" height=\"2692\" \/><figcaption id=\"caption-attachment-41699\" class=\"wp-caption-text\">#image_title<\/figcaption><\/figure>\n<figure id=\"attachment_41698\" aria-describedby=\"caption-attachment-41698\" style=\"width: 2550px\" class=\"wp-caption alignnone\"><img decoding=\"async\" class=\"size-full wp-image-41698\" src=\"\/wp-content\/uploads\/replace\/cefa4c2b0916028b36e6a20c21dbccdd.png\" alt=\"Xiaomi Mix Flip - Foldable Smartphone\" width=\"2550\" height=\"2520\" \/><figcaption id=\"caption-attachment-41698\" class=\"wp-caption-text\">#image_title<\/figcaption><\/figure>\n<figure id=\"attachment_41697\" aria-describedby=\"caption-attachment-41697\" style=\"width: 2550px\" class=\"wp-caption alignnone\"><img decoding=\"async\" class=\"size-full wp-image-41697\" src=\"\/wp-content\/uploads\/replace\/a327b755f57ff6a3469dc32fb47df8d5.png\" alt=\"Xiaomi Mix Flip - Foldable Smartphone\" width=\"2550\" height=\"2913\" \/><figcaption id=\"caption-attachment-41697\" class=\"wp-caption-text\">#image_title<\/figcaption><\/figure>\n<figure id=\"attachment_41696\" aria-describedby=\"caption-attachment-41696\" style=\"width: 2550px\" class=\"wp-caption alignnone\"><img loading=\"lazy\" decoding=\"async\" class=\"size-full wp-image-41696\" src=\"\/wp-content\/uploads\/replace\/51f66a0b1f46462019a1f717dd08792a.png\" alt=\"Xiaomi Mix Flip - Foldable Smartphone\" width=\"2550\" height=\"2616\" \/><figcaption id=\"caption-attachment-41696\" class=\"wp-caption-text\">#image_title<\/figcaption><\/figure>\n<figure id=\"attachment_41695\" aria-describedby=\"caption-attachment-41695\" style=\"width: 2550px\" class=\"wp-caption alignnone\"><img loading=\"lazy\" decoding=\"async\" class=\"size-full wp-image-41695\" src=\"\/wp-content\/uploads\/replace\/1204f9188211398c876f1eacc57ace25.png\" alt=\"Xiaomi Mix Flip - Foldable Smartphone\" width=\"2550\" height=\"2589\" \/><figcaption id=\"caption-attachment-41695\" class=\"wp-caption-text\">#image_title<\/figcaption><\/figure>\n<figure id=\"attachment_41694\" aria-describedby=\"caption-attachment-41694\" style=\"width: 2550px\" class=\"wp-caption alignnone\"><img loading=\"lazy\" decoding=\"async\" class=\"size-full wp-image-41694\" src=\"\/wp-content\/uploads\/replace\/154a5424bd3025010ab9a9299ff58da0.png\" alt=\"Xiaomi Mix Flip - Foldable Smartphone\" width=\"2550\" height=\"2460\" \/><figcaption id=\"caption-attachment-41694\" class=\"wp-caption-text\">#image_title<\/figcaption><\/figure>\n<figure id=\"attachment_41693\" aria-describedby=\"caption-attachment-41693\" style=\"width: 2550px\" class=\"wp-caption alignnone\"><img loading=\"lazy\" decoding=\"async\" class=\"size-full wp-image-41693\" src=\"\/wp-content\/uploads\/replace\/8a47e2a24fa427a438e52d2b67981b99.png\" alt=\"Xiaomi Mix Flip - Foldable Smartphone\" width=\"2550\" height=\"2821\" \/><figcaption id=\"caption-attachment-41693\" class=\"wp-caption-text\">#image_title<\/figcaption><\/figure>\n<figure id=\"attachment_41692\" aria-describedby=\"caption-attachment-41692\" style=\"width: 2550px\" class=\"wp-caption alignnone\"><img loading=\"lazy\" decoding=\"async\" class=\"size-full wp-image-41692\" src=\"\/wp-content\/uploads\/replace\/da4fd3d6998e9c55ae76e70ba6e407b4.png\" alt=\"Xiaomi Mix Flip - Foldable Smartphone\" width=\"2550\" height=\"1504\" \/><figcaption id=\"caption-attachment-41692\" class=\"wp-caption-text\">#image_title<\/figcaption><\/figure>\n<figure id=\"attachment_41691\" aria-describedby=\"caption-attachment-41691\" style=\"width: 2550px\" class=\"wp-caption alignnone\"><img loading=\"lazy\" decoding=\"async\" class=\"size-full wp-image-41691\" src=\"\/wp-content\/uploads\/replace\/705c48adc635eb160252b67819f521c0.png\" alt=\"Xiaomi Mix Flip - Foldable Smartphone\" width=\"2550\" height=\"2737\" \/><figcaption id=\"caption-attachment-41691\" class=\"wp-caption-text\">#image_title<\/figcaption><\/figure>\n<figure id=\"attachment_41690\" aria-describedby=\"caption-attachment-41690\" style=\"width: 2550px\" class=\"wp-caption alignnone\"><img loading=\"lazy\" decoding=\"async\" class=\"size-full wp-image-41690\" src=\"\/wp-content\/uploads\/replace\/5552519ae71096806936b086735d23e3.png\" alt=\"Xiaomi Mix Flip - Foldable Smartphone\" width=\"2550\" height=\"3036\" \/><figcaption id=\"caption-attachment-41690\" class=\"wp-caption-text\">#image_title<\/figcaption><\/figure>\n<p>O Xiaomi MIX Fold 4 alcan\u00e7ou v\u00e1rios avan\u00e7os tecnol\u00f3gicos nos processos de fabrica\u00e7\u00e3o. O design inovador da placa-m\u00e3e de tr\u00eas camadas e cinco superf\u00edcies, combinado com a tecnologia de pulveriza\u00e7\u00e3o de estanho em grandes \u00e1reas, proporciona soldagem de alta precis\u00e3o, melhorando significativamente a estabilidade e a confiabilidade do circuito. Al\u00e9m disso, pela primeira vez, a aplica\u00e7\u00e3o da tecnologia de bateria de formato tridimensional e do processo de empilhamento tridimensional utiliza espa\u00e7o irregular na \u00e1rea de embalagem COP da placa-m\u00e3e, aumentando a capacidade da bateria de 260mAh para 5100mAh. Esses processos de fabrica\u00e7\u00e3o precisos avan\u00e7am a tecnologia de fabrica\u00e7\u00e3o e proporcionam aos usu\u00e1rios uma experi\u00eancia de vida \u00fatil da bateria mais duradoura.<\/p>\n<p>Apresentando a mais recente plataforma m\u00f3vel Snapdragon\u00ae 8 Gen 3 e um inovador sistema de refrigera\u00e7\u00e3o 3D, o sistema de refrigera\u00e7\u00e3o de grande \u00e1rea mede 11.912 mil\u00edmetros quadrados.<\/p>\n<p>Em termos de bateria, a bateria de alta capacidade de 5.100mAh possui tecnologia de \u00e2nodo de sil\u00edcio-carbono de nova gera\u00e7\u00e3o, aumentando a densidade de energia. O sistema de gerenciamento de bateria Xiaomi Surge autodesenvolvido controla os processos de carga e descarga, prolongando efetivamente a vida \u00fatil da bateria, enquanto o carregamento com fio de 67 W e o carregamento sem fio de 50 W equilibram o carregamento r\u00e1pido com a sa\u00fade da bateria. O material luminoso E7 de nova gera\u00e7\u00e3o e a tecnologia Pol-less Plus oferecem baixo consumo de energia pelo display, ajudando os usu\u00e1rios a aliviar a ansiedade da bateria.<\/p>\n<p>O Xiaomi MIX Fold 4 vem com dois monitores principais de primeira linha. A tela interna possui um painel Samsung E7 LTPO de 7,98 polegadas com resolu\u00e7\u00e3o de 2488\u00d72244, suportando uma taxa de atualiza\u00e7\u00e3o adaptativa de 1-120 Hz e HDR10+ para efeitos visuais incompar\u00e1veis. A tela externa \u00e9 um painel C8 + de 6,56 polegadas com resolu\u00e7\u00e3o de 2520 \u00d7 1080, que tamb\u00e9m suporta uma alta taxa de atualiza\u00e7\u00e3o de 120 Hz e uma tela com gama de cores P3.<\/p>\n<p>O Xiaomi MIX Fold 4 apresenta um sistema \u00f3ptico de quatro c\u00e2meras Leica que cobre todas as dist\u00e2ncias focais. Apesar do dispositivo ser mais fino e leve, as suas capacidades de imagem foram significativamente melhoradas. A c\u00e2mera principal usa um novo sensor Light Fusion 800 de alta faixa din\u00e2mica de 50 MP.<\/p>","protected":false},"excerpt":{"rendered":"<p>Xiaomi Mix Flip, um smartphone dobr\u00e1vel que redefine os limites da tecnologia e do design. O Mix Flip n\u00e3o \u00e9 apenas um telefone; \u00e9 uma porta de entrada para um mundo de possibilidades infinitas, oferecendo desempenho inigual\u00e1vel, recursos inovadores e um fator de forma que se adapta ao seu estilo de vida.<\/p>","protected":false},"featured_media":41716,"template":"","meta":[],"product_brand":[1363],"product_cat":[1295,1296],"product_tag":[1137],"class_list":{"0":"post-41689","1":"product","2":"type-product","3":"status-publish","4":"has-post-thumbnail","6":"product_brand-xiaomi","7":"product_cat-mobile-phone","8":"product_cat-xiaomi-mobile-phone","9":"product_tag-smartphone","11":"first","12":"instock","13":"shipping-taxable","14":"product-type-simple"},"aioseo_notices":[],"aioseo_head":"\n\t\t<!-- All in One SEO Pro 4.5.9.2 - aioseo.com -->\n\t\t<meta name=\"description\" content=\"Xiaomi Mix Flip, a foldable smartphone that redefines the boundaries of technology and design. The Mix Flip is not just a phone; it&#039;s a gateway to a world of endless possibilities, offering unmatched performance, innovative features, and a form factor that adapts to your lifestyle.\" \/>\n\t\t<meta name=\"robots\" content=\"max-image-preview:large\" \/>\n\t\t<link rel=\"canonical\" href=\"https:\/\/www.rucashk.com\/pt\/produto\/xiaomi-mix-flip-foldable-smartphone\/\" \/>\n\t\t<meta name=\"generator\" content=\"All in One SEO Pro (AIOSEO) 4.5.9.2\" \/>\n\t\t<meta property=\"og:locale\" content=\"pt_PT\" \/>\n\t\t<meta property=\"og:site_name\" content=\"Rucas - One-stop AIoT Distribution Worldwide\" \/>\n\t\t<meta property=\"og:type\" content=\"article\" \/>\n\t\t<meta property=\"og:title\" content=\"Xiaomi Mix Flip \u2013 Foldable Smartphone - Rucas - Wholesale and Distribution\" \/>\n\t\t<meta property=\"og:description\" content=\"Xiaomi Mix Flip, a foldable smartphone that redefines the boundaries of technology and design. The Mix Flip is not just a phone; it&#039;s a gateway to a world of endless possibilities, offering unmatched performance, innovative features, and a form factor that adapts to your lifestyle.\" \/>\n\t\t<meta property=\"og:url\" content=\"https:\/\/www.rucashk.com\/pt\/produto\/xiaomi-mix-flip-foldable-smartphone\/\" \/>\n\t\t<meta property=\"og:image\" content=\"https:\/\/www.rucashk.com\/wp-content\/uploads\/replace\/503b8e645f128a97ccde2b6290747646.jpeg\" \/>\n\t\t<meta property=\"og:image:secure_url\" content=\"https:\/\/www.rucashk.com\/wp-content\/uploads\/replace\/503b8e645f128a97ccde2b6290747646.jpeg\" \/>\n\t\t<meta property=\"og:image:width\" content=\"1456\" \/>\n\t\t<meta property=\"og:image:height\" content=\"816\" \/>\n\t\t<meta property=\"article:published_time\" content=\"2024-07-25T13:51:50+00:00\" \/>\n\t\t<meta property=\"article:modified_time\" content=\"2024-07-25T13:51:55+00:00\" \/>\n\t\t<meta name=\"twitter:card\" content=\"summary_large_image\" \/>\n\t\t<meta name=\"twitter:title\" content=\"Xiaomi Mix Flip \u2013 Foldable Smartphone - Rucas - Wholesale and Distribution\" \/>\n\t\t<meta name=\"twitter:description\" content=\"Xiaomi Mix Flip, a foldable smartphone that redefines the boundaries of technology and design. The Mix Flip is not just a phone; it&#039;s a gateway to a world of endless possibilities, offering unmatched performance, innovative features, and a form factor that adapts to your lifestyle.\" \/>\n\t\t<meta name=\"twitter:image\" content=\"https:\/\/www.rucashk.com\/wp-content\/uploads\/replace\/503b8e645f128a97ccde2b6290747646.jpeg\" \/>\n\t\t<script type=\"application\/ld+json\" class=\"aioseo-schema\">\n\t\t\t{\"@context\":\"https:\\\/\\\/schema.org\",\"@graph\":[{\"@type\":\"BreadcrumbList\",\"@id\":\"https:\\\/\\\/www.rucashk.com\\\/pt\\\/produto\\\/xiaomi-mix-flip-foldable-smartphone\\\/#breadcrumblist\",\"itemListElement\":[{\"@type\":\"ListItem\",\"@id\":\"https:\\\/\\\/www.rucashk.com\\\/pt\\\/#listItem\",\"position\":1,\"name\":\"Home\",\"item\":\"https:\\\/\\\/www.rucashk.com\\\/pt\\\/\",\"nextItem\":\"https:\\\/\\\/www.rucashk.com\\\/pt\\\/produto\\\/xiaomi-mix-flip-foldable-smartphone\\\/#listItem\"},{\"@type\":\"ListItem\",\"@id\":\"https:\\\/\\\/www.rucashk.com\\\/pt\\\/produto\\\/xiaomi-mix-flip-foldable-smartphone\\\/#listItem\",\"position\":2,\"name\":\"Xiaomi Mix Flip - Foldable Smartphone\",\"previousItem\":\"https:\\\/\\\/www.rucashk.com\\\/pt\\\/#listItem\"}]},{\"@type\":\"Organization\",\"@id\":\"https:\\\/\\\/www.rucashk.com\\\/pt\\\/#organization\",\"name\":\"Rucas\",\"url\":\"https:\\\/\\\/www.rucashk.com\\\/pt\\\/\",\"logo\":{\"@type\":\"ImageObject\",\"url\":\"https:\\\/\\\/www.rucashk.com\\\/wp-content\\\/uploads\\\/2023\\\/12\\\/Rucas_campany_logo.png\",\"@id\":\"https:\\\/\\\/www.rucashk.com\\\/pt\\\/produto\\\/xiaomi-mix-flip-foldable-smartphone\\\/#organizationLogo\",\"width\":221,\"height\":65},\"image\":{\"@id\":\"https:\\\/\\\/www.rucashk.com\\\/pt\\\/#organizationLogo\"}},{\"@type\":\"Person\",\"@id\":\"https:\\\/\\\/www.rucashk.com\\\/pt\\\/author\\\/admin\\\/#author\",\"url\":\"https:\\\/\\\/www.rucashk.com\\\/pt\\\/author\\\/admin\\\/\",\"name\":\"admin\",\"image\":{\"@type\":\"ImageObject\",\"@id\":\"https:\\\/\\\/www.rucashk.com\\\/pt\\\/produto\\\/xiaomi-mix-flip-foldable-smartphone\\\/#authorImage\",\"url\":\"https:\\\/\\\/secure.gravatar.com\\\/avatar\\\/b7c8925b09a27e72b30232f8ecaadbd5af0f70a38c78096863fe51b64f031c24?s=96&d=mm&r=g\",\"width\":96,\"height\":96,\"caption\":\"admin\"}},{\"@type\":\"WebPage\",\"@id\":\"https:\\\/\\\/www.rucashk.com\\\/pt\\\/produto\\\/xiaomi-mix-flip-foldable-smartphone\\\/#webpage\",\"url\":\"https:\\\/\\\/www.rucashk.com\\\/pt\\\/produto\\\/xiaomi-mix-flip-foldable-smartphone\\\/\",\"name\":\"Xiaomi Mix Flip \\u2013 Foldable Smartphone - Rucas - Wholesale and Distribution\",\"description\":\"Xiaomi Mix Flip, a foldable smartphone that redefines the boundaries of technology and design. The Mix Flip is not just a phone; it's a gateway to a world of endless possibilities, offering unmatched performance, innovative features, and a form factor that adapts to your lifestyle.\",\"inLanguage\":\"pt-PT\",\"isPartOf\":{\"@id\":\"https:\\\/\\\/www.rucashk.com\\\/pt\\\/#website\"},\"breadcrumb\":{\"@id\":\"https:\\\/\\\/www.rucashk.com\\\/pt\\\/produto\\\/xiaomi-mix-flip-foldable-smartphone\\\/#breadcrumblist\"},\"author\":{\"@id\":\"https:\\\/\\\/www.rucashk.com\\\/pt\\\/author\\\/admin\\\/#author\"},\"creator\":{\"@id\":\"https:\\\/\\\/www.rucashk.com\\\/pt\\\/author\\\/admin\\\/#author\"},\"image\":{\"@type\":\"ImageObject\",\"url\":\"https:\\\/\\\/www.rucashk.com\\\/wp-content\\\/uploads\\\/2024\\\/07\\\/xiaomi-mix-flip-12gb256gb.webp\",\"@id\":\"https:\\\/\\\/www.rucashk.com\\\/pt\\\/produto\\\/xiaomi-mix-flip-foldable-smartphone\\\/#mainImage\",\"width\":600,\"height\":600},\"primaryImageOfPage\":{\"@id\":\"https:\\\/\\\/www.rucashk.com\\\/pt\\\/produto\\\/xiaomi-mix-flip-foldable-smartphone\\\/#mainImage\"},\"datePublished\":\"2024-07-25T13:51:50+00:00\",\"dateModified\":\"2024-07-25T13:51:55+00:00\"},{\"@type\":\"WebSite\",\"@id\":\"https:\\\/\\\/www.rucashk.com\\\/pt\\\/#website\",\"url\":\"https:\\\/\\\/www.rucashk.com\\\/pt\\\/\",\"name\":\"Rucas - Wholesale and distribution worldwide\",\"alternateName\":\"Rucas - One-stop AIoT Distribution Worldwide\",\"description\":\"One-stop AIoT Distribution Worldwide\",\"inLanguage\":\"pt-PT\",\"publisher\":{\"@id\":\"https:\\\/\\\/www.rucashk.com\\\/pt\\\/#organization\"}}]}\n\t\t<\/script>\n\t\t<!-- All in One SEO Pro -->\r\n\t\t<title>Xiaomi Mix Flip \u2013 Foldable Smartphone - Rucas - Wholesale and Distribution<\/title>\n\n","aioseo_head_json":{"title":"Xiaomi Mix Flip \u2013 Foldable Smartphone - Rucas - Wholesale and Distribution","description":"Xiaomi Mix Flip, a foldable smartphone that redefines the boundaries of technology and design. The Mix Flip is not just a phone; it's a gateway to a world of endless possibilities, offering unmatched performance, innovative features, and a form factor that adapts to your lifestyle.","canonical_url":"https:\/\/www.rucashk.com\/pt\/produto\/xiaomi-mix-flip-foldable-smartphone\/","robots":"max-image-preview:large","keywords":"","webmasterTools":{"miscellaneous":""},"og:locale":"pt_PT","og:site_name":"Rucas - One-stop AIoT Distribution Worldwide","og:type":"article","og:title":"Xiaomi Mix Flip \u2013 Foldable Smartphone - Rucas - Wholesale and Distribution","og:description":"Xiaomi Mix Flip, a foldable smartphone that redefines the boundaries of technology and design. The Mix Flip is not just a phone; it's a gateway to a world of endless possibilities, offering unmatched performance, innovative features, and a form factor that adapts to your lifestyle.","og:url":"https:\/\/www.rucashk.com\/pt\/produto\/xiaomi-mix-flip-foldable-smartphone\/","og:image":"https:\/\/www.rucashk.com\/wp-content\/uploads\/replace\/503b8e645f128a97ccde2b6290747646.jpeg","og:image:secure_url":"https:\/\/www.rucashk.com\/wp-content\/uploads\/replace\/503b8e645f128a97ccde2b6290747646.jpeg","og:image:width":1456,"og:image:height":816,"article:published_time":"2024-07-25T13:51:50+00:00","article:modified_time":"2024-07-25T13:51:55+00:00","twitter:card":"summary_large_image","twitter:title":"Xiaomi Mix Flip \u2013 Foldable Smartphone - Rucas - Wholesale and Distribution","twitter:description":"Xiaomi Mix Flip, a foldable smartphone that redefines the boundaries of technology and design. The Mix Flip is not just a phone; it's a gateway to a world of endless possibilities, offering unmatched performance, innovative features, and a form factor that adapts to your lifestyle.","twitter:image":"https:\/\/www.rucashk.com\/wp-content\/uploads\/replace\/503b8e645f128a97ccde2b6290747646.jpeg","schema":{"@context":"https:\/\/schema.org","@graph":[{"@type":"BreadcrumbList","@id":"https:\/\/www.rucashk.com\/pt\/produto\/xiaomi-mix-flip-foldable-smartphone\/#breadcrumblist","itemListElement":[{"@type":"ListItem","@id":"https:\/\/www.rucashk.com\/pt\/#listItem","position":1,"name":"Home","item":"https:\/\/www.rucashk.com\/pt\/","nextItem":"https:\/\/www.rucashk.com\/pt\/produto\/xiaomi-mix-flip-foldable-smartphone\/#listItem"},{"@type":"ListItem","@id":"https:\/\/www.rucashk.com\/pt\/produto\/xiaomi-mix-flip-foldable-smartphone\/#listItem","position":2,"name":"Xiaomi Mix Flip - Foldable Smartphone","previousItem":"https:\/\/www.rucashk.com\/pt\/#listItem"}]},{"@type":"Organization","@id":"https:\/\/www.rucashk.com\/pt\/#organization","name":"Rucas","url":"https:\/\/www.rucashk.com\/pt\/","logo":{"@type":"ImageObject","url":"https:\/\/www.rucashk.com\/wp-content\/uploads\/2023\/12\/Rucas_campany_logo.png","@id":"https:\/\/www.rucashk.com\/pt\/produto\/xiaomi-mix-flip-foldable-smartphone\/#organizationLogo","width":221,"height":65},"image":{"@id":"https:\/\/www.rucashk.com\/pt\/#organizationLogo"}},{"@type":"Person","@id":"https:\/\/www.rucashk.com\/pt\/author\/admin\/#author","url":"https:\/\/www.rucashk.com\/pt\/author\/admin\/","name":"admin","image":{"@type":"ImageObject","@id":"https:\/\/www.rucashk.com\/pt\/produto\/xiaomi-mix-flip-foldable-smartphone\/#authorImage","url":"https:\/\/secure.gravatar.com\/avatar\/b7c8925b09a27e72b30232f8ecaadbd5af0f70a38c78096863fe51b64f031c24?s=96&d=mm&r=g","width":96,"height":96,"caption":"admin"}},{"@type":"WebPage","@id":"https:\/\/www.rucashk.com\/pt\/produto\/xiaomi-mix-flip-foldable-smartphone\/#webpage","url":"https:\/\/www.rucashk.com\/pt\/produto\/xiaomi-mix-flip-foldable-smartphone\/","name":"Xiaomi Mix Flip \u2013 Foldable Smartphone - Rucas - Wholesale and Distribution","description":"Xiaomi Mix Flip, a foldable smartphone that redefines the boundaries of technology and design. The Mix Flip is not just a phone; it's a gateway to a world of endless possibilities, offering unmatched performance, innovative features, and a form factor that adapts to your lifestyle.","inLanguage":"pt-PT","isPartOf":{"@id":"https:\/\/www.rucashk.com\/pt\/#website"},"breadcrumb":{"@id":"https:\/\/www.rucashk.com\/pt\/produto\/xiaomi-mix-flip-foldable-smartphone\/#breadcrumblist"},"author":{"@id":"https:\/\/www.rucashk.com\/pt\/author\/admin\/#author"},"creator":{"@id":"https:\/\/www.rucashk.com\/pt\/author\/admin\/#author"},"image":{"@type":"ImageObject","url":"https:\/\/www.rucashk.com\/wp-content\/uploads\/2024\/07\/xiaomi-mix-flip-12gb256gb.webp","@id":"https:\/\/www.rucashk.com\/pt\/produto\/xiaomi-mix-flip-foldable-smartphone\/#mainImage","width":600,"height":600},"primaryImageOfPage":{"@id":"https:\/\/www.rucashk.com\/pt\/produto\/xiaomi-mix-flip-foldable-smartphone\/#mainImage"},"datePublished":"2024-07-25T13:51:50+00:00","dateModified":"2024-07-25T13:51:55+00:00"},{"@type":"WebSite","@id":"https:\/\/www.rucashk.com\/pt\/#website","url":"https:\/\/www.rucashk.com\/pt\/","name":"Rucas - Wholesale and distribution worldwide","alternateName":"Rucas - One-stop AIoT Distribution Worldwide","description":"One-stop AIoT Distribution Worldwide","inLanguage":"pt-PT","publisher":{"@id":"https:\/\/www.rucashk.com\/pt\/#organization"}}]}},"aioseo_meta_data":{"post_id":"41689","title":null,"description":null,"keywords":"[]","keyphrases":"{\"focus\":{\"keyphrase\":\"\",\"score\":0,\"analysis\":{\"keyphraseInTitle\":{\"score\":0,\"maxScore\":9,\"error\":1}}},\"additional\":[]}","primary_term":null,"canonical_url":null,"og_title":null,"og_description":null,"og_object_type":"default","og_image_type":"default","og_image_url":null,"og_image_width":null,"og_image_height":null,"og_image_custom_url":null,"og_image_custom_fields":null,"og_video":"","og_custom_url":null,"og_article_section":null,"og_article_tags":"[]","twitter_use_og":false,"twitter_card":"default","twitter_image_type":"default","twitter_image_url":null,"twitter_image_custom_url":null,"twitter_image_custom_fields":null,"twitter_title":null,"twitter_description":null,"schema":{"blockGraphs":[],"customGraphs":[],"default":{"data":{"Article":[],"Course":[],"Dataset":[],"FAQPage":[],"Movie":[],"Person":[],"Product":[],"Recipe":[],"Service":[],"SoftwareApplication":[],"WebPage":[]},"graphName":"Product","isEnabled":true},"graphs":[]},"schema_type":"default","schema_type_options":null,"pillar_content":false,"robots_default":true,"robots_noindex":false,"robots_noarchive":false,"robots_nosnippet":false,"robots_nofollow":false,"robots_noimageindex":false,"robots_noodp":false,"robots_notranslate":false,"robots_max_snippet":"-1","robots_max_videopreview":"-1","robots_max_imagepreview":"large","priority":null,"frequency":"default","local_seo":null,"breadcrumb_settings":null,"limit_modified_date":false,"created":"2024-07-25 13:45:27","updated":"2025-06-22 18:56:58"},"aioseo_breadcrumb":"<div class=\"aioseo-breadcrumbs\"><span class=\"aioseo-breadcrumb\">\n\t<a href=\"https:\/\/www.rucashk.com\/pt\" title=\"Home\">Home<\/a>\n<\/span><span class=\"aioseo-breadcrumb-separator\">&raquo;<\/span><span class=\"aioseo-breadcrumb\">\n\t<a href=\"https:\/\/www.rucashk.com\/pt\/products\/\" title=\"Produtos\">Produtos<\/a>\n<\/span><span class=\"aioseo-breadcrumb-separator\">&raquo;<\/span><span class=\"aioseo-breadcrumb\">\n\t<a href=\"https:\/\/www.rucashk.com\/pt\/marca\/xiaomi\/\" title=\"Xiaomi\">Xiaomi<\/a>\n<\/span><span class=\"aioseo-breadcrumb-separator\">&raquo;<\/span><span class=\"aioseo-breadcrumb\">\n\tXiaomi Mix Flip \u2013 Foldable Smartphone\n<\/span><\/div>","aioseo_breadcrumb_json":[{"label":"Home","link":"https:\/\/www.rucashk.com\/pt"},{"label":"Produtos","link":"https:\/\/www.rucashk.com\/pt\/products\/"},{"label":"Xiaomi","link":"https:\/\/www.rucashk.com\/pt\/marca\/xiaomi\/"},{"label":"Xiaomi Mix Flip &#8211; Foldable Smartphone","link":"https:\/\/www.rucashk.com\/pt\/produto\/xiaomi-mix-flip-foldable-smartphone\/"}],"_links":{"self":[{"href":"https:\/\/www.rucashk.com\/pt\/wp-json\/wp\/v2\/product\/41689","targetHints":{"allow":["GET"]}}],"collection":[{"href":"https:\/\/www.rucashk.com\/pt\/wp-json\/wp\/v2\/product"}],"about":[{"href":"https:\/\/www.rucashk.com\/pt\/wp-json\/wp\/v2\/types\/product"}],"wp:featuredmedia":[{"embeddable":true,"href":"https:\/\/www.rucashk.com\/pt\/wp-json\/wp\/v2\/media\/41716"}],"wp:attachment":[{"href":"https:\/\/www.rucashk.com\/pt\/wp-json\/wp\/v2\/media?parent=41689"}],"wp:term":[{"taxonomy":"product_brand","embeddable":true,"href":"https:\/\/www.rucashk.com\/pt\/wp-json\/wp\/v2\/product_brand?post=41689"},{"taxonomy":"product_cat","embeddable":true,"href":"https:\/\/www.rucashk.com\/pt\/wp-json\/wp\/v2\/product_cat?post=41689"},{"taxonomy":"product_tag","embeddable":true,"href":"https:\/\/www.rucashk.com\/pt\/wp-json\/wp\/v2\/product_tag?post=41689"}],"curies":[{"name":"wp","href":"https:\/\/api.w.org\/{rel}","templated":true}]}}