{"id":41679,"date":"2024-07-25T13:13:47","date_gmt":"2024-07-25T13:13:47","guid":{"rendered":"https:\/\/www.rucashk.com\/?post_type=product&#038;p=41679"},"modified":"2024-07-25T13:13:49","modified_gmt":"2024-07-25T13:13:49","slug":"redmi-buds-6-active-true-wireless-earbuds","status":"publish","type":"product","link":"https:\/\/www.rucashk.com\/pt\/produto\/redmi-buds-6-active-true-wireless-earbuds\/","title":{"rendered":"Redmi Buds 6 Active \u2013 verdadeiros fones de ouvido sem fio"},"content":{"rendered":"<figure id=\"attachment_41684\" aria-describedby=\"caption-attachment-41684\" style=\"width: 1902px\" class=\"wp-caption alignnone\"><img fetchpriority=\"high\" decoding=\"async\" class=\"size-full wp-image-41684\" src=\"\/wp-content\/uploads\/replace\/9d58301c00526a26310ed651b44a1ca1.png\" alt=\"Redmi Buds 6 Active - True Wireless Earbuds\" width=\"1902\" height=\"4388\" \/><figcaption id=\"caption-attachment-41684\" class=\"wp-caption-text\">#image_title<\/figcaption><\/figure>\n<p>&nbsp;<\/p>\n<figure id=\"attachment_41683\" aria-describedby=\"caption-attachment-41683\" style=\"width: 1902px\" class=\"wp-caption alignnone\"><img decoding=\"async\" class=\"size-full wp-image-41683\" src=\"\/wp-content\/uploads\/replace\/508d69e1a58d66ce41ecbe94e12aef11.png\" alt=\"Redmi Buds 6 Active - True Wireless Earbuds\" width=\"1902\" height=\"5576\" \/><figcaption id=\"caption-attachment-41683\" class=\"wp-caption-text\">Redmi Buds 6 Active, a Xiaomi est\u00e1 lan\u00e7ando fones de ouvido intra-auriculares particularmente acess\u00edveis e leves que ir\u00e3o deliciar os ca\u00e7adores de pechinchas em particular. Equipados com os mais recentes padr\u00f5es, numerosos recursos de conforto e excelente acabamento, os pequenos fones de ouvido s\u00e3o ideais para todos aqueles que t\u00eam altas demandas, mas um or\u00e7amento pequeno.\u00a0<\/figcaption><\/figure>\n<p>Tendo em conta o pre\u00e7o baixo, os Redmi Buds 6 surpreendem com um som absolutamente bem sucedido. Os drivers din\u00e2micos integrados de 14,2 mm prometem graves ricos e agudos claramente definidos. A certifica\u00e7\u00e3o NetEase Cloud Sound confirma a qualidade dos fones de ouvido. O som pode ser ajustado usando os cinco equalizadores instalados de f\u00e1brica. Isto permite graves mais fortes, agudos mais n\u00edtidos ou simplesmente um aumento de volume.<\/p>\n<p>Os Redmi Buds 6 Active possuem um design bastante moderno e jovem. Tanto o case quanto os pr\u00f3prios fones de ouvido est\u00e3o dispon\u00edveis em branco ou azul. Gra\u00e7as ao formato ergon\u00f4mico e \u00e0s pontas de silicone inclu\u00eddas, os intra-auriculares se adaptam perfeitamente a todas as orelhas e n\u00e3o caem durante o uso. Gra\u00e7as ao seu formato compacto e baixo peso, os auscultadores s\u00e3o o companheiro de viagem ideal. Os gadgets s\u00e3o controlados por controle de toque diretamente nos pr\u00f3prios fones de ouvido ou por meio de um aplicativo.<\/p>\n<p>Os fones de ouvido s\u00e3o conectados via Bluetooth 5.4. Gra\u00e7as ao Quick Link, as pequenas maravilhas sonoras se conectam ao dispositivo final desejado em poucos segundos. Os microfones embutidos permitem fazer chamadas telef\u00f4nicas. Gra\u00e7as ao design de microfone duplo e ao cancelamento de ru\u00eddo, as chamadas tamb\u00e9m podem ser feitas em ambientes barulhentos. Os fones de ouvido oferecem bateria com dura\u00e7\u00e3o de cerca de 6 horas. O case inclu\u00eddo tamb\u00e9m serve como banco de energia e adaptador de carregamento. Os intra-auriculares acess\u00edveis s\u00e3o complementados com certifica\u00e7\u00e3o IPX4.<\/p>","protected":false},"excerpt":{"rendered":"<p>Redmi Buds 6 ativo com <strong>Drivers de 14,2 mm<\/strong>, certifica\u00e7\u00e3o NetEase Cloud Sound, equalizadores pr\u00e9-instalados e\u00a0<strong>Bluetooth 5.4<\/strong>, o\u00a0<strong>Redmi Buds 6 Ativo<\/strong>\u00a0s\u00e3o o pr\u00eamio perfeito para ca\u00e7adores de pechinchas. Os verdadeiros fones de ouvido sem fio prometem uma dura\u00e7\u00e3o de bateria de cerca de<strong>\u00a06 horas<\/strong>. O case inclu\u00eddo serve como esta\u00e7\u00e3o de carregamento e possui um banco de energia integrado. Os fones de ouvido intra-auriculares t\u00eam\u00a0<strong>IPX4<\/strong>\u00a0certifica\u00e7\u00e3o e permitir chamadas telef\u00f4nicas sem perturba\u00e7\u00f5es gra\u00e7as ao design de microfone duplo. Redmi Buds 6 Active, a Xiaomi est\u00e1 lan\u00e7ando fones de ouvido intra-auriculares particularmente acess\u00edveis e leves que ir\u00e3o deliciar os ca\u00e7adores de pechinchas em particular. Equipados com os mais recentes padr\u00f5es, numerosos recursos de conforto e excelente acabamento, os pequenos fones de ouvido s\u00e3o ideais para todos aqueles que t\u00eam altas demandas, mas um or\u00e7amento pequeno. Fa\u00e7a seu pedido agora na TradingShenzhen com o melhor pre\u00e7o!<\/p>","protected":false},"featured_media":41688,"template":"","meta":[],"product_brand":[1363],"product_cat":[1306,1305],"product_tag":[463,1170],"class_list":{"0":"post-41679","1":"product","2":"type-product","3":"status-publish","4":"has-post-thumbnail","6":"product_brand-xiaomi","7":"product_cat-mi-redmi-earphone","8":"product_cat-xiaomi-eco","9":"product_tag-earbuds","10":"product_tag-earphone","12":"first","13":"instock","14":"shipping-taxable","15":"product-type-simple"},"aioseo_notices":[],"aioseo_head":"\n\t\t<!-- All in One SEO Pro 4.5.9.2 - aioseo.com -->\n\t\t<meta name=\"description\" content=\"Redmi Buds 6 Active with 14.2 mm drivers, NetEase Cloud Sound certification, pre-installed equalisers and Bluetooth 5.4, the Redmi Buds 6 Active are the perfect prize for bargain hunters. The true wireless headphones promise a battery life of around 6 hours. The included case serves as a charging station and has an integrated power bank. The in-ear headphones have IPX4 certification and allow undisturbed phone calls thanks to the dual microphone design.Redmi Buds 6 Active, Xiaomi is launching particularly affordable and lightweight in-ear headphones that will delight bargain hunters in particular. Equipped with the latest standards, numerous comfort features and outstanding workmanship, the small headphones are ideal for all those who have high demands but a small budget. Order now from TradingShenzhen at the best price!\" \/>\n\t\t<meta name=\"robots\" content=\"max-image-preview:large\" \/>\n\t\t<link rel=\"canonical\" href=\"https:\/\/www.rucashk.com\/pt\/produto\/redmi-buds-6-active-true-wireless-earbuds\/\" \/>\n\t\t<meta name=\"generator\" content=\"All in One SEO Pro (AIOSEO) 4.5.9.2\" \/>\n\t\t<meta property=\"og:locale\" content=\"pt_PT\" \/>\n\t\t<meta property=\"og:site_name\" content=\"Rucas - One-stop AIoT Distribution Worldwide\" \/>\n\t\t<meta property=\"og:type\" content=\"article\" \/>\n\t\t<meta property=\"og:title\" content=\"Redmi Buds 6 Active \u2013 True Wireless Earbuds - Rucas - Wholesale and Distribution\" \/>\n\t\t<meta property=\"og:description\" content=\"Redmi Buds 6 Active with 14.2 mm drivers, NetEase Cloud Sound certification, pre-installed equalisers and Bluetooth 5.4, the Redmi Buds 6 Active are the perfect prize for bargain hunters. The true wireless headphones promise a battery life of around 6 hours. The included case serves as a charging station and has an integrated power bank. The in-ear headphones have IPX4 certification and allow undisturbed phone calls thanks to the dual microphone design.Redmi Buds 6 Active, Xiaomi is launching particularly affordable and lightweight in-ear headphones that will delight bargain hunters in particular. Equipped with the latest standards, numerous comfort features and outstanding workmanship, the small headphones are ideal for all those who have high demands but a small budget. Order now from TradingShenzhen at the best price!\" \/>\n\t\t<meta property=\"og:url\" content=\"https:\/\/www.rucashk.com\/pt\/produto\/redmi-buds-6-active-true-wireless-earbuds\/\" \/>\n\t\t<meta property=\"og:image\" content=\"https:\/\/www.rucashk.com\/wp-content\/uploads\/replace\/503b8e645f128a97ccde2b6290747646.jpeg\" \/>\n\t\t<meta property=\"og:image:secure_url\" content=\"https:\/\/www.rucashk.com\/wp-content\/uploads\/replace\/503b8e645f128a97ccde2b6290747646.jpeg\" \/>\n\t\t<meta property=\"og:image:width\" content=\"1456\" \/>\n\t\t<meta property=\"og:image:height\" content=\"816\" \/>\n\t\t<meta property=\"article:published_time\" content=\"2024-07-25T13:13:47+00:00\" \/>\n\t\t<meta property=\"article:modified_time\" content=\"2024-07-25T13:13:49+00:00\" \/>\n\t\t<meta name=\"twitter:card\" content=\"summary_large_image\" \/>\n\t\t<meta name=\"twitter:title\" content=\"Redmi Buds 6 Active \u2013 True Wireless Earbuds - Rucas - Wholesale and Distribution\" \/>\n\t\t<meta name=\"twitter:description\" content=\"Redmi Buds 6 Active with 14.2 mm drivers, NetEase Cloud Sound certification, pre-installed equalisers and Bluetooth 5.4, the Redmi Buds 6 Active are the perfect prize for bargain hunters. The true wireless headphones promise a battery life of around 6 hours. The included case serves as a charging station and has an integrated power bank. The in-ear headphones have IPX4 certification and allow undisturbed phone calls thanks to the dual microphone design.Redmi Buds 6 Active, Xiaomi is launching particularly affordable and lightweight in-ear headphones that will delight bargain hunters in particular. Equipped with the latest standards, numerous comfort features and outstanding workmanship, the small headphones are ideal for all those who have high demands but a small budget. Order now from TradingShenzhen at the best price!\" \/>\n\t\t<meta name=\"twitter:image\" content=\"https:\/\/www.rucashk.com\/wp-content\/uploads\/replace\/503b8e645f128a97ccde2b6290747646.jpeg\" \/>\n\t\t<script type=\"application\/ld+json\" class=\"aioseo-schema\">\n\t\t\t{\"@context\":\"https:\\\/\\\/schema.org\",\"@graph\":[{\"@type\":\"BreadcrumbList\",\"@id\":\"https:\\\/\\\/www.rucashk.com\\\/pt\\\/produto\\\/redmi-buds-6-active-true-wireless-earbuds\\\/#breadcrumblist\",\"itemListElement\":[{\"@type\":\"ListItem\",\"@id\":\"https:\\\/\\\/www.rucashk.com\\\/pt\\\/#listItem\",\"position\":1,\"name\":\"Home\",\"item\":\"https:\\\/\\\/www.rucashk.com\\\/pt\\\/\",\"nextItem\":\"https:\\\/\\\/www.rucashk.com\\\/pt\\\/produto\\\/redmi-buds-6-active-true-wireless-earbuds\\\/#listItem\"},{\"@type\":\"ListItem\",\"@id\":\"https:\\\/\\\/www.rucashk.com\\\/pt\\\/produto\\\/redmi-buds-6-active-true-wireless-earbuds\\\/#listItem\",\"position\":2,\"name\":\"Redmi Buds 6 Active - True Wireless Earbuds\",\"previousItem\":\"https:\\\/\\\/www.rucashk.com\\\/pt\\\/#listItem\"}]},{\"@type\":\"Organization\",\"@id\":\"https:\\\/\\\/www.rucashk.com\\\/pt\\\/#organization\",\"name\":\"Rucas\",\"url\":\"https:\\\/\\\/www.rucashk.com\\\/pt\\\/\",\"logo\":{\"@type\":\"ImageObject\",\"url\":\"https:\\\/\\\/www.rucashk.com\\\/wp-content\\\/uploads\\\/2023\\\/12\\\/Rucas_campany_logo.png\",\"@id\":\"https:\\\/\\\/www.rucashk.com\\\/pt\\\/produto\\\/redmi-buds-6-active-true-wireless-earbuds\\\/#organizationLogo\",\"width\":221,\"height\":65},\"image\":{\"@id\":\"https:\\\/\\\/www.rucashk.com\\\/pt\\\/#organizationLogo\"}},{\"@type\":\"Person\",\"@id\":\"https:\\\/\\\/www.rucashk.com\\\/pt\\\/author\\\/admin\\\/#author\",\"url\":\"https:\\\/\\\/www.rucashk.com\\\/pt\\\/author\\\/admin\\\/\",\"name\":\"admin\",\"image\":{\"@type\":\"ImageObject\",\"@id\":\"https:\\\/\\\/www.rucashk.com\\\/pt\\\/produto\\\/redmi-buds-6-active-true-wireless-earbuds\\\/#authorImage\",\"url\":\"https:\\\/\\\/secure.gravatar.com\\\/avatar\\\/b7c8925b09a27e72b30232f8ecaadbd5af0f70a38c78096863fe51b64f031c24?s=96&d=mm&r=g\",\"width\":96,\"height\":96,\"caption\":\"admin\"}},{\"@type\":\"WebPage\",\"@id\":\"https:\\\/\\\/www.rucashk.com\\\/pt\\\/produto\\\/redmi-buds-6-active-true-wireless-earbuds\\\/#webpage\",\"url\":\"https:\\\/\\\/www.rucashk.com\\\/pt\\\/produto\\\/redmi-buds-6-active-true-wireless-earbuds\\\/\",\"name\":\"Redmi Buds 6 Active \\u2013 True Wireless Earbuds - Rucas - Wholesale and Distribution\",\"description\":\"Redmi Buds 6 Active with 14.2 mm drivers, NetEase Cloud Sound certification, pre-installed equalisers and Bluetooth 5.4, the Redmi Buds 6 Active are the perfect prize for bargain hunters. The true wireless headphones promise a battery life of around 6 hours. The included case serves as a charging station and has an integrated power bank. The in-ear headphones have IPX4 certification and allow undisturbed phone calls thanks to the dual microphone design.Redmi Buds 6 Active, Xiaomi is launching particularly affordable and lightweight in-ear headphones that will delight bargain hunters in particular. Equipped with the latest standards, numerous comfort features and outstanding workmanship, the small headphones are ideal for all those who have high demands but a small budget. Order now from TradingShenzhen at the best price!\",\"inLanguage\":\"pt-PT\",\"isPartOf\":{\"@id\":\"https:\\\/\\\/www.rucashk.com\\\/pt\\\/#website\"},\"breadcrumb\":{\"@id\":\"https:\\\/\\\/www.rucashk.com\\\/pt\\\/produto\\\/redmi-buds-6-active-true-wireless-earbuds\\\/#breadcrumblist\"},\"author\":{\"@id\":\"https:\\\/\\\/www.rucashk.com\\\/pt\\\/author\\\/admin\\\/#author\"},\"creator\":{\"@id\":\"https:\\\/\\\/www.rucashk.com\\\/pt\\\/author\\\/admin\\\/#author\"},\"image\":{\"@type\":\"ImageObject\",\"url\":\"https:\\\/\\\/www.rucashk.com\\\/wp-content\\\/uploads\\\/2024\\\/07\\\/redmi-buds-6-active.webp\",\"@id\":\"https:\\\/\\\/www.rucashk.com\\\/pt\\\/produto\\\/redmi-buds-6-active-true-wireless-earbuds\\\/#mainImage\",\"width\":600,\"height\":600},\"primaryImageOfPage\":{\"@id\":\"https:\\\/\\\/www.rucashk.com\\\/pt\\\/produto\\\/redmi-buds-6-active-true-wireless-earbuds\\\/#mainImage\"},\"datePublished\":\"2024-07-25T13:13:47+00:00\",\"dateModified\":\"2024-07-25T13:13:49+00:00\"},{\"@type\":\"WebSite\",\"@id\":\"https:\\\/\\\/www.rucashk.com\\\/pt\\\/#website\",\"url\":\"https:\\\/\\\/www.rucashk.com\\\/pt\\\/\",\"name\":\"Rucas - Wholesale and distribution worldwide\",\"alternateName\":\"Rucas - One-stop AIoT Distribution Worldwide\",\"description\":\"One-stop AIoT Distribution Worldwide\",\"inLanguage\":\"pt-PT\",\"publisher\":{\"@id\":\"https:\\\/\\\/www.rucashk.com\\\/pt\\\/#organization\"}}]}\n\t\t<\/script>\n\t\t<!-- All in One SEO Pro -->\r\n\t\t<title>Redmi Buds 6 Active \u2013 True Wireless Earbuds - Rucas - Wholesale and Distribution<\/title>\n\n","aioseo_head_json":{"title":"Redmi Buds 6 Active \u2013 True Wireless Earbuds - Rucas - Wholesale and Distribution","description":"Redmi Buds 6 Active with 14.2 mm drivers, NetEase Cloud Sound certification, pre-installed equalisers and Bluetooth 5.4, the Redmi Buds 6 Active are the perfect prize for bargain hunters. The true wireless headphones promise a battery life of around 6 hours. The included case serves as a charging station and has an integrated power bank. The in-ear headphones have IPX4 certification and allow undisturbed phone calls thanks to the dual microphone design.Redmi Buds 6 Active, Xiaomi is launching particularly affordable and lightweight in-ear headphones that will delight bargain hunters in particular. Equipped with the latest standards, numerous comfort features and outstanding workmanship, the small headphones are ideal for all those who have high demands but a small budget. Order now from TradingShenzhen at the best price!","canonical_url":"https:\/\/www.rucashk.com\/pt\/produto\/redmi-buds-6-active-true-wireless-earbuds\/","robots":"max-image-preview:large","keywords":"","webmasterTools":{"miscellaneous":""},"og:locale":"pt_PT","og:site_name":"Rucas - One-stop AIoT Distribution Worldwide","og:type":"article","og:title":"Redmi Buds 6 Active \u2013 True Wireless Earbuds - Rucas - Wholesale and Distribution","og:description":"Redmi Buds 6 Active with 14.2 mm drivers, NetEase Cloud Sound certification, pre-installed equalisers and Bluetooth 5.4, the Redmi Buds 6 Active are the perfect prize for bargain hunters. The true wireless headphones promise a battery life of around 6 hours. The included case serves as a charging station and has an integrated power bank. The in-ear headphones have IPX4 certification and allow undisturbed phone calls thanks to the dual microphone design.Redmi Buds 6 Active, Xiaomi is launching particularly affordable and lightweight in-ear headphones that will delight bargain hunters in particular. Equipped with the latest standards, numerous comfort features and outstanding workmanship, the small headphones are ideal for all those who have high demands but a small budget. Order now from TradingShenzhen at the best price!","og:url":"https:\/\/www.rucashk.com\/pt\/produto\/redmi-buds-6-active-true-wireless-earbuds\/","og:image":"https:\/\/www.rucashk.com\/wp-content\/uploads\/replace\/503b8e645f128a97ccde2b6290747646.jpeg","og:image:secure_url":"https:\/\/www.rucashk.com\/wp-content\/uploads\/replace\/503b8e645f128a97ccde2b6290747646.jpeg","og:image:width":1456,"og:image:height":816,"article:published_time":"2024-07-25T13:13:47+00:00","article:modified_time":"2024-07-25T13:13:49+00:00","twitter:card":"summary_large_image","twitter:title":"Redmi Buds 6 Active \u2013 True Wireless Earbuds - Rucas - Wholesale and Distribution","twitter:description":"Redmi Buds 6 Active with 14.2 mm drivers, NetEase Cloud Sound certification, pre-installed equalisers and Bluetooth 5.4, the Redmi Buds 6 Active are the perfect prize for bargain hunters. The true wireless headphones promise a battery life of around 6 hours. The included case serves as a charging station and has an integrated power bank. The in-ear headphones have IPX4 certification and allow undisturbed phone calls thanks to the dual microphone design.Redmi Buds 6 Active, Xiaomi is launching particularly affordable and lightweight in-ear headphones that will delight bargain hunters in particular. Equipped with the latest standards, numerous comfort features and outstanding workmanship, the small headphones are ideal for all those who have high demands but a small budget. Order now from TradingShenzhen at the best price!","twitter:image":"https:\/\/www.rucashk.com\/wp-content\/uploads\/replace\/503b8e645f128a97ccde2b6290747646.jpeg","schema":{"@context":"https:\/\/schema.org","@graph":[{"@type":"BreadcrumbList","@id":"https:\/\/www.rucashk.com\/pt\/produto\/redmi-buds-6-active-true-wireless-earbuds\/#breadcrumblist","itemListElement":[{"@type":"ListItem","@id":"https:\/\/www.rucashk.com\/pt\/#listItem","position":1,"name":"Home","item":"https:\/\/www.rucashk.com\/pt\/","nextItem":"https:\/\/www.rucashk.com\/pt\/produto\/redmi-buds-6-active-true-wireless-earbuds\/#listItem"},{"@type":"ListItem","@id":"https:\/\/www.rucashk.com\/pt\/produto\/redmi-buds-6-active-true-wireless-earbuds\/#listItem","position":2,"name":"Redmi Buds 6 Active - True Wireless Earbuds","previousItem":"https:\/\/www.rucashk.com\/pt\/#listItem"}]},{"@type":"Organization","@id":"https:\/\/www.rucashk.com\/pt\/#organization","name":"Rucas","url":"https:\/\/www.rucashk.com\/pt\/","logo":{"@type":"ImageObject","url":"https:\/\/www.rucashk.com\/wp-content\/uploads\/2023\/12\/Rucas_campany_logo.png","@id":"https:\/\/www.rucashk.com\/pt\/produto\/redmi-buds-6-active-true-wireless-earbuds\/#organizationLogo","width":221,"height":65},"image":{"@id":"https:\/\/www.rucashk.com\/pt\/#organizationLogo"}},{"@type":"Person","@id":"https:\/\/www.rucashk.com\/pt\/author\/admin\/#author","url":"https:\/\/www.rucashk.com\/pt\/author\/admin\/","name":"admin","image":{"@type":"ImageObject","@id":"https:\/\/www.rucashk.com\/pt\/produto\/redmi-buds-6-active-true-wireless-earbuds\/#authorImage","url":"https:\/\/secure.gravatar.com\/avatar\/b7c8925b09a27e72b30232f8ecaadbd5af0f70a38c78096863fe51b64f031c24?s=96&d=mm&r=g","width":96,"height":96,"caption":"admin"}},{"@type":"WebPage","@id":"https:\/\/www.rucashk.com\/pt\/produto\/redmi-buds-6-active-true-wireless-earbuds\/#webpage","url":"https:\/\/www.rucashk.com\/pt\/produto\/redmi-buds-6-active-true-wireless-earbuds\/","name":"Redmi Buds 6 Active \u2013 True Wireless Earbuds - Rucas - Wholesale and Distribution","description":"Redmi Buds 6 Active with 14.2 mm drivers, NetEase Cloud Sound certification, pre-installed equalisers and Bluetooth 5.4, the Redmi Buds 6 Active are the perfect prize for bargain hunters. The true wireless headphones promise a battery life of around 6 hours. The included case serves as a charging station and has an integrated power bank. The in-ear headphones have IPX4 certification and allow undisturbed phone calls thanks to the dual microphone design.Redmi Buds 6 Active, Xiaomi is launching particularly affordable and lightweight in-ear headphones that will delight bargain hunters in particular. Equipped with the latest standards, numerous comfort features and outstanding workmanship, the small headphones are ideal for all those who have high demands but a small budget. Order now from TradingShenzhen at the best price!","inLanguage":"pt-PT","isPartOf":{"@id":"https:\/\/www.rucashk.com\/pt\/#website"},"breadcrumb":{"@id":"https:\/\/www.rucashk.com\/pt\/produto\/redmi-buds-6-active-true-wireless-earbuds\/#breadcrumblist"},"author":{"@id":"https:\/\/www.rucashk.com\/pt\/author\/admin\/#author"},"creator":{"@id":"https:\/\/www.rucashk.com\/pt\/author\/admin\/#author"},"image":{"@type":"ImageObject","url":"https:\/\/www.rucashk.com\/wp-content\/uploads\/2024\/07\/redmi-buds-6-active.webp","@id":"https:\/\/www.rucashk.com\/pt\/produto\/redmi-buds-6-active-true-wireless-earbuds\/#mainImage","width":600,"height":600},"primaryImageOfPage":{"@id":"https:\/\/www.rucashk.com\/pt\/produto\/redmi-buds-6-active-true-wireless-earbuds\/#mainImage"},"datePublished":"2024-07-25T13:13:47+00:00","dateModified":"2024-07-25T13:13:49+00:00"},{"@type":"WebSite","@id":"https:\/\/www.rucashk.com\/pt\/#website","url":"https:\/\/www.rucashk.com\/pt\/","name":"Rucas - Wholesale and distribution worldwide","alternateName":"Rucas - One-stop AIoT Distribution Worldwide","description":"One-stop AIoT Distribution Worldwide","inLanguage":"pt-PT","publisher":{"@id":"https:\/\/www.rucashk.com\/pt\/#organization"}}]}},"aioseo_meta_data":{"post_id":"41679","title":null,"description":null,"keywords":"[]","keyphrases":"{\"focus\":{\"keyphrase\":\"\",\"score\":0,\"analysis\":{\"keyphraseInTitle\":{\"score\":0,\"maxScore\":9,\"error\":1}}},\"additional\":[]}","primary_term":null,"canonical_url":null,"og_title":null,"og_description":null,"og_object_type":"default","og_image_type":"default","og_image_url":null,"og_image_width":null,"og_image_height":null,"og_image_custom_url":null,"og_image_custom_fields":null,"og_video":"","og_custom_url":null,"og_article_section":null,"og_article_tags":"[]","twitter_use_og":false,"twitter_card":"default","twitter_image_type":"default","twitter_image_url":null,"twitter_image_custom_url":null,"twitter_image_custom_fields":null,"twitter_title":null,"twitter_description":null,"schema":{"blockGraphs":[],"customGraphs":[],"default":{"data":{"Article":[],"Course":[],"Dataset":[],"FAQPage":[],"Movie":[],"Person":[],"Product":[],"Recipe":[],"Service":[],"SoftwareApplication":[],"WebPage":[]},"graphName":"Product","isEnabled":true},"graphs":[]},"schema_type":"default","schema_type_options":null,"pillar_content":false,"robots_default":true,"robots_noindex":false,"robots_noarchive":false,"robots_nosnippet":false,"robots_nofollow":false,"robots_noimageindex":false,"robots_noodp":false,"robots_notranslate":false,"robots_max_snippet":"-1","robots_max_videopreview":"-1","robots_max_imagepreview":"large","priority":null,"frequency":"default","local_seo":null,"breadcrumb_settings":null,"limit_modified_date":false,"created":"2024-07-25 12:59:07","updated":"2025-06-22 18:56:57"},"aioseo_breadcrumb":"<div class=\"aioseo-breadcrumbs\"><span class=\"aioseo-breadcrumb\">\n\t<a href=\"https:\/\/www.rucashk.com\/pt\" title=\"Home\">Home<\/a>\n<\/span><span class=\"aioseo-breadcrumb-separator\">&raquo;<\/span><span class=\"aioseo-breadcrumb\">\n\t<a href=\"https:\/\/www.rucashk.com\/pt\/products\/\" title=\"Produtos\">Produtos<\/a>\n<\/span><span class=\"aioseo-breadcrumb-separator\">&raquo;<\/span><span class=\"aioseo-breadcrumb\">\n\t<a href=\"https:\/\/www.rucashk.com\/pt\/marca\/xiaomi\/\" title=\"Xiaomi\">Xiaomi<\/a>\n<\/span><span class=\"aioseo-breadcrumb-separator\">&raquo;<\/span><span class=\"aioseo-breadcrumb\">\n\tRedmi Buds 6 Active \u2013 True Wireless Earbuds\n<\/span><\/div>","aioseo_breadcrumb_json":[{"label":"Home","link":"https:\/\/www.rucashk.com\/pt"},{"label":"Produtos","link":"https:\/\/www.rucashk.com\/pt\/products\/"},{"label":"Xiaomi","link":"https:\/\/www.rucashk.com\/pt\/marca\/xiaomi\/"},{"label":"Redmi Buds 6 Active &#8211; True Wireless Earbuds","link":"https:\/\/www.rucashk.com\/pt\/produto\/redmi-buds-6-active-true-wireless-earbuds\/"}],"_links":{"self":[{"href":"https:\/\/www.rucashk.com\/pt\/wp-json\/wp\/v2\/product\/41679","targetHints":{"allow":["GET"]}}],"collection":[{"href":"https:\/\/www.rucashk.com\/pt\/wp-json\/wp\/v2\/product"}],"about":[{"href":"https:\/\/www.rucashk.com\/pt\/wp-json\/wp\/v2\/types\/product"}],"wp:featuredmedia":[{"embeddable":true,"href":"https:\/\/www.rucashk.com\/pt\/wp-json\/wp\/v2\/media\/41688"}],"wp:attachment":[{"href":"https:\/\/www.rucashk.com\/pt\/wp-json\/wp\/v2\/media?parent=41679"}],"wp:term":[{"taxonomy":"product_brand","embeddable":true,"href":"https:\/\/www.rucashk.com\/pt\/wp-json\/wp\/v2\/product_brand?post=41679"},{"taxonomy":"product_cat","embeddable":true,"href":"https:\/\/www.rucashk.com\/pt\/wp-json\/wp\/v2\/product_cat?post=41679"},{"taxonomy":"product_tag","embeddable":true,"href":"https:\/\/www.rucashk.com\/pt\/wp-json\/wp\/v2\/product_tag?post=41679"}],"curies":[{"name":"wp","href":"https:\/\/api.w.org\/{rel}","templated":true}]}}