{"id":41221,"date":"2024-05-26T16:10:27","date_gmt":"2024-05-26T16:10:27","guid":{"rendered":"https:\/\/www.rucashk.com\/?post_type=product&#038;p=41221"},"modified":"2024-05-26T16:10:28","modified_gmt":"2024-05-26T16:10:28","slug":"shokz-openfit-open-ear-true-wireless-bluetooth-headphones","status":"publish","type":"product","link":"https:\/\/www.rucashk.com\/pt\/produto\/shokz-openfit-open-ear-true-wireless-bluetooth-headphones\/","title":{"rendered":"SHOKZ OpenFit \u2013 verdadeiros fones de ouvido Bluetooth sem fio abertos"},"content":{"rendered":"<p style=\"text-align: center;\"><img decoding=\"async\" alt=\"SHOKZ OpenFit - Open-Ear True Wireless Bluetooth Headphones\" src=\"\/wp-content\/uploads\/replace\/e8be1feee074b7ee7efdfa5e6360adef.jpeg\" \/><\/p>\n<p class=\"subtitle\">Para uma verdadeira experi\u00eancia de \u00e1udio, o Shokz OpenBassTM \u00e9 um algoritmo propriet\u00e1rio de aprimoramento de baixa frequ\u00eancia para transportar vibra\u00e7\u00f5es de baixa frequ\u00eancia diretamente em dire\u00e7\u00e3o ao seu ouvido, sem cobri-lo. O Dynamic Range Control ajusta dinamicamente o EQ em tempo real, proporcionando uma experi\u00eancia auditiva rica e natural em qualquer volume. O aplicativo Shokz oferece modos de equaliza\u00e7\u00e3o predefinidos, bem como personaliza\u00e7\u00e3o, proporcionando um concerto privado em qualquer lugar.<\/p>\n<p class=\"subtitle\"><strong>Drivers Din\u00e2micos Personalizados de Excel\u00eancia Ac\u00fastica<\/strong><\/p>\n<p class=\"subtitle\">O OpenFit apresenta uma poderosa unidade de driver din\u00e2mica personalizada de 18 11 mm constru\u00edda com um diafragma composto ultraleve feito de fibra de carbono e uma borda de pol\u00edmero. A tampa interna em forma de c\u00fapula \u00e9 feita de fibra de carbono ultraleve e de alta resist\u00eancia, 20 vezes mais resistente que o a\u00e7o, direcionando cada vibra\u00e7\u00e3o ac\u00fastica com incr\u00edvel precis\u00e3o. O contorno de pol\u00edmero amplifica a intensidade das vibra\u00e7\u00f5es do diafragma, proporcionando uma experi\u00eancia de \u00e1udio envolvente com notas graves profundas.<\/p>\n<p class=\"subtitle\"><strong>Ajustado e seguro<\/strong><\/p>\n<p class=\"subtitle\">Para obter um formato que proporcione um ajuste seguro para diferentes formatos de orelha,8 o Shokz Lab digitalizou uma vasta gama de dados de ouvido humano de todo o mundo. O gancho ergon\u00f4mico e flex\u00edvel envolve perfeitamente diferentes curvas das orelhas, proporcionando uma pegada suave e segura. O design dividido entre o fone de ouvido e a bateria equilibra o peso de todo o sistema, proporcionando conforto e estabilidade. Sinta-se \u00e0 vontade para caminhar, correr e at\u00e9 pular, e o OpenFit permanece no lugar.<\/p>\n<p class=\"subtitle\"><strong>Como se voc\u00ea estivesse aqui Cancelamento de ru\u00eddo de chamada AI<\/strong><\/p>\n<p class=\"subtitle\">OpenFit usa tecnologia AI Call Noise Cancellation para garantir a qualidade da chamada. Esta tecnologia foi testada e comprovada em ambientes comuns de chamadas barulhentas - como esta\u00e7\u00f5es e cruzamentos - filtrando at\u00e9 99,7% de ru\u00eddo ambiente.4 Durante uma chamada, o OpenFit captura as sutilezas da voz humana mesmo em ambientes barulhentos, colocando os microfones duplos em uma posi\u00e7\u00e3o privilegiada para formar o efeito Adaptive Beamforming mais eficaz, melhorando o cancelamento de ru\u00eddo. Ou\u00e7a e seja ouvido em alto e bom som. De acordo com os resultados de experimentos de simula\u00e7\u00e3o conduzidos pelo Shokz Lab para a cena de interse\u00e7\u00e3o, o cancelamento de ru\u00eddo AI pode fornecer uma melhoria m\u00e1xima de 50dB na rela\u00e7\u00e3o sinal-ru\u00eddo, o que equivale a uma redu\u00e7\u00e3o de 99,7% do ru\u00eddo ambiente, quando o n\u00edvel de press\u00e3o sonora na cabe\u00e7a artificial \u00e9 65-72dB(A).<\/p>","protected":false},"excerpt":{"rendered":"<p>OpenFit continua o conceito de ouvido aberto Shokz para permitir que os usu\u00e1rios desfrutem de conforto durante todo o dia e ou\u00e7am sua pr\u00f3pria trilha sonora enquanto permanecem abertos ao mundo ao seu redor. OpenFit oferece uma constru\u00e7\u00e3o ultraleve e de ouvido aberto para ouvir seu pr\u00f3prio \u00e1udio e todos os sons ao seu redor com clareza cristalina. A tecnologia DirectPitch\u2122 produz uma experi\u00eancia de \u00e1udio completa para voc\u00ea mergulhar em suas m\u00fasicas, podcasts e audiolivros favoritos. Um design flex\u00edvel de gancho para orelha combina estabilidade e conforto. Os momentos s\u00e3o preciosos e o OpenFit d\u00e1 a voc\u00ea a liberdade de ouvir cada um deles.<\/p>","protected":false},"featured_media":41223,"template":"","meta":[],"product_brand":[1397],"product_cat":[1398],"product_tag":[508],"class_list":{"0":"post-41221","1":"product","2":"type-product","3":"status-publish","4":"has-post-thumbnail","6":"product_brand-shokz","7":"product_cat-shokz","8":"product_tag-headphones","10":"first","11":"instock","12":"shipping-taxable","13":"product-type-simple"},"aioseo_notices":[],"aioseo_head":"\n\t\t<!-- All in One SEO Pro 4.5.9.2 - aioseo.com -->\n\t\t<meta name=\"description\" content=\"OpenFit continues the Shokz open-ear concept to let users enjoy all-day comfort and hear their own soundtrack while staying open to the world around them. OpenFit offers an ultra-lightweight, open-ear construction to hear both your own audio and every sound around you with crystal clarity. DirectPitch\u2122 technology produces a full audio experience to immerse yourself in your favorite songs, podcasts, and audiobooks. A flexible ear hook design combines stability and comfort. Moments are precious, and OpenFit gives you the freedom to hear every one of them.\" \/>\n\t\t<meta name=\"robots\" content=\"max-image-preview:large\" \/>\n\t\t<link rel=\"canonical\" href=\"https:\/\/www.rucashk.com\/pt\/produto\/shokz-openfit-open-ear-true-wireless-bluetooth-headphones\/\" \/>\n\t\t<meta name=\"generator\" content=\"All in One SEO Pro (AIOSEO) 4.5.9.2\" \/>\n\t\t<meta property=\"og:locale\" content=\"pt_PT\" \/>\n\t\t<meta property=\"og:site_name\" content=\"Rucas - One-stop AIoT Distribution Worldwide\" \/>\n\t\t<meta property=\"og:type\" content=\"article\" \/>\n\t\t<meta property=\"og:title\" content=\"SHOKZ OpenFit \u2013 Open-Ear True Wireless Bluetooth Headphones - Rucas - Wholesale and Distribution\" \/>\n\t\t<meta property=\"og:description\" content=\"OpenFit continues the Shokz open-ear concept to let users enjoy all-day comfort and hear their own soundtrack while staying open to the world around them. OpenFit offers an ultra-lightweight, open-ear construction to hear both your own audio and every sound around you with crystal clarity. DirectPitch\u2122 technology produces a full audio experience to immerse yourself in your favorite songs, podcasts, and audiobooks. A flexible ear hook design combines stability and comfort. Moments are precious, and OpenFit gives you the freedom to hear every one of them.\" \/>\n\t\t<meta property=\"og:url\" content=\"https:\/\/www.rucashk.com\/pt\/produto\/shokz-openfit-open-ear-true-wireless-bluetooth-headphones\/\" \/>\n\t\t<meta property=\"og:image\" content=\"https:\/\/www.rucashk.com\/wp-content\/uploads\/replace\/503b8e645f128a97ccde2b6290747646.jpeg\" \/>\n\t\t<meta property=\"og:image:secure_url\" content=\"https:\/\/www.rucashk.com\/wp-content\/uploads\/replace\/503b8e645f128a97ccde2b6290747646.jpeg\" \/>\n\t\t<meta property=\"og:image:width\" content=\"1456\" \/>\n\t\t<meta property=\"og:image:height\" content=\"816\" \/>\n\t\t<meta property=\"article:published_time\" content=\"2024-05-26T16:10:27+00:00\" \/>\n\t\t<meta property=\"article:modified_time\" content=\"2024-05-26T16:10:28+00:00\" \/>\n\t\t<meta name=\"twitter:card\" content=\"summary_large_image\" \/>\n\t\t<meta name=\"twitter:title\" content=\"SHOKZ OpenFit \u2013 Open-Ear True Wireless Bluetooth Headphones - Rucas - Wholesale and Distribution\" \/>\n\t\t<meta name=\"twitter:description\" content=\"OpenFit continues the Shokz open-ear concept to let users enjoy all-day comfort and hear their own soundtrack while staying open to the world around them. OpenFit offers an ultra-lightweight, open-ear construction to hear both your own audio and every sound around you with crystal clarity. DirectPitch\u2122 technology produces a full audio experience to immerse yourself in your favorite songs, podcasts, and audiobooks. A flexible ear hook design combines stability and comfort. Moments are precious, and OpenFit gives you the freedom to hear every one of them.\" \/>\n\t\t<meta name=\"twitter:image\" content=\"https:\/\/www.rucashk.com\/wp-content\/uploads\/replace\/503b8e645f128a97ccde2b6290747646.jpeg\" \/>\n\t\t<script type=\"application\/ld+json\" class=\"aioseo-schema\">\n\t\t\t{\"@context\":\"https:\\\/\\\/schema.org\",\"@graph\":[{\"@type\":\"BreadcrumbList\",\"@id\":\"https:\\\/\\\/www.rucashk.com\\\/pt\\\/produto\\\/shokz-openfit-open-ear-true-wireless-bluetooth-headphones\\\/#breadcrumblist\",\"itemListElement\":[{\"@type\":\"ListItem\",\"@id\":\"https:\\\/\\\/www.rucashk.com\\\/pt\\\/#listItem\",\"position\":1,\"name\":\"Home\",\"item\":\"https:\\\/\\\/www.rucashk.com\\\/pt\\\/\",\"nextItem\":\"https:\\\/\\\/www.rucashk.com\\\/pt\\\/produto\\\/shokz-openfit-open-ear-true-wireless-bluetooth-headphones\\\/#listItem\"},{\"@type\":\"ListItem\",\"@id\":\"https:\\\/\\\/www.rucashk.com\\\/pt\\\/produto\\\/shokz-openfit-open-ear-true-wireless-bluetooth-headphones\\\/#listItem\",\"position\":2,\"name\":\"SHOKZ OpenFit - Open-Ear True Wireless Bluetooth Headphones\",\"previousItem\":\"https:\\\/\\\/www.rucashk.com\\\/pt\\\/#listItem\"}]},{\"@type\":\"Organization\",\"@id\":\"https:\\\/\\\/www.rucashk.com\\\/pt\\\/#organization\",\"name\":\"Rucas\",\"url\":\"https:\\\/\\\/www.rucashk.com\\\/pt\\\/\",\"logo\":{\"@type\":\"ImageObject\",\"url\":\"https:\\\/\\\/www.rucashk.com\\\/wp-content\\\/uploads\\\/2023\\\/12\\\/Rucas_campany_logo.png\",\"@id\":\"https:\\\/\\\/www.rucashk.com\\\/pt\\\/produto\\\/shokz-openfit-open-ear-true-wireless-bluetooth-headphones\\\/#organizationLogo\",\"width\":221,\"height\":65},\"image\":{\"@id\":\"https:\\\/\\\/www.rucashk.com\\\/pt\\\/#organizationLogo\"}},{\"@type\":\"Person\",\"@id\":\"https:\\\/\\\/www.rucashk.com\\\/pt\\\/author\\\/admin\\\/#author\",\"url\":\"https:\\\/\\\/www.rucashk.com\\\/pt\\\/author\\\/admin\\\/\",\"name\":\"admin\",\"image\":{\"@type\":\"ImageObject\",\"@id\":\"https:\\\/\\\/www.rucashk.com\\\/pt\\\/produto\\\/shokz-openfit-open-ear-true-wireless-bluetooth-headphones\\\/#authorImage\",\"url\":\"https:\\\/\\\/secure.gravatar.com\\\/avatar\\\/b7c8925b09a27e72b30232f8ecaadbd5af0f70a38c78096863fe51b64f031c24?s=96&d=mm&r=g\",\"width\":96,\"height\":96,\"caption\":\"admin\"}},{\"@type\":\"WebPage\",\"@id\":\"https:\\\/\\\/www.rucashk.com\\\/pt\\\/produto\\\/shokz-openfit-open-ear-true-wireless-bluetooth-headphones\\\/#webpage\",\"url\":\"https:\\\/\\\/www.rucashk.com\\\/pt\\\/produto\\\/shokz-openfit-open-ear-true-wireless-bluetooth-headphones\\\/\",\"name\":\"SHOKZ OpenFit \\u2013 Open-Ear True Wireless Bluetooth Headphones - Rucas - Wholesale and Distribution\",\"description\":\"OpenFit continues the Shokz open-ear concept to let users enjoy all-day comfort and hear their own soundtrack while staying open to the world around them. OpenFit offers an ultra-lightweight, open-ear construction to hear both your own audio and every sound around you with crystal clarity. DirectPitch\\u2122 technology produces a full audio experience to immerse yourself in your favorite songs, podcasts, and audiobooks. A flexible ear hook design combines stability and comfort. Moments are precious, and OpenFit gives you the freedom to hear every one of them.\",\"inLanguage\":\"pt-PT\",\"isPartOf\":{\"@id\":\"https:\\\/\\\/www.rucashk.com\\\/pt\\\/#website\"},\"breadcrumb\":{\"@id\":\"https:\\\/\\\/www.rucashk.com\\\/pt\\\/produto\\\/shokz-openfit-open-ear-true-wireless-bluetooth-headphones\\\/#breadcrumblist\"},\"author\":{\"@id\":\"https:\\\/\\\/www.rucashk.com\\\/pt\\\/author\\\/admin\\\/#author\"},\"creator\":{\"@id\":\"https:\\\/\\\/www.rucashk.com\\\/pt\\\/author\\\/admin\\\/#author\"},\"image\":{\"@type\":\"ImageObject\",\"url\":\"https:\\\/\\\/www.rucashk.com\\\/wp-content\\\/uploads\\\/2024\\\/05\\\/Shokz_OpenFit_Beige-1__72026.jpg\",\"@id\":\"https:\\\/\\\/www.rucashk.com\\\/pt\\\/produto\\\/shokz-openfit-open-ear-true-wireless-bluetooth-headphones\\\/#mainImage\",\"width\":2000,\"height\":2000},\"primaryImageOfPage\":{\"@id\":\"https:\\\/\\\/www.rucashk.com\\\/pt\\\/produto\\\/shokz-openfit-open-ear-true-wireless-bluetooth-headphones\\\/#mainImage\"},\"datePublished\":\"2024-05-26T16:10:27+00:00\",\"dateModified\":\"2024-05-26T16:10:28+00:00\"},{\"@type\":\"WebSite\",\"@id\":\"https:\\\/\\\/www.rucashk.com\\\/pt\\\/#website\",\"url\":\"https:\\\/\\\/www.rucashk.com\\\/pt\\\/\",\"name\":\"Rucas - Wholesale and distribution worldwide\",\"alternateName\":\"Rucas - One-stop AIoT Distribution Worldwide\",\"description\":\"One-stop AIoT Distribution Worldwide\",\"inLanguage\":\"pt-PT\",\"publisher\":{\"@id\":\"https:\\\/\\\/www.rucashk.com\\\/pt\\\/#organization\"}}]}\n\t\t<\/script>\n\t\t<!-- All in One SEO Pro -->\r\n\t\t<title>SHOKZ OpenFit \u2013 Open-Ear True Wireless Bluetooth Headphones - Rucas - Wholesale and Distribution<\/title>\n\n","aioseo_head_json":{"title":"SHOKZ OpenFit \u2013 Open-Ear True Wireless Bluetooth Headphones - Rucas - Wholesale and Distribution","description":"OpenFit continues the Shokz open-ear concept to let users enjoy all-day comfort and hear their own soundtrack while staying open to the world around them. OpenFit offers an ultra-lightweight, open-ear construction to hear both your own audio and every sound around you with crystal clarity. DirectPitch\u2122 technology produces a full audio experience to immerse yourself in your favorite songs, podcasts, and audiobooks. A flexible ear hook design combines stability and comfort. Moments are precious, and OpenFit gives you the freedom to hear every one of them.","canonical_url":"https:\/\/www.rucashk.com\/pt\/produto\/shokz-openfit-open-ear-true-wireless-bluetooth-headphones\/","robots":"max-image-preview:large","keywords":"","webmasterTools":{"miscellaneous":""},"og:locale":"pt_PT","og:site_name":"Rucas - One-stop AIoT Distribution Worldwide","og:type":"article","og:title":"SHOKZ OpenFit \u2013 Open-Ear True Wireless Bluetooth Headphones - Rucas - Wholesale and Distribution","og:description":"OpenFit continues the Shokz open-ear concept to let users enjoy all-day comfort and hear their own soundtrack while staying open to the world around them. OpenFit offers an ultra-lightweight, open-ear construction to hear both your own audio and every sound around you with crystal clarity. DirectPitch\u2122 technology produces a full audio experience to immerse yourself in your favorite songs, podcasts, and audiobooks. A flexible ear hook design combines stability and comfort. Moments are precious, and OpenFit gives you the freedom to hear every one of them.","og:url":"https:\/\/www.rucashk.com\/pt\/produto\/shokz-openfit-open-ear-true-wireless-bluetooth-headphones\/","og:image":"https:\/\/www.rucashk.com\/wp-content\/uploads\/replace\/503b8e645f128a97ccde2b6290747646.jpeg","og:image:secure_url":"https:\/\/www.rucashk.com\/wp-content\/uploads\/replace\/503b8e645f128a97ccde2b6290747646.jpeg","og:image:width":1456,"og:image:height":816,"article:published_time":"2024-05-26T16:10:27+00:00","article:modified_time":"2024-05-26T16:10:28+00:00","twitter:card":"summary_large_image","twitter:title":"SHOKZ OpenFit \u2013 Open-Ear True Wireless Bluetooth Headphones - Rucas - Wholesale and Distribution","twitter:description":"OpenFit continues the Shokz open-ear concept to let users enjoy all-day comfort and hear their own soundtrack while staying open to the world around them. OpenFit offers an ultra-lightweight, open-ear construction to hear both your own audio and every sound around you with crystal clarity. DirectPitch\u2122 technology produces a full audio experience to immerse yourself in your favorite songs, podcasts, and audiobooks. A flexible ear hook design combines stability and comfort. Moments are precious, and OpenFit gives you the freedom to hear every one of them.","twitter:image":"https:\/\/www.rucashk.com\/wp-content\/uploads\/replace\/503b8e645f128a97ccde2b6290747646.jpeg","schema":{"@context":"https:\/\/schema.org","@graph":[{"@type":"BreadcrumbList","@id":"https:\/\/www.rucashk.com\/pt\/produto\/shokz-openfit-open-ear-true-wireless-bluetooth-headphones\/#breadcrumblist","itemListElement":[{"@type":"ListItem","@id":"https:\/\/www.rucashk.com\/pt\/#listItem","position":1,"name":"Home","item":"https:\/\/www.rucashk.com\/pt\/","nextItem":"https:\/\/www.rucashk.com\/pt\/produto\/shokz-openfit-open-ear-true-wireless-bluetooth-headphones\/#listItem"},{"@type":"ListItem","@id":"https:\/\/www.rucashk.com\/pt\/produto\/shokz-openfit-open-ear-true-wireless-bluetooth-headphones\/#listItem","position":2,"name":"SHOKZ OpenFit - Open-Ear True Wireless Bluetooth Headphones","previousItem":"https:\/\/www.rucashk.com\/pt\/#listItem"}]},{"@type":"Organization","@id":"https:\/\/www.rucashk.com\/pt\/#organization","name":"Rucas","url":"https:\/\/www.rucashk.com\/pt\/","logo":{"@type":"ImageObject","url":"https:\/\/www.rucashk.com\/wp-content\/uploads\/2023\/12\/Rucas_campany_logo.png","@id":"https:\/\/www.rucashk.com\/pt\/produto\/shokz-openfit-open-ear-true-wireless-bluetooth-headphones\/#organizationLogo","width":221,"height":65},"image":{"@id":"https:\/\/www.rucashk.com\/pt\/#organizationLogo"}},{"@type":"Person","@id":"https:\/\/www.rucashk.com\/pt\/author\/admin\/#author","url":"https:\/\/www.rucashk.com\/pt\/author\/admin\/","name":"admin","image":{"@type":"ImageObject","@id":"https:\/\/www.rucashk.com\/pt\/produto\/shokz-openfit-open-ear-true-wireless-bluetooth-headphones\/#authorImage","url":"https:\/\/secure.gravatar.com\/avatar\/b7c8925b09a27e72b30232f8ecaadbd5af0f70a38c78096863fe51b64f031c24?s=96&d=mm&r=g","width":96,"height":96,"caption":"admin"}},{"@type":"WebPage","@id":"https:\/\/www.rucashk.com\/pt\/produto\/shokz-openfit-open-ear-true-wireless-bluetooth-headphones\/#webpage","url":"https:\/\/www.rucashk.com\/pt\/produto\/shokz-openfit-open-ear-true-wireless-bluetooth-headphones\/","name":"SHOKZ OpenFit \u2013 Open-Ear True Wireless Bluetooth Headphones - Rucas - Wholesale and Distribution","description":"OpenFit continues the Shokz open-ear concept to let users enjoy all-day comfort and hear their own soundtrack while staying open to the world around them. OpenFit offers an ultra-lightweight, open-ear construction to hear both your own audio and every sound around you with crystal clarity. DirectPitch\u2122 technology produces a full audio experience to immerse yourself in your favorite songs, podcasts, and audiobooks. A flexible ear hook design combines stability and comfort. Moments are precious, and OpenFit gives you the freedom to hear every one of them.","inLanguage":"pt-PT","isPartOf":{"@id":"https:\/\/www.rucashk.com\/pt\/#website"},"breadcrumb":{"@id":"https:\/\/www.rucashk.com\/pt\/produto\/shokz-openfit-open-ear-true-wireless-bluetooth-headphones\/#breadcrumblist"},"author":{"@id":"https:\/\/www.rucashk.com\/pt\/author\/admin\/#author"},"creator":{"@id":"https:\/\/www.rucashk.com\/pt\/author\/admin\/#author"},"image":{"@type":"ImageObject","url":"https:\/\/www.rucashk.com\/wp-content\/uploads\/2024\/05\/Shokz_OpenFit_Beige-1__72026.jpg","@id":"https:\/\/www.rucashk.com\/pt\/produto\/shokz-openfit-open-ear-true-wireless-bluetooth-headphones\/#mainImage","width":2000,"height":2000},"primaryImageOfPage":{"@id":"https:\/\/www.rucashk.com\/pt\/produto\/shokz-openfit-open-ear-true-wireless-bluetooth-headphones\/#mainImage"},"datePublished":"2024-05-26T16:10:27+00:00","dateModified":"2024-05-26T16:10:28+00:00"},{"@type":"WebSite","@id":"https:\/\/www.rucashk.com\/pt\/#website","url":"https:\/\/www.rucashk.com\/pt\/","name":"Rucas - Wholesale and distribution worldwide","alternateName":"Rucas - One-stop AIoT Distribution Worldwide","description":"One-stop AIoT Distribution Worldwide","inLanguage":"pt-PT","publisher":{"@id":"https:\/\/www.rucashk.com\/pt\/#organization"}}]}},"aioseo_meta_data":{"post_id":"41221","title":null,"description":null,"keywords":"[]","keyphrases":"{\"focus\":{\"keyphrase\":\"\",\"score\":0,\"analysis\":{\"keyphraseInTitle\":{\"score\":0,\"maxScore\":9,\"error\":1}}},\"additional\":[]}","primary_term":null,"canonical_url":null,"og_title":null,"og_description":null,"og_object_type":"default","og_image_type":"default","og_image_url":null,"og_image_width":null,"og_image_height":null,"og_image_custom_url":null,"og_image_custom_fields":null,"og_video":"","og_custom_url":null,"og_article_section":null,"og_article_tags":"[]","twitter_use_og":false,"twitter_card":"default","twitter_image_type":"default","twitter_image_url":null,"twitter_image_custom_url":null,"twitter_image_custom_fields":null,"twitter_title":null,"twitter_description":null,"schema":{"blockGraphs":[],"customGraphs":[],"default":{"data":{"Article":[],"Course":[],"Dataset":[],"FAQPage":[],"Movie":[],"Person":[],"Product":[],"Recipe":[],"Service":[],"SoftwareApplication":[],"WebPage":[]},"graphName":"Product","isEnabled":true},"graphs":[]},"schema_type":"default","schema_type_options":null,"pillar_content":false,"robots_default":true,"robots_noindex":false,"robots_noarchive":false,"robots_nosnippet":false,"robots_nofollow":false,"robots_noimageindex":false,"robots_noodp":false,"robots_notranslate":false,"robots_max_snippet":"-1","robots_max_videopreview":"-1","robots_max_imagepreview":"large","priority":null,"frequency":"default","local_seo":null,"breadcrumb_settings":null,"limit_modified_date":false,"created":"2024-05-26 16:10:28","updated":"2025-06-22 18:55:55"},"aioseo_breadcrumb":"<div class=\"aioseo-breadcrumbs\"><span class=\"aioseo-breadcrumb\">\n\t<a href=\"https:\/\/www.rucashk.com\/pt\" title=\"Home\">Home<\/a>\n<\/span><span class=\"aioseo-breadcrumb-separator\">&raquo;<\/span><span class=\"aioseo-breadcrumb\">\n\t<a href=\"https:\/\/www.rucashk.com\/pt\/products\/\" title=\"Produtos\">Produtos<\/a>\n<\/span><span class=\"aioseo-breadcrumb-separator\">&raquo;<\/span><span class=\"aioseo-breadcrumb\">\n\t<a href=\"https:\/\/www.rucashk.com\/pt\/marca\/shokz\/\" title=\"Shokz\">Shokz<\/a>\n<\/span><span class=\"aioseo-breadcrumb-separator\">&raquo;<\/span><span class=\"aioseo-breadcrumb\">\n\tSHOKZ OpenFit \u2013 Open-Ear True Wireless Bluetooth Headphones\n<\/span><\/div>","aioseo_breadcrumb_json":[{"label":"Home","link":"https:\/\/www.rucashk.com\/pt"},{"label":"Produtos","link":"https:\/\/www.rucashk.com\/pt\/products\/"},{"label":"Shokz","link":"https:\/\/www.rucashk.com\/pt\/marca\/shokz\/"},{"label":"SHOKZ OpenFit &#8211; Open-Ear True Wireless Bluetooth Headphones","link":"https:\/\/www.rucashk.com\/pt\/produto\/shokz-openfit-open-ear-true-wireless-bluetooth-headphones\/"}],"_links":{"self":[{"href":"https:\/\/www.rucashk.com\/pt\/wp-json\/wp\/v2\/product\/41221","targetHints":{"allow":["GET"]}}],"collection":[{"href":"https:\/\/www.rucashk.com\/pt\/wp-json\/wp\/v2\/product"}],"about":[{"href":"https:\/\/www.rucashk.com\/pt\/wp-json\/wp\/v2\/types\/product"}],"wp:featuredmedia":[{"embeddable":true,"href":"https:\/\/www.rucashk.com\/pt\/wp-json\/wp\/v2\/media\/41223"}],"wp:attachment":[{"href":"https:\/\/www.rucashk.com\/pt\/wp-json\/wp\/v2\/media?parent=41221"}],"wp:term":[{"taxonomy":"product_brand","embeddable":true,"href":"https:\/\/www.rucashk.com\/pt\/wp-json\/wp\/v2\/product_brand?post=41221"},{"taxonomy":"product_cat","embeddable":true,"href":"https:\/\/www.rucashk.com\/pt\/wp-json\/wp\/v2\/product_cat?post=41221"},{"taxonomy":"product_tag","embeddable":true,"href":"https:\/\/www.rucashk.com\/pt\/wp-json\/wp\/v2\/product_tag?post=41221"}],"curies":[{"name":"wp","href":"https:\/\/api.w.org\/{rel}","templated":true}]}}