{"id":41072,"date":"2024-04-18T15:33:23","date_gmt":"2024-04-18T15:33:23","guid":{"rendered":"https:\/\/www.rucashk.com\/?post_type=product&#038;p=41072"},"modified":"2024-04-18T15:33:24","modified_gmt":"2024-04-18T15:33:24","slug":"jbl-go-4-ultra-portable-bluetooth-speaker","status":"publish","type":"product","link":"https:\/\/www.rucashk.com\/pt\/produto\/jbl-go-4-ultra-portable-bluetooth-speaker\/","title":{"rendered":"Alto-falante Bluetooth ultraport\u00e1til JBL GO 4"},"content":{"rendered":"<div class=\"pdp-lifestyle-features-container\">\n<div class=\"lifestyle-feature\"><picture class=\"carousel-images-container\"><img decoding=\"async\" src=\"\/wp-content\/uploads\/replace\/274c08e93fc521d750ce908a249ce87e.png\" alt=\"JBL Go 4 Ultra-portable JBL Pro Sound with punchier bass - Image\" \/><\/picture><\/div>\n<div class=\"lifestyle-feature\"><picture class=\"carousel-images-container\"><source srcset=\"https:\/\/uk.jbl.com\/dw\/image\/v2\/BFND_PRD\/on\/demandware.static\/-\/Sites-masterCatalog_Harman\/default\/dwb2119b2c\/pdp\/JBL_GO_4_LIFESTYLE_03_904x560px.png?sw=1356&amp;sh=840, https:\/\/uk.jbl.com\/dw\/image\/v2\/BFND_PRD\/on\/demandware.static\/-\/Sites-masterCatalog_Harman\/default\/dwb2119b2c\/pdp\/JBL_GO_4_LIFESTYLE_03_904x560px.png?sw=2034&amp;sh=1260 2x\" media=\"(min-width: 1200px)\" \/><source srcset=\"\/wp-content\/uploads\/replace\/54499479f7625b3fcb42401456b59ae3.png, https:\/\/uk.jbl.com\/dw\/image\/v2\/BFND_PRD\/on\/demandware.static\/-\/Sites-masterCatalog_Harman\/default\/dwb2119b2c\/pdp\/JBL_GO_4_LIFESTYLE_03_904x560px.png?sw=1356&amp;sh=840 2x \" media=\"(min-width: 992px) and (max-width: 1199.98px)\" \/><source srcset=\"\/wp-content\/uploads\/replace\/54499479f7625b3fcb42401456b59ae3.png, https:\/\/uk.jbl.com\/dw\/image\/v2\/BFND_PRD\/on\/demandware.static\/-\/Sites-masterCatalog_Harman\/default\/dwb2119b2c\/pdp\/JBL_GO_4_LIFESTYLE_03_904x560px.png?sw=453&amp;sh=453%202x\" media=\"(min-width: 768px) and (max-width: 991.98px)\" \/><source srcset=\"https:\/\/uk.jbl.com\/dw\/image\/v2\/BFND_PRD\/on\/demandware.static\/-\/Sites-masterCatalog_Harman\/default\/dwb2119b2c\/pdp\/JBL_GO_4_LIFESTYLE_03_904x560px.png?sw=390&amp;sh=241, https:\/\/uk.jbl.com\/dw\/image\/v2\/BFND_PRD\/on\/demandware.static\/-\/Sites-masterCatalog_Harman\/default\/dwb2119b2c\/pdp\/JBL_GO_4_LIFESTYLE_03_904x560px.png?sw=390&amp;sh=241%202x\" media=\"(min-width: 576px) and (max-width: 767.98px)\" \/><source srcset=\"https:\/\/uk.jbl.com\/dw\/image\/v2\/BFND_PRD\/on\/demandware.static\/-\/Sites-masterCatalog_Harman\/default\/dwb2119b2c\/pdp\/JBL_GO_4_LIFESTYLE_03_904x560px.png?sw=390&amp;sh=241, https:\/\/uk.jbl.com\/dw\/image\/v2\/BFND_PRD\/on\/demandware.static\/-\/Sites-masterCatalog_Harman\/default\/dwb2119b2c\/pdp\/JBL_GO_4_LIFESTYLE_03_904x560px.png?sw=390&amp;sh=241%202x\" media=\"(max-width: 575px)\" \/><img decoding=\"async\" src=\"\/wp-content\/uploads\/replace\/54499479f7625b3fcb42401456b59ae3.png\" alt=\"JBL Go 4 Up to 7 hours of playtime plus 2 hours with Playtime Boost - Image\" \/><\/picture><\/div>\n<div class=\"lifestyle-feature\"><picture class=\"carousel-images-container\"><source srcset=\"https:\/\/uk.jbl.com\/dw\/image\/v2\/BFND_PRD\/on\/demandware.static\/-\/Sites-masterCatalog_Harman\/default\/dw37e70e80\/pdp\/JBL_GO_4_LIFESTYLE_02_904x560px.png?sw=1356&amp;sh=840, https:\/\/uk.jbl.com\/dw\/image\/v2\/BFND_PRD\/on\/demandware.static\/-\/Sites-masterCatalog_Harman\/default\/dw37e70e80\/pdp\/JBL_GO_4_LIFESTYLE_02_904x560px.png?sw=2034&amp;sh=1260 2x\" media=\"(min-width: 1200px)\" \/><source srcset=\"\/wp-content\/uploads\/replace\/689e575ae9ae5729395e1483a4ebd8be.png, https:\/\/uk.jbl.com\/dw\/image\/v2\/BFND_PRD\/on\/demandware.static\/-\/Sites-masterCatalog_Harman\/default\/dw37e70e80\/pdp\/JBL_GO_4_LIFESTYLE_02_904x560px.png?sw=1356&amp;sh=840 2x \" media=\"(min-width: 992px) and (max-width: 1199.98px)\" \/><source srcset=\"\/wp-content\/uploads\/replace\/689e575ae9ae5729395e1483a4ebd8be.png, https:\/\/uk.jbl.com\/dw\/image\/v2\/BFND_PRD\/on\/demandware.static\/-\/Sites-masterCatalog_Harman\/default\/dw37e70e80\/pdp\/JBL_GO_4_LIFESTYLE_02_904x560px.png?sw=453&amp;sh=453%202x\" media=\"(min-width: 768px) and (max-width: 991.98px)\" \/><source srcset=\"https:\/\/uk.jbl.com\/dw\/image\/v2\/BFND_PRD\/on\/demandware.static\/-\/Sites-masterCatalog_Harman\/default\/dw37e70e80\/pdp\/JBL_GO_4_LIFESTYLE_02_904x560px.png?sw=390&amp;sh=241, https:\/\/uk.jbl.com\/dw\/image\/v2\/BFND_PRD\/on\/demandware.static\/-\/Sites-masterCatalog_Harman\/default\/dw37e70e80\/pdp\/JBL_GO_4_LIFESTYLE_02_904x560px.png?sw=390&amp;sh=241%202x\" media=\"(min-width: 576px) and (max-width: 767.98px)\" \/><source srcset=\"https:\/\/uk.jbl.com\/dw\/image\/v2\/BFND_PRD\/on\/demandware.static\/-\/Sites-masterCatalog_Harman\/default\/dw37e70e80\/pdp\/JBL_GO_4_LIFESTYLE_02_904x560px.png?sw=390&amp;sh=241, https:\/\/uk.jbl.com\/dw\/image\/v2\/BFND_PRD\/on\/demandware.static\/-\/Sites-masterCatalog_Harman\/default\/dw37e70e80\/pdp\/JBL_GO_4_LIFESTYLE_02_904x560px.png?sw=390&amp;sh=241%202x\" media=\"(max-width: 575px)\" \/><img decoding=\"async\" src=\"\/wp-content\/uploads\/replace\/689e575ae9ae5729395e1483a4ebd8be.png\" alt=\"JBL Go 4 Waterproof and dustproof - Image\" \/><\/picture><\/div>\n<\/div>\n<div><\/div>\n<div>Leve o grande som JBL Pro onde quer que voc\u00ea v\u00e1. O ousado e colorido alto-falante Bluetooth ultraport\u00e1til JBL Go 4 cabe na palma da sua m\u00e3o, proporcionando som JBL Pro n\u00edtido e alto com graves ricos e potentes. Seu loop integrado recentemente redesenhado facilita o transporte para qualquer lugar, e a variedade de cores significa que voc\u00ea pode escolher aquela que se adapta \u00e0 sua vibra\u00e7\u00e3o. Al\u00e9m disso, \u00e9 \u00e0 prova d&#039;\u00e1gua e \u00e0 prova de poeira, por isso adora sair de casa. E at\u00e9 7 horas de reprodu\u00e7\u00e3o significam que ele manter\u00e1 os bons momentos durante uma divertida viagem de um dia ou uma noite relaxando sob as estrelas. Emparelhe dois Go 4s para som est\u00e9reo ou conecte sem fio v\u00e1rios alto-falantes habilitados para JBL Auracast para obter um som ainda maior. Aumente o volume e deixe sua m\u00fasica lev\u00e1-lo a qualquer lugar.<\/div>\n<div>\n<p>Leve o poderoso som JBL Pro com voc\u00ea onde quer que voc\u00ea v\u00e1. O alto-falante Bluetooth JBL Go 4 ultraport\u00e1til, colorido e ousado cabe na palma da sua m\u00e3o, proporcionando um som JBL Pro n\u00edtido e poderoso com graves ricos e potentes. Seu loop integrado redesenhado facilita o transporte para qualquer lugar.<\/p>\n<p>Resistente \u00e0 \u00e1gua e ao p\u00f3, gra\u00e7as ao seu design IP67, foi concebido para utiliza\u00e7\u00e3o no exterior e ir\u00e1 acompanh\u00e1-lo na praia, na piscina, nas caminhadas ou nas suas viagens.<\/p>\n<p>Com 7 horas de bateria e carregamento por USB-C, voc\u00ea poder\u00e1 desfrutar de um \u00f3timo dia fora ou de uma noite sob as estrelas. Se precisar, basta pressionar Playtime Boost para prolongar a vida \u00fatil da bateria, somando at\u00e9 2 horas de autonomia.<\/p>\n<p>Tocar sua m\u00fasica n\u00e3o poderia ser mais f\u00e1cil! Conecte seu smartphone ao GO 4 via Bluetooth 5.3 e curta sua playlist, ou emparelhe dois alto-falantes Go 4 para som est\u00e9reo, ou conecte v\u00e1rios alto-falantes JBL compat\u00edveis com Auracast sem fio. Aumente o volume e deixe sua m\u00fasica lev\u00e1-lo a qualquer lugar.<\/p>\n<\/div>","protected":false},"excerpt":{"rendered":"<ul>\n<li><strong>Mini alto-falante sem fio port\u00e1til<\/strong><\/li>\n<li><strong>Bluetooth 5.3\u00a0<\/strong>tecnologia<\/li>\n<li>Motorista: 45mm<\/li>\n<li>Som impressionante para seu tamanho<\/li>\n<li><strong>Design totalmente \u00e0 prova d&#039;\u00e1gua<\/strong>: Gabinete IP67<\/li>\n<li>Design aprimorado com al\u00e7a mais larga e dur\u00e1vel<\/li>\n<li>Controles intuitivos<\/li>\n<li>Bateria recarreg\u00e1vel de \u00edon de l\u00edtio:\u00a0<strong>at\u00e9 7 horas de autonomia + 2 horas com Playtime Boost<\/strong><\/li>\n<li>Carregando via porta USB-C<\/li>\n<\/ul>","protected":false},"featured_media":41081,"template":"","meta":[],"product_brand":[1354],"product_cat":[1285],"product_tag":[1357],"class_list":{"0":"post-41072","1":"product","2":"type-product","3":"status-publish","4":"has-post-thumbnail","6":"product_brand-jbl","7":"product_cat-jbl-speaker","8":"product_tag-speaker","10":"first","11":"instock","12":"shipping-taxable","13":"product-type-simple"},"aioseo_notices":[],"aioseo_head":"\n\t\t<!-- All in One SEO Pro 4.5.9.2 - aioseo.com -->\n\t\t<meta name=\"description\" content=\"Portable wireless mini speaker Bluetooth 5.3 technology Driver: 45 mm Impressive sound for its size Fully waterproof design: IP67 enclosure Improved design with wider, more durable strap Intuitive controls Rechargeable lithium-ion battery: up to 7 hours of autonomy + 2 hours with Playtime Boost Charging via USB-C port\" \/>\n\t\t<meta name=\"robots\" content=\"max-image-preview:large\" \/>\n\t\t<link rel=\"canonical\" href=\"https:\/\/www.rucashk.com\/pt\/produto\/jbl-go-4-ultra-portable-bluetooth-speaker\/\" \/>\n\t\t<meta name=\"generator\" content=\"All in One SEO Pro (AIOSEO) 4.5.9.2\" \/>\n\t\t<meta property=\"og:locale\" content=\"pt_PT\" \/>\n\t\t<meta property=\"og:site_name\" content=\"Rucas - One-stop AIoT Distribution Worldwide\" \/>\n\t\t<meta property=\"og:type\" content=\"article\" \/>\n\t\t<meta property=\"og:title\" content=\"JBL GO 4 Ultra-Portable Bluetooth Speaker - Rucas - Wholesale and Distribution\" \/>\n\t\t<meta property=\"og:description\" content=\"Portable wireless mini speaker Bluetooth 5.3 technology Driver: 45 mm Impressive sound for its size Fully waterproof design: IP67 enclosure Improved design with wider, more durable strap Intuitive controls Rechargeable lithium-ion battery: up to 7 hours of autonomy + 2 hours with Playtime Boost Charging via USB-C port\" \/>\n\t\t<meta property=\"og:url\" content=\"https:\/\/www.rucashk.com\/pt\/produto\/jbl-go-4-ultra-portable-bluetooth-speaker\/\" \/>\n\t\t<meta property=\"og:image\" content=\"https:\/\/www.rucashk.com\/wp-content\/uploads\/replace\/503b8e645f128a97ccde2b6290747646.jpeg\" \/>\n\t\t<meta property=\"og:image:secure_url\" content=\"https:\/\/www.rucashk.com\/wp-content\/uploads\/replace\/503b8e645f128a97ccde2b6290747646.jpeg\" \/>\n\t\t<meta property=\"og:image:width\" content=\"1456\" \/>\n\t\t<meta property=\"og:image:height\" content=\"816\" \/>\n\t\t<meta property=\"article:published_time\" content=\"2024-04-18T15:33:23+00:00\" \/>\n\t\t<meta property=\"article:modified_time\" content=\"2024-04-18T15:33:24+00:00\" \/>\n\t\t<meta name=\"twitter:card\" content=\"summary_large_image\" \/>\n\t\t<meta name=\"twitter:title\" content=\"JBL GO 4 Ultra-Portable Bluetooth Speaker - Rucas - Wholesale and Distribution\" \/>\n\t\t<meta name=\"twitter:description\" content=\"Portable wireless mini speaker Bluetooth 5.3 technology Driver: 45 mm Impressive sound for its size Fully waterproof design: IP67 enclosure Improved design with wider, more durable strap Intuitive controls Rechargeable lithium-ion battery: up to 7 hours of autonomy + 2 hours with Playtime Boost Charging via USB-C port\" \/>\n\t\t<meta name=\"twitter:image\" content=\"https:\/\/www.rucashk.com\/wp-content\/uploads\/replace\/503b8e645f128a97ccde2b6290747646.jpeg\" \/>\n\t\t<script type=\"application\/ld+json\" class=\"aioseo-schema\">\n\t\t\t{\"@context\":\"https:\\\/\\\/schema.org\",\"@graph\":[{\"@type\":\"BreadcrumbList\",\"@id\":\"https:\\\/\\\/www.rucashk.com\\\/pt\\\/produto\\\/jbl-go-4-ultra-portable-bluetooth-speaker\\\/#breadcrumblist\",\"itemListElement\":[{\"@type\":\"ListItem\",\"@id\":\"https:\\\/\\\/www.rucashk.com\\\/pt\\\/#listItem\",\"position\":1,\"name\":\"Home\",\"item\":\"https:\\\/\\\/www.rucashk.com\\\/pt\\\/\",\"nextItem\":\"https:\\\/\\\/www.rucashk.com\\\/pt\\\/produto\\\/jbl-go-4-ultra-portable-bluetooth-speaker\\\/#listItem\"},{\"@type\":\"ListItem\",\"@id\":\"https:\\\/\\\/www.rucashk.com\\\/pt\\\/produto\\\/jbl-go-4-ultra-portable-bluetooth-speaker\\\/#listItem\",\"position\":2,\"name\":\"JBL GO 4 Ultra-Portable Bluetooth Speaker\",\"previousItem\":\"https:\\\/\\\/www.rucashk.com\\\/pt\\\/#listItem\"}]},{\"@type\":\"Organization\",\"@id\":\"https:\\\/\\\/www.rucashk.com\\\/pt\\\/#organization\",\"name\":\"Rucas\",\"url\":\"https:\\\/\\\/www.rucashk.com\\\/pt\\\/\",\"logo\":{\"@type\":\"ImageObject\",\"url\":\"https:\\\/\\\/www.rucashk.com\\\/wp-content\\\/uploads\\\/2023\\\/12\\\/Rucas_campany_logo.png\",\"@id\":\"https:\\\/\\\/www.rucashk.com\\\/pt\\\/produto\\\/jbl-go-4-ultra-portable-bluetooth-speaker\\\/#organizationLogo\",\"width\":221,\"height\":65},\"image\":{\"@id\":\"https:\\\/\\\/www.rucashk.com\\\/pt\\\/#organizationLogo\"}},{\"@type\":\"Person\",\"@id\":\"https:\\\/\\\/www.rucashk.com\\\/pt\\\/author\\\/admin\\\/#author\",\"url\":\"https:\\\/\\\/www.rucashk.com\\\/pt\\\/author\\\/admin\\\/\",\"name\":\"admin\",\"image\":{\"@type\":\"ImageObject\",\"@id\":\"https:\\\/\\\/www.rucashk.com\\\/pt\\\/produto\\\/jbl-go-4-ultra-portable-bluetooth-speaker\\\/#authorImage\",\"url\":\"https:\\\/\\\/secure.gravatar.com\\\/avatar\\\/b7c8925b09a27e72b30232f8ecaadbd5af0f70a38c78096863fe51b64f031c24?s=96&d=mm&r=g\",\"width\":96,\"height\":96,\"caption\":\"admin\"}},{\"@type\":\"WebPage\",\"@id\":\"https:\\\/\\\/www.rucashk.com\\\/pt\\\/produto\\\/jbl-go-4-ultra-portable-bluetooth-speaker\\\/#webpage\",\"url\":\"https:\\\/\\\/www.rucashk.com\\\/pt\\\/produto\\\/jbl-go-4-ultra-portable-bluetooth-speaker\\\/\",\"name\":\"JBL GO 4 Ultra-Portable Bluetooth Speaker - Rucas - Wholesale and Distribution\",\"description\":\"Portable wireless mini speaker Bluetooth 5.3 technology Driver: 45 mm Impressive sound for its size Fully waterproof design: IP67 enclosure Improved design with wider, more durable strap Intuitive controls Rechargeable lithium-ion battery: up to 7 hours of autonomy + 2 hours with Playtime Boost Charging via USB-C port\",\"inLanguage\":\"pt-PT\",\"isPartOf\":{\"@id\":\"https:\\\/\\\/www.rucashk.com\\\/pt\\\/#website\"},\"breadcrumb\":{\"@id\":\"https:\\\/\\\/www.rucashk.com\\\/pt\\\/produto\\\/jbl-go-4-ultra-portable-bluetooth-speaker\\\/#breadcrumblist\"},\"author\":{\"@id\":\"https:\\\/\\\/www.rucashk.com\\\/pt\\\/author\\\/admin\\\/#author\"},\"creator\":{\"@id\":\"https:\\\/\\\/www.rucashk.com\\\/pt\\\/author\\\/admin\\\/#author\"},\"image\":{\"@type\":\"ImageObject\",\"url\":\"https:\\\/\\\/www.rucashk.com\\\/wp-content\\\/uploads\\\/2024\\\/04\\\/42c81ccb-5cb4-4b90-8bb3-875f51039014-1.png\",\"@id\":\"https:\\\/\\\/www.rucashk.com\\\/pt\\\/produto\\\/jbl-go-4-ultra-portable-bluetooth-speaker\\\/#mainImage\",\"width\":680,\"height\":680},\"primaryImageOfPage\":{\"@id\":\"https:\\\/\\\/www.rucashk.com\\\/pt\\\/produto\\\/jbl-go-4-ultra-portable-bluetooth-speaker\\\/#mainImage\"},\"datePublished\":\"2024-04-18T15:33:23+00:00\",\"dateModified\":\"2024-04-18T15:33:24+00:00\"},{\"@type\":\"WebSite\",\"@id\":\"https:\\\/\\\/www.rucashk.com\\\/pt\\\/#website\",\"url\":\"https:\\\/\\\/www.rucashk.com\\\/pt\\\/\",\"name\":\"Rucas - Wholesale and distribution worldwide\",\"alternateName\":\"Rucas - One-stop AIoT Distribution Worldwide\",\"description\":\"One-stop AIoT Distribution Worldwide\",\"inLanguage\":\"pt-PT\",\"publisher\":{\"@id\":\"https:\\\/\\\/www.rucashk.com\\\/pt\\\/#organization\"}}]}\n\t\t<\/script>\n\t\t<!-- All in One SEO Pro -->\r\n\t\t<title>JBL GO 4 Ultra-Portable Bluetooth Speaker - Rucas - Wholesale and Distribution<\/title>\n\n","aioseo_head_json":{"title":"JBL GO 4 Ultra-Portable Bluetooth Speaker - Rucas - Wholesale and Distribution","description":"Portable wireless mini speaker Bluetooth 5.3 technology Driver: 45 mm Impressive sound for its size Fully waterproof design: IP67 enclosure Improved design with wider, more durable strap Intuitive controls Rechargeable lithium-ion battery: up to 7 hours of autonomy + 2 hours with Playtime Boost Charging via USB-C port","canonical_url":"https:\/\/www.rucashk.com\/pt\/produto\/jbl-go-4-ultra-portable-bluetooth-speaker\/","robots":"max-image-preview:large","keywords":"","webmasterTools":{"miscellaneous":""},"og:locale":"pt_PT","og:site_name":"Rucas - One-stop AIoT Distribution Worldwide","og:type":"article","og:title":"JBL GO 4 Ultra-Portable Bluetooth Speaker - Rucas - Wholesale and Distribution","og:description":"Portable wireless mini speaker Bluetooth 5.3 technology Driver: 45 mm Impressive sound for its size Fully waterproof design: IP67 enclosure Improved design with wider, more durable strap Intuitive controls Rechargeable lithium-ion battery: up to 7 hours of autonomy + 2 hours with Playtime Boost Charging via USB-C port","og:url":"https:\/\/www.rucashk.com\/pt\/produto\/jbl-go-4-ultra-portable-bluetooth-speaker\/","og:image":"https:\/\/www.rucashk.com\/wp-content\/uploads\/replace\/503b8e645f128a97ccde2b6290747646.jpeg","og:image:secure_url":"https:\/\/www.rucashk.com\/wp-content\/uploads\/replace\/503b8e645f128a97ccde2b6290747646.jpeg","og:image:width":1456,"og:image:height":816,"article:published_time":"2024-04-18T15:33:23+00:00","article:modified_time":"2024-04-18T15:33:24+00:00","twitter:card":"summary_large_image","twitter:title":"JBL GO 4 Ultra-Portable Bluetooth Speaker - Rucas - Wholesale and Distribution","twitter:description":"Portable wireless mini speaker Bluetooth 5.3 technology Driver: 45 mm Impressive sound for its size Fully waterproof design: IP67 enclosure Improved design with wider, more durable strap Intuitive controls Rechargeable lithium-ion battery: up to 7 hours of autonomy + 2 hours with Playtime Boost Charging via USB-C port","twitter:image":"https:\/\/www.rucashk.com\/wp-content\/uploads\/replace\/503b8e645f128a97ccde2b6290747646.jpeg","schema":{"@context":"https:\/\/schema.org","@graph":[{"@type":"BreadcrumbList","@id":"https:\/\/www.rucashk.com\/pt\/produto\/jbl-go-4-ultra-portable-bluetooth-speaker\/#breadcrumblist","itemListElement":[{"@type":"ListItem","@id":"https:\/\/www.rucashk.com\/pt\/#listItem","position":1,"name":"Home","item":"https:\/\/www.rucashk.com\/pt\/","nextItem":"https:\/\/www.rucashk.com\/pt\/produto\/jbl-go-4-ultra-portable-bluetooth-speaker\/#listItem"},{"@type":"ListItem","@id":"https:\/\/www.rucashk.com\/pt\/produto\/jbl-go-4-ultra-portable-bluetooth-speaker\/#listItem","position":2,"name":"JBL GO 4 Ultra-Portable Bluetooth Speaker","previousItem":"https:\/\/www.rucashk.com\/pt\/#listItem"}]},{"@type":"Organization","@id":"https:\/\/www.rucashk.com\/pt\/#organization","name":"Rucas","url":"https:\/\/www.rucashk.com\/pt\/","logo":{"@type":"ImageObject","url":"https:\/\/www.rucashk.com\/wp-content\/uploads\/2023\/12\/Rucas_campany_logo.png","@id":"https:\/\/www.rucashk.com\/pt\/produto\/jbl-go-4-ultra-portable-bluetooth-speaker\/#organizationLogo","width":221,"height":65},"image":{"@id":"https:\/\/www.rucashk.com\/pt\/#organizationLogo"}},{"@type":"Person","@id":"https:\/\/www.rucashk.com\/pt\/author\/admin\/#author","url":"https:\/\/www.rucashk.com\/pt\/author\/admin\/","name":"admin","image":{"@type":"ImageObject","@id":"https:\/\/www.rucashk.com\/pt\/produto\/jbl-go-4-ultra-portable-bluetooth-speaker\/#authorImage","url":"https:\/\/secure.gravatar.com\/avatar\/b7c8925b09a27e72b30232f8ecaadbd5af0f70a38c78096863fe51b64f031c24?s=96&d=mm&r=g","width":96,"height":96,"caption":"admin"}},{"@type":"WebPage","@id":"https:\/\/www.rucashk.com\/pt\/produto\/jbl-go-4-ultra-portable-bluetooth-speaker\/#webpage","url":"https:\/\/www.rucashk.com\/pt\/produto\/jbl-go-4-ultra-portable-bluetooth-speaker\/","name":"JBL GO 4 Ultra-Portable Bluetooth Speaker - Rucas - Wholesale and Distribution","description":"Portable wireless mini speaker Bluetooth 5.3 technology Driver: 45 mm Impressive sound for its size Fully waterproof design: IP67 enclosure Improved design with wider, more durable strap Intuitive controls Rechargeable lithium-ion battery: up to 7 hours of autonomy + 2 hours with Playtime Boost Charging via USB-C port","inLanguage":"pt-PT","isPartOf":{"@id":"https:\/\/www.rucashk.com\/pt\/#website"},"breadcrumb":{"@id":"https:\/\/www.rucashk.com\/pt\/produto\/jbl-go-4-ultra-portable-bluetooth-speaker\/#breadcrumblist"},"author":{"@id":"https:\/\/www.rucashk.com\/pt\/author\/admin\/#author"},"creator":{"@id":"https:\/\/www.rucashk.com\/pt\/author\/admin\/#author"},"image":{"@type":"ImageObject","url":"https:\/\/www.rucashk.com\/wp-content\/uploads\/2024\/04\/42c81ccb-5cb4-4b90-8bb3-875f51039014-1.png","@id":"https:\/\/www.rucashk.com\/pt\/produto\/jbl-go-4-ultra-portable-bluetooth-speaker\/#mainImage","width":680,"height":680},"primaryImageOfPage":{"@id":"https:\/\/www.rucashk.com\/pt\/produto\/jbl-go-4-ultra-portable-bluetooth-speaker\/#mainImage"},"datePublished":"2024-04-18T15:33:23+00:00","dateModified":"2024-04-18T15:33:24+00:00"},{"@type":"WebSite","@id":"https:\/\/www.rucashk.com\/pt\/#website","url":"https:\/\/www.rucashk.com\/pt\/","name":"Rucas - Wholesale and distribution worldwide","alternateName":"Rucas - One-stop AIoT Distribution Worldwide","description":"One-stop AIoT Distribution Worldwide","inLanguage":"pt-PT","publisher":{"@id":"https:\/\/www.rucashk.com\/pt\/#organization"}}]}},"aioseo_meta_data":{"post_id":"41072","title":null,"description":null,"keywords":"[]","keyphrases":"{\"focus\":{\"keyphrase\":\"\",\"score\":0,\"analysis\":{\"keyphraseInTitle\":{\"score\":0,\"maxScore\":9,\"error\":1}}},\"additional\":[]}","primary_term":null,"canonical_url":null,"og_title":null,"og_description":null,"og_object_type":"default","og_image_type":"default","og_image_url":null,"og_image_width":null,"og_image_height":null,"og_image_custom_url":null,"og_image_custom_fields":null,"og_video":"","og_custom_url":null,"og_article_section":null,"og_article_tags":"[]","twitter_use_og":false,"twitter_card":"default","twitter_image_type":"default","twitter_image_url":null,"twitter_image_custom_url":null,"twitter_image_custom_fields":null,"twitter_title":null,"twitter_description":null,"schema":{"blockGraphs":[],"customGraphs":[],"default":{"data":{"Article":[],"Course":[],"Dataset":[],"FAQPage":[],"Movie":[],"Person":[],"Product":[],"Recipe":[],"Service":[],"SoftwareApplication":[],"WebPage":[]},"graphName":"Product","isEnabled":true},"graphs":[]},"schema_type":"default","schema_type_options":null,"pillar_content":false,"robots_default":true,"robots_noindex":false,"robots_noarchive":false,"robots_nosnippet":false,"robots_nofollow":false,"robots_noimageindex":false,"robots_noodp":false,"robots_notranslate":false,"robots_max_snippet":"-1","robots_max_videopreview":"-1","robots_max_imagepreview":"large","priority":null,"frequency":"default","local_seo":null,"breadcrumb_settings":null,"limit_modified_date":false,"created":"2024-04-18 15:33:24","updated":"2025-06-22 18:55:55"},"aioseo_breadcrumb":"<div class=\"aioseo-breadcrumbs\"><span class=\"aioseo-breadcrumb\">\n\t<a href=\"https:\/\/www.rucashk.com\/pt\" title=\"Home\">Home<\/a>\n<\/span><span class=\"aioseo-breadcrumb-separator\">&raquo;<\/span><span class=\"aioseo-breadcrumb\">\n\t<a href=\"https:\/\/www.rucashk.com\/pt\/products\/\" title=\"Produtos\">Produtos<\/a>\n<\/span><span class=\"aioseo-breadcrumb-separator\">&raquo;<\/span><span class=\"aioseo-breadcrumb\">\n\t<a href=\"https:\/\/www.rucashk.com\/pt\/marca\/jbl\/\" title=\"JBL\">JBL<\/a>\n<\/span><span class=\"aioseo-breadcrumb-separator\">&raquo;<\/span><span class=\"aioseo-breadcrumb\">\n\tJBL GO 4 Ultra-Portable Bluetooth Speaker\n<\/span><\/div>","aioseo_breadcrumb_json":[{"label":"Home","link":"https:\/\/www.rucashk.com\/pt"},{"label":"Produtos","link":"https:\/\/www.rucashk.com\/pt\/products\/"},{"label":"JBL","link":"https:\/\/www.rucashk.com\/pt\/marca\/jbl\/"},{"label":"JBL GO 4 Ultra-Portable Bluetooth Speaker","link":"https:\/\/www.rucashk.com\/pt\/produto\/jbl-go-4-ultra-portable-bluetooth-speaker\/"}],"_links":{"self":[{"href":"https:\/\/www.rucashk.com\/pt\/wp-json\/wp\/v2\/product\/41072","targetHints":{"allow":["GET"]}}],"collection":[{"href":"https:\/\/www.rucashk.com\/pt\/wp-json\/wp\/v2\/product"}],"about":[{"href":"https:\/\/www.rucashk.com\/pt\/wp-json\/wp\/v2\/types\/product"}],"wp:featuredmedia":[{"embeddable":true,"href":"https:\/\/www.rucashk.com\/pt\/wp-json\/wp\/v2\/media\/41081"}],"wp:attachment":[{"href":"https:\/\/www.rucashk.com\/pt\/wp-json\/wp\/v2\/media?parent=41072"}],"wp:term":[{"taxonomy":"product_brand","embeddable":true,"href":"https:\/\/www.rucashk.com\/pt\/wp-json\/wp\/v2\/product_brand?post=41072"},{"taxonomy":"product_cat","embeddable":true,"href":"https:\/\/www.rucashk.com\/pt\/wp-json\/wp\/v2\/product_cat?post=41072"},{"taxonomy":"product_tag","embeddable":true,"href":"https:\/\/www.rucashk.com\/pt\/wp-json\/wp\/v2\/product_tag?post=41072"}],"curies":[{"name":"wp","href":"https:\/\/api.w.org\/{rel}","templated":true}]}}