{"id":40892,"date":"2024-04-08T03:49:51","date_gmt":"2024-04-08T03:49:51","guid":{"rendered":"https:\/\/www.rucashk.com\/?post_type=product&#038;p=40892"},"modified":"2025-06-21T05:22:46","modified_gmt":"2025-06-21T05:22:46","slug":"oculus-meta-quest-3-new-mixed-reality-vr-headset","status":"publish","type":"product","link":"https:\/\/www.rucashk.com\/pt\/produto\/oculus-meta-quest-3-new-mixed-reality-vr-headset\/","title":{"rendered":"Oculus Meta Quest 3: novo headset VR de realidade mista"},"content":{"rendered":"<p><img fetchpriority=\"high\" decoding=\"async\" class=\"alignnone size-full wp-image-40893\" src=\"\/wp-content\/uploads\/replace\/0bdfb6338e5af66660170e67f24a795e.jpeg\" alt=\"Oculus Meta Quest 3: New Mixed Reality VR Headset\" width=\"1464\" height=\"600\" \/> <img decoding=\"async\" class=\"alignnone size-full wp-image-40894\" src=\"\/wp-content\/uploads\/replace\/6cc16742144c13496738fedb89ee00e9.jpeg\" alt=\"Oculus Meta Quest 3: New Mixed Reality VR Headset\" width=\"1464\" height=\"600\" \/> <img decoding=\"async\" class=\"alignnone size-full wp-image-40895\" src=\"\/wp-content\/uploads\/replace\/e498b99360bb215bb18994605575f05f.jpeg\" alt=\"Oculus Meta Quest 3: New Mixed Reality VR Headset\" width=\"1464\" height=\"600\" \/> <img loading=\"lazy\" decoding=\"async\" class=\"alignnone size-full wp-image-40896\" src=\"\/wp-content\/uploads\/replace\/da2b9f0d04d59181aac8d0dc72642f3d.jpeg\" alt=\"Oculus Meta Quest 3: New Mixed Reality VR Headset\" width=\"1464\" height=\"600\" \/> <img loading=\"lazy\" decoding=\"async\" class=\"alignnone size-full wp-image-40897\" src=\"\/wp-content\/uploads\/replace\/25bc1cbe7d6baa82a0509b5ab79eedbb.jpeg\" alt=\"Oculus Meta Quest 3: New Mixed Reality VR Headset\" width=\"1464\" height=\"600\" \/> <img loading=\"lazy\" decoding=\"async\" class=\"alignnone size-full wp-image-40898\" src=\"\/wp-content\/uploads\/replace\/b414998d22f60e006da0372957b3c964.jpeg\" alt=\"Oculus Meta Quest 3: New Mixed Reality VR Headset\" width=\"1464\" height=\"600\" \/> <img loading=\"lazy\" decoding=\"async\" class=\"alignnone size-full wp-image-40899\" src=\"\/wp-content\/uploads\/replace\/04bcbef0d6edb0db5d01990f32142732.jpeg\" alt=\"Oculus Meta Quest 3: New Mixed Reality VR Headset\" width=\"1464\" height=\"600\" \/><\/p>\n<p><strong>Meta Miss\u00e3o 3<\/strong><\/p>\n<p>Explore novas experi\u00eancias extraordin\u00e1rias em realidade mista com nossa Meta Quest mais poderosa at\u00e9 agora.*<\/p>\n<p>Entre na realidade mista com a vers\u00e3o de 512 GB do\u00a0<strong>Fone de ouvido VR multifuncional avan\u00e7ado Meta Quest 3<\/strong>. O headset de terceira gera\u00e7\u00e3o sem PC combina VR com AR, usando c\u00e2meras RGB duplas para fornecer passagem colorida para o ambiente real. Isso pode ser usado para inserir jogos, telas e outros objetos virtuais em seu ambiente. Quando se trata de VR, o Quest 3 foi redesenhado por dentro e por fora para oferecer a melhor experi\u00eancia de Quest at\u00e9 agora. A pot\u00eancia gr\u00e1fica \u00e9 duplicada com um novo processador XR2 Gen 2 Snapdragon. Os visuais s\u00e3o mais n\u00edtidos e suaves com uma resolu\u00e7\u00e3o mais alta de 2064 x 2208 por olho a uma taxa de atualiza\u00e7\u00e3o de 90 Hz. A imers\u00e3o se estende aos controladores Touch Plus com sensa\u00e7\u00e3o t\u00e1til TruTouch, e tudo fica mais confort\u00e1vel com um fone de ouvido 40% mais leve e mais fino em compara\u00e7\u00e3o com o Quest 2.<\/p>","protected":false},"excerpt":{"rendered":"<ul class=\"list_OMS5rN7R1Z\">\n<li class=\"listItem_OMS5rN7R1Z\" data-selenium=\"sellingPointsListItem\">512 GB de armazenamento interno<\/li>\n<li class=\"listItem_OMS5rN7R1Z\" data-selenium=\"sellingPointsListItem\">Passagem colorida<\/li>\n<li class=\"listItem_OMS5rN7R1Z\" data-selenium=\"sellingPointsListItem\">Resolu\u00e7\u00e3o 2064 x 2208 por olho<\/li>\n<li class=\"listItem_OMS5rN7R1Z\" data-selenium=\"sellingPointsListItem\">Processador Snapdragon XR2 gera\u00e7\u00e3o 2<\/li>\n<li class=\"listItem_OMS5rN7R1Z\" data-selenium=\"sellingPointsListItem\">Controladores Touch Plus sem anel<\/li>\n<li class=\"listItem_OMS5rN7R1Z\" data-selenium=\"sellingPointsListItem\">Feedback t\u00e1til TruTouch<\/li>\n<li class=\"listItem_OMS5rN7R1Z\" data-selenium=\"sellingPointsListItem\">40% mais fino que Quest 2<\/li>\n<li class=\"listItem_OMS5rN7R1Z\" data-selenium=\"sellingPointsListItem\">\u00c1udio espacial 3D integrado<\/li>\n<li class=\"listItem_OMS5rN7R1Z\" data-selenium=\"sellingPointsListItem\">Funciona com todos os aplicativos e jogos da Quest<\/li>\n<li class=\"listItem_OMS5rN7R1Z\" data-selenium=\"sellingPointsListItem\">Al\u00e7a ajust\u00e1vel, profundidade da lente e IPD<\/li>\n<\/ul>","protected":false},"featured_media":40910,"template":"","meta":[],"product_brand":[1377],"product_cat":[1329,1322],"product_tag":[],"class_list":{"0":"post-40892","1":"product","2":"type-product","3":"status-publish","4":"has-post-thumbnail","6":"product_brand-oculus","7":"product_cat-oculus","8":"product_cat-other-a-brands","10":"first","11":"instock","12":"shipping-taxable","13":"product-type-simple"},"aioseo_notices":[],"aioseo_head":"\n\t\t<!-- All in One SEO Pro 4.5.9.2 - aioseo.com -->\n\t\t<meta name=\"description\" content=\"512GB of Internal Storage Full-Color Passthrough 2064 x 2208 Resolution per Eye XR2 Gen 2 Snapdragon Processor Ring-Free Touch Plus Controllers TruTouch Haptic Feedback 40% Slimmer Than Quest 2 Built-In 3D Spatial Audio Works with All Quest Apps &amp; Games Adjustable Strap, Lens Depth &amp; IPD\" \/>\n\t\t<meta name=\"robots\" content=\"max-image-preview:large\" \/>\n\t\t<link rel=\"canonical\" href=\"https:\/\/www.rucashk.com\/pt\/produto\/oculus-meta-quest-3-new-mixed-reality-vr-headset\/\" \/>\n\t\t<meta name=\"generator\" content=\"All in One SEO Pro (AIOSEO) 4.5.9.2\" \/>\n\t\t<meta property=\"og:locale\" content=\"pt_PT\" \/>\n\t\t<meta property=\"og:site_name\" content=\"Rucas - One-stop AIoT Distribution Worldwide\" \/>\n\t\t<meta property=\"og:type\" content=\"article\" \/>\n\t\t<meta property=\"og:title\" content=\"Oculus Meta Quest 3: New Mixed Reality VR Headset - Rucas - Wholesale and Distribution\" \/>\n\t\t<meta property=\"og:description\" content=\"512GB of Internal Storage Full-Color Passthrough 2064 x 2208 Resolution per Eye XR2 Gen 2 Snapdragon Processor Ring-Free Touch Plus Controllers TruTouch Haptic Feedback 40% Slimmer Than Quest 2 Built-In 3D Spatial Audio Works with All Quest Apps &amp; Games Adjustable Strap, Lens Depth &amp; IPD\" \/>\n\t\t<meta property=\"og:url\" content=\"https:\/\/www.rucashk.com\/pt\/produto\/oculus-meta-quest-3-new-mixed-reality-vr-headset\/\" \/>\n\t\t<meta property=\"og:image\" content=\"https:\/\/www.rucashk.com\/wp-content\/uploads\/replace\/503b8e645f128a97ccde2b6290747646.jpeg\" \/>\n\t\t<meta property=\"og:image:secure_url\" content=\"https:\/\/www.rucashk.com\/wp-content\/uploads\/replace\/503b8e645f128a97ccde2b6290747646.jpeg\" \/>\n\t\t<meta property=\"og:image:width\" content=\"1456\" \/>\n\t\t<meta property=\"og:image:height\" content=\"816\" \/>\n\t\t<meta property=\"article:published_time\" content=\"2024-04-08T03:49:51+00:00\" \/>\n\t\t<meta property=\"article:modified_time\" content=\"2025-06-21T05:22:46+00:00\" \/>\n\t\t<meta name=\"twitter:card\" content=\"summary_large_image\" \/>\n\t\t<meta name=\"twitter:title\" content=\"Oculus Meta Quest 3: New Mixed Reality VR Headset - Rucas - Wholesale and Distribution\" \/>\n\t\t<meta name=\"twitter:description\" content=\"512GB of Internal Storage Full-Color Passthrough 2064 x 2208 Resolution per Eye XR2 Gen 2 Snapdragon Processor Ring-Free Touch Plus Controllers TruTouch Haptic Feedback 40% Slimmer Than Quest 2 Built-In 3D Spatial Audio Works with All Quest Apps &amp; Games Adjustable Strap, Lens Depth &amp; IPD\" \/>\n\t\t<meta name=\"twitter:image\" content=\"https:\/\/www.rucashk.com\/wp-content\/uploads\/replace\/503b8e645f128a97ccde2b6290747646.jpeg\" \/>\n\t\t<script type=\"application\/ld+json\" class=\"aioseo-schema\">\n\t\t\t{\"@context\":\"https:\\\/\\\/schema.org\",\"@graph\":[{\"@type\":\"BreadcrumbList\",\"@id\":\"https:\\\/\\\/www.rucashk.com\\\/pt\\\/produto\\\/oculus-meta-quest-3-new-mixed-reality-vr-headset\\\/#breadcrumblist\",\"itemListElement\":[{\"@type\":\"ListItem\",\"@id\":\"https:\\\/\\\/www.rucashk.com\\\/pt\\\/#listItem\",\"position\":1,\"name\":\"Home\",\"item\":\"https:\\\/\\\/www.rucashk.com\\\/pt\\\/\",\"nextItem\":\"https:\\\/\\\/www.rucashk.com\\\/pt\\\/produto\\\/oculus-meta-quest-3-new-mixed-reality-vr-headset\\\/#listItem\"},{\"@type\":\"ListItem\",\"@id\":\"https:\\\/\\\/www.rucashk.com\\\/pt\\\/produto\\\/oculus-meta-quest-3-new-mixed-reality-vr-headset\\\/#listItem\",\"position\":2,\"name\":\"Oculus Meta Quest 3: New Mixed Reality VR Headset\",\"previousItem\":\"https:\\\/\\\/www.rucashk.com\\\/pt\\\/#listItem\"}]},{\"@type\":\"Organization\",\"@id\":\"https:\\\/\\\/www.rucashk.com\\\/pt\\\/#organization\",\"name\":\"Rucas\",\"url\":\"https:\\\/\\\/www.rucashk.com\\\/pt\\\/\",\"logo\":{\"@type\":\"ImageObject\",\"url\":\"https:\\\/\\\/www.rucashk.com\\\/wp-content\\\/uploads\\\/2023\\\/12\\\/Rucas_campany_logo.png\",\"@id\":\"https:\\\/\\\/www.rucashk.com\\\/pt\\\/produto\\\/oculus-meta-quest-3-new-mixed-reality-vr-headset\\\/#organizationLogo\",\"width\":221,\"height\":65},\"image\":{\"@id\":\"https:\\\/\\\/www.rucashk.com\\\/pt\\\/#organizationLogo\"}},{\"@type\":\"Person\",\"@id\":\"https:\\\/\\\/www.rucashk.com\\\/pt\\\/author\\\/admin\\\/#author\",\"url\":\"https:\\\/\\\/www.rucashk.com\\\/pt\\\/author\\\/admin\\\/\",\"name\":\"admin\",\"image\":{\"@type\":\"ImageObject\",\"@id\":\"https:\\\/\\\/www.rucashk.com\\\/pt\\\/produto\\\/oculus-meta-quest-3-new-mixed-reality-vr-headset\\\/#authorImage\",\"url\":\"https:\\\/\\\/secure.gravatar.com\\\/avatar\\\/b7c8925b09a27e72b30232f8ecaadbd5af0f70a38c78096863fe51b64f031c24?s=96&d=mm&r=g\",\"width\":96,\"height\":96,\"caption\":\"admin\"}},{\"@type\":\"WebPage\",\"@id\":\"https:\\\/\\\/www.rucashk.com\\\/pt\\\/produto\\\/oculus-meta-quest-3-new-mixed-reality-vr-headset\\\/#webpage\",\"url\":\"https:\\\/\\\/www.rucashk.com\\\/pt\\\/produto\\\/oculus-meta-quest-3-new-mixed-reality-vr-headset\\\/\",\"name\":\"Oculus Meta Quest 3: New Mixed Reality VR Headset - Rucas - Wholesale and Distribution\",\"description\":\"512GB of Internal Storage Full-Color Passthrough 2064 x 2208 Resolution per Eye XR2 Gen 2 Snapdragon Processor Ring-Free Touch Plus Controllers TruTouch Haptic Feedback 40% Slimmer Than Quest 2 Built-In 3D Spatial Audio Works with All Quest Apps & Games Adjustable Strap, Lens Depth & IPD\",\"inLanguage\":\"pt-PT\",\"isPartOf\":{\"@id\":\"https:\\\/\\\/www.rucashk.com\\\/pt\\\/#website\"},\"breadcrumb\":{\"@id\":\"https:\\\/\\\/www.rucashk.com\\\/pt\\\/produto\\\/oculus-meta-quest-3-new-mixed-reality-vr-headset\\\/#breadcrumblist\"},\"author\":{\"@id\":\"https:\\\/\\\/www.rucashk.com\\\/pt\\\/author\\\/admin\\\/#author\"},\"creator\":{\"@id\":\"https:\\\/\\\/www.rucashk.com\\\/pt\\\/author\\\/admin\\\/#author\"},\"image\":{\"@type\":\"ImageObject\",\"url\":\"https:\\\/\\\/www.rucashk.com\\\/wp-content\\\/uploads\\\/2024\\\/04\\\/Oculus-Meta-Quest-3-VR-Headset-128GB-512GB-Humpty-Dumpty-Empire-Pte-Ltd-2961.webp\",\"@id\":\"https:\\\/\\\/www.rucashk.com\\\/pt\\\/produto\\\/oculus-meta-quest-3-new-mixed-reality-vr-headset\\\/#mainImage\",\"width\":1400,\"height\":1400},\"primaryImageOfPage\":{\"@id\":\"https:\\\/\\\/www.rucashk.com\\\/pt\\\/produto\\\/oculus-meta-quest-3-new-mixed-reality-vr-headset\\\/#mainImage\"},\"datePublished\":\"2024-04-08T03:49:51+00:00\",\"dateModified\":\"2025-06-21T05:22:46+00:00\"},{\"@type\":\"WebSite\",\"@id\":\"https:\\\/\\\/www.rucashk.com\\\/pt\\\/#website\",\"url\":\"https:\\\/\\\/www.rucashk.com\\\/pt\\\/\",\"name\":\"Rucas - Wholesale and distribution worldwide\",\"alternateName\":\"Rucas - One-stop AIoT Distribution Worldwide\",\"description\":\"One-stop AIoT Distribution Worldwide\",\"inLanguage\":\"pt-PT\",\"publisher\":{\"@id\":\"https:\\\/\\\/www.rucashk.com\\\/pt\\\/#organization\"}}]}\n\t\t<\/script>\n\t\t<!-- All in One SEO Pro -->\r\n\t\t<title>Oculus Meta Quest 3: New Mixed Reality VR Headset - Rucas - Wholesale and Distribution<\/title>\n\n","aioseo_head_json":{"title":"Oculus Meta Quest 3: New Mixed Reality VR Headset - Rucas - Wholesale and Distribution","description":"512GB of Internal Storage Full-Color Passthrough 2064 x 2208 Resolution per Eye XR2 Gen 2 Snapdragon Processor Ring-Free Touch Plus Controllers TruTouch Haptic Feedback 40% Slimmer Than Quest 2 Built-In 3D Spatial Audio Works with All Quest Apps & Games Adjustable Strap, Lens Depth & IPD","canonical_url":"https:\/\/www.rucashk.com\/pt\/produto\/oculus-meta-quest-3-new-mixed-reality-vr-headset\/","robots":"max-image-preview:large","keywords":"","webmasterTools":{"miscellaneous":""},"og:locale":"pt_PT","og:site_name":"Rucas - One-stop AIoT Distribution Worldwide","og:type":"article","og:title":"Oculus Meta Quest 3: New Mixed Reality VR Headset - Rucas - Wholesale and Distribution","og:description":"512GB of Internal Storage Full-Color Passthrough 2064 x 2208 Resolution per Eye XR2 Gen 2 Snapdragon Processor Ring-Free Touch Plus Controllers TruTouch Haptic Feedback 40% Slimmer Than Quest 2 Built-In 3D Spatial Audio Works with All Quest Apps &amp; Games Adjustable Strap, Lens Depth &amp; IPD","og:url":"https:\/\/www.rucashk.com\/pt\/produto\/oculus-meta-quest-3-new-mixed-reality-vr-headset\/","og:image":"https:\/\/www.rucashk.com\/wp-content\/uploads\/replace\/503b8e645f128a97ccde2b6290747646.jpeg","og:image:secure_url":"https:\/\/www.rucashk.com\/wp-content\/uploads\/replace\/503b8e645f128a97ccde2b6290747646.jpeg","og:image:width":1456,"og:image:height":816,"article:published_time":"2024-04-08T03:49:51+00:00","article:modified_time":"2025-06-21T05:22:46+00:00","twitter:card":"summary_large_image","twitter:title":"Oculus Meta Quest 3: New Mixed Reality VR Headset - Rucas - Wholesale and Distribution","twitter:description":"512GB of Internal Storage Full-Color Passthrough 2064 x 2208 Resolution per Eye XR2 Gen 2 Snapdragon Processor Ring-Free Touch Plus Controllers TruTouch Haptic Feedback 40% Slimmer Than Quest 2 Built-In 3D Spatial Audio Works with All Quest Apps &amp; Games Adjustable Strap, Lens Depth &amp; IPD","twitter:image":"https:\/\/www.rucashk.com\/wp-content\/uploads\/replace\/503b8e645f128a97ccde2b6290747646.jpeg","schema":{"@context":"https:\/\/schema.org","@graph":[{"@type":"BreadcrumbList","@id":"https:\/\/www.rucashk.com\/pt\/produto\/oculus-meta-quest-3-new-mixed-reality-vr-headset\/#breadcrumblist","itemListElement":[{"@type":"ListItem","@id":"https:\/\/www.rucashk.com\/pt\/#listItem","position":1,"name":"Home","item":"https:\/\/www.rucashk.com\/pt\/","nextItem":"https:\/\/www.rucashk.com\/pt\/produto\/oculus-meta-quest-3-new-mixed-reality-vr-headset\/#listItem"},{"@type":"ListItem","@id":"https:\/\/www.rucashk.com\/pt\/produto\/oculus-meta-quest-3-new-mixed-reality-vr-headset\/#listItem","position":2,"name":"Oculus Meta Quest 3: New Mixed Reality VR Headset","previousItem":"https:\/\/www.rucashk.com\/pt\/#listItem"}]},{"@type":"Organization","@id":"https:\/\/www.rucashk.com\/pt\/#organization","name":"Rucas","url":"https:\/\/www.rucashk.com\/pt\/","logo":{"@type":"ImageObject","url":"https:\/\/www.rucashk.com\/wp-content\/uploads\/2023\/12\/Rucas_campany_logo.png","@id":"https:\/\/www.rucashk.com\/pt\/produto\/oculus-meta-quest-3-new-mixed-reality-vr-headset\/#organizationLogo","width":221,"height":65},"image":{"@id":"https:\/\/www.rucashk.com\/pt\/#organizationLogo"}},{"@type":"Person","@id":"https:\/\/www.rucashk.com\/pt\/author\/admin\/#author","url":"https:\/\/www.rucashk.com\/pt\/author\/admin\/","name":"admin","image":{"@type":"ImageObject","@id":"https:\/\/www.rucashk.com\/pt\/produto\/oculus-meta-quest-3-new-mixed-reality-vr-headset\/#authorImage","url":"https:\/\/secure.gravatar.com\/avatar\/b7c8925b09a27e72b30232f8ecaadbd5af0f70a38c78096863fe51b64f031c24?s=96&d=mm&r=g","width":96,"height":96,"caption":"admin"}},{"@type":"WebPage","@id":"https:\/\/www.rucashk.com\/pt\/produto\/oculus-meta-quest-3-new-mixed-reality-vr-headset\/#webpage","url":"https:\/\/www.rucashk.com\/pt\/produto\/oculus-meta-quest-3-new-mixed-reality-vr-headset\/","name":"Oculus Meta Quest 3: New Mixed Reality VR Headset - Rucas - Wholesale and Distribution","description":"512GB of Internal Storage Full-Color Passthrough 2064 x 2208 Resolution per Eye XR2 Gen 2 Snapdragon Processor Ring-Free Touch Plus Controllers TruTouch Haptic Feedback 40% Slimmer Than Quest 2 Built-In 3D Spatial Audio Works with All Quest Apps & Games Adjustable Strap, Lens Depth & IPD","inLanguage":"pt-PT","isPartOf":{"@id":"https:\/\/www.rucashk.com\/pt\/#website"},"breadcrumb":{"@id":"https:\/\/www.rucashk.com\/pt\/produto\/oculus-meta-quest-3-new-mixed-reality-vr-headset\/#breadcrumblist"},"author":{"@id":"https:\/\/www.rucashk.com\/pt\/author\/admin\/#author"},"creator":{"@id":"https:\/\/www.rucashk.com\/pt\/author\/admin\/#author"},"image":{"@type":"ImageObject","url":"https:\/\/www.rucashk.com\/wp-content\/uploads\/2024\/04\/Oculus-Meta-Quest-3-VR-Headset-128GB-512GB-Humpty-Dumpty-Empire-Pte-Ltd-2961.webp","@id":"https:\/\/www.rucashk.com\/pt\/produto\/oculus-meta-quest-3-new-mixed-reality-vr-headset\/#mainImage","width":1400,"height":1400},"primaryImageOfPage":{"@id":"https:\/\/www.rucashk.com\/pt\/produto\/oculus-meta-quest-3-new-mixed-reality-vr-headset\/#mainImage"},"datePublished":"2024-04-08T03:49:51+00:00","dateModified":"2025-06-21T05:22:46+00:00"},{"@type":"WebSite","@id":"https:\/\/www.rucashk.com\/pt\/#website","url":"https:\/\/www.rucashk.com\/pt\/","name":"Rucas - Wholesale and distribution worldwide","alternateName":"Rucas - One-stop AIoT Distribution Worldwide","description":"One-stop AIoT Distribution Worldwide","inLanguage":"pt-PT","publisher":{"@id":"https:\/\/www.rucashk.com\/pt\/#organization"}}]}},"aioseo_meta_data":{"post_id":"40892","title":null,"description":null,"keywords":null,"keyphrases":null,"primary_term":null,"canonical_url":null,"og_title":null,"og_description":null,"og_object_type":"default","og_image_type":"default","og_image_url":null,"og_image_width":null,"og_image_height":null,"og_image_custom_url":null,"og_image_custom_fields":null,"og_video":"","og_custom_url":null,"og_article_section":null,"og_article_tags":null,"twitter_use_og":false,"twitter_card":"default","twitter_image_type":"default","twitter_image_url":null,"twitter_image_custom_url":null,"twitter_image_custom_fields":null,"twitter_title":null,"twitter_description":null,"schema":{"blockGraphs":[],"customGraphs":[],"default":{"data":{"Article":[],"Course":[],"Dataset":[],"FAQPage":[],"Movie":[],"Person":[],"Product":[],"Recipe":[],"Service":[],"SoftwareApplication":[],"WebPage":[]},"graphName":"","isEnabled":true},"graphs":[]},"schema_type":"default","schema_type_options":null,"pillar_content":false,"robots_default":true,"robots_noindex":false,"robots_noarchive":false,"robots_nosnippet":false,"robots_nofollow":false,"robots_noimageindex":false,"robots_noodp":false,"robots_notranslate":false,"robots_max_snippet":"-1","robots_max_videopreview":"-1","robots_max_imagepreview":"large","priority":null,"frequency":"default","local_seo":null,"breadcrumb_settings":null,"limit_modified_date":false,"created":"2024-04-11 01:57:23","updated":"2025-06-22 18:54:59"},"aioseo_breadcrumb":"<div class=\"aioseo-breadcrumbs\"><span class=\"aioseo-breadcrumb\">\n\t<a href=\"https:\/\/www.rucashk.com\/pt\" title=\"Home\">Home<\/a>\n<\/span><span class=\"aioseo-breadcrumb-separator\">&raquo;<\/span><span class=\"aioseo-breadcrumb\">\n\t<a href=\"https:\/\/www.rucashk.com\/pt\/products\/\" title=\"Produtos\">Produtos<\/a>\n<\/span><span class=\"aioseo-breadcrumb-separator\">&raquo;<\/span><span class=\"aioseo-breadcrumb\">\n\t<a href=\"https:\/\/www.rucashk.com\/pt\/marca\/oculus\/\" title=\"Oculus\">Oculus<\/a>\n<\/span><span class=\"aioseo-breadcrumb-separator\">&raquo;<\/span><span class=\"aioseo-breadcrumb\">\n\tOculus Meta Quest 3: New Mixed Reality VR Headset\n<\/span><\/div>","aioseo_breadcrumb_json":[{"label":"Home","link":"https:\/\/www.rucashk.com\/pt"},{"label":"Produtos","link":"https:\/\/www.rucashk.com\/pt\/products\/"},{"label":"Oculus","link":"https:\/\/www.rucashk.com\/pt\/marca\/oculus\/"},{"label":"Oculus Meta Quest 3: New Mixed Reality VR Headset","link":"https:\/\/www.rucashk.com\/pt\/produto\/oculus-meta-quest-3-new-mixed-reality-vr-headset\/"}],"_links":{"self":[{"href":"https:\/\/www.rucashk.com\/pt\/wp-json\/wp\/v2\/product\/40892","targetHints":{"allow":["GET"]}}],"collection":[{"href":"https:\/\/www.rucashk.com\/pt\/wp-json\/wp\/v2\/product"}],"about":[{"href":"https:\/\/www.rucashk.com\/pt\/wp-json\/wp\/v2\/types\/product"}],"wp:featuredmedia":[{"embeddable":true,"href":"https:\/\/www.rucashk.com\/pt\/wp-json\/wp\/v2\/media\/40910"}],"wp:attachment":[{"href":"https:\/\/www.rucashk.com\/pt\/wp-json\/wp\/v2\/media?parent=40892"}],"wp:term":[{"taxonomy":"product_brand","embeddable":true,"href":"https:\/\/www.rucashk.com\/pt\/wp-json\/wp\/v2\/product_brand?post=40892"},{"taxonomy":"product_cat","embeddable":true,"href":"https:\/\/www.rucashk.com\/pt\/wp-json\/wp\/v2\/product_cat?post=40892"},{"taxonomy":"product_tag","embeddable":true,"href":"https:\/\/www.rucashk.com\/pt\/wp-json\/wp\/v2\/product_tag?post=40892"}],"curies":[{"name":"wp","href":"https:\/\/api.w.org\/{rel}","templated":true}]}}