{"id":40734,"date":"2024-04-06T14:13:29","date_gmt":"2024-04-06T14:13:29","guid":{"rendered":"https:\/\/www.rucashk.com\/?post_type=product&#038;p=40734"},"modified":"2025-06-21T05:23:12","modified_gmt":"2025-06-21T05:23:12","slug":"xiaomi-mijia-body-fat-scale-s400","status":"publish","type":"product","link":"https:\/\/www.rucashk.com\/pt\/produto\/xiaomi-mijia-body-fat-scale-s400\/","title":{"rendered":"Balan\u00e7a de gordura corporal Xiaomi Mijia S400"},"content":{"rendered":"<p><img decoding=\"async\" alt=\"Xiaomi Mijia Body Fat Scale S400\" src=\"\/wp-content\/uploads\/replace\/a8eeaced774562f1c17154d89638b9db.png\" \/><img decoding=\"async\" alt=\"Xiaomi Mijia Body Fat Scale S400\" src=\"\/wp-content\/uploads\/replace\/4a2f9acb357f01a0bffdf35cb30eca7b.png\" \/><img decoding=\"async\" alt=\"Xiaomi Mijia Body Fat Scale S400\" src=\"\/wp-content\/uploads\/replace\/c1167c09f70100355f36570d67385283.png\" \/><img decoding=\"async\" alt=\"Xiaomi Mijia Body Fat Scale S400\" src=\"\/wp-content\/uploads\/replace\/56ea326419a5483936ae834366038490.png\" \/><img decoding=\"async\" alt=\"Xiaomi Mijia Body Fat Scale S400\" src=\"\/wp-content\/uploads\/replace\/273230d370a76542434c7248252e6e9d.png\" \/><img decoding=\"async\" alt=\"Xiaomi Mijia Body Fat Scale S400\" src=\"\/wp-content\/uploads\/replace\/412cb919be9e16ccff68d23d7e65a82d.png\" \/><img decoding=\"async\" alt=\"Xiaomi Mijia Body Fat Scale S400\" src=\"\/wp-content\/uploads\/replace\/5634d1ffeb7ca93c7ea02046500fe16a.png\" \/><img decoding=\"async\" alt=\"Xiaomi Mijia Body Fat Scale S400\" src=\"\/wp-content\/uploads\/replace\/1de50c2fd7708d555988de3e7a822c3b.png\" \/><img decoding=\"async\" alt=\"Xiaomi Mijia Body Fat Scale S400\" src=\"\/wp-content\/uploads\/replace\/76519b40d675e50fdf2dbe75f748e5b8.png\" \/><img decoding=\"async\" alt=\"Xiaomi Mijia Body Fat Scale S400\" src=\"\/wp-content\/uploads\/replace\/8949672bf012768baa7866ac31824005.png\" \/><img decoding=\"async\" alt=\"Xiaomi Mijia Body Fat Scale S400\" src=\"\/wp-content\/uploads\/replace\/55baa3be8d587e2fe372b75cdd064571.png\" \/><img decoding=\"async\" alt=\"Xiaomi Mijia Body Fat Scale S400\" src=\"\/wp-content\/uploads\/replace\/75ba35558550cd13c9e96a428f86be35.png\" \/><\/p>\n<p>A escala de gordura corporal Xiaomi Mijia S400 apresenta um design elegante que se adapta perfeitamente \u00e0 casa. Possui um display LED oculto embutido na superf\u00edcie da escala de vidro temperado. A superf\u00edcie tamb\u00e9m possui uma pel\u00edcula condutora ITO transparente (eletrodo), enquanto o corpo \u00e9 feito de pl\u00e1stico de engenharia ABS.<\/p>\n<p>A escala de gordura corporal Xiaomi Mijia S400 est\u00e1 equipada com oito eletrodos que s\u00e3o capazes de medir a gordura corporal com um alto grau de precis\u00e3o compar\u00e1vel ao obtido em produtos profissionais como o scanner DEXA.<\/p>\n<p>Os dados s\u00e3o muito precisos \u00e0 medida que os membros superiores, inferiores e o tronco s\u00e3o medidos, ao contr\u00e1rio da escala de 4 eletrodos que mede apenas os membros inferiores. A balan\u00e7a pode ser utilizada por pessoas de diversos tipos f\u00edsicos, de 6 a 80 anos. O dispositivo analisa ainda mais a gordura do f\u00edgado para ajudar a detectar qualquer anormalidade.<\/p>\n<p>A Xiaomi Mijia Body Fat Scale S400 est\u00e1 equipada com conectividade WiFi e Bluetooth que pode ser usada para conectar e sincronizar os dados com o aplicativo complementar e tamb\u00e9m para armazenar os dados do usu\u00e1rio na nuvem. \u00c9 alimentado por tr\u00eas pilhas AA que podem durar cerca de 360 dias, desde que a balan\u00e7a seja usada uma vez ao dia.<\/p>\n<p>Algoritmo de detec\u00e7\u00e3o de composi\u00e7\u00e3o corporal Xiaomi Mijia Body Fat Scale S400 para medi\u00e7\u00e3o mais precisa. A correla\u00e7\u00e3o com o padr\u00e3o ouro DEXA pode chegar acima de 0,932.<\/p>","protected":false},"excerpt":{"rendered":"<ul>\n<li>Nome do produto: Escala de gordura corporal Mijia S400<\/li>\n<li>Modelo do produto: Mjtzc01ym<\/li>\n<li>Tamanho do produto: 300 \u00d7 300 \u00d7 24,55 mm.<\/li>\n<li>Tamanho do produto: 300 \u00d7 300 \u00d7 24,55 mm.<\/li>\n<li>Unidades de pesagem: kg., g.<\/li>\n<li>Faixa de pesagem: 0,1 ~ 150kg<\/li>\n<li>Faixa de pesagem: 0,1 ~ 150kg<\/li>\n<li>Gradua\u00e7\u00e3o m\u00ednima: 0,1 kg<\/li>\n<li>Material da carca\u00e7a: Vidro temperado + pl\u00e1stico de engenharia<\/li>\n<li>Temperatura de trabalho: 0\u2103~40\u2103<\/li>\n<li>Peso l\u00edquido do produto: 1,45 kg<\/li>\n<li>Conex\u00e3o sem fio\u2022Conex\u00e3o sem fio: Bluetooth 5.0 de baixo consumo de energia<\/li>\n<li>Tens\u00e3o: 4,5v (3 pilhas AAA) (n\u00e3o inclu\u00eddas)<\/li>\n<li>Sistemas suportados: Android 8.0 ou iOS 12.0 e superior<\/li>\n<\/ul>","protected":false},"featured_media":40737,"template":"","meta":[],"product_brand":[1363],"product_cat":[1318,1305],"product_tag":[],"class_list":{"0":"post-40734","1":"product","2":"type-product","3":"status-publish","4":"has-post-thumbnail","6":"product_brand-xiaomi","7":"product_cat-gadgets","8":"product_cat-xiaomi-eco","10":"first","11":"instock","12":"shipping-taxable","13":"product-type-simple"},"aioseo_notices":[],"aioseo_head":"\n\t\t<!-- All in One SEO Pro 4.5.9.2 - aioseo.com -->\n\t\t<meta name=\"description\" content=\"Product name: Mijia Body Fat Scale S400 Product model: Mjtzc01ym Product size: 300 \u00d7 300 \u00d7 24.55 mm. Product size: 300 \u00d7 300 \u00d7 24.55 mm. Weighing units: kg., g. Weighing range: 0.1~150kg Weighing range: 0.1~150kg Minimum graduation: 0.1 kg Shell material: Tempered glass + engineering plastic Working temperature : 0\u2103~40\u2103 Net weight of product: 1.45 kg Wireless connection\u2022Wireless connection: Bluetooth 5.0 low energy Voltage: 4.5v (3 \u00d7 AAA batteries) (not included) Supported systems: Android 8.0 or iOS 12.0 and above\" \/>\n\t\t<meta name=\"robots\" content=\"max-image-preview:large\" \/>\n\t\t<link rel=\"canonical\" href=\"https:\/\/www.rucashk.com\/pt\/produto\/xiaomi-mijia-body-fat-scale-s400\/\" \/>\n\t\t<meta name=\"generator\" content=\"All in One SEO Pro (AIOSEO) 4.5.9.2\" \/>\n\t\t<meta property=\"og:locale\" content=\"pt_PT\" \/>\n\t\t<meta property=\"og:site_name\" content=\"Rucas - One-stop AIoT Distribution Worldwide\" \/>\n\t\t<meta property=\"og:type\" content=\"article\" \/>\n\t\t<meta property=\"og:title\" content=\"Xiaomi Mijia Body Fat Scale S400 - Rucas - Wholesale and Distribution\" \/>\n\t\t<meta property=\"og:description\" content=\"Product name: Mijia Body Fat Scale S400 Product model: Mjtzc01ym Product size: 300 \u00d7 300 \u00d7 24.55 mm. Product size: 300 \u00d7 300 \u00d7 24.55 mm. Weighing units: kg., g. Weighing range: 0.1~150kg Weighing range: 0.1~150kg Minimum graduation: 0.1 kg Shell material: Tempered glass + engineering plastic Working temperature : 0\u2103~40\u2103 Net weight of product: 1.45 kg Wireless connection\u2022Wireless connection: Bluetooth 5.0 low energy Voltage: 4.5v (3 \u00d7 AAA batteries) (not included) Supported systems: Android 8.0 or iOS 12.0 and above\" \/>\n\t\t<meta property=\"og:url\" content=\"https:\/\/www.rucashk.com\/pt\/produto\/xiaomi-mijia-body-fat-scale-s400\/\" \/>\n\t\t<meta property=\"og:image\" content=\"https:\/\/www.rucashk.com\/wp-content\/uploads\/replace\/503b8e645f128a97ccde2b6290747646.jpeg\" \/>\n\t\t<meta property=\"og:image:secure_url\" content=\"https:\/\/www.rucashk.com\/wp-content\/uploads\/replace\/503b8e645f128a97ccde2b6290747646.jpeg\" \/>\n\t\t<meta property=\"og:image:width\" content=\"1456\" \/>\n\t\t<meta property=\"og:image:height\" content=\"816\" \/>\n\t\t<meta property=\"article:published_time\" content=\"2024-04-06T14:13:29+00:00\" \/>\n\t\t<meta property=\"article:modified_time\" content=\"2025-06-21T05:23:12+00:00\" \/>\n\t\t<meta name=\"twitter:card\" content=\"summary_large_image\" \/>\n\t\t<meta name=\"twitter:title\" content=\"Xiaomi Mijia Body Fat Scale S400 - Rucas - Wholesale and Distribution\" \/>\n\t\t<meta name=\"twitter:description\" content=\"Product name: Mijia Body Fat Scale S400 Product model: Mjtzc01ym Product size: 300 \u00d7 300 \u00d7 24.55 mm. Product size: 300 \u00d7 300 \u00d7 24.55 mm. Weighing units: kg., g. Weighing range: 0.1~150kg Weighing range: 0.1~150kg Minimum graduation: 0.1 kg Shell material: Tempered glass + engineering plastic Working temperature : 0\u2103~40\u2103 Net weight of product: 1.45 kg Wireless connection\u2022Wireless connection: Bluetooth 5.0 low energy Voltage: 4.5v (3 \u00d7 AAA batteries) (not included) Supported systems: Android 8.0 or iOS 12.0 and above\" \/>\n\t\t<meta name=\"twitter:image\" content=\"https:\/\/www.rucashk.com\/wp-content\/uploads\/replace\/503b8e645f128a97ccde2b6290747646.jpeg\" \/>\n\t\t<script type=\"application\/ld+json\" class=\"aioseo-schema\">\n\t\t\t{\"@context\":\"https:\\\/\\\/schema.org\",\"@graph\":[{\"@type\":\"BreadcrumbList\",\"@id\":\"https:\\\/\\\/www.rucashk.com\\\/pt\\\/produto\\\/xiaomi-mijia-body-fat-scale-s400\\\/#breadcrumblist\",\"itemListElement\":[{\"@type\":\"ListItem\",\"@id\":\"https:\\\/\\\/www.rucashk.com\\\/pt\\\/#listItem\",\"position\":1,\"name\":\"Home\",\"item\":\"https:\\\/\\\/www.rucashk.com\\\/pt\\\/\",\"nextItem\":\"https:\\\/\\\/www.rucashk.com\\\/pt\\\/produto\\\/xiaomi-mijia-body-fat-scale-s400\\\/#listItem\"},{\"@type\":\"ListItem\",\"@id\":\"https:\\\/\\\/www.rucashk.com\\\/pt\\\/produto\\\/xiaomi-mijia-body-fat-scale-s400\\\/#listItem\",\"position\":2,\"name\":\"Xiaomi Mijia Body Fat Scale S400\",\"previousItem\":\"https:\\\/\\\/www.rucashk.com\\\/pt\\\/#listItem\"}]},{\"@type\":\"Organization\",\"@id\":\"https:\\\/\\\/www.rucashk.com\\\/pt\\\/#organization\",\"name\":\"Rucas\",\"url\":\"https:\\\/\\\/www.rucashk.com\\\/pt\\\/\",\"logo\":{\"@type\":\"ImageObject\",\"url\":\"https:\\\/\\\/www.rucashk.com\\\/wp-content\\\/uploads\\\/2023\\\/12\\\/Rucas_campany_logo.png\",\"@id\":\"https:\\\/\\\/www.rucashk.com\\\/pt\\\/produto\\\/xiaomi-mijia-body-fat-scale-s400\\\/#organizationLogo\",\"width\":221,\"height\":65},\"image\":{\"@id\":\"https:\\\/\\\/www.rucashk.com\\\/pt\\\/#organizationLogo\"}},{\"@type\":\"Person\",\"@id\":\"https:\\\/\\\/www.rucashk.com\\\/pt\\\/author\\\/admin\\\/#author\",\"url\":\"https:\\\/\\\/www.rucashk.com\\\/pt\\\/author\\\/admin\\\/\",\"name\":\"admin\",\"image\":{\"@type\":\"ImageObject\",\"@id\":\"https:\\\/\\\/www.rucashk.com\\\/pt\\\/produto\\\/xiaomi-mijia-body-fat-scale-s400\\\/#authorImage\",\"url\":\"https:\\\/\\\/secure.gravatar.com\\\/avatar\\\/b7c8925b09a27e72b30232f8ecaadbd5af0f70a38c78096863fe51b64f031c24?s=96&d=mm&r=g\",\"width\":96,\"height\":96,\"caption\":\"admin\"}},{\"@type\":\"WebPage\",\"@id\":\"https:\\\/\\\/www.rucashk.com\\\/pt\\\/produto\\\/xiaomi-mijia-body-fat-scale-s400\\\/#webpage\",\"url\":\"https:\\\/\\\/www.rucashk.com\\\/pt\\\/produto\\\/xiaomi-mijia-body-fat-scale-s400\\\/\",\"name\":\"Xiaomi Mijia Body Fat Scale S400 - Rucas - Wholesale and Distribution\",\"description\":\"Product name: Mijia Body Fat Scale S400 Product model: Mjtzc01ym Product size: 300 \\u00d7 300 \\u00d7 24.55 mm. Product size: 300 \\u00d7 300 \\u00d7 24.55 mm. Weighing units: kg., g. Weighing range: 0.1~150kg Weighing range: 0.1~150kg Minimum graduation: 0.1 kg Shell material: Tempered glass + engineering plastic Working temperature : 0\\u2103~40\\u2103 Net weight of product: 1.45 kg Wireless connection\\u2022Wireless connection: Bluetooth 5.0 low energy Voltage: 4.5v (3 \\u00d7 AAA batteries) (not included) Supported systems: Android 8.0 or iOS 12.0 and above\",\"inLanguage\":\"pt-PT\",\"isPartOf\":{\"@id\":\"https:\\\/\\\/www.rucashk.com\\\/pt\\\/#website\"},\"breadcrumb\":{\"@id\":\"https:\\\/\\\/www.rucashk.com\\\/pt\\\/produto\\\/xiaomi-mijia-body-fat-scale-s400\\\/#breadcrumblist\"},\"author\":{\"@id\":\"https:\\\/\\\/www.rucashk.com\\\/pt\\\/author\\\/admin\\\/#author\"},\"creator\":{\"@id\":\"https:\\\/\\\/www.rucashk.com\\\/pt\\\/author\\\/admin\\\/#author\"},\"image\":{\"@type\":\"ImageObject\",\"url\":\"https:\\\/\\\/www.rucashk.com\\\/wp-content\\\/uploads\\\/2024\\\/04\\\/6adc17e59719409b258fbe7e88fb4dbb400x40085.png\",\"@id\":\"https:\\\/\\\/www.rucashk.com\\\/pt\\\/produto\\\/xiaomi-mijia-body-fat-scale-s400\\\/#mainImage\",\"width\":400,\"height\":400},\"primaryImageOfPage\":{\"@id\":\"https:\\\/\\\/www.rucashk.com\\\/pt\\\/produto\\\/xiaomi-mijia-body-fat-scale-s400\\\/#mainImage\"},\"datePublished\":\"2024-04-06T14:13:29+00:00\",\"dateModified\":\"2025-06-21T05:23:12+00:00\"},{\"@type\":\"WebSite\",\"@id\":\"https:\\\/\\\/www.rucashk.com\\\/pt\\\/#website\",\"url\":\"https:\\\/\\\/www.rucashk.com\\\/pt\\\/\",\"name\":\"Rucas - Wholesale and distribution worldwide\",\"alternateName\":\"Rucas - One-stop AIoT Distribution Worldwide\",\"description\":\"One-stop AIoT Distribution Worldwide\",\"inLanguage\":\"pt-PT\",\"publisher\":{\"@id\":\"https:\\\/\\\/www.rucashk.com\\\/pt\\\/#organization\"}}]}\n\t\t<\/script>\n\t\t<!-- All in One SEO Pro -->\r\n\t\t<title>Xiaomi Mijia Body Fat Scale S400 - Rucas - Wholesale and Distribution<\/title>\n\n","aioseo_head_json":{"title":"Xiaomi Mijia Body Fat Scale S400 - Rucas - Wholesale and Distribution","description":"Product name: Mijia Body Fat Scale S400 Product model: Mjtzc01ym Product size: 300 \u00d7 300 \u00d7 24.55 mm. Product size: 300 \u00d7 300 \u00d7 24.55 mm. Weighing units: kg., g. Weighing range: 0.1~150kg Weighing range: 0.1~150kg Minimum graduation: 0.1 kg Shell material: Tempered glass + engineering plastic Working temperature : 0\u2103~40\u2103 Net weight of product: 1.45 kg Wireless connection\u2022Wireless connection: Bluetooth 5.0 low energy Voltage: 4.5v (3 \u00d7 AAA batteries) (not included) Supported systems: Android 8.0 or iOS 12.0 and above","canonical_url":"https:\/\/www.rucashk.com\/pt\/produto\/xiaomi-mijia-body-fat-scale-s400\/","robots":"max-image-preview:large","keywords":"","webmasterTools":{"miscellaneous":""},"og:locale":"pt_PT","og:site_name":"Rucas - One-stop AIoT Distribution Worldwide","og:type":"article","og:title":"Xiaomi Mijia Body Fat Scale S400 - Rucas - Wholesale and Distribution","og:description":"Product name: Mijia Body Fat Scale S400 Product model: Mjtzc01ym Product size: 300 \u00d7 300 \u00d7 24.55 mm. Product size: 300 \u00d7 300 \u00d7 24.55 mm. Weighing units: kg., g. Weighing range: 0.1~150kg Weighing range: 0.1~150kg Minimum graduation: 0.1 kg Shell material: Tempered glass + engineering plastic Working temperature : 0\u2103~40\u2103 Net weight of product: 1.45 kg Wireless connection\u2022Wireless connection: Bluetooth 5.0 low energy Voltage: 4.5v (3 \u00d7 AAA batteries) (not included) Supported systems: Android 8.0 or iOS 12.0 and above","og:url":"https:\/\/www.rucashk.com\/pt\/produto\/xiaomi-mijia-body-fat-scale-s400\/","og:image":"https:\/\/www.rucashk.com\/wp-content\/uploads\/replace\/503b8e645f128a97ccde2b6290747646.jpeg","og:image:secure_url":"https:\/\/www.rucashk.com\/wp-content\/uploads\/replace\/503b8e645f128a97ccde2b6290747646.jpeg","og:image:width":1456,"og:image:height":816,"article:published_time":"2024-04-06T14:13:29+00:00","article:modified_time":"2025-06-21T05:23:12+00:00","twitter:card":"summary_large_image","twitter:title":"Xiaomi Mijia Body Fat Scale S400 - Rucas - Wholesale and Distribution","twitter:description":"Product name: Mijia Body Fat Scale S400 Product model: Mjtzc01ym Product size: 300 \u00d7 300 \u00d7 24.55 mm. Product size: 300 \u00d7 300 \u00d7 24.55 mm. Weighing units: kg., g. Weighing range: 0.1~150kg Weighing range: 0.1~150kg Minimum graduation: 0.1 kg Shell material: Tempered glass + engineering plastic Working temperature : 0\u2103~40\u2103 Net weight of product: 1.45 kg Wireless connection\u2022Wireless connection: Bluetooth 5.0 low energy Voltage: 4.5v (3 \u00d7 AAA batteries) (not included) Supported systems: Android 8.0 or iOS 12.0 and above","twitter:image":"https:\/\/www.rucashk.com\/wp-content\/uploads\/replace\/503b8e645f128a97ccde2b6290747646.jpeg","schema":{"@context":"https:\/\/schema.org","@graph":[{"@type":"BreadcrumbList","@id":"https:\/\/www.rucashk.com\/pt\/produto\/xiaomi-mijia-body-fat-scale-s400\/#breadcrumblist","itemListElement":[{"@type":"ListItem","@id":"https:\/\/www.rucashk.com\/pt\/#listItem","position":1,"name":"Home","item":"https:\/\/www.rucashk.com\/pt\/","nextItem":"https:\/\/www.rucashk.com\/pt\/produto\/xiaomi-mijia-body-fat-scale-s400\/#listItem"},{"@type":"ListItem","@id":"https:\/\/www.rucashk.com\/pt\/produto\/xiaomi-mijia-body-fat-scale-s400\/#listItem","position":2,"name":"Xiaomi Mijia Body Fat Scale S400","previousItem":"https:\/\/www.rucashk.com\/pt\/#listItem"}]},{"@type":"Organization","@id":"https:\/\/www.rucashk.com\/pt\/#organization","name":"Rucas","url":"https:\/\/www.rucashk.com\/pt\/","logo":{"@type":"ImageObject","url":"https:\/\/www.rucashk.com\/wp-content\/uploads\/2023\/12\/Rucas_campany_logo.png","@id":"https:\/\/www.rucashk.com\/pt\/produto\/xiaomi-mijia-body-fat-scale-s400\/#organizationLogo","width":221,"height":65},"image":{"@id":"https:\/\/www.rucashk.com\/pt\/#organizationLogo"}},{"@type":"Person","@id":"https:\/\/www.rucashk.com\/pt\/author\/admin\/#author","url":"https:\/\/www.rucashk.com\/pt\/author\/admin\/","name":"admin","image":{"@type":"ImageObject","@id":"https:\/\/www.rucashk.com\/pt\/produto\/xiaomi-mijia-body-fat-scale-s400\/#authorImage","url":"https:\/\/secure.gravatar.com\/avatar\/b7c8925b09a27e72b30232f8ecaadbd5af0f70a38c78096863fe51b64f031c24?s=96&d=mm&r=g","width":96,"height":96,"caption":"admin"}},{"@type":"WebPage","@id":"https:\/\/www.rucashk.com\/pt\/produto\/xiaomi-mijia-body-fat-scale-s400\/#webpage","url":"https:\/\/www.rucashk.com\/pt\/produto\/xiaomi-mijia-body-fat-scale-s400\/","name":"Xiaomi Mijia Body Fat Scale S400 - Rucas - Wholesale and Distribution","description":"Product name: Mijia Body Fat Scale S400 Product model: Mjtzc01ym Product size: 300 \u00d7 300 \u00d7 24.55 mm. Product size: 300 \u00d7 300 \u00d7 24.55 mm. Weighing units: kg., g. Weighing range: 0.1~150kg Weighing range: 0.1~150kg Minimum graduation: 0.1 kg Shell material: Tempered glass + engineering plastic Working temperature : 0\u2103~40\u2103 Net weight of product: 1.45 kg Wireless connection\u2022Wireless connection: Bluetooth 5.0 low energy Voltage: 4.5v (3 \u00d7 AAA batteries) (not included) Supported systems: Android 8.0 or iOS 12.0 and above","inLanguage":"pt-PT","isPartOf":{"@id":"https:\/\/www.rucashk.com\/pt\/#website"},"breadcrumb":{"@id":"https:\/\/www.rucashk.com\/pt\/produto\/xiaomi-mijia-body-fat-scale-s400\/#breadcrumblist"},"author":{"@id":"https:\/\/www.rucashk.com\/pt\/author\/admin\/#author"},"creator":{"@id":"https:\/\/www.rucashk.com\/pt\/author\/admin\/#author"},"image":{"@type":"ImageObject","url":"https:\/\/www.rucashk.com\/wp-content\/uploads\/2024\/04\/6adc17e59719409b258fbe7e88fb4dbb400x40085.png","@id":"https:\/\/www.rucashk.com\/pt\/produto\/xiaomi-mijia-body-fat-scale-s400\/#mainImage","width":400,"height":400},"primaryImageOfPage":{"@id":"https:\/\/www.rucashk.com\/pt\/produto\/xiaomi-mijia-body-fat-scale-s400\/#mainImage"},"datePublished":"2024-04-06T14:13:29+00:00","dateModified":"2025-06-21T05:23:12+00:00"},{"@type":"WebSite","@id":"https:\/\/www.rucashk.com\/pt\/#website","url":"https:\/\/www.rucashk.com\/pt\/","name":"Rucas - Wholesale and distribution worldwide","alternateName":"Rucas - One-stop AIoT Distribution Worldwide","description":"One-stop AIoT Distribution Worldwide","inLanguage":"pt-PT","publisher":{"@id":"https:\/\/www.rucashk.com\/pt\/#organization"}}]}},"aioseo_meta_data":{"post_id":"40734","title":null,"description":null,"keywords":null,"keyphrases":null,"primary_term":null,"canonical_url":null,"og_title":null,"og_description":null,"og_object_type":"default","og_image_type":"default","og_image_url":null,"og_image_width":null,"og_image_height":null,"og_image_custom_url":null,"og_image_custom_fields":null,"og_video":"","og_custom_url":null,"og_article_section":null,"og_article_tags":null,"twitter_use_og":false,"twitter_card":"default","twitter_image_type":"default","twitter_image_url":null,"twitter_image_custom_url":null,"twitter_image_custom_fields":null,"twitter_title":null,"twitter_description":null,"schema":{"blockGraphs":[],"customGraphs":[],"default":{"data":{"Article":[],"Course":[],"Dataset":[],"FAQPage":[],"Movie":[],"Person":[],"Product":[],"Recipe":[],"Service":[],"SoftwareApplication":[],"WebPage":[]},"graphName":"","isEnabled":true},"graphs":[]},"schema_type":"default","schema_type_options":null,"pillar_content":false,"robots_default":true,"robots_noindex":false,"robots_noarchive":false,"robots_nosnippet":false,"robots_nofollow":false,"robots_noimageindex":false,"robots_noodp":false,"robots_notranslate":false,"robots_max_snippet":"-1","robots_max_videopreview":"-1","robots_max_imagepreview":"large","priority":null,"frequency":"default","local_seo":null,"breadcrumb_settings":null,"limit_modified_date":false,"created":"2024-04-11 01:57:23","updated":"2025-06-22 18:54:58"},"aioseo_breadcrumb":"<div class=\"aioseo-breadcrumbs\"><span class=\"aioseo-breadcrumb\">\n\t<a href=\"https:\/\/www.rucashk.com\/pt\" title=\"Home\">Home<\/a>\n<\/span><span class=\"aioseo-breadcrumb-separator\">&raquo;<\/span><span class=\"aioseo-breadcrumb\">\n\t<a href=\"https:\/\/www.rucashk.com\/pt\/products\/\" title=\"Produtos\">Produtos<\/a>\n<\/span><span class=\"aioseo-breadcrumb-separator\">&raquo;<\/span><span class=\"aioseo-breadcrumb\">\n\t<a href=\"https:\/\/www.rucashk.com\/pt\/marca\/xiaomi\/\" title=\"Xiaomi\">Xiaomi<\/a>\n<\/span><span class=\"aioseo-breadcrumb-separator\">&raquo;<\/span><span class=\"aioseo-breadcrumb\">\n\tXiaomi Mijia Body Fat Scale S400\n<\/span><\/div>","aioseo_breadcrumb_json":[{"label":"Home","link":"https:\/\/www.rucashk.com\/pt"},{"label":"Produtos","link":"https:\/\/www.rucashk.com\/pt\/products\/"},{"label":"Xiaomi","link":"https:\/\/www.rucashk.com\/pt\/marca\/xiaomi\/"},{"label":"Xiaomi Mijia Body Fat Scale S400","link":"https:\/\/www.rucashk.com\/pt\/produto\/xiaomi-mijia-body-fat-scale-s400\/"}],"_links":{"self":[{"href":"https:\/\/www.rucashk.com\/pt\/wp-json\/wp\/v2\/product\/40734","targetHints":{"allow":["GET"]}}],"collection":[{"href":"https:\/\/www.rucashk.com\/pt\/wp-json\/wp\/v2\/product"}],"about":[{"href":"https:\/\/www.rucashk.com\/pt\/wp-json\/wp\/v2\/types\/product"}],"wp:featuredmedia":[{"embeddable":true,"href":"https:\/\/www.rucashk.com\/pt\/wp-json\/wp\/v2\/media\/40737"}],"wp:attachment":[{"href":"https:\/\/www.rucashk.com\/pt\/wp-json\/wp\/v2\/media?parent=40734"}],"wp:term":[{"taxonomy":"product_brand","embeddable":true,"href":"https:\/\/www.rucashk.com\/pt\/wp-json\/wp\/v2\/product_brand?post=40734"},{"taxonomy":"product_cat","embeddable":true,"href":"https:\/\/www.rucashk.com\/pt\/wp-json\/wp\/v2\/product_cat?post=40734"},{"taxonomy":"product_tag","embeddable":true,"href":"https:\/\/www.rucashk.com\/pt\/wp-json\/wp\/v2\/product_tag?post=40734"}],"curies":[{"name":"wp","href":"https:\/\/api.w.org\/{rel}","templated":true}]}}