{"id":40248,"date":"2024-03-31T12:51:31","date_gmt":"2024-03-31T12:51:31","guid":{"rendered":"http:\/\/rucashk.com\/?post_type=product&#038;p=40248"},"modified":"2024-04-16T13:28:15","modified_gmt":"2024-04-16T13:28:15","slug":"google-nest-mini-gen","status":"publish","type":"product","link":"https:\/\/www.rucashk.com\/pt\/produto\/google-nest-mini-gen\/","title":{"rendered":"Google Nest Mini gera\u00e7\u00e3o"},"content":{"rendered":"<div class=\"mb3\">\n<div><img fetchpriority=\"high\" decoding=\"async\" alt=\"Google Nest Mini Gen\" class=\"alignnone size-full\" src=\"\/wp-content\/uploads\/replace\/ec24f78a058f602a11aef22d64532fe8.jpeg\" width=\"1440\" height=\"780\" \/><img decoding=\"async\" alt=\"Google Nest Mini Gen\" class=\"alignnone size-full\" src=\"\/wp-content\/uploads\/replace\/ad772e0864be6b6f715e169907a31b09.jpeg\" width=\"1440\" height=\"1135\" \/><img decoding=\"async\" alt=\"Google Nest Mini Gen\" class=\"alignnone size-full\" src=\"\/wp-content\/uploads\/replace\/33a74807f40583d20a66fe5fbb31276a.jpeg\" width=\"1440\" height=\"889\" \/><img loading=\"lazy\" decoding=\"async\" alt=\"Google Nest Mini Gen\" class=\"alignnone size-full\" src=\"\/wp-content\/uploads\/replace\/9cecbd90b725604cc70f5742952dfc6e.jpeg\" width=\"1440\" height=\"1138\" \/><img loading=\"lazy\" decoding=\"async\" alt=\"Google Nest Mini Gen\" class=\"alignnone size-full\" src=\"\/wp-content\/uploads\/replace\/84d88f8a0d08a8f4514b5d1d65ef6989.jpeg\" width=\"1440\" height=\"865\" \/><img loading=\"lazy\" decoding=\"async\" alt=\"Google Nest Mini Gen\" class=\"alignnone size-full\" src=\"\/wp-content\/uploads\/replace\/32e581ec28b4fa5dcc23cb8d22e6bd85.jpeg\" width=\"1440\" height=\"888\" \/><img loading=\"lazy\" decoding=\"async\" alt=\"Google Nest Mini Gen\" class=\"alignnone size-full\" src=\"\/wp-content\/uploads\/replace\/cfd1952263f8fd35d879f3c237442d53.jpeg\" width=\"1440\" height=\"1605\" \/><\/div>\n<div class=\"dangerous-html mb3\">Conhe\u00e7a o Nest Mini \u2013 Chalk de 2\u00aa gera\u00e7\u00e3o, o alto-falante que voc\u00ea controla com sua voz. Basta dizer \u201cOk Google\u201d para reproduzir m\u00fasicas do Spotify, YouTube Music e muito mais. A m\u00fasica soa maior e mais rica. Pergunte ao Google sobre o clima, not\u00edcias ou quase tudo. Ou\u00e7a sua programa\u00e7\u00e3o personalizada, deslocamento di\u00e1rio e lembretes. Defina temporizadores e alarmes. E controle seus dispositivos inteligentes compat\u00edveis.<\/div>\n<\/div>\n<div class=\"mb3\">\n<div class=\"dangerous-html mb3\">\n<ul>\n<li><strong>Melhor som em todos os aspectos.\u00a0<\/strong>A m\u00fasica soa maior e mais rica no Nest Mini, com mais pot\u00eancia e graves. Pe\u00e7a ao Google Assistente para reproduzir suas m\u00fasicas favoritas do Spotify, YouTube Music e muito mais.* Ou fa\u00e7a streaming de m\u00fasicas do seu smartphone para o Nest Mini.*<\/li>\n<li><strong>Uma ajudinha com o Google Assistente.<\/strong>\u00a0Basta perguntar e obter o melhor do Google \u2013 previs\u00e3o do tempo, not\u00edcias ou quase tudo. Defina temporizadores e alarmes. E com o Voice Match, voc\u00ea pode ouvir sua programa\u00e7\u00e3o personalizada, hor\u00e1rios de deslocamento, lembretes e muito mais.* Para que seu dia comece com o p\u00e9 direito.<\/li>\n<li><strong>Controle sua casa apenas com sua voz.\u00a0<\/strong>\u00a0Diminua as luzes, pause a TV ou aumente o aquecimento, tudo com sua voz.* O Nest Mini funciona com milhares de dispositivos inteligentes compat\u00edveis, como luzes, termostatos e TVs, das suas marcas favoritas. Basta dizer \u201cOk Google\u201d.<\/li>\n<li><strong>Cuidadosamente projetado para cada c\u00f4modo.<\/strong>\u00a0O Nest Mini combina perfeitamente com sua casa. Fica \u00f3timo em uma mesa de cabeceira, prateleira ou bancada \u2013 at\u00e9 mesmo na parede. Cada cor complementa a entrada, sala, quarto ou cozinha.<\/li>\n<\/ul>\n<p>&nbsp;<\/p>\n<\/div>\n<\/div>","protected":false},"excerpt":{"rendered":"<ul>\n<li><strong>Melhor som em todos os aspectos.\u00a0<\/strong>A m\u00fasica soa maior e mais rica no Nest Mini, com mais pot\u00eancia e graves. Pe\u00e7a ao Google Assistente para reproduzir suas m\u00fasicas favoritas do Spotify, YouTube Music e muito mais.* Ou fa\u00e7a streaming de m\u00fasicas do seu smartphone para o Nest Mini.*<\/li>\n<li><strong>Uma ajudinha com o Google Assistente.<\/strong>\u00a0Basta perguntar e obter o melhor do Google \u2013 previs\u00e3o do tempo, not\u00edcias ou quase tudo. Defina temporizadores e alarmes. E com o Voice Match, voc\u00ea pode ouvir sua programa\u00e7\u00e3o personalizada, hor\u00e1rios de deslocamento, lembretes e muito mais.* Para que seu dia comece com o p\u00e9 direito.<\/li>\n<li><strong>Controle sua casa apenas com sua voz.\u00a0<\/strong>\u00a0Diminua as luzes, pause a TV ou aumente o aquecimento, tudo com sua voz.* O Nest Mini funciona com milhares de dispositivos inteligentes compat\u00edveis, como luzes, termostatos e TVs, das suas marcas favoritas. Basta dizer \u201cOk Google\u201d.<\/li>\n<li><strong>Cuidadosamente projetado para cada c\u00f4modo.<\/strong>\u00a0O Nest Mini combina perfeitamente com sua casa. Fica \u00f3timo em uma mesa de cabeceira, prateleira ou bancada \u2013 at\u00e9 mesmo na parede. Cada cor complementa a entrada, sala, quarto ou cozinha.<\/li>\n<\/ul>","protected":false},"featured_media":40259,"template":"","meta":[],"product_brand":[1365],"product_cat":[1315,1305],"product_tag":[],"class_list":{"0":"post-40248","1":"product","2":"type-product","3":"status-publish","4":"has-post-thumbnail","6":"product_brand-google","7":"product_cat-tv-accessories","8":"product_cat-xiaomi-eco","10":"first","11":"instock","12":"shipping-taxable","13":"product-type-simple"},"aioseo_notices":[],"aioseo_head":"\n\t\t<!-- All in One SEO Pro 4.5.9.2 - aioseo.com -->\n\t\t<meta name=\"description\" content=\"Better sound, all around. Music sounds bigger and richer on Nest Mini, with more power and bass. Ask your Google Assistant to play your favorite songs from Spotify, YouTube Music, and more.* Or stream music from your phone to Nest Mini.* A little help with the Google Assistant. Just ask and get the best of Google \u2013 weather, news, or almost anything. Set timers and alarms. And with Voice Match, you can hear your personalized schedule, commute times, reminders, and more.* So your day gets off to a good start. Control your home with just your voice. Dim the lights, pause the TV, or turn up the heat \u2013 all with your voice.* Nest Mini works with thousands of compatible smart devices, like lights, thermostats, and TVs, from your favorite brands. Just say \u201cHey Google.\u201d Thoughtfully designed for every room. Nest Mini blends right into your home. It looks great on a nightstand, shelf, or countertop \u2013 even on the wall. Each color complements the entryway, living room, bedroom, or kitchen.\" \/>\n\t\t<meta name=\"robots\" content=\"max-image-preview:large\" \/>\n\t\t<link rel=\"canonical\" href=\"https:\/\/www.rucashk.com\/pt\/produto\/google-nest-mini-gen\/\" \/>\n\t\t<meta name=\"generator\" content=\"All in One SEO Pro (AIOSEO) 4.5.9.2\" \/>\n\t\t<meta property=\"og:locale\" content=\"pt_PT\" \/>\n\t\t<meta property=\"og:site_name\" content=\"Rucas - One-stop AIoT Distribution Worldwide\" \/>\n\t\t<meta property=\"og:type\" content=\"article\" \/>\n\t\t<meta property=\"og:title\" content=\"Google Nest Mini Gen - Rucas - Wholesale and Distribution\" \/>\n\t\t<meta property=\"og:description\" content=\"Better sound, all around. Music sounds bigger and richer on Nest Mini, with more power and bass. Ask your Google Assistant to play your favorite songs from Spotify, YouTube Music, and more.* Or stream music from your phone to Nest Mini.* A little help with the Google Assistant. Just ask and get the best of Google \u2013 weather, news, or almost anything. Set timers and alarms. And with Voice Match, you can hear your personalized schedule, commute times, reminders, and more.* So your day gets off to a good start. Control your home with just your voice. Dim the lights, pause the TV, or turn up the heat \u2013 all with your voice.* Nest Mini works with thousands of compatible smart devices, like lights, thermostats, and TVs, from your favorite brands. Just say \u201cHey Google.\u201d Thoughtfully designed for every room. Nest Mini blends right into your home. It looks great on a nightstand, shelf, or countertop \u2013 even on the wall. Each color complements the entryway, living room, bedroom, or kitchen.\" \/>\n\t\t<meta property=\"og:url\" content=\"https:\/\/www.rucashk.com\/pt\/produto\/google-nest-mini-gen\/\" \/>\n\t\t<meta property=\"og:image\" content=\"https:\/\/www.rucashk.com\/wp-content\/uploads\/replace\/503b8e645f128a97ccde2b6290747646.jpeg\" \/>\n\t\t<meta property=\"og:image:secure_url\" content=\"https:\/\/www.rucashk.com\/wp-content\/uploads\/replace\/503b8e645f128a97ccde2b6290747646.jpeg\" \/>\n\t\t<meta property=\"og:image:width\" content=\"1456\" \/>\n\t\t<meta property=\"og:image:height\" content=\"816\" \/>\n\t\t<meta property=\"article:published_time\" content=\"2024-03-31T12:51:31+00:00\" \/>\n\t\t<meta property=\"article:modified_time\" content=\"2024-04-16T13:28:15+00:00\" \/>\n\t\t<meta name=\"twitter:card\" content=\"summary_large_image\" \/>\n\t\t<meta name=\"twitter:title\" content=\"Google Nest Mini Gen - Rucas - Wholesale and Distribution\" \/>\n\t\t<meta name=\"twitter:description\" content=\"Better sound, all around. Music sounds bigger and richer on Nest Mini, with more power and bass. Ask your Google Assistant to play your favorite songs from Spotify, YouTube Music, and more.* Or stream music from your phone to Nest Mini.* A little help with the Google Assistant. Just ask and get the best of Google \u2013 weather, news, or almost anything. Set timers and alarms. And with Voice Match, you can hear your personalized schedule, commute times, reminders, and more.* So your day gets off to a good start. Control your home with just your voice. Dim the lights, pause the TV, or turn up the heat \u2013 all with your voice.* Nest Mini works with thousands of compatible smart devices, like lights, thermostats, and TVs, from your favorite brands. Just say \u201cHey Google.\u201d Thoughtfully designed for every room. Nest Mini blends right into your home. It looks great on a nightstand, shelf, or countertop \u2013 even on the wall. Each color complements the entryway, living room, bedroom, or kitchen.\" \/>\n\t\t<meta name=\"twitter:image\" content=\"https:\/\/www.rucashk.com\/wp-content\/uploads\/replace\/503b8e645f128a97ccde2b6290747646.jpeg\" \/>\n\t\t<script type=\"application\/ld+json\" class=\"aioseo-schema\">\n\t\t\t{\"@context\":\"https:\\\/\\\/schema.org\",\"@graph\":[{\"@type\":\"BreadcrumbList\",\"@id\":\"https:\\\/\\\/www.rucashk.com\\\/pt\\\/produto\\\/google-nest-mini-gen\\\/#breadcrumblist\",\"itemListElement\":[{\"@type\":\"ListItem\",\"@id\":\"https:\\\/\\\/www.rucashk.com\\\/pt\\\/#listItem\",\"position\":1,\"name\":\"Home\",\"item\":\"https:\\\/\\\/www.rucashk.com\\\/pt\\\/\",\"nextItem\":\"https:\\\/\\\/www.rucashk.com\\\/pt\\\/produto\\\/google-nest-mini-gen\\\/#listItem\"},{\"@type\":\"ListItem\",\"@id\":\"https:\\\/\\\/www.rucashk.com\\\/pt\\\/produto\\\/google-nest-mini-gen\\\/#listItem\",\"position\":2,\"name\":\"Google Nest Mini Gen\",\"previousItem\":\"https:\\\/\\\/www.rucashk.com\\\/pt\\\/#listItem\"}]},{\"@type\":\"Organization\",\"@id\":\"https:\\\/\\\/www.rucashk.com\\\/pt\\\/#organization\",\"name\":\"Rucas\",\"url\":\"https:\\\/\\\/www.rucashk.com\\\/pt\\\/\",\"logo\":{\"@type\":\"ImageObject\",\"url\":\"https:\\\/\\\/www.rucashk.com\\\/wp-content\\\/uploads\\\/2023\\\/12\\\/Rucas_campany_logo.png\",\"@id\":\"https:\\\/\\\/www.rucashk.com\\\/pt\\\/produto\\\/google-nest-mini-gen\\\/#organizationLogo\",\"width\":221,\"height\":65},\"image\":{\"@id\":\"https:\\\/\\\/www.rucashk.com\\\/pt\\\/#organizationLogo\"}},{\"@type\":\"Person\",\"@id\":\"https:\\\/\\\/www.rucashk.com\\\/pt\\\/author\\\/admin\\\/#author\",\"url\":\"https:\\\/\\\/www.rucashk.com\\\/pt\\\/author\\\/admin\\\/\",\"name\":\"admin\",\"image\":{\"@type\":\"ImageObject\",\"@id\":\"https:\\\/\\\/www.rucashk.com\\\/pt\\\/produto\\\/google-nest-mini-gen\\\/#authorImage\",\"url\":\"https:\\\/\\\/secure.gravatar.com\\\/avatar\\\/b7c8925b09a27e72b30232f8ecaadbd5af0f70a38c78096863fe51b64f031c24?s=96&d=mm&r=g\",\"width\":96,\"height\":96,\"caption\":\"admin\"}},{\"@type\":\"WebPage\",\"@id\":\"https:\\\/\\\/www.rucashk.com\\\/pt\\\/produto\\\/google-nest-mini-gen\\\/#webpage\",\"url\":\"https:\\\/\\\/www.rucashk.com\\\/pt\\\/produto\\\/google-nest-mini-gen\\\/\",\"name\":\"Google Nest Mini Gen - Rucas - Wholesale and Distribution\",\"description\":\"Better sound, all around. Music sounds bigger and richer on Nest Mini, with more power and bass. Ask your Google Assistant to play your favorite songs from Spotify, YouTube Music, and more.* Or stream music from your phone to Nest Mini.* A little help with the Google Assistant. Just ask and get the best of Google \\u2013 weather, news, or almost anything. Set timers and alarms. And with Voice Match, you can hear your personalized schedule, commute times, reminders, and more.* So your day gets off to a good start. Control your home with just your voice. Dim the lights, pause the TV, or turn up the heat \\u2013 all with your voice.* Nest Mini works with thousands of compatible smart devices, like lights, thermostats, and TVs, from your favorite brands. Just say \\u201cHey Google.\\u201d Thoughtfully designed for every room. Nest Mini blends right into your home. It looks great on a nightstand, shelf, or countertop \\u2013 even on the wall. Each color complements the entryway, living room, bedroom, or kitchen.\",\"inLanguage\":\"pt-PT\",\"isPartOf\":{\"@id\":\"https:\\\/\\\/www.rucashk.com\\\/pt\\\/#website\"},\"breadcrumb\":{\"@id\":\"https:\\\/\\\/www.rucashk.com\\\/pt\\\/produto\\\/google-nest-mini-gen\\\/#breadcrumblist\"},\"author\":{\"@id\":\"https:\\\/\\\/www.rucashk.com\\\/pt\\\/author\\\/admin\\\/#author\"},\"creator\":{\"@id\":\"https:\\\/\\\/www.rucashk.com\\\/pt\\\/author\\\/admin\\\/#author\"},\"image\":{\"@type\":\"ImageObject\",\"url\":\"https:\\\/\\\/www.rucashk.com\\\/wp-content\\\/uploads\\\/2024\\\/03\\\/google_nest-mini-01_900x.webp\",\"@id\":\"https:\\\/\\\/www.rucashk.com\\\/pt\\\/produto\\\/google-nest-mini-gen\\\/#mainImage\",\"width\":900,\"height\":900},\"primaryImageOfPage\":{\"@id\":\"https:\\\/\\\/www.rucashk.com\\\/pt\\\/produto\\\/google-nest-mini-gen\\\/#mainImage\"},\"datePublished\":\"2024-03-31T12:51:31+00:00\",\"dateModified\":\"2024-04-16T13:28:15+00:00\"},{\"@type\":\"WebSite\",\"@id\":\"https:\\\/\\\/www.rucashk.com\\\/pt\\\/#website\",\"url\":\"https:\\\/\\\/www.rucashk.com\\\/pt\\\/\",\"name\":\"Rucas - Wholesale and distribution worldwide\",\"alternateName\":\"Rucas - One-stop AIoT Distribution Worldwide\",\"description\":\"One-stop AIoT Distribution Worldwide\",\"inLanguage\":\"pt-PT\",\"publisher\":{\"@id\":\"https:\\\/\\\/www.rucashk.com\\\/pt\\\/#organization\"}}]}\n\t\t<\/script>\n\t\t<!-- All in One SEO Pro -->\r\n\t\t<title>Google Nest Mini Gen - Rucas - Wholesale and Distribution<\/title>\n\n","aioseo_head_json":{"title":"Google Nest Mini Gen - Rucas - Wholesale and Distribution","description":"Better sound, all around. Music sounds bigger and richer on Nest Mini, with more power and bass. Ask your Google Assistant to play your favorite songs from Spotify, YouTube Music, and more.* Or stream music from your phone to Nest Mini.* A little help with the Google Assistant. Just ask and get the best of Google \u2013 weather, news, or almost anything. Set timers and alarms. And with Voice Match, you can hear your personalized schedule, commute times, reminders, and more.* So your day gets off to a good start. Control your home with just your voice. Dim the lights, pause the TV, or turn up the heat \u2013 all with your voice.* Nest Mini works with thousands of compatible smart devices, like lights, thermostats, and TVs, from your favorite brands. Just say \u201cHey Google.\u201d Thoughtfully designed for every room. Nest Mini blends right into your home. It looks great on a nightstand, shelf, or countertop \u2013 even on the wall. Each color complements the entryway, living room, bedroom, or kitchen.","canonical_url":"https:\/\/www.rucashk.com\/pt\/produto\/google-nest-mini-gen\/","robots":"max-image-preview:large","keywords":"","webmasterTools":{"miscellaneous":""},"og:locale":"pt_PT","og:site_name":"Rucas - One-stop AIoT Distribution Worldwide","og:type":"article","og:title":"Google Nest Mini Gen - Rucas - Wholesale and Distribution","og:description":"Better sound, all around. Music sounds bigger and richer on Nest Mini, with more power and bass. Ask your Google Assistant to play your favorite songs from Spotify, YouTube Music, and more.* Or stream music from your phone to Nest Mini.* A little help with the Google Assistant. Just ask and get the best of Google \u2013 weather, news, or almost anything. Set timers and alarms. And with Voice Match, you can hear your personalized schedule, commute times, reminders, and more.* So your day gets off to a good start. Control your home with just your voice. Dim the lights, pause the TV, or turn up the heat \u2013 all with your voice.* Nest Mini works with thousands of compatible smart devices, like lights, thermostats, and TVs, from your favorite brands. Just say \u201cHey Google.\u201d Thoughtfully designed for every room. Nest Mini blends right into your home. It looks great on a nightstand, shelf, or countertop \u2013 even on the wall. Each color complements the entryway, living room, bedroom, or kitchen.","og:url":"https:\/\/www.rucashk.com\/pt\/produto\/google-nest-mini-gen\/","og:image":"https:\/\/www.rucashk.com\/wp-content\/uploads\/replace\/503b8e645f128a97ccde2b6290747646.jpeg","og:image:secure_url":"https:\/\/www.rucashk.com\/wp-content\/uploads\/replace\/503b8e645f128a97ccde2b6290747646.jpeg","og:image:width":1456,"og:image:height":816,"article:published_time":"2024-03-31T12:51:31+00:00","article:modified_time":"2024-04-16T13:28:15+00:00","twitter:card":"summary_large_image","twitter:title":"Google Nest Mini Gen - Rucas - Wholesale and Distribution","twitter:description":"Better sound, all around. Music sounds bigger and richer on Nest Mini, with more power and bass. Ask your Google Assistant to play your favorite songs from Spotify, YouTube Music, and more.* Or stream music from your phone to Nest Mini.* A little help with the Google Assistant. Just ask and get the best of Google \u2013 weather, news, or almost anything. Set timers and alarms. And with Voice Match, you can hear your personalized schedule, commute times, reminders, and more.* So your day gets off to a good start. Control your home with just your voice. Dim the lights, pause the TV, or turn up the heat \u2013 all with your voice.* Nest Mini works with thousands of compatible smart devices, like lights, thermostats, and TVs, from your favorite brands. Just say \u201cHey Google.\u201d Thoughtfully designed for every room. Nest Mini blends right into your home. It looks great on a nightstand, shelf, or countertop \u2013 even on the wall. Each color complements the entryway, living room, bedroom, or kitchen.","twitter:image":"https:\/\/www.rucashk.com\/wp-content\/uploads\/replace\/503b8e645f128a97ccde2b6290747646.jpeg","schema":{"@context":"https:\/\/schema.org","@graph":[{"@type":"BreadcrumbList","@id":"https:\/\/www.rucashk.com\/pt\/produto\/google-nest-mini-gen\/#breadcrumblist","itemListElement":[{"@type":"ListItem","@id":"https:\/\/www.rucashk.com\/pt\/#listItem","position":1,"name":"Home","item":"https:\/\/www.rucashk.com\/pt\/","nextItem":"https:\/\/www.rucashk.com\/pt\/produto\/google-nest-mini-gen\/#listItem"},{"@type":"ListItem","@id":"https:\/\/www.rucashk.com\/pt\/produto\/google-nest-mini-gen\/#listItem","position":2,"name":"Google Nest Mini Gen","previousItem":"https:\/\/www.rucashk.com\/pt\/#listItem"}]},{"@type":"Organization","@id":"https:\/\/www.rucashk.com\/pt\/#organization","name":"Rucas","url":"https:\/\/www.rucashk.com\/pt\/","logo":{"@type":"ImageObject","url":"https:\/\/www.rucashk.com\/wp-content\/uploads\/2023\/12\/Rucas_campany_logo.png","@id":"https:\/\/www.rucashk.com\/pt\/produto\/google-nest-mini-gen\/#organizationLogo","width":221,"height":65},"image":{"@id":"https:\/\/www.rucashk.com\/pt\/#organizationLogo"}},{"@type":"Person","@id":"https:\/\/www.rucashk.com\/pt\/author\/admin\/#author","url":"https:\/\/www.rucashk.com\/pt\/author\/admin\/","name":"admin","image":{"@type":"ImageObject","@id":"https:\/\/www.rucashk.com\/pt\/produto\/google-nest-mini-gen\/#authorImage","url":"https:\/\/secure.gravatar.com\/avatar\/b7c8925b09a27e72b30232f8ecaadbd5af0f70a38c78096863fe51b64f031c24?s=96&d=mm&r=g","width":96,"height":96,"caption":"admin"}},{"@type":"WebPage","@id":"https:\/\/www.rucashk.com\/pt\/produto\/google-nest-mini-gen\/#webpage","url":"https:\/\/www.rucashk.com\/pt\/produto\/google-nest-mini-gen\/","name":"Google Nest Mini Gen - Rucas - Wholesale and Distribution","description":"Better sound, all around. Music sounds bigger and richer on Nest Mini, with more power and bass. Ask your Google Assistant to play your favorite songs from Spotify, YouTube Music, and more.* Or stream music from your phone to Nest Mini.* A little help with the Google Assistant. Just ask and get the best of Google \u2013 weather, news, or almost anything. Set timers and alarms. And with Voice Match, you can hear your personalized schedule, commute times, reminders, and more.* So your day gets off to a good start. Control your home with just your voice. Dim the lights, pause the TV, or turn up the heat \u2013 all with your voice.* Nest Mini works with thousands of compatible smart devices, like lights, thermostats, and TVs, from your favorite brands. Just say \u201cHey Google.\u201d Thoughtfully designed for every room. Nest Mini blends right into your home. It looks great on a nightstand, shelf, or countertop \u2013 even on the wall. Each color complements the entryway, living room, bedroom, or kitchen.","inLanguage":"pt-PT","isPartOf":{"@id":"https:\/\/www.rucashk.com\/pt\/#website"},"breadcrumb":{"@id":"https:\/\/www.rucashk.com\/pt\/produto\/google-nest-mini-gen\/#breadcrumblist"},"author":{"@id":"https:\/\/www.rucashk.com\/pt\/author\/admin\/#author"},"creator":{"@id":"https:\/\/www.rucashk.com\/pt\/author\/admin\/#author"},"image":{"@type":"ImageObject","url":"https:\/\/www.rucashk.com\/wp-content\/uploads\/2024\/03\/google_nest-mini-01_900x.webp","@id":"https:\/\/www.rucashk.com\/pt\/produto\/google-nest-mini-gen\/#mainImage","width":900,"height":900},"primaryImageOfPage":{"@id":"https:\/\/www.rucashk.com\/pt\/produto\/google-nest-mini-gen\/#mainImage"},"datePublished":"2024-03-31T12:51:31+00:00","dateModified":"2024-04-16T13:28:15+00:00"},{"@type":"WebSite","@id":"https:\/\/www.rucashk.com\/pt\/#website","url":"https:\/\/www.rucashk.com\/pt\/","name":"Rucas - Wholesale and distribution worldwide","alternateName":"Rucas - One-stop AIoT Distribution Worldwide","description":"One-stop AIoT Distribution Worldwide","inLanguage":"pt-PT","publisher":{"@id":"https:\/\/www.rucashk.com\/pt\/#organization"}}]}},"aioseo_meta_data":{"post_id":"40248","title":null,"description":null,"keywords":null,"keyphrases":null,"primary_term":null,"canonical_url":null,"og_title":null,"og_description":null,"og_object_type":"default","og_image_type":"default","og_image_url":null,"og_image_width":null,"og_image_height":null,"og_image_custom_url":null,"og_image_custom_fields":null,"og_video":null,"og_custom_url":null,"og_article_section":null,"og_article_tags":null,"twitter_use_og":false,"twitter_card":"default","twitter_image_type":"default","twitter_image_url":null,"twitter_image_custom_url":null,"twitter_image_custom_fields":null,"twitter_title":null,"twitter_description":null,"schema":{"blockGraphs":[],"customGraphs":[],"default":{"data":{"Article":[],"Course":[],"Dataset":[],"FAQPage":[],"Movie":[],"Person":[],"Product":[],"Recipe":[],"Service":[],"SoftwareApplication":[],"WebPage":[]},"graphName":"","isEnabled":true},"graphs":[]},"schema_type":"default","schema_type_options":null,"pillar_content":false,"robots_default":true,"robots_noindex":false,"robots_noarchive":false,"robots_nosnippet":false,"robots_nofollow":false,"robots_noimageindex":false,"robots_noodp":false,"robots_notranslate":false,"robots_max_snippet":null,"robots_max_videopreview":null,"robots_max_imagepreview":"large","priority":null,"frequency":null,"local_seo":null,"breadcrumb_settings":null,"limit_modified_date":false,"created":"2024-04-11 01:57:23","updated":"2025-06-22 18:54:57"},"aioseo_breadcrumb":"<div class=\"aioseo-breadcrumbs\"><span class=\"aioseo-breadcrumb\">\n\t<a href=\"https:\/\/www.rucashk.com\/pt\" title=\"Home\">Home<\/a>\n<\/span><span class=\"aioseo-breadcrumb-separator\">&raquo;<\/span><span class=\"aioseo-breadcrumb\">\n\t<a href=\"https:\/\/www.rucashk.com\/pt\/products\/\" title=\"Produtos\">Produtos<\/a>\n<\/span><span class=\"aioseo-breadcrumb-separator\">&raquo;<\/span><span class=\"aioseo-breadcrumb\">\n\t<a href=\"https:\/\/www.rucashk.com\/pt\/marca\/google\/\" title=\"Google\">Google<\/a>\n<\/span><span class=\"aioseo-breadcrumb-separator\">&raquo;<\/span><span class=\"aioseo-breadcrumb\">\n\tGoogle Nest Mini Gen\n<\/span><\/div>","aioseo_breadcrumb_json":[{"label":"Home","link":"https:\/\/www.rucashk.com\/pt"},{"label":"Produtos","link":"https:\/\/www.rucashk.com\/pt\/products\/"},{"label":"Google","link":"https:\/\/www.rucashk.com\/pt\/marca\/google\/"},{"label":"Google Nest Mini Gen","link":"https:\/\/www.rucashk.com\/pt\/produto\/google-nest-mini-gen\/"}],"_links":{"self":[{"href":"https:\/\/www.rucashk.com\/pt\/wp-json\/wp\/v2\/product\/40248","targetHints":{"allow":["GET"]}}],"collection":[{"href":"https:\/\/www.rucashk.com\/pt\/wp-json\/wp\/v2\/product"}],"about":[{"href":"https:\/\/www.rucashk.com\/pt\/wp-json\/wp\/v2\/types\/product"}],"wp:featuredmedia":[{"embeddable":true,"href":"https:\/\/www.rucashk.com\/pt\/wp-json\/wp\/v2\/media\/40259"}],"wp:attachment":[{"href":"https:\/\/www.rucashk.com\/pt\/wp-json\/wp\/v2\/media?parent=40248"}],"wp:term":[{"taxonomy":"product_brand","embeddable":true,"href":"https:\/\/www.rucashk.com\/pt\/wp-json\/wp\/v2\/product_brand?post=40248"},{"taxonomy":"product_cat","embeddable":true,"href":"https:\/\/www.rucashk.com\/pt\/wp-json\/wp\/v2\/product_cat?post=40248"},{"taxonomy":"product_tag","embeddable":true,"href":"https:\/\/www.rucashk.com\/pt\/wp-json\/wp\/v2\/product_tag?post=40248"}],"curies":[{"name":"wp","href":"https:\/\/api.w.org\/{rel}","templated":true}]}}