{"id":39962,"date":"2024-03-26T15:32:49","date_gmt":"2024-03-26T15:32:49","guid":{"rendered":"http:\/\/rucashk.com\/?post_type=product&#038;p=39962"},"modified":"2024-04-16T13:28:04","modified_gmt":"2024-04-16T13:28:04","slug":"imilab-c22-3k-wifi-indoor-camera","status":"publish","type":"product","link":"https:\/\/www.rucashk.com\/pt\/produto\/imilab-c22-3k-wifi-indoor-camera\/","title":{"rendered":"C\u00e2mera interna IMILAB C22 3K WiFi"},"content":{"rendered":"<section id=\"shopify-section-template--17061815124131__main\" class=\"shopify-section shopify-section--main-product\">\n<div class=\"section section--tight  section-blends section-full\">\n<div class=\"product\">\n<div id=\"shopify-block-essential_trust_badges_app_block_9Q7XJV\" class=\"shopify-block shopify-app-block\">\n<div data-app-block-banners=\"\" data-app-block-single-banner=\"da24aaa3-f3b5-47f7-81a3-2b6254393bc7\">\n<div data-banner=\"\" data-id=\"da24aaa3-f3b5-47f7-81a3-2b6254393bc7\">\n<div class=\"icon-block-container icon-block-container-da24aaa3-f3b5-47f7-81a3-2b6254393bc7\">\n<div class=\"icon-block\">\n<div class=\"text-container\"><img fetchpriority=\"high\" decoding=\"async\" class=\"aligncenter wp-image-2405 size-full\" src=\"\/wp-content\/uploads\/replace\/074a081fc6403e515d94941a506f85e6.png\" sizes=\"(max-width: 1920px) 100vw, 1920px\" srcset=\"\/wp-content\/uploads\/replace\/074a081fc6403e515d94941a506f85e6.png 1920w, https:\/\/imilab.com.sg\/wp-content\/uploads\/2023\/07\/C22-banner-2-300x169.webp 300w, https:\/\/imilab.com.sg\/wp-content\/uploads\/2023\/07\/C22-banner-2-1024x576.webp 1024w, https:\/\/imilab.com.sg\/wp-content\/uploads\/2023\/07\/C22-banner-2-768x432.webp 768w, https:\/\/imilab.com.sg\/wp-content\/uploads\/2023\/07\/C22-banner-2-1536x864.webp 1536w, https:\/\/imilab.com.sg\/wp-content\/uploads\/2023\/07\/C22-banner-2-600x338.webp 600w, https:\/\/imilab.com.sg\/wp-content\/uploads\/2023\/07\/C22-banner-2-64x36.webp 64w\" alt=\"IMILAB C22 3K WiFi Indoor Camera\" width=\"1920\" height=\"1080\" \/><\/div>\n<\/div>\n<\/div>\n<\/div>\n<\/div>\n<\/div>\n<\/div>\n<\/div>\n<\/section>\n<div id=\"shopify-section-template--17061815124131__pf-9ba36923\" class=\"shopify-section\">\n<div id=\"__pf\" class=\"sc-UMyrj bIEvkH __pf __pf_o2kjBx-f\">\n<div class=\"sc-evcjhq leJfDA pf-4_\" data-pf-type=\"Body\">\n<div class=\"sc-brSvTw hrizkJ pf-5_\" data-pf-type=\"Layout\">\n<div class=\"sc-uojGG hMqLeX pf-15_\" data-section-id=\"pf-e028\" data-pf-type=\"Section\">\n<div class=\"sc-ilfuhL bpQaoh\">\n<div class=\"sc-furwcr dAWGlU pf-16_ pf-r pf-r-eh\" data-pf-type=\"Row\">\n<div class=\"pf-c\">\n<div class=\"sc-fHeRUh cCunWv pf-17_\" data-pf-type=\"Column\">\n<div class=\"sc-eXlEPa QQQel pf-90_\" data-pf-type=\"Youtube\">\n<div><\/div>\n<\/div>\n<div class=\"sc-jQrDum gyFmBn pf-18_\" data-pf-type=\"Image\"><img decoding=\"async\" alt=\"IMILAB C22 3K WiFi Indoor Camera\" src=\"\/wp-content\/uploads\/replace\/c419b65e0f985576a69907cda61d4883.jpeg\" srcset=\"\/wp-content\/uploads\/replace\/c419b65e0f985576a69907cda61d4883.jpeg 1536w\" width=\"1920\" height=\"3016\" \/><\/div>\n<\/div>\n<\/div>\n<\/div>\n<\/div>\n<\/div>\n<div class=\"sc-uojGG hMqLeX pf-19_\" data-section-id=\"pf-bc49\" data-pf-type=\"Section\">\n<div class=\"sc-ilfuhL bpQaoh\">\n<div class=\"sc-furwcr dAWGlU pf-20_ pf-r pf-r-eh\" data-pf-type=\"Row\">\n<div class=\"pf-c\">\n<div class=\"sc-fHeRUh cCunWv pf-21_\" data-pf-type=\"Column\">\n<div class=\"sc-jQrDum gyFmBn pf-22_\" data-pf-type=\"Image\"><img decoding=\"async\" alt=\"IMILAB C22 3K WiFi Indoor Camera\" src=\"\/wp-content\/uploads\/replace\/08ad2b02c00d069bf1110f06e149a23d.jpeg\" srcset=\"\/wp-content\/uploads\/replace\/08ad2b02c00d069bf1110f06e149a23d.jpeg 1536w\" width=\"1920\" height=\"4781\" \/><\/div>\n<\/div>\n<\/div>\n<\/div>\n<\/div>\n<\/div>\n<div class=\"sc-uojGG hMqLeX pf-23_\" data-section-id=\"pf-7f83\" data-pf-type=\"Section\">\n<div class=\"sc-ilfuhL bpQaoh\">\n<div class=\"sc-furwcr dAWGlU pf-24_ pf-r pf-r-eh\" data-pf-type=\"Row\">\n<div class=\"pf-c\">\n<div class=\"sc-fHeRUh cCunWv pf-25_\" data-pf-type=\"Column\">\n<div class=\"sc-jQrDum gyFmBn pf-26_\" data-pf-type=\"Image\"><img loading=\"lazy\" decoding=\"async\" alt=\"IMILAB C22 3K WiFi Indoor Camera\" src=\"\/wp-content\/uploads\/replace\/ba4a9cfceb9a8c608fdd06c7c1c50ac4.jpeg\" srcset=\"\/wp-content\/uploads\/replace\/ba4a9cfceb9a8c608fdd06c7c1c50ac4.jpeg 1536w\" width=\"1920\" height=\"3582\" \/><\/div>\n<\/div>\n<\/div>\n<\/div>\n<\/div>\n<\/div>\n<div class=\"sc-uojGG hMqLeX pf-27_\" data-section-id=\"pf-60ec\" data-pf-type=\"Section\">\n<div class=\"sc-ilfuhL bpQaoh\">\n<div class=\"sc-furwcr dAWGlU pf-28_ pf-r pf-r-eh\" data-pf-type=\"Row\">\n<div class=\"pf-c\">\n<div class=\"sc-fHeRUh cCunWv pf-29_\" data-pf-type=\"Column\">\n<div class=\"sc-jQrDum gyFmBn pf-30_\" data-pf-type=\"Image\"><img loading=\"lazy\" decoding=\"async\" alt=\"IMILAB C22 3K WiFi Indoor Camera\" src=\"\/wp-content\/uploads\/replace\/7a39add8d4208d9e31d16e830324bb8f.jpeg\" srcset=\"\/wp-content\/uploads\/replace\/7a39add8d4208d9e31d16e830324bb8f.jpeg 1536w\" width=\"1920\" height=\"2478\" \/><\/div>\n<div data-pf-type=\"Image\">C\u00e2mera IP de seguran\u00e7a dom\u00e9stica IMILAB C22 Wifi 6 3K 360<\/div>\n<div data-pf-type=\"Image\">\n<ul>\n<li>A primeira c\u00e2mera de seguran\u00e7a compat\u00edvel com Wi-Fi 6<\/li>\n<li>Clareza super cristalina de 5 MP\/3K<\/li>\n<li>Algoritmo de IA poderoso<\/li>\n<li>Vis\u00e3o noturna colorida com pouca luz<\/li>\n<li>Detec\u00e7\u00e3o de \u00e1rea-chave<\/li>\n<li>Cruzeiro Autom\u00e1tico 360\u00b0<\/li>\n<li>Detec\u00e7\u00e3o humana precisa e rastreamento de movimento<\/li>\n<li>Detec\u00e7\u00e3o Inteligente de Som<\/li>\n<li>Modo privado<\/li>\n<li>Visualiza\u00e7\u00e3o instant\u00e2nea ao vivo e chamada bidirecional<\/li>\n<li>Controle total de um aplicativo (aplicativo Mi Home)<\/li>\n<li>Funciona em Wi-Fi 2.4g<\/li>\n<\/ul>\n<\/div>\n<\/div>\n<\/div>\n<\/div>\n<\/div>\n<\/div>\n<\/div>\n<\/div>\n<\/div>\n<\/div>","protected":false},"excerpt":{"rendered":"<p>O IMILAB C22 oferece rota\u00e7\u00e3o de 360\u00b0 para vigil\u00e2ncia interna abrangente. Com resolu\u00e7\u00e3o 3K e \u00e1udio bidirecional, ele grava todos os detalhes e permite conectar-se \u00e0 sua casa. Ele grava imagens coloridas com pouca luz e alerta sobre pessoas, movimentos ou ru\u00eddos, atualizando voc\u00ea sobre qualquer situa\u00e7\u00e3o.<\/p>\n<ul>\n<li>Clareza not\u00e1vel de 5 MP<\/li>\n<li>Vis\u00e3o noturna colorida com pouca luz<\/li>\n<li>Vista panor\u00e2mica de 360\u00b0<\/li>\n<li>Dissuas\u00e3o Inteligente<\/li>\n<li>Visualiza\u00e7\u00e3o ao vivo e bate-papo<\/li>\n<li>Instala\u00e7\u00e3o vers\u00e1til<\/li>\n<li>Armazenamento flex\u00edvel de filmagens<\/li>\n<\/ul>","protected":false},"featured_media":39967,"template":"","meta":[],"product_brand":[1372],"product_cat":[1317,1305],"product_tag":[],"class_list":{"0":"post-39962","1":"product","2":"type-product","3":"status-publish","4":"has-post-thumbnail","6":"product_brand-imilab","7":"product_cat-imilab-camera","8":"product_cat-xiaomi-eco","10":"first","11":"instock","12":"shipping-taxable","13":"product-type-simple"},"aioseo_notices":[],"aioseo_head":"\n\t\t<!-- All in One SEO Pro 4.5.9.2 - aioseo.com -->\n\t\t<meta name=\"description\" content=\"The IMILAB C22 offers 360\u00b0 rotation for comprehensive indoor surveillance. With 3K resolution and two-way audio, it gets all the details recorded and allows you to connect to your home. It records colorful footage in low light and alerts you to people, motion, or noise, updating you on any situation. 5MP Remarkable Clarity Color Night Vision in Low Light 360\u00b0 Panoramic View Smart Deterrence Live View and Chat Versatile Installation Flexible Footage Storage\" \/>\n\t\t<meta name=\"robots\" content=\"max-image-preview:large\" \/>\n\t\t<link rel=\"canonical\" href=\"https:\/\/www.rucashk.com\/pt\/produto\/imilab-c22-3k-wifi-indoor-camera\/\" \/>\n\t\t<meta name=\"generator\" content=\"All in One SEO Pro (AIOSEO) 4.5.9.2\" \/>\n\t\t<meta property=\"og:locale\" content=\"pt_PT\" \/>\n\t\t<meta property=\"og:site_name\" content=\"Rucas - One-stop AIoT Distribution Worldwide\" \/>\n\t\t<meta property=\"og:type\" content=\"article\" \/>\n\t\t<meta property=\"og:title\" content=\"IMILAB C22 3K WiFi Indoor Camera - Rucas - Wholesale and Distribution\" \/>\n\t\t<meta property=\"og:description\" content=\"The IMILAB C22 offers 360\u00b0 rotation for comprehensive indoor surveillance. With 3K resolution and two-way audio, it gets all the details recorded and allows you to connect to your home. It records colorful footage in low light and alerts you to people, motion, or noise, updating you on any situation. 5MP Remarkable Clarity Color Night Vision in Low Light 360\u00b0 Panoramic View Smart Deterrence Live View and Chat Versatile Installation Flexible Footage Storage\" \/>\n\t\t<meta property=\"og:url\" content=\"https:\/\/www.rucashk.com\/pt\/produto\/imilab-c22-3k-wifi-indoor-camera\/\" \/>\n\t\t<meta property=\"og:image\" content=\"https:\/\/www.rucashk.com\/wp-content\/uploads\/replace\/503b8e645f128a97ccde2b6290747646.jpeg\" \/>\n\t\t<meta property=\"og:image:secure_url\" content=\"https:\/\/www.rucashk.com\/wp-content\/uploads\/replace\/503b8e645f128a97ccde2b6290747646.jpeg\" \/>\n\t\t<meta property=\"og:image:width\" content=\"1456\" \/>\n\t\t<meta property=\"og:image:height\" content=\"816\" \/>\n\t\t<meta property=\"article:published_time\" content=\"2024-03-26T15:32:49+00:00\" \/>\n\t\t<meta property=\"article:modified_time\" content=\"2024-04-16T13:28:04+00:00\" \/>\n\t\t<meta name=\"twitter:card\" content=\"summary_large_image\" \/>\n\t\t<meta name=\"twitter:title\" content=\"IMILAB C22 3K WiFi Indoor Camera - Rucas - Wholesale and Distribution\" \/>\n\t\t<meta name=\"twitter:description\" content=\"The IMILAB C22 offers 360\u00b0 rotation for comprehensive indoor surveillance. With 3K resolution and two-way audio, it gets all the details recorded and allows you to connect to your home. It records colorful footage in low light and alerts you to people, motion, or noise, updating you on any situation. 5MP Remarkable Clarity Color Night Vision in Low Light 360\u00b0 Panoramic View Smart Deterrence Live View and Chat Versatile Installation Flexible Footage Storage\" \/>\n\t\t<meta name=\"twitter:image\" content=\"https:\/\/www.rucashk.com\/wp-content\/uploads\/replace\/503b8e645f128a97ccde2b6290747646.jpeg\" \/>\n\t\t<script type=\"application\/ld+json\" class=\"aioseo-schema\">\n\t\t\t{\"@context\":\"https:\\\/\\\/schema.org\",\"@graph\":[{\"@type\":\"BreadcrumbList\",\"@id\":\"https:\\\/\\\/www.rucashk.com\\\/pt\\\/produto\\\/imilab-c22-3k-wifi-indoor-camera\\\/#breadcrumblist\",\"itemListElement\":[{\"@type\":\"ListItem\",\"@id\":\"https:\\\/\\\/www.rucashk.com\\\/pt\\\/#listItem\",\"position\":1,\"name\":\"Home\",\"item\":\"https:\\\/\\\/www.rucashk.com\\\/pt\\\/\",\"nextItem\":\"https:\\\/\\\/www.rucashk.com\\\/pt\\\/produto\\\/imilab-c22-3k-wifi-indoor-camera\\\/#listItem\"},{\"@type\":\"ListItem\",\"@id\":\"https:\\\/\\\/www.rucashk.com\\\/pt\\\/produto\\\/imilab-c22-3k-wifi-indoor-camera\\\/#listItem\",\"position\":2,\"name\":\"IMILAB C22 3K WiFi Indoor Camera\",\"previousItem\":\"https:\\\/\\\/www.rucashk.com\\\/pt\\\/#listItem\"}]},{\"@type\":\"Organization\",\"@id\":\"https:\\\/\\\/www.rucashk.com\\\/pt\\\/#organization\",\"name\":\"Rucas\",\"url\":\"https:\\\/\\\/www.rucashk.com\\\/pt\\\/\",\"logo\":{\"@type\":\"ImageObject\",\"url\":\"https:\\\/\\\/www.rucashk.com\\\/wp-content\\\/uploads\\\/2023\\\/12\\\/Rucas_campany_logo.png\",\"@id\":\"https:\\\/\\\/www.rucashk.com\\\/pt\\\/produto\\\/imilab-c22-3k-wifi-indoor-camera\\\/#organizationLogo\",\"width\":221,\"height\":65},\"image\":{\"@id\":\"https:\\\/\\\/www.rucashk.com\\\/pt\\\/#organizationLogo\"}},{\"@type\":\"Person\",\"@id\":\"https:\\\/\\\/www.rucashk.com\\\/pt\\\/author\\\/admin\\\/#author\",\"url\":\"https:\\\/\\\/www.rucashk.com\\\/pt\\\/author\\\/admin\\\/\",\"name\":\"admin\",\"image\":{\"@type\":\"ImageObject\",\"@id\":\"https:\\\/\\\/www.rucashk.com\\\/pt\\\/produto\\\/imilab-c22-3k-wifi-indoor-camera\\\/#authorImage\",\"url\":\"https:\\\/\\\/secure.gravatar.com\\\/avatar\\\/b7c8925b09a27e72b30232f8ecaadbd5af0f70a38c78096863fe51b64f031c24?s=96&d=mm&r=g\",\"width\":96,\"height\":96,\"caption\":\"admin\"}},{\"@type\":\"WebPage\",\"@id\":\"https:\\\/\\\/www.rucashk.com\\\/pt\\\/produto\\\/imilab-c22-3k-wifi-indoor-camera\\\/#webpage\",\"url\":\"https:\\\/\\\/www.rucashk.com\\\/pt\\\/produto\\\/imilab-c22-3k-wifi-indoor-camera\\\/\",\"name\":\"IMILAB C22 3K WiFi Indoor Camera - Rucas - Wholesale and Distribution\",\"description\":\"The IMILAB C22 offers 360\\u00b0 rotation for comprehensive indoor surveillance. With 3K resolution and two-way audio, it gets all the details recorded and allows you to connect to your home. It records colorful footage in low light and alerts you to people, motion, or noise, updating you on any situation. 5MP Remarkable Clarity Color Night Vision in Low Light 360\\u00b0 Panoramic View Smart Deterrence Live View and Chat Versatile Installation Flexible Footage Storage\",\"inLanguage\":\"pt-PT\",\"isPartOf\":{\"@id\":\"https:\\\/\\\/www.rucashk.com\\\/pt\\\/#website\"},\"breadcrumb\":{\"@id\":\"https:\\\/\\\/www.rucashk.com\\\/pt\\\/produto\\\/imilab-c22-3k-wifi-indoor-camera\\\/#breadcrumblist\"},\"author\":{\"@id\":\"https:\\\/\\\/www.rucashk.com\\\/pt\\\/author\\\/admin\\\/#author\"},\"creator\":{\"@id\":\"https:\\\/\\\/www.rucashk.com\\\/pt\\\/author\\\/admin\\\/#author\"},\"image\":{\"@type\":\"ImageObject\",\"url\":\"https:\\\/\\\/www.rucashk.com\\\/wp-content\\\/uploads\\\/2024\\\/03\\\/ImilabC22Black01.png.webp\",\"@id\":\"https:\\\/\\\/www.rucashk.com\\\/pt\\\/produto\\\/imilab-c22-3k-wifi-indoor-camera\\\/#mainImage\",\"width\":800,\"height\":800},\"primaryImageOfPage\":{\"@id\":\"https:\\\/\\\/www.rucashk.com\\\/pt\\\/produto\\\/imilab-c22-3k-wifi-indoor-camera\\\/#mainImage\"},\"datePublished\":\"2024-03-26T15:32:49+00:00\",\"dateModified\":\"2024-04-16T13:28:04+00:00\"},{\"@type\":\"WebSite\",\"@id\":\"https:\\\/\\\/www.rucashk.com\\\/pt\\\/#website\",\"url\":\"https:\\\/\\\/www.rucashk.com\\\/pt\\\/\",\"name\":\"Rucas - Wholesale and distribution worldwide\",\"alternateName\":\"Rucas - One-stop AIoT Distribution Worldwide\",\"description\":\"One-stop AIoT Distribution Worldwide\",\"inLanguage\":\"pt-PT\",\"publisher\":{\"@id\":\"https:\\\/\\\/www.rucashk.com\\\/pt\\\/#organization\"}}]}\n\t\t<\/script>\n\t\t<!-- All in One SEO Pro -->\r\n\t\t<title>IMILAB C22 3K WiFi Indoor Camera - Rucas - Wholesale and Distribution<\/title>\n\n","aioseo_head_json":{"title":"IMILAB C22 3K WiFi Indoor Camera - Rucas - Wholesale and Distribution","description":"The IMILAB C22 offers 360\u00b0 rotation for comprehensive indoor surveillance. With 3K resolution and two-way audio, it gets all the details recorded and allows you to connect to your home. It records colorful footage in low light and alerts you to people, motion, or noise, updating you on any situation. 5MP Remarkable Clarity Color Night Vision in Low Light 360\u00b0 Panoramic View Smart Deterrence Live View and Chat Versatile Installation Flexible Footage Storage","canonical_url":"https:\/\/www.rucashk.com\/pt\/produto\/imilab-c22-3k-wifi-indoor-camera\/","robots":"max-image-preview:large","keywords":"","webmasterTools":{"miscellaneous":""},"og:locale":"pt_PT","og:site_name":"Rucas - One-stop AIoT Distribution Worldwide","og:type":"article","og:title":"IMILAB C22 3K WiFi Indoor Camera - Rucas - Wholesale and Distribution","og:description":"The IMILAB C22 offers 360\u00b0 rotation for comprehensive indoor surveillance. With 3K resolution and two-way audio, it gets all the details recorded and allows you to connect to your home. It records colorful footage in low light and alerts you to people, motion, or noise, updating you on any situation. 5MP Remarkable Clarity Color Night Vision in Low Light 360\u00b0 Panoramic View Smart Deterrence Live View and Chat Versatile Installation Flexible Footage Storage","og:url":"https:\/\/www.rucashk.com\/pt\/produto\/imilab-c22-3k-wifi-indoor-camera\/","og:image":"https:\/\/www.rucashk.com\/wp-content\/uploads\/replace\/503b8e645f128a97ccde2b6290747646.jpeg","og:image:secure_url":"https:\/\/www.rucashk.com\/wp-content\/uploads\/replace\/503b8e645f128a97ccde2b6290747646.jpeg","og:image:width":1456,"og:image:height":816,"article:published_time":"2024-03-26T15:32:49+00:00","article:modified_time":"2024-04-16T13:28:04+00:00","twitter:card":"summary_large_image","twitter:title":"IMILAB C22 3K WiFi Indoor Camera - Rucas - Wholesale and Distribution","twitter:description":"The IMILAB C22 offers 360\u00b0 rotation for comprehensive indoor surveillance. With 3K resolution and two-way audio, it gets all the details recorded and allows you to connect to your home. It records colorful footage in low light and alerts you to people, motion, or noise, updating you on any situation. 5MP Remarkable Clarity Color Night Vision in Low Light 360\u00b0 Panoramic View Smart Deterrence Live View and Chat Versatile Installation Flexible Footage Storage","twitter:image":"https:\/\/www.rucashk.com\/wp-content\/uploads\/replace\/503b8e645f128a97ccde2b6290747646.jpeg","schema":{"@context":"https:\/\/schema.org","@graph":[{"@type":"BreadcrumbList","@id":"https:\/\/www.rucashk.com\/pt\/produto\/imilab-c22-3k-wifi-indoor-camera\/#breadcrumblist","itemListElement":[{"@type":"ListItem","@id":"https:\/\/www.rucashk.com\/pt\/#listItem","position":1,"name":"Home","item":"https:\/\/www.rucashk.com\/pt\/","nextItem":"https:\/\/www.rucashk.com\/pt\/produto\/imilab-c22-3k-wifi-indoor-camera\/#listItem"},{"@type":"ListItem","@id":"https:\/\/www.rucashk.com\/pt\/produto\/imilab-c22-3k-wifi-indoor-camera\/#listItem","position":2,"name":"IMILAB C22 3K WiFi Indoor Camera","previousItem":"https:\/\/www.rucashk.com\/pt\/#listItem"}]},{"@type":"Organization","@id":"https:\/\/www.rucashk.com\/pt\/#organization","name":"Rucas","url":"https:\/\/www.rucashk.com\/pt\/","logo":{"@type":"ImageObject","url":"https:\/\/www.rucashk.com\/wp-content\/uploads\/2023\/12\/Rucas_campany_logo.png","@id":"https:\/\/www.rucashk.com\/pt\/produto\/imilab-c22-3k-wifi-indoor-camera\/#organizationLogo","width":221,"height":65},"image":{"@id":"https:\/\/www.rucashk.com\/pt\/#organizationLogo"}},{"@type":"Person","@id":"https:\/\/www.rucashk.com\/pt\/author\/admin\/#author","url":"https:\/\/www.rucashk.com\/pt\/author\/admin\/","name":"admin","image":{"@type":"ImageObject","@id":"https:\/\/www.rucashk.com\/pt\/produto\/imilab-c22-3k-wifi-indoor-camera\/#authorImage","url":"https:\/\/secure.gravatar.com\/avatar\/b7c8925b09a27e72b30232f8ecaadbd5af0f70a38c78096863fe51b64f031c24?s=96&d=mm&r=g","width":96,"height":96,"caption":"admin"}},{"@type":"WebPage","@id":"https:\/\/www.rucashk.com\/pt\/produto\/imilab-c22-3k-wifi-indoor-camera\/#webpage","url":"https:\/\/www.rucashk.com\/pt\/produto\/imilab-c22-3k-wifi-indoor-camera\/","name":"IMILAB C22 3K WiFi Indoor Camera - Rucas - Wholesale and Distribution","description":"The IMILAB C22 offers 360\u00b0 rotation for comprehensive indoor surveillance. With 3K resolution and two-way audio, it gets all the details recorded and allows you to connect to your home. It records colorful footage in low light and alerts you to people, motion, or noise, updating you on any situation. 5MP Remarkable Clarity Color Night Vision in Low Light 360\u00b0 Panoramic View Smart Deterrence Live View and Chat Versatile Installation Flexible Footage Storage","inLanguage":"pt-PT","isPartOf":{"@id":"https:\/\/www.rucashk.com\/pt\/#website"},"breadcrumb":{"@id":"https:\/\/www.rucashk.com\/pt\/produto\/imilab-c22-3k-wifi-indoor-camera\/#breadcrumblist"},"author":{"@id":"https:\/\/www.rucashk.com\/pt\/author\/admin\/#author"},"creator":{"@id":"https:\/\/www.rucashk.com\/pt\/author\/admin\/#author"},"image":{"@type":"ImageObject","url":"https:\/\/www.rucashk.com\/wp-content\/uploads\/2024\/03\/ImilabC22Black01.png.webp","@id":"https:\/\/www.rucashk.com\/pt\/produto\/imilab-c22-3k-wifi-indoor-camera\/#mainImage","width":800,"height":800},"primaryImageOfPage":{"@id":"https:\/\/www.rucashk.com\/pt\/produto\/imilab-c22-3k-wifi-indoor-camera\/#mainImage"},"datePublished":"2024-03-26T15:32:49+00:00","dateModified":"2024-04-16T13:28:04+00:00"},{"@type":"WebSite","@id":"https:\/\/www.rucashk.com\/pt\/#website","url":"https:\/\/www.rucashk.com\/pt\/","name":"Rucas - Wholesale and distribution worldwide","alternateName":"Rucas - One-stop AIoT Distribution Worldwide","description":"One-stop AIoT Distribution Worldwide","inLanguage":"pt-PT","publisher":{"@id":"https:\/\/www.rucashk.com\/pt\/#organization"}}]}},"aioseo_meta_data":{"post_id":"39962","title":null,"description":null,"keywords":null,"keyphrases":null,"primary_term":null,"canonical_url":null,"og_title":null,"og_description":null,"og_object_type":"default","og_image_type":"default","og_image_url":null,"og_image_width":null,"og_image_height":null,"og_image_custom_url":null,"og_image_custom_fields":null,"og_video":null,"og_custom_url":null,"og_article_section":null,"og_article_tags":null,"twitter_use_og":false,"twitter_card":"default","twitter_image_type":"default","twitter_image_url":null,"twitter_image_custom_url":null,"twitter_image_custom_fields":null,"twitter_title":null,"twitter_description":null,"schema":{"blockGraphs":[],"customGraphs":[],"default":{"data":{"Article":[],"Course":[],"Dataset":[],"FAQPage":[],"Movie":[],"Person":[],"Product":[],"Recipe":[],"Service":[],"SoftwareApplication":[],"WebPage":[]},"graphName":"","isEnabled":true},"graphs":[]},"schema_type":"default","schema_type_options":null,"pillar_content":false,"robots_default":true,"robots_noindex":false,"robots_noarchive":false,"robots_nosnippet":false,"robots_nofollow":false,"robots_noimageindex":false,"robots_noodp":false,"robots_notranslate":false,"robots_max_snippet":null,"robots_max_videopreview":null,"robots_max_imagepreview":"large","priority":null,"frequency":null,"local_seo":null,"breadcrumb_settings":null,"limit_modified_date":false,"created":"2024-04-11 01:57:23","updated":"2025-06-22 18:53:55"},"aioseo_breadcrumb":"<div class=\"aioseo-breadcrumbs\"><span class=\"aioseo-breadcrumb\">\n\t<a href=\"https:\/\/www.rucashk.com\/pt\" title=\"Home\">Home<\/a>\n<\/span><span class=\"aioseo-breadcrumb-separator\">&raquo;<\/span><span class=\"aioseo-breadcrumb\">\n\t<a href=\"https:\/\/www.rucashk.com\/pt\/products\/\" title=\"Produtos\">Produtos<\/a>\n<\/span><span class=\"aioseo-breadcrumb-separator\">&raquo;<\/span><span class=\"aioseo-breadcrumb\">\n\t<a href=\"https:\/\/www.rucashk.com\/pt\/marca\/imilab\/\" title=\"IMILAB\">IMILAB<\/a>\n<\/span><span class=\"aioseo-breadcrumb-separator\">&raquo;<\/span><span class=\"aioseo-breadcrumb\">\n\tIMILAB C22 3K WiFi Indoor Camera\n<\/span><\/div>","aioseo_breadcrumb_json":[{"label":"Home","link":"https:\/\/www.rucashk.com\/pt"},{"label":"Produtos","link":"https:\/\/www.rucashk.com\/pt\/products\/"},{"label":"IMILAB","link":"https:\/\/www.rucashk.com\/pt\/marca\/imilab\/"},{"label":"IMILAB C22 3K WiFi Indoor Camera","link":"https:\/\/www.rucashk.com\/pt\/produto\/imilab-c22-3k-wifi-indoor-camera\/"}],"_links":{"self":[{"href":"https:\/\/www.rucashk.com\/pt\/wp-json\/wp\/v2\/product\/39962","targetHints":{"allow":["GET"]}}],"collection":[{"href":"https:\/\/www.rucashk.com\/pt\/wp-json\/wp\/v2\/product"}],"about":[{"href":"https:\/\/www.rucashk.com\/pt\/wp-json\/wp\/v2\/types\/product"}],"wp:featuredmedia":[{"embeddable":true,"href":"https:\/\/www.rucashk.com\/pt\/wp-json\/wp\/v2\/media\/39967"}],"wp:attachment":[{"href":"https:\/\/www.rucashk.com\/pt\/wp-json\/wp\/v2\/media?parent=39962"}],"wp:term":[{"taxonomy":"product_brand","embeddable":true,"href":"https:\/\/www.rucashk.com\/pt\/wp-json\/wp\/v2\/product_brand?post=39962"},{"taxonomy":"product_cat","embeddable":true,"href":"https:\/\/www.rucashk.com\/pt\/wp-json\/wp\/v2\/product_cat?post=39962"},{"taxonomy":"product_tag","embeddable":true,"href":"https:\/\/www.rucashk.com\/pt\/wp-json\/wp\/v2\/product_tag?post=39962"}],"curies":[{"name":"wp","href":"https:\/\/api.w.org\/{rel}","templated":true}]}}