{"id":39923,"date":"2024-03-26T15:14:19","date_gmt":"2024-03-26T15:14:19","guid":{"rendered":"http:\/\/rucashk.com\/?post_type=product&#038;p=39923"},"modified":"2024-04-16T13:27:58","modified_gmt":"2024-04-16T13:27:58","slug":"imilab-ec5-2k-wifi-spotlight-camera","status":"publish","type":"product","link":"https:\/\/www.rucashk.com\/pt\/produto\/imilab-ec5-2k-wifi-spotlight-camera\/","title":{"rendered":"C\u00e2mera de holofote IMILAB EC5 2K WiFi"},"content":{"rendered":"<div><img fetchpriority=\"high\" decoding=\"async\" class=\"alignnone size-full wp-image-39924\" src=\"http:\/\/rucashk.com\/wp-content\/uploads\/replace\/fd750f40917a03f2f34aae173bff5fc4-scaled.jpeg\" alt=\"IMILAB EC5 2K WiFi Spotlight Camera\" width=\"2560\" height=\"858\" \/> <img decoding=\"async\" class=\"alignnone size-full wp-image-39925\" src=\"http:\/\/rucashk.com\/wp-content\/uploads\/replace\/8e10f50e614a6e686cdf0bff442d6626-scaled.jpeg\" alt=\"IMILAB EC5 2K WiFi Spotlight Camera\" width=\"2560\" height=\"1049\" \/> <img decoding=\"async\" class=\"alignnone size-full wp-image-39926\" src=\"http:\/\/rucashk.com\/wp-content\/uploads\/replace\/7d38b5d27da5d57edd65b920b0d3b517-scaled.jpeg\" alt=\"IMILAB EC5 2K WiFi Spotlight Camera\" width=\"2560\" height=\"1049\" \/> <img loading=\"lazy\" decoding=\"async\" class=\"alignnone size-full wp-image-39927\" src=\"http:\/\/rucashk.com\/wp-content\/uploads\/replace\/1a1d0c9a5221e4ea88827338fec90a83-scaled.jpeg\" alt=\"IMILAB EC5 2K WiFi Spotlight Camera\" width=\"2560\" height=\"1049\" \/> <img loading=\"lazy\" decoding=\"async\" class=\"alignnone size-full wp-image-39928\" src=\"http:\/\/rucashk.com\/wp-content\/uploads\/replace\/27462ad0034ae747aefc9032bbf72789-scaled.jpeg\" alt=\"IMILAB EC5 2K WiFi Spotlight Camera\" width=\"2560\" height=\"1049\" \/> <img loading=\"lazy\" decoding=\"async\" class=\"alignnone size-full wp-image-39929\" src=\"http:\/\/rucashk.com\/wp-content\/uploads\/replace\/3272c2cceaf04eac012829990b8ce13d-scaled.jpeg\" alt=\"IMILAB EC5 2K WiFi Spotlight Camera\" width=\"2560\" height=\"1049\" \/> <img loading=\"lazy\" decoding=\"async\" class=\"alignnone size-full wp-image-39930\" src=\"http:\/\/rucashk.com\/wp-content\/uploads\/replace\/625d3752f72c39659c8e287915199f6f-scaled.jpeg\" alt=\"IMILAB EC5 2K WiFi Spotlight Camera\" width=\"2560\" height=\"1049\" \/> <img loading=\"lazy\" decoding=\"async\" class=\"alignnone size-full wp-image-39931\" src=\"http:\/\/rucashk.com\/wp-content\/uploads\/replace\/fb015b1929e0e0a0d870b69c5dd974c9-scaled.jpeg\" alt=\"IMILAB EC5 2K WiFi Spotlight Camera\" width=\"2560\" height=\"1049\" \/> <img loading=\"lazy\" decoding=\"async\" class=\"alignnone size-full wp-image-39932\" src=\"http:\/\/rucashk.com\/wp-content\/uploads\/replace\/3e5b7833e9f82f1b8ba30e2a28de89b2-scaled.jpeg\" alt=\"IMILAB EC5 2K WiFi Spotlight Camera\" width=\"2560\" height=\"1049\" \/> <img loading=\"lazy\" decoding=\"async\" class=\"alignnone size-full wp-image-39933\" src=\"http:\/\/rucashk.com\/wp-content\/uploads\/replace\/e94098bc39f86763f3c60a625f7119b0-scaled.jpeg\" alt=\"IMILAB EC5 2K WiFi Spotlight Camera\" width=\"2560\" height=\"1049\" \/><\/div>\n<div>O mais novo\u00a0<strong>C\u00e2mera externa IMILAB EC5<\/strong>\u00a0\u00e9 um \u00fanico\u00a0<strong>c\u00e2mera com holofote<\/strong>\u00a0com\u00a0<strong>Rota\u00e7\u00e3o de 360\u00b0<\/strong>\u00a0e\u00a0<strong>configura\u00e7\u00e3o de ilumina\u00e7\u00e3o inteligente<\/strong>\u00a0que pode ajustar a luz com base na programa\u00e7\u00e3o ou detec\u00e7\u00e3o de movimento para oferecer vis\u00e3o noturna em cores inteligentes. Mais o\u00a0<strong>Resolu\u00e7\u00e3o 2K\/3MP e rastreamento de 360\u00b0<\/strong>, a c\u00e2mera EC5 ajudar\u00e1 a proteger todos os cantos da sua casa. Voc\u00ea nunca sentir\u00e1 falta daquilo que lhe interessa. Al\u00e9m disso, apresentando o\u00a0<strong>detec\u00e7\u00e3o de \u00e1rea chave<\/strong>, voc\u00ea pode definir a zona de acordo com sua casa para receber apenas os alertas de seu interesse. N\u00e3o hesite, basta comprar um e ver uma vida mais inteligente.<\/div>\n<p><strong>Caracter\u00edsticas da c\u00e2mera externa com holofote IMILAB EC5:<\/strong><\/p>\n<ul>\n<li>2K\/3MP cristalino<\/li>\n<li>Rastreamento Humano 360\u00b0<\/li>\n<li>Ilumina\u00e7\u00e3o inteligente<\/li>\n<li>Vis\u00e3o noturna colorida<\/li>\n<li>Detec\u00e7\u00e3o de \u00e1rea chave\/zona de atividade<\/li>\n<li>Notifica\u00e7\u00e3o instant\u00e2nea<\/li>\n<li>Sirene Inteligente<\/li>\n<li>Conex\u00e3o Wi-Fi e LAN<\/li>\n<li>Op\u00e7\u00f5es de armazenamento m\u00faltiplo \u2013 armazenamento em nuvem e armazenamento local em cart\u00e3o MicroSD (at\u00e9 256 GB)<\/li>\n<li>Compress\u00e3o de v\u00eddeo H.265\/H.264<\/li>\n<li>IP66 \u00e0 prova d&#039;\u00e1gua<\/li>\n<li>Adapte-se a qualquer lugar<\/li>\n<\/ul>","protected":false},"excerpt":{"rendered":"<p>O IMILAB EC5 oferece vigil\u00e2ncia 360\u00b0 com rastreamento autom\u00e1tico de pessoas. O 2K Live View &amp; Chat permite check-ins em tempo real sem esfor\u00e7o. Pode ser facilmente montado em tetos, paredes ou colunas de qualquer casa.<\/p>\n<ul>\n<li>Vigil\u00e2ncia 360\u00b0<\/li>\n<li>Visualiza\u00e7\u00e3o ao vivo e bate-papo em 2K<\/li>\n<li>Dissuas\u00e3o autom\u00e1tica<\/li>\n<li>Conex\u00e3o de aplicativo<\/li>\n<li>Instala\u00e7\u00e3o vers\u00e1til<\/li>\n<li>Armazenamento flex\u00edvel de filmagens<\/li>\n<li>Assistentes de voz<\/li>\n<li>2022 IF Design Premiado<\/li>\n<\/ul>","protected":false},"featured_media":39936,"template":"","meta":[],"product_brand":[1372],"product_cat":[1317,1305],"product_tag":[],"class_list":{"0":"post-39923","1":"product","2":"type-product","3":"status-publish","4":"has-post-thumbnail","6":"product_brand-imilab","7":"product_cat-imilab-camera","8":"product_cat-xiaomi-eco","10":"first","11":"instock","12":"shipping-taxable","13":"product-type-simple"},"aioseo_notices":[],"aioseo_head":"\n\t\t<!-- All in One SEO Pro 4.5.9.2 - aioseo.com -->\n\t\t<meta name=\"description\" content=\"The IMILAB EC5 offers 360\u00b0 surveillance with automatic tracking of people. The 2K Live View &amp; Chat allows for effortless real-time check-ins. It can be easily mounted on ceilings, walls, or columns in any home. 360\u00b0 Surveillance 2K Live View &amp; Chat Auto Deterrence App Connection Versatile Installation Flexible Footage Storage Voice Assistants 2022 IF Design Awarded\" \/>\n\t\t<meta name=\"robots\" content=\"max-image-preview:large\" \/>\n\t\t<link rel=\"canonical\" href=\"https:\/\/www.rucashk.com\/pt\/produto\/imilab-ec5-2k-wifi-spotlight-camera\/\" \/>\n\t\t<meta name=\"generator\" content=\"All in One SEO Pro (AIOSEO) 4.5.9.2\" \/>\n\t\t<meta property=\"og:locale\" content=\"pt_PT\" \/>\n\t\t<meta property=\"og:site_name\" content=\"Rucas - One-stop AIoT Distribution Worldwide\" \/>\n\t\t<meta property=\"og:type\" content=\"article\" \/>\n\t\t<meta property=\"og:title\" content=\"IMILAB EC5 2K WiFi Spotlight Camera - Rucas - Wholesale and Distribution\" \/>\n\t\t<meta property=\"og:description\" content=\"The IMILAB EC5 offers 360\u00b0 surveillance with automatic tracking of people. The 2K Live View &amp; Chat allows for effortless real-time check-ins. It can be easily mounted on ceilings, walls, or columns in any home. 360\u00b0 Surveillance 2K Live View &amp; Chat Auto Deterrence App Connection Versatile Installation Flexible Footage Storage Voice Assistants 2022 IF Design Awarded\" \/>\n\t\t<meta property=\"og:url\" content=\"https:\/\/www.rucashk.com\/pt\/produto\/imilab-ec5-2k-wifi-spotlight-camera\/\" \/>\n\t\t<meta property=\"og:image\" content=\"https:\/\/www.rucashk.com\/wp-content\/uploads\/replace\/503b8e645f128a97ccde2b6290747646.jpeg\" \/>\n\t\t<meta property=\"og:image:secure_url\" content=\"https:\/\/www.rucashk.com\/wp-content\/uploads\/replace\/503b8e645f128a97ccde2b6290747646.jpeg\" \/>\n\t\t<meta property=\"og:image:width\" content=\"1456\" \/>\n\t\t<meta property=\"og:image:height\" content=\"816\" \/>\n\t\t<meta property=\"article:published_time\" content=\"2024-03-26T15:14:19+00:00\" \/>\n\t\t<meta property=\"article:modified_time\" content=\"2024-04-16T13:27:58+00:00\" \/>\n\t\t<meta name=\"twitter:card\" content=\"summary_large_image\" \/>\n\t\t<meta name=\"twitter:title\" content=\"IMILAB EC5 2K WiFi Spotlight Camera - Rucas - Wholesale and Distribution\" \/>\n\t\t<meta name=\"twitter:description\" content=\"The IMILAB EC5 offers 360\u00b0 surveillance with automatic tracking of people. The 2K Live View &amp; Chat allows for effortless real-time check-ins. It can be easily mounted on ceilings, walls, or columns in any home. 360\u00b0 Surveillance 2K Live View &amp; Chat Auto Deterrence App Connection Versatile Installation Flexible Footage Storage Voice Assistants 2022 IF Design Awarded\" \/>\n\t\t<meta name=\"twitter:image\" content=\"https:\/\/www.rucashk.com\/wp-content\/uploads\/replace\/503b8e645f128a97ccde2b6290747646.jpeg\" \/>\n\t\t<script type=\"application\/ld+json\" class=\"aioseo-schema\">\n\t\t\t{\"@context\":\"https:\\\/\\\/schema.org\",\"@graph\":[{\"@type\":\"BreadcrumbList\",\"@id\":\"https:\\\/\\\/www.rucashk.com\\\/pt\\\/produto\\\/imilab-ec5-2k-wifi-spotlight-camera\\\/#breadcrumblist\",\"itemListElement\":[{\"@type\":\"ListItem\",\"@id\":\"https:\\\/\\\/www.rucashk.com\\\/pt\\\/#listItem\",\"position\":1,\"name\":\"Home\",\"item\":\"https:\\\/\\\/www.rucashk.com\\\/pt\\\/\",\"nextItem\":\"https:\\\/\\\/www.rucashk.com\\\/pt\\\/produto\\\/imilab-ec5-2k-wifi-spotlight-camera\\\/#listItem\"},{\"@type\":\"ListItem\",\"@id\":\"https:\\\/\\\/www.rucashk.com\\\/pt\\\/produto\\\/imilab-ec5-2k-wifi-spotlight-camera\\\/#listItem\",\"position\":2,\"name\":\"IMILAB EC5 2K WiFi Spotlight Camera\",\"previousItem\":\"https:\\\/\\\/www.rucashk.com\\\/pt\\\/#listItem\"}]},{\"@type\":\"Organization\",\"@id\":\"https:\\\/\\\/www.rucashk.com\\\/pt\\\/#organization\",\"name\":\"Rucas\",\"url\":\"https:\\\/\\\/www.rucashk.com\\\/pt\\\/\",\"logo\":{\"@type\":\"ImageObject\",\"url\":\"https:\\\/\\\/www.rucashk.com\\\/wp-content\\\/uploads\\\/2023\\\/12\\\/Rucas_campany_logo.png\",\"@id\":\"https:\\\/\\\/www.rucashk.com\\\/pt\\\/produto\\\/imilab-ec5-2k-wifi-spotlight-camera\\\/#organizationLogo\",\"width\":221,\"height\":65},\"image\":{\"@id\":\"https:\\\/\\\/www.rucashk.com\\\/pt\\\/#organizationLogo\"}},{\"@type\":\"Person\",\"@id\":\"https:\\\/\\\/www.rucashk.com\\\/pt\\\/author\\\/admin\\\/#author\",\"url\":\"https:\\\/\\\/www.rucashk.com\\\/pt\\\/author\\\/admin\\\/\",\"name\":\"admin\",\"image\":{\"@type\":\"ImageObject\",\"@id\":\"https:\\\/\\\/www.rucashk.com\\\/pt\\\/produto\\\/imilab-ec5-2k-wifi-spotlight-camera\\\/#authorImage\",\"url\":\"https:\\\/\\\/secure.gravatar.com\\\/avatar\\\/b7c8925b09a27e72b30232f8ecaadbd5af0f70a38c78096863fe51b64f031c24?s=96&d=mm&r=g\",\"width\":96,\"height\":96,\"caption\":\"admin\"}},{\"@type\":\"WebPage\",\"@id\":\"https:\\\/\\\/www.rucashk.com\\\/pt\\\/produto\\\/imilab-ec5-2k-wifi-spotlight-camera\\\/#webpage\",\"url\":\"https:\\\/\\\/www.rucashk.com\\\/pt\\\/produto\\\/imilab-ec5-2k-wifi-spotlight-camera\\\/\",\"name\":\"IMILAB EC5 2K WiFi Spotlight Camera - Rucas - Wholesale and Distribution\",\"description\":\"The IMILAB EC5 offers 360\\u00b0 surveillance with automatic tracking of people. The 2K Live View & Chat allows for effortless real-time check-ins. It can be easily mounted on ceilings, walls, or columns in any home. 360\\u00b0 Surveillance 2K Live View & Chat Auto Deterrence App Connection Versatile Installation Flexible Footage Storage Voice Assistants 2022 IF Design Awarded\",\"inLanguage\":\"pt-PT\",\"isPartOf\":{\"@id\":\"https:\\\/\\\/www.rucashk.com\\\/pt\\\/#website\"},\"breadcrumb\":{\"@id\":\"https:\\\/\\\/www.rucashk.com\\\/pt\\\/produto\\\/imilab-ec5-2k-wifi-spotlight-camera\\\/#breadcrumblist\"},\"author\":{\"@id\":\"https:\\\/\\\/www.rucashk.com\\\/pt\\\/author\\\/admin\\\/#author\"},\"creator\":{\"@id\":\"https:\\\/\\\/www.rucashk.com\\\/pt\\\/author\\\/admin\\\/#author\"},\"image\":{\"@type\":\"ImageObject\",\"url\":\"https:\\\/\\\/www.rucashk.com\\\/wp-content\\\/uploads\\\/2024\\\/03\\\/IMILAB-EC5.png\",\"@id\":\"https:\\\/\\\/www.rucashk.com\\\/pt\\\/produto\\\/imilab-ec5-2k-wifi-spotlight-camera\\\/#mainImage\",\"width\":822,\"height\":764},\"primaryImageOfPage\":{\"@id\":\"https:\\\/\\\/www.rucashk.com\\\/pt\\\/produto\\\/imilab-ec5-2k-wifi-spotlight-camera\\\/#mainImage\"},\"datePublished\":\"2024-03-26T15:14:19+00:00\",\"dateModified\":\"2024-04-16T13:27:58+00:00\"},{\"@type\":\"WebSite\",\"@id\":\"https:\\\/\\\/www.rucashk.com\\\/pt\\\/#website\",\"url\":\"https:\\\/\\\/www.rucashk.com\\\/pt\\\/\",\"name\":\"Rucas - Wholesale and distribution worldwide\",\"alternateName\":\"Rucas - One-stop AIoT Distribution Worldwide\",\"description\":\"One-stop AIoT Distribution Worldwide\",\"inLanguage\":\"pt-PT\",\"publisher\":{\"@id\":\"https:\\\/\\\/www.rucashk.com\\\/pt\\\/#organization\"}}]}\n\t\t<\/script>\n\t\t<!-- All in One SEO Pro -->\r\n\t\t<title>IMILAB EC5 2K WiFi Spotlight Camera - Rucas - Wholesale and Distribution<\/title>\n\n","aioseo_head_json":{"title":"IMILAB EC5 2K WiFi Spotlight Camera - Rucas - Wholesale and Distribution","description":"The IMILAB EC5 offers 360\u00b0 surveillance with automatic tracking of people. The 2K Live View & Chat allows for effortless real-time check-ins. It can be easily mounted on ceilings, walls, or columns in any home. 360\u00b0 Surveillance 2K Live View & Chat Auto Deterrence App Connection Versatile Installation Flexible Footage Storage Voice Assistants 2022 IF Design Awarded","canonical_url":"https:\/\/www.rucashk.com\/pt\/produto\/imilab-ec5-2k-wifi-spotlight-camera\/","robots":"max-image-preview:large","keywords":"","webmasterTools":{"miscellaneous":""},"og:locale":"pt_PT","og:site_name":"Rucas - One-stop AIoT Distribution Worldwide","og:type":"article","og:title":"IMILAB EC5 2K WiFi Spotlight Camera - Rucas - Wholesale and Distribution","og:description":"The IMILAB EC5 offers 360\u00b0 surveillance with automatic tracking of people. The 2K Live View &amp; Chat allows for effortless real-time check-ins. It can be easily mounted on ceilings, walls, or columns in any home. 360\u00b0 Surveillance 2K Live View &amp; Chat Auto Deterrence App Connection Versatile Installation Flexible Footage Storage Voice Assistants 2022 IF Design Awarded","og:url":"https:\/\/www.rucashk.com\/pt\/produto\/imilab-ec5-2k-wifi-spotlight-camera\/","og:image":"https:\/\/www.rucashk.com\/wp-content\/uploads\/replace\/503b8e645f128a97ccde2b6290747646.jpeg","og:image:secure_url":"https:\/\/www.rucashk.com\/wp-content\/uploads\/replace\/503b8e645f128a97ccde2b6290747646.jpeg","og:image:width":1456,"og:image:height":816,"article:published_time":"2024-03-26T15:14:19+00:00","article:modified_time":"2024-04-16T13:27:58+00:00","twitter:card":"summary_large_image","twitter:title":"IMILAB EC5 2K WiFi Spotlight Camera - Rucas - Wholesale and Distribution","twitter:description":"The IMILAB EC5 offers 360\u00b0 surveillance with automatic tracking of people. The 2K Live View &amp; Chat allows for effortless real-time check-ins. It can be easily mounted on ceilings, walls, or columns in any home. 360\u00b0 Surveillance 2K Live View &amp; Chat Auto Deterrence App Connection Versatile Installation Flexible Footage Storage Voice Assistants 2022 IF Design Awarded","twitter:image":"https:\/\/www.rucashk.com\/wp-content\/uploads\/replace\/503b8e645f128a97ccde2b6290747646.jpeg","schema":{"@context":"https:\/\/schema.org","@graph":[{"@type":"BreadcrumbList","@id":"https:\/\/www.rucashk.com\/pt\/produto\/imilab-ec5-2k-wifi-spotlight-camera\/#breadcrumblist","itemListElement":[{"@type":"ListItem","@id":"https:\/\/www.rucashk.com\/pt\/#listItem","position":1,"name":"Home","item":"https:\/\/www.rucashk.com\/pt\/","nextItem":"https:\/\/www.rucashk.com\/pt\/produto\/imilab-ec5-2k-wifi-spotlight-camera\/#listItem"},{"@type":"ListItem","@id":"https:\/\/www.rucashk.com\/pt\/produto\/imilab-ec5-2k-wifi-spotlight-camera\/#listItem","position":2,"name":"IMILAB EC5 2K WiFi Spotlight Camera","previousItem":"https:\/\/www.rucashk.com\/pt\/#listItem"}]},{"@type":"Organization","@id":"https:\/\/www.rucashk.com\/pt\/#organization","name":"Rucas","url":"https:\/\/www.rucashk.com\/pt\/","logo":{"@type":"ImageObject","url":"https:\/\/www.rucashk.com\/wp-content\/uploads\/2023\/12\/Rucas_campany_logo.png","@id":"https:\/\/www.rucashk.com\/pt\/produto\/imilab-ec5-2k-wifi-spotlight-camera\/#organizationLogo","width":221,"height":65},"image":{"@id":"https:\/\/www.rucashk.com\/pt\/#organizationLogo"}},{"@type":"Person","@id":"https:\/\/www.rucashk.com\/pt\/author\/admin\/#author","url":"https:\/\/www.rucashk.com\/pt\/author\/admin\/","name":"admin","image":{"@type":"ImageObject","@id":"https:\/\/www.rucashk.com\/pt\/produto\/imilab-ec5-2k-wifi-spotlight-camera\/#authorImage","url":"https:\/\/secure.gravatar.com\/avatar\/b7c8925b09a27e72b30232f8ecaadbd5af0f70a38c78096863fe51b64f031c24?s=96&d=mm&r=g","width":96,"height":96,"caption":"admin"}},{"@type":"WebPage","@id":"https:\/\/www.rucashk.com\/pt\/produto\/imilab-ec5-2k-wifi-spotlight-camera\/#webpage","url":"https:\/\/www.rucashk.com\/pt\/produto\/imilab-ec5-2k-wifi-spotlight-camera\/","name":"IMILAB EC5 2K WiFi Spotlight Camera - Rucas - Wholesale and Distribution","description":"The IMILAB EC5 offers 360\u00b0 surveillance with automatic tracking of people. The 2K Live View & Chat allows for effortless real-time check-ins. It can be easily mounted on ceilings, walls, or columns in any home. 360\u00b0 Surveillance 2K Live View & Chat Auto Deterrence App Connection Versatile Installation Flexible Footage Storage Voice Assistants 2022 IF Design Awarded","inLanguage":"pt-PT","isPartOf":{"@id":"https:\/\/www.rucashk.com\/pt\/#website"},"breadcrumb":{"@id":"https:\/\/www.rucashk.com\/pt\/produto\/imilab-ec5-2k-wifi-spotlight-camera\/#breadcrumblist"},"author":{"@id":"https:\/\/www.rucashk.com\/pt\/author\/admin\/#author"},"creator":{"@id":"https:\/\/www.rucashk.com\/pt\/author\/admin\/#author"},"image":{"@type":"ImageObject","url":"https:\/\/www.rucashk.com\/wp-content\/uploads\/2024\/03\/IMILAB-EC5.png","@id":"https:\/\/www.rucashk.com\/pt\/produto\/imilab-ec5-2k-wifi-spotlight-camera\/#mainImage","width":822,"height":764},"primaryImageOfPage":{"@id":"https:\/\/www.rucashk.com\/pt\/produto\/imilab-ec5-2k-wifi-spotlight-camera\/#mainImage"},"datePublished":"2024-03-26T15:14:19+00:00","dateModified":"2024-04-16T13:27:58+00:00"},{"@type":"WebSite","@id":"https:\/\/www.rucashk.com\/pt\/#website","url":"https:\/\/www.rucashk.com\/pt\/","name":"Rucas - Wholesale and distribution worldwide","alternateName":"Rucas - One-stop AIoT Distribution Worldwide","description":"One-stop AIoT Distribution Worldwide","inLanguage":"pt-PT","publisher":{"@id":"https:\/\/www.rucashk.com\/pt\/#organization"}}]}},"aioseo_meta_data":{"post_id":"39923","title":null,"description":null,"keywords":null,"keyphrases":null,"primary_term":null,"canonical_url":null,"og_title":null,"og_description":null,"og_object_type":"default","og_image_type":"default","og_image_url":null,"og_image_width":null,"og_image_height":null,"og_image_custom_url":null,"og_image_custom_fields":null,"og_video":null,"og_custom_url":null,"og_article_section":null,"og_article_tags":null,"twitter_use_og":false,"twitter_card":"default","twitter_image_type":"default","twitter_image_url":null,"twitter_image_custom_url":null,"twitter_image_custom_fields":null,"twitter_title":null,"twitter_description":null,"schema":{"blockGraphs":[],"customGraphs":[],"default":{"data":{"Article":[],"Course":[],"Dataset":[],"FAQPage":[],"Movie":[],"Person":[],"Product":[],"Recipe":[],"Service":[],"SoftwareApplication":[],"WebPage":[]},"graphName":"","isEnabled":true},"graphs":[]},"schema_type":"default","schema_type_options":null,"pillar_content":false,"robots_default":true,"robots_noindex":false,"robots_noarchive":false,"robots_nosnippet":false,"robots_nofollow":false,"robots_noimageindex":false,"robots_noodp":false,"robots_notranslate":false,"robots_max_snippet":null,"robots_max_videopreview":null,"robots_max_imagepreview":"large","priority":null,"frequency":null,"local_seo":null,"breadcrumb_settings":null,"limit_modified_date":false,"created":"2024-04-11 01:57:23","updated":"2025-06-22 18:53:55"},"aioseo_breadcrumb":"<div class=\"aioseo-breadcrumbs\"><span class=\"aioseo-breadcrumb\">\n\t<a href=\"https:\/\/www.rucashk.com\/pt\" title=\"Home\">Home<\/a>\n<\/span><span class=\"aioseo-breadcrumb-separator\">&raquo;<\/span><span class=\"aioseo-breadcrumb\">\n\t<a href=\"https:\/\/www.rucashk.com\/pt\/products\/\" title=\"Produtos\">Produtos<\/a>\n<\/span><span class=\"aioseo-breadcrumb-separator\">&raquo;<\/span><span class=\"aioseo-breadcrumb\">\n\t<a href=\"https:\/\/www.rucashk.com\/pt\/marca\/imilab\/\" title=\"IMILAB\">IMILAB<\/a>\n<\/span><span class=\"aioseo-breadcrumb-separator\">&raquo;<\/span><span class=\"aioseo-breadcrumb\">\n\tIMILAB EC5 2K WiFi Spotlight Camera\n<\/span><\/div>","aioseo_breadcrumb_json":[{"label":"Home","link":"https:\/\/www.rucashk.com\/pt"},{"label":"Produtos","link":"https:\/\/www.rucashk.com\/pt\/products\/"},{"label":"IMILAB","link":"https:\/\/www.rucashk.com\/pt\/marca\/imilab\/"},{"label":"IMILAB EC5 2K WiFi Spotlight Camera","link":"https:\/\/www.rucashk.com\/pt\/produto\/imilab-ec5-2k-wifi-spotlight-camera\/"}],"_links":{"self":[{"href":"https:\/\/www.rucashk.com\/pt\/wp-json\/wp\/v2\/product\/39923","targetHints":{"allow":["GET"]}}],"collection":[{"href":"https:\/\/www.rucashk.com\/pt\/wp-json\/wp\/v2\/product"}],"about":[{"href":"https:\/\/www.rucashk.com\/pt\/wp-json\/wp\/v2\/types\/product"}],"wp:featuredmedia":[{"embeddable":true,"href":"https:\/\/www.rucashk.com\/pt\/wp-json\/wp\/v2\/media\/39936"}],"wp:attachment":[{"href":"https:\/\/www.rucashk.com\/pt\/wp-json\/wp\/v2\/media?parent=39923"}],"wp:term":[{"taxonomy":"product_brand","embeddable":true,"href":"https:\/\/www.rucashk.com\/pt\/wp-json\/wp\/v2\/product_brand?post=39923"},{"taxonomy":"product_cat","embeddable":true,"href":"https:\/\/www.rucashk.com\/pt\/wp-json\/wp\/v2\/product_cat?post=39923"},{"taxonomy":"product_tag","embeddable":true,"href":"https:\/\/www.rucashk.com\/pt\/wp-json\/wp\/v2\/product_tag?post=39923"}],"curies":[{"name":"wp","href":"https:\/\/api.w.org\/{rel}","templated":true}]}}