{"id":39917,"date":"2024-03-26T15:07:13","date_gmt":"2024-03-26T15:07:13","guid":{"rendered":"http:\/\/rucashk.com\/?post_type=product&#038;p=39917"},"modified":"2024-03-26T15:07:14","modified_gmt":"2024-03-26T15:07:14","slug":"imilab-ec4-2-5k-wifi-battery-spotlight-camera","status":"publish","type":"product","link":"https:\/\/www.rucashk.com\/pt\/produto\/imilab-ec4-2-5k-wifi-battery-spotlight-camera\/","title":{"rendered":"C\u00e2mera de destaque de bateria IMILAB EC4 2.5K WiFi"},"content":{"rendered":"<p><b><img fetchpriority=\"high\" decoding=\"async\" class=\"alignnone wp-image-2213 size-full\" src=\"\/wp-content\/uploads\/replace\/f67d3f09fc0dbf8cd6880d5597b0e8ca.jpeg\" sizes=\"(max-width: 2560px) 100vw, 2560px\" srcset=\"https:\/\/imilab.com.sg\/wp-content\/uploads\/2021\/09\/\u591c\u95f4\u7167\u660e-scaled.jpg 2560w, https:\/\/imilab.com.sg\/wp-content\/uploads\/2021\/09\/\u591c\u95f4\u7167\u660e-300x212.jpg 300w, https:\/\/imilab.com.sg\/wp-content\/uploads\/2021\/09\/\u591c\u95f4\u7167\u660e-1024x724.jpg 1024w, https:\/\/imilab.com.sg\/wp-content\/uploads\/2021\/09\/\u591c\u95f4\u7167\u660e-768x543.jpg 768w, https:\/\/imilab.com.sg\/wp-content\/uploads\/2021\/09\/\u591c\u95f4\u7167\u660e-1536x1086.jpg 1536w, https:\/\/imilab.com.sg\/wp-content\/uploads\/2021\/09\/\u591c\u95f4\u7167\u660e-2048x1448.jpg 2048w, https:\/\/imilab.com.sg\/wp-content\/uploads\/2021\/09\/\u591c\u95f4\u7167\u660e-600x424.jpg 600w, https:\/\/imilab.com.sg\/wp-content\/uploads\/2021\/09\/\u591c\u95f4\u7167\u660e-64x45.jpg 64w\" alt=\"IMILAB EC4 2.5K WiFi Battery Spotlight Camera\" width=\"2560\" height=\"1810\" \/><\/b><\/p>\n<p>Imilab ec4 conjunto de c\u00e2mera solar seguran\u00e7a 4mp wifi c\u00e2mera 5200mah bateria seguran\u00e7a ao ar livre sem fio cctv c\u00e2mera vigil\u00e2ncia<br \/>\nDiga adeus ao carregamento constante e ol\u00e1 \u00e0 tecnologia de economia de bateria com a c\u00e2mera EC4 Spotlight Battery. Imilab EC4, uma inovadora c\u00e2mera de seguran\u00e7a dom\u00e9stica pode ser totalmente carregada atrav\u00e9s da bateria recarreg\u00e1vel integrada de 5200mAh ou atrav\u00e9s do painel solar opcional. Uma \u00fanica carga pode durar meses com a bateria \u2013 ou talvez voc\u00ea nunca precise recarregar com o painel solar!<\/p>\n<p>Caracter\u00edsticas :<br \/>\n\u2013 Transmiss\u00e3o ao vivo extremamente fluente em HD de 4 megapixels e clareza superior das imagens proporcionam uma sensa\u00e7\u00e3o de prazer visual.<br \/>\n\u2013 Vis\u00e3o noturna colorida, uma experi\u00eancia visual diferente<br \/>\n- Bateria recarreg\u00e1vel embutida de 5200mAh, dura cerca de 100 dias<br \/>\n\u2013 Zona de detec\u00e7\u00e3o personalizada. Selecione \u00e1reas na visualiza\u00e7\u00e3o da c\u00e2mera que voc\u00ea n\u00e3o deseja que sejam gravadas.<br \/>\n\u2013 Livre-se dos falsos alarmes. Com chipset de intelig\u00eancia artificial incorporado, o EC4 foi projetado para detectar pessoas com precis\u00e3o.<br \/>\n- Toque no Imilab Home App para mergulhar em v\u00eddeos de alta resolu\u00e7\u00e3o e em tempo real.<br \/>\n\u2013 Grave depois de um certo tempo. Em compara\u00e7\u00e3o com outras c\u00e2meras, comece a gravar imediatamente ap\u00f3s capturar uma forma humana; voc\u00ea pode configurar o EC4 para gravar quando pessoas suspeitas permanecerem por perto por algum tempo.<br \/>\n- IP66 \u00e0 prova d&#039;\u00e1gua \uff0c Trabalhe na chuva ou fa\u00e7a sol.<br \/>\n\u2013 Armazenamento em nuvem IMILAB. Baseado no servi\u00e7o de nuvem AWS que cobre 190 pa\u00edses em todo o mundo com confiabilidade extremamente alta<\/p>","protected":false},"excerpt":{"rendered":"<p>O IMILAB EC4 oferece resolu\u00e7\u00e3o de 2,5K e chat ao vivo para conex\u00e3o f\u00e1cil com os visitantes em todos os momentos. Com detec\u00e7\u00e3o avan\u00e7ada de pessoas, ele impede efetivamente atividades suspeitas. O fato de n\u00e3o ter fio o torna perfeito para \u00e1reas sem acesso \u00e0 eletricidade. Al\u00e9m disso, oferece a op\u00e7\u00e3o de energia por painel solar.<\/p>","protected":false},"featured_media":39920,"template":"","meta":[],"product_brand":[1372],"product_cat":[1317,1305],"product_tag":[],"class_list":{"0":"post-39917","1":"product","2":"type-product","3":"status-publish","4":"has-post-thumbnail","6":"product_brand-imilab","7":"product_cat-imilab-camera","8":"product_cat-xiaomi-eco","10":"first","11":"instock","12":"shipping-taxable","13":"product-type-simple"},"aioseo_notices":[],"aioseo_head":"\n\t\t<!-- All in One SEO Pro 4.5.9.2 - aioseo.com -->\n\t\t<meta name=\"description\" content=\"The IMILAB EC4 offers 2.5K resolution and live chat for effortless connection with visitors at all times. With advanced person detection, it effectively deters suspicious activity. Being cordless makes it perfect for areas without electricity access. Additionally, it provides the option for solar panel power.\" \/>\n\t\t<meta name=\"robots\" content=\"max-image-preview:large\" \/>\n\t\t<link rel=\"canonical\" href=\"https:\/\/www.rucashk.com\/pt\/produto\/imilab-ec4-2-5k-wifi-battery-spotlight-camera\/\" \/>\n\t\t<meta name=\"generator\" content=\"All in One SEO Pro (AIOSEO) 4.5.9.2\" \/>\n\t\t<meta property=\"og:locale\" content=\"pt_PT\" \/>\n\t\t<meta property=\"og:site_name\" content=\"Rucas - One-stop AIoT Distribution Worldwide\" \/>\n\t\t<meta property=\"og:type\" content=\"article\" \/>\n\t\t<meta property=\"og:title\" content=\"IMILAB EC4 2.5K WiFi Battery Spotlight Camera - Rucas - Wholesale and Distribution\" \/>\n\t\t<meta property=\"og:description\" content=\"The IMILAB EC4 offers 2.5K resolution and live chat for effortless connection with visitors at all times. With advanced person detection, it effectively deters suspicious activity. Being cordless makes it perfect for areas without electricity access. Additionally, it provides the option for solar panel power.\" \/>\n\t\t<meta property=\"og:url\" content=\"https:\/\/www.rucashk.com\/pt\/produto\/imilab-ec4-2-5k-wifi-battery-spotlight-camera\/\" \/>\n\t\t<meta property=\"og:image\" content=\"https:\/\/www.rucashk.com\/wp-content\/uploads\/replace\/503b8e645f128a97ccde2b6290747646.jpeg\" \/>\n\t\t<meta property=\"og:image:secure_url\" content=\"https:\/\/www.rucashk.com\/wp-content\/uploads\/replace\/503b8e645f128a97ccde2b6290747646.jpeg\" \/>\n\t\t<meta property=\"og:image:width\" content=\"1456\" \/>\n\t\t<meta property=\"og:image:height\" content=\"816\" \/>\n\t\t<meta property=\"article:published_time\" content=\"2024-03-26T15:07:13+00:00\" \/>\n\t\t<meta property=\"article:modified_time\" content=\"2024-03-26T15:07:14+00:00\" \/>\n\t\t<meta name=\"twitter:card\" content=\"summary_large_image\" \/>\n\t\t<meta name=\"twitter:title\" content=\"IMILAB EC4 2.5K WiFi Battery Spotlight Camera - Rucas - Wholesale and Distribution\" \/>\n\t\t<meta name=\"twitter:description\" content=\"The IMILAB EC4 offers 2.5K resolution and live chat for effortless connection with visitors at all times. With advanced person detection, it effectively deters suspicious activity. Being cordless makes it perfect for areas without electricity access. Additionally, it provides the option for solar panel power.\" \/>\n\t\t<meta name=\"twitter:image\" content=\"https:\/\/www.rucashk.com\/wp-content\/uploads\/replace\/503b8e645f128a97ccde2b6290747646.jpeg\" \/>\n\t\t<script type=\"application\/ld+json\" class=\"aioseo-schema\">\n\t\t\t{\"@context\":\"https:\\\/\\\/schema.org\",\"@graph\":[{\"@type\":\"BreadcrumbList\",\"@id\":\"https:\\\/\\\/www.rucashk.com\\\/pt\\\/produto\\\/imilab-ec4-2-5k-wifi-battery-spotlight-camera\\\/#breadcrumblist\",\"itemListElement\":[{\"@type\":\"ListItem\",\"@id\":\"https:\\\/\\\/www.rucashk.com\\\/pt\\\/#listItem\",\"position\":1,\"name\":\"Home\",\"item\":\"https:\\\/\\\/www.rucashk.com\\\/pt\\\/\",\"nextItem\":\"https:\\\/\\\/www.rucashk.com\\\/pt\\\/produto\\\/imilab-ec4-2-5k-wifi-battery-spotlight-camera\\\/#listItem\"},{\"@type\":\"ListItem\",\"@id\":\"https:\\\/\\\/www.rucashk.com\\\/pt\\\/produto\\\/imilab-ec4-2-5k-wifi-battery-spotlight-camera\\\/#listItem\",\"position\":2,\"name\":\"IMILAB EC4 2.5K WiFi Battery Spotlight Camera\",\"previousItem\":\"https:\\\/\\\/www.rucashk.com\\\/pt\\\/#listItem\"}]},{\"@type\":\"Organization\",\"@id\":\"https:\\\/\\\/www.rucashk.com\\\/pt\\\/#organization\",\"name\":\"Rucas\",\"url\":\"https:\\\/\\\/www.rucashk.com\\\/pt\\\/\",\"logo\":{\"@type\":\"ImageObject\",\"url\":\"https:\\\/\\\/www.rucashk.com\\\/wp-content\\\/uploads\\\/2023\\\/12\\\/Rucas_campany_logo.png\",\"@id\":\"https:\\\/\\\/www.rucashk.com\\\/pt\\\/produto\\\/imilab-ec4-2-5k-wifi-battery-spotlight-camera\\\/#organizationLogo\",\"width\":221,\"height\":65},\"image\":{\"@id\":\"https:\\\/\\\/www.rucashk.com\\\/pt\\\/#organizationLogo\"}},{\"@type\":\"Person\",\"@id\":\"https:\\\/\\\/www.rucashk.com\\\/pt\\\/author\\\/admin\\\/#author\",\"url\":\"https:\\\/\\\/www.rucashk.com\\\/pt\\\/author\\\/admin\\\/\",\"name\":\"admin\",\"image\":{\"@type\":\"ImageObject\",\"@id\":\"https:\\\/\\\/www.rucashk.com\\\/pt\\\/produto\\\/imilab-ec4-2-5k-wifi-battery-spotlight-camera\\\/#authorImage\",\"url\":\"https:\\\/\\\/secure.gravatar.com\\\/avatar\\\/b7c8925b09a27e72b30232f8ecaadbd5af0f70a38c78096863fe51b64f031c24?s=96&d=mm&r=g\",\"width\":96,\"height\":96,\"caption\":\"admin\"}},{\"@type\":\"WebPage\",\"@id\":\"https:\\\/\\\/www.rucashk.com\\\/pt\\\/produto\\\/imilab-ec4-2-5k-wifi-battery-spotlight-camera\\\/#webpage\",\"url\":\"https:\\\/\\\/www.rucashk.com\\\/pt\\\/produto\\\/imilab-ec4-2-5k-wifi-battery-spotlight-camera\\\/\",\"name\":\"IMILAB EC4 2.5K WiFi Battery Spotlight Camera - Rucas - Wholesale and Distribution\",\"description\":\"The IMILAB EC4 offers 2.5K resolution and live chat for effortless connection with visitors at all times. With advanced person detection, it effectively deters suspicious activity. Being cordless makes it perfect for areas without electricity access. Additionally, it provides the option for solar panel power.\",\"inLanguage\":\"pt-PT\",\"isPartOf\":{\"@id\":\"https:\\\/\\\/www.rucashk.com\\\/pt\\\/#website\"},\"breadcrumb\":{\"@id\":\"https:\\\/\\\/www.rucashk.com\\\/pt\\\/produto\\\/imilab-ec4-2-5k-wifi-battery-spotlight-camera\\\/#breadcrumblist\"},\"author\":{\"@id\":\"https:\\\/\\\/www.rucashk.com\\\/pt\\\/author\\\/admin\\\/#author\"},\"creator\":{\"@id\":\"https:\\\/\\\/www.rucashk.com\\\/pt\\\/author\\\/admin\\\/#author\"},\"image\":{\"@type\":\"ImageObject\",\"url\":\"https:\\\/\\\/www.rucashk.com\\\/wp-content\\\/uploads\\\/2024\\\/03\\\/031_\\u7f51\\u5173-2-e1632119321216.png\",\"@id\":\"https:\\\/\\\/www.rucashk.com\\\/pt\\\/produto\\\/imilab-ec4-2-5k-wifi-battery-spotlight-camera\\\/#mainImage\",\"width\":2240,\"height\":2240},\"primaryImageOfPage\":{\"@id\":\"https:\\\/\\\/www.rucashk.com\\\/pt\\\/produto\\\/imilab-ec4-2-5k-wifi-battery-spotlight-camera\\\/#mainImage\"},\"datePublished\":\"2024-03-26T15:07:13+00:00\",\"dateModified\":\"2024-03-26T15:07:14+00:00\"},{\"@type\":\"WebSite\",\"@id\":\"https:\\\/\\\/www.rucashk.com\\\/pt\\\/#website\",\"url\":\"https:\\\/\\\/www.rucashk.com\\\/pt\\\/\",\"name\":\"Rucas - Wholesale and distribution worldwide\",\"alternateName\":\"Rucas - One-stop AIoT Distribution Worldwide\",\"description\":\"One-stop AIoT Distribution Worldwide\",\"inLanguage\":\"pt-PT\",\"publisher\":{\"@id\":\"https:\\\/\\\/www.rucashk.com\\\/pt\\\/#organization\"}}]}\n\t\t<\/script>\n\t\t<!-- All in One SEO Pro -->\r\n\t\t<title>IMILAB EC4 2.5K WiFi Battery Spotlight Camera - Rucas - Wholesale and Distribution<\/title>\n\n","aioseo_head_json":{"title":"IMILAB EC4 2.5K WiFi Battery Spotlight Camera - Rucas - Wholesale and Distribution","description":"The IMILAB EC4 offers 2.5K resolution and live chat for effortless connection with visitors at all times. With advanced person detection, it effectively deters suspicious activity. Being cordless makes it perfect for areas without electricity access. Additionally, it provides the option for solar panel power.","canonical_url":"https:\/\/www.rucashk.com\/pt\/produto\/imilab-ec4-2-5k-wifi-battery-spotlight-camera\/","robots":"max-image-preview:large","keywords":"","webmasterTools":{"miscellaneous":""},"og:locale":"pt_PT","og:site_name":"Rucas - One-stop AIoT Distribution Worldwide","og:type":"article","og:title":"IMILAB EC4 2.5K WiFi Battery Spotlight Camera - Rucas - Wholesale and Distribution","og:description":"The IMILAB EC4 offers 2.5K resolution and live chat for effortless connection with visitors at all times. With advanced person detection, it effectively deters suspicious activity. Being cordless makes it perfect for areas without electricity access. Additionally, it provides the option for solar panel power.","og:url":"https:\/\/www.rucashk.com\/pt\/produto\/imilab-ec4-2-5k-wifi-battery-spotlight-camera\/","og:image":"https:\/\/www.rucashk.com\/wp-content\/uploads\/replace\/503b8e645f128a97ccde2b6290747646.jpeg","og:image:secure_url":"https:\/\/www.rucashk.com\/wp-content\/uploads\/replace\/503b8e645f128a97ccde2b6290747646.jpeg","og:image:width":1456,"og:image:height":816,"article:published_time":"2024-03-26T15:07:13+00:00","article:modified_time":"2024-03-26T15:07:14+00:00","twitter:card":"summary_large_image","twitter:title":"IMILAB EC4 2.5K WiFi Battery Spotlight Camera - Rucas - Wholesale and Distribution","twitter:description":"The IMILAB EC4 offers 2.5K resolution and live chat for effortless connection with visitors at all times. With advanced person detection, it effectively deters suspicious activity. Being cordless makes it perfect for areas without electricity access. Additionally, it provides the option for solar panel power.","twitter:image":"https:\/\/www.rucashk.com\/wp-content\/uploads\/replace\/503b8e645f128a97ccde2b6290747646.jpeg","schema":{"@context":"https:\/\/schema.org","@graph":[{"@type":"BreadcrumbList","@id":"https:\/\/www.rucashk.com\/pt\/produto\/imilab-ec4-2-5k-wifi-battery-spotlight-camera\/#breadcrumblist","itemListElement":[{"@type":"ListItem","@id":"https:\/\/www.rucashk.com\/pt\/#listItem","position":1,"name":"Home","item":"https:\/\/www.rucashk.com\/pt\/","nextItem":"https:\/\/www.rucashk.com\/pt\/produto\/imilab-ec4-2-5k-wifi-battery-spotlight-camera\/#listItem"},{"@type":"ListItem","@id":"https:\/\/www.rucashk.com\/pt\/produto\/imilab-ec4-2-5k-wifi-battery-spotlight-camera\/#listItem","position":2,"name":"IMILAB EC4 2.5K WiFi Battery Spotlight Camera","previousItem":"https:\/\/www.rucashk.com\/pt\/#listItem"}]},{"@type":"Organization","@id":"https:\/\/www.rucashk.com\/pt\/#organization","name":"Rucas","url":"https:\/\/www.rucashk.com\/pt\/","logo":{"@type":"ImageObject","url":"https:\/\/www.rucashk.com\/wp-content\/uploads\/2023\/12\/Rucas_campany_logo.png","@id":"https:\/\/www.rucashk.com\/pt\/produto\/imilab-ec4-2-5k-wifi-battery-spotlight-camera\/#organizationLogo","width":221,"height":65},"image":{"@id":"https:\/\/www.rucashk.com\/pt\/#organizationLogo"}},{"@type":"Person","@id":"https:\/\/www.rucashk.com\/pt\/author\/admin\/#author","url":"https:\/\/www.rucashk.com\/pt\/author\/admin\/","name":"admin","image":{"@type":"ImageObject","@id":"https:\/\/www.rucashk.com\/pt\/produto\/imilab-ec4-2-5k-wifi-battery-spotlight-camera\/#authorImage","url":"https:\/\/secure.gravatar.com\/avatar\/b7c8925b09a27e72b30232f8ecaadbd5af0f70a38c78096863fe51b64f031c24?s=96&d=mm&r=g","width":96,"height":96,"caption":"admin"}},{"@type":"WebPage","@id":"https:\/\/www.rucashk.com\/pt\/produto\/imilab-ec4-2-5k-wifi-battery-spotlight-camera\/#webpage","url":"https:\/\/www.rucashk.com\/pt\/produto\/imilab-ec4-2-5k-wifi-battery-spotlight-camera\/","name":"IMILAB EC4 2.5K WiFi Battery Spotlight Camera - Rucas - Wholesale and Distribution","description":"The IMILAB EC4 offers 2.5K resolution and live chat for effortless connection with visitors at all times. With advanced person detection, it effectively deters suspicious activity. Being cordless makes it perfect for areas without electricity access. Additionally, it provides the option for solar panel power.","inLanguage":"pt-PT","isPartOf":{"@id":"https:\/\/www.rucashk.com\/pt\/#website"},"breadcrumb":{"@id":"https:\/\/www.rucashk.com\/pt\/produto\/imilab-ec4-2-5k-wifi-battery-spotlight-camera\/#breadcrumblist"},"author":{"@id":"https:\/\/www.rucashk.com\/pt\/author\/admin\/#author"},"creator":{"@id":"https:\/\/www.rucashk.com\/pt\/author\/admin\/#author"},"image":{"@type":"ImageObject","url":"https:\/\/www.rucashk.com\/wp-content\/uploads\/2024\/03\/031_\u7f51\u5173-2-e1632119321216.png","@id":"https:\/\/www.rucashk.com\/pt\/produto\/imilab-ec4-2-5k-wifi-battery-spotlight-camera\/#mainImage","width":2240,"height":2240},"primaryImageOfPage":{"@id":"https:\/\/www.rucashk.com\/pt\/produto\/imilab-ec4-2-5k-wifi-battery-spotlight-camera\/#mainImage"},"datePublished":"2024-03-26T15:07:13+00:00","dateModified":"2024-03-26T15:07:14+00:00"},{"@type":"WebSite","@id":"https:\/\/www.rucashk.com\/pt\/#website","url":"https:\/\/www.rucashk.com\/pt\/","name":"Rucas - Wholesale and distribution worldwide","alternateName":"Rucas - One-stop AIoT Distribution Worldwide","description":"One-stop AIoT Distribution Worldwide","inLanguage":"pt-PT","publisher":{"@id":"https:\/\/www.rucashk.com\/pt\/#organization"}}]}},"aioseo_meta_data":{"post_id":"39917","title":null,"description":null,"keywords":null,"keyphrases":null,"primary_term":null,"canonical_url":null,"og_title":null,"og_description":null,"og_object_type":"default","og_image_type":"default","og_image_url":null,"og_image_width":null,"og_image_height":null,"og_image_custom_url":null,"og_image_custom_fields":null,"og_video":null,"og_custom_url":null,"og_article_section":null,"og_article_tags":null,"twitter_use_og":false,"twitter_card":"default","twitter_image_type":"default","twitter_image_url":null,"twitter_image_custom_url":null,"twitter_image_custom_fields":null,"twitter_title":null,"twitter_description":null,"schema":{"blockGraphs":[],"customGraphs":[],"default":{"data":{"Article":[],"Course":[],"Dataset":[],"FAQPage":[],"Movie":[],"Person":[],"Product":[],"Recipe":[],"Service":[],"SoftwareApplication":[],"WebPage":[]},"graphName":"","isEnabled":true},"graphs":[]},"schema_type":"default","schema_type_options":null,"pillar_content":false,"robots_default":true,"robots_noindex":false,"robots_noarchive":false,"robots_nosnippet":false,"robots_nofollow":false,"robots_noimageindex":false,"robots_noodp":false,"robots_notranslate":false,"robots_max_snippet":null,"robots_max_videopreview":null,"robots_max_imagepreview":"large","priority":null,"frequency":null,"local_seo":null,"breadcrumb_settings":null,"limit_modified_date":false,"created":"2024-04-11 01:57:23","updated":"2025-06-22 18:53:55"},"aioseo_breadcrumb":"<div class=\"aioseo-breadcrumbs\"><span class=\"aioseo-breadcrumb\">\n\t<a href=\"https:\/\/www.rucashk.com\/pt\" title=\"Home\">Home<\/a>\n<\/span><span class=\"aioseo-breadcrumb-separator\">&raquo;<\/span><span class=\"aioseo-breadcrumb\">\n\t<a href=\"https:\/\/www.rucashk.com\/pt\/products\/\" title=\"Produtos\">Produtos<\/a>\n<\/span><span class=\"aioseo-breadcrumb-separator\">&raquo;<\/span><span class=\"aioseo-breadcrumb\">\n\t<a href=\"https:\/\/www.rucashk.com\/pt\/marca\/imilab\/\" title=\"IMILAB\">IMILAB<\/a>\n<\/span><span class=\"aioseo-breadcrumb-separator\">&raquo;<\/span><span class=\"aioseo-breadcrumb\">\n\tIMILAB EC4 2.5K WiFi Battery Spotlight Camera\n<\/span><\/div>","aioseo_breadcrumb_json":[{"label":"Home","link":"https:\/\/www.rucashk.com\/pt"},{"label":"Produtos","link":"https:\/\/www.rucashk.com\/pt\/products\/"},{"label":"IMILAB","link":"https:\/\/www.rucashk.com\/pt\/marca\/imilab\/"},{"label":"IMILAB EC4 2.5K WiFi Battery Spotlight Camera","link":"https:\/\/www.rucashk.com\/pt\/produto\/imilab-ec4-2-5k-wifi-battery-spotlight-camera\/"}],"_links":{"self":[{"href":"https:\/\/www.rucashk.com\/pt\/wp-json\/wp\/v2\/product\/39917","targetHints":{"allow":["GET"]}}],"collection":[{"href":"https:\/\/www.rucashk.com\/pt\/wp-json\/wp\/v2\/product"}],"about":[{"href":"https:\/\/www.rucashk.com\/pt\/wp-json\/wp\/v2\/types\/product"}],"wp:featuredmedia":[{"embeddable":true,"href":"https:\/\/www.rucashk.com\/pt\/wp-json\/wp\/v2\/media\/39920"}],"wp:attachment":[{"href":"https:\/\/www.rucashk.com\/pt\/wp-json\/wp\/v2\/media?parent=39917"}],"wp:term":[{"taxonomy":"product_brand","embeddable":true,"href":"https:\/\/www.rucashk.com\/pt\/wp-json\/wp\/v2\/product_brand?post=39917"},{"taxonomy":"product_cat","embeddable":true,"href":"https:\/\/www.rucashk.com\/pt\/wp-json\/wp\/v2\/product_cat?post=39917"},{"taxonomy":"product_tag","embeddable":true,"href":"https:\/\/www.rucashk.com\/pt\/wp-json\/wp\/v2\/product_tag?post=39917"}],"curies":[{"name":"wp","href":"https:\/\/api.w.org\/{rel}","templated":true}]}}