{"id":39912,"date":"2024-03-26T15:00:30","date_gmt":"2024-03-26T15:00:30","guid":{"rendered":"http:\/\/rucashk.com\/?post_type=product&#038;p=39912"},"modified":"2024-04-16T13:27:59","modified_gmt":"2024-04-16T13:27:59","slug":"imilab-ec3-pro-2k-wifi-spotlight-camera","status":"publish","type":"product","link":"https:\/\/www.rucashk.com\/pt\/produto\/imilab-ec3-pro-2k-wifi-spotlight-camera\/","title":{"rendered":"C\u00e2mera de holofote IMILAB EC3 Pro 2K WiFi"},"content":{"rendered":"<p><img fetchpriority=\"high\" decoding=\"async\" class=\"alignnone size-full wp-image-39913\" src=\"http:\/\/rucashk.com\/wp-content\/uploads\/replace\/ac4b2bf7c631b8b81413b2447974f8ed.jpeg\" alt=\"IMILAB EC3 Pro 2K WiFi Spotlight Camera\" width=\"2543\" height=\"966\" \/><\/p>\n<p><img decoding=\"async\" class=\"tve_image entered litespeed-loaded wp-image-5235\" title=\"IMILAB-EC3-Pro-IP-camera-externa\" src=\"\/wp-content\/uploads\/replace\/7c567bdbe8423e2fd3e5f73b802e4326.png\" alt=\"IMILAB EC3 Pro 2K WiFi Spotlight Camera\" width=\"755\" height=\"1383\" data-lazyloaded=\"1\" data-id=\"5235\" data-init-width=\"950\" data-init-height=\"1383\" data-src=\"https:\/\/niuxtech.lt\/wp-content\/uploads\/2022\/12\/Xiaomi-13-Lite-telefonas-Kaina-NiuxTech-akcija-wesbite-1.png.webp\" data-width=\"755\" data-css=\"tve-u-645bb675e5a862\" data-srcset=\"https:\/\/niuxtech.lt\/wp-content\/uploads\/2022\/12\/Xiaomi-13-Lite-telefonas-Kaina-NiuxTech-akcija-wesbite-1.png 2182w, https:\/\/niuxtech.lt\/wp-content\/uploads\/2022\/12\/Xiaomi-13-Lite-telefonas-Kaina-NiuxTech-akcija-wesbite-1-800x475.png 800w, https:\/\/niuxtech.lt\/wp-content\/uploads\/2022\/12\/Xiaomi-13-Lite-telefonas-Kaina-NiuxTech-akcija-wesbite-1-1600x950.png 1600w, https:\/\/niuxtech.lt\/wp-content\/uploads\/2022\/12\/Xiaomi-13-Lite-telefonas-Kaina-NiuxTech-akcija-wesbite-1-750x445.png 750w, https:\/\/niuxtech.lt\/wp-content\/uploads\/2022\/12\/Xiaomi-13-Lite-telefonas-Kaina-NiuxTech-akcija-wesbite-1-768x456.png 768w, https:\/\/niuxtech.lt\/wp-content\/uploads\/2022\/12\/Xiaomi-13-Lite-telefonas-Kaina-NiuxTech-akcija-wesbite-1-1536x912.png 1536w, https:\/\/niuxtech.lt\/wp-content\/uploads\/2022\/12\/Xiaomi-13-Lite-telefonas-Kaina-NiuxTech-akcija-wesbite-1-2048x1215.png 2048w\" data-sizes=\"(max-width: 2182px) 100vw, 2182px\" data-ll-status=\"loaded\" \/><\/p>\n<p>Como uma vers\u00e3o atualizada da c\u00e2mera externa IMILAB EC3, a c\u00e2mera de seguran\u00e7a EC3 Pro vem com detec\u00e7\u00e3o de IA integrada que \u00e9 3 vezes mais r\u00e1pida do que uma IA baseada em nuvem. Ele detecta pessoas em segundos com taxa de precis\u00e3o 99%. Al\u00e9m disso, com vis\u00e3o noturna aprimorada, a c\u00e2mera IMILAB EC3 Pro pode visualizar grava\u00e7\u00f5es ou imagens ao vivo com clareza n\u00edtida, mesmo \u00e0 noite. Isso trar\u00e1 mais detalhes visuais que ajudam a identificar pessoas e carros do que v\u00eddeos em preto e branco.<br \/>\nAl\u00e9m do mais, agora as c\u00e2meras IMILAB suportam visualiza\u00e7\u00f5es de PC e aplicativos m\u00f3veis. Voc\u00ea pode acessar remotamente a c\u00e2mera para obter transmiss\u00e3o ao vivo e verificar facilmente coisas de seu interesse. Armazenamento local em cart\u00e3o SD e armazenamento em nuvem s\u00e3o suportados. Teste gratuito de armazenamento em nuvem nos primeiros 3 meses. Compre um e experimente agora!<\/p>","protected":false},"excerpt":{"rendered":"<p>Alta resolu\u00e7\u00e3o 2K\/3MP.<br \/>\nDetec\u00e7\u00e3o e rastreamento humano local por IA.<br \/>\nAlarme instant\u00e2neo e preciso.<br \/>\nSuporte para PC e aplicativos m\u00f3veis.<br \/>\nVis\u00e3o noturna colorida com pouca luz\ufe0f.<br \/>\nChamada de voz bidirecional\ufe0f.<br \/>\nCampo de vis\u00e3o de 270\u00b0\ufe0f.<br \/>\nZona de detec\u00e7\u00e3o de chave.<br \/>\nSirene Inteligente.<br \/>\nIP66 \u00e0 prova de \u00e1gua e poeira\ufe0f.<br \/>\nMulti Storage Options &#8211; Cloud Storage &amp; Local MicroSD Card Storage.<br \/>\nCompress\u00e3o de v\u00eddeo H.265\/H.264.<\/p>","protected":false},"featured_media":39916,"template":"","meta":[],"product_brand":[1372,1363],"product_cat":[1317,1305],"product_tag":[],"class_list":{"0":"post-39912","1":"product","2":"type-product","3":"status-publish","4":"has-post-thumbnail","6":"product_brand-imilab","7":"product_brand-xiaomi","8":"product_cat-imilab-camera","9":"product_cat-xiaomi-eco","11":"first","12":"instock","13":"shipping-taxable","14":"product-type-simple"},"aioseo_notices":[],"aioseo_head":"\n\t\t<!-- All in One SEO Pro 4.5.9.2 - aioseo.com -->\n\t\t<meta name=\"description\" content=\"2K\/3MP High Resolution. Local AI Human Detection &amp; Tracking. Instant Accurate Alarm. PC &amp; Mobile App Support. Low-light Full-Color Night Vision\ufe0f. Two-way Voice Call\ufe0f. 270\u00b0 Field of View\ufe0f. Key Detection Zone. Smart Siren. IP66 Water &amp; Dust Proof\ufe0f. Multi Storage Options - Cloud Storage &amp; Local MicroSD Card Storage. Video Compression H.265\/H.264.\" \/>\n\t\t<meta name=\"robots\" content=\"max-image-preview:large\" \/>\n\t\t<link rel=\"canonical\" href=\"https:\/\/www.rucashk.com\/pt\/produto\/imilab-ec3-pro-2k-wifi-spotlight-camera\/\" \/>\n\t\t<meta name=\"generator\" content=\"All in One SEO Pro (AIOSEO) 4.5.9.2\" \/>\n\t\t<meta property=\"og:locale\" content=\"pt_PT\" \/>\n\t\t<meta property=\"og:site_name\" content=\"Rucas - One-stop AIoT Distribution Worldwide\" \/>\n\t\t<meta property=\"og:type\" content=\"article\" \/>\n\t\t<meta property=\"og:title\" content=\"IMILAB EC3 Pro 2K WiFi Spotlight Camera - Rucas - Wholesale and Distribution\" \/>\n\t\t<meta property=\"og:description\" content=\"2K\/3MP High Resolution. Local AI Human Detection &amp; Tracking. Instant Accurate Alarm. PC &amp; Mobile App Support. Low-light Full-Color Night Vision\ufe0f. Two-way Voice Call\ufe0f. 270\u00b0 Field of View\ufe0f. Key Detection Zone. Smart Siren. IP66 Water &amp; Dust Proof\ufe0f. Multi Storage Options - Cloud Storage &amp; Local MicroSD Card Storage. Video Compression H.265\/H.264.\" \/>\n\t\t<meta property=\"og:url\" content=\"https:\/\/www.rucashk.com\/pt\/produto\/imilab-ec3-pro-2k-wifi-spotlight-camera\/\" \/>\n\t\t<meta property=\"og:image\" content=\"https:\/\/www.rucashk.com\/wp-content\/uploads\/replace\/503b8e645f128a97ccde2b6290747646.jpeg\" \/>\n\t\t<meta property=\"og:image:secure_url\" content=\"https:\/\/www.rucashk.com\/wp-content\/uploads\/replace\/503b8e645f128a97ccde2b6290747646.jpeg\" \/>\n\t\t<meta property=\"og:image:width\" content=\"1456\" \/>\n\t\t<meta property=\"og:image:height\" content=\"816\" \/>\n\t\t<meta property=\"article:published_time\" content=\"2024-03-26T15:00:30+00:00\" \/>\n\t\t<meta property=\"article:modified_time\" content=\"2024-04-16T13:27:59+00:00\" \/>\n\t\t<meta name=\"twitter:card\" content=\"summary_large_image\" \/>\n\t\t<meta name=\"twitter:title\" content=\"IMILAB EC3 Pro 2K WiFi Spotlight Camera - Rucas - Wholesale and Distribution\" \/>\n\t\t<meta name=\"twitter:description\" content=\"2K\/3MP High Resolution. Local AI Human Detection &amp; Tracking. Instant Accurate Alarm. PC &amp; Mobile App Support. Low-light Full-Color Night Vision\ufe0f. Two-way Voice Call\ufe0f. 270\u00b0 Field of View\ufe0f. Key Detection Zone. Smart Siren. IP66 Water &amp; Dust Proof\ufe0f. Multi Storage Options - Cloud Storage &amp; Local MicroSD Card Storage. Video Compression H.265\/H.264.\" \/>\n\t\t<meta name=\"twitter:image\" content=\"https:\/\/www.rucashk.com\/wp-content\/uploads\/replace\/503b8e645f128a97ccde2b6290747646.jpeg\" \/>\n\t\t<script type=\"application\/ld+json\" class=\"aioseo-schema\">\n\t\t\t{\"@context\":\"https:\\\/\\\/schema.org\",\"@graph\":[{\"@type\":\"BreadcrumbList\",\"@id\":\"https:\\\/\\\/www.rucashk.com\\\/pt\\\/produto\\\/imilab-ec3-pro-2k-wifi-spotlight-camera\\\/#breadcrumblist\",\"itemListElement\":[{\"@type\":\"ListItem\",\"@id\":\"https:\\\/\\\/www.rucashk.com\\\/pt\\\/#listItem\",\"position\":1,\"name\":\"Home\",\"item\":\"https:\\\/\\\/www.rucashk.com\\\/pt\\\/\",\"nextItem\":\"https:\\\/\\\/www.rucashk.com\\\/pt\\\/produto\\\/imilab-ec3-pro-2k-wifi-spotlight-camera\\\/#listItem\"},{\"@type\":\"ListItem\",\"@id\":\"https:\\\/\\\/www.rucashk.com\\\/pt\\\/produto\\\/imilab-ec3-pro-2k-wifi-spotlight-camera\\\/#listItem\",\"position\":2,\"name\":\"IMILAB EC3 Pro 2K WiFi Spotlight Camera\",\"previousItem\":\"https:\\\/\\\/www.rucashk.com\\\/pt\\\/#listItem\"}]},{\"@type\":\"Organization\",\"@id\":\"https:\\\/\\\/www.rucashk.com\\\/pt\\\/#organization\",\"name\":\"Rucas\",\"url\":\"https:\\\/\\\/www.rucashk.com\\\/pt\\\/\",\"logo\":{\"@type\":\"ImageObject\",\"url\":\"https:\\\/\\\/www.rucashk.com\\\/wp-content\\\/uploads\\\/2023\\\/12\\\/Rucas_campany_logo.png\",\"@id\":\"https:\\\/\\\/www.rucashk.com\\\/pt\\\/produto\\\/imilab-ec3-pro-2k-wifi-spotlight-camera\\\/#organizationLogo\",\"width\":221,\"height\":65},\"image\":{\"@id\":\"https:\\\/\\\/www.rucashk.com\\\/pt\\\/#organizationLogo\"}},{\"@type\":\"Person\",\"@id\":\"https:\\\/\\\/www.rucashk.com\\\/pt\\\/author\\\/admin\\\/#author\",\"url\":\"https:\\\/\\\/www.rucashk.com\\\/pt\\\/author\\\/admin\\\/\",\"name\":\"admin\",\"image\":{\"@type\":\"ImageObject\",\"@id\":\"https:\\\/\\\/www.rucashk.com\\\/pt\\\/produto\\\/imilab-ec3-pro-2k-wifi-spotlight-camera\\\/#authorImage\",\"url\":\"https:\\\/\\\/secure.gravatar.com\\\/avatar\\\/b7c8925b09a27e72b30232f8ecaadbd5af0f70a38c78096863fe51b64f031c24?s=96&d=mm&r=g\",\"width\":96,\"height\":96,\"caption\":\"admin\"}},{\"@type\":\"WebPage\",\"@id\":\"https:\\\/\\\/www.rucashk.com\\\/pt\\\/produto\\\/imilab-ec3-pro-2k-wifi-spotlight-camera\\\/#webpage\",\"url\":\"https:\\\/\\\/www.rucashk.com\\\/pt\\\/produto\\\/imilab-ec3-pro-2k-wifi-spotlight-camera\\\/\",\"name\":\"IMILAB EC3 Pro 2K WiFi Spotlight Camera - Rucas - Wholesale and Distribution\",\"description\":\"2K\\\/3MP High Resolution. Local AI Human Detection & Tracking. Instant Accurate Alarm. PC & Mobile App Support. Low-light Full-Color Night Vision\\ufe0f. Two-way Voice Call\\ufe0f. 270\\u00b0 Field of View\\ufe0f. Key Detection Zone. Smart Siren. IP66 Water & Dust Proof\\ufe0f. Multi Storage Options - Cloud Storage & Local MicroSD Card Storage. Video Compression H.265\\\/H.264.\",\"inLanguage\":\"pt-PT\",\"isPartOf\":{\"@id\":\"https:\\\/\\\/www.rucashk.com\\\/pt\\\/#website\"},\"breadcrumb\":{\"@id\":\"https:\\\/\\\/www.rucashk.com\\\/pt\\\/produto\\\/imilab-ec3-pro-2k-wifi-spotlight-camera\\\/#breadcrumblist\"},\"author\":{\"@id\":\"https:\\\/\\\/www.rucashk.com\\\/pt\\\/author\\\/admin\\\/#author\"},\"creator\":{\"@id\":\"https:\\\/\\\/www.rucashk.com\\\/pt\\\/author\\\/admin\\\/#author\"},\"image\":{\"@type\":\"ImageObject\",\"url\":\"https:\\\/\\\/www.rucashk.com\\\/wp-content\\\/uploads\\\/2024\\\/03\\\/EC3ProOutdoorSecurityCamera2Konwhitebackground.webp\",\"@id\":\"https:\\\/\\\/www.rucashk.com\\\/pt\\\/produto\\\/imilab-ec3-pro-2k-wifi-spotlight-camera\\\/#mainImage\",\"width\":1000,\"height\":1000},\"primaryImageOfPage\":{\"@id\":\"https:\\\/\\\/www.rucashk.com\\\/pt\\\/produto\\\/imilab-ec3-pro-2k-wifi-spotlight-camera\\\/#mainImage\"},\"datePublished\":\"2024-03-26T15:00:30+00:00\",\"dateModified\":\"2024-04-16T13:27:59+00:00\"},{\"@type\":\"WebSite\",\"@id\":\"https:\\\/\\\/www.rucashk.com\\\/pt\\\/#website\",\"url\":\"https:\\\/\\\/www.rucashk.com\\\/pt\\\/\",\"name\":\"Rucas - Wholesale and distribution worldwide\",\"alternateName\":\"Rucas - One-stop AIoT Distribution Worldwide\",\"description\":\"One-stop AIoT Distribution Worldwide\",\"inLanguage\":\"pt-PT\",\"publisher\":{\"@id\":\"https:\\\/\\\/www.rucashk.com\\\/pt\\\/#organization\"}}]}\n\t\t<\/script>\n\t\t<!-- All in One SEO Pro -->\r\n\t\t<title>IMILAB EC3 Pro 2K WiFi Spotlight Camera - Rucas - Wholesale and Distribution<\/title>\n\n","aioseo_head_json":{"title":"IMILAB EC3 Pro 2K WiFi Spotlight Camera - Rucas - Wholesale and Distribution","description":"2K\/3MP High Resolution. Local AI Human Detection & Tracking. Instant Accurate Alarm. PC & Mobile App Support. Low-light Full-Color Night Vision\ufe0f. Two-way Voice Call\ufe0f. 270\u00b0 Field of View\ufe0f. Key Detection Zone. Smart Siren. IP66 Water & Dust Proof\ufe0f. Multi Storage Options - Cloud Storage & Local MicroSD Card Storage. Video Compression H.265\/H.264.","canonical_url":"https:\/\/www.rucashk.com\/pt\/produto\/imilab-ec3-pro-2k-wifi-spotlight-camera\/","robots":"max-image-preview:large","keywords":"","webmasterTools":{"miscellaneous":""},"og:locale":"pt_PT","og:site_name":"Rucas - One-stop AIoT Distribution Worldwide","og:type":"article","og:title":"IMILAB EC3 Pro 2K WiFi Spotlight Camera - Rucas - Wholesale and Distribution","og:description":"2K\/3MP High Resolution. Local AI Human Detection &amp; Tracking. Instant Accurate Alarm. PC &amp; Mobile App Support. Low-light Full-Color Night Vision\ufe0f. Two-way Voice Call\ufe0f. 270\u00b0 Field of View\ufe0f. Key Detection Zone. Smart Siren. IP66 Water &amp; Dust Proof\ufe0f. Multi Storage Options - Cloud Storage &amp; Local MicroSD Card Storage. Video Compression H.265\/H.264.","og:url":"https:\/\/www.rucashk.com\/pt\/produto\/imilab-ec3-pro-2k-wifi-spotlight-camera\/","og:image":"https:\/\/www.rucashk.com\/wp-content\/uploads\/replace\/503b8e645f128a97ccde2b6290747646.jpeg","og:image:secure_url":"https:\/\/www.rucashk.com\/wp-content\/uploads\/replace\/503b8e645f128a97ccde2b6290747646.jpeg","og:image:width":1456,"og:image:height":816,"article:published_time":"2024-03-26T15:00:30+00:00","article:modified_time":"2024-04-16T13:27:59+00:00","twitter:card":"summary_large_image","twitter:title":"IMILAB EC3 Pro 2K WiFi Spotlight Camera - Rucas - Wholesale and Distribution","twitter:description":"2K\/3MP High Resolution. Local AI Human Detection &amp; Tracking. Instant Accurate Alarm. PC &amp; Mobile App Support. Low-light Full-Color Night Vision\ufe0f. Two-way Voice Call\ufe0f. 270\u00b0 Field of View\ufe0f. Key Detection Zone. Smart Siren. IP66 Water &amp; Dust Proof\ufe0f. Multi Storage Options - Cloud Storage &amp; Local MicroSD Card Storage. Video Compression H.265\/H.264.","twitter:image":"https:\/\/www.rucashk.com\/wp-content\/uploads\/replace\/503b8e645f128a97ccde2b6290747646.jpeg","schema":{"@context":"https:\/\/schema.org","@graph":[{"@type":"BreadcrumbList","@id":"https:\/\/www.rucashk.com\/pt\/produto\/imilab-ec3-pro-2k-wifi-spotlight-camera\/#breadcrumblist","itemListElement":[{"@type":"ListItem","@id":"https:\/\/www.rucashk.com\/pt\/#listItem","position":1,"name":"Home","item":"https:\/\/www.rucashk.com\/pt\/","nextItem":"https:\/\/www.rucashk.com\/pt\/produto\/imilab-ec3-pro-2k-wifi-spotlight-camera\/#listItem"},{"@type":"ListItem","@id":"https:\/\/www.rucashk.com\/pt\/produto\/imilab-ec3-pro-2k-wifi-spotlight-camera\/#listItem","position":2,"name":"IMILAB EC3 Pro 2K WiFi Spotlight Camera","previousItem":"https:\/\/www.rucashk.com\/pt\/#listItem"}]},{"@type":"Organization","@id":"https:\/\/www.rucashk.com\/pt\/#organization","name":"Rucas","url":"https:\/\/www.rucashk.com\/pt\/","logo":{"@type":"ImageObject","url":"https:\/\/www.rucashk.com\/wp-content\/uploads\/2023\/12\/Rucas_campany_logo.png","@id":"https:\/\/www.rucashk.com\/pt\/produto\/imilab-ec3-pro-2k-wifi-spotlight-camera\/#organizationLogo","width":221,"height":65},"image":{"@id":"https:\/\/www.rucashk.com\/pt\/#organizationLogo"}},{"@type":"Person","@id":"https:\/\/www.rucashk.com\/pt\/author\/admin\/#author","url":"https:\/\/www.rucashk.com\/pt\/author\/admin\/","name":"admin","image":{"@type":"ImageObject","@id":"https:\/\/www.rucashk.com\/pt\/produto\/imilab-ec3-pro-2k-wifi-spotlight-camera\/#authorImage","url":"https:\/\/secure.gravatar.com\/avatar\/b7c8925b09a27e72b30232f8ecaadbd5af0f70a38c78096863fe51b64f031c24?s=96&d=mm&r=g","width":96,"height":96,"caption":"admin"}},{"@type":"WebPage","@id":"https:\/\/www.rucashk.com\/pt\/produto\/imilab-ec3-pro-2k-wifi-spotlight-camera\/#webpage","url":"https:\/\/www.rucashk.com\/pt\/produto\/imilab-ec3-pro-2k-wifi-spotlight-camera\/","name":"IMILAB EC3 Pro 2K WiFi Spotlight Camera - Rucas - Wholesale and Distribution","description":"2K\/3MP High Resolution. Local AI Human Detection & Tracking. Instant Accurate Alarm. PC & Mobile App Support. Low-light Full-Color Night Vision\ufe0f. Two-way Voice Call\ufe0f. 270\u00b0 Field of View\ufe0f. Key Detection Zone. Smart Siren. IP66 Water & Dust Proof\ufe0f. Multi Storage Options - Cloud Storage & Local MicroSD Card Storage. Video Compression H.265\/H.264.","inLanguage":"pt-PT","isPartOf":{"@id":"https:\/\/www.rucashk.com\/pt\/#website"},"breadcrumb":{"@id":"https:\/\/www.rucashk.com\/pt\/produto\/imilab-ec3-pro-2k-wifi-spotlight-camera\/#breadcrumblist"},"author":{"@id":"https:\/\/www.rucashk.com\/pt\/author\/admin\/#author"},"creator":{"@id":"https:\/\/www.rucashk.com\/pt\/author\/admin\/#author"},"image":{"@type":"ImageObject","url":"https:\/\/www.rucashk.com\/wp-content\/uploads\/2024\/03\/EC3ProOutdoorSecurityCamera2Konwhitebackground.webp","@id":"https:\/\/www.rucashk.com\/pt\/produto\/imilab-ec3-pro-2k-wifi-spotlight-camera\/#mainImage","width":1000,"height":1000},"primaryImageOfPage":{"@id":"https:\/\/www.rucashk.com\/pt\/produto\/imilab-ec3-pro-2k-wifi-spotlight-camera\/#mainImage"},"datePublished":"2024-03-26T15:00:30+00:00","dateModified":"2024-04-16T13:27:59+00:00"},{"@type":"WebSite","@id":"https:\/\/www.rucashk.com\/pt\/#website","url":"https:\/\/www.rucashk.com\/pt\/","name":"Rucas - Wholesale and distribution worldwide","alternateName":"Rucas - One-stop AIoT Distribution Worldwide","description":"One-stop AIoT Distribution Worldwide","inLanguage":"pt-PT","publisher":{"@id":"https:\/\/www.rucashk.com\/pt\/#organization"}}]}},"aioseo_meta_data":{"post_id":"39912","title":null,"description":null,"keywords":null,"keyphrases":null,"primary_term":null,"canonical_url":null,"og_title":null,"og_description":null,"og_object_type":"default","og_image_type":"default","og_image_url":null,"og_image_width":null,"og_image_height":null,"og_image_custom_url":null,"og_image_custom_fields":null,"og_video":null,"og_custom_url":null,"og_article_section":null,"og_article_tags":null,"twitter_use_og":false,"twitter_card":"default","twitter_image_type":"default","twitter_image_url":null,"twitter_image_custom_url":null,"twitter_image_custom_fields":null,"twitter_title":null,"twitter_description":null,"schema":{"blockGraphs":[],"customGraphs":[],"default":{"data":{"Article":[],"Course":[],"Dataset":[],"FAQPage":[],"Movie":[],"Person":[],"Product":[],"Recipe":[],"Service":[],"SoftwareApplication":[],"WebPage":[]},"graphName":"","isEnabled":true},"graphs":[]},"schema_type":"default","schema_type_options":null,"pillar_content":false,"robots_default":true,"robots_noindex":false,"robots_noarchive":false,"robots_nosnippet":false,"robots_nofollow":false,"robots_noimageindex":false,"robots_noodp":false,"robots_notranslate":false,"robots_max_snippet":null,"robots_max_videopreview":null,"robots_max_imagepreview":"large","priority":null,"frequency":null,"local_seo":null,"breadcrumb_settings":null,"limit_modified_date":false,"created":"2024-04-11 01:57:23","updated":"2025-06-22 18:53:55"},"aioseo_breadcrumb":"<div class=\"aioseo-breadcrumbs\"><span class=\"aioseo-breadcrumb\">\n\t<a href=\"https:\/\/www.rucashk.com\/pt\" title=\"Home\">Home<\/a>\n<\/span><span class=\"aioseo-breadcrumb-separator\">&raquo;<\/span><span class=\"aioseo-breadcrumb\">\n\t<a href=\"https:\/\/www.rucashk.com\/pt\/products\/\" title=\"Produtos\">Produtos<\/a>\n<\/span><span class=\"aioseo-breadcrumb-separator\">&raquo;<\/span><span class=\"aioseo-breadcrumb\">\n\t<a href=\"https:\/\/www.rucashk.com\/pt\/marca\/imilab\/\" title=\"IMILAB\">IMILAB<\/a>\n<\/span><span class=\"aioseo-breadcrumb-separator\">&raquo;<\/span><span class=\"aioseo-breadcrumb\">\n\tIMILAB EC3 Pro 2K WiFi Spotlight Camera\n<\/span><\/div>","aioseo_breadcrumb_json":[{"label":"Home","link":"https:\/\/www.rucashk.com\/pt"},{"label":"Produtos","link":"https:\/\/www.rucashk.com\/pt\/products\/"},{"label":"IMILAB","link":"https:\/\/www.rucashk.com\/pt\/marca\/imilab\/"},{"label":"IMILAB EC3 Pro 2K WiFi Spotlight Camera","link":"https:\/\/www.rucashk.com\/pt\/produto\/imilab-ec3-pro-2k-wifi-spotlight-camera\/"}],"_links":{"self":[{"href":"https:\/\/www.rucashk.com\/pt\/wp-json\/wp\/v2\/product\/39912","targetHints":{"allow":["GET"]}}],"collection":[{"href":"https:\/\/www.rucashk.com\/pt\/wp-json\/wp\/v2\/product"}],"about":[{"href":"https:\/\/www.rucashk.com\/pt\/wp-json\/wp\/v2\/types\/product"}],"wp:featuredmedia":[{"embeddable":true,"href":"https:\/\/www.rucashk.com\/pt\/wp-json\/wp\/v2\/media\/39916"}],"wp:attachment":[{"href":"https:\/\/www.rucashk.com\/pt\/wp-json\/wp\/v2\/media?parent=39912"}],"wp:term":[{"taxonomy":"product_brand","embeddable":true,"href":"https:\/\/www.rucashk.com\/pt\/wp-json\/wp\/v2\/product_brand?post=39912"},{"taxonomy":"product_cat","embeddable":true,"href":"https:\/\/www.rucashk.com\/pt\/wp-json\/wp\/v2\/product_cat?post=39912"},{"taxonomy":"product_tag","embeddable":true,"href":"https:\/\/www.rucashk.com\/pt\/wp-json\/wp\/v2\/product_tag?post=39912"}],"curies":[{"name":"wp","href":"https:\/\/api.w.org\/{rel}","templated":true}]}}