{"id":39905,"date":"2024-03-26T14:54:03","date_gmt":"2024-03-26T14:54:03","guid":{"rendered":"http:\/\/rucashk.com\/?post_type=product&#038;p=39905"},"modified":"2024-04-16T13:28:01","modified_gmt":"2024-04-16T13:28:01","slug":"imilab-ec3-lite-2k-wifi-spotlight-camera","status":"publish","type":"product","link":"https:\/\/www.rucashk.com\/pt\/produto\/imilab-ec3-lite-2k-wifi-spotlight-camera\/","title":{"rendered":"C\u00e2mera de holofote IMILAB EC3 Lite 2K WiFi"},"content":{"rendered":"<div class=\"sc-uojGG hMqLeX pf-106_\" data-section-id=\"pf-76d3\" data-pf-type=\"Section\">\n<div class=\"sc-ilfuhL bpQaoh\">\n<div class=\"sc-furwcr dAWGlU pf-105_ pf-r pf-r-eh\" data-pf-type=\"Row\">\n<div class=\"pf-c\">\n<div class=\"sc-fHeRUh cCunWv pf-104_\" data-pf-type=\"Column\">\n<div class=\"sc-eXlEPa QQQel pf-103_\" data-pf-type=\"Youtube\">\n<div><img fetchpriority=\"high\" decoding=\"async\" alt=\"IMILAB EC3 Lite 2K WiFi Spotlight Camera\" style=\"font-family: var(--mt-font__main); font-size: 1rem;\" src=\"\/wp-content\/uploads\/replace\/c7a8d45bc4350a15c38e3f1b51cace59.jpeg\" srcset=\"\/wp-content\/uploads\/replace\/c7a8d45bc4350a15c38e3f1b51cace59.jpeg 1536w\" width=\"1920\" height=\"2425\" \/><\/div>\n<\/div>\n<\/div>\n<\/div>\n<\/div>\n<\/div>\n<\/div>\n<div class=\"sc-uojGG hMqLeX pf-19_\" data-section-id=\"pf-b01b\" data-pf-type=\"Section\">\n<div class=\"sc-ilfuhL bpQaoh\">\n<div class=\"sc-furwcr dAWGlU pf-20_ pf-r pf-r-eh\" data-pf-type=\"Row\">\n<div class=\"pf-c\">\n<div class=\"sc-fHeRUh cCunWv pf-21_\" data-pf-type=\"Column\">\n<div class=\"sc-jQrDum gyFmBn pf-22_\" data-pf-type=\"Image\"><img decoding=\"async\" alt=\"IMILAB EC3 Lite 2K WiFi Spotlight Camera\" src=\"\/wp-content\/uploads\/replace\/ba886492181d4ec6f60f165e622b0a8e.jpeg\" srcset=\"\/wp-content\/uploads\/replace\/ba886492181d4ec6f60f165e622b0a8e.jpeg 1536w\" width=\"1920\" height=\"4237\" \/><\/div>\n<\/div>\n<\/div>\n<\/div>\n<\/div>\n<\/div>\n<div class=\"sc-uojGG hMqLeX pf-23_\" data-section-id=\"pf-a479\" data-pf-type=\"Section\">\n<div class=\"sc-ilfuhL bpQaoh\">\n<div class=\"sc-furwcr dAWGlU pf-24_ pf-r pf-r-eh\" data-pf-type=\"Row\">\n<div class=\"pf-c\">\n<div class=\"sc-fHeRUh cCunWv pf-25_\" data-pf-type=\"Column\">\n<div class=\"sc-jQrDum gyFmBn pf-26_\" data-pf-type=\"Image\"><img decoding=\"async\" alt=\"IMILAB EC3 Lite 2K WiFi Spotlight Camera\" src=\"\/wp-content\/uploads\/replace\/4f4e9441247447dcc87e0338f07ef164.jpeg\" srcset=\"\/wp-content\/uploads\/replace\/4f4e9441247447dcc87e0338f07ef164.jpeg 1536w\" width=\"1920\" height=\"5484\" \/><\/div>\n<\/div>\n<\/div>\n<\/div>\n<\/div>\n<\/div>\n<div class=\"sc-uojGG hMqLeX pf-27_\" data-section-id=\"pf-6141\" data-pf-type=\"Section\">\n<div class=\"sc-ilfuhL bpQaoh\">\n<div class=\"sc-furwcr dAWGlU pf-28_ pf-r pf-r-eh\" data-pf-type=\"Row\">\n<div class=\"pf-c\">\n<div class=\"sc-fHeRUh cCunWv pf-29_\" data-pf-type=\"Column\">\n<div class=\"sc-jQrDum gyFmBn pf-30_\" data-pf-type=\"Image\"><img loading=\"lazy\" decoding=\"async\" alt=\"IMILAB EC3 Lite 2K WiFi Spotlight Camera\" src=\"\/wp-content\/uploads\/replace\/4c17a0e50f9d9fc1e03f6422a8a2c877.jpeg\" srcset=\"\/wp-content\/uploads\/replace\/4c17a0e50f9d9fc1e03f6422a8a2c877.jpeg 1536w\" width=\"1920\" height=\"5185\" \/><\/div>\n<div data-pf-type=\"Image\"><\/div>\n<div data-pf-type=\"Image\">O IMILAB EC3 Lite oferece visualiza\u00e7\u00e3o ao vivo em 2K e bate-papo bidirecional para verifica\u00e7\u00e3o em tempo real no aplicativo. Suas luzes embutidas s\u00e3o ativadas automaticamente \u00e0 noite ou ao detectar uma pessoa. Com o Smart Deterrence, ele dissuade amea\u00e7as de forma inteligente usando sirenes, flashes ou mensagens de voz personalizadas.<\/div>\n<\/div>\n<\/div>\n<\/div>\n<\/div>\n<\/div>","protected":false},"excerpt":{"rendered":"<p>O IMILAB EC3 Lite oferece visualiza\u00e7\u00e3o ao vivo em 2K e bate-papo bidirecional para verifica\u00e7\u00e3o em tempo real no aplicativo. Suas luzes embutidas s\u00e3o ativadas automaticamente \u00e0 noite ou ao detectar uma pessoa. Com o Smart Deterrence, ele dissuade amea\u00e7as de forma inteligente usando sirenes, flashes ou mensagens de voz personalizadas.<\/p>","protected":false},"featured_media":39911,"template":"","meta":[],"product_brand":[1372],"product_cat":[1317,1305],"product_tag":[],"class_list":{"0":"post-39905","1":"product","2":"type-product","3":"status-publish","4":"has-post-thumbnail","6":"product_brand-imilab","7":"product_cat-imilab-camera","8":"product_cat-xiaomi-eco","10":"first","11":"instock","12":"shipping-taxable","13":"product-type-simple"},"aioseo_notices":[],"aioseo_head":"\n\t\t<!-- All in One SEO Pro 4.5.9.2 - aioseo.com -->\n\t\t<meta name=\"description\" content=\"The IMILAB EC3 Lite offers 2K live view and two-way chat for real-time checking in the app. lts built-in lights automatically activate in the evening or when detecting a person. With Smart Deterrence, it intelligently deters threats using sirens, flashes, or custom voice messages.\" \/>\n\t\t<meta name=\"robots\" content=\"max-image-preview:large\" \/>\n\t\t<link rel=\"canonical\" href=\"https:\/\/www.rucashk.com\/pt\/produto\/imilab-ec3-lite-2k-wifi-spotlight-camera\/\" \/>\n\t\t<meta name=\"generator\" content=\"All in One SEO Pro (AIOSEO) 4.5.9.2\" \/>\n\t\t<meta property=\"og:locale\" content=\"pt_PT\" \/>\n\t\t<meta property=\"og:site_name\" content=\"Rucas - One-stop AIoT Distribution Worldwide\" \/>\n\t\t<meta property=\"og:type\" content=\"article\" \/>\n\t\t<meta property=\"og:title\" content=\"IMILAB EC3 Lite 2K WiFi Spotlight Camera - Rucas - Wholesale and Distribution\" \/>\n\t\t<meta property=\"og:description\" content=\"The IMILAB EC3 Lite offers 2K live view and two-way chat for real-time checking in the app. lts built-in lights automatically activate in the evening or when detecting a person. With Smart Deterrence, it intelligently deters threats using sirens, flashes, or custom voice messages.\" \/>\n\t\t<meta property=\"og:url\" content=\"https:\/\/www.rucashk.com\/pt\/produto\/imilab-ec3-lite-2k-wifi-spotlight-camera\/\" \/>\n\t\t<meta property=\"og:image\" content=\"https:\/\/www.rucashk.com\/wp-content\/uploads\/replace\/503b8e645f128a97ccde2b6290747646.jpeg\" \/>\n\t\t<meta property=\"og:image:secure_url\" content=\"https:\/\/www.rucashk.com\/wp-content\/uploads\/replace\/503b8e645f128a97ccde2b6290747646.jpeg\" \/>\n\t\t<meta property=\"og:image:width\" content=\"1456\" \/>\n\t\t<meta property=\"og:image:height\" content=\"816\" \/>\n\t\t<meta property=\"article:published_time\" content=\"2024-03-26T14:54:03+00:00\" \/>\n\t\t<meta property=\"article:modified_time\" content=\"2024-04-16T13:28:01+00:00\" \/>\n\t\t<meta name=\"twitter:card\" content=\"summary_large_image\" \/>\n\t\t<meta name=\"twitter:title\" content=\"IMILAB EC3 Lite 2K WiFi Spotlight Camera - Rucas - Wholesale and Distribution\" \/>\n\t\t<meta name=\"twitter:description\" content=\"The IMILAB EC3 Lite offers 2K live view and two-way chat for real-time checking in the app. lts built-in lights automatically activate in the evening or when detecting a person. With Smart Deterrence, it intelligently deters threats using sirens, flashes, or custom voice messages.\" \/>\n\t\t<meta name=\"twitter:image\" content=\"https:\/\/www.rucashk.com\/wp-content\/uploads\/replace\/503b8e645f128a97ccde2b6290747646.jpeg\" \/>\n\t\t<script type=\"application\/ld+json\" class=\"aioseo-schema\">\n\t\t\t{\"@context\":\"https:\\\/\\\/schema.org\",\"@graph\":[{\"@type\":\"BreadcrumbList\",\"@id\":\"https:\\\/\\\/www.rucashk.com\\\/pt\\\/produto\\\/imilab-ec3-lite-2k-wifi-spotlight-camera\\\/#breadcrumblist\",\"itemListElement\":[{\"@type\":\"ListItem\",\"@id\":\"https:\\\/\\\/www.rucashk.com\\\/pt\\\/#listItem\",\"position\":1,\"name\":\"Home\",\"item\":\"https:\\\/\\\/www.rucashk.com\\\/pt\\\/\",\"nextItem\":\"https:\\\/\\\/www.rucashk.com\\\/pt\\\/produto\\\/imilab-ec3-lite-2k-wifi-spotlight-camera\\\/#listItem\"},{\"@type\":\"ListItem\",\"@id\":\"https:\\\/\\\/www.rucashk.com\\\/pt\\\/produto\\\/imilab-ec3-lite-2k-wifi-spotlight-camera\\\/#listItem\",\"position\":2,\"name\":\"IMILAB EC3 Lite 2K WiFi Spotlight Camera\",\"previousItem\":\"https:\\\/\\\/www.rucashk.com\\\/pt\\\/#listItem\"}]},{\"@type\":\"Organization\",\"@id\":\"https:\\\/\\\/www.rucashk.com\\\/pt\\\/#organization\",\"name\":\"Rucas\",\"url\":\"https:\\\/\\\/www.rucashk.com\\\/pt\\\/\",\"logo\":{\"@type\":\"ImageObject\",\"url\":\"https:\\\/\\\/www.rucashk.com\\\/wp-content\\\/uploads\\\/2023\\\/12\\\/Rucas_campany_logo.png\",\"@id\":\"https:\\\/\\\/www.rucashk.com\\\/pt\\\/produto\\\/imilab-ec3-lite-2k-wifi-spotlight-camera\\\/#organizationLogo\",\"width\":221,\"height\":65},\"image\":{\"@id\":\"https:\\\/\\\/www.rucashk.com\\\/pt\\\/#organizationLogo\"}},{\"@type\":\"Person\",\"@id\":\"https:\\\/\\\/www.rucashk.com\\\/pt\\\/author\\\/admin\\\/#author\",\"url\":\"https:\\\/\\\/www.rucashk.com\\\/pt\\\/author\\\/admin\\\/\",\"name\":\"admin\",\"image\":{\"@type\":\"ImageObject\",\"@id\":\"https:\\\/\\\/www.rucashk.com\\\/pt\\\/produto\\\/imilab-ec3-lite-2k-wifi-spotlight-camera\\\/#authorImage\",\"url\":\"https:\\\/\\\/secure.gravatar.com\\\/avatar\\\/b7c8925b09a27e72b30232f8ecaadbd5af0f70a38c78096863fe51b64f031c24?s=96&d=mm&r=g\",\"width\":96,\"height\":96,\"caption\":\"admin\"}},{\"@type\":\"WebPage\",\"@id\":\"https:\\\/\\\/www.rucashk.com\\\/pt\\\/produto\\\/imilab-ec3-lite-2k-wifi-spotlight-camera\\\/#webpage\",\"url\":\"https:\\\/\\\/www.rucashk.com\\\/pt\\\/produto\\\/imilab-ec3-lite-2k-wifi-spotlight-camera\\\/\",\"name\":\"IMILAB EC3 Lite 2K WiFi Spotlight Camera - Rucas - Wholesale and Distribution\",\"description\":\"The IMILAB EC3 Lite offers 2K live view and two-way chat for real-time checking in the app. lts built-in lights automatically activate in the evening or when detecting a person. With Smart Deterrence, it intelligently deters threats using sirens, flashes, or custom voice messages.\",\"inLanguage\":\"pt-PT\",\"isPartOf\":{\"@id\":\"https:\\\/\\\/www.rucashk.com\\\/pt\\\/#website\"},\"breadcrumb\":{\"@id\":\"https:\\\/\\\/www.rucashk.com\\\/pt\\\/produto\\\/imilab-ec3-lite-2k-wifi-spotlight-camera\\\/#breadcrumblist\"},\"author\":{\"@id\":\"https:\\\/\\\/www.rucashk.com\\\/pt\\\/author\\\/admin\\\/#author\"},\"creator\":{\"@id\":\"https:\\\/\\\/www.rucashk.com\\\/pt\\\/author\\\/admin\\\/#author\"},\"image\":{\"@type\":\"ImageObject\",\"url\":\"https:\\\/\\\/www.rucashk.com\\\/wp-content\\\/uploads\\\/2024\\\/03\\\/\\u4e0b\\u8f7d-1.jpg\",\"@id\":\"https:\\\/\\\/www.rucashk.com\\\/pt\\\/produto\\\/imilab-ec3-lite-2k-wifi-spotlight-camera\\\/#mainImage\",\"width\":225,\"height\":225},\"primaryImageOfPage\":{\"@id\":\"https:\\\/\\\/www.rucashk.com\\\/pt\\\/produto\\\/imilab-ec3-lite-2k-wifi-spotlight-camera\\\/#mainImage\"},\"datePublished\":\"2024-03-26T14:54:03+00:00\",\"dateModified\":\"2024-04-16T13:28:01+00:00\"},{\"@type\":\"WebSite\",\"@id\":\"https:\\\/\\\/www.rucashk.com\\\/pt\\\/#website\",\"url\":\"https:\\\/\\\/www.rucashk.com\\\/pt\\\/\",\"name\":\"Rucas - Wholesale and distribution worldwide\",\"alternateName\":\"Rucas - One-stop AIoT Distribution Worldwide\",\"description\":\"One-stop AIoT Distribution Worldwide\",\"inLanguage\":\"pt-PT\",\"publisher\":{\"@id\":\"https:\\\/\\\/www.rucashk.com\\\/pt\\\/#organization\"}}]}\n\t\t<\/script>\n\t\t<!-- All in One SEO Pro -->\r\n\t\t<title>IMILAB EC3 Lite 2K WiFi Spotlight Camera - Rucas - Wholesale and Distribution<\/title>\n\n","aioseo_head_json":{"title":"IMILAB EC3 Lite 2K WiFi Spotlight Camera - Rucas - Wholesale and Distribution","description":"The IMILAB EC3 Lite offers 2K live view and two-way chat for real-time checking in the app. lts built-in lights automatically activate in the evening or when detecting a person. With Smart Deterrence, it intelligently deters threats using sirens, flashes, or custom voice messages.","canonical_url":"https:\/\/www.rucashk.com\/pt\/produto\/imilab-ec3-lite-2k-wifi-spotlight-camera\/","robots":"max-image-preview:large","keywords":"","webmasterTools":{"miscellaneous":""},"og:locale":"pt_PT","og:site_name":"Rucas - One-stop AIoT Distribution Worldwide","og:type":"article","og:title":"IMILAB EC3 Lite 2K WiFi Spotlight Camera - Rucas - Wholesale and Distribution","og:description":"The IMILAB EC3 Lite offers 2K live view and two-way chat for real-time checking in the app. lts built-in lights automatically activate in the evening or when detecting a person. With Smart Deterrence, it intelligently deters threats using sirens, flashes, or custom voice messages.","og:url":"https:\/\/www.rucashk.com\/pt\/produto\/imilab-ec3-lite-2k-wifi-spotlight-camera\/","og:image":"https:\/\/www.rucashk.com\/wp-content\/uploads\/replace\/503b8e645f128a97ccde2b6290747646.jpeg","og:image:secure_url":"https:\/\/www.rucashk.com\/wp-content\/uploads\/replace\/503b8e645f128a97ccde2b6290747646.jpeg","og:image:width":1456,"og:image:height":816,"article:published_time":"2024-03-26T14:54:03+00:00","article:modified_time":"2024-04-16T13:28:01+00:00","twitter:card":"summary_large_image","twitter:title":"IMILAB EC3 Lite 2K WiFi Spotlight Camera - Rucas - Wholesale and Distribution","twitter:description":"The IMILAB EC3 Lite offers 2K live view and two-way chat for real-time checking in the app. lts built-in lights automatically activate in the evening or when detecting a person. With Smart Deterrence, it intelligently deters threats using sirens, flashes, or custom voice messages.","twitter:image":"https:\/\/www.rucashk.com\/wp-content\/uploads\/replace\/503b8e645f128a97ccde2b6290747646.jpeg","schema":{"@context":"https:\/\/schema.org","@graph":[{"@type":"BreadcrumbList","@id":"https:\/\/www.rucashk.com\/pt\/produto\/imilab-ec3-lite-2k-wifi-spotlight-camera\/#breadcrumblist","itemListElement":[{"@type":"ListItem","@id":"https:\/\/www.rucashk.com\/pt\/#listItem","position":1,"name":"Home","item":"https:\/\/www.rucashk.com\/pt\/","nextItem":"https:\/\/www.rucashk.com\/pt\/produto\/imilab-ec3-lite-2k-wifi-spotlight-camera\/#listItem"},{"@type":"ListItem","@id":"https:\/\/www.rucashk.com\/pt\/produto\/imilab-ec3-lite-2k-wifi-spotlight-camera\/#listItem","position":2,"name":"IMILAB EC3 Lite 2K WiFi Spotlight Camera","previousItem":"https:\/\/www.rucashk.com\/pt\/#listItem"}]},{"@type":"Organization","@id":"https:\/\/www.rucashk.com\/pt\/#organization","name":"Rucas","url":"https:\/\/www.rucashk.com\/pt\/","logo":{"@type":"ImageObject","url":"https:\/\/www.rucashk.com\/wp-content\/uploads\/2023\/12\/Rucas_campany_logo.png","@id":"https:\/\/www.rucashk.com\/pt\/produto\/imilab-ec3-lite-2k-wifi-spotlight-camera\/#organizationLogo","width":221,"height":65},"image":{"@id":"https:\/\/www.rucashk.com\/pt\/#organizationLogo"}},{"@type":"Person","@id":"https:\/\/www.rucashk.com\/pt\/author\/admin\/#author","url":"https:\/\/www.rucashk.com\/pt\/author\/admin\/","name":"admin","image":{"@type":"ImageObject","@id":"https:\/\/www.rucashk.com\/pt\/produto\/imilab-ec3-lite-2k-wifi-spotlight-camera\/#authorImage","url":"https:\/\/secure.gravatar.com\/avatar\/b7c8925b09a27e72b30232f8ecaadbd5af0f70a38c78096863fe51b64f031c24?s=96&d=mm&r=g","width":96,"height":96,"caption":"admin"}},{"@type":"WebPage","@id":"https:\/\/www.rucashk.com\/pt\/produto\/imilab-ec3-lite-2k-wifi-spotlight-camera\/#webpage","url":"https:\/\/www.rucashk.com\/pt\/produto\/imilab-ec3-lite-2k-wifi-spotlight-camera\/","name":"IMILAB EC3 Lite 2K WiFi Spotlight Camera - Rucas - Wholesale and Distribution","description":"The IMILAB EC3 Lite offers 2K live view and two-way chat for real-time checking in the app. lts built-in lights automatically activate in the evening or when detecting a person. With Smart Deterrence, it intelligently deters threats using sirens, flashes, or custom voice messages.","inLanguage":"pt-PT","isPartOf":{"@id":"https:\/\/www.rucashk.com\/pt\/#website"},"breadcrumb":{"@id":"https:\/\/www.rucashk.com\/pt\/produto\/imilab-ec3-lite-2k-wifi-spotlight-camera\/#breadcrumblist"},"author":{"@id":"https:\/\/www.rucashk.com\/pt\/author\/admin\/#author"},"creator":{"@id":"https:\/\/www.rucashk.com\/pt\/author\/admin\/#author"},"image":{"@type":"ImageObject","url":"https:\/\/www.rucashk.com\/wp-content\/uploads\/2024\/03\/\u4e0b\u8f7d-1.jpg","@id":"https:\/\/www.rucashk.com\/pt\/produto\/imilab-ec3-lite-2k-wifi-spotlight-camera\/#mainImage","width":225,"height":225},"primaryImageOfPage":{"@id":"https:\/\/www.rucashk.com\/pt\/produto\/imilab-ec3-lite-2k-wifi-spotlight-camera\/#mainImage"},"datePublished":"2024-03-26T14:54:03+00:00","dateModified":"2024-04-16T13:28:01+00:00"},{"@type":"WebSite","@id":"https:\/\/www.rucashk.com\/pt\/#website","url":"https:\/\/www.rucashk.com\/pt\/","name":"Rucas - Wholesale and distribution worldwide","alternateName":"Rucas - One-stop AIoT Distribution Worldwide","description":"One-stop AIoT Distribution Worldwide","inLanguage":"pt-PT","publisher":{"@id":"https:\/\/www.rucashk.com\/pt\/#organization"}}]}},"aioseo_meta_data":{"post_id":"39905","title":null,"description":null,"keywords":null,"keyphrases":null,"primary_term":null,"canonical_url":null,"og_title":null,"og_description":null,"og_object_type":"default","og_image_type":"default","og_image_url":null,"og_image_width":null,"og_image_height":null,"og_image_custom_url":null,"og_image_custom_fields":null,"og_video":null,"og_custom_url":null,"og_article_section":null,"og_article_tags":null,"twitter_use_og":false,"twitter_card":"default","twitter_image_type":"default","twitter_image_url":null,"twitter_image_custom_url":null,"twitter_image_custom_fields":null,"twitter_title":null,"twitter_description":null,"schema":{"blockGraphs":[],"customGraphs":[],"default":{"data":{"Article":[],"Course":[],"Dataset":[],"FAQPage":[],"Movie":[],"Person":[],"Product":[],"Recipe":[],"Service":[],"SoftwareApplication":[],"WebPage":[]},"graphName":"","isEnabled":true},"graphs":[]},"schema_type":"default","schema_type_options":null,"pillar_content":false,"robots_default":true,"robots_noindex":false,"robots_noarchive":false,"robots_nosnippet":false,"robots_nofollow":false,"robots_noimageindex":false,"robots_noodp":false,"robots_notranslate":false,"robots_max_snippet":null,"robots_max_videopreview":null,"robots_max_imagepreview":"large","priority":null,"frequency":null,"local_seo":null,"breadcrumb_settings":null,"limit_modified_date":false,"created":"2024-04-11 01:57:23","updated":"2025-06-22 18:53:54"},"aioseo_breadcrumb":"<div class=\"aioseo-breadcrumbs\"><span class=\"aioseo-breadcrumb\">\n\t<a href=\"https:\/\/www.rucashk.com\/pt\" title=\"Home\">Home<\/a>\n<\/span><span class=\"aioseo-breadcrumb-separator\">&raquo;<\/span><span class=\"aioseo-breadcrumb\">\n\t<a href=\"https:\/\/www.rucashk.com\/pt\/products\/\" title=\"Produtos\">Produtos<\/a>\n<\/span><span class=\"aioseo-breadcrumb-separator\">&raquo;<\/span><span class=\"aioseo-breadcrumb\">\n\t<a href=\"https:\/\/www.rucashk.com\/pt\/marca\/imilab\/\" title=\"IMILAB\">IMILAB<\/a>\n<\/span><span class=\"aioseo-breadcrumb-separator\">&raquo;<\/span><span class=\"aioseo-breadcrumb\">\n\tIMILAB EC3 Lite 2K WiFi Spotlight Camera\n<\/span><\/div>","aioseo_breadcrumb_json":[{"label":"Home","link":"https:\/\/www.rucashk.com\/pt"},{"label":"Produtos","link":"https:\/\/www.rucashk.com\/pt\/products\/"},{"label":"IMILAB","link":"https:\/\/www.rucashk.com\/pt\/marca\/imilab\/"},{"label":"IMILAB EC3 Lite 2K WiFi Spotlight Camera","link":"https:\/\/www.rucashk.com\/pt\/produto\/imilab-ec3-lite-2k-wifi-spotlight-camera\/"}],"_links":{"self":[{"href":"https:\/\/www.rucashk.com\/pt\/wp-json\/wp\/v2\/product\/39905","targetHints":{"allow":["GET"]}}],"collection":[{"href":"https:\/\/www.rucashk.com\/pt\/wp-json\/wp\/v2\/product"}],"about":[{"href":"https:\/\/www.rucashk.com\/pt\/wp-json\/wp\/v2\/types\/product"}],"wp:featuredmedia":[{"embeddable":true,"href":"https:\/\/www.rucashk.com\/pt\/wp-json\/wp\/v2\/media\/39911"}],"wp:attachment":[{"href":"https:\/\/www.rucashk.com\/pt\/wp-json\/wp\/v2\/media?parent=39905"}],"wp:term":[{"taxonomy":"product_brand","embeddable":true,"href":"https:\/\/www.rucashk.com\/pt\/wp-json\/wp\/v2\/product_brand?post=39905"},{"taxonomy":"product_cat","embeddable":true,"href":"https:\/\/www.rucashk.com\/pt\/wp-json\/wp\/v2\/product_cat?post=39905"},{"taxonomy":"product_tag","embeddable":true,"href":"https:\/\/www.rucashk.com\/pt\/wp-json\/wp\/v2\/product_tag?post=39905"}],"curies":[{"name":"wp","href":"https:\/\/api.w.org\/{rel}","templated":true}]}}