{"id":39896,"date":"2024-03-26T14:47:49","date_gmt":"2024-03-26T14:47:49","guid":{"rendered":"http:\/\/rucashk.com\/?post_type=product&#038;p=39896"},"modified":"2024-04-16T13:22:01","modified_gmt":"2024-04-16T13:22:01","slug":"xiaomi-mi-outdoor-camera-cw400","status":"publish","type":"product","link":"https:\/\/www.rucashk.com\/pt\/produto\/xiaomi-mi-outdoor-camera-cw400\/","title":{"rendered":"C\u00e2mera externa Xiaomi Mi CW400"},"content":{"rendered":"<p><img decoding=\"async\" alt=\"Xiaomi Mi Outdoor Camera CW400\" src=\"\/wp-content\/uploads\/replace\/c969fa6535772b4229666608187396e7.png\" \/><img decoding=\"async\" alt=\"Xiaomi Mi Outdoor Camera CW400\" src=\"\/wp-content\/uploads\/replace\/b5cdf72f101297a2afdaec1588f96d3d.png\" \/><\/p>\n<p><img decoding=\"async\" alt=\"Xiaomi Mi Outdoor Camera CW400\" src=\"\/wp-content\/uploads\/replace\/81397f803517661b8e01747721a73fb0.png\" \/><\/p>\n<p>R<\/p>\n<p><img decoding=\"async\" alt=\"Xiaomi Mi Outdoor Camera CW400\" src=\"\/wp-content\/uploads\/replace\/2a89113e4a63ffe581788c3d7f89b98f.png\" \/><img decoding=\"async\" alt=\"Xiaomi Mi Outdoor Camera CW400\" style=\"font-family: var(--mt-font__main); font-size: 1rem;\" src=\"\/wp-content\/uploads\/replace\/9335f37c3295c0dab02994f64b1db923.png\" \/><\/p>\n<p>Xiaomi Mijia CW400 WiFi C\u00e2mera inteligente 2.5K Ultra HD Smart Full Color Night Vision.<\/p>\n<p>1. 4 milh\u00f5es de pixels, qualidade de imagem ultra n\u00edtida de 2,5K, lente de grande abertura F1.6 com sensor de imagem CMOS de alto desempenho, imagem n\u00edtida e brilhante, melhor reprodu\u00e7\u00e3o de detalhes.<br \/>\n2. Vis\u00e3o noturna colorida inteligente de quatro luzes, em condi\u00e7\u00f5es de pouca luz, a imagem ainda permanece colorida. A c\u00e2mera vem com uma luz de preenchimento branca, que acende automaticamente \u00e0 noite ap\u00f3s o reconhecimento da forma humana.<br \/>\n3. Design IP66 \u00e0 prova de poeira e \u00e0 prova d&#039;\u00e1gua, proporcionando uma experi\u00eancia confi\u00e1vel de uso externo para a c\u00e2mera.<br \/>\n4. Design de gimbal duplo, \u00e2ngulo de vis\u00e3o horizontal de 360 graus, \u00e2ngulo de vis\u00e3o vertical de 160 graus, cuidado flex\u00edvel e mais tranquilidade.<br \/>\n5. Design de antena dupla de alto ganho, sinal Wi-Fi melhor e mais est\u00e1vel.<br \/>\n6. Microfone embutido de alta sensibilidade, alto-falantes de alta pot\u00eancia, captando a dist\u00e2ncia do som, som brilhante, di\u00e1logo claro.<br \/>\n7. Algoritmo de reconhecimento human\u00f3ide AI, quando a tela aparece human\u00f3ide, grava automaticamente o v\u00eddeo do alarme, envia um lembrete no telefone.<br \/>\n8. Quando a c\u00e2mera detecta intrus\u00e3o na \u00e1rea de monitoramento, o alarme ativo soa e luzes piscantes de alta frequ\u00eancia, enquanto o Mi Home APP envia mensagens de alarme em tempo h\u00e1bil.<\/p>","protected":false},"excerpt":{"rendered":"<p>Cabe\u00e7a dupla \u00e0 prova d&#039;\u00e1gua com qualidade de imagem ultra n\u00edtida de 4 megapixels.<br \/>\nVis\u00e3o noturna inteligente em cores | ip66 \u00e0 prova de poeira e \u00e0 prova d&#039;\u00e1gua.<br \/>\nRede de antena dupla | conversa\u00e7\u00e3o bidirecional.<br \/>\nDetec\u00e7\u00e3o humana de IA | aviso ac\u00fastico-\u00f3ptico | fotografia com lapso de tempo.<br \/>\n4,0 megapixels, qualidade de imagem ultra n\u00edtida de 2,5K*, lente de grande abertura F1.6 com sensor CMOS de alto desempenho.<br \/>\nLente de abertura com sensor de imagem CMOS de alto desempenho.<br \/>\nDesign de cabe\u00e7a dupla, \u00e2ngulo de vis\u00e3o horizontal de 360 \u00b0, \u00e2ngulo de vis\u00e3o vertical de 160 \u00b0.<br \/>\nAviso sonoro e visual. As informa\u00e7\u00f5es do alarme s\u00e3o enviadas para o celular em segundos.<\/p>","protected":false},"featured_media":39904,"template":"","meta":[],"product_brand":[1363],"product_cat":[1316,1305],"product_tag":[],"class_list":{"0":"post-39896","1":"product","2":"type-product","3":"status-publish","4":"has-post-thumbnail","6":"product_brand-xiaomi","7":"product_cat-mi-camera","8":"product_cat-xiaomi-eco","10":"first","11":"instock","12":"shipping-taxable","13":"product-type-simple"},"aioseo_notices":[],"aioseo_head":"\n\t\t<!-- All in One SEO Pro 4.5.9.2 - aioseo.com -->\n\t\t<meta name=\"description\" content=\"4 megapixel ultra-clear picture quality waterproof double head. Intelligent full-color night vision| ip66 dustproof and waterproof. Dual antenna network|two-way talk. Ai human detection|acousto-optical warning|time lapse photography. 4.0 megapixels, 2.5K* ultra-clear image quality, F1.6 large aperture lens with high performance CMOS sensor. Aperture lens with high performance CMOS image sensor. Double head design, horizontal viewing angle of 360 \u00b0, vertical viewing angle of 160 \u00b0. Audible and visual warning. Alarm information is pushed to the cell phone in seconds.\" \/>\n\t\t<meta name=\"robots\" content=\"max-image-preview:large\" \/>\n\t\t<link rel=\"canonical\" href=\"https:\/\/www.rucashk.com\/pt\/produto\/xiaomi-mi-outdoor-camera-cw400\/\" \/>\n\t\t<meta name=\"generator\" content=\"All in One SEO Pro (AIOSEO) 4.5.9.2\" \/>\n\t\t<meta property=\"og:locale\" content=\"pt_PT\" \/>\n\t\t<meta property=\"og:site_name\" content=\"Rucas - One-stop AIoT Distribution Worldwide\" \/>\n\t\t<meta property=\"og:type\" content=\"article\" \/>\n\t\t<meta property=\"og:title\" content=\"Xiaomi Mi Outdoor Camera CW400 - Rucas - Wholesale and Distribution\" \/>\n\t\t<meta property=\"og:description\" content=\"4 megapixel ultra-clear picture quality waterproof double head. Intelligent full-color night vision| ip66 dustproof and waterproof. Dual antenna network|two-way talk. Ai human detection|acousto-optical warning|time lapse photography. 4.0 megapixels, 2.5K* ultra-clear image quality, F1.6 large aperture lens with high performance CMOS sensor. Aperture lens with high performance CMOS image sensor. Double head design, horizontal viewing angle of 360 \u00b0, vertical viewing angle of 160 \u00b0. Audible and visual warning. Alarm information is pushed to the cell phone in seconds.\" \/>\n\t\t<meta property=\"og:url\" content=\"https:\/\/www.rucashk.com\/pt\/produto\/xiaomi-mi-outdoor-camera-cw400\/\" \/>\n\t\t<meta property=\"og:image\" content=\"https:\/\/www.rucashk.com\/wp-content\/uploads\/replace\/503b8e645f128a97ccde2b6290747646.jpeg\" \/>\n\t\t<meta property=\"og:image:secure_url\" content=\"https:\/\/www.rucashk.com\/wp-content\/uploads\/replace\/503b8e645f128a97ccde2b6290747646.jpeg\" \/>\n\t\t<meta property=\"og:image:width\" content=\"1456\" \/>\n\t\t<meta property=\"og:image:height\" content=\"816\" \/>\n\t\t<meta property=\"article:published_time\" content=\"2024-03-26T14:47:49+00:00\" \/>\n\t\t<meta property=\"article:modified_time\" content=\"2024-04-16T13:22:01+00:00\" \/>\n\t\t<meta name=\"twitter:card\" content=\"summary_large_image\" \/>\n\t\t<meta name=\"twitter:title\" content=\"Xiaomi Mi Outdoor Camera CW400 - Rucas - Wholesale and Distribution\" \/>\n\t\t<meta name=\"twitter:description\" content=\"4 megapixel ultra-clear picture quality waterproof double head. Intelligent full-color night vision| ip66 dustproof and waterproof. Dual antenna network|two-way talk. Ai human detection|acousto-optical warning|time lapse photography. 4.0 megapixels, 2.5K* ultra-clear image quality, F1.6 large aperture lens with high performance CMOS sensor. Aperture lens with high performance CMOS image sensor. Double head design, horizontal viewing angle of 360 \u00b0, vertical viewing angle of 160 \u00b0. Audible and visual warning. Alarm information is pushed to the cell phone in seconds.\" \/>\n\t\t<meta name=\"twitter:image\" content=\"https:\/\/www.rucashk.com\/wp-content\/uploads\/replace\/503b8e645f128a97ccde2b6290747646.jpeg\" \/>\n\t\t<script type=\"application\/ld+json\" class=\"aioseo-schema\">\n\t\t\t{\"@context\":\"https:\\\/\\\/schema.org\",\"@graph\":[{\"@type\":\"BreadcrumbList\",\"@id\":\"https:\\\/\\\/www.rucashk.com\\\/pt\\\/produto\\\/xiaomi-mi-outdoor-camera-cw400\\\/#breadcrumblist\",\"itemListElement\":[{\"@type\":\"ListItem\",\"@id\":\"https:\\\/\\\/www.rucashk.com\\\/pt\\\/#listItem\",\"position\":1,\"name\":\"Home\",\"item\":\"https:\\\/\\\/www.rucashk.com\\\/pt\\\/\",\"nextItem\":\"https:\\\/\\\/www.rucashk.com\\\/pt\\\/produto\\\/xiaomi-mi-outdoor-camera-cw400\\\/#listItem\"},{\"@type\":\"ListItem\",\"@id\":\"https:\\\/\\\/www.rucashk.com\\\/pt\\\/produto\\\/xiaomi-mi-outdoor-camera-cw400\\\/#listItem\",\"position\":2,\"name\":\"Xiaomi Mi Outdoor Camera CW400\",\"previousItem\":\"https:\\\/\\\/www.rucashk.com\\\/pt\\\/#listItem\"}]},{\"@type\":\"Organization\",\"@id\":\"https:\\\/\\\/www.rucashk.com\\\/pt\\\/#organization\",\"name\":\"Rucas\",\"url\":\"https:\\\/\\\/www.rucashk.com\\\/pt\\\/\",\"logo\":{\"@type\":\"ImageObject\",\"url\":\"https:\\\/\\\/www.rucashk.com\\\/wp-content\\\/uploads\\\/2023\\\/12\\\/Rucas_campany_logo.png\",\"@id\":\"https:\\\/\\\/www.rucashk.com\\\/pt\\\/produto\\\/xiaomi-mi-outdoor-camera-cw400\\\/#organizationLogo\",\"width\":221,\"height\":65},\"image\":{\"@id\":\"https:\\\/\\\/www.rucashk.com\\\/pt\\\/#organizationLogo\"}},{\"@type\":\"Person\",\"@id\":\"https:\\\/\\\/www.rucashk.com\\\/pt\\\/author\\\/admin\\\/#author\",\"url\":\"https:\\\/\\\/www.rucashk.com\\\/pt\\\/author\\\/admin\\\/\",\"name\":\"admin\",\"image\":{\"@type\":\"ImageObject\",\"@id\":\"https:\\\/\\\/www.rucashk.com\\\/pt\\\/produto\\\/xiaomi-mi-outdoor-camera-cw400\\\/#authorImage\",\"url\":\"https:\\\/\\\/secure.gravatar.com\\\/avatar\\\/b7c8925b09a27e72b30232f8ecaadbd5af0f70a38c78096863fe51b64f031c24?s=96&d=mm&r=g\",\"width\":96,\"height\":96,\"caption\":\"admin\"}},{\"@type\":\"WebPage\",\"@id\":\"https:\\\/\\\/www.rucashk.com\\\/pt\\\/produto\\\/xiaomi-mi-outdoor-camera-cw400\\\/#webpage\",\"url\":\"https:\\\/\\\/www.rucashk.com\\\/pt\\\/produto\\\/xiaomi-mi-outdoor-camera-cw400\\\/\",\"name\":\"Xiaomi Mi Outdoor Camera CW400 - Rucas - Wholesale and Distribution\",\"description\":\"4 megapixel ultra-clear picture quality waterproof double head. Intelligent full-color night vision| ip66 dustproof and waterproof. Dual antenna network|two-way talk. Ai human detection|acousto-optical warning|time lapse photography. 4.0 megapixels, 2.5K* ultra-clear image quality, F1.6 large aperture lens with high performance CMOS sensor. Aperture lens with high performance CMOS image sensor. Double head design, horizontal viewing angle of 360 \\u00b0, vertical viewing angle of 160 \\u00b0. Audible and visual warning. Alarm information is pushed to the cell phone in seconds.\",\"inLanguage\":\"pt-PT\",\"isPartOf\":{\"@id\":\"https:\\\/\\\/www.rucashk.com\\\/pt\\\/#website\"},\"breadcrumb\":{\"@id\":\"https:\\\/\\\/www.rucashk.com\\\/pt\\\/produto\\\/xiaomi-mi-outdoor-camera-cw400\\\/#breadcrumblist\"},\"author\":{\"@id\":\"https:\\\/\\\/www.rucashk.com\\\/pt\\\/author\\\/admin\\\/#author\"},\"creator\":{\"@id\":\"https:\\\/\\\/www.rucashk.com\\\/pt\\\/author\\\/admin\\\/#author\"},\"image\":{\"@type\":\"ImageObject\",\"url\":\"https:\\\/\\\/www.rucashk.com\\\/wp-content\\\/uploads\\\/2024\\\/03\\\/c7c544e8391c047976e01bacb20cabd9.png\",\"@id\":\"https:\\\/\\\/www.rucashk.com\\\/pt\\\/produto\\\/xiaomi-mi-outdoor-camera-cw400\\\/#mainImage\",\"width\":860,\"height\":900},\"primaryImageOfPage\":{\"@id\":\"https:\\\/\\\/www.rucashk.com\\\/pt\\\/produto\\\/xiaomi-mi-outdoor-camera-cw400\\\/#mainImage\"},\"datePublished\":\"2024-03-26T14:47:49+00:00\",\"dateModified\":\"2024-04-16T13:22:01+00:00\"},{\"@type\":\"WebSite\",\"@id\":\"https:\\\/\\\/www.rucashk.com\\\/pt\\\/#website\",\"url\":\"https:\\\/\\\/www.rucashk.com\\\/pt\\\/\",\"name\":\"Rucas - Wholesale and distribution worldwide\",\"alternateName\":\"Rucas - One-stop AIoT Distribution Worldwide\",\"description\":\"One-stop AIoT Distribution Worldwide\",\"inLanguage\":\"pt-PT\",\"publisher\":{\"@id\":\"https:\\\/\\\/www.rucashk.com\\\/pt\\\/#organization\"}}]}\n\t\t<\/script>\n\t\t<!-- All in One SEO Pro -->\r\n\t\t<title>Xiaomi Mi Outdoor Camera CW400 - Rucas - Wholesale and Distribution<\/title>\n\n","aioseo_head_json":{"title":"Xiaomi Mi Outdoor Camera CW400 - Rucas - Wholesale and Distribution","description":"4 megapixel ultra-clear picture quality waterproof double head. Intelligent full-color night vision| ip66 dustproof and waterproof. Dual antenna network|two-way talk. Ai human detection|acousto-optical warning|time lapse photography. 4.0 megapixels, 2.5K* ultra-clear image quality, F1.6 large aperture lens with high performance CMOS sensor. Aperture lens with high performance CMOS image sensor. Double head design, horizontal viewing angle of 360 \u00b0, vertical viewing angle of 160 \u00b0. Audible and visual warning. Alarm information is pushed to the cell phone in seconds.","canonical_url":"https:\/\/www.rucashk.com\/pt\/produto\/xiaomi-mi-outdoor-camera-cw400\/","robots":"max-image-preview:large","keywords":"","webmasterTools":{"miscellaneous":""},"og:locale":"pt_PT","og:site_name":"Rucas - One-stop AIoT Distribution Worldwide","og:type":"article","og:title":"Xiaomi Mi Outdoor Camera CW400 - Rucas - Wholesale and Distribution","og:description":"4 megapixel ultra-clear picture quality waterproof double head. Intelligent full-color night vision| ip66 dustproof and waterproof. Dual antenna network|two-way talk. Ai human detection|acousto-optical warning|time lapse photography. 4.0 megapixels, 2.5K* ultra-clear image quality, F1.6 large aperture lens with high performance CMOS sensor. Aperture lens with high performance CMOS image sensor. Double head design, horizontal viewing angle of 360 \u00b0, vertical viewing angle of 160 \u00b0. Audible and visual warning. Alarm information is pushed to the cell phone in seconds.","og:url":"https:\/\/www.rucashk.com\/pt\/produto\/xiaomi-mi-outdoor-camera-cw400\/","og:image":"https:\/\/www.rucashk.com\/wp-content\/uploads\/replace\/503b8e645f128a97ccde2b6290747646.jpeg","og:image:secure_url":"https:\/\/www.rucashk.com\/wp-content\/uploads\/replace\/503b8e645f128a97ccde2b6290747646.jpeg","og:image:width":1456,"og:image:height":816,"article:published_time":"2024-03-26T14:47:49+00:00","article:modified_time":"2024-04-16T13:22:01+00:00","twitter:card":"summary_large_image","twitter:title":"Xiaomi Mi Outdoor Camera CW400 - Rucas - Wholesale and Distribution","twitter:description":"4 megapixel ultra-clear picture quality waterproof double head. Intelligent full-color night vision| ip66 dustproof and waterproof. Dual antenna network|two-way talk. Ai human detection|acousto-optical warning|time lapse photography. 4.0 megapixels, 2.5K* ultra-clear image quality, F1.6 large aperture lens with high performance CMOS sensor. Aperture lens with high performance CMOS image sensor. Double head design, horizontal viewing angle of 360 \u00b0, vertical viewing angle of 160 \u00b0. Audible and visual warning. Alarm information is pushed to the cell phone in seconds.","twitter:image":"https:\/\/www.rucashk.com\/wp-content\/uploads\/replace\/503b8e645f128a97ccde2b6290747646.jpeg","schema":{"@context":"https:\/\/schema.org","@graph":[{"@type":"BreadcrumbList","@id":"https:\/\/www.rucashk.com\/pt\/produto\/xiaomi-mi-outdoor-camera-cw400\/#breadcrumblist","itemListElement":[{"@type":"ListItem","@id":"https:\/\/www.rucashk.com\/pt\/#listItem","position":1,"name":"Home","item":"https:\/\/www.rucashk.com\/pt\/","nextItem":"https:\/\/www.rucashk.com\/pt\/produto\/xiaomi-mi-outdoor-camera-cw400\/#listItem"},{"@type":"ListItem","@id":"https:\/\/www.rucashk.com\/pt\/produto\/xiaomi-mi-outdoor-camera-cw400\/#listItem","position":2,"name":"Xiaomi Mi Outdoor Camera CW400","previousItem":"https:\/\/www.rucashk.com\/pt\/#listItem"}]},{"@type":"Organization","@id":"https:\/\/www.rucashk.com\/pt\/#organization","name":"Rucas","url":"https:\/\/www.rucashk.com\/pt\/","logo":{"@type":"ImageObject","url":"https:\/\/www.rucashk.com\/wp-content\/uploads\/2023\/12\/Rucas_campany_logo.png","@id":"https:\/\/www.rucashk.com\/pt\/produto\/xiaomi-mi-outdoor-camera-cw400\/#organizationLogo","width":221,"height":65},"image":{"@id":"https:\/\/www.rucashk.com\/pt\/#organizationLogo"}},{"@type":"Person","@id":"https:\/\/www.rucashk.com\/pt\/author\/admin\/#author","url":"https:\/\/www.rucashk.com\/pt\/author\/admin\/","name":"admin","image":{"@type":"ImageObject","@id":"https:\/\/www.rucashk.com\/pt\/produto\/xiaomi-mi-outdoor-camera-cw400\/#authorImage","url":"https:\/\/secure.gravatar.com\/avatar\/b7c8925b09a27e72b30232f8ecaadbd5af0f70a38c78096863fe51b64f031c24?s=96&d=mm&r=g","width":96,"height":96,"caption":"admin"}},{"@type":"WebPage","@id":"https:\/\/www.rucashk.com\/pt\/produto\/xiaomi-mi-outdoor-camera-cw400\/#webpage","url":"https:\/\/www.rucashk.com\/pt\/produto\/xiaomi-mi-outdoor-camera-cw400\/","name":"Xiaomi Mi Outdoor Camera CW400 - Rucas - Wholesale and Distribution","description":"4 megapixel ultra-clear picture quality waterproof double head. Intelligent full-color night vision| ip66 dustproof and waterproof. Dual antenna network|two-way talk. Ai human detection|acousto-optical warning|time lapse photography. 4.0 megapixels, 2.5K* ultra-clear image quality, F1.6 large aperture lens with high performance CMOS sensor. Aperture lens with high performance CMOS image sensor. Double head design, horizontal viewing angle of 360 \u00b0, vertical viewing angle of 160 \u00b0. Audible and visual warning. Alarm information is pushed to the cell phone in seconds.","inLanguage":"pt-PT","isPartOf":{"@id":"https:\/\/www.rucashk.com\/pt\/#website"},"breadcrumb":{"@id":"https:\/\/www.rucashk.com\/pt\/produto\/xiaomi-mi-outdoor-camera-cw400\/#breadcrumblist"},"author":{"@id":"https:\/\/www.rucashk.com\/pt\/author\/admin\/#author"},"creator":{"@id":"https:\/\/www.rucashk.com\/pt\/author\/admin\/#author"},"image":{"@type":"ImageObject","url":"https:\/\/www.rucashk.com\/wp-content\/uploads\/2024\/03\/c7c544e8391c047976e01bacb20cabd9.png","@id":"https:\/\/www.rucashk.com\/pt\/produto\/xiaomi-mi-outdoor-camera-cw400\/#mainImage","width":860,"height":900},"primaryImageOfPage":{"@id":"https:\/\/www.rucashk.com\/pt\/produto\/xiaomi-mi-outdoor-camera-cw400\/#mainImage"},"datePublished":"2024-03-26T14:47:49+00:00","dateModified":"2024-04-16T13:22:01+00:00"},{"@type":"WebSite","@id":"https:\/\/www.rucashk.com\/pt\/#website","url":"https:\/\/www.rucashk.com\/pt\/","name":"Rucas - Wholesale and distribution worldwide","alternateName":"Rucas - One-stop AIoT Distribution Worldwide","description":"One-stop AIoT Distribution Worldwide","inLanguage":"pt-PT","publisher":{"@id":"https:\/\/www.rucashk.com\/pt\/#organization"}}]}},"aioseo_meta_data":{"post_id":"39896","title":null,"description":null,"keywords":null,"keyphrases":null,"primary_term":null,"canonical_url":null,"og_title":null,"og_description":null,"og_object_type":"default","og_image_type":"default","og_image_url":null,"og_image_width":null,"og_image_height":null,"og_image_custom_url":null,"og_image_custom_fields":null,"og_video":null,"og_custom_url":null,"og_article_section":null,"og_article_tags":null,"twitter_use_og":false,"twitter_card":"default","twitter_image_type":"default","twitter_image_url":null,"twitter_image_custom_url":null,"twitter_image_custom_fields":null,"twitter_title":null,"twitter_description":null,"schema":{"blockGraphs":[],"customGraphs":[],"default":{"data":{"Article":[],"Course":[],"Dataset":[],"FAQPage":[],"Movie":[],"Person":[],"Product":[],"Recipe":[],"Service":[],"SoftwareApplication":[],"WebPage":[]},"graphName":"","isEnabled":true},"graphs":[]},"schema_type":"default","schema_type_options":null,"pillar_content":false,"robots_default":true,"robots_noindex":false,"robots_noarchive":false,"robots_nosnippet":false,"robots_nofollow":false,"robots_noimageindex":false,"robots_noodp":false,"robots_notranslate":false,"robots_max_snippet":null,"robots_max_videopreview":null,"robots_max_imagepreview":"large","priority":null,"frequency":null,"local_seo":null,"breadcrumb_settings":null,"limit_modified_date":false,"created":"2024-04-11 01:57:23","updated":"2025-06-22 18:53:54"},"aioseo_breadcrumb":"<div class=\"aioseo-breadcrumbs\"><span class=\"aioseo-breadcrumb\">\n\t<a href=\"https:\/\/www.rucashk.com\/pt\" title=\"Home\">Home<\/a>\n<\/span><span class=\"aioseo-breadcrumb-separator\">&raquo;<\/span><span class=\"aioseo-breadcrumb\">\n\t<a href=\"https:\/\/www.rucashk.com\/pt\/products\/\" title=\"Produtos\">Produtos<\/a>\n<\/span><span class=\"aioseo-breadcrumb-separator\">&raquo;<\/span><span class=\"aioseo-breadcrumb\">\n\t<a href=\"https:\/\/www.rucashk.com\/pt\/marca\/xiaomi\/\" title=\"Xiaomi\">Xiaomi<\/a>\n<\/span><span class=\"aioseo-breadcrumb-separator\">&raquo;<\/span><span class=\"aioseo-breadcrumb\">\n\tXiaomi Mi Outdoor Camera CW400\n<\/span><\/div>","aioseo_breadcrumb_json":[{"label":"Home","link":"https:\/\/www.rucashk.com\/pt"},{"label":"Produtos","link":"https:\/\/www.rucashk.com\/pt\/products\/"},{"label":"Xiaomi","link":"https:\/\/www.rucashk.com\/pt\/marca\/xiaomi\/"},{"label":"Xiaomi Mi Outdoor Camera CW400","link":"https:\/\/www.rucashk.com\/pt\/produto\/xiaomi-mi-outdoor-camera-cw400\/"}],"_links":{"self":[{"href":"https:\/\/www.rucashk.com\/pt\/wp-json\/wp\/v2\/product\/39896","targetHints":{"allow":["GET"]}}],"collection":[{"href":"https:\/\/www.rucashk.com\/pt\/wp-json\/wp\/v2\/product"}],"about":[{"href":"https:\/\/www.rucashk.com\/pt\/wp-json\/wp\/v2\/types\/product"}],"wp:featuredmedia":[{"embeddable":true,"href":"https:\/\/www.rucashk.com\/pt\/wp-json\/wp\/v2\/media\/39904"}],"wp:attachment":[{"href":"https:\/\/www.rucashk.com\/pt\/wp-json\/wp\/v2\/media?parent=39896"}],"wp:term":[{"taxonomy":"product_brand","embeddable":true,"href":"https:\/\/www.rucashk.com\/pt\/wp-json\/wp\/v2\/product_brand?post=39896"},{"taxonomy":"product_cat","embeddable":true,"href":"https:\/\/www.rucashk.com\/pt\/wp-json\/wp\/v2\/product_cat?post=39896"},{"taxonomy":"product_tag","embeddable":true,"href":"https:\/\/www.rucashk.com\/pt\/wp-json\/wp\/v2\/product_tag?post=39896"}],"curies":[{"name":"wp","href":"https:\/\/api.w.org\/{rel}","templated":true}]}}