{"id":39878,"date":"2024-03-26T14:23:54","date_gmt":"2024-03-26T14:23:54","guid":{"rendered":"http:\/\/rucashk.com\/?post_type=product&#038;p=39878"},"modified":"2024-03-26T14:23:56","modified_gmt":"2024-03-26T14:23:56","slug":"xiaomi-c200-ip-surveillance-smart-camera","status":"publish","type":"product","link":"https:\/\/www.rucashk.com\/pt\/produto\/xiaomi-c200-ip-surveillance-smart-camera\/","title":{"rendered":"C\u00e2mera inteligente de vigil\u00e2ncia IP Xiaomi C200"},"content":{"rendered":"<p><img decoding=\"async\" alt=\"Xiaomi C200 IP Surveillance Smart Camera\" src=\"\/wp-content\/uploads\/replace\/e99e2407d4135c582648ab9ce6767ee2.jpeg\" \/><img decoding=\"async\" alt=\"Xiaomi C200 IP Surveillance Smart Camera\" src=\"\/wp-content\/uploads\/replace\/faa03d9db6f43c13cb64153d160b818c.jpeg\" \/><img decoding=\"async\" alt=\"Xiaomi C200 IP Surveillance Smart Camera\" src=\"\/wp-content\/uploads\/replace\/c314121bf864b1e6306dd9a2671b0499.jpeg\" \/><img decoding=\"async\" alt=\"Xiaomi C200 IP Surveillance Smart Camera\" src=\"\/wp-content\/uploads\/replace\/b1f3a38e12d249ac4a3216b943f78432.jpeg\" \/><img decoding=\"async\" alt=\"Xiaomi C200 IP Surveillance Smart Camera\" src=\"\/wp-content\/uploads\/replace\/bb8ff8a84e1e79b881ac693fccb5cc2c.jpeg\" \/><\/p>\n<p>A c\u00e2mera Wi-Fi inteligente Xiaomi Mi C200 360\u00b0 1080P Home Security vem com recursos excelentes. A c\u00e2mera inteligente possui uma vis\u00e3o panor\u00e2mica de 360 graus. Possui vers\u00e3o noturna infravermelha. Toda tecnologia de detec\u00e7\u00e3o humana \u00e9 usada nesta c\u00e2mera. A resolu\u00e7\u00e3o da c\u00e2mera \u00e9 1920 x 1080p. Isso d\u00e1 ao usu\u00e1rio um v\u00eddeo full HD n\u00edtido e suave. Esta c\u00e2mera inteligente suporta a tecnologia WDR e permite um desempenho perfeito com pouca luz. Prote\u00e7\u00e3o de privacidade A c\u00e2mera Wifi Xiaomi Mi C200 possui armazenamento em nuvem. Ele usa AES, que \u00e9 um padr\u00e3o de criptografia avan\u00e7ado de 128 bits para armazenamento seguro em nuvem. Aqui, toda a transmiss\u00e3o de dados \u00e9 criptografada, proporcionando prote\u00e7\u00e3o segura \u00e0 privacidade. Tecnologia AI A C\u00e2mera Inteligente Xiaomi C200 usa tecnologia AI que a torna excelente. O controle de voz inteligente \u00e9 usado nesta c\u00e2mera. Uma fun\u00e7\u00e3o inteligente de controle de voz est\u00e1 dispon\u00edvel no alto-falante inteligente que funciona com Amazon Alexa ou Google Assistant. Outro recurso incr\u00edvel \u00e9 a detec\u00e7\u00e3o humana. Aqui \u00e9 usada tecnologia de aprendizado profundo que pode filtrar perfeitamente os alarmes inv\u00e1lidos. E torna o alarme mais preciso. Vida segura com monitoramento panor\u00e2mico de zoom panor\u00e2mico de 360\u00b0 A c\u00e2mera inteligente Xiaomi Mi C200 possui um motor pan-tilt-zoom de eixo duplo, com um \u00e2ngulo de vis\u00e3o horizontal de 360\u00b0 e um \u00e2ngulo de vis\u00e3o vertical de 106\u00b0. Esta c\u00e2mera suporta velocidade de 16x para localizar v\u00eddeo no armazenamento. A c\u00e2mera pode ser montada em uma mesa, janela, teto ou parede e vem pr\u00e9-instalada com uma base girat\u00f3ria.<\/p>\n<p>&nbsp;<\/p>","protected":false},"excerpt":{"rendered":"<p>&#8211; 2K ultra-clear HD*, fully upgraded image quality.<br \/>\n&#8211; F1.4 large aperture for clear picture even under low-light conditions.<br \/>\n&#8211; Upgraded 6P lens for a higher-quality display.<br \/>\n&#8211; Clear images even in low-light.<br \/>\n&#8211; Display camera video output on your device<\/p>","protected":false},"featured_media":39883,"template":"","meta":[],"product_brand":[1363],"product_cat":[1316,1305],"product_tag":[],"class_list":{"0":"post-39878","1":"product","2":"type-product","3":"status-publish","4":"has-post-thumbnail","6":"product_brand-xiaomi","7":"product_cat-mi-camera","8":"product_cat-xiaomi-eco","10":"first","11":"instock","12":"shipping-taxable","13":"product-type-simple"},"aioseo_notices":[],"aioseo_head":"\n\t\t<!-- All in One SEO Pro 4.5.9.2 - aioseo.com -->\n\t\t<meta name=\"description\" content=\"- 2K ultra-clear HD*, fully upgraded image quality. - F1.4 large aperture for clear picture even under low-light conditions. - Upgraded 6P lens for a higher-quality display. - Clear images even in low-light. - Display camera video output on your device\" \/>\n\t\t<meta name=\"robots\" content=\"max-image-preview:large\" \/>\n\t\t<link rel=\"canonical\" href=\"https:\/\/www.rucashk.com\/pt\/produto\/xiaomi-c200-ip-surveillance-smart-camera\/\" \/>\n\t\t<meta name=\"generator\" content=\"All in One SEO Pro (AIOSEO) 4.5.9.2\" \/>\n\t\t<meta property=\"og:locale\" content=\"pt_PT\" \/>\n\t\t<meta property=\"og:site_name\" content=\"Rucas - One-stop AIoT Distribution Worldwide\" \/>\n\t\t<meta property=\"og:type\" content=\"article\" \/>\n\t\t<meta property=\"og:title\" content=\"Xiaomi C200 IP Surveillance Smart Camera - Rucas - Wholesale and Distribution\" \/>\n\t\t<meta property=\"og:description\" content=\"- 2K ultra-clear HD*, fully upgraded image quality. - F1.4 large aperture for clear picture even under low-light conditions. - Upgraded 6P lens for a higher-quality display. - Clear images even in low-light. - Display camera video output on your device\" \/>\n\t\t<meta property=\"og:url\" content=\"https:\/\/www.rucashk.com\/pt\/produto\/xiaomi-c200-ip-surveillance-smart-camera\/\" \/>\n\t\t<meta property=\"og:image\" content=\"https:\/\/www.rucashk.com\/wp-content\/uploads\/replace\/503b8e645f128a97ccde2b6290747646.jpeg\" \/>\n\t\t<meta property=\"og:image:secure_url\" content=\"https:\/\/www.rucashk.com\/wp-content\/uploads\/replace\/503b8e645f128a97ccde2b6290747646.jpeg\" \/>\n\t\t<meta property=\"og:image:width\" content=\"1456\" \/>\n\t\t<meta property=\"og:image:height\" content=\"816\" \/>\n\t\t<meta property=\"article:published_time\" content=\"2024-03-26T14:23:54+00:00\" \/>\n\t\t<meta property=\"article:modified_time\" content=\"2024-03-26T14:23:56+00:00\" \/>\n\t\t<meta name=\"twitter:card\" content=\"summary_large_image\" \/>\n\t\t<meta name=\"twitter:title\" content=\"Xiaomi C200 IP Surveillance Smart Camera - Rucas - Wholesale and Distribution\" \/>\n\t\t<meta name=\"twitter:description\" content=\"- 2K ultra-clear HD*, fully upgraded image quality. - F1.4 large aperture for clear picture even under low-light conditions. - Upgraded 6P lens for a higher-quality display. - Clear images even in low-light. - Display camera video output on your device\" \/>\n\t\t<meta name=\"twitter:image\" content=\"https:\/\/www.rucashk.com\/wp-content\/uploads\/replace\/503b8e645f128a97ccde2b6290747646.jpeg\" \/>\n\t\t<script type=\"application\/ld+json\" class=\"aioseo-schema\">\n\t\t\t{\"@context\":\"https:\\\/\\\/schema.org\",\"@graph\":[{\"@type\":\"BreadcrumbList\",\"@id\":\"https:\\\/\\\/www.rucashk.com\\\/pt\\\/produto\\\/xiaomi-c200-ip-surveillance-smart-camera\\\/#breadcrumblist\",\"itemListElement\":[{\"@type\":\"ListItem\",\"@id\":\"https:\\\/\\\/www.rucashk.com\\\/pt\\\/#listItem\",\"position\":1,\"name\":\"Home\",\"item\":\"https:\\\/\\\/www.rucashk.com\\\/pt\\\/\",\"nextItem\":\"https:\\\/\\\/www.rucashk.com\\\/pt\\\/produto\\\/xiaomi-c200-ip-surveillance-smart-camera\\\/#listItem\"},{\"@type\":\"ListItem\",\"@id\":\"https:\\\/\\\/www.rucashk.com\\\/pt\\\/produto\\\/xiaomi-c200-ip-surveillance-smart-camera\\\/#listItem\",\"position\":2,\"name\":\"Xiaomi C200 IP Surveillance Smart Camera\",\"previousItem\":\"https:\\\/\\\/www.rucashk.com\\\/pt\\\/#listItem\"}]},{\"@type\":\"Organization\",\"@id\":\"https:\\\/\\\/www.rucashk.com\\\/pt\\\/#organization\",\"name\":\"Rucas\",\"url\":\"https:\\\/\\\/www.rucashk.com\\\/pt\\\/\",\"logo\":{\"@type\":\"ImageObject\",\"url\":\"https:\\\/\\\/www.rucashk.com\\\/wp-content\\\/uploads\\\/2023\\\/12\\\/Rucas_campany_logo.png\",\"@id\":\"https:\\\/\\\/www.rucashk.com\\\/pt\\\/produto\\\/xiaomi-c200-ip-surveillance-smart-camera\\\/#organizationLogo\",\"width\":221,\"height\":65},\"image\":{\"@id\":\"https:\\\/\\\/www.rucashk.com\\\/pt\\\/#organizationLogo\"}},{\"@type\":\"Person\",\"@id\":\"https:\\\/\\\/www.rucashk.com\\\/pt\\\/author\\\/admin\\\/#author\",\"url\":\"https:\\\/\\\/www.rucashk.com\\\/pt\\\/author\\\/admin\\\/\",\"name\":\"admin\",\"image\":{\"@type\":\"ImageObject\",\"@id\":\"https:\\\/\\\/www.rucashk.com\\\/pt\\\/produto\\\/xiaomi-c200-ip-surveillance-smart-camera\\\/#authorImage\",\"url\":\"https:\\\/\\\/secure.gravatar.com\\\/avatar\\\/b7c8925b09a27e72b30232f8ecaadbd5af0f70a38c78096863fe51b64f031c24?s=96&d=mm&r=g\",\"width\":96,\"height\":96,\"caption\":\"admin\"}},{\"@type\":\"WebPage\",\"@id\":\"https:\\\/\\\/www.rucashk.com\\\/pt\\\/produto\\\/xiaomi-c200-ip-surveillance-smart-camera\\\/#webpage\",\"url\":\"https:\\\/\\\/www.rucashk.com\\\/pt\\\/produto\\\/xiaomi-c200-ip-surveillance-smart-camera\\\/\",\"name\":\"Xiaomi C200 IP Surveillance Smart Camera - Rucas - Wholesale and Distribution\",\"description\":\"- 2K ultra-clear HD*, fully upgraded image quality. - F1.4 large aperture for clear picture even under low-light conditions. - Upgraded 6P lens for a higher-quality display. - Clear images even in low-light. - Display camera video output on your device\",\"inLanguage\":\"pt-PT\",\"isPartOf\":{\"@id\":\"https:\\\/\\\/www.rucashk.com\\\/pt\\\/#website\"},\"breadcrumb\":{\"@id\":\"https:\\\/\\\/www.rucashk.com\\\/pt\\\/produto\\\/xiaomi-c200-ip-surveillance-smart-camera\\\/#breadcrumblist\"},\"author\":{\"@id\":\"https:\\\/\\\/www.rucashk.com\\\/pt\\\/author\\\/admin\\\/#author\"},\"creator\":{\"@id\":\"https:\\\/\\\/www.rucashk.com\\\/pt\\\/author\\\/admin\\\/#author\"},\"image\":{\"@type\":\"ImageObject\",\"url\":\"https:\\\/\\\/www.rucashk.com\\\/wp-content\\\/uploads\\\/2024\\\/03\\\/ed15eeec6baa752b5a98327c4d004dff.png\",\"@id\":\"https:\\\/\\\/www.rucashk.com\\\/pt\\\/produto\\\/xiaomi-c200-ip-surveillance-smart-camera\\\/#mainImage\",\"width\":860,\"height\":900},\"primaryImageOfPage\":{\"@id\":\"https:\\\/\\\/www.rucashk.com\\\/pt\\\/produto\\\/xiaomi-c200-ip-surveillance-smart-camera\\\/#mainImage\"},\"datePublished\":\"2024-03-26T14:23:54+00:00\",\"dateModified\":\"2024-03-26T14:23:56+00:00\"},{\"@type\":\"WebSite\",\"@id\":\"https:\\\/\\\/www.rucashk.com\\\/pt\\\/#website\",\"url\":\"https:\\\/\\\/www.rucashk.com\\\/pt\\\/\",\"name\":\"Rucas - Wholesale and distribution worldwide\",\"alternateName\":\"Rucas - One-stop AIoT Distribution Worldwide\",\"description\":\"One-stop AIoT Distribution Worldwide\",\"inLanguage\":\"pt-PT\",\"publisher\":{\"@id\":\"https:\\\/\\\/www.rucashk.com\\\/pt\\\/#organization\"}}]}\n\t\t<\/script>\n\t\t<!-- All in One SEO Pro -->\r\n\t\t<title>Xiaomi C200 IP Surveillance Smart Camera - Rucas - Wholesale and Distribution<\/title>\n\n","aioseo_head_json":{"title":"Xiaomi C200 IP Surveillance Smart Camera - Rucas - Wholesale and Distribution","description":"- 2K ultra-clear HD*, fully upgraded image quality. - F1.4 large aperture for clear picture even under low-light conditions. - Upgraded 6P lens for a higher-quality display. - Clear images even in low-light. - Display camera video output on your device","canonical_url":"https:\/\/www.rucashk.com\/pt\/produto\/xiaomi-c200-ip-surveillance-smart-camera\/","robots":"max-image-preview:large","keywords":"","webmasterTools":{"miscellaneous":""},"og:locale":"pt_PT","og:site_name":"Rucas - One-stop AIoT Distribution Worldwide","og:type":"article","og:title":"Xiaomi C200 IP Surveillance Smart Camera - Rucas - Wholesale and Distribution","og:description":"- 2K ultra-clear HD*, fully upgraded image quality. - F1.4 large aperture for clear picture even under low-light conditions. - Upgraded 6P lens for a higher-quality display. - Clear images even in low-light. - Display camera video output on your device","og:url":"https:\/\/www.rucashk.com\/pt\/produto\/xiaomi-c200-ip-surveillance-smart-camera\/","og:image":"https:\/\/www.rucashk.com\/wp-content\/uploads\/replace\/503b8e645f128a97ccde2b6290747646.jpeg","og:image:secure_url":"https:\/\/www.rucashk.com\/wp-content\/uploads\/replace\/503b8e645f128a97ccde2b6290747646.jpeg","og:image:width":1456,"og:image:height":816,"article:published_time":"2024-03-26T14:23:54+00:00","article:modified_time":"2024-03-26T14:23:56+00:00","twitter:card":"summary_large_image","twitter:title":"Xiaomi C200 IP Surveillance Smart Camera - Rucas - Wholesale and Distribution","twitter:description":"- 2K ultra-clear HD*, fully upgraded image quality. - F1.4 large aperture for clear picture even under low-light conditions. - Upgraded 6P lens for a higher-quality display. - Clear images even in low-light. - Display camera video output on your device","twitter:image":"https:\/\/www.rucashk.com\/wp-content\/uploads\/replace\/503b8e645f128a97ccde2b6290747646.jpeg","schema":{"@context":"https:\/\/schema.org","@graph":[{"@type":"BreadcrumbList","@id":"https:\/\/www.rucashk.com\/pt\/produto\/xiaomi-c200-ip-surveillance-smart-camera\/#breadcrumblist","itemListElement":[{"@type":"ListItem","@id":"https:\/\/www.rucashk.com\/pt\/#listItem","position":1,"name":"Home","item":"https:\/\/www.rucashk.com\/pt\/","nextItem":"https:\/\/www.rucashk.com\/pt\/produto\/xiaomi-c200-ip-surveillance-smart-camera\/#listItem"},{"@type":"ListItem","@id":"https:\/\/www.rucashk.com\/pt\/produto\/xiaomi-c200-ip-surveillance-smart-camera\/#listItem","position":2,"name":"Xiaomi C200 IP Surveillance Smart Camera","previousItem":"https:\/\/www.rucashk.com\/pt\/#listItem"}]},{"@type":"Organization","@id":"https:\/\/www.rucashk.com\/pt\/#organization","name":"Rucas","url":"https:\/\/www.rucashk.com\/pt\/","logo":{"@type":"ImageObject","url":"https:\/\/www.rucashk.com\/wp-content\/uploads\/2023\/12\/Rucas_campany_logo.png","@id":"https:\/\/www.rucashk.com\/pt\/produto\/xiaomi-c200-ip-surveillance-smart-camera\/#organizationLogo","width":221,"height":65},"image":{"@id":"https:\/\/www.rucashk.com\/pt\/#organizationLogo"}},{"@type":"Person","@id":"https:\/\/www.rucashk.com\/pt\/author\/admin\/#author","url":"https:\/\/www.rucashk.com\/pt\/author\/admin\/","name":"admin","image":{"@type":"ImageObject","@id":"https:\/\/www.rucashk.com\/pt\/produto\/xiaomi-c200-ip-surveillance-smart-camera\/#authorImage","url":"https:\/\/secure.gravatar.com\/avatar\/b7c8925b09a27e72b30232f8ecaadbd5af0f70a38c78096863fe51b64f031c24?s=96&d=mm&r=g","width":96,"height":96,"caption":"admin"}},{"@type":"WebPage","@id":"https:\/\/www.rucashk.com\/pt\/produto\/xiaomi-c200-ip-surveillance-smart-camera\/#webpage","url":"https:\/\/www.rucashk.com\/pt\/produto\/xiaomi-c200-ip-surveillance-smart-camera\/","name":"Xiaomi C200 IP Surveillance Smart Camera - Rucas - Wholesale and Distribution","description":"- 2K ultra-clear HD*, fully upgraded image quality. - F1.4 large aperture for clear picture even under low-light conditions. - Upgraded 6P lens for a higher-quality display. - Clear images even in low-light. - Display camera video output on your device","inLanguage":"pt-PT","isPartOf":{"@id":"https:\/\/www.rucashk.com\/pt\/#website"},"breadcrumb":{"@id":"https:\/\/www.rucashk.com\/pt\/produto\/xiaomi-c200-ip-surveillance-smart-camera\/#breadcrumblist"},"author":{"@id":"https:\/\/www.rucashk.com\/pt\/author\/admin\/#author"},"creator":{"@id":"https:\/\/www.rucashk.com\/pt\/author\/admin\/#author"},"image":{"@type":"ImageObject","url":"https:\/\/www.rucashk.com\/wp-content\/uploads\/2024\/03\/ed15eeec6baa752b5a98327c4d004dff.png","@id":"https:\/\/www.rucashk.com\/pt\/produto\/xiaomi-c200-ip-surveillance-smart-camera\/#mainImage","width":860,"height":900},"primaryImageOfPage":{"@id":"https:\/\/www.rucashk.com\/pt\/produto\/xiaomi-c200-ip-surveillance-smart-camera\/#mainImage"},"datePublished":"2024-03-26T14:23:54+00:00","dateModified":"2024-03-26T14:23:56+00:00"},{"@type":"WebSite","@id":"https:\/\/www.rucashk.com\/pt\/#website","url":"https:\/\/www.rucashk.com\/pt\/","name":"Rucas - Wholesale and distribution worldwide","alternateName":"Rucas - One-stop AIoT Distribution Worldwide","description":"One-stop AIoT Distribution Worldwide","inLanguage":"pt-PT","publisher":{"@id":"https:\/\/www.rucashk.com\/pt\/#organization"}}]}},"aioseo_meta_data":{"post_id":"39878","title":null,"description":null,"keywords":null,"keyphrases":null,"primary_term":null,"canonical_url":null,"og_title":null,"og_description":null,"og_object_type":"default","og_image_type":"default","og_image_url":null,"og_image_width":null,"og_image_height":null,"og_image_custom_url":null,"og_image_custom_fields":null,"og_video":null,"og_custom_url":null,"og_article_section":null,"og_article_tags":null,"twitter_use_og":false,"twitter_card":"default","twitter_image_type":"default","twitter_image_url":null,"twitter_image_custom_url":null,"twitter_image_custom_fields":null,"twitter_title":null,"twitter_description":null,"schema":{"blockGraphs":[],"customGraphs":[],"default":{"data":{"Article":[],"Course":[],"Dataset":[],"FAQPage":[],"Movie":[],"Person":[],"Product":[],"Recipe":[],"Service":[],"SoftwareApplication":[],"WebPage":[]},"graphName":"","isEnabled":true},"graphs":[]},"schema_type":"default","schema_type_options":null,"pillar_content":false,"robots_default":true,"robots_noindex":false,"robots_noarchive":false,"robots_nosnippet":false,"robots_nofollow":false,"robots_noimageindex":false,"robots_noodp":false,"robots_notranslate":false,"robots_max_snippet":null,"robots_max_videopreview":null,"robots_max_imagepreview":"large","priority":null,"frequency":null,"local_seo":null,"breadcrumb_settings":null,"limit_modified_date":false,"created":"2024-04-11 01:57:23","updated":"2025-06-22 18:52:58"},"aioseo_breadcrumb":"<div class=\"aioseo-breadcrumbs\"><span class=\"aioseo-breadcrumb\">\n\t<a href=\"https:\/\/www.rucashk.com\/pt\" title=\"Home\">Home<\/a>\n<\/span><span class=\"aioseo-breadcrumb-separator\">&raquo;<\/span><span class=\"aioseo-breadcrumb\">\n\t<a href=\"https:\/\/www.rucashk.com\/pt\/products\/\" title=\"Produtos\">Produtos<\/a>\n<\/span><span class=\"aioseo-breadcrumb-separator\">&raquo;<\/span><span class=\"aioseo-breadcrumb\">\n\t<a href=\"https:\/\/www.rucashk.com\/pt\/marca\/xiaomi\/\" title=\"Xiaomi\">Xiaomi<\/a>\n<\/span><span class=\"aioseo-breadcrumb-separator\">&raquo;<\/span><span class=\"aioseo-breadcrumb\">\n\tXiaomi C200 IP Surveillance Smart Camera\n<\/span><\/div>","aioseo_breadcrumb_json":[{"label":"Home","link":"https:\/\/www.rucashk.com\/pt"},{"label":"Produtos","link":"https:\/\/www.rucashk.com\/pt\/products\/"},{"label":"Xiaomi","link":"https:\/\/www.rucashk.com\/pt\/marca\/xiaomi\/"},{"label":"Xiaomi C200 IP Surveillance Smart Camera","link":"https:\/\/www.rucashk.com\/pt\/produto\/xiaomi-c200-ip-surveillance-smart-camera\/"}],"_links":{"self":[{"href":"https:\/\/www.rucashk.com\/pt\/wp-json\/wp\/v2\/product\/39878","targetHints":{"allow":["GET"]}}],"collection":[{"href":"https:\/\/www.rucashk.com\/pt\/wp-json\/wp\/v2\/product"}],"about":[{"href":"https:\/\/www.rucashk.com\/pt\/wp-json\/wp\/v2\/types\/product"}],"wp:featuredmedia":[{"embeddable":true,"href":"https:\/\/www.rucashk.com\/pt\/wp-json\/wp\/v2\/media\/39883"}],"wp:attachment":[{"href":"https:\/\/www.rucashk.com\/pt\/wp-json\/wp\/v2\/media?parent=39878"}],"wp:term":[{"taxonomy":"product_brand","embeddable":true,"href":"https:\/\/www.rucashk.com\/pt\/wp-json\/wp\/v2\/product_brand?post=39878"},{"taxonomy":"product_cat","embeddable":true,"href":"https:\/\/www.rucashk.com\/pt\/wp-json\/wp\/v2\/product_cat?post=39878"},{"taxonomy":"product_tag","embeddable":true,"href":"https:\/\/www.rucashk.com\/pt\/wp-json\/wp\/v2\/product_tag?post=39878"}],"curies":[{"name":"wp","href":"https:\/\/api.w.org\/{rel}","templated":true}]}}