{"id":39866,"date":"2024-03-26T14:07:40","date_gmt":"2024-03-26T14:07:40","guid":{"rendered":"http:\/\/rucashk.com\/?post_type=product&#038;p=39866"},"modified":"2024-04-16T13:22:04","modified_gmt":"2024-04-16T13:22:04","slug":"xiaomi-mi-camera-2k-magnetic-mount","status":"publish","type":"product","link":"https:\/\/www.rucashk.com\/pt\/produto\/xiaomi-mi-camera-2k-magnetic-mount\/","title":{"rendered":"Suporte Magn\u00e9tico Xiaomi Mi Camera 2K"},"content":{"rendered":"<p><img fetchpriority=\"high\" decoding=\"async\" class=\"alignnone size-full wp-image-39867\" src=\"http:\/\/rucashk.com\/wp-content\/uploads\/replace\/e91e829530e281d45fb65752cd604acb.jpeg\" alt=\"Xiaomi Mi Camera 2K Magnetic Mount\" width=\"1537\" height=\"770\" \/> <img decoding=\"async\" class=\"alignnone size-full wp-image-39868\" src=\"http:\/\/rucashk.com\/wp-content\/uploads\/replace\/edc92edeecd8f22a0611cd99712fb62b.jpeg\" alt=\"Xiaomi Mi Camera 2K Magnetic Mount\" width=\"1531\" height=\"776\" \/> <img decoding=\"async\" class=\"alignnone size-full wp-image-39869\" src=\"http:\/\/rucashk.com\/wp-content\/uploads\/replace\/6f53cc7a16564dd460b08c323ccf0934.jpeg\" alt=\"Xiaomi Mi Camera 2K Magnetic Mount\" width=\"1540\" height=\"830\" \/> <img loading=\"lazy\" decoding=\"async\" class=\"alignnone size-full wp-image-39870\" src=\"http:\/\/rucashk.com\/wp-content\/uploads\/replace\/dd9adc240ae6591bbd7300a30f00cd19.jpeg\" alt=\"Xiaomi Mi Camera 2K Magnetic Mount\" width=\"1539\" height=\"863\" \/> <img loading=\"lazy\" decoding=\"async\" class=\"alignnone size-full wp-image-39871\" src=\"http:\/\/rucashk.com\/wp-content\/uploads\/replace\/f0a0528306c11ec5159dc182679b53d8.jpeg\" alt=\"Xiaomi Mi Camera 2K Magnetic Mount\" width=\"1541\" height=\"770\" \/> <img loading=\"lazy\" decoding=\"async\" class=\"alignnone size-full wp-image-39872\" src=\"http:\/\/rucashk.com\/wp-content\/uploads\/replace\/7e1e8acf56b2ae47bc59ad1eb0d2b412.jpeg\" alt=\"Xiaomi Mi Camera 2K Magnetic Mount\" width=\"1535\" height=\"634\" \/> <img loading=\"lazy\" decoding=\"async\" class=\"alignnone size-full wp-image-39873\" src=\"http:\/\/rucashk.com\/wp-content\/uploads\/replace\/e4391e22a5825483fa3d6a5f77772914.jpeg\" alt=\"Xiaomi Mi Camera 2K Magnetic Mount\" width=\"1538\" height=\"565\" \/><br \/>\nO suporte magn\u00e9tico Mi Camera 2K oferece tecnologia de c\u00e2mera inovadora. As c\u00e2meras s\u00e3o importantes para a seguran\u00e7a da sua fam\u00edlia. A principal caracter\u00edstica do Mi Camera 2K \u00e9 a qualidade de imagem. Voc\u00ea pode assistir com efic\u00e1cia em sua casa com sua qualidade de imagem. Voc\u00ea pode instalar a c\u00e2mera em qualquer lugar gra\u00e7as ao seu suporte magn\u00e9tico. Voc\u00ea pode instal\u00e1-lo em seus ber\u00e7os. Ent\u00e3o, Mi Camera pode ser um dos\u00a0<a href=\"https:\/\/xiaomiui.net\/best-xiaomi-products-for-your-child-26892\/\">melhores produtos Xiaomi para o seu filho<\/a>.<\/p>\n<p>Estas s\u00e3o as principais caracter\u00edsticas do suporte magn\u00e9tico Mi Camera 2K:<\/p>\n<p>\u3010Resolu\u00e7\u00e3o 2K integrada em um dispositivo min\u00fasculo\u3011 atualiza\u00e7\u00e3o para 1296p (3 megapixels)<br \/>\n\u3010Vis\u00e3o noturna n\u00edtida de 940 nm\u3011 sem brilho vermelho vis\u00edvel<br \/>\n\u3010Chamadas de voz bidirecionais\u3011 alto-falante mais alto e claro<br \/>\n\u3010Controle inteligente com voz\u3011 suporte ao Google Assistant, permite emparelhar com o mi smart clock para visualizar a sa\u00edda de v\u00eddeo em tempo real!<br \/>\n\u3010Detec\u00e7\u00e3o humana AI\u3011 filtra eficazmente alarmes falsos<br \/>\n\u3010Montagem magn\u00e9tica girat\u00f3ria de 180 \u00b0\u3011 super f\u00e1cil de instalar, sem mais parafusos e brocas!<br \/>\n\u3010Proteja sua privacidade\u3011 criptografia tripla e armazenamento em v\u00e1rios locais<\/p>\n<p><strong>Recursos de montagem magn\u00e9tica da Mi Camera 2K<\/strong><br \/>\nComo o nome sugere, o suporte magn\u00e9tico Mi Camera 2K \u00e9 uma imagem 2K ultra n\u00edtida e atualizada. Pode ser ampliado sem desfocar. Ele pode capturar imagens com mais detalhes com sua resolu\u00e7\u00e3o de 2304 x 1296. Possui vis\u00e3o noturna n\u00edtida de 940 nm. A vis\u00e3o noturna permite que voc\u00ea observe sua casa mesmo no escuro. Possui ilumina\u00e7\u00e3o infravermelha de 940 nm integrada que n\u00e3o produz brilho vermelho vis\u00edvel. Mi Camera 2K oferece duas formas de armazenamento, como cart\u00e3o micro-SD local e armazenamento em nuvem.<\/p>","protected":false},"excerpt":{"rendered":"<ul>\n<li>Nome do produto: Mi Camera 2K (montagem magn\u00e9tica)<\/li>\n<li>Modelo do produto: MJSXJ03HL<\/li>\n<li>Entrada nominal: 5V\u301c1A<\/li>\n<li>Codifica\u00e7\u00e3o de v\u00eddeo: H.265<\/li>\n<li>Temperatura operacional: -10\u00b0C a 50\u00b0C<\/li>\n<li>Resolu\u00e7\u00e3o: 2304x1296<\/li>\n<li>Dimens\u00f5es do produto: 60 x 48 x 67,5 mm<\/li>\n<li>\u00c2ngulo da lente: 125\u00b0<\/li>\n<li>Conex\u00e3o sem fio: Wi-Fi IEEE 802.11b\/g\/n 2,4 GHz<\/li>\n<li>Armazenamento: cart\u00e3o Micro SD<\/li>\n<li>Compat\u00edvel com: Android 6.0 e iOS 11.0 ou superior<\/li>\n<\/ul>","protected":false},"featured_media":39875,"template":"","meta":[],"product_brand":[1363],"product_cat":[1316,1305],"product_tag":[],"class_list":{"0":"post-39866","1":"product","2":"type-product","3":"status-publish","4":"has-post-thumbnail","6":"product_brand-xiaomi","7":"product_cat-mi-camera","8":"product_cat-xiaomi-eco","10":"first","11":"instock","12":"shipping-taxable","13":"product-type-simple"},"aioseo_notices":[],"aioseo_head":"\n\t\t<!-- All in One SEO Pro 4.5.9.2 - aioseo.com -->\n\t\t<meta name=\"description\" content=\"Product name: Mi Camera 2K (Magnetic Mount) Product model: MJSXJ03HL Rated input: 5V\u301c1A Video encoding: H.265 Operating temperature: -10\u00b0C to 50\u00b0C Resolution: 2304 x 1296 Product dimensions: 60 x 48 x 67.5mm Lens angle: 125\u00b0 Wireless connection: Wi-Fi IEEE 802.11b\/g\/n 2.4GHz Storage: Micro SD card Compatible with: Android 6.0 &amp; iOS 11.0 or above\" \/>\n\t\t<meta name=\"robots\" content=\"max-image-preview:large\" \/>\n\t\t<link rel=\"canonical\" href=\"https:\/\/www.rucashk.com\/pt\/produto\/xiaomi-mi-camera-2k-magnetic-mount\/\" \/>\n\t\t<meta name=\"generator\" content=\"All in One SEO Pro (AIOSEO) 4.5.9.2\" \/>\n\t\t<meta property=\"og:locale\" content=\"pt_PT\" \/>\n\t\t<meta property=\"og:site_name\" content=\"Rucas - One-stop AIoT Distribution Worldwide\" \/>\n\t\t<meta property=\"og:type\" content=\"article\" \/>\n\t\t<meta property=\"og:title\" content=\"Xiaomi Mi Camera 2K Magnetic Mount - Rucas - Wholesale and Distribution\" \/>\n\t\t<meta property=\"og:description\" content=\"Product name: Mi Camera 2K (Magnetic Mount) Product model: MJSXJ03HL Rated input: 5V\u301c1A Video encoding: H.265 Operating temperature: -10\u00b0C to 50\u00b0C Resolution: 2304 x 1296 Product dimensions: 60 x 48 x 67.5mm Lens angle: 125\u00b0 Wireless connection: Wi-Fi IEEE 802.11b\/g\/n 2.4GHz Storage: Micro SD card Compatible with: Android 6.0 &amp; iOS 11.0 or above\" \/>\n\t\t<meta property=\"og:url\" content=\"https:\/\/www.rucashk.com\/pt\/produto\/xiaomi-mi-camera-2k-magnetic-mount\/\" \/>\n\t\t<meta property=\"og:image\" content=\"https:\/\/www.rucashk.com\/wp-content\/uploads\/replace\/503b8e645f128a97ccde2b6290747646.jpeg\" \/>\n\t\t<meta property=\"og:image:secure_url\" content=\"https:\/\/www.rucashk.com\/wp-content\/uploads\/replace\/503b8e645f128a97ccde2b6290747646.jpeg\" \/>\n\t\t<meta property=\"og:image:width\" content=\"1456\" \/>\n\t\t<meta property=\"og:image:height\" content=\"816\" \/>\n\t\t<meta property=\"article:published_time\" content=\"2024-03-26T14:07:40+00:00\" \/>\n\t\t<meta property=\"article:modified_time\" content=\"2024-04-16T13:22:04+00:00\" \/>\n\t\t<meta name=\"twitter:card\" content=\"summary_large_image\" \/>\n\t\t<meta name=\"twitter:title\" content=\"Xiaomi Mi Camera 2K Magnetic Mount - Rucas - Wholesale and Distribution\" \/>\n\t\t<meta name=\"twitter:description\" content=\"Product name: Mi Camera 2K (Magnetic Mount) Product model: MJSXJ03HL Rated input: 5V\u301c1A Video encoding: H.265 Operating temperature: -10\u00b0C to 50\u00b0C Resolution: 2304 x 1296 Product dimensions: 60 x 48 x 67.5mm Lens angle: 125\u00b0 Wireless connection: Wi-Fi IEEE 802.11b\/g\/n 2.4GHz Storage: Micro SD card Compatible with: Android 6.0 &amp; iOS 11.0 or above\" \/>\n\t\t<meta name=\"twitter:image\" content=\"https:\/\/www.rucashk.com\/wp-content\/uploads\/replace\/503b8e645f128a97ccde2b6290747646.jpeg\" \/>\n\t\t<script type=\"application\/ld+json\" class=\"aioseo-schema\">\n\t\t\t{\"@context\":\"https:\\\/\\\/schema.org\",\"@graph\":[{\"@type\":\"BreadcrumbList\",\"@id\":\"https:\\\/\\\/www.rucashk.com\\\/pt\\\/produto\\\/xiaomi-mi-camera-2k-magnetic-mount\\\/#breadcrumblist\",\"itemListElement\":[{\"@type\":\"ListItem\",\"@id\":\"https:\\\/\\\/www.rucashk.com\\\/pt\\\/#listItem\",\"position\":1,\"name\":\"Home\",\"item\":\"https:\\\/\\\/www.rucashk.com\\\/pt\\\/\",\"nextItem\":\"https:\\\/\\\/www.rucashk.com\\\/pt\\\/produto\\\/xiaomi-mi-camera-2k-magnetic-mount\\\/#listItem\"},{\"@type\":\"ListItem\",\"@id\":\"https:\\\/\\\/www.rucashk.com\\\/pt\\\/produto\\\/xiaomi-mi-camera-2k-magnetic-mount\\\/#listItem\",\"position\":2,\"name\":\"Xiaomi Mi Camera 2K Magnetic Mount\",\"previousItem\":\"https:\\\/\\\/www.rucashk.com\\\/pt\\\/#listItem\"}]},{\"@type\":\"Organization\",\"@id\":\"https:\\\/\\\/www.rucashk.com\\\/pt\\\/#organization\",\"name\":\"Rucas\",\"url\":\"https:\\\/\\\/www.rucashk.com\\\/pt\\\/\",\"logo\":{\"@type\":\"ImageObject\",\"url\":\"https:\\\/\\\/www.rucashk.com\\\/wp-content\\\/uploads\\\/2023\\\/12\\\/Rucas_campany_logo.png\",\"@id\":\"https:\\\/\\\/www.rucashk.com\\\/pt\\\/produto\\\/xiaomi-mi-camera-2k-magnetic-mount\\\/#organizationLogo\",\"width\":221,\"height\":65},\"image\":{\"@id\":\"https:\\\/\\\/www.rucashk.com\\\/pt\\\/#organizationLogo\"}},{\"@type\":\"Person\",\"@id\":\"https:\\\/\\\/www.rucashk.com\\\/pt\\\/author\\\/admin\\\/#author\",\"url\":\"https:\\\/\\\/www.rucashk.com\\\/pt\\\/author\\\/admin\\\/\",\"name\":\"admin\",\"image\":{\"@type\":\"ImageObject\",\"@id\":\"https:\\\/\\\/www.rucashk.com\\\/pt\\\/produto\\\/xiaomi-mi-camera-2k-magnetic-mount\\\/#authorImage\",\"url\":\"https:\\\/\\\/secure.gravatar.com\\\/avatar\\\/b7c8925b09a27e72b30232f8ecaadbd5af0f70a38c78096863fe51b64f031c24?s=96&d=mm&r=g\",\"width\":96,\"height\":96,\"caption\":\"admin\"}},{\"@type\":\"WebPage\",\"@id\":\"https:\\\/\\\/www.rucashk.com\\\/pt\\\/produto\\\/xiaomi-mi-camera-2k-magnetic-mount\\\/#webpage\",\"url\":\"https:\\\/\\\/www.rucashk.com\\\/pt\\\/produto\\\/xiaomi-mi-camera-2k-magnetic-mount\\\/\",\"name\":\"Xiaomi Mi Camera 2K Magnetic Mount - Rucas - Wholesale and Distribution\",\"description\":\"Product name: Mi Camera 2K (Magnetic Mount) Product model: MJSXJ03HL Rated input: 5V\\u301c1A Video encoding: H.265 Operating temperature: -10\\u00b0C to 50\\u00b0C Resolution: 2304 x 1296 Product dimensions: 60 x 48 x 67.5mm Lens angle: 125\\u00b0 Wireless connection: Wi-Fi IEEE 802.11b\\\/g\\\/n 2.4GHz Storage: Micro SD card Compatible with: Android 6.0 & iOS 11.0 or above\",\"inLanguage\":\"pt-PT\",\"isPartOf\":{\"@id\":\"https:\\\/\\\/www.rucashk.com\\\/pt\\\/#website\"},\"breadcrumb\":{\"@id\":\"https:\\\/\\\/www.rucashk.com\\\/pt\\\/produto\\\/xiaomi-mi-camera-2k-magnetic-mount\\\/#breadcrumblist\"},\"author\":{\"@id\":\"https:\\\/\\\/www.rucashk.com\\\/pt\\\/author\\\/admin\\\/#author\"},\"creator\":{\"@id\":\"https:\\\/\\\/www.rucashk.com\\\/pt\\\/author\\\/admin\\\/#author\"},\"image\":{\"@type\":\"ImageObject\",\"url\":\"https:\\\/\\\/www.rucashk.com\\\/wp-content\\\/uploads\\\/2024\\\/03\\\/2.1_18ea318f-73ea-4a7e-a685-61ede2f48dfd.webp\",\"@id\":\"https:\\\/\\\/www.rucashk.com\\\/pt\\\/produto\\\/xiaomi-mi-camera-2k-magnetic-mount\\\/#mainImage\",\"width\":800,\"height\":800},\"primaryImageOfPage\":{\"@id\":\"https:\\\/\\\/www.rucashk.com\\\/pt\\\/produto\\\/xiaomi-mi-camera-2k-magnetic-mount\\\/#mainImage\"},\"datePublished\":\"2024-03-26T14:07:40+00:00\",\"dateModified\":\"2024-04-16T13:22:04+00:00\"},{\"@type\":\"WebSite\",\"@id\":\"https:\\\/\\\/www.rucashk.com\\\/pt\\\/#website\",\"url\":\"https:\\\/\\\/www.rucashk.com\\\/pt\\\/\",\"name\":\"Rucas - Wholesale and distribution worldwide\",\"alternateName\":\"Rucas - One-stop AIoT Distribution Worldwide\",\"description\":\"One-stop AIoT Distribution Worldwide\",\"inLanguage\":\"pt-PT\",\"publisher\":{\"@id\":\"https:\\\/\\\/www.rucashk.com\\\/pt\\\/#organization\"}}]}\n\t\t<\/script>\n\t\t<!-- All in One SEO Pro -->\r\n\t\t<title>Xiaomi Mi Camera 2K Magnetic Mount - Rucas - Wholesale and Distribution<\/title>\n\n","aioseo_head_json":{"title":"Xiaomi Mi Camera 2K Magnetic Mount - Rucas - Wholesale and Distribution","description":"Product name: Mi Camera 2K (Magnetic Mount) Product model: MJSXJ03HL Rated input: 5V\u301c1A Video encoding: H.265 Operating temperature: -10\u00b0C to 50\u00b0C Resolution: 2304 x 1296 Product dimensions: 60 x 48 x 67.5mm Lens angle: 125\u00b0 Wireless connection: Wi-Fi IEEE 802.11b\/g\/n 2.4GHz Storage: Micro SD card Compatible with: Android 6.0 & iOS 11.0 or above","canonical_url":"https:\/\/www.rucashk.com\/pt\/produto\/xiaomi-mi-camera-2k-magnetic-mount\/","robots":"max-image-preview:large","keywords":"","webmasterTools":{"miscellaneous":""},"og:locale":"pt_PT","og:site_name":"Rucas - One-stop AIoT Distribution Worldwide","og:type":"article","og:title":"Xiaomi Mi Camera 2K Magnetic Mount - Rucas - Wholesale and Distribution","og:description":"Product name: Mi Camera 2K (Magnetic Mount) Product model: MJSXJ03HL Rated input: 5V\u301c1A Video encoding: H.265 Operating temperature: -10\u00b0C to 50\u00b0C Resolution: 2304 x 1296 Product dimensions: 60 x 48 x 67.5mm Lens angle: 125\u00b0 Wireless connection: Wi-Fi IEEE 802.11b\/g\/n 2.4GHz Storage: Micro SD card Compatible with: Android 6.0 &amp; iOS 11.0 or above","og:url":"https:\/\/www.rucashk.com\/pt\/produto\/xiaomi-mi-camera-2k-magnetic-mount\/","og:image":"https:\/\/www.rucashk.com\/wp-content\/uploads\/replace\/503b8e645f128a97ccde2b6290747646.jpeg","og:image:secure_url":"https:\/\/www.rucashk.com\/wp-content\/uploads\/replace\/503b8e645f128a97ccde2b6290747646.jpeg","og:image:width":1456,"og:image:height":816,"article:published_time":"2024-03-26T14:07:40+00:00","article:modified_time":"2024-04-16T13:22:04+00:00","twitter:card":"summary_large_image","twitter:title":"Xiaomi Mi Camera 2K Magnetic Mount - Rucas - Wholesale and Distribution","twitter:description":"Product name: Mi Camera 2K (Magnetic Mount) Product model: MJSXJ03HL Rated input: 5V\u301c1A Video encoding: H.265 Operating temperature: -10\u00b0C to 50\u00b0C Resolution: 2304 x 1296 Product dimensions: 60 x 48 x 67.5mm Lens angle: 125\u00b0 Wireless connection: Wi-Fi IEEE 802.11b\/g\/n 2.4GHz Storage: Micro SD card Compatible with: Android 6.0 &amp; iOS 11.0 or above","twitter:image":"https:\/\/www.rucashk.com\/wp-content\/uploads\/replace\/503b8e645f128a97ccde2b6290747646.jpeg","schema":{"@context":"https:\/\/schema.org","@graph":[{"@type":"BreadcrumbList","@id":"https:\/\/www.rucashk.com\/pt\/produto\/xiaomi-mi-camera-2k-magnetic-mount\/#breadcrumblist","itemListElement":[{"@type":"ListItem","@id":"https:\/\/www.rucashk.com\/pt\/#listItem","position":1,"name":"Home","item":"https:\/\/www.rucashk.com\/pt\/","nextItem":"https:\/\/www.rucashk.com\/pt\/produto\/xiaomi-mi-camera-2k-magnetic-mount\/#listItem"},{"@type":"ListItem","@id":"https:\/\/www.rucashk.com\/pt\/produto\/xiaomi-mi-camera-2k-magnetic-mount\/#listItem","position":2,"name":"Xiaomi Mi Camera 2K Magnetic Mount","previousItem":"https:\/\/www.rucashk.com\/pt\/#listItem"}]},{"@type":"Organization","@id":"https:\/\/www.rucashk.com\/pt\/#organization","name":"Rucas","url":"https:\/\/www.rucashk.com\/pt\/","logo":{"@type":"ImageObject","url":"https:\/\/www.rucashk.com\/wp-content\/uploads\/2023\/12\/Rucas_campany_logo.png","@id":"https:\/\/www.rucashk.com\/pt\/produto\/xiaomi-mi-camera-2k-magnetic-mount\/#organizationLogo","width":221,"height":65},"image":{"@id":"https:\/\/www.rucashk.com\/pt\/#organizationLogo"}},{"@type":"Person","@id":"https:\/\/www.rucashk.com\/pt\/author\/admin\/#author","url":"https:\/\/www.rucashk.com\/pt\/author\/admin\/","name":"admin","image":{"@type":"ImageObject","@id":"https:\/\/www.rucashk.com\/pt\/produto\/xiaomi-mi-camera-2k-magnetic-mount\/#authorImage","url":"https:\/\/secure.gravatar.com\/avatar\/b7c8925b09a27e72b30232f8ecaadbd5af0f70a38c78096863fe51b64f031c24?s=96&d=mm&r=g","width":96,"height":96,"caption":"admin"}},{"@type":"WebPage","@id":"https:\/\/www.rucashk.com\/pt\/produto\/xiaomi-mi-camera-2k-magnetic-mount\/#webpage","url":"https:\/\/www.rucashk.com\/pt\/produto\/xiaomi-mi-camera-2k-magnetic-mount\/","name":"Xiaomi Mi Camera 2K Magnetic Mount - Rucas - Wholesale and Distribution","description":"Product name: Mi Camera 2K (Magnetic Mount) Product model: MJSXJ03HL Rated input: 5V\u301c1A Video encoding: H.265 Operating temperature: -10\u00b0C to 50\u00b0C Resolution: 2304 x 1296 Product dimensions: 60 x 48 x 67.5mm Lens angle: 125\u00b0 Wireless connection: Wi-Fi IEEE 802.11b\/g\/n 2.4GHz Storage: Micro SD card Compatible with: Android 6.0 & iOS 11.0 or above","inLanguage":"pt-PT","isPartOf":{"@id":"https:\/\/www.rucashk.com\/pt\/#website"},"breadcrumb":{"@id":"https:\/\/www.rucashk.com\/pt\/produto\/xiaomi-mi-camera-2k-magnetic-mount\/#breadcrumblist"},"author":{"@id":"https:\/\/www.rucashk.com\/pt\/author\/admin\/#author"},"creator":{"@id":"https:\/\/www.rucashk.com\/pt\/author\/admin\/#author"},"image":{"@type":"ImageObject","url":"https:\/\/www.rucashk.com\/wp-content\/uploads\/2024\/03\/2.1_18ea318f-73ea-4a7e-a685-61ede2f48dfd.webp","@id":"https:\/\/www.rucashk.com\/pt\/produto\/xiaomi-mi-camera-2k-magnetic-mount\/#mainImage","width":800,"height":800},"primaryImageOfPage":{"@id":"https:\/\/www.rucashk.com\/pt\/produto\/xiaomi-mi-camera-2k-magnetic-mount\/#mainImage"},"datePublished":"2024-03-26T14:07:40+00:00","dateModified":"2024-04-16T13:22:04+00:00"},{"@type":"WebSite","@id":"https:\/\/www.rucashk.com\/pt\/#website","url":"https:\/\/www.rucashk.com\/pt\/","name":"Rucas - Wholesale and distribution worldwide","alternateName":"Rucas - One-stop AIoT Distribution Worldwide","description":"One-stop AIoT Distribution Worldwide","inLanguage":"pt-PT","publisher":{"@id":"https:\/\/www.rucashk.com\/pt\/#organization"}}]}},"aioseo_meta_data":{"post_id":"39866","title":null,"description":null,"keywords":null,"keyphrases":null,"primary_term":null,"canonical_url":null,"og_title":null,"og_description":null,"og_object_type":"default","og_image_type":"default","og_image_url":null,"og_image_width":null,"og_image_height":null,"og_image_custom_url":null,"og_image_custom_fields":null,"og_video":null,"og_custom_url":null,"og_article_section":null,"og_article_tags":null,"twitter_use_og":false,"twitter_card":"default","twitter_image_type":"default","twitter_image_url":null,"twitter_image_custom_url":null,"twitter_image_custom_fields":null,"twitter_title":null,"twitter_description":null,"schema":{"blockGraphs":[],"customGraphs":[],"default":{"data":{"Article":[],"Course":[],"Dataset":[],"FAQPage":[],"Movie":[],"Person":[],"Product":[],"Recipe":[],"Service":[],"SoftwareApplication":[],"WebPage":[]},"graphName":"","isEnabled":true},"graphs":[]},"schema_type":"default","schema_type_options":null,"pillar_content":false,"robots_default":true,"robots_noindex":false,"robots_noarchive":false,"robots_nosnippet":false,"robots_nofollow":false,"robots_noimageindex":false,"robots_noodp":false,"robots_notranslate":false,"robots_max_snippet":null,"robots_max_videopreview":null,"robots_max_imagepreview":"large","priority":null,"frequency":null,"local_seo":null,"breadcrumb_settings":null,"limit_modified_date":false,"created":"2024-04-11 01:57:23","updated":"2025-06-22 18:52:57"},"aioseo_breadcrumb":"<div class=\"aioseo-breadcrumbs\"><span class=\"aioseo-breadcrumb\">\n\t<a href=\"https:\/\/www.rucashk.com\/pt\" title=\"Home\">Home<\/a>\n<\/span><span class=\"aioseo-breadcrumb-separator\">&raquo;<\/span><span class=\"aioseo-breadcrumb\">\n\t<a href=\"https:\/\/www.rucashk.com\/pt\/products\/\" title=\"Produtos\">Produtos<\/a>\n<\/span><span class=\"aioseo-breadcrumb-separator\">&raquo;<\/span><span class=\"aioseo-breadcrumb\">\n\t<a href=\"https:\/\/www.rucashk.com\/pt\/marca\/xiaomi\/\" title=\"Xiaomi\">Xiaomi<\/a>\n<\/span><span class=\"aioseo-breadcrumb-separator\">&raquo;<\/span><span class=\"aioseo-breadcrumb\">\n\tXiaomi Mi Camera 2K Magnetic Mount\n<\/span><\/div>","aioseo_breadcrumb_json":[{"label":"Home","link":"https:\/\/www.rucashk.com\/pt"},{"label":"Produtos","link":"https:\/\/www.rucashk.com\/pt\/products\/"},{"label":"Xiaomi","link":"https:\/\/www.rucashk.com\/pt\/marca\/xiaomi\/"},{"label":"Xiaomi Mi Camera 2K Magnetic Mount","link":"https:\/\/www.rucashk.com\/pt\/produto\/xiaomi-mi-camera-2k-magnetic-mount\/"}],"_links":{"self":[{"href":"https:\/\/www.rucashk.com\/pt\/wp-json\/wp\/v2\/product\/39866","targetHints":{"allow":["GET"]}}],"collection":[{"href":"https:\/\/www.rucashk.com\/pt\/wp-json\/wp\/v2\/product"}],"about":[{"href":"https:\/\/www.rucashk.com\/pt\/wp-json\/wp\/v2\/types\/product"}],"wp:featuredmedia":[{"embeddable":true,"href":"https:\/\/www.rucashk.com\/pt\/wp-json\/wp\/v2\/media\/39875"}],"wp:attachment":[{"href":"https:\/\/www.rucashk.com\/pt\/wp-json\/wp\/v2\/media?parent=39866"}],"wp:term":[{"taxonomy":"product_brand","embeddable":true,"href":"https:\/\/www.rucashk.com\/pt\/wp-json\/wp\/v2\/product_brand?post=39866"},{"taxonomy":"product_cat","embeddable":true,"href":"https:\/\/www.rucashk.com\/pt\/wp-json\/wp\/v2\/product_cat?post=39866"},{"taxonomy":"product_tag","embeddable":true,"href":"https:\/\/www.rucashk.com\/pt\/wp-json\/wp\/v2\/product_tag?post=39866"}],"curies":[{"name":"wp","href":"https:\/\/api.w.org\/{rel}","templated":true}]}}