{"id":39826,"date":"2024-03-26T13:48:14","date_gmt":"2024-03-26T13:48:14","guid":{"rendered":"http:\/\/rucashk.com\/?post_type=product&#038;p=39826"},"modified":"2024-03-26T13:48:17","modified_gmt":"2024-03-26T13:48:17","slug":"roborock-q7-max-vacuum-cleaner-robot-2","status":"publish","type":"product","link":"https:\/\/www.rucashk.com\/pt\/produto\/roborock-q7-max-vacuum-cleaner-robot-2\/","title":{"rendered":"Rob\u00f4 aspirador Roborock Q7 Max"},"content":{"rendered":"<div class=\"detailItem row col-md-12 d-flex mt-4 flex-md-row flex-column-reverse p-md-0\">\n<div class=\"col-md-7 pr-md-5 pt-md-6 pl-md-5\">\n<h2 class=\"mb-3\"><img decoding=\"async\" class=\"col-md-5 mb-4 mb-md-0 productimg\" style=\"color: #282c33; font-family: var(--mt-font__main); font-size: 1rem;\" src=\"\/wp-content\/uploads\/replace\/15f76ec4770855f570f21e49ba975812.jpeg\" alt=\"This is a image\" \/><img decoding=\"async\" class=\"col-md-5 mb-4 mb-md-0 productimg\" style=\"color: #282c33; font-family: var(--mt-font__main); font-size: 1rem;\" src=\"\/wp-content\/uploads\/replace\/a9f20300912010ba461292780ad19bf3.jpeg\" alt=\"This is a image\" \/><img decoding=\"async\" class=\"col-md-5 mb-4 mb-md-0 productimg\" style=\"color: #282c33; font-family: var(--mt-font__main); font-size: 1rem;\" src=\"\/wp-content\/uploads\/replace\/961e9274527586dadab8b5dd873035be.png\" alt=\"This is a image\" \/><\/h2>\n<\/div>\n<\/div>\n<div class=\"detailItem row col-md-12 d-flex justify-content-center mt-4 p-md-0\"><img decoding=\"async\" class=\"col-md-5 mb-4 mb-md-0 productimg\" src=\"\/wp-content\/uploads\/replace\/ddbd0e23d2900110560ce39a5f2bd883.jpeg\" alt=\"This is a image\" \/><img decoding=\"async\" class=\"col-md-5 mb-4 mb-md-0 productimg\" style=\"color: #1d2128; font-size: 3.375rem; font-family: var(--mt-font__main);\" src=\"\/wp-content\/uploads\/replace\/433536f145f7abe2deddd629f6bd908f.png\" alt=\"This is a image\" \/><\/div>\n<div class=\"detailItem row col-md-12 d-flex justify-content-center mt-4 p-md-0\"><img decoding=\"async\" class=\"col-md-5 mb-4 mb-md-0 productimg\" src=\"\/wp-content\/uploads\/replace\/3c914c40d9ea4699e9701b3443d66c1c.png\" alt=\"This is a image\" \/><img decoding=\"async\" class=\"col-md-5 mb-4 mb-md-0 productimg\" style=\"font-family: var(--mt-font__main); font-size: 1rem;\" src=\"\/wp-content\/uploads\/replace\/1468296343a6dee9f31d7c7e99e3bec8.png\" alt=\"This is a image\" \/><\/div>\n<div class=\"detailItem row col-md-12 d-flex justify-content-center mt-4 p-md-0\"><img decoding=\"async\" class=\"col-md-5 mb-4 mb-md-0 productimg\" src=\"\/wp-content\/uploads\/replace\/0498cbeab90eff431933b82fc15c4393.jpeg\" alt=\"This is a image\" \/><\/div>\n<div class=\"detailItem row col-md-12 d-flex mt-4 flex-md-row flex-column-reverse p-md-0\"><img decoding=\"async\" class=\"col-md-5 mb-4 mb-md-0 productimg\" src=\"\/wp-content\/uploads\/replace\/24ad7aa0ff4c48692d6ea60d301d9b0e.jpeg\" alt=\"This is a image\" \/><\/div>\n<div class=\"detailItem row col-md-12 d-flex justify-content-center mt-4 p-md-0\"><img decoding=\"async\" class=\"col-md-5 mb-4 mb-md-0 productimg\" src=\"\/wp-content\/uploads\/replace\/479f6cc7faec468e5be5a4eb55715d93.png\" alt=\"This is a image\" \/><\/div>\n<div class=\"detailItem row col-md-12 d-flex mt-4 flex-md-row flex-column-reverse p-md-0\"><img decoding=\"async\" class=\"col-md-5 mb-4 mb-md-0 productimg\" src=\"\/wp-content\/uploads\/replace\/375c70bf6ec9ddc4e3a88c8c3d310f0d.png\" alt=\"This is a image\" \/><\/div>\n<div class=\"detailItem row col-md-12 d-flex justify-content-center mt-4 p-md-0\"><img decoding=\"async\" class=\"col-md-5 mb-4 mb-md-0 productimg\" src=\"\/wp-content\/uploads\/replace\/0ad2e7284a89c9bf9b23370d6431cc9f.jpeg\" alt=\"This is a image\" \/><\/div>\n<div class=\"detailItem row col-md-12 d-flex mt-4 flex-md-row flex-column-reverse p-md-0\"><img decoding=\"async\" class=\"col-md-5 mb-4 mb-md-0 productimg\" src=\"\/wp-content\/uploads\/replace\/64949174a400e130fc696c8cb971fe05.png\" alt=\"This is a image\" \/><\/div>\n<div class=\"detailItem row col-md-12 d-flex justify-content-center mt-4 p-md-0\"><img decoding=\"async\" class=\"col-md-5 mb-4 mb-md-0 productimg\" src=\"\/wp-content\/uploads\/replace\/7067368c7301e4347f34b96b45ecd708.jpeg\" alt=\"This is a image\" \/><\/div>\n<div class=\"detailItem row col-md-12 d-flex mt-4 flex-md-row flex-column-reverse p-md-0\"><img decoding=\"async\" class=\"col-md-5 mb-4 mb-md-0 productimg\" src=\"\/wp-content\/uploads\/replace\/85dff65b06b082b29e3adefaca11da97.png\" alt=\"This is a image\" \/><\/div>\n<div class=\"detailItem row col-md-12 d-flex justify-content-center mt-4 p-md-0\"><img decoding=\"async\" class=\"col-md-5 mb-4 mb-md-0 productimg\" src=\"\/wp-content\/uploads\/replace\/411db107cc53798791d526f10bbb0d0d.jpeg\" alt=\"This is a image\" \/><\/p>\n<div class=\"col-md-7 pl-md-5 pt-md-6 pr-md-5\">\n<p>Roborock Q7 Max Robot aspirador e esfreg\u00e3o com suc\u00e7\u00e3o de pot\u00eancia de 4200 Pa.<br \/>\nLimpe frequentemente, esvazie raramente com o Auto-Empty Dock Pure. Ele esvazia seu rob\u00f4 automaticamente em seu saco para o p\u00f3 de 2,5 L, a cada limpeza, por at\u00e9 7 semanas. Quando a bolsa est\u00e1 cheia, ela pode ser trocada em segundos. O saco para o p\u00f3 tamb\u00e9m \u00e9 um filtro de ar eficaz, testado para filtrar 99,7% de p\u00f3len t\u00e3o pequeno quanto 0,3 m\u00edcron*, ajudando a limpar o ar.<\/p>\n<p>Aspire e esfregue simultaneamente para capturar a sujeira fina que a aspira\u00e7\u00e3o por si s\u00f3 pode deixar passar. Equipado com uma bomba eletr\u00f4nica, o Q7 Max oferece 30 n\u00edveis de fluxo de \u00e1gua para que voc\u00ea possa ajustar a limpeza de acordo com seus tipos de piso e prefer\u00eancias.<\/p>\n<p>Impulsionado por uma grande pot\u00eancia de \u00edons de l\u00edtio de 5200 mAh, o Q7 Max pode limpar sem parar por at\u00e9 3 horas com uma \u00fanica carga. Alcance suficiente para lidar com a maioria das casas.<\/p>\n<p>D\u00ea uma nova olhada em sua casa e entenda melhor seu layout com o mapeamento 3D. Voc\u00ea pode at\u00e9 adicionar m\u00f3veis e materiais de piso para criar uma representa\u00e7\u00e3o mais precisa da sua casa.<\/p>\n<p>As zonas proibidas definem uma \u00e1rea onde o rob\u00f4 n\u00e3o pode passar, enquanto as paredes invis\u00edveis tra\u00e7am uma linha e s\u00e3o boas para isolar salas e cantos. Cada n\u00edvel da sua casa pode ter zonas proibidas e paredes invis\u00edveis. Todos s\u00e3o colocados automaticamente ap\u00f3s o n\u00edvel ser reconhecido.<\/p>\n<\/div>\n<\/div>","protected":false},"excerpt":{"rendered":"<p>&#8211; 4200 Pa High Power Suction.<br \/>\n&#8211; Simultaneous Vacuum and Mop.<br \/>\n&#8211; App Controlled Mopping.<br \/>\n&#8211; PreciSense\u00ae LiDAR Navigation.<br \/>\n&#8211; 3D Mapping Support.<br \/>\n&#8211; Custom Cleaning Routines.<br \/>\n&#8211; Washable E11 Rated Air Filter.<br \/>\n&#8211; ScratchSafe\u00ae Wheels and Brushes.<br \/>\n&#8211; Compatible with Auto-Empty Dock Pure.<br \/>\n&#8211; Work with Alexa &#038; Google Home.<br \/>\n&#8211; Child Lock.<br \/>\n-Suporta apenas Wi-Fi de 2,4 GHz. 5GHz n\u00e3o \u00e9 compat\u00edvel.<\/p>","protected":false},"featured_media":39844,"template":"","meta":[],"product_brand":[1371],"product_cat":[1312,1305],"product_tag":[],"class_list":{"0":"post-39826","1":"product","2":"type-product","3":"status-publish","4":"has-post-thumbnail","6":"product_brand-roborock","7":"product_cat-roborock-vacuum-cleaner","8":"product_cat-xiaomi-eco","10":"first","11":"instock","12":"shipping-taxable","13":"product-type-simple"},"aioseo_notices":[],"aioseo_head":"\n\t\t<!-- All in One SEO Pro 4.5.9.2 - aioseo.com -->\n\t\t<meta name=\"description\" content=\"- 4200 Pa High Power Suction. - Simultaneous Vacuum and Mop. - App Controlled Mopping. - PreciSense\u00ae LiDAR Navigation. - 3D Mapping Support. - Custom Cleaning Routines. - Washable E11 Rated Air Filter. - ScratchSafe\u00ae Wheels and Brushes. - Compatible with Auto-Empty Dock Pure. - Work with Alexa &amp; Google Home. - Child Lock. -Only support 2.4GHz Wi-Fi. 5GHz is not supported.\" \/>\n\t\t<meta name=\"robots\" content=\"max-image-preview:large\" \/>\n\t\t<link rel=\"canonical\" href=\"https:\/\/www.rucashk.com\/pt\/produto\/roborock-q7-max-vacuum-cleaner-robot-2\/\" \/>\n\t\t<meta name=\"generator\" content=\"All in One SEO Pro (AIOSEO) 4.5.9.2\" \/>\n\t\t<meta property=\"og:locale\" content=\"pt_PT\" \/>\n\t\t<meta property=\"og:site_name\" content=\"Rucas - One-stop AIoT Distribution Worldwide\" \/>\n\t\t<meta property=\"og:type\" content=\"article\" \/>\n\t\t<meta property=\"og:title\" content=\"Roborock Q7 Max Vacuum Cleaner Robot - Rucas - Wholesale and Distribution\" \/>\n\t\t<meta property=\"og:description\" content=\"- 4200 Pa High Power Suction. - Simultaneous Vacuum and Mop. - App Controlled Mopping. - PreciSense\u00ae LiDAR Navigation. - 3D Mapping Support. - Custom Cleaning Routines. - Washable E11 Rated Air Filter. - ScratchSafe\u00ae Wheels and Brushes. - Compatible with Auto-Empty Dock Pure. - Work with Alexa &amp; Google Home. - Child Lock. -Only support 2.4GHz Wi-Fi. 5GHz is not supported.\" \/>\n\t\t<meta property=\"og:url\" content=\"https:\/\/www.rucashk.com\/pt\/produto\/roborock-q7-max-vacuum-cleaner-robot-2\/\" \/>\n\t\t<meta property=\"og:image\" content=\"https:\/\/www.rucashk.com\/wp-content\/uploads\/replace\/503b8e645f128a97ccde2b6290747646.jpeg\" \/>\n\t\t<meta property=\"og:image:secure_url\" content=\"https:\/\/www.rucashk.com\/wp-content\/uploads\/replace\/503b8e645f128a97ccde2b6290747646.jpeg\" \/>\n\t\t<meta property=\"og:image:width\" content=\"1456\" \/>\n\t\t<meta property=\"og:image:height\" content=\"816\" \/>\n\t\t<meta property=\"article:published_time\" content=\"2024-03-26T13:48:14+00:00\" \/>\n\t\t<meta property=\"article:modified_time\" content=\"2024-03-26T13:48:17+00:00\" \/>\n\t\t<meta name=\"twitter:card\" content=\"summary_large_image\" \/>\n\t\t<meta name=\"twitter:title\" content=\"Roborock Q7 Max Vacuum Cleaner Robot - Rucas - Wholesale and Distribution\" \/>\n\t\t<meta name=\"twitter:description\" content=\"- 4200 Pa High Power Suction. - Simultaneous Vacuum and Mop. - App Controlled Mopping. - PreciSense\u00ae LiDAR Navigation. - 3D Mapping Support. - Custom Cleaning Routines. - Washable E11 Rated Air Filter. - ScratchSafe\u00ae Wheels and Brushes. - Compatible with Auto-Empty Dock Pure. - Work with Alexa &amp; Google Home. - Child Lock. -Only support 2.4GHz Wi-Fi. 5GHz is not supported.\" \/>\n\t\t<meta name=\"twitter:image\" content=\"https:\/\/www.rucashk.com\/wp-content\/uploads\/replace\/503b8e645f128a97ccde2b6290747646.jpeg\" \/>\n\t\t<script type=\"application\/ld+json\" class=\"aioseo-schema\">\n\t\t\t{\"@context\":\"https:\\\/\\\/schema.org\",\"@graph\":[{\"@type\":\"BreadcrumbList\",\"@id\":\"https:\\\/\\\/www.rucashk.com\\\/pt\\\/produto\\\/roborock-q7-max-vacuum-cleaner-robot-2\\\/#breadcrumblist\",\"itemListElement\":[{\"@type\":\"ListItem\",\"@id\":\"https:\\\/\\\/www.rucashk.com\\\/pt\\\/#listItem\",\"position\":1,\"name\":\"Home\",\"item\":\"https:\\\/\\\/www.rucashk.com\\\/pt\\\/\",\"nextItem\":\"https:\\\/\\\/www.rucashk.com\\\/pt\\\/produto\\\/roborock-q7-max-vacuum-cleaner-robot-2\\\/#listItem\"},{\"@type\":\"ListItem\",\"@id\":\"https:\\\/\\\/www.rucashk.com\\\/pt\\\/produto\\\/roborock-q7-max-vacuum-cleaner-robot-2\\\/#listItem\",\"position\":2,\"name\":\"Roborock Q7 Max Vacuum Cleaner Robot\",\"previousItem\":\"https:\\\/\\\/www.rucashk.com\\\/pt\\\/#listItem\"}]},{\"@type\":\"Organization\",\"@id\":\"https:\\\/\\\/www.rucashk.com\\\/pt\\\/#organization\",\"name\":\"Rucas\",\"url\":\"https:\\\/\\\/www.rucashk.com\\\/pt\\\/\",\"logo\":{\"@type\":\"ImageObject\",\"url\":\"https:\\\/\\\/www.rucashk.com\\\/wp-content\\\/uploads\\\/2023\\\/12\\\/Rucas_campany_logo.png\",\"@id\":\"https:\\\/\\\/www.rucashk.com\\\/pt\\\/produto\\\/roborock-q7-max-vacuum-cleaner-robot-2\\\/#organizationLogo\",\"width\":221,\"height\":65},\"image\":{\"@id\":\"https:\\\/\\\/www.rucashk.com\\\/pt\\\/#organizationLogo\"}},{\"@type\":\"Person\",\"@id\":\"https:\\\/\\\/www.rucashk.com\\\/pt\\\/author\\\/admin\\\/#author\",\"url\":\"https:\\\/\\\/www.rucashk.com\\\/pt\\\/author\\\/admin\\\/\",\"name\":\"admin\",\"image\":{\"@type\":\"ImageObject\",\"@id\":\"https:\\\/\\\/www.rucashk.com\\\/pt\\\/produto\\\/roborock-q7-max-vacuum-cleaner-robot-2\\\/#authorImage\",\"url\":\"https:\\\/\\\/secure.gravatar.com\\\/avatar\\\/b7c8925b09a27e72b30232f8ecaadbd5af0f70a38c78096863fe51b64f031c24?s=96&d=mm&r=g\",\"width\":96,\"height\":96,\"caption\":\"admin\"}},{\"@type\":\"WebPage\",\"@id\":\"https:\\\/\\\/www.rucashk.com\\\/pt\\\/produto\\\/roborock-q7-max-vacuum-cleaner-robot-2\\\/#webpage\",\"url\":\"https:\\\/\\\/www.rucashk.com\\\/pt\\\/produto\\\/roborock-q7-max-vacuum-cleaner-robot-2\\\/\",\"name\":\"Roborock Q7 Max Vacuum Cleaner Robot - Rucas - Wholesale and Distribution\",\"description\":\"- 4200 Pa High Power Suction. - Simultaneous Vacuum and Mop. - App Controlled Mopping. - PreciSense\\u00ae LiDAR Navigation. - 3D Mapping Support. - Custom Cleaning Routines. - Washable E11 Rated Air Filter. - ScratchSafe\\u00ae Wheels and Brushes. - Compatible with Auto-Empty Dock Pure. - Work with Alexa & Google Home. - Child Lock. -Only support 2.4GHz Wi-Fi. 5GHz is not supported.\",\"inLanguage\":\"pt-PT\",\"isPartOf\":{\"@id\":\"https:\\\/\\\/www.rucashk.com\\\/pt\\\/#website\"},\"breadcrumb\":{\"@id\":\"https:\\\/\\\/www.rucashk.com\\\/pt\\\/produto\\\/roborock-q7-max-vacuum-cleaner-robot-2\\\/#breadcrumblist\"},\"author\":{\"@id\":\"https:\\\/\\\/www.rucashk.com\\\/pt\\\/author\\\/admin\\\/#author\"},\"creator\":{\"@id\":\"https:\\\/\\\/www.rucashk.com\\\/pt\\\/author\\\/admin\\\/#author\"},\"image\":{\"@type\":\"ImageObject\",\"url\":\"https:\\\/\\\/www.rucashk.com\\\/wp-content\\\/uploads\\\/2024\\\/03\\\/1-tuya_35b39062-307d-4345-a159-1b4f76ebee63_1500x1500.webp\",\"@id\":\"https:\\\/\\\/www.rucashk.com\\\/pt\\\/produto\\\/roborock-q7-max-vacuum-cleaner-robot-2\\\/#mainImage\",\"width\":1500,\"height\":1500},\"primaryImageOfPage\":{\"@id\":\"https:\\\/\\\/www.rucashk.com\\\/pt\\\/produto\\\/roborock-q7-max-vacuum-cleaner-robot-2\\\/#mainImage\"},\"datePublished\":\"2024-03-26T13:48:14+00:00\",\"dateModified\":\"2024-03-26T13:48:17+00:00\"},{\"@type\":\"WebSite\",\"@id\":\"https:\\\/\\\/www.rucashk.com\\\/pt\\\/#website\",\"url\":\"https:\\\/\\\/www.rucashk.com\\\/pt\\\/\",\"name\":\"Rucas - Wholesale and distribution worldwide\",\"alternateName\":\"Rucas - One-stop AIoT Distribution Worldwide\",\"description\":\"One-stop AIoT Distribution Worldwide\",\"inLanguage\":\"pt-PT\",\"publisher\":{\"@id\":\"https:\\\/\\\/www.rucashk.com\\\/pt\\\/#organization\"}}]}\n\t\t<\/script>\n\t\t<!-- All in One SEO Pro -->\r\n\t\t<title>Roborock Q7 Max Vacuum Cleaner Robot - Rucas - Wholesale and Distribution<\/title>\n\n","aioseo_head_json":{"title":"Roborock Q7 Max Vacuum Cleaner Robot - Rucas - Wholesale and Distribution","description":"- 4200 Pa High Power Suction. - Simultaneous Vacuum and Mop. - App Controlled Mopping. - PreciSense\u00ae LiDAR Navigation. - 3D Mapping Support. - Custom Cleaning Routines. - Washable E11 Rated Air Filter. - ScratchSafe\u00ae Wheels and Brushes. - Compatible with Auto-Empty Dock Pure. - Work with Alexa & Google Home. - Child Lock. -Only support 2.4GHz Wi-Fi. 5GHz is not supported.","canonical_url":"https:\/\/www.rucashk.com\/pt\/produto\/roborock-q7-max-vacuum-cleaner-robot-2\/","robots":"max-image-preview:large","keywords":"","webmasterTools":{"miscellaneous":""},"og:locale":"pt_PT","og:site_name":"Rucas - One-stop AIoT Distribution Worldwide","og:type":"article","og:title":"Roborock Q7 Max Vacuum Cleaner Robot - Rucas - Wholesale and Distribution","og:description":"- 4200 Pa High Power Suction. - Simultaneous Vacuum and Mop. - App Controlled Mopping. - PreciSense\u00ae LiDAR Navigation. - 3D Mapping Support. - Custom Cleaning Routines. - Washable E11 Rated Air Filter. - ScratchSafe\u00ae Wheels and Brushes. - Compatible with Auto-Empty Dock Pure. - Work with Alexa &amp; Google Home. - Child Lock. -Only support 2.4GHz Wi-Fi. 5GHz is not supported.","og:url":"https:\/\/www.rucashk.com\/pt\/produto\/roborock-q7-max-vacuum-cleaner-robot-2\/","og:image":"https:\/\/www.rucashk.com\/wp-content\/uploads\/replace\/503b8e645f128a97ccde2b6290747646.jpeg","og:image:secure_url":"https:\/\/www.rucashk.com\/wp-content\/uploads\/replace\/503b8e645f128a97ccde2b6290747646.jpeg","og:image:width":1456,"og:image:height":816,"article:published_time":"2024-03-26T13:48:14+00:00","article:modified_time":"2024-03-26T13:48:17+00:00","twitter:card":"summary_large_image","twitter:title":"Roborock Q7 Max Vacuum Cleaner Robot - Rucas - Wholesale and Distribution","twitter:description":"- 4200 Pa High Power Suction. - Simultaneous Vacuum and Mop. - App Controlled Mopping. - PreciSense\u00ae LiDAR Navigation. - 3D Mapping Support. - Custom Cleaning Routines. - Washable E11 Rated Air Filter. - ScratchSafe\u00ae Wheels and Brushes. - Compatible with Auto-Empty Dock Pure. - Work with Alexa &amp; Google Home. - Child Lock. -Only support 2.4GHz Wi-Fi. 5GHz is not supported.","twitter:image":"https:\/\/www.rucashk.com\/wp-content\/uploads\/replace\/503b8e645f128a97ccde2b6290747646.jpeg","schema":{"@context":"https:\/\/schema.org","@graph":[{"@type":"BreadcrumbList","@id":"https:\/\/www.rucashk.com\/pt\/produto\/roborock-q7-max-vacuum-cleaner-robot-2\/#breadcrumblist","itemListElement":[{"@type":"ListItem","@id":"https:\/\/www.rucashk.com\/pt\/#listItem","position":1,"name":"Home","item":"https:\/\/www.rucashk.com\/pt\/","nextItem":"https:\/\/www.rucashk.com\/pt\/produto\/roborock-q7-max-vacuum-cleaner-robot-2\/#listItem"},{"@type":"ListItem","@id":"https:\/\/www.rucashk.com\/pt\/produto\/roborock-q7-max-vacuum-cleaner-robot-2\/#listItem","position":2,"name":"Roborock Q7 Max Vacuum Cleaner Robot","previousItem":"https:\/\/www.rucashk.com\/pt\/#listItem"}]},{"@type":"Organization","@id":"https:\/\/www.rucashk.com\/pt\/#organization","name":"Rucas","url":"https:\/\/www.rucashk.com\/pt\/","logo":{"@type":"ImageObject","url":"https:\/\/www.rucashk.com\/wp-content\/uploads\/2023\/12\/Rucas_campany_logo.png","@id":"https:\/\/www.rucashk.com\/pt\/produto\/roborock-q7-max-vacuum-cleaner-robot-2\/#organizationLogo","width":221,"height":65},"image":{"@id":"https:\/\/www.rucashk.com\/pt\/#organizationLogo"}},{"@type":"Person","@id":"https:\/\/www.rucashk.com\/pt\/author\/admin\/#author","url":"https:\/\/www.rucashk.com\/pt\/author\/admin\/","name":"admin","image":{"@type":"ImageObject","@id":"https:\/\/www.rucashk.com\/pt\/produto\/roborock-q7-max-vacuum-cleaner-robot-2\/#authorImage","url":"https:\/\/secure.gravatar.com\/avatar\/b7c8925b09a27e72b30232f8ecaadbd5af0f70a38c78096863fe51b64f031c24?s=96&d=mm&r=g","width":96,"height":96,"caption":"admin"}},{"@type":"WebPage","@id":"https:\/\/www.rucashk.com\/pt\/produto\/roborock-q7-max-vacuum-cleaner-robot-2\/#webpage","url":"https:\/\/www.rucashk.com\/pt\/produto\/roborock-q7-max-vacuum-cleaner-robot-2\/","name":"Roborock Q7 Max Vacuum Cleaner Robot - Rucas - Wholesale and Distribution","description":"- 4200 Pa High Power Suction. - Simultaneous Vacuum and Mop. - App Controlled Mopping. - PreciSense\u00ae LiDAR Navigation. - 3D Mapping Support. - Custom Cleaning Routines. - Washable E11 Rated Air Filter. - ScratchSafe\u00ae Wheels and Brushes. - Compatible with Auto-Empty Dock Pure. - Work with Alexa & Google Home. - Child Lock. -Only support 2.4GHz Wi-Fi. 5GHz is not supported.","inLanguage":"pt-PT","isPartOf":{"@id":"https:\/\/www.rucashk.com\/pt\/#website"},"breadcrumb":{"@id":"https:\/\/www.rucashk.com\/pt\/produto\/roborock-q7-max-vacuum-cleaner-robot-2\/#breadcrumblist"},"author":{"@id":"https:\/\/www.rucashk.com\/pt\/author\/admin\/#author"},"creator":{"@id":"https:\/\/www.rucashk.com\/pt\/author\/admin\/#author"},"image":{"@type":"ImageObject","url":"https:\/\/www.rucashk.com\/wp-content\/uploads\/2024\/03\/1-tuya_35b39062-307d-4345-a159-1b4f76ebee63_1500x1500.webp","@id":"https:\/\/www.rucashk.com\/pt\/produto\/roborock-q7-max-vacuum-cleaner-robot-2\/#mainImage","width":1500,"height":1500},"primaryImageOfPage":{"@id":"https:\/\/www.rucashk.com\/pt\/produto\/roborock-q7-max-vacuum-cleaner-robot-2\/#mainImage"},"datePublished":"2024-03-26T13:48:14+00:00","dateModified":"2024-03-26T13:48:17+00:00"},{"@type":"WebSite","@id":"https:\/\/www.rucashk.com\/pt\/#website","url":"https:\/\/www.rucashk.com\/pt\/","name":"Rucas - Wholesale and distribution worldwide","alternateName":"Rucas - One-stop AIoT Distribution Worldwide","description":"One-stop AIoT Distribution Worldwide","inLanguage":"pt-PT","publisher":{"@id":"https:\/\/www.rucashk.com\/pt\/#organization"}}]}},"aioseo_meta_data":{"post_id":"39826","title":null,"description":null,"keywords":null,"keyphrases":null,"primary_term":null,"canonical_url":null,"og_title":null,"og_description":null,"og_object_type":"default","og_image_type":"default","og_image_url":null,"og_image_width":null,"og_image_height":null,"og_image_custom_url":null,"og_image_custom_fields":null,"og_video":null,"og_custom_url":null,"og_article_section":null,"og_article_tags":null,"twitter_use_og":false,"twitter_card":"default","twitter_image_type":"default","twitter_image_url":null,"twitter_image_custom_url":null,"twitter_image_custom_fields":null,"twitter_title":null,"twitter_description":null,"schema":{"blockGraphs":[],"customGraphs":[],"default":{"data":{"Article":[],"Course":[],"Dataset":[],"FAQPage":[],"Movie":[],"Person":[],"Product":[],"Recipe":[],"Service":[],"SoftwareApplication":[],"WebPage":[]},"graphName":"","isEnabled":true},"graphs":[]},"schema_type":"default","schema_type_options":null,"pillar_content":false,"robots_default":true,"robots_noindex":false,"robots_noarchive":false,"robots_nosnippet":false,"robots_nofollow":false,"robots_noimageindex":false,"robots_noodp":false,"robots_notranslate":false,"robots_max_snippet":null,"robots_max_videopreview":null,"robots_max_imagepreview":"large","priority":null,"frequency":null,"local_seo":null,"breadcrumb_settings":null,"limit_modified_date":false,"created":"2024-04-11 01:57:23","updated":"2025-06-22 18:52:56"},"aioseo_breadcrumb":"<div class=\"aioseo-breadcrumbs\"><span class=\"aioseo-breadcrumb\">\n\t<a href=\"https:\/\/www.rucashk.com\/pt\" title=\"Home\">Home<\/a>\n<\/span><span class=\"aioseo-breadcrumb-separator\">&raquo;<\/span><span class=\"aioseo-breadcrumb\">\n\t<a href=\"https:\/\/www.rucashk.com\/pt\/products\/\" title=\"Produtos\">Produtos<\/a>\n<\/span><span class=\"aioseo-breadcrumb-separator\">&raquo;<\/span><span class=\"aioseo-breadcrumb\">\n\t<a href=\"https:\/\/www.rucashk.com\/pt\/marca\/roborock\/\" title=\"Roborock\">Roborock<\/a>\n<\/span><span class=\"aioseo-breadcrumb-separator\">&raquo;<\/span><span class=\"aioseo-breadcrumb\">\n\tRoborock Q7 Max Vacuum Cleaner Robot\n<\/span><\/div>","aioseo_breadcrumb_json":[{"label":"Home","link":"https:\/\/www.rucashk.com\/pt"},{"label":"Produtos","link":"https:\/\/www.rucashk.com\/pt\/products\/"},{"label":"Roborock","link":"https:\/\/www.rucashk.com\/pt\/marca\/roborock\/"},{"label":"Roborock Q7 Max Vacuum Cleaner Robot","link":"https:\/\/www.rucashk.com\/pt\/produto\/roborock-q7-max-vacuum-cleaner-robot-2\/"}],"_links":{"self":[{"href":"https:\/\/www.rucashk.com\/pt\/wp-json\/wp\/v2\/product\/39826","targetHints":{"allow":["GET"]}}],"collection":[{"href":"https:\/\/www.rucashk.com\/pt\/wp-json\/wp\/v2\/product"}],"about":[{"href":"https:\/\/www.rucashk.com\/pt\/wp-json\/wp\/v2\/types\/product"}],"wp:featuredmedia":[{"embeddable":true,"href":"https:\/\/www.rucashk.com\/pt\/wp-json\/wp\/v2\/media\/39844"}],"wp:attachment":[{"href":"https:\/\/www.rucashk.com\/pt\/wp-json\/wp\/v2\/media?parent=39826"}],"wp:term":[{"taxonomy":"product_brand","embeddable":true,"href":"https:\/\/www.rucashk.com\/pt\/wp-json\/wp\/v2\/product_brand?post=39826"},{"taxonomy":"product_cat","embeddable":true,"href":"https:\/\/www.rucashk.com\/pt\/wp-json\/wp\/v2\/product_cat?post=39826"},{"taxonomy":"product_tag","embeddable":true,"href":"https:\/\/www.rucashk.com\/pt\/wp-json\/wp\/v2\/product_tag?post=39826"}],"curies":[{"name":"wp","href":"https:\/\/api.w.org\/{rel}","templated":true}]}}