{"id":39800,"date":"2024-03-26T13:28:56","date_gmt":"2024-03-26T13:28:56","guid":{"rendered":"http:\/\/rucashk.com\/?post_type=product&#038;p=39800"},"modified":"2025-06-21T05:24:57","modified_gmt":"2025-06-21T05:24:57","slug":"haylou-w1-tws-bluetooth-earbuds","status":"publish","type":"product","link":"https:\/\/www.rucashk.com\/pt\/produto\/haylou-w1-tws-bluetooth-earbuds\/","title":{"rendered":"Fones de ouvido Bluetooth Haylou W1 TWS"},"content":{"rendered":"<div class=\"universal-content-wrp\">\n<div class=\"w1-s7\">\n<div class=\"w1-s7-wrp\">\n<div class=\"w1-s7-txt-div\">\n<div><a class=\"slide-image\" style=\"background-color: #ffffff; font-family: var(--mt-font__main); font-size: 1rem;\" role=\"link\" aria-disabled=\"true\"><img decoding=\"async\" src=\"\/wp-content\/uploads\/replace\/ae2efa01cc2975462a664b0e098e2c71.png\" sizes=\"100vw\" srcset=\"\/\/haylou.com\/cdn\/shop\/files\/2-pc_c84a0ef5-d1f0-4a10-b5d3-738ce2729625_375x.png?v=1673596733 375w,\/\/haylou.com\/cdn\/shop\/files\/2-pc_c84a0ef5-d1f0-4a10-b5d3-738ce2729625.png?v=1673596733&amp;width=740 740w,\/\/haylou.com\/cdn\/shop\/files\/2-pc_c84a0ef5-d1f0-4a10-b5d3-738ce2729625.png?v=1673596733&amp;width=750 750w,\/\/haylou.com\/cdn\/shop\/files\/2-pc_c84a0ef5-d1f0-4a10-b5d3-738ce2729625.png?v=1673596733&amp;width=1100 1100w,\/\/haylou.com\/cdn\/shop\/files\/2-pc_c84a0ef5-d1f0-4a10-b5d3-738ce2729625.png?v=1673596733&amp;width=1370 1370w,\/\/haylou.com\/cdn\/shop\/files\/2-pc_c84a0ef5-d1f0-4a10-b5d3-738ce2729625.png?v=1673596733&amp;width=1500 1500w,\/\/haylou.com\/cdn\/shop\/files\/2-pc_c84a0ef5-d1f0-4a10-b5d3-738ce2729625.png?v=1673596733&amp;width=1770 1770w,\/\/haylou.com\/cdn\/shop\/files\/2-pc_c84a0ef5-d1f0-4a10-b5d3-738ce2729625.png?v=1673596733&amp;width=1780 1780w,\/\/haylou.com\/cdn\/shop\/files\/2-pc_c84a0ef5-d1f0-4a10-b5d3-738ce2729625.png?v=1673596733&amp;width=1880 1880w,\" alt=\"Haylou W1 TWS Bluetooth Earbuds\" width=\"1880\" height=\"800.0\" \/><\/a><\/div>\n<\/div>\n<\/div>\n<\/div>\n<\/div>\n<p>Fones de ouvido est\u00e9reo sem fio verdadeiros Haylou W1 com estojo de carregamento \u2013 32mAh\/310mAh<\/p>\n<p>D\u00ea uma trilha sonora \u00e0 sua vida com os fones de ouvido Haylou W1.<\/p>\n<p>Esses fones de ouvido TWS utilizam um sistema de \u00e1udio de alta tecnologia para oferecer qualidade de som impressionante para m\u00fasica, assistir v\u00eddeos ou jogos. Al\u00e9m disso, os quatro microfones, dois em cada fone de ouvido, juntamente com a tecnologia de cancelamento de ru\u00eddo, tamb\u00e9m garantem chamadas n\u00edtidas.<\/p>\n<p>Caracter\u00edsticas:<br \/>\n\u2013 Drivers topo de linha para excelente qualidade de som<br \/>\n\u2013 Conectividade Bluetooth 5.2 r\u00e1pida e est\u00e1vel<br \/>\n\u2013 At\u00e9 seis horas de m\u00fasica com uma \u00fanica carga de fones de ouvido<br \/>\n\u2013 Tecnologia integrada de cancelamento de ru\u00eddo cVc 8.0<br \/>\n\u2013 Design ergon\u00f4mico com pontas de silicone intercambi\u00e1veis<br \/>\n\u2013 Controles intuitivos sens\u00edveis ao toque<br \/>\n\u2013 Classifica\u00e7\u00e3o IPX4, resistente ao suor e \u00e0 chuva<\/p>\n<p>Especifica\u00e7\u00f5es:<br \/>\n\u2013 Conectividade: Bluetooth 5.2<br \/>\n\u2013 Protocolos suportados: SBC, AAC, aptX, aptX Adaptive, A2DP, AVRCP, HFP, HSP<br \/>\n\u2013 Capacidade da bateria do fone de ouvido: 32mAh<br \/>\n\u2013 Tempo de carregamento dos fones de ouvido: 2h<br \/>\n\u2013 Capacidade da bateria da caixa: 310mAh<br \/>\n\u2013 Tempo de carregamento da caixa: 3h<br \/>\n\u2013 Porta de carregamento do case: USB-C<br \/>\n\u2013 Dura\u00e7\u00e3o total da bateria: 20h<br \/>\n\u2013 Classifica\u00e7\u00e3o de prote\u00e7\u00e3o: IPX4<\/p>\n<p>O pacote inclui:<br \/>\n- Fones de ouvido<br \/>\n\u2013 Estojo de carregamento<br \/>\n\u2013 Cabo de carregamento<br \/>\n\u2013 Pontas de silicone<br \/>\n- Manual do usu\u00e1rio<\/p>","protected":false},"excerpt":{"rendered":"<ul>\n<li>Colorido + design intra-auricular = bonito e confort\u00e1vel<\/li>\n<li>aptX Adaptive = decodifica\u00e7\u00e3o HD principal<\/li>\n<li>Qualcomm3040 + Bluetooth 5.2 = Chip principal Mais r\u00e1pido e est\u00e1vel<\/li>\n<li>Opera\u00e7\u00e3o de controle de toque inteligente = Mais conveniente e precisa<\/li>\n<li>Redu\u00e7\u00e3o de ru\u00eddo de chamada CVC + microfone duplo = Mais puro e claro<\/li>\n<li>20h de bateria poderosa = Cure sua pequena ansiedade<\/li>\n<li>Baixa lat\u00eancia din\u00e2mica = Aproveite ao m\u00e1ximo o seu jogo<\/li>\n<li>Codifica\u00e7\u00e3o de \u00e1udio AAC HD = Mais pura e clara<\/li>\n<li>Emparelhamento mais r\u00e1pido = Conecte-se em um segundo<\/li>\n<li>Conex\u00e3o mais est\u00e1vel = alcance de transmiss\u00e3o de 10m<\/li>\n<li>Interruptor cont\u00ednuo = modo mono\/est\u00e9reo<\/li>\n<li>Compatibilidade mais ampla = Android\/iOS\/tablet\/computador<\/li>\n<\/ul>","protected":false},"featured_media":39804,"template":"","meta":[],"product_brand":[1369],"product_cat":[1309,1305],"product_tag":[],"class_list":{"0":"post-39800","1":"product","2":"type-product","3":"status-publish","4":"has-post-thumbnail","6":"product_brand-haylou","7":"product_cat-haylou-earphone","8":"product_cat-xiaomi-eco","10":"first","11":"instock","12":"shipping-taxable","13":"product-type-simple"},"aioseo_notices":[],"aioseo_head":"\n\t\t<!-- All in One SEO Pro 4.5.9.2 - aioseo.com -->\n\t\t<meta name=\"description\" content=\"Colorful + in-ear design = Pretty and comfortable aptX Adaptive = Flagship HD decoding Qualcomm3040 + Bluetooth 5.2 = Flagship chip Faster and more stable Smart touch control operation = More convenient and accurate CVC+dual-mic call noise reduction = More pure and clear 20h powerful battery life = Heal your little anxiety Dynamic low latency = Fully enjoy your game AAC HD audio coding = More pure and clear Faster pairing = Connect in a second More stable connection = 10m transmission range Seamless switch = Mono\/stereo mode Wider compatibility = Android\/iOS\/tablet\/computer\" \/>\n\t\t<meta name=\"robots\" content=\"max-image-preview:large\" \/>\n\t\t<link rel=\"canonical\" href=\"https:\/\/www.rucashk.com\/pt\/produto\/haylou-w1-tws-bluetooth-earbuds\/\" \/>\n\t\t<meta name=\"generator\" content=\"All in One SEO Pro (AIOSEO) 4.5.9.2\" \/>\n\t\t<meta property=\"og:locale\" content=\"pt_PT\" \/>\n\t\t<meta property=\"og:site_name\" content=\"Rucas - One-stop AIoT Distribution Worldwide\" \/>\n\t\t<meta property=\"og:type\" content=\"article\" \/>\n\t\t<meta property=\"og:title\" content=\"Haylou W1 TWS Bluetooth Earbuds - Rucas - Wholesale and Distribution\" \/>\n\t\t<meta property=\"og:description\" content=\"Colorful + in-ear design = Pretty and comfortable aptX Adaptive = Flagship HD decoding Qualcomm3040 + Bluetooth 5.2 = Flagship chip Faster and more stable Smart touch control operation = More convenient and accurate CVC+dual-mic call noise reduction = More pure and clear 20h powerful battery life = Heal your little anxiety Dynamic low latency = Fully enjoy your game AAC HD audio coding = More pure and clear Faster pairing = Connect in a second More stable connection = 10m transmission range Seamless switch = Mono\/stereo mode Wider compatibility = Android\/iOS\/tablet\/computer\" \/>\n\t\t<meta property=\"og:url\" content=\"https:\/\/www.rucashk.com\/pt\/produto\/haylou-w1-tws-bluetooth-earbuds\/\" \/>\n\t\t<meta property=\"og:image\" content=\"https:\/\/www.rucashk.com\/wp-content\/uploads\/replace\/503b8e645f128a97ccde2b6290747646.jpeg\" \/>\n\t\t<meta property=\"og:image:secure_url\" content=\"https:\/\/www.rucashk.com\/wp-content\/uploads\/replace\/503b8e645f128a97ccde2b6290747646.jpeg\" \/>\n\t\t<meta property=\"og:image:width\" content=\"1456\" \/>\n\t\t<meta property=\"og:image:height\" content=\"816\" \/>\n\t\t<meta property=\"article:published_time\" content=\"2024-03-26T13:28:56+00:00\" \/>\n\t\t<meta property=\"article:modified_time\" content=\"2025-06-21T05:24:57+00:00\" \/>\n\t\t<meta name=\"twitter:card\" content=\"summary_large_image\" \/>\n\t\t<meta name=\"twitter:title\" content=\"Haylou W1 TWS Bluetooth Earbuds - Rucas - Wholesale and Distribution\" \/>\n\t\t<meta name=\"twitter:description\" content=\"Colorful + in-ear design = Pretty and comfortable aptX Adaptive = Flagship HD decoding Qualcomm3040 + Bluetooth 5.2 = Flagship chip Faster and more stable Smart touch control operation = More convenient and accurate CVC+dual-mic call noise reduction = More pure and clear 20h powerful battery life = Heal your little anxiety Dynamic low latency = Fully enjoy your game AAC HD audio coding = More pure and clear Faster pairing = Connect in a second More stable connection = 10m transmission range Seamless switch = Mono\/stereo mode Wider compatibility = Android\/iOS\/tablet\/computer\" \/>\n\t\t<meta name=\"twitter:image\" content=\"https:\/\/www.rucashk.com\/wp-content\/uploads\/replace\/503b8e645f128a97ccde2b6290747646.jpeg\" \/>\n\t\t<script type=\"application\/ld+json\" class=\"aioseo-schema\">\n\t\t\t{\"@context\":\"https:\\\/\\\/schema.org\",\"@graph\":[{\"@type\":\"BreadcrumbList\",\"@id\":\"https:\\\/\\\/www.rucashk.com\\\/pt\\\/produto\\\/haylou-w1-tws-bluetooth-earbuds\\\/#breadcrumblist\",\"itemListElement\":[{\"@type\":\"ListItem\",\"@id\":\"https:\\\/\\\/www.rucashk.com\\\/pt\\\/#listItem\",\"position\":1,\"name\":\"Home\",\"item\":\"https:\\\/\\\/www.rucashk.com\\\/pt\\\/\",\"nextItem\":\"https:\\\/\\\/www.rucashk.com\\\/pt\\\/produto\\\/haylou-w1-tws-bluetooth-earbuds\\\/#listItem\"},{\"@type\":\"ListItem\",\"@id\":\"https:\\\/\\\/www.rucashk.com\\\/pt\\\/produto\\\/haylou-w1-tws-bluetooth-earbuds\\\/#listItem\",\"position\":2,\"name\":\"Haylou W1 TWS Bluetooth Earbuds\",\"previousItem\":\"https:\\\/\\\/www.rucashk.com\\\/pt\\\/#listItem\"}]},{\"@type\":\"Organization\",\"@id\":\"https:\\\/\\\/www.rucashk.com\\\/pt\\\/#organization\",\"name\":\"Rucas\",\"url\":\"https:\\\/\\\/www.rucashk.com\\\/pt\\\/\",\"logo\":{\"@type\":\"ImageObject\",\"url\":\"https:\\\/\\\/www.rucashk.com\\\/wp-content\\\/uploads\\\/2023\\\/12\\\/Rucas_campany_logo.png\",\"@id\":\"https:\\\/\\\/www.rucashk.com\\\/pt\\\/produto\\\/haylou-w1-tws-bluetooth-earbuds\\\/#organizationLogo\",\"width\":221,\"height\":65},\"image\":{\"@id\":\"https:\\\/\\\/www.rucashk.com\\\/pt\\\/#organizationLogo\"}},{\"@type\":\"Person\",\"@id\":\"https:\\\/\\\/www.rucashk.com\\\/pt\\\/author\\\/admin\\\/#author\",\"url\":\"https:\\\/\\\/www.rucashk.com\\\/pt\\\/author\\\/admin\\\/\",\"name\":\"admin\",\"image\":{\"@type\":\"ImageObject\",\"@id\":\"https:\\\/\\\/www.rucashk.com\\\/pt\\\/produto\\\/haylou-w1-tws-bluetooth-earbuds\\\/#authorImage\",\"url\":\"https:\\\/\\\/secure.gravatar.com\\\/avatar\\\/b7c8925b09a27e72b30232f8ecaadbd5af0f70a38c78096863fe51b64f031c24?s=96&d=mm&r=g\",\"width\":96,\"height\":96,\"caption\":\"admin\"}},{\"@type\":\"WebPage\",\"@id\":\"https:\\\/\\\/www.rucashk.com\\\/pt\\\/produto\\\/haylou-w1-tws-bluetooth-earbuds\\\/#webpage\",\"url\":\"https:\\\/\\\/www.rucashk.com\\\/pt\\\/produto\\\/haylou-w1-tws-bluetooth-earbuds\\\/\",\"name\":\"Haylou W1 TWS Bluetooth Earbuds - Rucas - Wholesale and Distribution\",\"description\":\"Colorful + in-ear design = Pretty and comfortable aptX Adaptive = Flagship HD decoding Qualcomm3040 + Bluetooth 5.2 = Flagship chip Faster and more stable Smart touch control operation = More convenient and accurate CVC+dual-mic call noise reduction = More pure and clear 20h powerful battery life = Heal your little anxiety Dynamic low latency = Fully enjoy your game AAC HD audio coding = More pure and clear Faster pairing = Connect in a second More stable connection = 10m transmission range Seamless switch = Mono\\\/stereo mode Wider compatibility = Android\\\/iOS\\\/tablet\\\/computer\",\"inLanguage\":\"pt-PT\",\"isPartOf\":{\"@id\":\"https:\\\/\\\/www.rucashk.com\\\/pt\\\/#website\"},\"breadcrumb\":{\"@id\":\"https:\\\/\\\/www.rucashk.com\\\/pt\\\/produto\\\/haylou-w1-tws-bluetooth-earbuds\\\/#breadcrumblist\"},\"author\":{\"@id\":\"https:\\\/\\\/www.rucashk.com\\\/pt\\\/author\\\/admin\\\/#author\"},\"creator\":{\"@id\":\"https:\\\/\\\/www.rucashk.com\\\/pt\\\/author\\\/admin\\\/#author\"},\"image\":{\"@type\":\"ImageObject\",\"url\":\"https:\\\/\\\/www.rucashk.com\\\/wp-content\\\/uploads\\\/2024\\\/03\\\/\\u4e0b\\u8f7d.jpg\",\"@id\":\"https:\\\/\\\/www.rucashk.com\\\/pt\\\/produto\\\/haylou-w1-tws-bluetooth-earbuds\\\/#mainImage\",\"width\":225,\"height\":225},\"primaryImageOfPage\":{\"@id\":\"https:\\\/\\\/www.rucashk.com\\\/pt\\\/produto\\\/haylou-w1-tws-bluetooth-earbuds\\\/#mainImage\"},\"datePublished\":\"2024-03-26T13:28:56+00:00\",\"dateModified\":\"2025-06-21T05:24:57+00:00\"},{\"@type\":\"WebSite\",\"@id\":\"https:\\\/\\\/www.rucashk.com\\\/pt\\\/#website\",\"url\":\"https:\\\/\\\/www.rucashk.com\\\/pt\\\/\",\"name\":\"Rucas - Wholesale and distribution worldwide\",\"alternateName\":\"Rucas - One-stop AIoT Distribution Worldwide\",\"description\":\"One-stop AIoT Distribution Worldwide\",\"inLanguage\":\"pt-PT\",\"publisher\":{\"@id\":\"https:\\\/\\\/www.rucashk.com\\\/pt\\\/#organization\"}}]}\n\t\t<\/script>\n\t\t<!-- All in One SEO Pro -->\r\n\t\t<title>Haylou W1 TWS Bluetooth Earbuds - Rucas - Wholesale and Distribution<\/title>\n\n","aioseo_head_json":{"title":"Haylou W1 TWS Bluetooth Earbuds - Rucas - Wholesale and Distribution","description":"Colorful + in-ear design = Pretty and comfortable aptX Adaptive = Flagship HD decoding Qualcomm3040 + Bluetooth 5.2 = Flagship chip Faster and more stable Smart touch control operation = More convenient and accurate CVC+dual-mic call noise reduction = More pure and clear 20h powerful battery life = Heal your little anxiety Dynamic low latency = Fully enjoy your game AAC HD audio coding = More pure and clear Faster pairing = Connect in a second More stable connection = 10m transmission range Seamless switch = Mono\/stereo mode Wider compatibility = Android\/iOS\/tablet\/computer","canonical_url":"https:\/\/www.rucashk.com\/pt\/produto\/haylou-w1-tws-bluetooth-earbuds\/","robots":"max-image-preview:large","keywords":"","webmasterTools":{"miscellaneous":""},"og:locale":"pt_PT","og:site_name":"Rucas - One-stop AIoT Distribution Worldwide","og:type":"article","og:title":"Haylou W1 TWS Bluetooth Earbuds - Rucas - Wholesale and Distribution","og:description":"Colorful + in-ear design = Pretty and comfortable aptX Adaptive = Flagship HD decoding Qualcomm3040 + Bluetooth 5.2 = Flagship chip Faster and more stable Smart touch control operation = More convenient and accurate CVC+dual-mic call noise reduction = More pure and clear 20h powerful battery life = Heal your little anxiety Dynamic low latency = Fully enjoy your game AAC HD audio coding = More pure and clear Faster pairing = Connect in a second More stable connection = 10m transmission range Seamless switch = Mono\/stereo mode Wider compatibility = Android\/iOS\/tablet\/computer","og:url":"https:\/\/www.rucashk.com\/pt\/produto\/haylou-w1-tws-bluetooth-earbuds\/","og:image":"https:\/\/www.rucashk.com\/wp-content\/uploads\/replace\/503b8e645f128a97ccde2b6290747646.jpeg","og:image:secure_url":"https:\/\/www.rucashk.com\/wp-content\/uploads\/replace\/503b8e645f128a97ccde2b6290747646.jpeg","og:image:width":1456,"og:image:height":816,"article:published_time":"2024-03-26T13:28:56+00:00","article:modified_time":"2025-06-21T05:24:57+00:00","twitter:card":"summary_large_image","twitter:title":"Haylou W1 TWS Bluetooth Earbuds - Rucas - Wholesale and Distribution","twitter:description":"Colorful + in-ear design = Pretty and comfortable aptX Adaptive = Flagship HD decoding Qualcomm3040 + Bluetooth 5.2 = Flagship chip Faster and more stable Smart touch control operation = More convenient and accurate CVC+dual-mic call noise reduction = More pure and clear 20h powerful battery life = Heal your little anxiety Dynamic low latency = Fully enjoy your game AAC HD audio coding = More pure and clear Faster pairing = Connect in a second More stable connection = 10m transmission range Seamless switch = Mono\/stereo mode Wider compatibility = Android\/iOS\/tablet\/computer","twitter:image":"https:\/\/www.rucashk.com\/wp-content\/uploads\/replace\/503b8e645f128a97ccde2b6290747646.jpeg","schema":{"@context":"https:\/\/schema.org","@graph":[{"@type":"BreadcrumbList","@id":"https:\/\/www.rucashk.com\/pt\/produto\/haylou-w1-tws-bluetooth-earbuds\/#breadcrumblist","itemListElement":[{"@type":"ListItem","@id":"https:\/\/www.rucashk.com\/pt\/#listItem","position":1,"name":"Home","item":"https:\/\/www.rucashk.com\/pt\/","nextItem":"https:\/\/www.rucashk.com\/pt\/produto\/haylou-w1-tws-bluetooth-earbuds\/#listItem"},{"@type":"ListItem","@id":"https:\/\/www.rucashk.com\/pt\/produto\/haylou-w1-tws-bluetooth-earbuds\/#listItem","position":2,"name":"Haylou W1 TWS Bluetooth Earbuds","previousItem":"https:\/\/www.rucashk.com\/pt\/#listItem"}]},{"@type":"Organization","@id":"https:\/\/www.rucashk.com\/pt\/#organization","name":"Rucas","url":"https:\/\/www.rucashk.com\/pt\/","logo":{"@type":"ImageObject","url":"https:\/\/www.rucashk.com\/wp-content\/uploads\/2023\/12\/Rucas_campany_logo.png","@id":"https:\/\/www.rucashk.com\/pt\/produto\/haylou-w1-tws-bluetooth-earbuds\/#organizationLogo","width":221,"height":65},"image":{"@id":"https:\/\/www.rucashk.com\/pt\/#organizationLogo"}},{"@type":"Person","@id":"https:\/\/www.rucashk.com\/pt\/author\/admin\/#author","url":"https:\/\/www.rucashk.com\/pt\/author\/admin\/","name":"admin","image":{"@type":"ImageObject","@id":"https:\/\/www.rucashk.com\/pt\/produto\/haylou-w1-tws-bluetooth-earbuds\/#authorImage","url":"https:\/\/secure.gravatar.com\/avatar\/b7c8925b09a27e72b30232f8ecaadbd5af0f70a38c78096863fe51b64f031c24?s=96&d=mm&r=g","width":96,"height":96,"caption":"admin"}},{"@type":"WebPage","@id":"https:\/\/www.rucashk.com\/pt\/produto\/haylou-w1-tws-bluetooth-earbuds\/#webpage","url":"https:\/\/www.rucashk.com\/pt\/produto\/haylou-w1-tws-bluetooth-earbuds\/","name":"Haylou W1 TWS Bluetooth Earbuds - Rucas - Wholesale and Distribution","description":"Colorful + in-ear design = Pretty and comfortable aptX Adaptive = Flagship HD decoding Qualcomm3040 + Bluetooth 5.2 = Flagship chip Faster and more stable Smart touch control operation = More convenient and accurate CVC+dual-mic call noise reduction = More pure and clear 20h powerful battery life = Heal your little anxiety Dynamic low latency = Fully enjoy your game AAC HD audio coding = More pure and clear Faster pairing = Connect in a second More stable connection = 10m transmission range Seamless switch = Mono\/stereo mode Wider compatibility = Android\/iOS\/tablet\/computer","inLanguage":"pt-PT","isPartOf":{"@id":"https:\/\/www.rucashk.com\/pt\/#website"},"breadcrumb":{"@id":"https:\/\/www.rucashk.com\/pt\/produto\/haylou-w1-tws-bluetooth-earbuds\/#breadcrumblist"},"author":{"@id":"https:\/\/www.rucashk.com\/pt\/author\/admin\/#author"},"creator":{"@id":"https:\/\/www.rucashk.com\/pt\/author\/admin\/#author"},"image":{"@type":"ImageObject","url":"https:\/\/www.rucashk.com\/wp-content\/uploads\/2024\/03\/\u4e0b\u8f7d.jpg","@id":"https:\/\/www.rucashk.com\/pt\/produto\/haylou-w1-tws-bluetooth-earbuds\/#mainImage","width":225,"height":225},"primaryImageOfPage":{"@id":"https:\/\/www.rucashk.com\/pt\/produto\/haylou-w1-tws-bluetooth-earbuds\/#mainImage"},"datePublished":"2024-03-26T13:28:56+00:00","dateModified":"2025-06-21T05:24:57+00:00"},{"@type":"WebSite","@id":"https:\/\/www.rucashk.com\/pt\/#website","url":"https:\/\/www.rucashk.com\/pt\/","name":"Rucas - Wholesale and distribution worldwide","alternateName":"Rucas - One-stop AIoT Distribution Worldwide","description":"One-stop AIoT Distribution Worldwide","inLanguage":"pt-PT","publisher":{"@id":"https:\/\/www.rucashk.com\/pt\/#organization"}}]}},"aioseo_meta_data":{"post_id":"39800","title":null,"description":null,"keywords":null,"keyphrases":null,"primary_term":null,"canonical_url":null,"og_title":null,"og_description":null,"og_object_type":"default","og_image_type":"default","og_image_url":null,"og_image_width":null,"og_image_height":null,"og_image_custom_url":null,"og_image_custom_fields":null,"og_video":"","og_custom_url":null,"og_article_section":null,"og_article_tags":null,"twitter_use_og":false,"twitter_card":"default","twitter_image_type":"default","twitter_image_url":null,"twitter_image_custom_url":null,"twitter_image_custom_fields":null,"twitter_title":null,"twitter_description":null,"schema":{"blockGraphs":[],"customGraphs":[],"default":{"data":{"Article":[],"Course":[],"Dataset":[],"FAQPage":[],"Movie":[],"Person":[],"Product":[],"Recipe":[],"Service":[],"SoftwareApplication":[],"WebPage":[]},"graphName":"","isEnabled":true},"graphs":[]},"schema_type":"default","schema_type_options":null,"pillar_content":false,"robots_default":true,"robots_noindex":false,"robots_noarchive":false,"robots_nosnippet":false,"robots_nofollow":false,"robots_noimageindex":false,"robots_noodp":false,"robots_notranslate":false,"robots_max_snippet":"-1","robots_max_videopreview":"-1","robots_max_imagepreview":"large","priority":null,"frequency":"default","local_seo":null,"breadcrumb_settings":null,"limit_modified_date":false,"created":"2024-04-11 01:57:23","updated":"2025-06-22 18:52:55"},"aioseo_breadcrumb":"<div class=\"aioseo-breadcrumbs\"><span class=\"aioseo-breadcrumb\">\n\t<a href=\"https:\/\/www.rucashk.com\/pt\" title=\"Home\">Home<\/a>\n<\/span><span class=\"aioseo-breadcrumb-separator\">&raquo;<\/span><span class=\"aioseo-breadcrumb\">\n\t<a href=\"https:\/\/www.rucashk.com\/pt\/products\/\" title=\"Produtos\">Produtos<\/a>\n<\/span><span class=\"aioseo-breadcrumb-separator\">&raquo;<\/span><span class=\"aioseo-breadcrumb\">\n\t<a href=\"https:\/\/www.rucashk.com\/pt\/marca\/haylou\/\" title=\"Haylou\">Haylou<\/a>\n<\/span><span class=\"aioseo-breadcrumb-separator\">&raquo;<\/span><span class=\"aioseo-breadcrumb\">\n\tHaylou W1 TWS Bluetooth Earbuds\n<\/span><\/div>","aioseo_breadcrumb_json":[{"label":"Home","link":"https:\/\/www.rucashk.com\/pt"},{"label":"Produtos","link":"https:\/\/www.rucashk.com\/pt\/products\/"},{"label":"Haylou","link":"https:\/\/www.rucashk.com\/pt\/marca\/haylou\/"},{"label":"Haylou W1 TWS Bluetooth Earbuds","link":"https:\/\/www.rucashk.com\/pt\/produto\/haylou-w1-tws-bluetooth-earbuds\/"}],"_links":{"self":[{"href":"https:\/\/www.rucashk.com\/pt\/wp-json\/wp\/v2\/product\/39800","targetHints":{"allow":["GET"]}}],"collection":[{"href":"https:\/\/www.rucashk.com\/pt\/wp-json\/wp\/v2\/product"}],"about":[{"href":"https:\/\/www.rucashk.com\/pt\/wp-json\/wp\/v2\/types\/product"}],"wp:featuredmedia":[{"embeddable":true,"href":"https:\/\/www.rucashk.com\/pt\/wp-json\/wp\/v2\/media\/39804"}],"wp:attachment":[{"href":"https:\/\/www.rucashk.com\/pt\/wp-json\/wp\/v2\/media?parent=39800"}],"wp:term":[{"taxonomy":"product_brand","embeddable":true,"href":"https:\/\/www.rucashk.com\/pt\/wp-json\/wp\/v2\/product_brand?post=39800"},{"taxonomy":"product_cat","embeddable":true,"href":"https:\/\/www.rucashk.com\/pt\/wp-json\/wp\/v2\/product_cat?post=39800"},{"taxonomy":"product_tag","embeddable":true,"href":"https:\/\/www.rucashk.com\/pt\/wp-json\/wp\/v2\/product_tag?post=39800"}],"curies":[{"name":"wp","href":"https:\/\/api.w.org\/{rel}","templated":true}]}}