{"id":39785,"date":"2024-03-26T12:59:57","date_gmt":"2024-03-26T12:59:57","guid":{"rendered":"http:\/\/rucashk.com\/?post_type=product&#038;p=39785"},"modified":"2024-04-16T13:26:05","modified_gmt":"2024-04-16T13:26:05","slug":"mibro-watch-phone-p5-kids-smartwatch","status":"publish","type":"product","link":"https:\/\/www.rucashk.com\/pt\/produto\/mibro-watch-phone-p5-kids-smartwatch\/","title":{"rendered":"Mibro Watch Phone P5 Kids Smartwatch"},"content":{"rendered":"<p><img decoding=\"async\" alt=\"Mibro Watch Phone P5 Kids Smartwatch\" class=\"aligncenter\" src=\"\/wp-content\/uploads\/replace\/14e355914f8e512471a72148a397cdcb.png\" \/><img decoding=\"async\" alt=\"Mibro Watch Phone P5 Kids Smartwatch\" class=\"aligncenter\" src=\"\/wp-content\/uploads\/replace\/9d7bcd7fccf6805ded9f1ea41e8f1b20.png\" \/><img decoding=\"async\" alt=\"Mibro Watch Phone P5 Kids Smartwatch\" class=\"aligncenter\" src=\"\/wp-content\/uploads\/replace\/4de2121f8332b051f97fb12c58b65842.png\" \/><\/p>\n<p style=\"text-align: left;\">O smartwatch infantil Xiaomi Mibro P5 oferece uma variedade de fun\u00e7\u00f5es interessantes, incluindo modos esportivos, chamadas de v\u00eddeo HD, um bot\u00e3o SOS, um recurso de zona de seguran\u00e7a e um modo de aula. Gra\u00e7as \u00e0 sua certifica\u00e7\u00e3o \u00e0 prova d&#039;\u00e1gua IPX8, seu filho pode usar o smartwatch enquanto toma banho ou nada sem preocupa\u00e7\u00f5es. Basta inserir um cart\u00e3o SIM 4G para transformar o smartwatch em um telefone de pulso que permite que seu filho fique conectado o tempo todo. Al\u00e9m disso, os pais podem agendar lembretes para seus filhos usando o aplicativo dedicado para smartphone.<\/p>\n<p><b>Caracter\u00edsticas:<\/b><br \/>\n\u2013 Xiaomi Mibro Kids assiste telefone P5 com muitas fun\u00e7\u00f5es \u00fateis<br \/>\n\u2013 Tire fotos e grave v\u00eddeos com a c\u00e2mera embutida e personalize-os com filtros e adesivos<br \/>\n\u2013 Acompanhe os passos, calorias e frequ\u00eancia card\u00edaca das crian\u00e7as e estabele\u00e7a metas para elas<br \/>\n\u2013 Seus filhos podem se comunicar com amigos e familiares atrav\u00e9s do bate-papo por voz<br \/>\n\u2013 O modo de aula garante que n\u00e3o ocorram dist\u00farbios enquanto seu filho estiver na escola<br \/>\n\u2013 Zona de seguran\u00e7a \u2013 os pais podem adicionar locais de visita frequente e ser\u00e3o lembrados quando a crian\u00e7a entrar\/sair dessas zonas<br \/>\n\u2013 Fun\u00e7\u00e3o SOS \u2013 em caso de emerg\u00eancia pressione e segure o bot\u00e3o liga\/desliga por 3s para enviar o sinal SOS com localiza\u00e7\u00e3o<br \/>\n\u2013 Funcionalidades adicionais como lanterna, localiza\u00e7\u00e3o de rel\u00f3gio, despertador, painel de discagem, previs\u00e3o do tempo, etc.<\/p>\n<p><b>Especifica\u00e7\u00f5es:<\/b><br \/>\n\u2013 Tela: tela colorida IPS de 1,3\u2033<br \/>\n\u2013 Cart\u00e3o SIM: nano SIM<br \/>\n\u2013 Sistema de localiza\u00e7\u00e3o: 4G LTE, GPS, WiFi, Beidou, AI, esta\u00e7\u00e3o base, sensor G, c\u00e2mera<br \/>\n\u2013 Capacidade da bateria: 900mAh<br \/>\n\u2013 Tempo de trabalho: at\u00e9 7 dias<br \/>\n\u2013 Tempo de espera: at\u00e9 12 dias<br \/>\n\u2013 Tipo de carregamento: cabo de carregamento magn\u00e9tico<br \/>\n\u2013 C\u00e2mera: 2MP<br \/>\n\u2013 Classifica\u00e7\u00e3o \u00e0 prova d\u2019\u00e1gua: IPX8<br \/>\n\u2013 Aplicativo: Mibro Fit<\/p>\n<p><b>O pacote inclui:<\/b><br \/>\n\u2013 Xiaomi Mibro Kids Smartwatch Telefone P5<br \/>\n\u2013 Cabo de carregamento magn\u00e9tico<br \/>\n- Manual do usu\u00e1rio<\/p>","protected":false},"excerpt":{"rendered":"<p>\u2013 Xiaomi Mibro Kids assiste telefone P5 com muitas fun\u00e7\u00f5es \u00fateis<br \/>\n\u2013 Tire fotos e grave v\u00eddeos com a c\u00e2mera embutida e personalize-os com filtros e adesivos<br \/>\n\u2013 Acompanhe os passos, calorias e frequ\u00eancia card\u00edaca das crian\u00e7as e estabele\u00e7a metas para elas<br \/>\n\u2013 Seus filhos podem se comunicar com amigos e familiares atrav\u00e9s do bate-papo por voz<br \/>\n\u2013 O modo de aula garante que n\u00e3o ocorram dist\u00farbios enquanto seu filho estiver na escola<br \/>\n\u2013 Zona de seguran\u00e7a \u2013 os pais podem adicionar locais de visita frequente e ser\u00e3o lembrados quando a crian\u00e7a entrar\/sair dessas zonas<br \/>\n\u2013 Fun\u00e7\u00e3o SOS \u2013 em caso de emerg\u00eancia pressione e segure o bot\u00e3o liga\/desliga por 3s para enviar o sinal SOS com localiza\u00e7\u00e3o<br \/>\n\u2013 Funcionalidades adicionais como lanterna, localiza\u00e7\u00e3o de rel\u00f3gio, despertador, painel de discagem, previs\u00e3o do tempo, etc.<\/p>","protected":false},"featured_media":39789,"template":"","meta":[],"product_brand":[1370],"product_cat":[1308,1305],"product_tag":[],"class_list":{"0":"post-39785","1":"product","2":"type-product","3":"status-publish","4":"has-post-thumbnail","6":"product_brand-mibro","7":"product_cat-mibro-smartwatch","8":"product_cat-xiaomi-eco","10":"first","11":"instock","12":"shipping-taxable","13":"product-type-simple"},"aioseo_notices":[],"aioseo_head":"\n\t\t<!-- All in One SEO Pro 4.5.9.2 - aioseo.com -->\n\t\t<meta name=\"description\" content=\"- Xiaomi Mibro Kids watch phone P5 with many useful functions - Take photos and videos with the built-in camera and customize them with filters and stickers - Track kids steps, calories, and heart rate and set goals for them - Your kids can communicate with friends and family with the voice chat - Class mode ensures no disturbances occur while your child is at school - Safety zone - parents can add frequently visit places and will be reminded when child enters\/leaves these zones - SOS function - in case of emergency press and hold the power-on button for 3s to send the SOS signal with location - Additional functionalities such as a flashlight, watch find, alarm clock, dialing panel, weather, etc.\" \/>\n\t\t<meta name=\"robots\" content=\"max-image-preview:large\" \/>\n\t\t<link rel=\"canonical\" href=\"https:\/\/www.rucashk.com\/pt\/produto\/mibro-watch-phone-p5-kids-smartwatch\/\" \/>\n\t\t<meta name=\"generator\" content=\"All in One SEO Pro (AIOSEO) 4.5.9.2\" \/>\n\t\t<meta property=\"og:locale\" content=\"pt_PT\" \/>\n\t\t<meta property=\"og:site_name\" content=\"Rucas - One-stop AIoT Distribution Worldwide\" \/>\n\t\t<meta property=\"og:type\" content=\"article\" \/>\n\t\t<meta property=\"og:title\" content=\"Mibro Watch Phone P5 Kids Smartwatch - Rucas - Wholesale and Distribution\" \/>\n\t\t<meta property=\"og:description\" content=\"- Xiaomi Mibro Kids watch phone P5 with many useful functions - Take photos and videos with the built-in camera and customize them with filters and stickers - Track kids steps, calories, and heart rate and set goals for them - Your kids can communicate with friends and family with the voice chat - Class mode ensures no disturbances occur while your child is at school - Safety zone - parents can add frequently visit places and will be reminded when child enters\/leaves these zones - SOS function - in case of emergency press and hold the power-on button for 3s to send the SOS signal with location - Additional functionalities such as a flashlight, watch find, alarm clock, dialing panel, weather, etc.\" \/>\n\t\t<meta property=\"og:url\" content=\"https:\/\/www.rucashk.com\/pt\/produto\/mibro-watch-phone-p5-kids-smartwatch\/\" \/>\n\t\t<meta property=\"og:image\" content=\"https:\/\/www.rucashk.com\/wp-content\/uploads\/replace\/503b8e645f128a97ccde2b6290747646.jpeg\" \/>\n\t\t<meta property=\"og:image:secure_url\" content=\"https:\/\/www.rucashk.com\/wp-content\/uploads\/replace\/503b8e645f128a97ccde2b6290747646.jpeg\" \/>\n\t\t<meta property=\"og:image:width\" content=\"1456\" \/>\n\t\t<meta property=\"og:image:height\" content=\"816\" \/>\n\t\t<meta property=\"article:published_time\" content=\"2024-03-26T12:59:57+00:00\" \/>\n\t\t<meta property=\"article:modified_time\" content=\"2024-04-16T13:26:05+00:00\" \/>\n\t\t<meta name=\"twitter:card\" content=\"summary_large_image\" \/>\n\t\t<meta name=\"twitter:title\" content=\"Mibro Watch Phone P5 Kids Smartwatch - Rucas - Wholesale and Distribution\" \/>\n\t\t<meta name=\"twitter:description\" content=\"- Xiaomi Mibro Kids watch phone P5 with many useful functions - Take photos and videos with the built-in camera and customize them with filters and stickers - Track kids steps, calories, and heart rate and set goals for them - Your kids can communicate with friends and family with the voice chat - Class mode ensures no disturbances occur while your child is at school - Safety zone - parents can add frequently visit places and will be reminded when child enters\/leaves these zones - SOS function - in case of emergency press and hold the power-on button for 3s to send the SOS signal with location - Additional functionalities such as a flashlight, watch find, alarm clock, dialing panel, weather, etc.\" \/>\n\t\t<meta name=\"twitter:image\" content=\"https:\/\/www.rucashk.com\/wp-content\/uploads\/replace\/503b8e645f128a97ccde2b6290747646.jpeg\" \/>\n\t\t<script type=\"application\/ld+json\" class=\"aioseo-schema\">\n\t\t\t{\"@context\":\"https:\\\/\\\/schema.org\",\"@graph\":[{\"@type\":\"BreadcrumbList\",\"@id\":\"https:\\\/\\\/www.rucashk.com\\\/pt\\\/produto\\\/mibro-watch-phone-p5-kids-smartwatch\\\/#breadcrumblist\",\"itemListElement\":[{\"@type\":\"ListItem\",\"@id\":\"https:\\\/\\\/www.rucashk.com\\\/pt\\\/#listItem\",\"position\":1,\"name\":\"Home\",\"item\":\"https:\\\/\\\/www.rucashk.com\\\/pt\\\/\",\"nextItem\":\"https:\\\/\\\/www.rucashk.com\\\/pt\\\/produto\\\/mibro-watch-phone-p5-kids-smartwatch\\\/#listItem\"},{\"@type\":\"ListItem\",\"@id\":\"https:\\\/\\\/www.rucashk.com\\\/pt\\\/produto\\\/mibro-watch-phone-p5-kids-smartwatch\\\/#listItem\",\"position\":2,\"name\":\"Mibro Watch Phone P5 Kids Smartwatch\",\"previousItem\":\"https:\\\/\\\/www.rucashk.com\\\/pt\\\/#listItem\"}]},{\"@type\":\"Organization\",\"@id\":\"https:\\\/\\\/www.rucashk.com\\\/pt\\\/#organization\",\"name\":\"Rucas\",\"url\":\"https:\\\/\\\/www.rucashk.com\\\/pt\\\/\",\"logo\":{\"@type\":\"ImageObject\",\"url\":\"https:\\\/\\\/www.rucashk.com\\\/wp-content\\\/uploads\\\/2023\\\/12\\\/Rucas_campany_logo.png\",\"@id\":\"https:\\\/\\\/www.rucashk.com\\\/pt\\\/produto\\\/mibro-watch-phone-p5-kids-smartwatch\\\/#organizationLogo\",\"width\":221,\"height\":65},\"image\":{\"@id\":\"https:\\\/\\\/www.rucashk.com\\\/pt\\\/#organizationLogo\"}},{\"@type\":\"Person\",\"@id\":\"https:\\\/\\\/www.rucashk.com\\\/pt\\\/author\\\/admin\\\/#author\",\"url\":\"https:\\\/\\\/www.rucashk.com\\\/pt\\\/author\\\/admin\\\/\",\"name\":\"admin\",\"image\":{\"@type\":\"ImageObject\",\"@id\":\"https:\\\/\\\/www.rucashk.com\\\/pt\\\/produto\\\/mibro-watch-phone-p5-kids-smartwatch\\\/#authorImage\",\"url\":\"https:\\\/\\\/secure.gravatar.com\\\/avatar\\\/b7c8925b09a27e72b30232f8ecaadbd5af0f70a38c78096863fe51b64f031c24?s=96&d=mm&r=g\",\"width\":96,\"height\":96,\"caption\":\"admin\"}},{\"@type\":\"WebPage\",\"@id\":\"https:\\\/\\\/www.rucashk.com\\\/pt\\\/produto\\\/mibro-watch-phone-p5-kids-smartwatch\\\/#webpage\",\"url\":\"https:\\\/\\\/www.rucashk.com\\\/pt\\\/produto\\\/mibro-watch-phone-p5-kids-smartwatch\\\/\",\"name\":\"Mibro Watch Phone P5 Kids Smartwatch - Rucas - Wholesale and Distribution\",\"description\":\"- Xiaomi Mibro Kids watch phone P5 with many useful functions - Take photos and videos with the built-in camera and customize them with filters and stickers - Track kids steps, calories, and heart rate and set goals for them - Your kids can communicate with friends and family with the voice chat - Class mode ensures no disturbances occur while your child is at school - Safety zone - parents can add frequently visit places and will be reminded when child enters\\\/leaves these zones - SOS function - in case of emergency press and hold the power-on button for 3s to send the SOS signal with location - Additional functionalities such as a flashlight, watch find, alarm clock, dialing panel, weather, etc.\",\"inLanguage\":\"pt-PT\",\"isPartOf\":{\"@id\":\"https:\\\/\\\/www.rucashk.com\\\/pt\\\/#website\"},\"breadcrumb\":{\"@id\":\"https:\\\/\\\/www.rucashk.com\\\/pt\\\/produto\\\/mibro-watch-phone-p5-kids-smartwatch\\\/#breadcrumblist\"},\"author\":{\"@id\":\"https:\\\/\\\/www.rucashk.com\\\/pt\\\/author\\\/admin\\\/#author\"},\"creator\":{\"@id\":\"https:\\\/\\\/www.rucashk.com\\\/pt\\\/author\\\/admin\\\/#author\"},\"image\":{\"@type\":\"ImageObject\",\"url\":\"https:\\\/\\\/www.rucashk.com\\\/wp-content\\\/uploads\\\/2024\\\/03\\\/54425578_extra_large.webp\",\"@id\":\"https:\\\/\\\/www.rucashk.com\\\/pt\\\/produto\\\/mibro-watch-phone-p5-kids-smartwatch\\\/#mainImage\",\"width\":1600,\"height\":1600},\"primaryImageOfPage\":{\"@id\":\"https:\\\/\\\/www.rucashk.com\\\/pt\\\/produto\\\/mibro-watch-phone-p5-kids-smartwatch\\\/#mainImage\"},\"datePublished\":\"2024-03-26T12:59:57+00:00\",\"dateModified\":\"2024-04-16T13:26:05+00:00\"},{\"@type\":\"WebSite\",\"@id\":\"https:\\\/\\\/www.rucashk.com\\\/pt\\\/#website\",\"url\":\"https:\\\/\\\/www.rucashk.com\\\/pt\\\/\",\"name\":\"Rucas - Wholesale and distribution worldwide\",\"alternateName\":\"Rucas - One-stop AIoT Distribution Worldwide\",\"description\":\"One-stop AIoT Distribution Worldwide\",\"inLanguage\":\"pt-PT\",\"publisher\":{\"@id\":\"https:\\\/\\\/www.rucashk.com\\\/pt\\\/#organization\"}}]}\n\t\t<\/script>\n\t\t<!-- All in One SEO Pro -->\r\n\t\t<title>Mibro Watch Phone P5 Kids Smartwatch - Rucas - Wholesale and Distribution<\/title>\n\n","aioseo_head_json":{"title":"Mibro Watch Phone P5 Kids Smartwatch - Rucas - Wholesale and Distribution","description":"- Xiaomi Mibro Kids watch phone P5 with many useful functions - Take photos and videos with the built-in camera and customize them with filters and stickers - Track kids steps, calories, and heart rate and set goals for them - Your kids can communicate with friends and family with the voice chat - Class mode ensures no disturbances occur while your child is at school - Safety zone - parents can add frequently visit places and will be reminded when child enters\/leaves these zones - SOS function - in case of emergency press and hold the power-on button for 3s to send the SOS signal with location - Additional functionalities such as a flashlight, watch find, alarm clock, dialing panel, weather, etc.","canonical_url":"https:\/\/www.rucashk.com\/pt\/produto\/mibro-watch-phone-p5-kids-smartwatch\/","robots":"max-image-preview:large","keywords":"","webmasterTools":{"miscellaneous":""},"og:locale":"pt_PT","og:site_name":"Rucas - One-stop AIoT Distribution Worldwide","og:type":"article","og:title":"Mibro Watch Phone P5 Kids Smartwatch - Rucas - Wholesale and Distribution","og:description":"- Xiaomi Mibro Kids watch phone P5 with many useful functions - Take photos and videos with the built-in camera and customize them with filters and stickers - Track kids steps, calories, and heart rate and set goals for them - Your kids can communicate with friends and family with the voice chat - Class mode ensures no disturbances occur while your child is at school - Safety zone - parents can add frequently visit places and will be reminded when child enters\/leaves these zones - SOS function - in case of emergency press and hold the power-on button for 3s to send the SOS signal with location - Additional functionalities such as a flashlight, watch find, alarm clock, dialing panel, weather, etc.","og:url":"https:\/\/www.rucashk.com\/pt\/produto\/mibro-watch-phone-p5-kids-smartwatch\/","og:image":"https:\/\/www.rucashk.com\/wp-content\/uploads\/replace\/503b8e645f128a97ccde2b6290747646.jpeg","og:image:secure_url":"https:\/\/www.rucashk.com\/wp-content\/uploads\/replace\/503b8e645f128a97ccde2b6290747646.jpeg","og:image:width":1456,"og:image:height":816,"article:published_time":"2024-03-26T12:59:57+00:00","article:modified_time":"2024-04-16T13:26:05+00:00","twitter:card":"summary_large_image","twitter:title":"Mibro Watch Phone P5 Kids Smartwatch - Rucas - Wholesale and Distribution","twitter:description":"- Xiaomi Mibro Kids watch phone P5 with many useful functions - Take photos and videos with the built-in camera and customize them with filters and stickers - Track kids steps, calories, and heart rate and set goals for them - Your kids can communicate with friends and family with the voice chat - Class mode ensures no disturbances occur while your child is at school - Safety zone - parents can add frequently visit places and will be reminded when child enters\/leaves these zones - SOS function - in case of emergency press and hold the power-on button for 3s to send the SOS signal with location - Additional functionalities such as a flashlight, watch find, alarm clock, dialing panel, weather, etc.","twitter:image":"https:\/\/www.rucashk.com\/wp-content\/uploads\/replace\/503b8e645f128a97ccde2b6290747646.jpeg","schema":{"@context":"https:\/\/schema.org","@graph":[{"@type":"BreadcrumbList","@id":"https:\/\/www.rucashk.com\/pt\/produto\/mibro-watch-phone-p5-kids-smartwatch\/#breadcrumblist","itemListElement":[{"@type":"ListItem","@id":"https:\/\/www.rucashk.com\/pt\/#listItem","position":1,"name":"Home","item":"https:\/\/www.rucashk.com\/pt\/","nextItem":"https:\/\/www.rucashk.com\/pt\/produto\/mibro-watch-phone-p5-kids-smartwatch\/#listItem"},{"@type":"ListItem","@id":"https:\/\/www.rucashk.com\/pt\/produto\/mibro-watch-phone-p5-kids-smartwatch\/#listItem","position":2,"name":"Mibro Watch Phone P5 Kids Smartwatch","previousItem":"https:\/\/www.rucashk.com\/pt\/#listItem"}]},{"@type":"Organization","@id":"https:\/\/www.rucashk.com\/pt\/#organization","name":"Rucas","url":"https:\/\/www.rucashk.com\/pt\/","logo":{"@type":"ImageObject","url":"https:\/\/www.rucashk.com\/wp-content\/uploads\/2023\/12\/Rucas_campany_logo.png","@id":"https:\/\/www.rucashk.com\/pt\/produto\/mibro-watch-phone-p5-kids-smartwatch\/#organizationLogo","width":221,"height":65},"image":{"@id":"https:\/\/www.rucashk.com\/pt\/#organizationLogo"}},{"@type":"Person","@id":"https:\/\/www.rucashk.com\/pt\/author\/admin\/#author","url":"https:\/\/www.rucashk.com\/pt\/author\/admin\/","name":"admin","image":{"@type":"ImageObject","@id":"https:\/\/www.rucashk.com\/pt\/produto\/mibro-watch-phone-p5-kids-smartwatch\/#authorImage","url":"https:\/\/secure.gravatar.com\/avatar\/b7c8925b09a27e72b30232f8ecaadbd5af0f70a38c78096863fe51b64f031c24?s=96&d=mm&r=g","width":96,"height":96,"caption":"admin"}},{"@type":"WebPage","@id":"https:\/\/www.rucashk.com\/pt\/produto\/mibro-watch-phone-p5-kids-smartwatch\/#webpage","url":"https:\/\/www.rucashk.com\/pt\/produto\/mibro-watch-phone-p5-kids-smartwatch\/","name":"Mibro Watch Phone P5 Kids Smartwatch - Rucas - Wholesale and Distribution","description":"- Xiaomi Mibro Kids watch phone P5 with many useful functions - Take photos and videos with the built-in camera and customize them with filters and stickers - Track kids steps, calories, and heart rate and set goals for them - Your kids can communicate with friends and family with the voice chat - Class mode ensures no disturbances occur while your child is at school - Safety zone - parents can add frequently visit places and will be reminded when child enters\/leaves these zones - SOS function - in case of emergency press and hold the power-on button for 3s to send the SOS signal with location - Additional functionalities such as a flashlight, watch find, alarm clock, dialing panel, weather, etc.","inLanguage":"pt-PT","isPartOf":{"@id":"https:\/\/www.rucashk.com\/pt\/#website"},"breadcrumb":{"@id":"https:\/\/www.rucashk.com\/pt\/produto\/mibro-watch-phone-p5-kids-smartwatch\/#breadcrumblist"},"author":{"@id":"https:\/\/www.rucashk.com\/pt\/author\/admin\/#author"},"creator":{"@id":"https:\/\/www.rucashk.com\/pt\/author\/admin\/#author"},"image":{"@type":"ImageObject","url":"https:\/\/www.rucashk.com\/wp-content\/uploads\/2024\/03\/54425578_extra_large.webp","@id":"https:\/\/www.rucashk.com\/pt\/produto\/mibro-watch-phone-p5-kids-smartwatch\/#mainImage","width":1600,"height":1600},"primaryImageOfPage":{"@id":"https:\/\/www.rucashk.com\/pt\/produto\/mibro-watch-phone-p5-kids-smartwatch\/#mainImage"},"datePublished":"2024-03-26T12:59:57+00:00","dateModified":"2024-04-16T13:26:05+00:00"},{"@type":"WebSite","@id":"https:\/\/www.rucashk.com\/pt\/#website","url":"https:\/\/www.rucashk.com\/pt\/","name":"Rucas - Wholesale and distribution worldwide","alternateName":"Rucas - One-stop AIoT Distribution Worldwide","description":"One-stop AIoT Distribution Worldwide","inLanguage":"pt-PT","publisher":{"@id":"https:\/\/www.rucashk.com\/pt\/#organization"}}]}},"aioseo_meta_data":{"post_id":"39785","title":null,"description":null,"keywords":null,"keyphrases":null,"primary_term":null,"canonical_url":null,"og_title":null,"og_description":null,"og_object_type":"default","og_image_type":"default","og_image_url":null,"og_image_width":null,"og_image_height":null,"og_image_custom_url":null,"og_image_custom_fields":null,"og_video":null,"og_custom_url":null,"og_article_section":null,"og_article_tags":null,"twitter_use_og":false,"twitter_card":"default","twitter_image_type":"default","twitter_image_url":null,"twitter_image_custom_url":null,"twitter_image_custom_fields":null,"twitter_title":null,"twitter_description":null,"schema":{"blockGraphs":[],"customGraphs":[],"default":{"data":{"Article":[],"Course":[],"Dataset":[],"FAQPage":[],"Movie":[],"Person":[],"Product":[],"Recipe":[],"Service":[],"SoftwareApplication":[],"WebPage":[]},"graphName":"","isEnabled":true},"graphs":[]},"schema_type":"default","schema_type_options":null,"pillar_content":false,"robots_default":true,"robots_noindex":false,"robots_noarchive":false,"robots_nosnippet":false,"robots_nofollow":false,"robots_noimageindex":false,"robots_noodp":false,"robots_notranslate":false,"robots_max_snippet":null,"robots_max_videopreview":null,"robots_max_imagepreview":"large","priority":null,"frequency":null,"local_seo":null,"breadcrumb_settings":null,"limit_modified_date":false,"created":"2024-04-11 01:57:23","updated":"2025-06-22 18:52:54"},"aioseo_breadcrumb":"<div class=\"aioseo-breadcrumbs\"><span class=\"aioseo-breadcrumb\">\n\t<a href=\"https:\/\/www.rucashk.com\/pt\" title=\"Home\">Home<\/a>\n<\/span><span class=\"aioseo-breadcrumb-separator\">&raquo;<\/span><span class=\"aioseo-breadcrumb\">\n\t<a href=\"https:\/\/www.rucashk.com\/pt\/products\/\" title=\"Produtos\">Produtos<\/a>\n<\/span><span class=\"aioseo-breadcrumb-separator\">&raquo;<\/span><span class=\"aioseo-breadcrumb\">\n\t<a href=\"https:\/\/www.rucashk.com\/pt\/marca\/mibro\/\" title=\"Mibro\">Mibro<\/a>\n<\/span><span class=\"aioseo-breadcrumb-separator\">&raquo;<\/span><span class=\"aioseo-breadcrumb\">\n\tMibro Watch Phone P5 Kids Smartwatch\n<\/span><\/div>","aioseo_breadcrumb_json":[{"label":"Home","link":"https:\/\/www.rucashk.com\/pt"},{"label":"Produtos","link":"https:\/\/www.rucashk.com\/pt\/products\/"},{"label":"Mibro","link":"https:\/\/www.rucashk.com\/pt\/marca\/mibro\/"},{"label":"Mibro Watch Phone P5 Kids Smartwatch","link":"https:\/\/www.rucashk.com\/pt\/produto\/mibro-watch-phone-p5-kids-smartwatch\/"}],"_links":{"self":[{"href":"https:\/\/www.rucashk.com\/pt\/wp-json\/wp\/v2\/product\/39785","targetHints":{"allow":["GET"]}}],"collection":[{"href":"https:\/\/www.rucashk.com\/pt\/wp-json\/wp\/v2\/product"}],"about":[{"href":"https:\/\/www.rucashk.com\/pt\/wp-json\/wp\/v2\/types\/product"}],"wp:featuredmedia":[{"embeddable":true,"href":"https:\/\/www.rucashk.com\/pt\/wp-json\/wp\/v2\/media\/39789"}],"wp:attachment":[{"href":"https:\/\/www.rucashk.com\/pt\/wp-json\/wp\/v2\/media?parent=39785"}],"wp:term":[{"taxonomy":"product_brand","embeddable":true,"href":"https:\/\/www.rucashk.com\/pt\/wp-json\/wp\/v2\/product_brand?post=39785"},{"taxonomy":"product_cat","embeddable":true,"href":"https:\/\/www.rucashk.com\/pt\/wp-json\/wp\/v2\/product_cat?post=39785"},{"taxonomy":"product_tag","embeddable":true,"href":"https:\/\/www.rucashk.com\/pt\/wp-json\/wp\/v2\/product_tag?post=39785"}],"curies":[{"name":"wp","href":"https:\/\/api.w.org\/{rel}","templated":true}]}}