{"id":39744,"date":"2024-03-25T14:36:38","date_gmt":"2024-03-25T14:36:38","guid":{"rendered":"http:\/\/rucashk.com\/?post_type=product&#038;p=39744"},"modified":"2024-04-16T13:28:08","modified_gmt":"2024-04-16T13:28:08","slug":"haylou-watch-r8-sport-smart-watch","status":"publish","type":"product","link":"https:\/\/www.rucashk.com\/pt\/produto\/haylou-watch-r8-sport-smart-watch\/","title":{"rendered":"Rel\u00f3gio inteligente esportivo HAYLOU R8"},"content":{"rendered":"<p><img decoding=\"async\" alt=\"HAYLOU Watch R8 Sport Smart Watch\" class=\"aligncenter\" src=\"\/wp-content\/uploads\/replace\/ede3183cd1ba7460c81208abdc9ed16b.png\" \/><img decoding=\"async\" alt=\"HAYLOU Watch R8 Sport Smart Watch\" class=\"aligncenter\" src=\"\/wp-content\/uploads\/replace\/2e6404b6fb0d3271b386aafd3195c042.png\" \/><img decoding=\"async\" alt=\"HAYLOU Watch R8 Sport Smart Watch\" class=\"aligncenter\" src=\"\/wp-content\/uploads\/replace\/b1863c55a27074811c3d95a0c5a90f19.png\" \/><img decoding=\"async\" alt=\"HAYLOU Watch R8 Sport Smart Watch\" class=\"aligncenter\" src=\"\/wp-content\/uploads\/replace\/6f8f93f93e2ac6d216450a4999cc90b0.png\" \/><img decoding=\"async\" alt=\"HAYLOU Watch R8 Sport Smart Watch\" class=\"aligncenter\" src=\"\/wp-content\/uploads\/replace\/6559fc5aeff4d0af65a2d100b1e6c7b6.png\" \/><img decoding=\"async\" alt=\"HAYLOU Watch R8 Sport Smart Watch\" class=\"aligncenter\" src=\"\/wp-content\/uploads\/replace\/08eb13053683614b0de7eaab627a357b.png\" \/><img decoding=\"async\" alt=\"HAYLOU Watch R8 Sport Smart Watch\" class=\"aligncenter\" src=\"\/wp-content\/uploads\/replace\/89aa71230f56323d645afe9622dc3ebb.png\" \/><img decoding=\"async\" alt=\"HAYLOU Watch R8 Sport Smart Watch\" class=\"aligncenter\" src=\"\/wp-content\/uploads\/replace\/5b35c2e4e14592cb627ecaa674ad7b9b.png\" \/><img decoding=\"async\" alt=\"HAYLOU Watch R8 Sport Smart Watch\" class=\"aligncenter\" src=\"\/wp-content\/uploads\/replace\/fd91787fa5a1764df2980c0708d37b09.png\" \/><img decoding=\"async\" alt=\"HAYLOU Watch R8 Sport Smart Watch\" class=\"aligncenter\" src=\"\/wp-content\/uploads\/replace\/4becc90081a3628573e39944f50159c4.png\" \/><img decoding=\"async\" alt=\"HAYLOU Watch R8 Sport Smart Watch\" class=\"aligncenter\" src=\"\/wp-content\/uploads\/replace\/b1a15d39baebf16c3bf64cc54ad204b5.png\" \/><img decoding=\"async\" alt=\"HAYLOU Watch R8 Sport Smart Watch\" class=\"aligncenter\" src=\"\/wp-content\/uploads\/replace\/5b5ec34909a3c6f736830f5b50d7a021.png\" \/><img decoding=\"async\" alt=\"HAYLOU Watch R8 Sport Smart Watch\" class=\"aligncenter\" src=\"\/wp-content\/uploads\/replace\/b3a1744e0ebabf1aca945ba2fc06d09e.png\" \/><img decoding=\"async\" alt=\"HAYLOU Watch R8 Sport Smart Watch\" class=\"aligncenter\" src=\"\/wp-content\/uploads\/replace\/f1b2dafd6215ee88b6e1bcb5651598aa.png\" \/><img decoding=\"async\" alt=\"HAYLOU Watch R8 Sport Smart Watch\" class=\"aligncenter\" src=\"\/wp-content\/uploads\/replace\/e11726052bca2d21722fed729327044d.png\" \/><\/p>\n<p>O smartwatch Haylou Watch R8 adapta-se perfeitamente a todas as facetas do seu estilo de vida, seja navegando pela selva urbana em seu deslocamento di\u00e1rio, monitorando suas metas de condicionamento f\u00edsico na cidade ou abra\u00e7ando trilhas acidentadas durante um acampamento ao ar livre ou uma expedi\u00e7\u00e3o de caminhada. Seu design elegante e recursos vers\u00e1teis fazem dele o companheiro perfeito para aqueles que prosperam na agita\u00e7\u00e3o da cidade e na serenidade do ar livre.<\/p>\n<p>Experimente um mundo de cores vibrantes e detalhes n\u00edtidos na tela AMOLED HD de 1,43 \u2033 do Haylou Watch R8, com resolu\u00e7\u00e3o de 466 * 466 DPI. A alta taxa de atualiza\u00e7\u00e3o de 60 Hz garante transi\u00e7\u00f5es suaves e uma interface responsiva, enquanto o design anti-sedimento adiciona uma camada de durabilidade, tornando-o robusto para uso di\u00e1rio.<\/p>\n<p>Entre em uma nova era de conectividade com o chip Bluetooth 5.3 atualizado no smartwatch Haylou Watch R8. A inovadora tecnologia de chip duplo 2 em 1 garante uma conex\u00e3o mais est\u00e1vel durante as chamadas e melhora o desempenho geral para uma intera\u00e7\u00e3o perfeita entre seu smartwatch e outros dispositivos.<\/p>\n<p>O smartwatch Haylou Watch R8 \u00e9 o seu companheiro resiliente para aventuras em condi\u00e7\u00f5es adversas, com uma not\u00e1vel resist\u00eancia ao calor at\u00e9 55\u00b0C e ao frio at\u00e9 -40\u00b0C. Sua classifica\u00e7\u00e3o \u00e0 prova d&#039;\u00e1gua 3ATM, resist\u00eancia \u00e0 umidade 95%, resist\u00eancia ao choque e resist\u00eancia ao gelo e congelamento garantem um desempenho confi\u00e1vel, seja mergulhando em atividades aqu\u00e1ticas ou atravessando terrenos gelados.<\/p>\n<p>Abrace um estilo de vida din\u00e2mico com mais de 100 modos esportivos apresentados no smartwatch Haylou Watch R8, meticulosamente projetado para rastrear e analisar cada movimento que voc\u00ea faz. Esteja voc\u00ea envolvido em atividades internas, aventuras ao ar livre ou exerc\u00edcios de gin\u00e1stica, este smartwatch captura suas m\u00e9tricas de desempenho para ajud\u00e1-lo a ajustar seu regime e alcan\u00e7ar suas aspira\u00e7\u00f5es de condicionamento f\u00edsico.<\/p>\n<p>Com o smartwatch Haylou Watch R8, adote uma abordagem proativa ao seu bem-estar, utilizando seu algoritmo propriet\u00e1rio, que monitora com precis\u00e3o sua frequ\u00eancia card\u00edaca, n\u00edveis de SpO2 e press\u00e3o. O meticuloso recurso de monitoramento do sono enriquece ainda mais suas informa\u00e7\u00f5es sobre sa\u00fade, ajudando voc\u00ea a otimizar sua rotina de exerc\u00edcios e a alcan\u00e7ar um estilo de vida equilibrado.<\/p>","protected":false},"excerpt":{"rendered":"<ul class=\"r8-s1-list\" role=\"list\">\n<li class=\"list-item\">\n<div>1.43&#8243; AMOLED HD Display<\/div>\n<\/li>\n<li class=\"list-item\">\n<div>Resist\u00eancia de n\u00edvel militar<\/div>\n<\/li>\n<li class=\"list-item\">\n<div>Chip Bluetooth 5.3 atualizado<\/div>\n<\/li>\n<li class=\"list-item\">\n<div>Mais de 100 modos esportivos<\/div>\n<\/li>\n<li class=\"list-item\">\n<div>Mais de 150 mostradores de rel\u00f3gio<\/div>\n<\/li>\n<li class=\"list-item\">\n<div>Gest\u00e3o de Sa\u00fade 24 horas por dia, 7 dias por semana<\/div>\n<\/li>\n<li class=\"list-item\">\n<div>20 dias de vida \u00fatil da bateria<\/div>\n<\/li>\n<li class=\"list-item\">\n<div>Carregamento sem fio<\/div>\n<\/li>\n<li class=\"list-item\">\n<div>Assistente de voz<\/div>\n<\/li>\n<li class=\"list-item\">\n<div>Chamada Bluetooth<\/div>\n<\/li>\n<\/ul>","protected":false},"featured_media":39760,"template":"","meta":[],"product_brand":[1369],"product_cat":[1310,1305],"product_tag":[],"class_list":{"0":"post-39744","1":"product","2":"type-product","3":"status-publish","4":"has-post-thumbnail","6":"product_brand-haylou","7":"product_cat-haylou-smartwatch","8":"product_cat-xiaomi-eco","10":"first","11":"instock","12":"shipping-taxable","13":"product-type-simple"},"aioseo_notices":[],"aioseo_head":"\n\t\t<!-- All in One SEO Pro 4.5.9.2 - aioseo.com -->\n\t\t<meta name=\"description\" content=\"1.43&quot; AMOLED HD Display Military-Grade Toughness Upgraded Bluetooth 5.3 Chip 100+ Sports Modes 150+ Watch Faces 24\/7 Health Management 20 Days of Battery Life Wireless Charging Voice Assistant Bluetooth Call\" \/>\n\t\t<meta name=\"robots\" content=\"max-image-preview:large\" \/>\n\t\t<link rel=\"canonical\" href=\"https:\/\/www.rucashk.com\/pt\/produto\/haylou-watch-r8-sport-smart-watch\/\" \/>\n\t\t<meta name=\"generator\" content=\"All in One SEO Pro (AIOSEO) 4.5.9.2\" \/>\n\t\t<meta property=\"og:locale\" content=\"pt_PT\" \/>\n\t\t<meta property=\"og:site_name\" content=\"Rucas - One-stop AIoT Distribution Worldwide\" \/>\n\t\t<meta property=\"og:type\" content=\"article\" \/>\n\t\t<meta property=\"og:title\" content=\"HAYLOU Watch R8 Sport Smart Watch - Rucas - Wholesale and Distribution\" \/>\n\t\t<meta property=\"og:description\" content=\"1.43&quot; AMOLED HD Display Military-Grade Toughness Upgraded Bluetooth 5.3 Chip 100+ Sports Modes 150+ Watch Faces 24\/7 Health Management 20 Days of Battery Life Wireless Charging Voice Assistant Bluetooth Call\" \/>\n\t\t<meta property=\"og:url\" content=\"https:\/\/www.rucashk.com\/pt\/produto\/haylou-watch-r8-sport-smart-watch\/\" \/>\n\t\t<meta property=\"og:image\" content=\"https:\/\/www.rucashk.com\/wp-content\/uploads\/replace\/503b8e645f128a97ccde2b6290747646.jpeg\" \/>\n\t\t<meta property=\"og:image:secure_url\" content=\"https:\/\/www.rucashk.com\/wp-content\/uploads\/replace\/503b8e645f128a97ccde2b6290747646.jpeg\" \/>\n\t\t<meta property=\"og:image:width\" content=\"1456\" \/>\n\t\t<meta property=\"og:image:height\" content=\"816\" \/>\n\t\t<meta property=\"article:published_time\" content=\"2024-03-25T14:36:38+00:00\" \/>\n\t\t<meta property=\"article:modified_time\" content=\"2024-04-16T13:28:08+00:00\" \/>\n\t\t<meta name=\"twitter:card\" content=\"summary_large_image\" \/>\n\t\t<meta name=\"twitter:title\" content=\"HAYLOU Watch R8 Sport Smart Watch - Rucas - Wholesale and Distribution\" \/>\n\t\t<meta name=\"twitter:description\" content=\"1.43&quot; AMOLED HD Display Military-Grade Toughness Upgraded Bluetooth 5.3 Chip 100+ Sports Modes 150+ Watch Faces 24\/7 Health Management 20 Days of Battery Life Wireless Charging Voice Assistant Bluetooth Call\" \/>\n\t\t<meta name=\"twitter:image\" content=\"https:\/\/www.rucashk.com\/wp-content\/uploads\/replace\/503b8e645f128a97ccde2b6290747646.jpeg\" \/>\n\t\t<script type=\"application\/ld+json\" class=\"aioseo-schema\">\n\t\t\t{\"@context\":\"https:\\\/\\\/schema.org\",\"@graph\":[{\"@type\":\"BreadcrumbList\",\"@id\":\"https:\\\/\\\/www.rucashk.com\\\/pt\\\/produto\\\/haylou-watch-r8-sport-smart-watch\\\/#breadcrumblist\",\"itemListElement\":[{\"@type\":\"ListItem\",\"@id\":\"https:\\\/\\\/www.rucashk.com\\\/pt\\\/#listItem\",\"position\":1,\"name\":\"Home\",\"item\":\"https:\\\/\\\/www.rucashk.com\\\/pt\\\/\",\"nextItem\":\"https:\\\/\\\/www.rucashk.com\\\/pt\\\/produto\\\/haylou-watch-r8-sport-smart-watch\\\/#listItem\"},{\"@type\":\"ListItem\",\"@id\":\"https:\\\/\\\/www.rucashk.com\\\/pt\\\/produto\\\/haylou-watch-r8-sport-smart-watch\\\/#listItem\",\"position\":2,\"name\":\"HAYLOU Watch R8 Sport Smart Watch\",\"previousItem\":\"https:\\\/\\\/www.rucashk.com\\\/pt\\\/#listItem\"}]},{\"@type\":\"Organization\",\"@id\":\"https:\\\/\\\/www.rucashk.com\\\/pt\\\/#organization\",\"name\":\"Rucas\",\"url\":\"https:\\\/\\\/www.rucashk.com\\\/pt\\\/\",\"logo\":{\"@type\":\"ImageObject\",\"url\":\"https:\\\/\\\/www.rucashk.com\\\/wp-content\\\/uploads\\\/2023\\\/12\\\/Rucas_campany_logo.png\",\"@id\":\"https:\\\/\\\/www.rucashk.com\\\/pt\\\/produto\\\/haylou-watch-r8-sport-smart-watch\\\/#organizationLogo\",\"width\":221,\"height\":65},\"image\":{\"@id\":\"https:\\\/\\\/www.rucashk.com\\\/pt\\\/#organizationLogo\"}},{\"@type\":\"Person\",\"@id\":\"https:\\\/\\\/www.rucashk.com\\\/pt\\\/author\\\/admin\\\/#author\",\"url\":\"https:\\\/\\\/www.rucashk.com\\\/pt\\\/author\\\/admin\\\/\",\"name\":\"admin\",\"image\":{\"@type\":\"ImageObject\",\"@id\":\"https:\\\/\\\/www.rucashk.com\\\/pt\\\/produto\\\/haylou-watch-r8-sport-smart-watch\\\/#authorImage\",\"url\":\"https:\\\/\\\/secure.gravatar.com\\\/avatar\\\/b7c8925b09a27e72b30232f8ecaadbd5af0f70a38c78096863fe51b64f031c24?s=96&d=mm&r=g\",\"width\":96,\"height\":96,\"caption\":\"admin\"}},{\"@type\":\"WebPage\",\"@id\":\"https:\\\/\\\/www.rucashk.com\\\/pt\\\/produto\\\/haylou-watch-r8-sport-smart-watch\\\/#webpage\",\"url\":\"https:\\\/\\\/www.rucashk.com\\\/pt\\\/produto\\\/haylou-watch-r8-sport-smart-watch\\\/\",\"name\":\"HAYLOU Watch R8 Sport Smart Watch - Rucas - Wholesale and Distribution\",\"description\":\"1.43\\\" AMOLED HD Display Military-Grade Toughness Upgraded Bluetooth 5.3 Chip 100+ Sports Modes 150+ Watch Faces 24\\\/7 Health Management 20 Days of Battery Life Wireless Charging Voice Assistant Bluetooth Call\",\"inLanguage\":\"pt-PT\",\"isPartOf\":{\"@id\":\"https:\\\/\\\/www.rucashk.com\\\/pt\\\/#website\"},\"breadcrumb\":{\"@id\":\"https:\\\/\\\/www.rucashk.com\\\/pt\\\/produto\\\/haylou-watch-r8-sport-smart-watch\\\/#breadcrumblist\"},\"author\":{\"@id\":\"https:\\\/\\\/www.rucashk.com\\\/pt\\\/author\\\/admin\\\/#author\"},\"creator\":{\"@id\":\"https:\\\/\\\/www.rucashk.com\\\/pt\\\/author\\\/admin\\\/#author\"},\"image\":{\"@type\":\"ImageObject\",\"url\":\"https:\\\/\\\/www.rucashk.com\\\/wp-content\\\/uploads\\\/2024\\\/03\\\/haylou-watch-r8-12-01.webp\",\"@id\":\"https:\\\/\\\/www.rucashk.com\\\/pt\\\/produto\\\/haylou-watch-r8-sport-smart-watch\\\/#mainImage\",\"width\":640,\"height\":640},\"primaryImageOfPage\":{\"@id\":\"https:\\\/\\\/www.rucashk.com\\\/pt\\\/produto\\\/haylou-watch-r8-sport-smart-watch\\\/#mainImage\"},\"datePublished\":\"2024-03-25T14:36:38+00:00\",\"dateModified\":\"2024-04-16T13:28:08+00:00\"},{\"@type\":\"WebSite\",\"@id\":\"https:\\\/\\\/www.rucashk.com\\\/pt\\\/#website\",\"url\":\"https:\\\/\\\/www.rucashk.com\\\/pt\\\/\",\"name\":\"Rucas - Wholesale and distribution worldwide\",\"alternateName\":\"Rucas - One-stop AIoT Distribution Worldwide\",\"description\":\"One-stop AIoT Distribution Worldwide\",\"inLanguage\":\"pt-PT\",\"publisher\":{\"@id\":\"https:\\\/\\\/www.rucashk.com\\\/pt\\\/#organization\"}}]}\n\t\t<\/script>\n\t\t<!-- All in One SEO Pro -->\r\n\t\t<title>HAYLOU Watch R8 Sport Smart Watch - Rucas - Wholesale and Distribution<\/title>\n\n","aioseo_head_json":{"title":"HAYLOU Watch R8 Sport Smart Watch - Rucas - Wholesale and Distribution","description":"1.43\" AMOLED HD Display Military-Grade Toughness Upgraded Bluetooth 5.3 Chip 100+ Sports Modes 150+ Watch Faces 24\/7 Health Management 20 Days of Battery Life Wireless Charging Voice Assistant Bluetooth Call","canonical_url":"https:\/\/www.rucashk.com\/pt\/produto\/haylou-watch-r8-sport-smart-watch\/","robots":"max-image-preview:large","keywords":"","webmasterTools":{"miscellaneous":""},"og:locale":"pt_PT","og:site_name":"Rucas - One-stop AIoT Distribution Worldwide","og:type":"article","og:title":"HAYLOU Watch R8 Sport Smart Watch - Rucas - Wholesale and Distribution","og:description":"1.43&quot; AMOLED HD Display Military-Grade Toughness Upgraded Bluetooth 5.3 Chip 100+ Sports Modes 150+ Watch Faces 24\/7 Health Management 20 Days of Battery Life Wireless Charging Voice Assistant Bluetooth Call","og:url":"https:\/\/www.rucashk.com\/pt\/produto\/haylou-watch-r8-sport-smart-watch\/","og:image":"https:\/\/www.rucashk.com\/wp-content\/uploads\/replace\/503b8e645f128a97ccde2b6290747646.jpeg","og:image:secure_url":"https:\/\/www.rucashk.com\/wp-content\/uploads\/replace\/503b8e645f128a97ccde2b6290747646.jpeg","og:image:width":1456,"og:image:height":816,"article:published_time":"2024-03-25T14:36:38+00:00","article:modified_time":"2024-04-16T13:28:08+00:00","twitter:card":"summary_large_image","twitter:title":"HAYLOU Watch R8 Sport Smart Watch - Rucas - Wholesale and Distribution","twitter:description":"1.43&quot; AMOLED HD Display Military-Grade Toughness Upgraded Bluetooth 5.3 Chip 100+ Sports Modes 150+ Watch Faces 24\/7 Health Management 20 Days of Battery Life Wireless Charging Voice Assistant Bluetooth Call","twitter:image":"https:\/\/www.rucashk.com\/wp-content\/uploads\/replace\/503b8e645f128a97ccde2b6290747646.jpeg","schema":{"@context":"https:\/\/schema.org","@graph":[{"@type":"BreadcrumbList","@id":"https:\/\/www.rucashk.com\/pt\/produto\/haylou-watch-r8-sport-smart-watch\/#breadcrumblist","itemListElement":[{"@type":"ListItem","@id":"https:\/\/www.rucashk.com\/pt\/#listItem","position":1,"name":"Home","item":"https:\/\/www.rucashk.com\/pt\/","nextItem":"https:\/\/www.rucashk.com\/pt\/produto\/haylou-watch-r8-sport-smart-watch\/#listItem"},{"@type":"ListItem","@id":"https:\/\/www.rucashk.com\/pt\/produto\/haylou-watch-r8-sport-smart-watch\/#listItem","position":2,"name":"HAYLOU Watch R8 Sport Smart Watch","previousItem":"https:\/\/www.rucashk.com\/pt\/#listItem"}]},{"@type":"Organization","@id":"https:\/\/www.rucashk.com\/pt\/#organization","name":"Rucas","url":"https:\/\/www.rucashk.com\/pt\/","logo":{"@type":"ImageObject","url":"https:\/\/www.rucashk.com\/wp-content\/uploads\/2023\/12\/Rucas_campany_logo.png","@id":"https:\/\/www.rucashk.com\/pt\/produto\/haylou-watch-r8-sport-smart-watch\/#organizationLogo","width":221,"height":65},"image":{"@id":"https:\/\/www.rucashk.com\/pt\/#organizationLogo"}},{"@type":"Person","@id":"https:\/\/www.rucashk.com\/pt\/author\/admin\/#author","url":"https:\/\/www.rucashk.com\/pt\/author\/admin\/","name":"admin","image":{"@type":"ImageObject","@id":"https:\/\/www.rucashk.com\/pt\/produto\/haylou-watch-r8-sport-smart-watch\/#authorImage","url":"https:\/\/secure.gravatar.com\/avatar\/b7c8925b09a27e72b30232f8ecaadbd5af0f70a38c78096863fe51b64f031c24?s=96&d=mm&r=g","width":96,"height":96,"caption":"admin"}},{"@type":"WebPage","@id":"https:\/\/www.rucashk.com\/pt\/produto\/haylou-watch-r8-sport-smart-watch\/#webpage","url":"https:\/\/www.rucashk.com\/pt\/produto\/haylou-watch-r8-sport-smart-watch\/","name":"HAYLOU Watch R8 Sport Smart Watch - Rucas - Wholesale and Distribution","description":"1.43\" AMOLED HD Display Military-Grade Toughness Upgraded Bluetooth 5.3 Chip 100+ Sports Modes 150+ Watch Faces 24\/7 Health Management 20 Days of Battery Life Wireless Charging Voice Assistant Bluetooth Call","inLanguage":"pt-PT","isPartOf":{"@id":"https:\/\/www.rucashk.com\/pt\/#website"},"breadcrumb":{"@id":"https:\/\/www.rucashk.com\/pt\/produto\/haylou-watch-r8-sport-smart-watch\/#breadcrumblist"},"author":{"@id":"https:\/\/www.rucashk.com\/pt\/author\/admin\/#author"},"creator":{"@id":"https:\/\/www.rucashk.com\/pt\/author\/admin\/#author"},"image":{"@type":"ImageObject","url":"https:\/\/www.rucashk.com\/wp-content\/uploads\/2024\/03\/haylou-watch-r8-12-01.webp","@id":"https:\/\/www.rucashk.com\/pt\/produto\/haylou-watch-r8-sport-smart-watch\/#mainImage","width":640,"height":640},"primaryImageOfPage":{"@id":"https:\/\/www.rucashk.com\/pt\/produto\/haylou-watch-r8-sport-smart-watch\/#mainImage"},"datePublished":"2024-03-25T14:36:38+00:00","dateModified":"2024-04-16T13:28:08+00:00"},{"@type":"WebSite","@id":"https:\/\/www.rucashk.com\/pt\/#website","url":"https:\/\/www.rucashk.com\/pt\/","name":"Rucas - Wholesale and distribution worldwide","alternateName":"Rucas - One-stop AIoT Distribution Worldwide","description":"One-stop AIoT Distribution Worldwide","inLanguage":"pt-PT","publisher":{"@id":"https:\/\/www.rucashk.com\/pt\/#organization"}}]}},"aioseo_meta_data":{"post_id":"39744","title":null,"description":null,"keywords":null,"keyphrases":null,"primary_term":null,"canonical_url":null,"og_title":null,"og_description":null,"og_object_type":"default","og_image_type":"default","og_image_url":null,"og_image_width":null,"og_image_height":null,"og_image_custom_url":null,"og_image_custom_fields":null,"og_video":null,"og_custom_url":null,"og_article_section":null,"og_article_tags":null,"twitter_use_og":false,"twitter_card":"default","twitter_image_type":"default","twitter_image_url":null,"twitter_image_custom_url":null,"twitter_image_custom_fields":null,"twitter_title":null,"twitter_description":null,"schema":{"blockGraphs":[],"customGraphs":[],"default":{"data":{"Article":[],"Course":[],"Dataset":[],"FAQPage":[],"Movie":[],"Person":[],"Product":[],"Recipe":[],"Service":[],"SoftwareApplication":[],"WebPage":[]},"graphName":"","isEnabled":true},"graphs":[]},"schema_type":"default","schema_type_options":null,"pillar_content":false,"robots_default":true,"robots_noindex":false,"robots_noarchive":false,"robots_nosnippet":false,"robots_nofollow":false,"robots_noimageindex":false,"robots_noodp":false,"robots_notranslate":false,"robots_max_snippet":null,"robots_max_videopreview":null,"robots_max_imagepreview":"large","priority":null,"frequency":null,"local_seo":null,"breadcrumb_settings":null,"limit_modified_date":false,"created":"2024-04-11 01:57:23","updated":"2025-06-22 18:51:57"},"aioseo_breadcrumb":"<div class=\"aioseo-breadcrumbs\"><span class=\"aioseo-breadcrumb\">\n\t<a href=\"https:\/\/www.rucashk.com\/pt\" title=\"Home\">Home<\/a>\n<\/span><span class=\"aioseo-breadcrumb-separator\">&raquo;<\/span><span class=\"aioseo-breadcrumb\">\n\t<a href=\"https:\/\/www.rucashk.com\/pt\/products\/\" title=\"Produtos\">Produtos<\/a>\n<\/span><span class=\"aioseo-breadcrumb-separator\">&raquo;<\/span><span class=\"aioseo-breadcrumb\">\n\t<a href=\"https:\/\/www.rucashk.com\/pt\/marca\/haylou\/\" title=\"Haylou\">Haylou<\/a>\n<\/span><span class=\"aioseo-breadcrumb-separator\">&raquo;<\/span><span class=\"aioseo-breadcrumb\">\n\tHAYLOU Watch R8 Sport Smart Watch\n<\/span><\/div>","aioseo_breadcrumb_json":[{"label":"Home","link":"https:\/\/www.rucashk.com\/pt"},{"label":"Produtos","link":"https:\/\/www.rucashk.com\/pt\/products\/"},{"label":"Haylou","link":"https:\/\/www.rucashk.com\/pt\/marca\/haylou\/"},{"label":"HAYLOU Watch R8 Sport Smart Watch","link":"https:\/\/www.rucashk.com\/pt\/produto\/haylou-watch-r8-sport-smart-watch\/"}],"_links":{"self":[{"href":"https:\/\/www.rucashk.com\/pt\/wp-json\/wp\/v2\/product\/39744","targetHints":{"allow":["GET"]}}],"collection":[{"href":"https:\/\/www.rucashk.com\/pt\/wp-json\/wp\/v2\/product"}],"about":[{"href":"https:\/\/www.rucashk.com\/pt\/wp-json\/wp\/v2\/types\/product"}],"wp:featuredmedia":[{"embeddable":true,"href":"https:\/\/www.rucashk.com\/pt\/wp-json\/wp\/v2\/media\/39760"}],"wp:attachment":[{"href":"https:\/\/www.rucashk.com\/pt\/wp-json\/wp\/v2\/media?parent=39744"}],"wp:term":[{"taxonomy":"product_brand","embeddable":true,"href":"https:\/\/www.rucashk.com\/pt\/wp-json\/wp\/v2\/product_brand?post=39744"},{"taxonomy":"product_cat","embeddable":true,"href":"https:\/\/www.rucashk.com\/pt\/wp-json\/wp\/v2\/product_cat?post=39744"},{"taxonomy":"product_tag","embeddable":true,"href":"https:\/\/www.rucashk.com\/pt\/wp-json\/wp\/v2\/product_tag?post=39744"}],"curies":[{"name":"wp","href":"https:\/\/api.w.org\/{rel}","templated":true}]}}