{"id":39412,"date":"2024-03-24T15:27:46","date_gmt":"2024-03-24T15:27:46","guid":{"rendered":"http:\/\/rucashk.com\/?post_type=product&#038;p=39412"},"modified":"2024-03-24T15:28:43","modified_gmt":"2024-03-24T15:28:43","slug":"xiaomi-electric-scooter-4-ultra","status":"publish","type":"product","link":"https:\/\/www.rucashk.com\/pt\/produto\/xiaomi-electric-scooter-4-ultra\/","title":{"rendered":"Scooter El\u00e9trica Xiaomi 4 Ultra"},"content":{"rendered":"<p><img fetchpriority=\"high\" decoding=\"async\" class=\"alignnone size-full wp-image-39415\" src=\"http:\/\/rucashk.com\/wp-content\/uploads\/replace\/d941b2fdde9ff6b53de01f8ff84dc529.jpeg\" alt=\"Xiaomi Electric Scooter 4 Ultra\" width=\"970\" height=\"600\" \/> <img decoding=\"async\" class=\"alignnone size-full wp-image-39414\" src=\"http:\/\/rucashk.com\/wp-content\/uploads\/replace\/2edb4366bc2b4df048c041c5333e0885.jpeg\" alt=\"Xiaomi Electric Scooter 4 Ultra\" width=\"970\" height=\"600\" \/> <img decoding=\"async\" class=\"alignnone size-full wp-image-39413\" src=\"http:\/\/rucashk.com\/wp-content\/uploads\/replace\/828ff22c659718e4c1334846122153c5.jpeg\" alt=\"Xiaomi Electric Scooter 4 Ultra\" width=\"970\" height=\"600\" \/><\/p>\n<p>A nova scooter el\u00e9trica Xiaomi Electric Scooter 4 Ultra tem um percurso muito suave gra\u00e7as ao seu sistema de suspens\u00e3o dupla . Isso reduzir\u00e1 vibra\u00e7\u00f5es e solavancos durante a condu\u00e7\u00e3o, para que o usu\u00e1rio fique mais seguro. Al\u00e9m disso, seus pneus Xiaomi DuraGel 10 s\u00e3o autocurativos. Se um objeto menor que 3,5 mm ficar preso no pneu e for removido, sua camada gelatinosa se reparar\u00e1 rapidamente, reduzindo o risco de furo.<\/p>\n<p>Suba encostas at\u00e9 25% de inclina\u00e7\u00e3o<br \/>\nEsta scooter Xiaomi possui um motor sem escovas com pot\u00eancia m\u00e1xima de 940W e excelente efici\u00eancia de transmiss\u00e3o. Assim, permite uma acelera\u00e7\u00e3o bastante elevada, atingindo at\u00e9 25 km por hora e subindo encostas de at\u00e9 25%.<\/p>\n<p>V\u00e1rios modos de uso<br \/>\nA Scooter El\u00e9trica 4 Ultra integra quatro modos diferentes: um modo pedestre, que atinge 5 a 6 km\/h; um modo padr\u00e3o, de 5 a 20 km\/h; seu modo esportivo, que atinge at\u00e9 25 km\/h; e seu exclusivo modo S+, que atingir\u00e1 25 km\/h em apenas 4 segundos.<\/p>\n<p>Vida \u00fatil da bateria muito alta<br \/>\nA Xiaomi Electric Scooter 4 Ultra possui uma bateria de l\u00edtio com capacidade de 12.000 mAh que lhe confere um alcance ultralongo de at\u00e9 70 km . Al\u00e9m disso, leva apenas 6 horas e meia para carregar totalmente com seu carregador de 124 W.<\/p>","protected":false},"excerpt":{"rendered":"<ul>\n<li>Motor el\u00e9trico com pot\u00eancia m\u00e1xima de 940 W, permitindo superar colinas com inclina\u00e7\u00e3o de 25 graus.<\/li>\n<li>Sistema de suspens\u00e3o dupla que garante uma condu\u00e7\u00e3o confort\u00e1vel em pavimenta\u00e7\u00f5es e outras superf\u00edcies irregulares.<\/li>\n<li>Uma bateria energeticamente eficiente que proporciona at\u00e9 70 km de viagem com uma \u00fanica carga completa.<\/li>\n<li>Proprietary 10&#8243; DuraGel pneumatic tires are puncture and damage resistant.<\/li>\n<li>Resist\u00eancia \u00e0 \u00e1gua IP55, gra\u00e7as \u00e0 qual a scooter pode ser utilizada em tempo chuvoso.<\/li>\n<li>Velocidade m\u00e1xima 25 km\/h. Acelera\u00e7\u00e3o de 0 a 25 km\/h em apenas 4 segundos.<\/li>\n<li>4 modos de condu\u00e7\u00e3o, incluindo caminhada (5-6 km\/h).<\/li>\n<li>Plataforma pr\u00e1tica com 17 cm de largura.<\/li>\n<li>Constru\u00e7\u00e3o robusta em liga de alum\u00ednio capaz de suportar um ciclista de at\u00e9 120 kg.<\/li>\n<li>Compat\u00edvel com aplicativos Xiaomi Home \/ Mi Home, que podem obter informa\u00e7\u00f5es sobre carga restante, dados sobre o estado t\u00e9cnico do ve\u00edculo, etc.<\/li>\n<li>Luz dianteira e luz de freio traseira para uma condu\u00e7\u00e3o segura \u00e0 noite.<\/li>\n<li>Display colorido mostrando informa\u00e7\u00f5es sobre a viagem atual.<\/li>\n<\/ul>","protected":false},"featured_media":39416,"template":"","meta":[],"product_brand":[1363],"product_cat":[1314,1305],"product_tag":[],"class_list":{"0":"post-39412","1":"product","2":"type-product","3":"status-publish","4":"has-post-thumbnail","6":"product_brand-xiaomi","7":"product_cat-mi-scooter","8":"product_cat-xiaomi-eco","10":"first","11":"instock","12":"shipping-taxable","13":"product-type-simple"},"aioseo_notices":[],"aioseo_head":"\n\t\t<!-- All in One SEO Pro 4.5.9.2 - aioseo.com -->\n\t\t<meta name=\"description\" content=\"Electric motor with a maximum power of 940 W, allowing you to overcome hills with an inclination of 25 degrees. Dual suspension system that guarantees a comfortable ride on pavers and other uneven road surfaces. An energy efficient battery providing up to 70 km of travel on a single full charge. Proprietary 10&quot; DuraGel pneumatic tires are puncture and damage resistant. IP55 water resistant, thanks to which the scooter can be used in rainy weather. Maximum speed 25 km\/h. Acceleration from 0 to 25 km\/h in just 4 seconds. 4 driving modes, including walking (5-6 km\/h). Convenient platform 17 cm wide. Robust aluminum alloy construction capable of supporting a rider up to 120kg. Compatible with Xiaomi Home \/ Mi Home Apps, which can get information about the remaining charge, data on the technical condition of the vehicle, etc. Front light and rear brake light for safe driving at night. Color display showing information about the current trip.\" \/>\n\t\t<meta name=\"robots\" content=\"max-image-preview:large\" \/>\n\t\t<link rel=\"canonical\" href=\"https:\/\/www.rucashk.com\/pt\/produto\/xiaomi-electric-scooter-4-ultra\/\" \/>\n\t\t<meta name=\"generator\" content=\"All in One SEO Pro (AIOSEO) 4.5.9.2\" \/>\n\t\t<meta property=\"og:locale\" content=\"pt_PT\" \/>\n\t\t<meta property=\"og:site_name\" content=\"Rucas - One-stop AIoT Distribution Worldwide\" \/>\n\t\t<meta property=\"og:type\" content=\"article\" \/>\n\t\t<meta property=\"og:title\" content=\"Xiaomi Electric Scooter 4 Ultra - Rucas - Wholesale and Distribution\" \/>\n\t\t<meta property=\"og:description\" content=\"Electric motor with a maximum power of 940 W, allowing you to overcome hills with an inclination of 25 degrees. Dual suspension system that guarantees a comfortable ride on pavers and other uneven road surfaces. An energy efficient battery providing up to 70 km of travel on a single full charge. Proprietary 10&quot; DuraGel pneumatic tires are puncture and damage resistant. IP55 water resistant, thanks to which the scooter can be used in rainy weather. Maximum speed 25 km\/h. Acceleration from 0 to 25 km\/h in just 4 seconds. 4 driving modes, including walking (5-6 km\/h). Convenient platform 17 cm wide. Robust aluminum alloy construction capable of supporting a rider up to 120kg. Compatible with Xiaomi Home \/ Mi Home Apps, which can get information about the remaining charge, data on the technical condition of the vehicle, etc. Front light and rear brake light for safe driving at night. Color display showing information about the current trip.\" \/>\n\t\t<meta property=\"og:url\" content=\"https:\/\/www.rucashk.com\/pt\/produto\/xiaomi-electric-scooter-4-ultra\/\" \/>\n\t\t<meta property=\"og:image\" content=\"https:\/\/www.rucashk.com\/wp-content\/uploads\/replace\/503b8e645f128a97ccde2b6290747646.jpeg\" \/>\n\t\t<meta property=\"og:image:secure_url\" content=\"https:\/\/www.rucashk.com\/wp-content\/uploads\/replace\/503b8e645f128a97ccde2b6290747646.jpeg\" \/>\n\t\t<meta property=\"og:image:width\" content=\"1456\" \/>\n\t\t<meta property=\"og:image:height\" content=\"816\" \/>\n\t\t<meta property=\"article:published_time\" content=\"2024-03-24T15:27:46+00:00\" \/>\n\t\t<meta property=\"article:modified_time\" content=\"2024-03-24T15:28:43+00:00\" \/>\n\t\t<meta name=\"twitter:card\" content=\"summary_large_image\" \/>\n\t\t<meta name=\"twitter:title\" content=\"Xiaomi Electric Scooter 4 Ultra - Rucas - Wholesale and Distribution\" \/>\n\t\t<meta name=\"twitter:description\" content=\"Electric motor with a maximum power of 940 W, allowing you to overcome hills with an inclination of 25 degrees. Dual suspension system that guarantees a comfortable ride on pavers and other uneven road surfaces. An energy efficient battery providing up to 70 km of travel on a single full charge. Proprietary 10&quot; DuraGel pneumatic tires are puncture and damage resistant. IP55 water resistant, thanks to which the scooter can be used in rainy weather. Maximum speed 25 km\/h. Acceleration from 0 to 25 km\/h in just 4 seconds. 4 driving modes, including walking (5-6 km\/h). Convenient platform 17 cm wide. Robust aluminum alloy construction capable of supporting a rider up to 120kg. Compatible with Xiaomi Home \/ Mi Home Apps, which can get information about the remaining charge, data on the technical condition of the vehicle, etc. Front light and rear brake light for safe driving at night. Color display showing information about the current trip.\" \/>\n\t\t<meta name=\"twitter:image\" content=\"https:\/\/www.rucashk.com\/wp-content\/uploads\/replace\/503b8e645f128a97ccde2b6290747646.jpeg\" \/>\n\t\t<script type=\"application\/ld+json\" class=\"aioseo-schema\">\n\t\t\t{\"@context\":\"https:\\\/\\\/schema.org\",\"@graph\":[{\"@type\":\"BreadcrumbList\",\"@id\":\"https:\\\/\\\/www.rucashk.com\\\/pt\\\/produto\\\/xiaomi-electric-scooter-4-ultra\\\/#breadcrumblist\",\"itemListElement\":[{\"@type\":\"ListItem\",\"@id\":\"https:\\\/\\\/www.rucashk.com\\\/pt\\\/#listItem\",\"position\":1,\"name\":\"Home\",\"item\":\"https:\\\/\\\/www.rucashk.com\\\/pt\\\/\",\"nextItem\":\"https:\\\/\\\/www.rucashk.com\\\/pt\\\/produto\\\/xiaomi-electric-scooter-4-ultra\\\/#listItem\"},{\"@type\":\"ListItem\",\"@id\":\"https:\\\/\\\/www.rucashk.com\\\/pt\\\/produto\\\/xiaomi-electric-scooter-4-ultra\\\/#listItem\",\"position\":2,\"name\":\"Xiaomi Electric Scooter 4 Ultra\",\"previousItem\":\"https:\\\/\\\/www.rucashk.com\\\/pt\\\/#listItem\"}]},{\"@type\":\"Organization\",\"@id\":\"https:\\\/\\\/www.rucashk.com\\\/pt\\\/#organization\",\"name\":\"Rucas\",\"url\":\"https:\\\/\\\/www.rucashk.com\\\/pt\\\/\",\"logo\":{\"@type\":\"ImageObject\",\"url\":\"https:\\\/\\\/www.rucashk.com\\\/wp-content\\\/uploads\\\/2023\\\/12\\\/Rucas_campany_logo.png\",\"@id\":\"https:\\\/\\\/www.rucashk.com\\\/pt\\\/produto\\\/xiaomi-electric-scooter-4-ultra\\\/#organizationLogo\",\"width\":221,\"height\":65},\"image\":{\"@id\":\"https:\\\/\\\/www.rucashk.com\\\/pt\\\/#organizationLogo\"}},{\"@type\":\"Person\",\"@id\":\"https:\\\/\\\/www.rucashk.com\\\/pt\\\/author\\\/admin\\\/#author\",\"url\":\"https:\\\/\\\/www.rucashk.com\\\/pt\\\/author\\\/admin\\\/\",\"name\":\"admin\",\"image\":{\"@type\":\"ImageObject\",\"@id\":\"https:\\\/\\\/www.rucashk.com\\\/pt\\\/produto\\\/xiaomi-electric-scooter-4-ultra\\\/#authorImage\",\"url\":\"https:\\\/\\\/secure.gravatar.com\\\/avatar\\\/b7c8925b09a27e72b30232f8ecaadbd5af0f70a38c78096863fe51b64f031c24?s=96&d=mm&r=g\",\"width\":96,\"height\":96,\"caption\":\"admin\"}},{\"@type\":\"WebPage\",\"@id\":\"https:\\\/\\\/www.rucashk.com\\\/pt\\\/produto\\\/xiaomi-electric-scooter-4-ultra\\\/#webpage\",\"url\":\"https:\\\/\\\/www.rucashk.com\\\/pt\\\/produto\\\/xiaomi-electric-scooter-4-ultra\\\/\",\"name\":\"Xiaomi Electric Scooter 4 Ultra - Rucas - Wholesale and Distribution\",\"description\":\"Electric motor with a maximum power of 940 W, allowing you to overcome hills with an inclination of 25 degrees. Dual suspension system that guarantees a comfortable ride on pavers and other uneven road surfaces. An energy efficient battery providing up to 70 km of travel on a single full charge. Proprietary 10\\\" DuraGel pneumatic tires are puncture and damage resistant. IP55 water resistant, thanks to which the scooter can be used in rainy weather. Maximum speed 25 km\\\/h. Acceleration from 0 to 25 km\\\/h in just 4 seconds. 4 driving modes, including walking (5-6 km\\\/h). Convenient platform 17 cm wide. Robust aluminum alloy construction capable of supporting a rider up to 120kg. Compatible with Xiaomi Home \\\/ Mi Home Apps, which can get information about the remaining charge, data on the technical condition of the vehicle, etc. Front light and rear brake light for safe driving at night. Color display showing information about the current trip.\",\"inLanguage\":\"pt-PT\",\"isPartOf\":{\"@id\":\"https:\\\/\\\/www.rucashk.com\\\/pt\\\/#website\"},\"breadcrumb\":{\"@id\":\"https:\\\/\\\/www.rucashk.com\\\/pt\\\/produto\\\/xiaomi-electric-scooter-4-ultra\\\/#breadcrumblist\"},\"author\":{\"@id\":\"https:\\\/\\\/www.rucashk.com\\\/pt\\\/author\\\/admin\\\/#author\"},\"creator\":{\"@id\":\"https:\\\/\\\/www.rucashk.com\\\/pt\\\/author\\\/admin\\\/#author\"},\"image\":{\"@type\":\"ImageObject\",\"url\":\"https:\\\/\\\/www.rucashk.com\\\/wp-content\\\/uploads\\\/2024\\\/03\\\/7ea26f368ca3c6b2204dbed2b510a94f400x40085.png\",\"@id\":\"https:\\\/\\\/www.rucashk.com\\\/pt\\\/produto\\\/xiaomi-electric-scooter-4-ultra\\\/#mainImage\",\"width\":400,\"height\":400},\"primaryImageOfPage\":{\"@id\":\"https:\\\/\\\/www.rucashk.com\\\/pt\\\/produto\\\/xiaomi-electric-scooter-4-ultra\\\/#mainImage\"},\"datePublished\":\"2024-03-24T15:27:46+00:00\",\"dateModified\":\"2024-03-24T15:28:43+00:00\"},{\"@type\":\"WebSite\",\"@id\":\"https:\\\/\\\/www.rucashk.com\\\/pt\\\/#website\",\"url\":\"https:\\\/\\\/www.rucashk.com\\\/pt\\\/\",\"name\":\"Rucas - Wholesale and distribution worldwide\",\"alternateName\":\"Rucas - One-stop AIoT Distribution Worldwide\",\"description\":\"One-stop AIoT Distribution Worldwide\",\"inLanguage\":\"pt-PT\",\"publisher\":{\"@id\":\"https:\\\/\\\/www.rucashk.com\\\/pt\\\/#organization\"}}]}\n\t\t<\/script>\n\t\t<!-- All in One SEO Pro -->\r\n\t\t<title>Xiaomi Electric Scooter 4 Ultra - Rucas - Wholesale and Distribution<\/title>\n\n","aioseo_head_json":{"title":"Xiaomi Electric Scooter 4 Ultra - Rucas - Wholesale and Distribution","description":"Electric motor with a maximum power of 940 W, allowing you to overcome hills with an inclination of 25 degrees. Dual suspension system that guarantees a comfortable ride on pavers and other uneven road surfaces. An energy efficient battery providing up to 70 km of travel on a single full charge. Proprietary 10\" DuraGel pneumatic tires are puncture and damage resistant. IP55 water resistant, thanks to which the scooter can be used in rainy weather. Maximum speed 25 km\/h. Acceleration from 0 to 25 km\/h in just 4 seconds. 4 driving modes, including walking (5-6 km\/h). Convenient platform 17 cm wide. Robust aluminum alloy construction capable of supporting a rider up to 120kg. Compatible with Xiaomi Home \/ Mi Home Apps, which can get information about the remaining charge, data on the technical condition of the vehicle, etc. Front light and rear brake light for safe driving at night. Color display showing information about the current trip.","canonical_url":"https:\/\/www.rucashk.com\/pt\/produto\/xiaomi-electric-scooter-4-ultra\/","robots":"max-image-preview:large","keywords":"","webmasterTools":{"miscellaneous":""},"og:locale":"pt_PT","og:site_name":"Rucas - One-stop AIoT Distribution Worldwide","og:type":"article","og:title":"Xiaomi Electric Scooter 4 Ultra - Rucas - Wholesale and Distribution","og:description":"Electric motor with a maximum power of 940 W, allowing you to overcome hills with an inclination of 25 degrees. Dual suspension system that guarantees a comfortable ride on pavers and other uneven road surfaces. An energy efficient battery providing up to 70 km of travel on a single full charge. Proprietary 10&quot; DuraGel pneumatic tires are puncture and damage resistant. IP55 water resistant, thanks to which the scooter can be used in rainy weather. Maximum speed 25 km\/h. Acceleration from 0 to 25 km\/h in just 4 seconds. 4 driving modes, including walking (5-6 km\/h). Convenient platform 17 cm wide. Robust aluminum alloy construction capable of supporting a rider up to 120kg. Compatible with Xiaomi Home \/ Mi Home Apps, which can get information about the remaining charge, data on the technical condition of the vehicle, etc. Front light and rear brake light for safe driving at night. Color display showing information about the current trip.","og:url":"https:\/\/www.rucashk.com\/pt\/produto\/xiaomi-electric-scooter-4-ultra\/","og:image":"https:\/\/www.rucashk.com\/wp-content\/uploads\/replace\/503b8e645f128a97ccde2b6290747646.jpeg","og:image:secure_url":"https:\/\/www.rucashk.com\/wp-content\/uploads\/replace\/503b8e645f128a97ccde2b6290747646.jpeg","og:image:width":1456,"og:image:height":816,"article:published_time":"2024-03-24T15:27:46+00:00","article:modified_time":"2024-03-24T15:28:43+00:00","twitter:card":"summary_large_image","twitter:title":"Xiaomi Electric Scooter 4 Ultra - Rucas - Wholesale and Distribution","twitter:description":"Electric motor with a maximum power of 940 W, allowing you to overcome hills with an inclination of 25 degrees. Dual suspension system that guarantees a comfortable ride on pavers and other uneven road surfaces. An energy efficient battery providing up to 70 km of travel on a single full charge. Proprietary 10&quot; DuraGel pneumatic tires are puncture and damage resistant. IP55 water resistant, thanks to which the scooter can be used in rainy weather. Maximum speed 25 km\/h. Acceleration from 0 to 25 km\/h in just 4 seconds. 4 driving modes, including walking (5-6 km\/h). Convenient platform 17 cm wide. Robust aluminum alloy construction capable of supporting a rider up to 120kg. Compatible with Xiaomi Home \/ Mi Home Apps, which can get information about the remaining charge, data on the technical condition of the vehicle, etc. Front light and rear brake light for safe driving at night. Color display showing information about the current trip.","twitter:image":"https:\/\/www.rucashk.com\/wp-content\/uploads\/replace\/503b8e645f128a97ccde2b6290747646.jpeg","schema":{"@context":"https:\/\/schema.org","@graph":[{"@type":"BreadcrumbList","@id":"https:\/\/www.rucashk.com\/pt\/produto\/xiaomi-electric-scooter-4-ultra\/#breadcrumblist","itemListElement":[{"@type":"ListItem","@id":"https:\/\/www.rucashk.com\/pt\/#listItem","position":1,"name":"Home","item":"https:\/\/www.rucashk.com\/pt\/","nextItem":"https:\/\/www.rucashk.com\/pt\/produto\/xiaomi-electric-scooter-4-ultra\/#listItem"},{"@type":"ListItem","@id":"https:\/\/www.rucashk.com\/pt\/produto\/xiaomi-electric-scooter-4-ultra\/#listItem","position":2,"name":"Xiaomi Electric Scooter 4 Ultra","previousItem":"https:\/\/www.rucashk.com\/pt\/#listItem"}]},{"@type":"Organization","@id":"https:\/\/www.rucashk.com\/pt\/#organization","name":"Rucas","url":"https:\/\/www.rucashk.com\/pt\/","logo":{"@type":"ImageObject","url":"https:\/\/www.rucashk.com\/wp-content\/uploads\/2023\/12\/Rucas_campany_logo.png","@id":"https:\/\/www.rucashk.com\/pt\/produto\/xiaomi-electric-scooter-4-ultra\/#organizationLogo","width":221,"height":65},"image":{"@id":"https:\/\/www.rucashk.com\/pt\/#organizationLogo"}},{"@type":"Person","@id":"https:\/\/www.rucashk.com\/pt\/author\/admin\/#author","url":"https:\/\/www.rucashk.com\/pt\/author\/admin\/","name":"admin","image":{"@type":"ImageObject","@id":"https:\/\/www.rucashk.com\/pt\/produto\/xiaomi-electric-scooter-4-ultra\/#authorImage","url":"https:\/\/secure.gravatar.com\/avatar\/b7c8925b09a27e72b30232f8ecaadbd5af0f70a38c78096863fe51b64f031c24?s=96&d=mm&r=g","width":96,"height":96,"caption":"admin"}},{"@type":"WebPage","@id":"https:\/\/www.rucashk.com\/pt\/produto\/xiaomi-electric-scooter-4-ultra\/#webpage","url":"https:\/\/www.rucashk.com\/pt\/produto\/xiaomi-electric-scooter-4-ultra\/","name":"Xiaomi Electric Scooter 4 Ultra - Rucas - Wholesale and Distribution","description":"Electric motor with a maximum power of 940 W, allowing you to overcome hills with an inclination of 25 degrees. Dual suspension system that guarantees a comfortable ride on pavers and other uneven road surfaces. An energy efficient battery providing up to 70 km of travel on a single full charge. Proprietary 10\" DuraGel pneumatic tires are puncture and damage resistant. IP55 water resistant, thanks to which the scooter can be used in rainy weather. Maximum speed 25 km\/h. Acceleration from 0 to 25 km\/h in just 4 seconds. 4 driving modes, including walking (5-6 km\/h). Convenient platform 17 cm wide. Robust aluminum alloy construction capable of supporting a rider up to 120kg. Compatible with Xiaomi Home \/ Mi Home Apps, which can get information about the remaining charge, data on the technical condition of the vehicle, etc. Front light and rear brake light for safe driving at night. Color display showing information about the current trip.","inLanguage":"pt-PT","isPartOf":{"@id":"https:\/\/www.rucashk.com\/pt\/#website"},"breadcrumb":{"@id":"https:\/\/www.rucashk.com\/pt\/produto\/xiaomi-electric-scooter-4-ultra\/#breadcrumblist"},"author":{"@id":"https:\/\/www.rucashk.com\/pt\/author\/admin\/#author"},"creator":{"@id":"https:\/\/www.rucashk.com\/pt\/author\/admin\/#author"},"image":{"@type":"ImageObject","url":"https:\/\/www.rucashk.com\/wp-content\/uploads\/2024\/03\/7ea26f368ca3c6b2204dbed2b510a94f400x40085.png","@id":"https:\/\/www.rucashk.com\/pt\/produto\/xiaomi-electric-scooter-4-ultra\/#mainImage","width":400,"height":400},"primaryImageOfPage":{"@id":"https:\/\/www.rucashk.com\/pt\/produto\/xiaomi-electric-scooter-4-ultra\/#mainImage"},"datePublished":"2024-03-24T15:27:46+00:00","dateModified":"2024-03-24T15:28:43+00:00"},{"@type":"WebSite","@id":"https:\/\/www.rucashk.com\/pt\/#website","url":"https:\/\/www.rucashk.com\/pt\/","name":"Rucas - Wholesale and distribution worldwide","alternateName":"Rucas - One-stop AIoT Distribution Worldwide","description":"One-stop AIoT Distribution Worldwide","inLanguage":"pt-PT","publisher":{"@id":"https:\/\/www.rucashk.com\/pt\/#organization"}}]}},"aioseo_meta_data":{"post_id":"39412","title":null,"description":null,"keywords":null,"keyphrases":null,"primary_term":null,"canonical_url":null,"og_title":null,"og_description":null,"og_object_type":"default","og_image_type":"default","og_image_url":null,"og_image_width":null,"og_image_height":null,"og_image_custom_url":null,"og_image_custom_fields":null,"og_video":null,"og_custom_url":null,"og_article_section":null,"og_article_tags":null,"twitter_use_og":false,"twitter_card":"default","twitter_image_type":"default","twitter_image_url":null,"twitter_image_custom_url":null,"twitter_image_custom_fields":null,"twitter_title":null,"twitter_description":null,"schema":{"blockGraphs":[],"customGraphs":[],"default":{"data":{"Article":[],"Course":[],"Dataset":[],"FAQPage":[],"Movie":[],"Person":[],"Product":[],"Recipe":[],"Service":[],"SoftwareApplication":[],"WebPage":[]},"graphName":"","isEnabled":true},"graphs":[]},"schema_type":"default","schema_type_options":null,"pillar_content":false,"robots_default":true,"robots_noindex":false,"robots_noarchive":false,"robots_nosnippet":false,"robots_nofollow":false,"robots_noimageindex":false,"robots_noodp":false,"robots_notranslate":false,"robots_max_snippet":null,"robots_max_videopreview":null,"robots_max_imagepreview":"large","priority":null,"frequency":null,"local_seo":null,"breadcrumb_settings":null,"limit_modified_date":false,"created":"2024-04-11 01:57:23","updated":"2025-06-22 18:50:54"},"aioseo_breadcrumb":"<div class=\"aioseo-breadcrumbs\"><span class=\"aioseo-breadcrumb\">\n\t<a href=\"https:\/\/www.rucashk.com\/pt\" title=\"Home\">Home<\/a>\n<\/span><span class=\"aioseo-breadcrumb-separator\">&raquo;<\/span><span class=\"aioseo-breadcrumb\">\n\t<a href=\"https:\/\/www.rucashk.com\/pt\/products\/\" title=\"Produtos\">Produtos<\/a>\n<\/span><span class=\"aioseo-breadcrumb-separator\">&raquo;<\/span><span class=\"aioseo-breadcrumb\">\n\t<a href=\"https:\/\/www.rucashk.com\/pt\/marca\/xiaomi\/\" title=\"Xiaomi\">Xiaomi<\/a>\n<\/span><span class=\"aioseo-breadcrumb-separator\">&raquo;<\/span><span class=\"aioseo-breadcrumb\">\n\tXiaomi Electric Scooter 4 Ultra\n<\/span><\/div>","aioseo_breadcrumb_json":[{"label":"Home","link":"https:\/\/www.rucashk.com\/pt"},{"label":"Produtos","link":"https:\/\/www.rucashk.com\/pt\/products\/"},{"label":"Xiaomi","link":"https:\/\/www.rucashk.com\/pt\/marca\/xiaomi\/"},{"label":"Xiaomi Electric Scooter 4 Ultra","link":"https:\/\/www.rucashk.com\/pt\/produto\/xiaomi-electric-scooter-4-ultra\/"}],"_links":{"self":[{"href":"https:\/\/www.rucashk.com\/pt\/wp-json\/wp\/v2\/product\/39412","targetHints":{"allow":["GET"]}}],"collection":[{"href":"https:\/\/www.rucashk.com\/pt\/wp-json\/wp\/v2\/product"}],"about":[{"href":"https:\/\/www.rucashk.com\/pt\/wp-json\/wp\/v2\/types\/product"}],"wp:featuredmedia":[{"embeddable":true,"href":"https:\/\/www.rucashk.com\/pt\/wp-json\/wp\/v2\/media\/39416"}],"wp:attachment":[{"href":"https:\/\/www.rucashk.com\/pt\/wp-json\/wp\/v2\/media?parent=39412"}],"wp:term":[{"taxonomy":"product_brand","embeddable":true,"href":"https:\/\/www.rucashk.com\/pt\/wp-json\/wp\/v2\/product_brand?post=39412"},{"taxonomy":"product_cat","embeddable":true,"href":"https:\/\/www.rucashk.com\/pt\/wp-json\/wp\/v2\/product_cat?post=39412"},{"taxonomy":"product_tag","embeddable":true,"href":"https:\/\/www.rucashk.com\/pt\/wp-json\/wp\/v2\/product_tag?post=39412"}],"curies":[{"name":"wp","href":"https:\/\/api.w.org\/{rel}","templated":true}]}}