{"id":39403,"date":"2024-03-24T15:14:50","date_gmt":"2024-03-24T15:14:50","guid":{"rendered":"http:\/\/rucashk.com\/?post_type=product&#038;p=39403"},"modified":"2024-04-16T13:22:03","modified_gmt":"2024-04-16T13:22:03","slug":"xiaomi-mi-electric-scooter-4-go","status":"publish","type":"product","link":"https:\/\/www.rucashk.com\/pt\/produto\/xiaomi-mi-electric-scooter-4-go\/","title":{"rendered":"Scooter El\u00e9trica Xiaomi Mi 4 Go"},"content":{"rendered":"<p><img decoding=\"async\" src=\"\/wp-content\/uploads\/replace\/b8f09dacc6283da801432d771b0e46ff.png\" alt=\"Xiaomi Mi Electric Scooter 4 Go\" \/><\/p>\n<p>A Scooter El\u00e9trica Xiaomi 4 Go possui um design \u00fanico, adicionando um toque de vivacidade \u00e0s suas viagens e um toque de estilo ao seu dia a dia. Possui tr\u00eas modos de condu\u00e7\u00e3o que permitem a adapta\u00e7\u00e3o a diferentes cen\u00e1rios de viagem.<\/p>\n<p>Contraste de cores brilhantes para estilo em movimento<br \/>\nA Scooter El\u00e9trica Xiaomi 4 Go apresenta um deck redondo exclusivo e um cubo de roda atraente com design de contraste de cores, dando um toque de vibra\u00e7\u00e3o e um toque de estilo \u00e0s suas viagens.<\/p>\n<p>Gerenciamento de viagens com conex\u00e3o de aplicativo inteligente<br \/>\nAo conectar a Xiaomi Electric Scooter 4 Go com a aplica\u00e7\u00e3o Xiaomi Home\/Mi Home, ter\u00e1 acesso a uma variedade de fun\u00e7\u00f5es \u00fateis. Isso inclui a capacidade de visualizar os quil\u00f4metros restantes e a eletricidade restante, bloquear remotamente sua scooter e atualizar seu firmware. \u00c9 o centro de gest\u00e3o da sua scooter, ajudando-o a tirar o m\u00e1ximo partido das suas viagens.<\/p>\n<p>Tr\u00eas modos de condu\u00e7\u00e3o permitem adaptar-se a diferentes cen\u00e1rios.<br \/>\nA Scooter El\u00e9trica Xiaomi 4 Go oferece aos pilotos tr\u00eas modos de condu\u00e7\u00e3o \u00e0 escolha, permitindo uma pot\u00eancia personalizada e otimizada, resultando numa condu\u00e7\u00e3o mais confort\u00e1vel e agrad\u00e1vel em diferentes cen\u00e1rios de condu\u00e7\u00e3o.<\/p>\n<p>Alcance de viagem de at\u00e9 18 km*, tornando-o ideal para deslocamentos di\u00e1rios e atividades de lazer<br \/>\nA bateria de l\u00edtio de 18650mAh possui todos os recursos de seguran\u00e7a necess\u00e1rios, ao mesmo tempo que oferece impressionantes 165Wh de pot\u00eancia. Sem d\u00favida, a escolha ideal para o seu dia a dia num raio de 5 km.<\/p>","protected":false},"excerpt":{"rendered":"<ul>\n<li>Velocidade m\u00e1xima: 20 km\/h (Velocidade m\u00e1xima para cada modo: Modo pedestre: 5 km\/h; D: 15 km\/h; S: 20 km\/h)<\/li>\n<li>Alcance total: 20 km<\/li>\n<li>\u00c2ngulo m\u00e1ximo de subida: 10\u00b0<\/li>\n<li>Freio: E-ABS e freio a disco<\/li>\n<li>Pot\u00eancia nominal: 250W<\/li>\n<li>Pot\u00eancia m\u00e1xima: 500W<\/li>\n<\/ul>","protected":false},"featured_media":39411,"template":"","meta":[],"product_brand":[1363],"product_cat":[1314,1305],"product_tag":[],"class_list":{"0":"post-39403","1":"product","2":"type-product","3":"status-publish","4":"has-post-thumbnail","6":"product_brand-xiaomi","7":"product_cat-mi-scooter","8":"product_cat-xiaomi-eco","10":"first","11":"instock","12":"shipping-taxable","13":"product-type-simple"},"aioseo_notices":[],"aioseo_head":"\n\t\t<!-- All in One SEO Pro 4.5.9.2 - aioseo.com -->\n\t\t<meta name=\"description\" content=\"Maximum speed: 20 km\/h (Max speed for each mode: Pedestrian mode: 5 km\/h; D: 15 km\/h; S: 20 km\/h) Overall Range: 20km Maximum climb angle: 10\u00b0 Braking: E-ABS and disc brake Rated Power: 250W Maximum Power: 500W\" \/>\n\t\t<meta name=\"robots\" content=\"max-image-preview:large\" \/>\n\t\t<link rel=\"canonical\" href=\"https:\/\/www.rucashk.com\/pt\/produto\/xiaomi-mi-electric-scooter-4-go\/\" \/>\n\t\t<meta name=\"generator\" content=\"All in One SEO Pro (AIOSEO) 4.5.9.2\" \/>\n\t\t<meta property=\"og:locale\" content=\"pt_PT\" \/>\n\t\t<meta property=\"og:site_name\" content=\"Rucas - One-stop AIoT Distribution Worldwide\" \/>\n\t\t<meta property=\"og:type\" content=\"article\" \/>\n\t\t<meta property=\"og:title\" content=\"Xiaomi Mi Electric Scooter 4 Go - Rucas - Wholesale and Distribution\" \/>\n\t\t<meta property=\"og:description\" content=\"Maximum speed: 20 km\/h (Max speed for each mode: Pedestrian mode: 5 km\/h; D: 15 km\/h; S: 20 km\/h) Overall Range: 20km Maximum climb angle: 10\u00b0 Braking: E-ABS and disc brake Rated Power: 250W Maximum Power: 500W\" \/>\n\t\t<meta property=\"og:url\" content=\"https:\/\/www.rucashk.com\/pt\/produto\/xiaomi-mi-electric-scooter-4-go\/\" \/>\n\t\t<meta property=\"og:image\" content=\"https:\/\/www.rucashk.com\/wp-content\/uploads\/replace\/503b8e645f128a97ccde2b6290747646.jpeg\" \/>\n\t\t<meta property=\"og:image:secure_url\" content=\"https:\/\/www.rucashk.com\/wp-content\/uploads\/replace\/503b8e645f128a97ccde2b6290747646.jpeg\" \/>\n\t\t<meta property=\"og:image:width\" content=\"1456\" \/>\n\t\t<meta property=\"og:image:height\" content=\"816\" \/>\n\t\t<meta property=\"article:published_time\" content=\"2024-03-24T15:14:50+00:00\" \/>\n\t\t<meta property=\"article:modified_time\" content=\"2024-04-16T13:22:03+00:00\" \/>\n\t\t<meta name=\"twitter:card\" content=\"summary_large_image\" \/>\n\t\t<meta name=\"twitter:title\" content=\"Xiaomi Mi Electric Scooter 4 Go - Rucas - Wholesale and Distribution\" \/>\n\t\t<meta name=\"twitter:description\" content=\"Maximum speed: 20 km\/h (Max speed for each mode: Pedestrian mode: 5 km\/h; D: 15 km\/h; S: 20 km\/h) Overall Range: 20km Maximum climb angle: 10\u00b0 Braking: E-ABS and disc brake Rated Power: 250W Maximum Power: 500W\" \/>\n\t\t<meta name=\"twitter:image\" content=\"https:\/\/www.rucashk.com\/wp-content\/uploads\/replace\/503b8e645f128a97ccde2b6290747646.jpeg\" \/>\n\t\t<script type=\"application\/ld+json\" class=\"aioseo-schema\">\n\t\t\t{\"@context\":\"https:\\\/\\\/schema.org\",\"@graph\":[{\"@type\":\"BreadcrumbList\",\"@id\":\"https:\\\/\\\/www.rucashk.com\\\/pt\\\/produto\\\/xiaomi-mi-electric-scooter-4-go\\\/#breadcrumblist\",\"itemListElement\":[{\"@type\":\"ListItem\",\"@id\":\"https:\\\/\\\/www.rucashk.com\\\/pt\\\/#listItem\",\"position\":1,\"name\":\"Home\",\"item\":\"https:\\\/\\\/www.rucashk.com\\\/pt\\\/\",\"nextItem\":\"https:\\\/\\\/www.rucashk.com\\\/pt\\\/produto\\\/xiaomi-mi-electric-scooter-4-go\\\/#listItem\"},{\"@type\":\"ListItem\",\"@id\":\"https:\\\/\\\/www.rucashk.com\\\/pt\\\/produto\\\/xiaomi-mi-electric-scooter-4-go\\\/#listItem\",\"position\":2,\"name\":\"Xiaomi Mi Electric Scooter 4 Go\",\"previousItem\":\"https:\\\/\\\/www.rucashk.com\\\/pt\\\/#listItem\"}]},{\"@type\":\"Organization\",\"@id\":\"https:\\\/\\\/www.rucashk.com\\\/pt\\\/#organization\",\"name\":\"Rucas\",\"url\":\"https:\\\/\\\/www.rucashk.com\\\/pt\\\/\",\"logo\":{\"@type\":\"ImageObject\",\"url\":\"https:\\\/\\\/www.rucashk.com\\\/wp-content\\\/uploads\\\/2023\\\/12\\\/Rucas_campany_logo.png\",\"@id\":\"https:\\\/\\\/www.rucashk.com\\\/pt\\\/produto\\\/xiaomi-mi-electric-scooter-4-go\\\/#organizationLogo\",\"width\":221,\"height\":65},\"image\":{\"@id\":\"https:\\\/\\\/www.rucashk.com\\\/pt\\\/#organizationLogo\"}},{\"@type\":\"Person\",\"@id\":\"https:\\\/\\\/www.rucashk.com\\\/pt\\\/author\\\/admin\\\/#author\",\"url\":\"https:\\\/\\\/www.rucashk.com\\\/pt\\\/author\\\/admin\\\/\",\"name\":\"admin\",\"image\":{\"@type\":\"ImageObject\",\"@id\":\"https:\\\/\\\/www.rucashk.com\\\/pt\\\/produto\\\/xiaomi-mi-electric-scooter-4-go\\\/#authorImage\",\"url\":\"https:\\\/\\\/secure.gravatar.com\\\/avatar\\\/b7c8925b09a27e72b30232f8ecaadbd5af0f70a38c78096863fe51b64f031c24?s=96&d=mm&r=g\",\"width\":96,\"height\":96,\"caption\":\"admin\"}},{\"@type\":\"WebPage\",\"@id\":\"https:\\\/\\\/www.rucashk.com\\\/pt\\\/produto\\\/xiaomi-mi-electric-scooter-4-go\\\/#webpage\",\"url\":\"https:\\\/\\\/www.rucashk.com\\\/pt\\\/produto\\\/xiaomi-mi-electric-scooter-4-go\\\/\",\"name\":\"Xiaomi Mi Electric Scooter 4 Go - Rucas - Wholesale and Distribution\",\"description\":\"Maximum speed: 20 km\\\/h (Max speed for each mode: Pedestrian mode: 5 km\\\/h; D: 15 km\\\/h; S: 20 km\\\/h) Overall Range: 20km Maximum climb angle: 10\\u00b0 Braking: E-ABS and disc brake Rated Power: 250W Maximum Power: 500W\",\"inLanguage\":\"pt-PT\",\"isPartOf\":{\"@id\":\"https:\\\/\\\/www.rucashk.com\\\/pt\\\/#website\"},\"breadcrumb\":{\"@id\":\"https:\\\/\\\/www.rucashk.com\\\/pt\\\/produto\\\/xiaomi-mi-electric-scooter-4-go\\\/#breadcrumblist\"},\"author\":{\"@id\":\"https:\\\/\\\/www.rucashk.com\\\/pt\\\/author\\\/admin\\\/#author\"},\"creator\":{\"@id\":\"https:\\\/\\\/www.rucashk.com\\\/pt\\\/author\\\/admin\\\/#author\"},\"image\":{\"@type\":\"ImageObject\",\"url\":\"https:\\\/\\\/www.rucashk.com\\\/wp-content\\\/uploads\\\/2024\\\/03\\\/2e8226d808131c5bbb7f82e51bc69493400x40085.png\",\"@id\":\"https:\\\/\\\/www.rucashk.com\\\/pt\\\/produto\\\/xiaomi-mi-electric-scooter-4-go\\\/#mainImage\",\"width\":400,\"height\":400},\"primaryImageOfPage\":{\"@id\":\"https:\\\/\\\/www.rucashk.com\\\/pt\\\/produto\\\/xiaomi-mi-electric-scooter-4-go\\\/#mainImage\"},\"datePublished\":\"2024-03-24T15:14:50+00:00\",\"dateModified\":\"2024-04-16T13:22:03+00:00\"},{\"@type\":\"WebSite\",\"@id\":\"https:\\\/\\\/www.rucashk.com\\\/pt\\\/#website\",\"url\":\"https:\\\/\\\/www.rucashk.com\\\/pt\\\/\",\"name\":\"Rucas - Wholesale and distribution worldwide\",\"alternateName\":\"Rucas - One-stop AIoT Distribution Worldwide\",\"description\":\"One-stop AIoT Distribution Worldwide\",\"inLanguage\":\"pt-PT\",\"publisher\":{\"@id\":\"https:\\\/\\\/www.rucashk.com\\\/pt\\\/#organization\"}}]}\n\t\t<\/script>\n\t\t<!-- All in One SEO Pro -->\r\n\t\t<title>Xiaomi Mi Electric Scooter 4 Go - Rucas - Wholesale and Distribution<\/title>\n\n","aioseo_head_json":{"title":"Xiaomi Mi Electric Scooter 4 Go - Rucas - Wholesale and Distribution","description":"Maximum speed: 20 km\/h (Max speed for each mode: Pedestrian mode: 5 km\/h; D: 15 km\/h; S: 20 km\/h) Overall Range: 20km Maximum climb angle: 10\u00b0 Braking: E-ABS and disc brake Rated Power: 250W Maximum Power: 500W","canonical_url":"https:\/\/www.rucashk.com\/pt\/produto\/xiaomi-mi-electric-scooter-4-go\/","robots":"max-image-preview:large","keywords":"","webmasterTools":{"miscellaneous":""},"og:locale":"pt_PT","og:site_name":"Rucas - One-stop AIoT Distribution Worldwide","og:type":"article","og:title":"Xiaomi Mi Electric Scooter 4 Go - Rucas - Wholesale and Distribution","og:description":"Maximum speed: 20 km\/h (Max speed for each mode: Pedestrian mode: 5 km\/h; D: 15 km\/h; S: 20 km\/h) Overall Range: 20km Maximum climb angle: 10\u00b0 Braking: E-ABS and disc brake Rated Power: 250W Maximum Power: 500W","og:url":"https:\/\/www.rucashk.com\/pt\/produto\/xiaomi-mi-electric-scooter-4-go\/","og:image":"https:\/\/www.rucashk.com\/wp-content\/uploads\/replace\/503b8e645f128a97ccde2b6290747646.jpeg","og:image:secure_url":"https:\/\/www.rucashk.com\/wp-content\/uploads\/replace\/503b8e645f128a97ccde2b6290747646.jpeg","og:image:width":1456,"og:image:height":816,"article:published_time":"2024-03-24T15:14:50+00:00","article:modified_time":"2024-04-16T13:22:03+00:00","twitter:card":"summary_large_image","twitter:title":"Xiaomi Mi Electric Scooter 4 Go - Rucas - Wholesale and Distribution","twitter:description":"Maximum speed: 20 km\/h (Max speed for each mode: Pedestrian mode: 5 km\/h; D: 15 km\/h; S: 20 km\/h) Overall Range: 20km Maximum climb angle: 10\u00b0 Braking: E-ABS and disc brake Rated Power: 250W Maximum Power: 500W","twitter:image":"https:\/\/www.rucashk.com\/wp-content\/uploads\/replace\/503b8e645f128a97ccde2b6290747646.jpeg","schema":{"@context":"https:\/\/schema.org","@graph":[{"@type":"BreadcrumbList","@id":"https:\/\/www.rucashk.com\/pt\/produto\/xiaomi-mi-electric-scooter-4-go\/#breadcrumblist","itemListElement":[{"@type":"ListItem","@id":"https:\/\/www.rucashk.com\/pt\/#listItem","position":1,"name":"Home","item":"https:\/\/www.rucashk.com\/pt\/","nextItem":"https:\/\/www.rucashk.com\/pt\/produto\/xiaomi-mi-electric-scooter-4-go\/#listItem"},{"@type":"ListItem","@id":"https:\/\/www.rucashk.com\/pt\/produto\/xiaomi-mi-electric-scooter-4-go\/#listItem","position":2,"name":"Xiaomi Mi Electric Scooter 4 Go","previousItem":"https:\/\/www.rucashk.com\/pt\/#listItem"}]},{"@type":"Organization","@id":"https:\/\/www.rucashk.com\/pt\/#organization","name":"Rucas","url":"https:\/\/www.rucashk.com\/pt\/","logo":{"@type":"ImageObject","url":"https:\/\/www.rucashk.com\/wp-content\/uploads\/2023\/12\/Rucas_campany_logo.png","@id":"https:\/\/www.rucashk.com\/pt\/produto\/xiaomi-mi-electric-scooter-4-go\/#organizationLogo","width":221,"height":65},"image":{"@id":"https:\/\/www.rucashk.com\/pt\/#organizationLogo"}},{"@type":"Person","@id":"https:\/\/www.rucashk.com\/pt\/author\/admin\/#author","url":"https:\/\/www.rucashk.com\/pt\/author\/admin\/","name":"admin","image":{"@type":"ImageObject","@id":"https:\/\/www.rucashk.com\/pt\/produto\/xiaomi-mi-electric-scooter-4-go\/#authorImage","url":"https:\/\/secure.gravatar.com\/avatar\/b7c8925b09a27e72b30232f8ecaadbd5af0f70a38c78096863fe51b64f031c24?s=96&d=mm&r=g","width":96,"height":96,"caption":"admin"}},{"@type":"WebPage","@id":"https:\/\/www.rucashk.com\/pt\/produto\/xiaomi-mi-electric-scooter-4-go\/#webpage","url":"https:\/\/www.rucashk.com\/pt\/produto\/xiaomi-mi-electric-scooter-4-go\/","name":"Xiaomi Mi Electric Scooter 4 Go - Rucas - Wholesale and Distribution","description":"Maximum speed: 20 km\/h (Max speed for each mode: Pedestrian mode: 5 km\/h; D: 15 km\/h; S: 20 km\/h) Overall Range: 20km Maximum climb angle: 10\u00b0 Braking: E-ABS and disc brake Rated Power: 250W Maximum Power: 500W","inLanguage":"pt-PT","isPartOf":{"@id":"https:\/\/www.rucashk.com\/pt\/#website"},"breadcrumb":{"@id":"https:\/\/www.rucashk.com\/pt\/produto\/xiaomi-mi-electric-scooter-4-go\/#breadcrumblist"},"author":{"@id":"https:\/\/www.rucashk.com\/pt\/author\/admin\/#author"},"creator":{"@id":"https:\/\/www.rucashk.com\/pt\/author\/admin\/#author"},"image":{"@type":"ImageObject","url":"https:\/\/www.rucashk.com\/wp-content\/uploads\/2024\/03\/2e8226d808131c5bbb7f82e51bc69493400x40085.png","@id":"https:\/\/www.rucashk.com\/pt\/produto\/xiaomi-mi-electric-scooter-4-go\/#mainImage","width":400,"height":400},"primaryImageOfPage":{"@id":"https:\/\/www.rucashk.com\/pt\/produto\/xiaomi-mi-electric-scooter-4-go\/#mainImage"},"datePublished":"2024-03-24T15:14:50+00:00","dateModified":"2024-04-16T13:22:03+00:00"},{"@type":"WebSite","@id":"https:\/\/www.rucashk.com\/pt\/#website","url":"https:\/\/www.rucashk.com\/pt\/","name":"Rucas - Wholesale and distribution worldwide","alternateName":"Rucas - One-stop AIoT Distribution Worldwide","description":"One-stop AIoT Distribution Worldwide","inLanguage":"pt-PT","publisher":{"@id":"https:\/\/www.rucashk.com\/pt\/#organization"}}]}},"aioseo_meta_data":{"post_id":"39403","title":null,"description":null,"keywords":null,"keyphrases":null,"primary_term":null,"canonical_url":null,"og_title":null,"og_description":null,"og_object_type":"default","og_image_type":"default","og_image_url":null,"og_image_width":null,"og_image_height":null,"og_image_custom_url":null,"og_image_custom_fields":null,"og_video":null,"og_custom_url":null,"og_article_section":null,"og_article_tags":null,"twitter_use_og":false,"twitter_card":"default","twitter_image_type":"default","twitter_image_url":null,"twitter_image_custom_url":null,"twitter_image_custom_fields":null,"twitter_title":null,"twitter_description":null,"schema":{"blockGraphs":[],"customGraphs":[],"default":{"data":{"Article":[],"Course":[],"Dataset":[],"FAQPage":[],"Movie":[],"Person":[],"Product":[],"Recipe":[],"Service":[],"SoftwareApplication":[],"WebPage":[]},"graphName":"","isEnabled":true},"graphs":[]},"schema_type":"default","schema_type_options":null,"pillar_content":false,"robots_default":true,"robots_noindex":false,"robots_noarchive":false,"robots_nosnippet":false,"robots_nofollow":false,"robots_noimageindex":false,"robots_noodp":false,"robots_notranslate":false,"robots_max_snippet":null,"robots_max_videopreview":null,"robots_max_imagepreview":"large","priority":null,"frequency":null,"local_seo":null,"breadcrumb_settings":null,"limit_modified_date":false,"created":"2024-04-11 01:57:23","updated":"2025-06-22 18:50:54"},"aioseo_breadcrumb":"<div class=\"aioseo-breadcrumbs\"><span class=\"aioseo-breadcrumb\">\n\t<a href=\"https:\/\/www.rucashk.com\/pt\" title=\"Home\">Home<\/a>\n<\/span><span class=\"aioseo-breadcrumb-separator\">&raquo;<\/span><span class=\"aioseo-breadcrumb\">\n\t<a href=\"https:\/\/www.rucashk.com\/pt\/products\/\" title=\"Produtos\">Produtos<\/a>\n<\/span><span class=\"aioseo-breadcrumb-separator\">&raquo;<\/span><span class=\"aioseo-breadcrumb\">\n\t<a href=\"https:\/\/www.rucashk.com\/pt\/marca\/xiaomi\/\" title=\"Xiaomi\">Xiaomi<\/a>\n<\/span><span class=\"aioseo-breadcrumb-separator\">&raquo;<\/span><span class=\"aioseo-breadcrumb\">\n\tXiaomi Mi Electric Scooter 4 Go\n<\/span><\/div>","aioseo_breadcrumb_json":[{"label":"Home","link":"https:\/\/www.rucashk.com\/pt"},{"label":"Produtos","link":"https:\/\/www.rucashk.com\/pt\/products\/"},{"label":"Xiaomi","link":"https:\/\/www.rucashk.com\/pt\/marca\/xiaomi\/"},{"label":"Xiaomi Mi Electric Scooter 4 Go","link":"https:\/\/www.rucashk.com\/pt\/produto\/xiaomi-mi-electric-scooter-4-go\/"}],"_links":{"self":[{"href":"https:\/\/www.rucashk.com\/pt\/wp-json\/wp\/v2\/product\/39403","targetHints":{"allow":["GET"]}}],"collection":[{"href":"https:\/\/www.rucashk.com\/pt\/wp-json\/wp\/v2\/product"}],"about":[{"href":"https:\/\/www.rucashk.com\/pt\/wp-json\/wp\/v2\/types\/product"}],"wp:featuredmedia":[{"embeddable":true,"href":"https:\/\/www.rucashk.com\/pt\/wp-json\/wp\/v2\/media\/39411"}],"wp:attachment":[{"href":"https:\/\/www.rucashk.com\/pt\/wp-json\/wp\/v2\/media?parent=39403"}],"wp:term":[{"taxonomy":"product_brand","embeddable":true,"href":"https:\/\/www.rucashk.com\/pt\/wp-json\/wp\/v2\/product_brand?post=39403"},{"taxonomy":"product_cat","embeddable":true,"href":"https:\/\/www.rucashk.com\/pt\/wp-json\/wp\/v2\/product_cat?post=39403"},{"taxonomy":"product_tag","embeddable":true,"href":"https:\/\/www.rucashk.com\/pt\/wp-json\/wp\/v2\/product_tag?post=39403"}],"curies":[{"name":"wp","href":"https:\/\/api.w.org\/{rel}","templated":true}]}}