{"id":39380,"date":"2024-03-24T11:07:14","date_gmt":"2024-03-24T11:07:14","guid":{"rendered":"http:\/\/rucashk.com\/?post_type=product&#038;p=39380"},"modified":"2024-03-24T11:07:15","modified_gmt":"2024-03-24T11:07:15","slug":"redmi-buds-essential-true-wireless-earbuds","status":"publish","type":"product","link":"https:\/\/www.rucashk.com\/pt\/produto\/redmi-buds-essential-true-wireless-earbuds\/","title":{"rendered":"Fones de ouvido sem fio verdadeiros Redmi Buds Essential"},"content":{"rendered":"<div class=\"xm-navbar\">\n<div class=\"xm-navbar__container\">\n<div class=\"xm-navbar__nav\" data-id=\"5w5rvv40ha1\">\n<div id=\"buy-root\"><picture class=\"xm-picture section_01\" style=\"font-family: var(--mt-font__main); font-size: 1rem;\"><img decoding=\"async\" class=\"xm-img\" src=\"\/wp-content\/uploads\/replace\/34a5baf895a3e462c3b6f8bdc6d57bdb.jpeg\" alt=\"Redmi Buds Essential\" data-id=\"cn6xubup0q\" \/><\/picture><\/div>\n<\/div>\n<\/div>\n<\/div>\n<p><main class=\"fly-birds-page overview_pc\"><\/p>\n<div class=\"section div26 lazy\" data-type=\"bg\" data-id=\"mm3v5q68wp\" data-background-image=\"\" data-loaded=\"true\"><picture class=\"xm-picture image27\"><source class=\"lazy\" srcset=\"\/wp-content\/uploads\/replace\/5456c0383e934c402e34dd10ddce06ad.png?f=webp\" type=\"image\/webp\" data-srcset=\"\/wp-content\/uploads\/replace\/5456c0383e934c402e34dd10ddce06ad.png?f=webp\" data-loaded=\"true\" \/><img decoding=\"async\" class=\"xm-img lazy\" src=\"\/wp-content\/uploads\/replace\/5456c0383e934c402e34dd10ddce06ad.png\" alt=\"Redmi Buds Essential\" data-id=\"2ktqzf7zvp\" data-src=\"\/wp-content\/uploads\/replace\/5456c0383e934c402e34dd10ddce06ad.png\" data-loaded=\"true\" \/><\/picture><\/div>\n<div class=\"section div31 lazy\" data-type=\"bg\" data-id=\"17akmca5kv\" data-background-image=\"\" data-loaded=\"true\"><picture class=\"xm-picture image32\"><source class=\"lazy\" srcset=\"\/wp-content\/uploads\/replace\/4728a3cc78913e57153aa897d2e21483.png?f=webp\" type=\"image\/webp\" data-srcset=\"\/wp-content\/uploads\/replace\/4728a3cc78913e57153aa897d2e21483.png?f=webp\" data-loaded=\"true\" \/><img decoding=\"async\" class=\"xm-img lazy\" src=\"\/wp-content\/uploads\/replace\/4728a3cc78913e57153aa897d2e21483.png\" alt=\"Redmi Buds Essential\" data-id=\"xwxk1e33xw\" data-src=\"\/wp-content\/uploads\/replace\/4728a3cc78913e57153aa897d2e21483.png\" data-loaded=\"true\" \/><\/picture><\/div>\n<div class=\"section div36 lazy\" data-type=\"bg\" data-id=\"b5bxk17qw4\" data-background-image=\"\" data-loaded=\"true\"><picture class=\"xm-picture image37\"><source class=\"lazy\" srcset=\"\/wp-content\/uploads\/replace\/706fc58a7d1c263fedc3b2e8a2a13aaf.png?f=webp\" type=\"image\/webp\" data-srcset=\"\/wp-content\/uploads\/replace\/706fc58a7d1c263fedc3b2e8a2a13aaf.png?f=webp\" data-loaded=\"true\" \/><img decoding=\"async\" class=\"xm-img lazy\" src=\"\/wp-content\/uploads\/replace\/706fc58a7d1c263fedc3b2e8a2a13aaf.png\" alt=\"Redmi Buds Essential\" data-id=\"3fz24w7w36\" data-src=\"\/wp-content\/uploads\/replace\/706fc58a7d1c263fedc3b2e8a2a13aaf.png\" data-loaded=\"true\" \/><\/picture><\/div>\n<div class=\"section div41 lazy\" data-type=\"bg\" data-id=\"0t94gcv331\" data-background-image=\"\" data-loaded=\"true\"><picture class=\"xm-picture image42\"><source class=\"lazy\" srcset=\"\/wp-content\/uploads\/replace\/7688af14d112285b12beb632e285ba6f.png?f=webp\" type=\"image\/webp\" data-srcset=\"\/wp-content\/uploads\/replace\/7688af14d112285b12beb632e285ba6f.png?f=webp\" data-loaded=\"true\" \/><img decoding=\"async\" class=\"xm-img lazy\" src=\"\/wp-content\/uploads\/replace\/7688af14d112285b12beb632e285ba6f.png\" alt=\"Redmi Buds Essential\" data-id=\"e4c3hs73hg\" data-src=\"\/wp-content\/uploads\/replace\/7688af14d112285b12beb632e285ba6f.png\" data-loaded=\"true\" \/><\/picture><\/div>\n<div class=\"section div46 lazy\" data-type=\"bg\" data-id=\"p2v8uxeeai\" data-background-image=\"\" data-loaded=\"true\"><picture class=\"xm-picture image47\"><source class=\"lazy\" srcset=\"\/wp-content\/uploads\/replace\/29e9a077612b599111bfcd3745bd1ef2.png?f=webp\" type=\"image\/webp\" data-srcset=\"\/wp-content\/uploads\/replace\/29e9a077612b599111bfcd3745bd1ef2.png?f=webp\" data-loaded=\"true\" \/><img decoding=\"async\" class=\"xm-img lazy\" src=\"\/wp-content\/uploads\/replace\/29e9a077612b599111bfcd3745bd1ef2.png\" alt=\"Redmi Buds Essential\" data-id=\"u43auv8sbc\" data-src=\"\/wp-content\/uploads\/replace\/29e9a077612b599111bfcd3745bd1ef2.png\" data-loaded=\"true\" \/><\/picture><\/div>\n<p><\/main>O Xiaomi Redmi Buds Essential oferece uma s\u00e9rie de recursos, incluindo boa qualidade de som, chamadas n\u00edtidas, Bluetooth 5.2 de baixa lat\u00eancia e resist\u00eancia \u00e0 \u00e1gua IPX4. Ele foi projetado com drivers din\u00e2micos de 7,2 mm ajustados profissionalmente pelo Xiaomi Acoustic Lab. Com graves potentes e fortes, bem como agudos n\u00edtidos e claros, o \u00e1udio HD e belos tons ir\u00e3o aprimorar sua experi\u00eancia de ouvir m\u00fasica.<\/p>\n<p>O chip Bluetooth\u00ae 5.2 de alto desempenho possui alta anti-interfer\u00eancia e menor lat\u00eancia, permitindo que voc\u00ea desfrute de uma reprodu\u00e7\u00e3o de m\u00fasica suave e est\u00e1vel sem o inc\u00f4modo dos fones de ouvido com fio. O modo de jogo aprimorado de baixa lat\u00eancia permite que voc\u00ea aproveite seus jogos com menos atraso de \u00e1udio, proporcionando transmiss\u00e3o est\u00e1vel. Os Redmi Buds Essential tamb\u00e9m s\u00e3o f\u00e1ceis de usar, basta abrir a tampa e retirar os fones de ouvido para emparelhar, e eles se conectar\u00e3o automaticamente imediatamente para que voc\u00ea possa curtir sua m\u00fasica a qualquer hora.<\/p>\n<p>Mergulhe no mundo da m\u00fasica e desfrute de at\u00e9 5,5 horas de bateria com uma \u00fanica carga de ambos os fones de ouvido e at\u00e9 18 horas com o estojo de carregamento. Nenhum dos fones de ouvido \u00e9 restrito e cada fone de ouvido pode ser usado sozinho, para que voc\u00ea possa alternar livremente entre o modo de ouvido \u00fanico e de ouvido duplo, permitindo que voc\u00ea curta a m\u00fasica o quanto quiser.<\/p>\n<p>Habilmente projetados com resist\u00eancia \u00e0 \u00e1gua IPX4, os Redmi Buds Essential oferecem prote\u00e7\u00e3o profissional contra respingos de \u00e1gua ou acidentes. Dessa forma, voc\u00ea pode desfrutar de uma experi\u00eancia musical confi\u00e1vel em diversos ambientes, desde o deslocamento di\u00e1rio at\u00e9 o tempo na academia. Ele tamb\u00e9m apresenta um design elegante com tecnologia anti-impress\u00e3o digital e acabamento fosco, para uma apar\u00eancia simples e elegante. Um \u00fanico fone de ouvido pesa apenas 4g e se ajusta suavemente ao seu ouvido, proporcionando um conforto sem precedentes ao us\u00e1-lo por longos per\u00edodos de tempo.<\/p>","protected":false},"excerpt":{"rendered":"<ul>\n<li>Qualidade de som HD<\/li>\n<li>Bluetooth 5.2 avan\u00e7ado<\/li>\n<li>IPX4 resistente \u00e0 \u00e1gua<\/li>\n<li>At\u00e9 5,5 horas de dura\u00e7\u00e3o da bateria \u2013 18 horas com estojo de carregamento<\/li>\n<li>Modo de jogo de baixa lat\u00eancia<\/li>\n<\/ul>","protected":false},"featured_media":39388,"template":"","meta":[],"product_brand":[1363],"product_cat":[1306,1305],"product_tag":[],"class_list":{"0":"post-39380","1":"product","2":"type-product","3":"status-publish","4":"has-post-thumbnail","6":"product_brand-xiaomi","7":"product_cat-mi-redmi-earphone","8":"product_cat-xiaomi-eco","10":"first","11":"instock","12":"shipping-taxable","13":"product-type-simple"},"aioseo_notices":[],"aioseo_head":"\n\t\t<!-- All in One SEO Pro 4.5.9.2 - aioseo.com -->\n\t\t<meta name=\"description\" content=\"HD Sound Quality Advanced Bluetooth 5.2 IPX4 Water Resistant Up 5.5 Hours Battery Life \u2013 18 Hours with Charging Case Low Latency Gaming Mode\" \/>\n\t\t<meta name=\"robots\" content=\"max-image-preview:large\" \/>\n\t\t<link rel=\"canonical\" href=\"https:\/\/www.rucashk.com\/pt\/produto\/redmi-buds-essential-true-wireless-earbuds\/\" \/>\n\t\t<meta name=\"generator\" content=\"All in One SEO Pro (AIOSEO) 4.5.9.2\" \/>\n\t\t<meta property=\"og:locale\" content=\"pt_PT\" \/>\n\t\t<meta property=\"og:site_name\" content=\"Rucas - One-stop AIoT Distribution Worldwide\" \/>\n\t\t<meta property=\"og:type\" content=\"article\" \/>\n\t\t<meta property=\"og:title\" content=\"Redmi Buds Essential True Wireless Earbuds - Rucas - Wholesale and Distribution\" \/>\n\t\t<meta property=\"og:description\" content=\"HD Sound Quality Advanced Bluetooth 5.2 IPX4 Water Resistant Up 5.5 Hours Battery Life \u2013 18 Hours with Charging Case Low Latency Gaming Mode\" \/>\n\t\t<meta property=\"og:url\" content=\"https:\/\/www.rucashk.com\/pt\/produto\/redmi-buds-essential-true-wireless-earbuds\/\" \/>\n\t\t<meta property=\"og:image\" content=\"https:\/\/www.rucashk.com\/wp-content\/uploads\/replace\/503b8e645f128a97ccde2b6290747646.jpeg\" \/>\n\t\t<meta property=\"og:image:secure_url\" content=\"https:\/\/www.rucashk.com\/wp-content\/uploads\/replace\/503b8e645f128a97ccde2b6290747646.jpeg\" \/>\n\t\t<meta property=\"og:image:width\" content=\"1456\" \/>\n\t\t<meta property=\"og:image:height\" content=\"816\" \/>\n\t\t<meta property=\"article:published_time\" content=\"2024-03-24T11:07:14+00:00\" \/>\n\t\t<meta property=\"article:modified_time\" content=\"2024-03-24T11:07:15+00:00\" \/>\n\t\t<meta name=\"twitter:card\" content=\"summary_large_image\" \/>\n\t\t<meta name=\"twitter:title\" content=\"Redmi Buds Essential True Wireless Earbuds - Rucas - Wholesale and Distribution\" \/>\n\t\t<meta name=\"twitter:description\" content=\"HD Sound Quality Advanced Bluetooth 5.2 IPX4 Water Resistant Up 5.5 Hours Battery Life \u2013 18 Hours with Charging Case Low Latency Gaming Mode\" \/>\n\t\t<meta name=\"twitter:image\" content=\"https:\/\/www.rucashk.com\/wp-content\/uploads\/replace\/503b8e645f128a97ccde2b6290747646.jpeg\" \/>\n\t\t<script type=\"application\/ld+json\" class=\"aioseo-schema\">\n\t\t\t{\"@context\":\"https:\\\/\\\/schema.org\",\"@graph\":[{\"@type\":\"BreadcrumbList\",\"@id\":\"https:\\\/\\\/www.rucashk.com\\\/pt\\\/produto\\\/redmi-buds-essential-true-wireless-earbuds\\\/#breadcrumblist\",\"itemListElement\":[{\"@type\":\"ListItem\",\"@id\":\"https:\\\/\\\/www.rucashk.com\\\/pt\\\/#listItem\",\"position\":1,\"name\":\"Home\",\"item\":\"https:\\\/\\\/www.rucashk.com\\\/pt\\\/\",\"nextItem\":\"https:\\\/\\\/www.rucashk.com\\\/pt\\\/produto\\\/redmi-buds-essential-true-wireless-earbuds\\\/#listItem\"},{\"@type\":\"ListItem\",\"@id\":\"https:\\\/\\\/www.rucashk.com\\\/pt\\\/produto\\\/redmi-buds-essential-true-wireless-earbuds\\\/#listItem\",\"position\":2,\"name\":\"Redmi Buds Essential True Wireless Earbuds\",\"previousItem\":\"https:\\\/\\\/www.rucashk.com\\\/pt\\\/#listItem\"}]},{\"@type\":\"Organization\",\"@id\":\"https:\\\/\\\/www.rucashk.com\\\/pt\\\/#organization\",\"name\":\"Rucas\",\"url\":\"https:\\\/\\\/www.rucashk.com\\\/pt\\\/\",\"logo\":{\"@type\":\"ImageObject\",\"url\":\"https:\\\/\\\/www.rucashk.com\\\/wp-content\\\/uploads\\\/2023\\\/12\\\/Rucas_campany_logo.png\",\"@id\":\"https:\\\/\\\/www.rucashk.com\\\/pt\\\/produto\\\/redmi-buds-essential-true-wireless-earbuds\\\/#organizationLogo\",\"width\":221,\"height\":65},\"image\":{\"@id\":\"https:\\\/\\\/www.rucashk.com\\\/pt\\\/#organizationLogo\"}},{\"@type\":\"Person\",\"@id\":\"https:\\\/\\\/www.rucashk.com\\\/pt\\\/author\\\/admin\\\/#author\",\"url\":\"https:\\\/\\\/www.rucashk.com\\\/pt\\\/author\\\/admin\\\/\",\"name\":\"admin\",\"image\":{\"@type\":\"ImageObject\",\"@id\":\"https:\\\/\\\/www.rucashk.com\\\/pt\\\/produto\\\/redmi-buds-essential-true-wireless-earbuds\\\/#authorImage\",\"url\":\"https:\\\/\\\/secure.gravatar.com\\\/avatar\\\/b7c8925b09a27e72b30232f8ecaadbd5af0f70a38c78096863fe51b64f031c24?s=96&d=mm&r=g\",\"width\":96,\"height\":96,\"caption\":\"admin\"}},{\"@type\":\"WebPage\",\"@id\":\"https:\\\/\\\/www.rucashk.com\\\/pt\\\/produto\\\/redmi-buds-essential-true-wireless-earbuds\\\/#webpage\",\"url\":\"https:\\\/\\\/www.rucashk.com\\\/pt\\\/produto\\\/redmi-buds-essential-true-wireless-earbuds\\\/\",\"name\":\"Redmi Buds Essential True Wireless Earbuds - Rucas - Wholesale and Distribution\",\"description\":\"HD Sound Quality Advanced Bluetooth 5.2 IPX4 Water Resistant Up 5.5 Hours Battery Life \\u2013 18 Hours with Charging Case Low Latency Gaming Mode\",\"inLanguage\":\"pt-PT\",\"isPartOf\":{\"@id\":\"https:\\\/\\\/www.rucashk.com\\\/pt\\\/#website\"},\"breadcrumb\":{\"@id\":\"https:\\\/\\\/www.rucashk.com\\\/pt\\\/produto\\\/redmi-buds-essential-true-wireless-earbuds\\\/#breadcrumblist\"},\"author\":{\"@id\":\"https:\\\/\\\/www.rucashk.com\\\/pt\\\/author\\\/admin\\\/#author\"},\"creator\":{\"@id\":\"https:\\\/\\\/www.rucashk.com\\\/pt\\\/author\\\/admin\\\/#author\"},\"image\":{\"@type\":\"ImageObject\",\"url\":\"https:\\\/\\\/www.rucashk.com\\\/wp-content\\\/uploads\\\/2024\\\/03\\\/shopping.webp\",\"@id\":\"https:\\\/\\\/www.rucashk.com\\\/pt\\\/produto\\\/redmi-buds-essential-true-wireless-earbuds\\\/#mainImage\",\"width\":800,\"height\":800},\"primaryImageOfPage\":{\"@id\":\"https:\\\/\\\/www.rucashk.com\\\/pt\\\/produto\\\/redmi-buds-essential-true-wireless-earbuds\\\/#mainImage\"},\"datePublished\":\"2024-03-24T11:07:14+00:00\",\"dateModified\":\"2024-03-24T11:07:15+00:00\"},{\"@type\":\"WebSite\",\"@id\":\"https:\\\/\\\/www.rucashk.com\\\/pt\\\/#website\",\"url\":\"https:\\\/\\\/www.rucashk.com\\\/pt\\\/\",\"name\":\"Rucas - Wholesale and distribution worldwide\",\"alternateName\":\"Rucas - One-stop AIoT Distribution Worldwide\",\"description\":\"One-stop AIoT Distribution Worldwide\",\"inLanguage\":\"pt-PT\",\"publisher\":{\"@id\":\"https:\\\/\\\/www.rucashk.com\\\/pt\\\/#organization\"}}]}\n\t\t<\/script>\n\t\t<!-- All in One SEO Pro -->\r\n\t\t<title>Redmi Buds Essential True Wireless Earbuds - Rucas - Wholesale and Distribution<\/title>\n\n","aioseo_head_json":{"title":"Redmi Buds Essential True Wireless Earbuds - Rucas - Wholesale and Distribution","description":"HD Sound Quality Advanced Bluetooth 5.2 IPX4 Water Resistant Up 5.5 Hours Battery Life \u2013 18 Hours with Charging Case Low Latency Gaming Mode","canonical_url":"https:\/\/www.rucashk.com\/pt\/produto\/redmi-buds-essential-true-wireless-earbuds\/","robots":"max-image-preview:large","keywords":"","webmasterTools":{"miscellaneous":""},"og:locale":"pt_PT","og:site_name":"Rucas - One-stop AIoT Distribution Worldwide","og:type":"article","og:title":"Redmi Buds Essential True Wireless Earbuds - Rucas - Wholesale and Distribution","og:description":"HD Sound Quality Advanced Bluetooth 5.2 IPX4 Water Resistant Up 5.5 Hours Battery Life \u2013 18 Hours with Charging Case Low Latency Gaming Mode","og:url":"https:\/\/www.rucashk.com\/pt\/produto\/redmi-buds-essential-true-wireless-earbuds\/","og:image":"https:\/\/www.rucashk.com\/wp-content\/uploads\/replace\/503b8e645f128a97ccde2b6290747646.jpeg","og:image:secure_url":"https:\/\/www.rucashk.com\/wp-content\/uploads\/replace\/503b8e645f128a97ccde2b6290747646.jpeg","og:image:width":1456,"og:image:height":816,"article:published_time":"2024-03-24T11:07:14+00:00","article:modified_time":"2024-03-24T11:07:15+00:00","twitter:card":"summary_large_image","twitter:title":"Redmi Buds Essential True Wireless Earbuds - Rucas - Wholesale and Distribution","twitter:description":"HD Sound Quality Advanced Bluetooth 5.2 IPX4 Water Resistant Up 5.5 Hours Battery Life \u2013 18 Hours with Charging Case Low Latency Gaming Mode","twitter:image":"https:\/\/www.rucashk.com\/wp-content\/uploads\/replace\/503b8e645f128a97ccde2b6290747646.jpeg","schema":{"@context":"https:\/\/schema.org","@graph":[{"@type":"BreadcrumbList","@id":"https:\/\/www.rucashk.com\/pt\/produto\/redmi-buds-essential-true-wireless-earbuds\/#breadcrumblist","itemListElement":[{"@type":"ListItem","@id":"https:\/\/www.rucashk.com\/pt\/#listItem","position":1,"name":"Home","item":"https:\/\/www.rucashk.com\/pt\/","nextItem":"https:\/\/www.rucashk.com\/pt\/produto\/redmi-buds-essential-true-wireless-earbuds\/#listItem"},{"@type":"ListItem","@id":"https:\/\/www.rucashk.com\/pt\/produto\/redmi-buds-essential-true-wireless-earbuds\/#listItem","position":2,"name":"Redmi Buds Essential True Wireless Earbuds","previousItem":"https:\/\/www.rucashk.com\/pt\/#listItem"}]},{"@type":"Organization","@id":"https:\/\/www.rucashk.com\/pt\/#organization","name":"Rucas","url":"https:\/\/www.rucashk.com\/pt\/","logo":{"@type":"ImageObject","url":"https:\/\/www.rucashk.com\/wp-content\/uploads\/2023\/12\/Rucas_campany_logo.png","@id":"https:\/\/www.rucashk.com\/pt\/produto\/redmi-buds-essential-true-wireless-earbuds\/#organizationLogo","width":221,"height":65},"image":{"@id":"https:\/\/www.rucashk.com\/pt\/#organizationLogo"}},{"@type":"Person","@id":"https:\/\/www.rucashk.com\/pt\/author\/admin\/#author","url":"https:\/\/www.rucashk.com\/pt\/author\/admin\/","name":"admin","image":{"@type":"ImageObject","@id":"https:\/\/www.rucashk.com\/pt\/produto\/redmi-buds-essential-true-wireless-earbuds\/#authorImage","url":"https:\/\/secure.gravatar.com\/avatar\/b7c8925b09a27e72b30232f8ecaadbd5af0f70a38c78096863fe51b64f031c24?s=96&d=mm&r=g","width":96,"height":96,"caption":"admin"}},{"@type":"WebPage","@id":"https:\/\/www.rucashk.com\/pt\/produto\/redmi-buds-essential-true-wireless-earbuds\/#webpage","url":"https:\/\/www.rucashk.com\/pt\/produto\/redmi-buds-essential-true-wireless-earbuds\/","name":"Redmi Buds Essential True Wireless Earbuds - Rucas - Wholesale and Distribution","description":"HD Sound Quality Advanced Bluetooth 5.2 IPX4 Water Resistant Up 5.5 Hours Battery Life \u2013 18 Hours with Charging Case Low Latency Gaming Mode","inLanguage":"pt-PT","isPartOf":{"@id":"https:\/\/www.rucashk.com\/pt\/#website"},"breadcrumb":{"@id":"https:\/\/www.rucashk.com\/pt\/produto\/redmi-buds-essential-true-wireless-earbuds\/#breadcrumblist"},"author":{"@id":"https:\/\/www.rucashk.com\/pt\/author\/admin\/#author"},"creator":{"@id":"https:\/\/www.rucashk.com\/pt\/author\/admin\/#author"},"image":{"@type":"ImageObject","url":"https:\/\/www.rucashk.com\/wp-content\/uploads\/2024\/03\/shopping.webp","@id":"https:\/\/www.rucashk.com\/pt\/produto\/redmi-buds-essential-true-wireless-earbuds\/#mainImage","width":800,"height":800},"primaryImageOfPage":{"@id":"https:\/\/www.rucashk.com\/pt\/produto\/redmi-buds-essential-true-wireless-earbuds\/#mainImage"},"datePublished":"2024-03-24T11:07:14+00:00","dateModified":"2024-03-24T11:07:15+00:00"},{"@type":"WebSite","@id":"https:\/\/www.rucashk.com\/pt\/#website","url":"https:\/\/www.rucashk.com\/pt\/","name":"Rucas - Wholesale and distribution worldwide","alternateName":"Rucas - One-stop AIoT Distribution Worldwide","description":"One-stop AIoT Distribution Worldwide","inLanguage":"pt-PT","publisher":{"@id":"https:\/\/www.rucashk.com\/pt\/#organization"}}]}},"aioseo_meta_data":{"post_id":"39380","title":null,"description":null,"keywords":null,"keyphrases":null,"primary_term":null,"canonical_url":null,"og_title":null,"og_description":null,"og_object_type":"default","og_image_type":"default","og_image_url":null,"og_image_width":null,"og_image_height":null,"og_image_custom_url":null,"og_image_custom_fields":null,"og_video":null,"og_custom_url":null,"og_article_section":null,"og_article_tags":null,"twitter_use_og":false,"twitter_card":"default","twitter_image_type":"default","twitter_image_url":null,"twitter_image_custom_url":null,"twitter_image_custom_fields":null,"twitter_title":null,"twitter_description":null,"schema":{"blockGraphs":[],"customGraphs":[],"default":{"data":{"Article":[],"Course":[],"Dataset":[],"FAQPage":[],"Movie":[],"Person":[],"Product":[],"Recipe":[],"Service":[],"SoftwareApplication":[],"WebPage":[]},"graphName":"","isEnabled":true},"graphs":[]},"schema_type":"default","schema_type_options":null,"pillar_content":false,"robots_default":true,"robots_noindex":false,"robots_noarchive":false,"robots_nosnippet":false,"robots_nofollow":false,"robots_noimageindex":false,"robots_noodp":false,"robots_notranslate":false,"robots_max_snippet":null,"robots_max_videopreview":null,"robots_max_imagepreview":"large","priority":null,"frequency":null,"local_seo":null,"breadcrumb_settings":null,"limit_modified_date":false,"created":"2024-04-11 01:57:23","updated":"2025-06-22 18:50:54"},"aioseo_breadcrumb":"<div class=\"aioseo-breadcrumbs\"><span class=\"aioseo-breadcrumb\">\n\t<a href=\"https:\/\/www.rucashk.com\/pt\" title=\"Home\">Home<\/a>\n<\/span><span class=\"aioseo-breadcrumb-separator\">&raquo;<\/span><span class=\"aioseo-breadcrumb\">\n\t<a href=\"https:\/\/www.rucashk.com\/pt\/products\/\" title=\"Produtos\">Produtos<\/a>\n<\/span><span class=\"aioseo-breadcrumb-separator\">&raquo;<\/span><span class=\"aioseo-breadcrumb\">\n\t<a href=\"https:\/\/www.rucashk.com\/pt\/marca\/xiaomi\/\" title=\"Xiaomi\">Xiaomi<\/a>\n<\/span><span class=\"aioseo-breadcrumb-separator\">&raquo;<\/span><span class=\"aioseo-breadcrumb\">\n\tRedmi Buds Essential True Wireless Earbuds\n<\/span><\/div>","aioseo_breadcrumb_json":[{"label":"Home","link":"https:\/\/www.rucashk.com\/pt"},{"label":"Produtos","link":"https:\/\/www.rucashk.com\/pt\/products\/"},{"label":"Xiaomi","link":"https:\/\/www.rucashk.com\/pt\/marca\/xiaomi\/"},{"label":"Redmi Buds Essential True Wireless Earbuds","link":"https:\/\/www.rucashk.com\/pt\/produto\/redmi-buds-essential-true-wireless-earbuds\/"}],"_links":{"self":[{"href":"https:\/\/www.rucashk.com\/pt\/wp-json\/wp\/v2\/product\/39380","targetHints":{"allow":["GET"]}}],"collection":[{"href":"https:\/\/www.rucashk.com\/pt\/wp-json\/wp\/v2\/product"}],"about":[{"href":"https:\/\/www.rucashk.com\/pt\/wp-json\/wp\/v2\/types\/product"}],"wp:featuredmedia":[{"embeddable":true,"href":"https:\/\/www.rucashk.com\/pt\/wp-json\/wp\/v2\/media\/39388"}],"wp:attachment":[{"href":"https:\/\/www.rucashk.com\/pt\/wp-json\/wp\/v2\/media?parent=39380"}],"wp:term":[{"taxonomy":"product_brand","embeddable":true,"href":"https:\/\/www.rucashk.com\/pt\/wp-json\/wp\/v2\/product_brand?post=39380"},{"taxonomy":"product_cat","embeddable":true,"href":"https:\/\/www.rucashk.com\/pt\/wp-json\/wp\/v2\/product_cat?post=39380"},{"taxonomy":"product_tag","embeddable":true,"href":"https:\/\/www.rucashk.com\/pt\/wp-json\/wp\/v2\/product_tag?post=39380"}],"curies":[{"name":"wp","href":"https:\/\/api.w.org\/{rel}","templated":true}]}}