{"id":39371,"date":"2024-03-24T10:47:09","date_gmt":"2024-03-24T10:47:09","guid":{"rendered":"http:\/\/rucashk.com\/?post_type=product&#038;p=39371"},"modified":"2024-04-16T13:27:55","modified_gmt":"2024-04-16T13:27:55","slug":"infinix-note-30-pro-smart-mobile-phone","status":"publish","type":"product","link":"https:\/\/www.rucashk.com\/pt\/produto\/infinix-note-30-pro-smart-mobile-phone\/","title":{"rendered":"Celular inteligente Infinix Note 30 Pro"},"content":{"rendered":"<p><img decoding=\"async\" alt=\"Infinix Note 30 Pro Smart Mobile Phone\" src=\"\/wp-content\/uploads\/replace\/f2845eaee201c34b216f48c56b716382.png\" \/><\/p>\n<p>Infinix Note 30 Pro \u2013 Oficial<br \/>\nO Infinix Note 30 Pro ganhou popularidade por seu desempenho incr\u00edvel, combinando tudo o que \u00e9 necess\u00e1rio para elevar as capacidades do telefone. Alimentado por um excelente chipset, oferece desempenho perfeito para v\u00e1rias tarefas. O telefone possui uma c\u00e2mera not\u00e1vel que captura fotos e v\u00eddeos impressionantes, garantindo que momentos memor\u00e1veis sejam preservados em alta qualidade. Al\u00e9m disso, a impressionante dura\u00e7\u00e3o da bateria, juntamente com o suporte para carregamento r\u00e1pido, mant\u00e9m o dispositivo funcionando o dia todo sem interrup\u00e7\u00f5es, tornando-o a escolha ideal para usu\u00e1rios que buscam um smartphone confi\u00e1vel e de alto desempenho.<\/p>\n<table class=\"table-auto w-full text-left\">\n<tbody>\n<tr>\n<td class=\"border border-card-3 p-2 w-28\">Marca<\/td>\n<td class=\"border border-card-3 p-2\">Infinix<\/td>\n<\/tr>\n<tr>\n<td class=\"border border-card-3 p-2 w-28\">Tecnologia<\/td>\n<td class=\"border border-card-3 p-2\">GSM\/HSPA\/LTE<\/td>\n<\/tr>\n<tr>\n<td class=\"border border-card-3 p-2 w-28\">Dimens\u00e3o<\/td>\n<td class=\"border border-card-3 p-2\">162,7x76x8,2mm<\/td>\n<\/tr>\n<tr>\n<td class=\"border border-card-3 p-2 w-28\">Peso<\/td>\n<td class=\"border border-card-3 p-2\">203g (7,16 on\u00e7as)<\/td>\n<\/tr>\n<tr>\n<td class=\"border border-card-3 p-2 w-28\">SIM<\/td>\n<td class=\"border border-card-3 p-2\">Dual SIM (Nano-SIM, modo de espera duplo)<\/td>\n<\/tr>\n<tr>\n<td class=\"border border-card-3 p-2 w-28\">Som<\/td>\n<td class=\"border border-card-3 p-2\">Alto-falante<\/td>\n<\/tr>\n<tr>\n<td class=\"border border-card-3 p-2 w-28\">Modelo<\/td>\n<td class=\"border border-card-3 p-2\">Infinix Nota 30 Pro<\/td>\n<\/tr>\n<tr>\n<td class=\"border border-card-3 p-2 w-28\">Capacidade de carga<\/td>\n<td class=\"border border-card-3 p-2\">5000mAh<\/td>\n<\/tr>\n<tr>\n<td class=\"border border-card-3 p-2 w-28\">CPU<\/td>\n<td class=\"border border-card-3 p-2\">Octa-core<\/td>\n<\/tr>\n<tr>\n<td class=\"border border-card-3 p-2 w-28\">Tamanho de exibi\u00e7\u00e3o<\/td>\n<td class=\"border border-card-3 p-2\">6,67 polegadas<\/td>\n<\/tr>\n<tr>\n<td class=\"border border-card-3 p-2 w-28\">Resolu\u00e7\u00e3o de v\u00eddeo<\/td>\n<td class=\"border border-card-3 p-2\">1440p a 30fps, 1080p a 30fps<\/td>\n<\/tr>\n<tr>\n<td class=\"border border-card-3 p-2 w-28\">Tipo de exibi\u00e7\u00e3o<\/td>\n<td class=\"border border-card-3 p-2\">AMOLED, cores 1B, 120 Hz, 900 nits (pico)<\/td>\n<\/tr>\n<tr>\n<td class=\"border border-card-3 p-2 w-28\">Resolu\u00e7\u00e3o de v\u00eddeo<\/td>\n<td class=\"border border-card-3 p-2\">1080 x 2400 pixels<\/td>\n<\/tr>\n<tr>\n<td class=\"border border-card-3 p-2 w-28\">Chipset<\/td>\n<td class=\"border border-card-3 p-2\">Mediatek Helio G99 (6nm)<\/td>\n<\/tr>\n<tr>\n<td class=\"border border-card-3 p-2 w-28\">Construir<\/td>\n<td class=\"border border-card-3 p-2\">Frente de vidro, moldura de pl\u00e1stico, parte traseira de vidro<\/td>\n<\/tr>\n<tr>\n<td class=\"border border-card-3 p-2 w-28\">C\u00e2mera principal<\/td>\n<td class=\"border border-card-3 p-2\">108 MP, (amplo)<\/td>\n<\/tr>\n<tr>\n<td class=\"border border-card-3 p-2 w-28\">C\u00e2mera selfie<\/td>\n<td class=\"border border-card-3 p-2\">32 MP, f\/2.0, (grande angular)<\/td>\n<\/tr>\n<tr>\n<td class=\"border border-card-3 p-2 w-28\">SO<\/td>\n<td class=\"border border-card-3 p-2\">Android 13, XOS 13<\/td>\n<\/tr>\n<\/tbody>\n<\/table>","protected":false},"excerpt":{"rendered":"<ul>\n<li dir=\"ltr\" role=\"presentation\">Design est\u00e9tico de ponta com acabamentos gradientes atraentes<\/li>\n<li dir=\"ltr\" role=\"presentation\">Tela AMOLED com taxa de atualiza\u00e7\u00e3o de 120 Hz para visual suave<\/li>\n<li dir=\"ltr\" role=\"presentation\">At\u00e9 16 GB de RAM com mega armazenamento aumenta a velocidade de trabalho<\/li>\n<li dir=\"ltr\" role=\"presentation\">Processador Mediatek de 6nm com Android mais recente aumenta o desempenho<\/li>\n<li dir=\"ltr\" role=\"presentation\">O sistema mestre de c\u00e2mera tripla quebra as limita\u00e7\u00f5es da fotografia<\/li>\n<li dir=\"ltr\" role=\"presentation\">Carga r\u00e1pida completa com bateria grande oferece uma oportunidade ilimitada de explorar<\/li>\n<\/ul>","protected":false},"featured_media":39373,"template":"","meta":[],"product_brand":[1367],"product_cat":[1302,1295],"product_tag":[],"class_list":{"0":"post-39371","1":"product","2":"type-product","3":"status-publish","4":"has-post-thumbnail","6":"product_brand-infinix","7":"product_cat-infinix-mobile-phone","8":"product_cat-mobile-phone","10":"first","11":"instock","12":"shipping-taxable","13":"product-type-simple"},"aioseo_notices":[],"aioseo_head":"\n\t\t<!-- All in One SEO Pro 4.5.9.2 - aioseo.com -->\n\t\t<meta name=\"description\" content=\"Aesthetic cutting-edge design with alluring gradient finishes AMOLED display with 120Hz refresh rate for smooth visual Up to 16GB RAM with mega storage boosts the work speed 6nm Mediatek processor with the latest Android lifts the performance Master triple camera system breaks the limitations of photography All round fast charge with large battery gives you a boundless opportunity to explore\" \/>\n\t\t<meta name=\"robots\" content=\"max-image-preview:large\" \/>\n\t\t<link rel=\"canonical\" href=\"https:\/\/www.rucashk.com\/pt\/produto\/infinix-note-30-pro-smart-mobile-phone\/\" \/>\n\t\t<meta name=\"generator\" content=\"All in One SEO Pro (AIOSEO) 4.5.9.2\" \/>\n\t\t<meta property=\"og:locale\" content=\"pt_PT\" \/>\n\t\t<meta property=\"og:site_name\" content=\"Rucas - One-stop AIoT Distribution Worldwide\" \/>\n\t\t<meta property=\"og:type\" content=\"article\" \/>\n\t\t<meta property=\"og:title\" content=\"Infinix Note 30 Pro Smart Mobile Phone - Rucas - Wholesale and Distribution\" \/>\n\t\t<meta property=\"og:description\" content=\"Aesthetic cutting-edge design with alluring gradient finishes AMOLED display with 120Hz refresh rate for smooth visual Up to 16GB RAM with mega storage boosts the work speed 6nm Mediatek processor with the latest Android lifts the performance Master triple camera system breaks the limitations of photography All round fast charge with large battery gives you a boundless opportunity to explore\" \/>\n\t\t<meta property=\"og:url\" content=\"https:\/\/www.rucashk.com\/pt\/produto\/infinix-note-30-pro-smart-mobile-phone\/\" \/>\n\t\t<meta property=\"og:image\" content=\"https:\/\/www.rucashk.com\/wp-content\/uploads\/replace\/503b8e645f128a97ccde2b6290747646.jpeg\" \/>\n\t\t<meta property=\"og:image:secure_url\" content=\"https:\/\/www.rucashk.com\/wp-content\/uploads\/replace\/503b8e645f128a97ccde2b6290747646.jpeg\" \/>\n\t\t<meta property=\"og:image:width\" content=\"1456\" \/>\n\t\t<meta property=\"og:image:height\" content=\"816\" \/>\n\t\t<meta property=\"article:published_time\" content=\"2024-03-24T10:47:09+00:00\" \/>\n\t\t<meta property=\"article:modified_time\" content=\"2024-04-16T13:27:55+00:00\" \/>\n\t\t<meta name=\"twitter:card\" content=\"summary_large_image\" \/>\n\t\t<meta name=\"twitter:title\" content=\"Infinix Note 30 Pro Smart Mobile Phone - Rucas - Wholesale and Distribution\" \/>\n\t\t<meta name=\"twitter:description\" content=\"Aesthetic cutting-edge design with alluring gradient finishes AMOLED display with 120Hz refresh rate for smooth visual Up to 16GB RAM with mega storage boosts the work speed 6nm Mediatek processor with the latest Android lifts the performance Master triple camera system breaks the limitations of photography All round fast charge with large battery gives you a boundless opportunity to explore\" \/>\n\t\t<meta name=\"twitter:image\" content=\"https:\/\/www.rucashk.com\/wp-content\/uploads\/replace\/503b8e645f128a97ccde2b6290747646.jpeg\" \/>\n\t\t<script type=\"application\/ld+json\" class=\"aioseo-schema\">\n\t\t\t{\"@context\":\"https:\\\/\\\/schema.org\",\"@graph\":[{\"@type\":\"BreadcrumbList\",\"@id\":\"https:\\\/\\\/www.rucashk.com\\\/pt\\\/produto\\\/infinix-note-30-pro-smart-mobile-phone\\\/#breadcrumblist\",\"itemListElement\":[{\"@type\":\"ListItem\",\"@id\":\"https:\\\/\\\/www.rucashk.com\\\/pt\\\/#listItem\",\"position\":1,\"name\":\"Home\",\"item\":\"https:\\\/\\\/www.rucashk.com\\\/pt\\\/\",\"nextItem\":\"https:\\\/\\\/www.rucashk.com\\\/pt\\\/produto\\\/infinix-note-30-pro-smart-mobile-phone\\\/#listItem\"},{\"@type\":\"ListItem\",\"@id\":\"https:\\\/\\\/www.rucashk.com\\\/pt\\\/produto\\\/infinix-note-30-pro-smart-mobile-phone\\\/#listItem\",\"position\":2,\"name\":\"Infinix Note 30 Pro Smart Mobile Phone\",\"previousItem\":\"https:\\\/\\\/www.rucashk.com\\\/pt\\\/#listItem\"}]},{\"@type\":\"Organization\",\"@id\":\"https:\\\/\\\/www.rucashk.com\\\/pt\\\/#organization\",\"name\":\"Rucas\",\"url\":\"https:\\\/\\\/www.rucashk.com\\\/pt\\\/\",\"logo\":{\"@type\":\"ImageObject\",\"url\":\"https:\\\/\\\/www.rucashk.com\\\/wp-content\\\/uploads\\\/2023\\\/12\\\/Rucas_campany_logo.png\",\"@id\":\"https:\\\/\\\/www.rucashk.com\\\/pt\\\/produto\\\/infinix-note-30-pro-smart-mobile-phone\\\/#organizationLogo\",\"width\":221,\"height\":65},\"image\":{\"@id\":\"https:\\\/\\\/www.rucashk.com\\\/pt\\\/#organizationLogo\"}},{\"@type\":\"Person\",\"@id\":\"https:\\\/\\\/www.rucashk.com\\\/pt\\\/author\\\/admin\\\/#author\",\"url\":\"https:\\\/\\\/www.rucashk.com\\\/pt\\\/author\\\/admin\\\/\",\"name\":\"admin\",\"image\":{\"@type\":\"ImageObject\",\"@id\":\"https:\\\/\\\/www.rucashk.com\\\/pt\\\/produto\\\/infinix-note-30-pro-smart-mobile-phone\\\/#authorImage\",\"url\":\"https:\\\/\\\/secure.gravatar.com\\\/avatar\\\/b7c8925b09a27e72b30232f8ecaadbd5af0f70a38c78096863fe51b64f031c24?s=96&d=mm&r=g\",\"width\":96,\"height\":96,\"caption\":\"admin\"}},{\"@type\":\"WebPage\",\"@id\":\"https:\\\/\\\/www.rucashk.com\\\/pt\\\/produto\\\/infinix-note-30-pro-smart-mobile-phone\\\/#webpage\",\"url\":\"https:\\\/\\\/www.rucashk.com\\\/pt\\\/produto\\\/infinix-note-30-pro-smart-mobile-phone\\\/\",\"name\":\"Infinix Note 30 Pro Smart Mobile Phone - Rucas - Wholesale and Distribution\",\"description\":\"Aesthetic cutting-edge design with alluring gradient finishes AMOLED display with 120Hz refresh rate for smooth visual Up to 16GB RAM with mega storage boosts the work speed 6nm Mediatek processor with the latest Android lifts the performance Master triple camera system breaks the limitations of photography All round fast charge with large battery gives you a boundless opportunity to explore\",\"inLanguage\":\"pt-PT\",\"isPartOf\":{\"@id\":\"https:\\\/\\\/www.rucashk.com\\\/pt\\\/#website\"},\"breadcrumb\":{\"@id\":\"https:\\\/\\\/www.rucashk.com\\\/pt\\\/produto\\\/infinix-note-30-pro-smart-mobile-phone\\\/#breadcrumblist\"},\"author\":{\"@id\":\"https:\\\/\\\/www.rucashk.com\\\/pt\\\/author\\\/admin\\\/#author\"},\"creator\":{\"@id\":\"https:\\\/\\\/www.rucashk.com\\\/pt\\\/author\\\/admin\\\/#author\"},\"image\":{\"@type\":\"ImageObject\",\"url\":\"https:\\\/\\\/www.rucashk.com\\\/wp-content\\\/uploads\\\/2024\\\/03\\\/5d70751f-42ad-4402-b729-6edaa41799ef.jpg\",\"@id\":\"https:\\\/\\\/www.rucashk.com\\\/pt\\\/produto\\\/infinix-note-30-pro-smart-mobile-phone\\\/#mainImage\",\"width\":739,\"height\":739},\"primaryImageOfPage\":{\"@id\":\"https:\\\/\\\/www.rucashk.com\\\/pt\\\/produto\\\/infinix-note-30-pro-smart-mobile-phone\\\/#mainImage\"},\"datePublished\":\"2024-03-24T10:47:09+00:00\",\"dateModified\":\"2024-04-16T13:27:55+00:00\"},{\"@type\":\"WebSite\",\"@id\":\"https:\\\/\\\/www.rucashk.com\\\/pt\\\/#website\",\"url\":\"https:\\\/\\\/www.rucashk.com\\\/pt\\\/\",\"name\":\"Rucas - Wholesale and distribution worldwide\",\"alternateName\":\"Rucas - One-stop AIoT Distribution Worldwide\",\"description\":\"One-stop AIoT Distribution Worldwide\",\"inLanguage\":\"pt-PT\",\"publisher\":{\"@id\":\"https:\\\/\\\/www.rucashk.com\\\/pt\\\/#organization\"}}]}\n\t\t<\/script>\n\t\t<!-- All in One SEO Pro -->\r\n\t\t<title>Infinix Note 30 Pro Smart Mobile Phone - Rucas - Wholesale and Distribution<\/title>\n\n","aioseo_head_json":{"title":"Infinix Note 30 Pro Smart Mobile Phone - Rucas - Wholesale and Distribution","description":"Aesthetic cutting-edge design with alluring gradient finishes AMOLED display with 120Hz refresh rate for smooth visual Up to 16GB RAM with mega storage boosts the work speed 6nm Mediatek processor with the latest Android lifts the performance Master triple camera system breaks the limitations of photography All round fast charge with large battery gives you a boundless opportunity to explore","canonical_url":"https:\/\/www.rucashk.com\/pt\/produto\/infinix-note-30-pro-smart-mobile-phone\/","robots":"max-image-preview:large","keywords":"","webmasterTools":{"miscellaneous":""},"og:locale":"pt_PT","og:site_name":"Rucas - One-stop AIoT Distribution Worldwide","og:type":"article","og:title":"Infinix Note 30 Pro Smart Mobile Phone - Rucas - Wholesale and Distribution","og:description":"Aesthetic cutting-edge design with alluring gradient finishes AMOLED display with 120Hz refresh rate for smooth visual Up to 16GB RAM with mega storage boosts the work speed 6nm Mediatek processor with the latest Android lifts the performance Master triple camera system breaks the limitations of photography All round fast charge with large battery gives you a boundless opportunity to explore","og:url":"https:\/\/www.rucashk.com\/pt\/produto\/infinix-note-30-pro-smart-mobile-phone\/","og:image":"https:\/\/www.rucashk.com\/wp-content\/uploads\/replace\/503b8e645f128a97ccde2b6290747646.jpeg","og:image:secure_url":"https:\/\/www.rucashk.com\/wp-content\/uploads\/replace\/503b8e645f128a97ccde2b6290747646.jpeg","og:image:width":1456,"og:image:height":816,"article:published_time":"2024-03-24T10:47:09+00:00","article:modified_time":"2024-04-16T13:27:55+00:00","twitter:card":"summary_large_image","twitter:title":"Infinix Note 30 Pro Smart Mobile Phone - Rucas - Wholesale and Distribution","twitter:description":"Aesthetic cutting-edge design with alluring gradient finishes AMOLED display with 120Hz refresh rate for smooth visual Up to 16GB RAM with mega storage boosts the work speed 6nm Mediatek processor with the latest Android lifts the performance Master triple camera system breaks the limitations of photography All round fast charge with large battery gives you a boundless opportunity to explore","twitter:image":"https:\/\/www.rucashk.com\/wp-content\/uploads\/replace\/503b8e645f128a97ccde2b6290747646.jpeg","schema":{"@context":"https:\/\/schema.org","@graph":[{"@type":"BreadcrumbList","@id":"https:\/\/www.rucashk.com\/pt\/produto\/infinix-note-30-pro-smart-mobile-phone\/#breadcrumblist","itemListElement":[{"@type":"ListItem","@id":"https:\/\/www.rucashk.com\/pt\/#listItem","position":1,"name":"Home","item":"https:\/\/www.rucashk.com\/pt\/","nextItem":"https:\/\/www.rucashk.com\/pt\/produto\/infinix-note-30-pro-smart-mobile-phone\/#listItem"},{"@type":"ListItem","@id":"https:\/\/www.rucashk.com\/pt\/produto\/infinix-note-30-pro-smart-mobile-phone\/#listItem","position":2,"name":"Infinix Note 30 Pro Smart Mobile Phone","previousItem":"https:\/\/www.rucashk.com\/pt\/#listItem"}]},{"@type":"Organization","@id":"https:\/\/www.rucashk.com\/pt\/#organization","name":"Rucas","url":"https:\/\/www.rucashk.com\/pt\/","logo":{"@type":"ImageObject","url":"https:\/\/www.rucashk.com\/wp-content\/uploads\/2023\/12\/Rucas_campany_logo.png","@id":"https:\/\/www.rucashk.com\/pt\/produto\/infinix-note-30-pro-smart-mobile-phone\/#organizationLogo","width":221,"height":65},"image":{"@id":"https:\/\/www.rucashk.com\/pt\/#organizationLogo"}},{"@type":"Person","@id":"https:\/\/www.rucashk.com\/pt\/author\/admin\/#author","url":"https:\/\/www.rucashk.com\/pt\/author\/admin\/","name":"admin","image":{"@type":"ImageObject","@id":"https:\/\/www.rucashk.com\/pt\/produto\/infinix-note-30-pro-smart-mobile-phone\/#authorImage","url":"https:\/\/secure.gravatar.com\/avatar\/b7c8925b09a27e72b30232f8ecaadbd5af0f70a38c78096863fe51b64f031c24?s=96&d=mm&r=g","width":96,"height":96,"caption":"admin"}},{"@type":"WebPage","@id":"https:\/\/www.rucashk.com\/pt\/produto\/infinix-note-30-pro-smart-mobile-phone\/#webpage","url":"https:\/\/www.rucashk.com\/pt\/produto\/infinix-note-30-pro-smart-mobile-phone\/","name":"Infinix Note 30 Pro Smart Mobile Phone - Rucas - Wholesale and Distribution","description":"Aesthetic cutting-edge design with alluring gradient finishes AMOLED display with 120Hz refresh rate for smooth visual Up to 16GB RAM with mega storage boosts the work speed 6nm Mediatek processor with the latest Android lifts the performance Master triple camera system breaks the limitations of photography All round fast charge with large battery gives you a boundless opportunity to explore","inLanguage":"pt-PT","isPartOf":{"@id":"https:\/\/www.rucashk.com\/pt\/#website"},"breadcrumb":{"@id":"https:\/\/www.rucashk.com\/pt\/produto\/infinix-note-30-pro-smart-mobile-phone\/#breadcrumblist"},"author":{"@id":"https:\/\/www.rucashk.com\/pt\/author\/admin\/#author"},"creator":{"@id":"https:\/\/www.rucashk.com\/pt\/author\/admin\/#author"},"image":{"@type":"ImageObject","url":"https:\/\/www.rucashk.com\/wp-content\/uploads\/2024\/03\/5d70751f-42ad-4402-b729-6edaa41799ef.jpg","@id":"https:\/\/www.rucashk.com\/pt\/produto\/infinix-note-30-pro-smart-mobile-phone\/#mainImage","width":739,"height":739},"primaryImageOfPage":{"@id":"https:\/\/www.rucashk.com\/pt\/produto\/infinix-note-30-pro-smart-mobile-phone\/#mainImage"},"datePublished":"2024-03-24T10:47:09+00:00","dateModified":"2024-04-16T13:27:55+00:00"},{"@type":"WebSite","@id":"https:\/\/www.rucashk.com\/pt\/#website","url":"https:\/\/www.rucashk.com\/pt\/","name":"Rucas - Wholesale and distribution worldwide","alternateName":"Rucas - One-stop AIoT Distribution Worldwide","description":"One-stop AIoT Distribution Worldwide","inLanguage":"pt-PT","publisher":{"@id":"https:\/\/www.rucashk.com\/pt\/#organization"}}]}},"aioseo_meta_data":{"post_id":"39371","title":null,"description":null,"keywords":null,"keyphrases":null,"primary_term":null,"canonical_url":null,"og_title":null,"og_description":null,"og_object_type":"default","og_image_type":"default","og_image_url":null,"og_image_width":null,"og_image_height":null,"og_image_custom_url":null,"og_image_custom_fields":null,"og_video":null,"og_custom_url":null,"og_article_section":null,"og_article_tags":null,"twitter_use_og":false,"twitter_card":"default","twitter_image_type":"default","twitter_image_url":null,"twitter_image_custom_url":null,"twitter_image_custom_fields":null,"twitter_title":null,"twitter_description":null,"schema":{"blockGraphs":[],"customGraphs":[],"default":{"data":{"Article":[],"Course":[],"Dataset":[],"FAQPage":[],"Movie":[],"Person":[],"Product":[],"Recipe":[],"Service":[],"SoftwareApplication":[],"WebPage":[]},"graphName":"","isEnabled":true},"graphs":[]},"schema_type":"default","schema_type_options":null,"pillar_content":false,"robots_default":true,"robots_noindex":false,"robots_noarchive":false,"robots_nosnippet":false,"robots_nofollow":false,"robots_noimageindex":false,"robots_noodp":false,"robots_notranslate":false,"robots_max_snippet":null,"robots_max_videopreview":null,"robots_max_imagepreview":"large","priority":null,"frequency":null,"local_seo":null,"breadcrumb_settings":null,"limit_modified_date":false,"created":"2024-04-11 01:57:23","updated":"2025-06-22 18:50:54"},"aioseo_breadcrumb":"<div class=\"aioseo-breadcrumbs\"><span class=\"aioseo-breadcrumb\">\n\t<a href=\"https:\/\/www.rucashk.com\/pt\" title=\"Home\">Home<\/a>\n<\/span><span class=\"aioseo-breadcrumb-separator\">&raquo;<\/span><span class=\"aioseo-breadcrumb\">\n\t<a href=\"https:\/\/www.rucashk.com\/pt\/products\/\" title=\"Produtos\">Produtos<\/a>\n<\/span><span class=\"aioseo-breadcrumb-separator\">&raquo;<\/span><span class=\"aioseo-breadcrumb\">\n\t<a href=\"https:\/\/www.rucashk.com\/pt\/marca\/infinix\/\" title=\"Infinix\">Infinix<\/a>\n<\/span><span class=\"aioseo-breadcrumb-separator\">&raquo;<\/span><span class=\"aioseo-breadcrumb\">\n\tInfinix Note 30 Pro Smart Mobile Phone\n<\/span><\/div>","aioseo_breadcrumb_json":[{"label":"Home","link":"https:\/\/www.rucashk.com\/pt"},{"label":"Produtos","link":"https:\/\/www.rucashk.com\/pt\/products\/"},{"label":"Infinix","link":"https:\/\/www.rucashk.com\/pt\/marca\/infinix\/"},{"label":"Infinix Note 30 Pro Smart Mobile Phone","link":"https:\/\/www.rucashk.com\/pt\/produto\/infinix-note-30-pro-smart-mobile-phone\/"}],"_links":{"self":[{"href":"https:\/\/www.rucashk.com\/pt\/wp-json\/wp\/v2\/product\/39371","targetHints":{"allow":["GET"]}}],"collection":[{"href":"https:\/\/www.rucashk.com\/pt\/wp-json\/wp\/v2\/product"}],"about":[{"href":"https:\/\/www.rucashk.com\/pt\/wp-json\/wp\/v2\/types\/product"}],"wp:featuredmedia":[{"embeddable":true,"href":"https:\/\/www.rucashk.com\/pt\/wp-json\/wp\/v2\/media\/39373"}],"wp:attachment":[{"href":"https:\/\/www.rucashk.com\/pt\/wp-json\/wp\/v2\/media?parent=39371"}],"wp:term":[{"taxonomy":"product_brand","embeddable":true,"href":"https:\/\/www.rucashk.com\/pt\/wp-json\/wp\/v2\/product_brand?post=39371"},{"taxonomy":"product_cat","embeddable":true,"href":"https:\/\/www.rucashk.com\/pt\/wp-json\/wp\/v2\/product_cat?post=39371"},{"taxonomy":"product_tag","embeddable":true,"href":"https:\/\/www.rucashk.com\/pt\/wp-json\/wp\/v2\/product_tag?post=39371"}],"curies":[{"name":"wp","href":"https:\/\/api.w.org\/{rel}","templated":true}]}}