{"id":39360,"date":"2024-03-24T10:41:21","date_gmt":"2024-03-24T10:41:21","guid":{"rendered":"http:\/\/rucashk.com\/?post_type=product&#038;p=39360"},"modified":"2024-04-16T13:26:29","modified_gmt":"2024-04-16T13:26:29","slug":"infinix-smart-7-hd-smart-mobile-phone","status":"publish","type":"product","link":"https:\/\/www.rucashk.com\/pt\/produto\/infinix-smart-7-hd-smart-mobile-phone\/","title":{"rendered":"Celular inteligente Infinix Smart 7 HD"},"content":{"rendered":"<p><img decoding=\"async\" alt=\"Infinix Smart 7 HD Smart Mobile Phone\" src=\"\/wp-content\/uploads\/replace\/09ce7d00f4c61b9f3d31b606d0dd98c5.jpeg\" \/><\/p>\n<p>O Infinix SMART 7 HD \u00e9 um smartphone rico em recursos. Voc\u00ea pode salvar muito do seu material favorito e operar programas sem problemas gra\u00e7as ao armazenamento interno de 64 GB e at\u00e9 4 GB de RAM. Este gadget apresenta um lindo design de padr\u00e3o de onda que parece sofisticado. Por seguran\u00e7a, este telefone possui uma fun\u00e7\u00e3o simples de desbloqueio facial, al\u00e9m de um leitor de impress\u00e3o digital r\u00e1pido e preciso.<\/p>\n<table class=\"table-auto w-full text-left\">\n<tbody>\n<tr>\n<td class=\"border border-card-3 p-2 w-28\">Marca<\/td>\n<td class=\"border border-card-3 p-2\">Infinix<\/td>\n<\/tr>\n<tr>\n<td class=\"border border-card-3 p-2 w-28\">Tecnologia<\/td>\n<td class=\"border border-card-3 p-2\">GSM\/HSPA\/LTE<\/td>\n<\/tr>\n<tr>\n<td class=\"border border-card-3 p-2 w-28\">Dimens\u00e3o<\/td>\n<td class=\"border border-card-3 p-2\">163,8x75,6x8,7mm<\/td>\n<\/tr>\n<tr>\n<td class=\"border border-card-3 p-2 w-28\">Peso<\/td>\n<td class=\"border border-card-3 p-2\">188g (6,63 on\u00e7as)<\/td>\n<\/tr>\n<tr>\n<td class=\"border border-card-3 p-2 w-28\">SIM<\/td>\n<td class=\"border border-card-3 p-2\">SIM duplo<\/td>\n<\/tr>\n<tr>\n<td class=\"border border-card-3 p-2 w-28\">Som<\/td>\n<td class=\"border border-card-3 p-2\">Alto-falante<\/td>\n<\/tr>\n<tr>\n<td class=\"border border-card-3 p-2 w-28\">Modelo<\/td>\n<td class=\"border border-card-3 p-2\">Infinix inteligente 7<\/td>\n<\/tr>\n<tr>\n<td class=\"border border-card-3 p-2 w-28\">Tamanho de exibi\u00e7\u00e3o<\/td>\n<td class=\"border border-card-3 p-2\">6,6 polegadas<\/td>\n<\/tr>\n<tr>\n<td class=\"border border-card-3 p-2 w-28\">Capacidade de carga<\/td>\n<td class=\"border border-card-3 p-2\">5000mAh<\/td>\n<\/tr>\n<tr>\n<td class=\"border border-card-3 p-2 w-28\">Tipo de exibi\u00e7\u00e3o<\/td>\n<td class=\"border border-card-3 p-2\">LCD IPS, 500 nits<\/td>\n<\/tr>\n<tr>\n<td class=\"border border-card-3 p-2 w-28\">Resolu\u00e7\u00e3o de v\u00eddeo<\/td>\n<td class=\"border border-card-3 p-2\">1080p@30fps<\/td>\n<\/tr>\n<tr>\n<td class=\"border border-card-3 p-2 w-28\">Resolu\u00e7\u00e3o de v\u00eddeo<\/td>\n<td class=\"border border-card-3 p-2\">720 x 1612 pixels<\/td>\n<\/tr>\n<tr>\n<td class=\"border border-card-3 p-2 w-28\">Construir<\/td>\n<td class=\"border border-card-3 p-2\">Frente de vidro, parte traseira de pl\u00e1stico, moldura de pl\u00e1stico<\/td>\n<\/tr>\n<tr>\n<td class=\"border border-card-3 p-2 w-28\">C\u00e2mera principal<\/td>\n<td class=\"border border-card-3 p-2\">13 MP, AF<\/td>\n<\/tr>\n<tr>\n<td class=\"border border-card-3 p-2 w-28\">C\u00e2mera selfie<\/td>\n<td class=\"border border-card-3 p-2\">5 deputados<\/td>\n<\/tr>\n<tr>\n<td class=\"border border-card-3 p-2 w-28\">SO<\/td>\n<td class=\"border border-card-3 p-2\">Androide 12<\/td>\n<\/tr>\n<\/tbody>\n<\/table>","protected":false},"excerpt":{"rendered":"<p>O Infinix SMART 7 HD \u00e9 um smartphone rico em recursos. Voc\u00ea pode salvar muito do seu material favorito e operar programas sem problemas gra\u00e7as ao armazenamento interno de 64 GB e at\u00e9 4 GB de RAM. Este gadget apresenta um lindo design de padr\u00e3o de onda que parece sofisticado. Por seguran\u00e7a, este telefone possui uma fun\u00e7\u00e3o simples de desbloqueio facial, al\u00e9m de um leitor de impress\u00e3o digital r\u00e1pido e preciso.<\/p>","protected":false},"featured_media":39363,"template":"","meta":[],"product_brand":[1367],"product_cat":[1302,1295],"product_tag":[],"class_list":{"0":"post-39360","1":"product","2":"type-product","3":"status-publish","4":"has-post-thumbnail","6":"product_brand-infinix","7":"product_cat-infinix-mobile-phone","8":"product_cat-mobile-phone","10":"first","11":"instock","12":"shipping-taxable","13":"product-type-simple"},"aioseo_notices":[],"aioseo_head":"\n\t\t<!-- All in One SEO Pro 4.5.9.2 - aioseo.com -->\n\t\t<meta name=\"description\" content=\"The Infinix SMART 7 HD is a feature-rich smartphone. You can save a lot of your favourite material and operate programmes smoothly thanks to the 64 GB internal storage and up to 4 GB of RAM. This gadget features a gorgeous wave pattern design that looks and feels sophisticated. For security, this phone has a simple face unlock function in addition to a quick and accurate fingerprint scanner.\" \/>\n\t\t<meta name=\"robots\" content=\"max-image-preview:large\" \/>\n\t\t<link rel=\"canonical\" href=\"https:\/\/www.rucashk.com\/pt\/produto\/infinix-smart-7-hd-smart-mobile-phone\/\" \/>\n\t\t<meta name=\"generator\" content=\"All in One SEO Pro (AIOSEO) 4.5.9.2\" \/>\n\t\t<meta property=\"og:locale\" content=\"pt_PT\" \/>\n\t\t<meta property=\"og:site_name\" content=\"Rucas - One-stop AIoT Distribution Worldwide\" \/>\n\t\t<meta property=\"og:type\" content=\"article\" \/>\n\t\t<meta property=\"og:title\" content=\"Infinix Smart 7 HD Smart Mobile Phone - Rucas - Wholesale and Distribution\" \/>\n\t\t<meta property=\"og:description\" content=\"The Infinix SMART 7 HD is a feature-rich smartphone. You can save a lot of your favourite material and operate programmes smoothly thanks to the 64 GB internal storage and up to 4 GB of RAM. This gadget features a gorgeous wave pattern design that looks and feels sophisticated. For security, this phone has a simple face unlock function in addition to a quick and accurate fingerprint scanner.\" \/>\n\t\t<meta property=\"og:url\" content=\"https:\/\/www.rucashk.com\/pt\/produto\/infinix-smart-7-hd-smart-mobile-phone\/\" \/>\n\t\t<meta property=\"og:image\" content=\"https:\/\/www.rucashk.com\/wp-content\/uploads\/replace\/503b8e645f128a97ccde2b6290747646.jpeg\" \/>\n\t\t<meta property=\"og:image:secure_url\" content=\"https:\/\/www.rucashk.com\/wp-content\/uploads\/replace\/503b8e645f128a97ccde2b6290747646.jpeg\" \/>\n\t\t<meta property=\"og:image:width\" content=\"1456\" \/>\n\t\t<meta property=\"og:image:height\" content=\"816\" \/>\n\t\t<meta property=\"article:published_time\" content=\"2024-03-24T10:41:21+00:00\" \/>\n\t\t<meta property=\"article:modified_time\" content=\"2024-04-16T13:26:29+00:00\" \/>\n\t\t<meta name=\"twitter:card\" content=\"summary_large_image\" \/>\n\t\t<meta name=\"twitter:title\" content=\"Infinix Smart 7 HD Smart Mobile Phone - Rucas - Wholesale and Distribution\" \/>\n\t\t<meta name=\"twitter:description\" content=\"The Infinix SMART 7 HD is a feature-rich smartphone. You can save a lot of your favourite material and operate programmes smoothly thanks to the 64 GB internal storage and up to 4 GB of RAM. This gadget features a gorgeous wave pattern design that looks and feels sophisticated. For security, this phone has a simple face unlock function in addition to a quick and accurate fingerprint scanner.\" \/>\n\t\t<meta name=\"twitter:image\" content=\"https:\/\/www.rucashk.com\/wp-content\/uploads\/replace\/503b8e645f128a97ccde2b6290747646.jpeg\" \/>\n\t\t<script type=\"application\/ld+json\" class=\"aioseo-schema\">\n\t\t\t{\"@context\":\"https:\\\/\\\/schema.org\",\"@graph\":[{\"@type\":\"BreadcrumbList\",\"@id\":\"https:\\\/\\\/www.rucashk.com\\\/pt\\\/produto\\\/infinix-smart-7-hd-smart-mobile-phone\\\/#breadcrumblist\",\"itemListElement\":[{\"@type\":\"ListItem\",\"@id\":\"https:\\\/\\\/www.rucashk.com\\\/pt\\\/#listItem\",\"position\":1,\"name\":\"Home\",\"item\":\"https:\\\/\\\/www.rucashk.com\\\/pt\\\/\",\"nextItem\":\"https:\\\/\\\/www.rucashk.com\\\/pt\\\/produto\\\/infinix-smart-7-hd-smart-mobile-phone\\\/#listItem\"},{\"@type\":\"ListItem\",\"@id\":\"https:\\\/\\\/www.rucashk.com\\\/pt\\\/produto\\\/infinix-smart-7-hd-smart-mobile-phone\\\/#listItem\",\"position\":2,\"name\":\"Infinix Smart 7 HD Smart Mobile Phone\",\"previousItem\":\"https:\\\/\\\/www.rucashk.com\\\/pt\\\/#listItem\"}]},{\"@type\":\"Organization\",\"@id\":\"https:\\\/\\\/www.rucashk.com\\\/pt\\\/#organization\",\"name\":\"Rucas\",\"url\":\"https:\\\/\\\/www.rucashk.com\\\/pt\\\/\",\"logo\":{\"@type\":\"ImageObject\",\"url\":\"https:\\\/\\\/www.rucashk.com\\\/wp-content\\\/uploads\\\/2023\\\/12\\\/Rucas_campany_logo.png\",\"@id\":\"https:\\\/\\\/www.rucashk.com\\\/pt\\\/produto\\\/infinix-smart-7-hd-smart-mobile-phone\\\/#organizationLogo\",\"width\":221,\"height\":65},\"image\":{\"@id\":\"https:\\\/\\\/www.rucashk.com\\\/pt\\\/#organizationLogo\"}},{\"@type\":\"Person\",\"@id\":\"https:\\\/\\\/www.rucashk.com\\\/pt\\\/author\\\/admin\\\/#author\",\"url\":\"https:\\\/\\\/www.rucashk.com\\\/pt\\\/author\\\/admin\\\/\",\"name\":\"admin\",\"image\":{\"@type\":\"ImageObject\",\"@id\":\"https:\\\/\\\/www.rucashk.com\\\/pt\\\/produto\\\/infinix-smart-7-hd-smart-mobile-phone\\\/#authorImage\",\"url\":\"https:\\\/\\\/secure.gravatar.com\\\/avatar\\\/b7c8925b09a27e72b30232f8ecaadbd5af0f70a38c78096863fe51b64f031c24?s=96&d=mm&r=g\",\"width\":96,\"height\":96,\"caption\":\"admin\"}},{\"@type\":\"WebPage\",\"@id\":\"https:\\\/\\\/www.rucashk.com\\\/pt\\\/produto\\\/infinix-smart-7-hd-smart-mobile-phone\\\/#webpage\",\"url\":\"https:\\\/\\\/www.rucashk.com\\\/pt\\\/produto\\\/infinix-smart-7-hd-smart-mobile-phone\\\/\",\"name\":\"Infinix Smart 7 HD Smart Mobile Phone - Rucas - Wholesale and Distribution\",\"description\":\"The Infinix SMART 7 HD is a feature-rich smartphone. You can save a lot of your favourite material and operate programmes smoothly thanks to the 64 GB internal storage and up to 4 GB of RAM. This gadget features a gorgeous wave pattern design that looks and feels sophisticated. For security, this phone has a simple face unlock function in addition to a quick and accurate fingerprint scanner.\",\"inLanguage\":\"pt-PT\",\"isPartOf\":{\"@id\":\"https:\\\/\\\/www.rucashk.com\\\/pt\\\/#website\"},\"breadcrumb\":{\"@id\":\"https:\\\/\\\/www.rucashk.com\\\/pt\\\/produto\\\/infinix-smart-7-hd-smart-mobile-phone\\\/#breadcrumblist\"},\"author\":{\"@id\":\"https:\\\/\\\/www.rucashk.com\\\/pt\\\/author\\\/admin\\\/#author\"},\"creator\":{\"@id\":\"https:\\\/\\\/www.rucashk.com\\\/pt\\\/author\\\/admin\\\/#author\"},\"image\":{\"@type\":\"ImageObject\",\"url\":\"https:\\\/\\\/www.rucashk.com\\\/wp-content\\\/uploads\\\/2024\\\/03\\\/da30eeac-88cc-41fb-a667-45b065aa8920.jpg\",\"@id\":\"https:\\\/\\\/www.rucashk.com\\\/pt\\\/produto\\\/infinix-smart-7-hd-smart-mobile-phone\\\/#mainImage\",\"width\":800,\"height\":800},\"primaryImageOfPage\":{\"@id\":\"https:\\\/\\\/www.rucashk.com\\\/pt\\\/produto\\\/infinix-smart-7-hd-smart-mobile-phone\\\/#mainImage\"},\"datePublished\":\"2024-03-24T10:41:21+00:00\",\"dateModified\":\"2024-04-16T13:26:29+00:00\"},{\"@type\":\"WebSite\",\"@id\":\"https:\\\/\\\/www.rucashk.com\\\/pt\\\/#website\",\"url\":\"https:\\\/\\\/www.rucashk.com\\\/pt\\\/\",\"name\":\"Rucas - Wholesale and distribution worldwide\",\"alternateName\":\"Rucas - One-stop AIoT Distribution Worldwide\",\"description\":\"One-stop AIoT Distribution Worldwide\",\"inLanguage\":\"pt-PT\",\"publisher\":{\"@id\":\"https:\\\/\\\/www.rucashk.com\\\/pt\\\/#organization\"}}]}\n\t\t<\/script>\n\t\t<!-- All in One SEO Pro -->\r\n\t\t<title>Infinix Smart 7 HD Smart Mobile Phone - Rucas - Wholesale and Distribution<\/title>\n\n","aioseo_head_json":{"title":"Infinix Smart 7 HD Smart Mobile Phone - Rucas - Wholesale and Distribution","description":"The Infinix SMART 7 HD is a feature-rich smartphone. You can save a lot of your favourite material and operate programmes smoothly thanks to the 64 GB internal storage and up to 4 GB of RAM. This gadget features a gorgeous wave pattern design that looks and feels sophisticated. For security, this phone has a simple face unlock function in addition to a quick and accurate fingerprint scanner.","canonical_url":"https:\/\/www.rucashk.com\/pt\/produto\/infinix-smart-7-hd-smart-mobile-phone\/","robots":"max-image-preview:large","keywords":"","webmasterTools":{"miscellaneous":""},"og:locale":"pt_PT","og:site_name":"Rucas - One-stop AIoT Distribution Worldwide","og:type":"article","og:title":"Infinix Smart 7 HD Smart Mobile Phone - Rucas - Wholesale and Distribution","og:description":"The Infinix SMART 7 HD is a feature-rich smartphone. You can save a lot of your favourite material and operate programmes smoothly thanks to the 64 GB internal storage and up to 4 GB of RAM. This gadget features a gorgeous wave pattern design that looks and feels sophisticated. For security, this phone has a simple face unlock function in addition to a quick and accurate fingerprint scanner.","og:url":"https:\/\/www.rucashk.com\/pt\/produto\/infinix-smart-7-hd-smart-mobile-phone\/","og:image":"https:\/\/www.rucashk.com\/wp-content\/uploads\/replace\/503b8e645f128a97ccde2b6290747646.jpeg","og:image:secure_url":"https:\/\/www.rucashk.com\/wp-content\/uploads\/replace\/503b8e645f128a97ccde2b6290747646.jpeg","og:image:width":1456,"og:image:height":816,"article:published_time":"2024-03-24T10:41:21+00:00","article:modified_time":"2024-04-16T13:26:29+00:00","twitter:card":"summary_large_image","twitter:title":"Infinix Smart 7 HD Smart Mobile Phone - Rucas - Wholesale and Distribution","twitter:description":"The Infinix SMART 7 HD is a feature-rich smartphone. You can save a lot of your favourite material and operate programmes smoothly thanks to the 64 GB internal storage and up to 4 GB of RAM. This gadget features a gorgeous wave pattern design that looks and feels sophisticated. For security, this phone has a simple face unlock function in addition to a quick and accurate fingerprint scanner.","twitter:image":"https:\/\/www.rucashk.com\/wp-content\/uploads\/replace\/503b8e645f128a97ccde2b6290747646.jpeg","schema":{"@context":"https:\/\/schema.org","@graph":[{"@type":"BreadcrumbList","@id":"https:\/\/www.rucashk.com\/pt\/produto\/infinix-smart-7-hd-smart-mobile-phone\/#breadcrumblist","itemListElement":[{"@type":"ListItem","@id":"https:\/\/www.rucashk.com\/pt\/#listItem","position":1,"name":"Home","item":"https:\/\/www.rucashk.com\/pt\/","nextItem":"https:\/\/www.rucashk.com\/pt\/produto\/infinix-smart-7-hd-smart-mobile-phone\/#listItem"},{"@type":"ListItem","@id":"https:\/\/www.rucashk.com\/pt\/produto\/infinix-smart-7-hd-smart-mobile-phone\/#listItem","position":2,"name":"Infinix Smart 7 HD Smart Mobile Phone","previousItem":"https:\/\/www.rucashk.com\/pt\/#listItem"}]},{"@type":"Organization","@id":"https:\/\/www.rucashk.com\/pt\/#organization","name":"Rucas","url":"https:\/\/www.rucashk.com\/pt\/","logo":{"@type":"ImageObject","url":"https:\/\/www.rucashk.com\/wp-content\/uploads\/2023\/12\/Rucas_campany_logo.png","@id":"https:\/\/www.rucashk.com\/pt\/produto\/infinix-smart-7-hd-smart-mobile-phone\/#organizationLogo","width":221,"height":65},"image":{"@id":"https:\/\/www.rucashk.com\/pt\/#organizationLogo"}},{"@type":"Person","@id":"https:\/\/www.rucashk.com\/pt\/author\/admin\/#author","url":"https:\/\/www.rucashk.com\/pt\/author\/admin\/","name":"admin","image":{"@type":"ImageObject","@id":"https:\/\/www.rucashk.com\/pt\/produto\/infinix-smart-7-hd-smart-mobile-phone\/#authorImage","url":"https:\/\/secure.gravatar.com\/avatar\/b7c8925b09a27e72b30232f8ecaadbd5af0f70a38c78096863fe51b64f031c24?s=96&d=mm&r=g","width":96,"height":96,"caption":"admin"}},{"@type":"WebPage","@id":"https:\/\/www.rucashk.com\/pt\/produto\/infinix-smart-7-hd-smart-mobile-phone\/#webpage","url":"https:\/\/www.rucashk.com\/pt\/produto\/infinix-smart-7-hd-smart-mobile-phone\/","name":"Infinix Smart 7 HD Smart Mobile Phone - Rucas - Wholesale and Distribution","description":"The Infinix SMART 7 HD is a feature-rich smartphone. You can save a lot of your favourite material and operate programmes smoothly thanks to the 64 GB internal storage and up to 4 GB of RAM. This gadget features a gorgeous wave pattern design that looks and feels sophisticated. For security, this phone has a simple face unlock function in addition to a quick and accurate fingerprint scanner.","inLanguage":"pt-PT","isPartOf":{"@id":"https:\/\/www.rucashk.com\/pt\/#website"},"breadcrumb":{"@id":"https:\/\/www.rucashk.com\/pt\/produto\/infinix-smart-7-hd-smart-mobile-phone\/#breadcrumblist"},"author":{"@id":"https:\/\/www.rucashk.com\/pt\/author\/admin\/#author"},"creator":{"@id":"https:\/\/www.rucashk.com\/pt\/author\/admin\/#author"},"image":{"@type":"ImageObject","url":"https:\/\/www.rucashk.com\/wp-content\/uploads\/2024\/03\/da30eeac-88cc-41fb-a667-45b065aa8920.jpg","@id":"https:\/\/www.rucashk.com\/pt\/produto\/infinix-smart-7-hd-smart-mobile-phone\/#mainImage","width":800,"height":800},"primaryImageOfPage":{"@id":"https:\/\/www.rucashk.com\/pt\/produto\/infinix-smart-7-hd-smart-mobile-phone\/#mainImage"},"datePublished":"2024-03-24T10:41:21+00:00","dateModified":"2024-04-16T13:26:29+00:00"},{"@type":"WebSite","@id":"https:\/\/www.rucashk.com\/pt\/#website","url":"https:\/\/www.rucashk.com\/pt\/","name":"Rucas - Wholesale and distribution worldwide","alternateName":"Rucas - One-stop AIoT Distribution Worldwide","description":"One-stop AIoT Distribution Worldwide","inLanguage":"pt-PT","publisher":{"@id":"https:\/\/www.rucashk.com\/pt\/#organization"}}]}},"aioseo_meta_data":{"post_id":"39360","title":null,"description":null,"keywords":null,"keyphrases":null,"primary_term":null,"canonical_url":null,"og_title":null,"og_description":null,"og_object_type":"default","og_image_type":"default","og_image_url":null,"og_image_width":null,"og_image_height":null,"og_image_custom_url":null,"og_image_custom_fields":null,"og_video":null,"og_custom_url":null,"og_article_section":null,"og_article_tags":null,"twitter_use_og":false,"twitter_card":"default","twitter_image_type":"default","twitter_image_url":null,"twitter_image_custom_url":null,"twitter_image_custom_fields":null,"twitter_title":null,"twitter_description":null,"schema":{"blockGraphs":[],"customGraphs":[],"default":{"data":{"Article":[],"Course":[],"Dataset":[],"FAQPage":[],"Movie":[],"Person":[],"Product":[],"Recipe":[],"Service":[],"SoftwareApplication":[],"WebPage":[]},"graphName":"","isEnabled":true},"graphs":[]},"schema_type":"default","schema_type_options":null,"pillar_content":false,"robots_default":true,"robots_noindex":false,"robots_noarchive":false,"robots_nosnippet":false,"robots_nofollow":false,"robots_noimageindex":false,"robots_noodp":false,"robots_notranslate":false,"robots_max_snippet":null,"robots_max_videopreview":null,"robots_max_imagepreview":"large","priority":null,"frequency":null,"local_seo":null,"breadcrumb_settings":null,"limit_modified_date":false,"created":"2024-04-11 01:57:23","updated":"2025-06-22 18:50:54"},"aioseo_breadcrumb":"<div class=\"aioseo-breadcrumbs\"><span class=\"aioseo-breadcrumb\">\n\t<a href=\"https:\/\/www.rucashk.com\/pt\" title=\"Home\">Home<\/a>\n<\/span><span class=\"aioseo-breadcrumb-separator\">&raquo;<\/span><span class=\"aioseo-breadcrumb\">\n\t<a href=\"https:\/\/www.rucashk.com\/pt\/products\/\" title=\"Produtos\">Produtos<\/a>\n<\/span><span class=\"aioseo-breadcrumb-separator\">&raquo;<\/span><span class=\"aioseo-breadcrumb\">\n\t<a href=\"https:\/\/www.rucashk.com\/pt\/marca\/infinix\/\" title=\"Infinix\">Infinix<\/a>\n<\/span><span class=\"aioseo-breadcrumb-separator\">&raquo;<\/span><span class=\"aioseo-breadcrumb\">\n\tInfinix Smart 7 HD Smart Mobile Phone\n<\/span><\/div>","aioseo_breadcrumb_json":[{"label":"Home","link":"https:\/\/www.rucashk.com\/pt"},{"label":"Produtos","link":"https:\/\/www.rucashk.com\/pt\/products\/"},{"label":"Infinix","link":"https:\/\/www.rucashk.com\/pt\/marca\/infinix\/"},{"label":"Infinix Smart 7 HD Smart Mobile Phone","link":"https:\/\/www.rucashk.com\/pt\/produto\/infinix-smart-7-hd-smart-mobile-phone\/"}],"_links":{"self":[{"href":"https:\/\/www.rucashk.com\/pt\/wp-json\/wp\/v2\/product\/39360","targetHints":{"allow":["GET"]}}],"collection":[{"href":"https:\/\/www.rucashk.com\/pt\/wp-json\/wp\/v2\/product"}],"about":[{"href":"https:\/\/www.rucashk.com\/pt\/wp-json\/wp\/v2\/types\/product"}],"wp:featuredmedia":[{"embeddable":true,"href":"https:\/\/www.rucashk.com\/pt\/wp-json\/wp\/v2\/media\/39363"}],"wp:attachment":[{"href":"https:\/\/www.rucashk.com\/pt\/wp-json\/wp\/v2\/media?parent=39360"}],"wp:term":[{"taxonomy":"product_brand","embeddable":true,"href":"https:\/\/www.rucashk.com\/pt\/wp-json\/wp\/v2\/product_brand?post=39360"},{"taxonomy":"product_cat","embeddable":true,"href":"https:\/\/www.rucashk.com\/pt\/wp-json\/wp\/v2\/product_cat?post=39360"},{"taxonomy":"product_tag","embeddable":true,"href":"https:\/\/www.rucashk.com\/pt\/wp-json\/wp\/v2\/product_tag?post=39360"}],"curies":[{"name":"wp","href":"https:\/\/api.w.org\/{rel}","templated":true}]}}