{"id":39339,"date":"2024-03-24T10:32:18","date_gmt":"2024-03-24T10:32:18","guid":{"rendered":"http:\/\/rucashk.com\/?post_type=product&#038;p=39339"},"modified":"2024-04-16T13:22:12","modified_gmt":"2024-04-16T13:22:12","slug":"samsung-galaxy-a53-5g-smart-mobile-phone","status":"publish","type":"product","link":"https:\/\/www.rucashk.com\/pt\/produto\/samsung-galaxy-a53-5g-smart-mobile-phone\/","title":{"rendered":"Celular inteligente Samsung Galaxy A53 5G"},"content":{"rendered":"<div align=\"center\"><img decoding=\"async\" alt=\"Samsung Galaxy A53 5G Smart Mobile Phone\" src=\"\/wp-content\/uploads\/replace\/0d34b509959735b1d90bd2351aad0a69.png\" \/><br \/>\n<img decoding=\"async\" alt=\"Samsung Galaxy A53 5G Smart Mobile Phone\" src=\"\/wp-content\/uploads\/replace\/ded009de3de934b7931c79817bc9320d.png\" \/><strong>Poderoso<\/strong><br \/>\n<img decoding=\"async\" alt=\"Samsung Galaxy A53 5G Smart Mobile Phone\" src=\"\/wp-content\/uploads\/replace\/2e69b40fb4dbc7d1de899941b73364a4.png\" data-spm-anchor-id=\"a2g0o.detail.1000023.i0.7a2dxrrHxrrHLn\" \/><br \/>\n<img decoding=\"async\" alt=\"Samsung Galaxy A53 5G Smart Mobile Phone\" src=\"\/wp-content\/uploads\/replace\/76746dd1b5209e8260ea03d4ed827968.png\" \/><br \/>\n<img decoding=\"async\" alt=\"Samsung Galaxy A53 5G Smart Mobile Phone\" src=\"\/wp-content\/uploads\/replace\/1c6c0bf11ee7464e022d7e9294126898.png\" data-spm-anchor-id=\"a2g0o.detail.1000023.i2.7a2dxrrHxrrHLn\" \/><br \/>\n<img decoding=\"async\" alt=\"Samsung Galaxy A53 5G Smart Mobile Phone\" src=\"\/wp-content\/uploads\/replace\/e761fc2ceac7b9ee1853682514b79f37.png\" \/><br \/>\n<img decoding=\"async\" alt=\"Samsung Galaxy A53 5G Smart Mobile Phone\" src=\"\/wp-content\/uploads\/replace\/293567999a994b980a78ce728539dafa.png\" \/><br \/>\n<img decoding=\"async\" alt=\"Samsung Galaxy A53 5G Smart Mobile Phone\" src=\"\/wp-content\/uploads\/replace\/87043b3a3519d67aff7333545b2dd542.png\" \/><br \/>\n<img decoding=\"async\" alt=\"Samsung Galaxy A53 5G Smart Mobile Phone\" src=\"\/wp-content\/uploads\/replace\/f5322917683a478a15fa445dc9a6db5b.png\" \/><br \/>\n<img decoding=\"async\" alt=\"Samsung Galaxy A53 5G Smart Mobile Phone\" src=\"\/wp-content\/uploads\/replace\/86bb6f2d07e2eeede9e436a47d71d876.png\" \/><br \/>\n<img decoding=\"async\" alt=\"Samsung Galaxy A53 5G Smart Mobile Phone\" src=\"\/wp-content\/uploads\/replace\/065ea9a1b5256cd9ad9950451055199a.png\" \/><br \/>\n<img decoding=\"async\" alt=\"Samsung Galaxy A53 5G Smart Mobile Phone\" src=\"\/wp-content\/uploads\/replace\/7cb653e807806fddebe62bd3d71d8b70.png\" \/><\/div>\n<p><strong>Gal\u00e1xia A53 5G<\/strong><br \/>\nDescubra o Samsung Galaxy A53 5G \u2013 um telefone que oferece desempenho perfeito com seus recursos 5G.<br \/>\nSeu design simples, mas bonito, \u00e9 acompanhado por seus recursos extraordin\u00e1rios, incluindo um processador poderoso e um magn\u00edfico sistema de c\u00e2mera. Com uma bateria de longa dura\u00e7\u00e3o, voc\u00ea pode usar este telefone por longos per\u00edodos sem se preocupar em ficar sem energia.<br \/>\nQuer voc\u00ea procure estilo ou subst\u00e2ncia, o Galaxy A53 5G \u00e9 o dispositivo perfeito para mant\u00ea-lo conectado ao mundo.<\/p>\n<p>O Galaxy A53 5G n\u00e3o \u00e9 apenas uma pot\u00eancia de desempenho, mas tamb\u00e9m possui um design impressionante que chamar\u00e1 a aten\u00e7\u00e3o. Seu corpo fino acomoda perfeitamente o impacto exclusivo da c\u00e2mera e a frente de vidro \u00e9 fixada na parte traseira com uma bela moldura fosca.<br \/>\nSe voc\u00ea \u00e9 um entusiasta da fotografia, vai adorar o magn\u00edfico sistema de c\u00e2meras do Galaxy A53 5G.<\/p>\n<p>Com efeitos bokeh e lentes duplas para uma c\u00e2mera de profundidade alimentada por IA, voc\u00ea pode capturar todos os detalhes que tornam cada rosto \u00fanico. Voc\u00ea tamb\u00e9m pode desfocar o fundo e focar nos detalhes que d\u00e3o vida ao interior do quadro.<\/p>\n<p>E se isso n\u00e3o bastasse, voc\u00ea pode capturar v\u00eddeos 4K n\u00edtidos que manter\u00e3o suas mem\u00f3rias vivas para sempre. A dura\u00e7\u00e3o da bateria \u00e9 sempre uma preocupa\u00e7\u00e3o, mas n\u00e3o com o Galaxy A53 5G. Sua mega bateria e recursos de carregamento r\u00e1pido significam que voc\u00ea pode continuar explorando sua vida por at\u00e9 dois dias sem precisar carregar. E se a bateria acabar, voc\u00ea poder\u00e1 carreg\u00e1-la rapidamente.<\/p>\n<table class=\"table-auto w-full text-left\">\n<tbody>\n<tr>\n<td class=\"border border-card-3 p-2 w-28\">Marca<\/td>\n<td class=\"border border-card-3 p-2\">SAMSUNG<\/td>\n<\/tr>\n<tr>\n<td class=\"border border-card-3 p-2 w-28\">Modelo<\/td>\n<td class=\"border border-card-3 p-2\">Gal\u00e1xia A53 5G<\/td>\n<\/tr>\n<tr>\n<td class=\"border border-card-3 p-2 w-28\">Tamanho de exibi\u00e7\u00e3o<\/td>\n<td class=\"border border-card-3 p-2\">6,5 polegadas, 102,0 cm2 (propor\u00e7\u00e3o tela-corpo de ~85,4%)<\/td>\n<\/tr>\n<tr>\n<td class=\"border border-card-3 p-2 w-28\">Tipo de exibi\u00e7\u00e3o<\/td>\n<td class=\"border border-card-3 p-2\">Super AMOLED, 120 Hz, 800 nits (HBM)<\/td>\n<\/tr>\n<tr>\n<td class=\"border border-card-3 p-2 w-28\">Resolu\u00e7\u00e3o de v\u00eddeo<\/td>\n<td class=\"border border-card-3 p-2\">1080 x 2400 pixels, propor\u00e7\u00e3o 20:9 (densidade de ~405 ppi)<\/td>\n<\/tr>\n<tr>\n<td class=\"border border-card-3 p-2 w-28\">Chipset<\/td>\n<td class=\"border border-card-3 p-2\">Exynos 1280 (5nm)<\/td>\n<\/tr>\n<tr>\n<td class=\"border border-card-3 p-2 w-28\">Mem\u00f3ria<\/td>\n<td class=\"border border-card-3 p-2\">128 GB 4 GB de RAM | 128 GB 6 GB de RAM | 128 GB 8 GB de RAM | 256 GB 6 GB de RAM | 256 GB 8 GB de RAM<\/td>\n<\/tr>\n<tr>\n<td class=\"border border-card-3 p-2 w-28\">C\u00e2mera principal<\/td>\n<td class=\"border border-card-3 p-2\">64 MP + 12 MP + 5 MP + 5 MP | 4K a 30fps, 1080p a 30\/60fps; giro-EIS<\/td>\n<\/tr>\n<tr>\n<td class=\"border border-card-3 p-2 w-28\">C\u00e2mera selfie<\/td>\n<td class=\"border border-card-3 p-2\">32MP | 4K a 30fps, 1080p a 30fps<\/td>\n<\/tr>\n<tr>\n<td class=\"border border-card-3 p-2 w-28\">Informa\u00e7\u00f5es da bateria<\/td>\n<td class=\"border border-card-3 p-2\">Li-Po 5000 mAh, n\u00e3o remov\u00edvel<\/td>\n<\/tr>\n<\/tbody>\n<\/table>","protected":false},"excerpt":{"rendered":"<ul>\n<li dir=\"ltr\">5G aumenta o desempenho<\/li>\n<li dir=\"ltr\">Tela sAMOLED<\/li>\n<li dir=\"ltr\">C\u00e2mera magn\u00edfica de 64 MP<\/li>\n<li dir=\"ltr\">2 dias de dura\u00e7\u00e3o da bateria<\/li>\n<li dir=\"ltr\">Resistente \u00e0 \u00e1gua e poeira<\/li>\n<\/ul>","protected":false},"featured_media":39353,"template":"","meta":[],"product_brand":[195],"product_cat":[1295,1299],"product_tag":[],"class_list":{"0":"post-39339","1":"product","2":"type-product","3":"status-publish","4":"has-post-thumbnail","6":"product_brand-samsung","7":"product_cat-mobile-phone","8":"product_cat-samsung-mobile-phone","10":"first","11":"instock","12":"shipping-taxable","13":"product-type-simple"},"aioseo_notices":[],"aioseo_head":"\n\t\t<!-- All in One SEO Pro 4.5.9.2 - aioseo.com -->\n\t\t<meta name=\"description\" content=\"5G Boost The Performance sAMOLED Display 64MP Magnificent Camera 2 Days of Battery Life Water &amp; Dust Resistant\" \/>\n\t\t<meta name=\"robots\" content=\"max-image-preview:large\" \/>\n\t\t<link rel=\"canonical\" href=\"https:\/\/www.rucashk.com\/pt\/produto\/samsung-galaxy-a53-5g-smart-mobile-phone\/\" \/>\n\t\t<meta name=\"generator\" content=\"All in One SEO Pro (AIOSEO) 4.5.9.2\" \/>\n\t\t<meta property=\"og:locale\" content=\"pt_PT\" \/>\n\t\t<meta property=\"og:site_name\" content=\"Rucas - One-stop AIoT Distribution Worldwide\" \/>\n\t\t<meta property=\"og:type\" content=\"article\" \/>\n\t\t<meta property=\"og:title\" content=\"Samsung Galaxy A53 5G Smart Mobile Phone - Rucas - Wholesale and Distribution\" \/>\n\t\t<meta property=\"og:description\" content=\"5G Boost The Performance sAMOLED Display 64MP Magnificent Camera 2 Days of Battery Life Water &amp; Dust Resistant\" \/>\n\t\t<meta property=\"og:url\" content=\"https:\/\/www.rucashk.com\/pt\/produto\/samsung-galaxy-a53-5g-smart-mobile-phone\/\" \/>\n\t\t<meta property=\"og:image\" content=\"https:\/\/www.rucashk.com\/wp-content\/uploads\/replace\/503b8e645f128a97ccde2b6290747646.jpeg\" \/>\n\t\t<meta property=\"og:image:secure_url\" content=\"https:\/\/www.rucashk.com\/wp-content\/uploads\/replace\/503b8e645f128a97ccde2b6290747646.jpeg\" \/>\n\t\t<meta property=\"og:image:width\" content=\"1456\" \/>\n\t\t<meta property=\"og:image:height\" content=\"816\" \/>\n\t\t<meta property=\"article:published_time\" content=\"2024-03-24T10:32:18+00:00\" \/>\n\t\t<meta property=\"article:modified_time\" content=\"2024-04-16T13:22:12+00:00\" \/>\n\t\t<meta name=\"twitter:card\" content=\"summary_large_image\" \/>\n\t\t<meta name=\"twitter:title\" content=\"Samsung Galaxy A53 5G Smart Mobile Phone - Rucas - Wholesale and Distribution\" \/>\n\t\t<meta name=\"twitter:description\" content=\"5G Boost The Performance sAMOLED Display 64MP Magnificent Camera 2 Days of Battery Life Water &amp; Dust Resistant\" \/>\n\t\t<meta name=\"twitter:image\" content=\"https:\/\/www.rucashk.com\/wp-content\/uploads\/replace\/503b8e645f128a97ccde2b6290747646.jpeg\" \/>\n\t\t<script type=\"application\/ld+json\" class=\"aioseo-schema\">\n\t\t\t{\"@context\":\"https:\\\/\\\/schema.org\",\"@graph\":[{\"@type\":\"BreadcrumbList\",\"@id\":\"https:\\\/\\\/www.rucashk.com\\\/pt\\\/produto\\\/samsung-galaxy-a53-5g-smart-mobile-phone\\\/#breadcrumblist\",\"itemListElement\":[{\"@type\":\"ListItem\",\"@id\":\"https:\\\/\\\/www.rucashk.com\\\/pt\\\/#listItem\",\"position\":1,\"name\":\"Home\",\"item\":\"https:\\\/\\\/www.rucashk.com\\\/pt\\\/\",\"nextItem\":\"https:\\\/\\\/www.rucashk.com\\\/pt\\\/produto\\\/samsung-galaxy-a53-5g-smart-mobile-phone\\\/#listItem\"},{\"@type\":\"ListItem\",\"@id\":\"https:\\\/\\\/www.rucashk.com\\\/pt\\\/produto\\\/samsung-galaxy-a53-5g-smart-mobile-phone\\\/#listItem\",\"position\":2,\"name\":\"Samsung Galaxy A53 5G Smart Mobile Phone\",\"previousItem\":\"https:\\\/\\\/www.rucashk.com\\\/pt\\\/#listItem\"}]},{\"@type\":\"Organization\",\"@id\":\"https:\\\/\\\/www.rucashk.com\\\/pt\\\/#organization\",\"name\":\"Rucas\",\"url\":\"https:\\\/\\\/www.rucashk.com\\\/pt\\\/\",\"logo\":{\"@type\":\"ImageObject\",\"url\":\"https:\\\/\\\/www.rucashk.com\\\/wp-content\\\/uploads\\\/2023\\\/12\\\/Rucas_campany_logo.png\",\"@id\":\"https:\\\/\\\/www.rucashk.com\\\/pt\\\/produto\\\/samsung-galaxy-a53-5g-smart-mobile-phone\\\/#organizationLogo\",\"width\":221,\"height\":65},\"image\":{\"@id\":\"https:\\\/\\\/www.rucashk.com\\\/pt\\\/#organizationLogo\"}},{\"@type\":\"Person\",\"@id\":\"https:\\\/\\\/www.rucashk.com\\\/pt\\\/author\\\/admin\\\/#author\",\"url\":\"https:\\\/\\\/www.rucashk.com\\\/pt\\\/author\\\/admin\\\/\",\"name\":\"admin\",\"image\":{\"@type\":\"ImageObject\",\"@id\":\"https:\\\/\\\/www.rucashk.com\\\/pt\\\/produto\\\/samsung-galaxy-a53-5g-smart-mobile-phone\\\/#authorImage\",\"url\":\"https:\\\/\\\/secure.gravatar.com\\\/avatar\\\/b7c8925b09a27e72b30232f8ecaadbd5af0f70a38c78096863fe51b64f031c24?s=96&d=mm&r=g\",\"width\":96,\"height\":96,\"caption\":\"admin\"}},{\"@type\":\"WebPage\",\"@id\":\"https:\\\/\\\/www.rucashk.com\\\/pt\\\/produto\\\/samsung-galaxy-a53-5g-smart-mobile-phone\\\/#webpage\",\"url\":\"https:\\\/\\\/www.rucashk.com\\\/pt\\\/produto\\\/samsung-galaxy-a53-5g-smart-mobile-phone\\\/\",\"name\":\"Samsung Galaxy A53 5G Smart Mobile Phone - Rucas - Wholesale and Distribution\",\"description\":\"5G Boost The Performance sAMOLED Display 64MP Magnificent Camera 2 Days of Battery Life Water & Dust Resistant\",\"inLanguage\":\"pt-PT\",\"isPartOf\":{\"@id\":\"https:\\\/\\\/www.rucashk.com\\\/pt\\\/#website\"},\"breadcrumb\":{\"@id\":\"https:\\\/\\\/www.rucashk.com\\\/pt\\\/produto\\\/samsung-galaxy-a53-5g-smart-mobile-phone\\\/#breadcrumblist\"},\"author\":{\"@id\":\"https:\\\/\\\/www.rucashk.com\\\/pt\\\/author\\\/admin\\\/#author\"},\"creator\":{\"@id\":\"https:\\\/\\\/www.rucashk.com\\\/pt\\\/author\\\/admin\\\/#author\"},\"image\":{\"@type\":\"ImageObject\",\"url\":\"https:\\\/\\\/www.rucashk.com\\\/wp-content\\\/uploads\\\/2024\\\/03\\\/e3b5a89e-3f7f-4e0e-880b-fdb8738ed16d.jpg\",\"@id\":\"https:\\\/\\\/www.rucashk.com\\\/pt\\\/produto\\\/samsung-galaxy-a53-5g-smart-mobile-phone\\\/#mainImage\",\"width\":1024,\"height\":1024},\"primaryImageOfPage\":{\"@id\":\"https:\\\/\\\/www.rucashk.com\\\/pt\\\/produto\\\/samsung-galaxy-a53-5g-smart-mobile-phone\\\/#mainImage\"},\"datePublished\":\"2024-03-24T10:32:18+00:00\",\"dateModified\":\"2024-04-16T13:22:12+00:00\"},{\"@type\":\"WebSite\",\"@id\":\"https:\\\/\\\/www.rucashk.com\\\/pt\\\/#website\",\"url\":\"https:\\\/\\\/www.rucashk.com\\\/pt\\\/\",\"name\":\"Rucas - Wholesale and distribution worldwide\",\"alternateName\":\"Rucas - One-stop AIoT Distribution Worldwide\",\"description\":\"One-stop AIoT Distribution Worldwide\",\"inLanguage\":\"pt-PT\",\"publisher\":{\"@id\":\"https:\\\/\\\/www.rucashk.com\\\/pt\\\/#organization\"}}]}\n\t\t<\/script>\n\t\t<!-- All in One SEO Pro -->\r\n\t\t<title>Samsung Galaxy A53 5G Smart Mobile Phone - Rucas - Wholesale and Distribution<\/title>\n\n","aioseo_head_json":{"title":"Samsung Galaxy A53 5G Smart Mobile Phone - Rucas - Wholesale and Distribution","description":"5G Boost The Performance sAMOLED Display 64MP Magnificent Camera 2 Days of Battery Life Water & Dust Resistant","canonical_url":"https:\/\/www.rucashk.com\/pt\/produto\/samsung-galaxy-a53-5g-smart-mobile-phone\/","robots":"max-image-preview:large","keywords":"","webmasterTools":{"miscellaneous":""},"og:locale":"pt_PT","og:site_name":"Rucas - One-stop AIoT Distribution Worldwide","og:type":"article","og:title":"Samsung Galaxy A53 5G Smart Mobile Phone - Rucas - Wholesale and Distribution","og:description":"5G Boost The Performance sAMOLED Display 64MP Magnificent Camera 2 Days of Battery Life Water &amp; Dust Resistant","og:url":"https:\/\/www.rucashk.com\/pt\/produto\/samsung-galaxy-a53-5g-smart-mobile-phone\/","og:image":"https:\/\/www.rucashk.com\/wp-content\/uploads\/replace\/503b8e645f128a97ccde2b6290747646.jpeg","og:image:secure_url":"https:\/\/www.rucashk.com\/wp-content\/uploads\/replace\/503b8e645f128a97ccde2b6290747646.jpeg","og:image:width":1456,"og:image:height":816,"article:published_time":"2024-03-24T10:32:18+00:00","article:modified_time":"2024-04-16T13:22:12+00:00","twitter:card":"summary_large_image","twitter:title":"Samsung Galaxy A53 5G Smart Mobile Phone - Rucas - Wholesale and Distribution","twitter:description":"5G Boost The Performance sAMOLED Display 64MP Magnificent Camera 2 Days of Battery Life Water &amp; Dust Resistant","twitter:image":"https:\/\/www.rucashk.com\/wp-content\/uploads\/replace\/503b8e645f128a97ccde2b6290747646.jpeg","schema":{"@context":"https:\/\/schema.org","@graph":[{"@type":"BreadcrumbList","@id":"https:\/\/www.rucashk.com\/pt\/produto\/samsung-galaxy-a53-5g-smart-mobile-phone\/#breadcrumblist","itemListElement":[{"@type":"ListItem","@id":"https:\/\/www.rucashk.com\/pt\/#listItem","position":1,"name":"Home","item":"https:\/\/www.rucashk.com\/pt\/","nextItem":"https:\/\/www.rucashk.com\/pt\/produto\/samsung-galaxy-a53-5g-smart-mobile-phone\/#listItem"},{"@type":"ListItem","@id":"https:\/\/www.rucashk.com\/pt\/produto\/samsung-galaxy-a53-5g-smart-mobile-phone\/#listItem","position":2,"name":"Samsung Galaxy A53 5G Smart Mobile Phone","previousItem":"https:\/\/www.rucashk.com\/pt\/#listItem"}]},{"@type":"Organization","@id":"https:\/\/www.rucashk.com\/pt\/#organization","name":"Rucas","url":"https:\/\/www.rucashk.com\/pt\/","logo":{"@type":"ImageObject","url":"https:\/\/www.rucashk.com\/wp-content\/uploads\/2023\/12\/Rucas_campany_logo.png","@id":"https:\/\/www.rucashk.com\/pt\/produto\/samsung-galaxy-a53-5g-smart-mobile-phone\/#organizationLogo","width":221,"height":65},"image":{"@id":"https:\/\/www.rucashk.com\/pt\/#organizationLogo"}},{"@type":"Person","@id":"https:\/\/www.rucashk.com\/pt\/author\/admin\/#author","url":"https:\/\/www.rucashk.com\/pt\/author\/admin\/","name":"admin","image":{"@type":"ImageObject","@id":"https:\/\/www.rucashk.com\/pt\/produto\/samsung-galaxy-a53-5g-smart-mobile-phone\/#authorImage","url":"https:\/\/secure.gravatar.com\/avatar\/b7c8925b09a27e72b30232f8ecaadbd5af0f70a38c78096863fe51b64f031c24?s=96&d=mm&r=g","width":96,"height":96,"caption":"admin"}},{"@type":"WebPage","@id":"https:\/\/www.rucashk.com\/pt\/produto\/samsung-galaxy-a53-5g-smart-mobile-phone\/#webpage","url":"https:\/\/www.rucashk.com\/pt\/produto\/samsung-galaxy-a53-5g-smart-mobile-phone\/","name":"Samsung Galaxy A53 5G Smart Mobile Phone - Rucas - Wholesale and Distribution","description":"5G Boost The Performance sAMOLED Display 64MP Magnificent Camera 2 Days of Battery Life Water & Dust Resistant","inLanguage":"pt-PT","isPartOf":{"@id":"https:\/\/www.rucashk.com\/pt\/#website"},"breadcrumb":{"@id":"https:\/\/www.rucashk.com\/pt\/produto\/samsung-galaxy-a53-5g-smart-mobile-phone\/#breadcrumblist"},"author":{"@id":"https:\/\/www.rucashk.com\/pt\/author\/admin\/#author"},"creator":{"@id":"https:\/\/www.rucashk.com\/pt\/author\/admin\/#author"},"image":{"@type":"ImageObject","url":"https:\/\/www.rucashk.com\/wp-content\/uploads\/2024\/03\/e3b5a89e-3f7f-4e0e-880b-fdb8738ed16d.jpg","@id":"https:\/\/www.rucashk.com\/pt\/produto\/samsung-galaxy-a53-5g-smart-mobile-phone\/#mainImage","width":1024,"height":1024},"primaryImageOfPage":{"@id":"https:\/\/www.rucashk.com\/pt\/produto\/samsung-galaxy-a53-5g-smart-mobile-phone\/#mainImage"},"datePublished":"2024-03-24T10:32:18+00:00","dateModified":"2024-04-16T13:22:12+00:00"},{"@type":"WebSite","@id":"https:\/\/www.rucashk.com\/pt\/#website","url":"https:\/\/www.rucashk.com\/pt\/","name":"Rucas - Wholesale and distribution worldwide","alternateName":"Rucas - One-stop AIoT Distribution Worldwide","description":"One-stop AIoT Distribution Worldwide","inLanguage":"pt-PT","publisher":{"@id":"https:\/\/www.rucashk.com\/pt\/#organization"}}]}},"aioseo_meta_data":{"post_id":"39339","title":null,"description":null,"keywords":null,"keyphrases":null,"primary_term":null,"canonical_url":null,"og_title":null,"og_description":null,"og_object_type":"default","og_image_type":"default","og_image_url":null,"og_image_width":null,"og_image_height":null,"og_image_custom_url":null,"og_image_custom_fields":null,"og_video":null,"og_custom_url":null,"og_article_section":null,"og_article_tags":null,"twitter_use_og":false,"twitter_card":"default","twitter_image_type":"default","twitter_image_url":null,"twitter_image_custom_url":null,"twitter_image_custom_fields":null,"twitter_title":null,"twitter_description":null,"schema":{"blockGraphs":[],"customGraphs":[],"default":{"data":{"Article":[],"Course":[],"Dataset":[],"FAQPage":[],"Movie":[],"Person":[],"Product":[],"Recipe":[],"Service":[],"SoftwareApplication":[],"WebPage":[]},"graphName":"","isEnabled":true},"graphs":[]},"schema_type":"default","schema_type_options":null,"pillar_content":false,"robots_default":true,"robots_noindex":false,"robots_noarchive":false,"robots_nosnippet":false,"robots_nofollow":false,"robots_noimageindex":false,"robots_noodp":false,"robots_notranslate":false,"robots_max_snippet":null,"robots_max_videopreview":null,"robots_max_imagepreview":"large","priority":null,"frequency":null,"local_seo":null,"breadcrumb_settings":null,"limit_modified_date":false,"created":"2024-04-11 01:57:23","updated":"2025-06-22 18:49:55"},"aioseo_breadcrumb":"<div class=\"aioseo-breadcrumbs\"><span class=\"aioseo-breadcrumb\">\n\t<a href=\"https:\/\/www.rucashk.com\/pt\" title=\"Home\">Home<\/a>\n<\/span><span class=\"aioseo-breadcrumb-separator\">&raquo;<\/span><span class=\"aioseo-breadcrumb\">\n\t<a href=\"https:\/\/www.rucashk.com\/pt\/products\/\" title=\"Produtos\">Produtos<\/a>\n<\/span><span class=\"aioseo-breadcrumb-separator\">&raquo;<\/span><span class=\"aioseo-breadcrumb\">\n\t<a href=\"https:\/\/www.rucashk.com\/pt\/marca\/samsung\/\" title=\"Samsung\">Samsung<\/a>\n<\/span><span class=\"aioseo-breadcrumb-separator\">&raquo;<\/span><span class=\"aioseo-breadcrumb\">\n\tSamsung Galaxy A53 5G Smart Mobile Phone\n<\/span><\/div>","aioseo_breadcrumb_json":[{"label":"Home","link":"https:\/\/www.rucashk.com\/pt"},{"label":"Produtos","link":"https:\/\/www.rucashk.com\/pt\/products\/"},{"label":"Samsung","link":"https:\/\/www.rucashk.com\/pt\/marca\/samsung\/"},{"label":"Samsung Galaxy A53 5G Smart Mobile Phone","link":"https:\/\/www.rucashk.com\/pt\/produto\/samsung-galaxy-a53-5g-smart-mobile-phone\/"}],"_links":{"self":[{"href":"https:\/\/www.rucashk.com\/pt\/wp-json\/wp\/v2\/product\/39339","targetHints":{"allow":["GET"]}}],"collection":[{"href":"https:\/\/www.rucashk.com\/pt\/wp-json\/wp\/v2\/product"}],"about":[{"href":"https:\/\/www.rucashk.com\/pt\/wp-json\/wp\/v2\/types\/product"}],"wp:featuredmedia":[{"embeddable":true,"href":"https:\/\/www.rucashk.com\/pt\/wp-json\/wp\/v2\/media\/39353"}],"wp:attachment":[{"href":"https:\/\/www.rucashk.com\/pt\/wp-json\/wp\/v2\/media?parent=39339"}],"wp:term":[{"taxonomy":"product_brand","embeddable":true,"href":"https:\/\/www.rucashk.com\/pt\/wp-json\/wp\/v2\/product_brand?post=39339"},{"taxonomy":"product_cat","embeddable":true,"href":"https:\/\/www.rucashk.com\/pt\/wp-json\/wp\/v2\/product_cat?post=39339"},{"taxonomy":"product_tag","embeddable":true,"href":"https:\/\/www.rucashk.com\/pt\/wp-json\/wp\/v2\/product_tag?post=39339"}],"curies":[{"name":"wp","href":"https:\/\/api.w.org\/{rel}","templated":true}]}}