{"id":39329,"date":"2024-03-24T10:21:18","date_gmt":"2024-03-24T10:21:18","guid":{"rendered":"http:\/\/rucashk.com\/?post_type=product&#038;p=39329"},"modified":"2024-04-16T13:24:07","modified_gmt":"2024-04-16T13:24:07","slug":"samsung-galaxy-a24-smart-mobile-phone","status":"publish","type":"product","link":"https:\/\/www.rucashk.com\/pt\/produto\/samsung-galaxy-a24-smart-mobile-phone\/","title":{"rendered":"Celular inteligente Samsung Galaxy A24"},"content":{"rendered":"<p><img decoding=\"async\" alt=\"Samsung Galaxy A24 Smart Mobile Phone\" src=\"\/wp-content\/uploads\/replace\/4d099a1cfe46a22f196e4a9e6fd2ad57.jpeg\" \/><\/p>\n<p><strong>Samsung Galaxy A24<\/strong><br \/>\nAbrace um toque contempor\u00e2neo em um design cl\u00e1ssico com acabamento brilhante. Escolha uma cor que combine com seu estilo \u2013 Preto, Vermelho Escuro, Verde Claro ou Prateado. Capture todas as facetas do seu mundo, desde retratos at\u00e9 fotos em grande angular. Use a c\u00e2mera Ultra Wide para paisagens amplas e a c\u00e2mera Macro para close-ups detalhados. Minimize o desfoque em fotos e v\u00eddeos com OIS na c\u00e2mera principal de 50 MP e tire selfies realistas com a c\u00e2mera frontal de 13 MP. Execute tarefas com o eficiente processador octa-core para rolagem e streaming suaves.<\/p>\n<table class=\"table-auto w-full text-left\">\n<tbody>\n<tr>\n<td class=\"border border-card-3 p-2 w-28\">Rede<\/td>\n<td class=\"border border-card-3 p-2\">GSM\/HSPA\/LTE<\/td>\n<\/tr>\n<tr>\n<td class=\"border border-card-3 p-2 w-28\">Sensores<\/td>\n<td class=\"border border-card-3 p-2\">Impress\u00e3o digital | aceler\u00f4metro |girosc\u00f3pio | b\u00fassola<\/td>\n<\/tr>\n<tr>\n<td class=\"border border-card-3 p-2 w-28\">Som<\/td>\n<td class=\"border border-card-3 p-2\">Alto-falante | Conector de 3,5 mm<\/td>\n<\/tr>\n<tr>\n<td class=\"border border-card-3 p-2 w-28\">Peso<\/td>\n<td class=\"border border-card-3 p-2\">195g<\/td>\n<\/tr>\n<tr>\n<td class=\"border border-card-3 p-2 w-28\">SIM<\/td>\n<td class=\"border border-card-3 p-2\">SIM \u00fanico | SIM duplo<\/td>\n<\/tr>\n<tr>\n<td class=\"border border-card-3 p-2 w-28\">Marca<\/td>\n<td class=\"border border-card-3 p-2\">Samsung<\/td>\n<\/tr>\n<tr>\n<td class=\"border border-card-3 p-2 w-28\">Modelo<\/td>\n<td class=\"border border-card-3 p-2\">Gal\u00e1xia A24<\/td>\n<\/tr>\n<tr>\n<td class=\"border border-card-3 p-2 w-28\">CPU<\/td>\n<td class=\"border border-card-3 p-2\">Octa-core<\/td>\n<\/tr>\n<tr>\n<td class=\"border border-card-3 p-2 w-28\">Tamanho de exibi\u00e7\u00e3o<\/td>\n<td class=\"border border-card-3 p-2\">6,5 polegadas<\/td>\n<\/tr>\n<tr>\n<td class=\"border border-card-3 p-2 w-28\">Tipo de exibi\u00e7\u00e3o<\/td>\n<td class=\"border border-card-3 p-2\">Super AMOLED<\/td>\n<\/tr>\n<tr>\n<td class=\"border border-card-3 p-2 w-28\">Resolu\u00e7\u00e3o de v\u00eddeo<\/td>\n<td class=\"border border-card-3 p-2\">1080 x 2340 pixels<\/td>\n<\/tr>\n<tr>\n<td class=\"border border-card-3 p-2 w-28\">Chipset<\/td>\n<td class=\"border border-card-3 p-2\">Mediatek Helio G99<\/td>\n<\/tr>\n<tr>\n<td class=\"border border-card-3 p-2 w-28\">Mem\u00f3ria<\/td>\n<td class=\"border border-card-3 p-2\">128 GB 4 GB de RAM | 128 GB 6 GB de RAM | 128 GB 8 GB de RAM<\/td>\n<\/tr>\n<tr>\n<td class=\"border border-card-3 p-2 w-28\">C\u00e2mera principal<\/td>\n<td class=\"border border-card-3 p-2\">50 MP, f\/1.8, (amplo), PDAF, OIS 5 MP, f\/2.2, 123\u02da (ultra amplo), 1\/5,0\u2033, 1,12\u00b5m<\/td>\n<\/tr>\n<tr>\n<td class=\"border border-card-3 p-2 w-28\">Dimens\u00f5es<\/td>\n<td class=\"border border-card-3 p-2\">162,1x77,6x8,3mm<\/td>\n<\/tr>\n<tr>\n<td class=\"border border-card-3 p-2 w-28\">C\u00e2mera selfie<\/td>\n<td class=\"border border-card-3 p-2\">13 MP, f\/2.2, (grande angular)<\/td>\n<\/tr>\n<tr>\n<td class=\"border border-card-3 p-2 w-28\">Informa\u00e7\u00f5es da bateria<\/td>\n<td class=\"border border-card-3 p-2\">Li-Po 5000 mAh<\/td>\n<\/tr>\n<tr>\n<td class=\"border border-card-3 p-2 w-28\">SO<\/td>\n<td class=\"border border-card-3 p-2\">Andr\u00f3ide 13<\/td>\n<\/tr>\n<\/tbody>\n<\/table>","protected":false},"excerpt":{"rendered":"<ul>\n<li dir=\"ltr\" role=\"presentation\">Testemunhe cores vibrantes na tela FHD+ Super AMOLED de 6,5 polegadas.<\/li>\n<li dir=\"ltr\" role=\"presentation\">A tecnologia Super AMOLED destaca cores e detalhes, proporcionando visibilidade n\u00edtida com brilho de 1.000 nits para shows e transmiss\u00f5es.<\/li>\n<li dir=\"ltr\" role=\"presentation\">Proteja seus olhos com prote\u00e7\u00e3o aprimorada contra luz azul para uma visualiza\u00e7\u00e3o confort\u00e1vel de dia ou de noite.<\/li>\n<li dir=\"ltr\" role=\"presentation\">Aumente suas tarefas com o processador Octa-Core, garantindo rolagem e streaming suaves.<\/li>\n<li dir=\"ltr\" role=\"presentation\">Desfrute de amplo armazenamento com 128 GB e n\u00e3o se preocupe com espa\u00e7o com at\u00e9 1 TB extra num cart\u00e3o microSD.<\/li>\n<li dir=\"ltr\" role=\"presentation\">Continue a divers\u00e3o com uma bateria de 5.000 mAh (t\u00edpica), que dura mais de dois dias com uma \u00fanica carga para streaming, postagem e compartilhamento.<\/li>\n<\/ul>","protected":false},"featured_media":39332,"template":"","meta":[],"product_brand":[195],"product_cat":[1295,1299],"product_tag":[477],"class_list":{"0":"post-39329","1":"product","2":"type-product","3":"status-publish","4":"has-post-thumbnail","6":"product_brand-samsung","7":"product_cat-mobile-phone","8":"product_cat-samsung-mobile-phone","9":"product_tag-phone","11":"first","12":"instock","13":"shipping-taxable","14":"product-type-simple"},"aioseo_notices":[],"aioseo_head":"\n\t\t<!-- All in One SEO Pro 4.5.9.2 - aioseo.com -->\n\t\t<meta name=\"description\" content=\"Witness vibrant colors on the 6.5-inch FHD+ Super AMOLED display. The Super AMOLED tech makes colors and details pop, providing clear visibility with 1,000 nits brightness for shows and broadcasts. Protect your eyes with enhanced blue light protection for comfortable viewing day or night. Boost your tasks with the Octa-Core processor, ensuring smooth scrolling and streaming. Enjoy ample storage with 128 GB, and worry less about space with up to 1TB extra on a microSD card. Keep the fun going with a 5000 mAh (typical) battery, lasting over 2 days on a single charge for streaming, posting, and sharing.\" \/>\n\t\t<meta name=\"robots\" content=\"max-image-preview:large\" \/>\n\t\t<link rel=\"canonical\" href=\"https:\/\/www.rucashk.com\/pt\/produto\/samsung-galaxy-a24-smart-mobile-phone\/\" \/>\n\t\t<meta name=\"generator\" content=\"All in One SEO Pro (AIOSEO) 4.5.9.2\" \/>\n\t\t<meta property=\"og:locale\" content=\"pt_PT\" \/>\n\t\t<meta property=\"og:site_name\" content=\"Rucas - One-stop AIoT Distribution Worldwide\" \/>\n\t\t<meta property=\"og:type\" content=\"article\" \/>\n\t\t<meta property=\"og:title\" content=\"Samsung Galaxy A24 Smart Mobile Phone - Rucas - Wholesale and Distribution\" \/>\n\t\t<meta property=\"og:description\" content=\"Witness vibrant colors on the 6.5-inch FHD+ Super AMOLED display. The Super AMOLED tech makes colors and details pop, providing clear visibility with 1,000 nits brightness for shows and broadcasts. Protect your eyes with enhanced blue light protection for comfortable viewing day or night. Boost your tasks with the Octa-Core processor, ensuring smooth scrolling and streaming. Enjoy ample storage with 128 GB, and worry less about space with up to 1TB extra on a microSD card. Keep the fun going with a 5000 mAh (typical) battery, lasting over 2 days on a single charge for streaming, posting, and sharing.\" \/>\n\t\t<meta property=\"og:url\" content=\"https:\/\/www.rucashk.com\/pt\/produto\/samsung-galaxy-a24-smart-mobile-phone\/\" \/>\n\t\t<meta property=\"og:image\" content=\"https:\/\/www.rucashk.com\/wp-content\/uploads\/replace\/503b8e645f128a97ccde2b6290747646.jpeg\" \/>\n\t\t<meta property=\"og:image:secure_url\" content=\"https:\/\/www.rucashk.com\/wp-content\/uploads\/replace\/503b8e645f128a97ccde2b6290747646.jpeg\" \/>\n\t\t<meta property=\"og:image:width\" content=\"1456\" \/>\n\t\t<meta property=\"og:image:height\" content=\"816\" \/>\n\t\t<meta property=\"article:published_time\" content=\"2024-03-24T10:21:18+00:00\" \/>\n\t\t<meta property=\"article:modified_time\" content=\"2024-04-16T13:24:07+00:00\" \/>\n\t\t<meta name=\"twitter:card\" content=\"summary_large_image\" \/>\n\t\t<meta name=\"twitter:title\" content=\"Samsung Galaxy A24 Smart Mobile Phone - Rucas - Wholesale and Distribution\" \/>\n\t\t<meta name=\"twitter:description\" content=\"Witness vibrant colors on the 6.5-inch FHD+ Super AMOLED display. The Super AMOLED tech makes colors and details pop, providing clear visibility with 1,000 nits brightness for shows and broadcasts. Protect your eyes with enhanced blue light protection for comfortable viewing day or night. Boost your tasks with the Octa-Core processor, ensuring smooth scrolling and streaming. Enjoy ample storage with 128 GB, and worry less about space with up to 1TB extra on a microSD card. Keep the fun going with a 5000 mAh (typical) battery, lasting over 2 days on a single charge for streaming, posting, and sharing.\" \/>\n\t\t<meta name=\"twitter:image\" content=\"https:\/\/www.rucashk.com\/wp-content\/uploads\/replace\/503b8e645f128a97ccde2b6290747646.jpeg\" \/>\n\t\t<script type=\"application\/ld+json\" class=\"aioseo-schema\">\n\t\t\t{\"@context\":\"https:\\\/\\\/schema.org\",\"@graph\":[{\"@type\":\"BreadcrumbList\",\"@id\":\"https:\\\/\\\/www.rucashk.com\\\/pt\\\/produto\\\/samsung-galaxy-a24-smart-mobile-phone\\\/#breadcrumblist\",\"itemListElement\":[{\"@type\":\"ListItem\",\"@id\":\"https:\\\/\\\/www.rucashk.com\\\/pt\\\/#listItem\",\"position\":1,\"name\":\"Home\",\"item\":\"https:\\\/\\\/www.rucashk.com\\\/pt\\\/\",\"nextItem\":\"https:\\\/\\\/www.rucashk.com\\\/pt\\\/produto\\\/samsung-galaxy-a24-smart-mobile-phone\\\/#listItem\"},{\"@type\":\"ListItem\",\"@id\":\"https:\\\/\\\/www.rucashk.com\\\/pt\\\/produto\\\/samsung-galaxy-a24-smart-mobile-phone\\\/#listItem\",\"position\":2,\"name\":\"Samsung Galaxy A24 Smart Mobile Phone\",\"previousItem\":\"https:\\\/\\\/www.rucashk.com\\\/pt\\\/#listItem\"}]},{\"@type\":\"Organization\",\"@id\":\"https:\\\/\\\/www.rucashk.com\\\/pt\\\/#organization\",\"name\":\"Rucas\",\"url\":\"https:\\\/\\\/www.rucashk.com\\\/pt\\\/\",\"logo\":{\"@type\":\"ImageObject\",\"url\":\"https:\\\/\\\/www.rucashk.com\\\/wp-content\\\/uploads\\\/2023\\\/12\\\/Rucas_campany_logo.png\",\"@id\":\"https:\\\/\\\/www.rucashk.com\\\/pt\\\/produto\\\/samsung-galaxy-a24-smart-mobile-phone\\\/#organizationLogo\",\"width\":221,\"height\":65},\"image\":{\"@id\":\"https:\\\/\\\/www.rucashk.com\\\/pt\\\/#organizationLogo\"}},{\"@type\":\"Person\",\"@id\":\"https:\\\/\\\/www.rucashk.com\\\/pt\\\/author\\\/admin\\\/#author\",\"url\":\"https:\\\/\\\/www.rucashk.com\\\/pt\\\/author\\\/admin\\\/\",\"name\":\"admin\",\"image\":{\"@type\":\"ImageObject\",\"@id\":\"https:\\\/\\\/www.rucashk.com\\\/pt\\\/produto\\\/samsung-galaxy-a24-smart-mobile-phone\\\/#authorImage\",\"url\":\"https:\\\/\\\/secure.gravatar.com\\\/avatar\\\/b7c8925b09a27e72b30232f8ecaadbd5af0f70a38c78096863fe51b64f031c24?s=96&d=mm&r=g\",\"width\":96,\"height\":96,\"caption\":\"admin\"}},{\"@type\":\"WebPage\",\"@id\":\"https:\\\/\\\/www.rucashk.com\\\/pt\\\/produto\\\/samsung-galaxy-a24-smart-mobile-phone\\\/#webpage\",\"url\":\"https:\\\/\\\/www.rucashk.com\\\/pt\\\/produto\\\/samsung-galaxy-a24-smart-mobile-phone\\\/\",\"name\":\"Samsung Galaxy A24 Smart Mobile Phone - Rucas - Wholesale and Distribution\",\"description\":\"Witness vibrant colors on the 6.5-inch FHD+ Super AMOLED display. The Super AMOLED tech makes colors and details pop, providing clear visibility with 1,000 nits brightness for shows and broadcasts. Protect your eyes with enhanced blue light protection for comfortable viewing day or night. Boost your tasks with the Octa-Core processor, ensuring smooth scrolling and streaming. Enjoy ample storage with 128 GB, and worry less about space with up to 1TB extra on a microSD card. Keep the fun going with a 5000 mAh (typical) battery, lasting over 2 days on a single charge for streaming, posting, and sharing.\",\"inLanguage\":\"pt-PT\",\"isPartOf\":{\"@id\":\"https:\\\/\\\/www.rucashk.com\\\/pt\\\/#website\"},\"breadcrumb\":{\"@id\":\"https:\\\/\\\/www.rucashk.com\\\/pt\\\/produto\\\/samsung-galaxy-a24-smart-mobile-phone\\\/#breadcrumblist\"},\"author\":{\"@id\":\"https:\\\/\\\/www.rucashk.com\\\/pt\\\/author\\\/admin\\\/#author\"},\"creator\":{\"@id\":\"https:\\\/\\\/www.rucashk.com\\\/pt\\\/author\\\/admin\\\/#author\"},\"image\":{\"@type\":\"ImageObject\",\"url\":\"https:\\\/\\\/www.rucashk.com\\\/wp-content\\\/uploads\\\/2024\\\/03\\\/307fa894-c628-421a-b712-c75be964dcbe.jpg\",\"@id\":\"https:\\\/\\\/www.rucashk.com\\\/pt\\\/produto\\\/samsung-galaxy-a24-smart-mobile-phone\\\/#mainImage\",\"width\":739,\"height\":739},\"primaryImageOfPage\":{\"@id\":\"https:\\\/\\\/www.rucashk.com\\\/pt\\\/produto\\\/samsung-galaxy-a24-smart-mobile-phone\\\/#mainImage\"},\"datePublished\":\"2024-03-24T10:21:18+00:00\",\"dateModified\":\"2024-04-16T13:24:07+00:00\"},{\"@type\":\"WebSite\",\"@id\":\"https:\\\/\\\/www.rucashk.com\\\/pt\\\/#website\",\"url\":\"https:\\\/\\\/www.rucashk.com\\\/pt\\\/\",\"name\":\"Rucas - Wholesale and distribution worldwide\",\"alternateName\":\"Rucas - One-stop AIoT Distribution Worldwide\",\"description\":\"One-stop AIoT Distribution Worldwide\",\"inLanguage\":\"pt-PT\",\"publisher\":{\"@id\":\"https:\\\/\\\/www.rucashk.com\\\/pt\\\/#organization\"}}]}\n\t\t<\/script>\n\t\t<!-- All in One SEO Pro -->\r\n\t\t<title>Samsung Galaxy A24 Smart Mobile Phone - Rucas - Wholesale and Distribution<\/title>\n\n","aioseo_head_json":{"title":"Samsung Galaxy A24 Smart Mobile Phone - Rucas - Wholesale and Distribution","description":"Witness vibrant colors on the 6.5-inch FHD+ Super AMOLED display. The Super AMOLED tech makes colors and details pop, providing clear visibility with 1,000 nits brightness for shows and broadcasts. Protect your eyes with enhanced blue light protection for comfortable viewing day or night. Boost your tasks with the Octa-Core processor, ensuring smooth scrolling and streaming. Enjoy ample storage with 128 GB, and worry less about space with up to 1TB extra on a microSD card. Keep the fun going with a 5000 mAh (typical) battery, lasting over 2 days on a single charge for streaming, posting, and sharing.","canonical_url":"https:\/\/www.rucashk.com\/pt\/produto\/samsung-galaxy-a24-smart-mobile-phone\/","robots":"max-image-preview:large","keywords":"","webmasterTools":{"miscellaneous":""},"og:locale":"pt_PT","og:site_name":"Rucas - One-stop AIoT Distribution Worldwide","og:type":"article","og:title":"Samsung Galaxy A24 Smart Mobile Phone - Rucas - Wholesale and Distribution","og:description":"Witness vibrant colors on the 6.5-inch FHD+ Super AMOLED display. The Super AMOLED tech makes colors and details pop, providing clear visibility with 1,000 nits brightness for shows and broadcasts. Protect your eyes with enhanced blue light protection for comfortable viewing day or night. Boost your tasks with the Octa-Core processor, ensuring smooth scrolling and streaming. Enjoy ample storage with 128 GB, and worry less about space with up to 1TB extra on a microSD card. Keep the fun going with a 5000 mAh (typical) battery, lasting over 2 days on a single charge for streaming, posting, and sharing.","og:url":"https:\/\/www.rucashk.com\/pt\/produto\/samsung-galaxy-a24-smart-mobile-phone\/","og:image":"https:\/\/www.rucashk.com\/wp-content\/uploads\/replace\/503b8e645f128a97ccde2b6290747646.jpeg","og:image:secure_url":"https:\/\/www.rucashk.com\/wp-content\/uploads\/replace\/503b8e645f128a97ccde2b6290747646.jpeg","og:image:width":1456,"og:image:height":816,"article:published_time":"2024-03-24T10:21:18+00:00","article:modified_time":"2024-04-16T13:24:07+00:00","twitter:card":"summary_large_image","twitter:title":"Samsung Galaxy A24 Smart Mobile Phone - Rucas - Wholesale and Distribution","twitter:description":"Witness vibrant colors on the 6.5-inch FHD+ Super AMOLED display. The Super AMOLED tech makes colors and details pop, providing clear visibility with 1,000 nits brightness for shows and broadcasts. Protect your eyes with enhanced blue light protection for comfortable viewing day or night. Boost your tasks with the Octa-Core processor, ensuring smooth scrolling and streaming. Enjoy ample storage with 128 GB, and worry less about space with up to 1TB extra on a microSD card. Keep the fun going with a 5000 mAh (typical) battery, lasting over 2 days on a single charge for streaming, posting, and sharing.","twitter:image":"https:\/\/www.rucashk.com\/wp-content\/uploads\/replace\/503b8e645f128a97ccde2b6290747646.jpeg","schema":{"@context":"https:\/\/schema.org","@graph":[{"@type":"BreadcrumbList","@id":"https:\/\/www.rucashk.com\/pt\/produto\/samsung-galaxy-a24-smart-mobile-phone\/#breadcrumblist","itemListElement":[{"@type":"ListItem","@id":"https:\/\/www.rucashk.com\/pt\/#listItem","position":1,"name":"Home","item":"https:\/\/www.rucashk.com\/pt\/","nextItem":"https:\/\/www.rucashk.com\/pt\/produto\/samsung-galaxy-a24-smart-mobile-phone\/#listItem"},{"@type":"ListItem","@id":"https:\/\/www.rucashk.com\/pt\/produto\/samsung-galaxy-a24-smart-mobile-phone\/#listItem","position":2,"name":"Samsung Galaxy A24 Smart Mobile Phone","previousItem":"https:\/\/www.rucashk.com\/pt\/#listItem"}]},{"@type":"Organization","@id":"https:\/\/www.rucashk.com\/pt\/#organization","name":"Rucas","url":"https:\/\/www.rucashk.com\/pt\/","logo":{"@type":"ImageObject","url":"https:\/\/www.rucashk.com\/wp-content\/uploads\/2023\/12\/Rucas_campany_logo.png","@id":"https:\/\/www.rucashk.com\/pt\/produto\/samsung-galaxy-a24-smart-mobile-phone\/#organizationLogo","width":221,"height":65},"image":{"@id":"https:\/\/www.rucashk.com\/pt\/#organizationLogo"}},{"@type":"Person","@id":"https:\/\/www.rucashk.com\/pt\/author\/admin\/#author","url":"https:\/\/www.rucashk.com\/pt\/author\/admin\/","name":"admin","image":{"@type":"ImageObject","@id":"https:\/\/www.rucashk.com\/pt\/produto\/samsung-galaxy-a24-smart-mobile-phone\/#authorImage","url":"https:\/\/secure.gravatar.com\/avatar\/b7c8925b09a27e72b30232f8ecaadbd5af0f70a38c78096863fe51b64f031c24?s=96&d=mm&r=g","width":96,"height":96,"caption":"admin"}},{"@type":"WebPage","@id":"https:\/\/www.rucashk.com\/pt\/produto\/samsung-galaxy-a24-smart-mobile-phone\/#webpage","url":"https:\/\/www.rucashk.com\/pt\/produto\/samsung-galaxy-a24-smart-mobile-phone\/","name":"Samsung Galaxy A24 Smart Mobile Phone - Rucas - Wholesale and Distribution","description":"Witness vibrant colors on the 6.5-inch FHD+ Super AMOLED display. The Super AMOLED tech makes colors and details pop, providing clear visibility with 1,000 nits brightness for shows and broadcasts. Protect your eyes with enhanced blue light protection for comfortable viewing day or night. Boost your tasks with the Octa-Core processor, ensuring smooth scrolling and streaming. Enjoy ample storage with 128 GB, and worry less about space with up to 1TB extra on a microSD card. Keep the fun going with a 5000 mAh (typical) battery, lasting over 2 days on a single charge for streaming, posting, and sharing.","inLanguage":"pt-PT","isPartOf":{"@id":"https:\/\/www.rucashk.com\/pt\/#website"},"breadcrumb":{"@id":"https:\/\/www.rucashk.com\/pt\/produto\/samsung-galaxy-a24-smart-mobile-phone\/#breadcrumblist"},"author":{"@id":"https:\/\/www.rucashk.com\/pt\/author\/admin\/#author"},"creator":{"@id":"https:\/\/www.rucashk.com\/pt\/author\/admin\/#author"},"image":{"@type":"ImageObject","url":"https:\/\/www.rucashk.com\/wp-content\/uploads\/2024\/03\/307fa894-c628-421a-b712-c75be964dcbe.jpg","@id":"https:\/\/www.rucashk.com\/pt\/produto\/samsung-galaxy-a24-smart-mobile-phone\/#mainImage","width":739,"height":739},"primaryImageOfPage":{"@id":"https:\/\/www.rucashk.com\/pt\/produto\/samsung-galaxy-a24-smart-mobile-phone\/#mainImage"},"datePublished":"2024-03-24T10:21:18+00:00","dateModified":"2024-04-16T13:24:07+00:00"},{"@type":"WebSite","@id":"https:\/\/www.rucashk.com\/pt\/#website","url":"https:\/\/www.rucashk.com\/pt\/","name":"Rucas - Wholesale and distribution worldwide","alternateName":"Rucas - One-stop AIoT Distribution Worldwide","description":"One-stop AIoT Distribution Worldwide","inLanguage":"pt-PT","publisher":{"@id":"https:\/\/www.rucashk.com\/pt\/#organization"}}]}},"aioseo_meta_data":{"post_id":"39329","title":null,"description":null,"keywords":null,"keyphrases":null,"primary_term":null,"canonical_url":null,"og_title":null,"og_description":null,"og_object_type":"default","og_image_type":"default","og_image_url":null,"og_image_width":null,"og_image_height":null,"og_image_custom_url":null,"og_image_custom_fields":null,"og_video":null,"og_custom_url":null,"og_article_section":null,"og_article_tags":null,"twitter_use_og":false,"twitter_card":"default","twitter_image_type":"default","twitter_image_url":null,"twitter_image_custom_url":null,"twitter_image_custom_fields":null,"twitter_title":null,"twitter_description":null,"schema":{"blockGraphs":[],"customGraphs":[],"default":{"data":{"Article":[],"Course":[],"Dataset":[],"FAQPage":[],"Movie":[],"Person":[],"Product":[],"Recipe":[],"Service":[],"SoftwareApplication":[],"WebPage":[]},"graphName":"","isEnabled":true},"graphs":[]},"schema_type":"default","schema_type_options":null,"pillar_content":false,"robots_default":true,"robots_noindex":false,"robots_noarchive":false,"robots_nosnippet":false,"robots_nofollow":false,"robots_noimageindex":false,"robots_noodp":false,"robots_notranslate":false,"robots_max_snippet":null,"robots_max_videopreview":null,"robots_max_imagepreview":"large","priority":null,"frequency":null,"local_seo":null,"breadcrumb_settings":null,"limit_modified_date":false,"created":"2024-04-11 01:57:23","updated":"2025-06-22 18:49:54"},"aioseo_breadcrumb":"<div class=\"aioseo-breadcrumbs\"><span class=\"aioseo-breadcrumb\">\n\t<a href=\"https:\/\/www.rucashk.com\/pt\" title=\"Home\">Home<\/a>\n<\/span><span class=\"aioseo-breadcrumb-separator\">&raquo;<\/span><span class=\"aioseo-breadcrumb\">\n\t<a href=\"https:\/\/www.rucashk.com\/pt\/products\/\" title=\"Produtos\">Produtos<\/a>\n<\/span><span class=\"aioseo-breadcrumb-separator\">&raquo;<\/span><span class=\"aioseo-breadcrumb\">\n\t<a href=\"https:\/\/www.rucashk.com\/pt\/marca\/samsung\/\" title=\"Samsung\">Samsung<\/a>\n<\/span><span class=\"aioseo-breadcrumb-separator\">&raquo;<\/span><span class=\"aioseo-breadcrumb\">\n\tSamsung Galaxy A24 Smart Mobile Phone\n<\/span><\/div>","aioseo_breadcrumb_json":[{"label":"Home","link":"https:\/\/www.rucashk.com\/pt"},{"label":"Produtos","link":"https:\/\/www.rucashk.com\/pt\/products\/"},{"label":"Samsung","link":"https:\/\/www.rucashk.com\/pt\/marca\/samsung\/"},{"label":"Samsung Galaxy A24 Smart Mobile Phone","link":"https:\/\/www.rucashk.com\/pt\/produto\/samsung-galaxy-a24-smart-mobile-phone\/"}],"_links":{"self":[{"href":"https:\/\/www.rucashk.com\/pt\/wp-json\/wp\/v2\/product\/39329","targetHints":{"allow":["GET"]}}],"collection":[{"href":"https:\/\/www.rucashk.com\/pt\/wp-json\/wp\/v2\/product"}],"about":[{"href":"https:\/\/www.rucashk.com\/pt\/wp-json\/wp\/v2\/types\/product"}],"wp:featuredmedia":[{"embeddable":true,"href":"https:\/\/www.rucashk.com\/pt\/wp-json\/wp\/v2\/media\/39332"}],"wp:attachment":[{"href":"https:\/\/www.rucashk.com\/pt\/wp-json\/wp\/v2\/media?parent=39329"}],"wp:term":[{"taxonomy":"product_brand","embeddable":true,"href":"https:\/\/www.rucashk.com\/pt\/wp-json\/wp\/v2\/product_brand?post=39329"},{"taxonomy":"product_cat","embeddable":true,"href":"https:\/\/www.rucashk.com\/pt\/wp-json\/wp\/v2\/product_cat?post=39329"},{"taxonomy":"product_tag","embeddable":true,"href":"https:\/\/www.rucashk.com\/pt\/wp-json\/wp\/v2\/product_tag?post=39329"}],"curies":[{"name":"wp","href":"https:\/\/api.w.org\/{rel}","templated":true}]}}