{"id":39323,"date":"2024-03-24T10:17:48","date_gmt":"2024-03-24T10:17:48","guid":{"rendered":"http:\/\/rucashk.com\/?post_type=product&#038;p=39323"},"modified":"2024-04-16T13:24:09","modified_gmt":"2024-04-16T13:24:09","slug":"samsung-galaxy-a05s-smart-mobile-phone","status":"publish","type":"product","link":"https:\/\/www.rucashk.com\/pt\/produto\/samsung-galaxy-a05s-smart-mobile-phone\/","title":{"rendered":"Celular inteligente Samsung Galaxy A05s"},"content":{"rendered":"<p><img decoding=\"async\" alt=\"Samsung Galaxy A05s Smart Mobile Phone\" src=\"\/wp-content\/uploads\/replace\/b9d349413e1e24ef01a3beefa49ef1e9.jpeg\" \/><\/p>\n<p><strong>Gal\u00e1xia A05s<\/strong><br \/>\nO Samsung Galaxy A05s possui um design elegante e ergon\u00f4mico em uma variedade de cores impressionantes. Seu LCD ampliado oferece um deleite visual envolvente. Com uma configura\u00e7\u00e3o de c\u00e2mera vers\u00e1til com m\u00faltiplas op\u00e7\u00f5es, oferece diversas op\u00e7\u00f5es aos entusiastas da fotografia. Alimentado pelo processador Snapdragon 680, garante desempenho de alto n\u00edvel. RAM generosa permite multitarefa perfeita. O One UI da Samsung no sistema Android garante uma interface amig\u00e1vel. O sensor de impress\u00e3o digital montado na lateral aumenta a conveni\u00eancia e a seguran\u00e7a. Al\u00e9m disso, possui um fone de ouvido de 3,5 mm para conectividade constante e uma bateria de 5000mAh de longa dura\u00e7\u00e3o para uso o dia todo.<\/p>\n<table class=\"table-auto w-full text-left\">\n<tbody>\n<tr>\n<td class=\"border border-card-3 p-2 w-28\">Marca<\/td>\n<td class=\"border border-card-3 p-2\">Samsung<\/td>\n<\/tr>\n<tr>\n<td class=\"border border-card-3 p-2 w-28\">Rede<\/td>\n<td class=\"border border-card-3 p-2\">GSM | HSPA | LTE<\/td>\n<\/tr>\n<tr>\n<td class=\"border border-card-3 p-2 w-28\">SIM<\/td>\n<td class=\"border border-card-3 p-2\">SIM \u00fanico | SIM duplo<\/td>\n<\/tr>\n<tr>\n<td class=\"border border-card-3 p-2 w-28\">Sensores<\/td>\n<td class=\"border border-card-3 p-2\">Impress\u00e3o digital | aceler\u00f4metro | proximidade<\/td>\n<\/tr>\n<tr>\n<td class=\"border border-card-3 p-2 w-28\">Peso<\/td>\n<td class=\"border border-card-3 p-2\">194g<\/td>\n<\/tr>\n<tr>\n<td class=\"border border-card-3 p-2 w-28\">Som<\/td>\n<td class=\"border border-card-3 p-2\">Alto-falante | 3.5 Entrada para fone de ouvido<\/td>\n<\/tr>\n<tr>\n<td class=\"border border-card-3 p-2 w-28\">Modelo<\/td>\n<td class=\"border border-card-3 p-2\">Gal\u00e1xia A05s<\/td>\n<\/tr>\n<tr>\n<td class=\"border border-card-3 p-2 w-28\">Tamanho de exibi\u00e7\u00e3o<\/td>\n<td class=\"border border-card-3 p-2\">6,7 polegadas<\/td>\n<\/tr>\n<tr>\n<td class=\"border border-card-3 p-2 w-28\">CPU<\/td>\n<td class=\"border border-card-3 p-2\">Octa-core<\/td>\n<\/tr>\n<tr>\n<td class=\"border border-card-3 p-2 w-28\">Tipo de exibi\u00e7\u00e3o<\/td>\n<td class=\"border border-card-3 p-2\">POR FAVOR LCD<\/td>\n<\/tr>\n<tr>\n<td class=\"border border-card-3 p-2 w-28\">Resolu\u00e7\u00e3o de v\u00eddeo<\/td>\n<td class=\"border border-card-3 p-2\">1080 x 2400 pixels<\/td>\n<\/tr>\n<tr>\n<td class=\"border border-card-3 p-2 w-28\">Chipset<\/td>\n<td class=\"border border-card-3 p-2\">Qualcomm SM6225 Snapdragon 680 4G<\/td>\n<\/tr>\n<tr>\n<td class=\"border border-card-3 p-2 w-28\">Mem\u00f3ria<\/td>\n<td class=\"border border-card-3 p-2\">64 GB 4 GB de RAM | 128 GB 4 GB de RAM | 128 GB 6 GB de RAM<\/td>\n<\/tr>\n<tr>\n<td class=\"border border-card-3 p-2 w-28\">C\u00e2mera principal<\/td>\n<td class=\"border border-card-3 p-2\">50 MP (amplo) | 2MP(macro) | 2 MP(profundidade) | Flash LED | 1080p@30\/60fps<\/td>\n<\/tr>\n<tr>\n<td class=\"border border-card-3 p-2 w-28\">Dimens\u00f5es<\/td>\n<td class=\"border border-card-3 p-2\">168x77,8x8,8mm<\/td>\n<\/tr>\n<tr>\n<td class=\"border border-card-3 p-2 w-28\">C\u00e2mera selfie<\/td>\n<td class=\"border border-card-3 p-2\">13 deputados | 1080p@30fps<\/td>\n<\/tr>\n<tr>\n<td class=\"border border-card-3 p-2 w-28\">Informa\u00e7\u00f5es da bateria<\/td>\n<td class=\"border border-card-3 p-2\">Li-Po 5000 mAh | N\u00e3o remov\u00edvel | Carregamento com fio de 25 W<\/td>\n<\/tr>\n<tr>\n<td class=\"border border-card-3 p-2 w-28\">SO<\/td>\n<td class=\"border border-card-3 p-2\">Andr\u00f3ide 13<\/td>\n<\/tr>\n<\/tbody>\n<\/table>","protected":false},"excerpt":{"rendered":"<ul>\n<li dir=\"ltr\" role=\"presentation\">Apresenta um design elegante e ergon\u00f4mico com diversas cores que elevam a eleg\u00e2ncia<\/li>\n<li dir=\"ltr\" role=\"presentation\">Equipado com um grande display LCD para uma experi\u00eancia de visualiza\u00e7\u00e3o envolvente<\/li>\n<li dir=\"ltr\" role=\"presentation\">Possui uma configura\u00e7\u00e3o de c\u00e2mera vers\u00e1til com \u00f3timos sensores para v\u00e1rias op\u00e7\u00f5es de fotografia<\/li>\n<li dir=\"ltr\" role=\"presentation\">Processador Snapdragon\u00ae 680 equipado com pot\u00eancia para oferecer desempenho superior<\/li>\n<li dir=\"ltr\" role=\"presentation\">RAM suficiente est\u00e1 aqui para multitarefa sem qualquer atraso ou lat\u00eancia<\/li>\n<li dir=\"ltr\" role=\"presentation\">O sistema One UI da Samsung com Android cria uma interface amig\u00e1vel para maior conveni\u00eancia<\/li>\n<li dir=\"ltr\" role=\"presentation\">O sensor de impress\u00e3o digital montado na lateral torna-o f\u00e1cil e seguro ao mesmo tempo<\/li>\n<li dir=\"ltr\" role=\"presentation\">O conector de fone de ouvido de 3,5 mm est\u00e1 dispon\u00edvel para conex\u00e3o sempre atrav\u00e9s do fone de ouvido com fio<\/li>\n<li dir=\"ltr\" role=\"presentation\">A bateria longa de 5000mAh permite que ele funcione por muito tempo com apenas uma carga por dia<\/li>\n<\/ul>","protected":false},"featured_media":39325,"template":"","meta":[],"product_brand":[195],"product_cat":[1295,1299],"product_tag":[477],"class_list":{"0":"post-39323","1":"product","2":"type-product","3":"status-publish","4":"has-post-thumbnail","6":"product_brand-samsung","7":"product_cat-mobile-phone","8":"product_cat-samsung-mobile-phone","9":"product_tag-phone","11":"first","12":"instock","13":"shipping-taxable","14":"product-type-simple"},"aioseo_notices":[],"aioseo_head":"\n\t\t<!-- All in One SEO Pro 4.5.9.2 - aioseo.com -->\n\t\t<meta name=\"description\" content=\"Presents a sleek and ergonomic design with various colors that raise elegance Equipped with a large LCD display for an immersive viewing experience Has a versatile camera setup with great sensors for various photography options Snapdragon\u00ae 680 processor equipped with power to deliver superior performance Sufficient RAM is here for multitasking without any lag or latency Samsung&#039;s One UI with Android system creates a user-friendly interface for convenience Side mounted Fingerprint Sensor makes it easygoing and secure at the same time 3.5mm earphone jack is available for always connecting through the wired headphone 5000mAh long battery makes it run for a long time with just one charge a day\" \/>\n\t\t<meta name=\"robots\" content=\"max-image-preview:large\" \/>\n\t\t<link rel=\"canonical\" href=\"https:\/\/www.rucashk.com\/pt\/produto\/samsung-galaxy-a05s-smart-mobile-phone\/\" \/>\n\t\t<meta name=\"generator\" content=\"All in One SEO Pro (AIOSEO) 4.5.9.2\" \/>\n\t\t<meta property=\"og:locale\" content=\"pt_PT\" \/>\n\t\t<meta property=\"og:site_name\" content=\"Rucas - One-stop AIoT Distribution Worldwide\" \/>\n\t\t<meta property=\"og:type\" content=\"article\" \/>\n\t\t<meta property=\"og:title\" content=\"Samsung Galaxy A05s Smart Mobile Phone - Rucas - Wholesale and Distribution\" \/>\n\t\t<meta property=\"og:description\" content=\"Presents a sleek and ergonomic design with various colors that raise elegance Equipped with a large LCD display for an immersive viewing experience Has a versatile camera setup with great sensors for various photography options Snapdragon\u00ae 680 processor equipped with power to deliver superior performance Sufficient RAM is here for multitasking without any lag or latency Samsung&#039;s One UI with Android system creates a user-friendly interface for convenience Side mounted Fingerprint Sensor makes it easygoing and secure at the same time 3.5mm earphone jack is available for always connecting through the wired headphone 5000mAh long battery makes it run for a long time with just one charge a day\" \/>\n\t\t<meta property=\"og:url\" content=\"https:\/\/www.rucashk.com\/pt\/produto\/samsung-galaxy-a05s-smart-mobile-phone\/\" \/>\n\t\t<meta property=\"og:image\" content=\"https:\/\/www.rucashk.com\/wp-content\/uploads\/replace\/503b8e645f128a97ccde2b6290747646.jpeg\" \/>\n\t\t<meta property=\"og:image:secure_url\" content=\"https:\/\/www.rucashk.com\/wp-content\/uploads\/replace\/503b8e645f128a97ccde2b6290747646.jpeg\" \/>\n\t\t<meta property=\"og:image:width\" content=\"1456\" \/>\n\t\t<meta property=\"og:image:height\" content=\"816\" \/>\n\t\t<meta property=\"article:published_time\" content=\"2024-03-24T10:17:48+00:00\" \/>\n\t\t<meta property=\"article:modified_time\" content=\"2024-04-16T13:24:09+00:00\" \/>\n\t\t<meta name=\"twitter:card\" content=\"summary_large_image\" \/>\n\t\t<meta name=\"twitter:title\" content=\"Samsung Galaxy A05s Smart Mobile Phone - Rucas - Wholesale and Distribution\" \/>\n\t\t<meta name=\"twitter:description\" content=\"Presents a sleek and ergonomic design with various colors that raise elegance Equipped with a large LCD display for an immersive viewing experience Has a versatile camera setup with great sensors for various photography options Snapdragon\u00ae 680 processor equipped with power to deliver superior performance Sufficient RAM is here for multitasking without any lag or latency Samsung&#039;s One UI with Android system creates a user-friendly interface for convenience Side mounted Fingerprint Sensor makes it easygoing and secure at the same time 3.5mm earphone jack is available for always connecting through the wired headphone 5000mAh long battery makes it run for a long time with just one charge a day\" \/>\n\t\t<meta name=\"twitter:image\" content=\"https:\/\/www.rucashk.com\/wp-content\/uploads\/replace\/503b8e645f128a97ccde2b6290747646.jpeg\" \/>\n\t\t<script type=\"application\/ld+json\" class=\"aioseo-schema\">\n\t\t\t{\"@context\":\"https:\\\/\\\/schema.org\",\"@graph\":[{\"@type\":\"BreadcrumbList\",\"@id\":\"https:\\\/\\\/www.rucashk.com\\\/pt\\\/produto\\\/samsung-galaxy-a05s-smart-mobile-phone\\\/#breadcrumblist\",\"itemListElement\":[{\"@type\":\"ListItem\",\"@id\":\"https:\\\/\\\/www.rucashk.com\\\/pt\\\/#listItem\",\"position\":1,\"name\":\"Home\",\"item\":\"https:\\\/\\\/www.rucashk.com\\\/pt\\\/\",\"nextItem\":\"https:\\\/\\\/www.rucashk.com\\\/pt\\\/produto\\\/samsung-galaxy-a05s-smart-mobile-phone\\\/#listItem\"},{\"@type\":\"ListItem\",\"@id\":\"https:\\\/\\\/www.rucashk.com\\\/pt\\\/produto\\\/samsung-galaxy-a05s-smart-mobile-phone\\\/#listItem\",\"position\":2,\"name\":\"Samsung Galaxy A05s Smart Mobile Phone\",\"previousItem\":\"https:\\\/\\\/www.rucashk.com\\\/pt\\\/#listItem\"}]},{\"@type\":\"Organization\",\"@id\":\"https:\\\/\\\/www.rucashk.com\\\/pt\\\/#organization\",\"name\":\"Rucas\",\"url\":\"https:\\\/\\\/www.rucashk.com\\\/pt\\\/\",\"logo\":{\"@type\":\"ImageObject\",\"url\":\"https:\\\/\\\/www.rucashk.com\\\/wp-content\\\/uploads\\\/2023\\\/12\\\/Rucas_campany_logo.png\",\"@id\":\"https:\\\/\\\/www.rucashk.com\\\/pt\\\/produto\\\/samsung-galaxy-a05s-smart-mobile-phone\\\/#organizationLogo\",\"width\":221,\"height\":65},\"image\":{\"@id\":\"https:\\\/\\\/www.rucashk.com\\\/pt\\\/#organizationLogo\"}},{\"@type\":\"Person\",\"@id\":\"https:\\\/\\\/www.rucashk.com\\\/pt\\\/author\\\/admin\\\/#author\",\"url\":\"https:\\\/\\\/www.rucashk.com\\\/pt\\\/author\\\/admin\\\/\",\"name\":\"admin\",\"image\":{\"@type\":\"ImageObject\",\"@id\":\"https:\\\/\\\/www.rucashk.com\\\/pt\\\/produto\\\/samsung-galaxy-a05s-smart-mobile-phone\\\/#authorImage\",\"url\":\"https:\\\/\\\/secure.gravatar.com\\\/avatar\\\/b7c8925b09a27e72b30232f8ecaadbd5af0f70a38c78096863fe51b64f031c24?s=96&d=mm&r=g\",\"width\":96,\"height\":96,\"caption\":\"admin\"}},{\"@type\":\"WebPage\",\"@id\":\"https:\\\/\\\/www.rucashk.com\\\/pt\\\/produto\\\/samsung-galaxy-a05s-smart-mobile-phone\\\/#webpage\",\"url\":\"https:\\\/\\\/www.rucashk.com\\\/pt\\\/produto\\\/samsung-galaxy-a05s-smart-mobile-phone\\\/\",\"name\":\"Samsung Galaxy A05s Smart Mobile Phone - Rucas - Wholesale and Distribution\",\"description\":\"Presents a sleek and ergonomic design with various colors that raise elegance Equipped with a large LCD display for an immersive viewing experience Has a versatile camera setup with great sensors for various photography options Snapdragon\\u00ae 680 processor equipped with power to deliver superior performance Sufficient RAM is here for multitasking without any lag or latency Samsung's One UI with Android system creates a user-friendly interface for convenience Side mounted Fingerprint Sensor makes it easygoing and secure at the same time 3.5mm earphone jack is available for always connecting through the wired headphone 5000mAh long battery makes it run for a long time with just one charge a day\",\"inLanguage\":\"pt-PT\",\"isPartOf\":{\"@id\":\"https:\\\/\\\/www.rucashk.com\\\/pt\\\/#website\"},\"breadcrumb\":{\"@id\":\"https:\\\/\\\/www.rucashk.com\\\/pt\\\/produto\\\/samsung-galaxy-a05s-smart-mobile-phone\\\/#breadcrumblist\"},\"author\":{\"@id\":\"https:\\\/\\\/www.rucashk.com\\\/pt\\\/author\\\/admin\\\/#author\"},\"creator\":{\"@id\":\"https:\\\/\\\/www.rucashk.com\\\/pt\\\/author\\\/admin\\\/#author\"},\"image\":{\"@type\":\"ImageObject\",\"url\":\"https:\\\/\\\/www.rucashk.com\\\/wp-content\\\/uploads\\\/2024\\\/03\\\/4d6643eb-43c4-456d-9517-e0f476202e8d.jpg\",\"@id\":\"https:\\\/\\\/www.rucashk.com\\\/pt\\\/produto\\\/samsung-galaxy-a05s-smart-mobile-phone\\\/#mainImage\",\"width\":800,\"height\":800},\"primaryImageOfPage\":{\"@id\":\"https:\\\/\\\/www.rucashk.com\\\/pt\\\/produto\\\/samsung-galaxy-a05s-smart-mobile-phone\\\/#mainImage\"},\"datePublished\":\"2024-03-24T10:17:48+00:00\",\"dateModified\":\"2024-04-16T13:24:09+00:00\"},{\"@type\":\"WebSite\",\"@id\":\"https:\\\/\\\/www.rucashk.com\\\/pt\\\/#website\",\"url\":\"https:\\\/\\\/www.rucashk.com\\\/pt\\\/\",\"name\":\"Rucas - Wholesale and distribution worldwide\",\"alternateName\":\"Rucas - One-stop AIoT Distribution Worldwide\",\"description\":\"One-stop AIoT Distribution Worldwide\",\"inLanguage\":\"pt-PT\",\"publisher\":{\"@id\":\"https:\\\/\\\/www.rucashk.com\\\/pt\\\/#organization\"}}]}\n\t\t<\/script>\n\t\t<!-- All in One SEO Pro -->\r\n\t\t<title>Samsung Galaxy A05s Smart Mobile Phone - Rucas - Wholesale and Distribution<\/title>\n\n","aioseo_head_json":{"title":"Samsung Galaxy A05s Smart Mobile Phone - Rucas - Wholesale and Distribution","description":"Presents a sleek and ergonomic design with various colors that raise elegance Equipped with a large LCD display for an immersive viewing experience Has a versatile camera setup with great sensors for various photography options Snapdragon\u00ae 680 processor equipped with power to deliver superior performance Sufficient RAM is here for multitasking without any lag or latency Samsung's One UI with Android system creates a user-friendly interface for convenience Side mounted Fingerprint Sensor makes it easygoing and secure at the same time 3.5mm earphone jack is available for always connecting through the wired headphone 5000mAh long battery makes it run for a long time with just one charge a day","canonical_url":"https:\/\/www.rucashk.com\/pt\/produto\/samsung-galaxy-a05s-smart-mobile-phone\/","robots":"max-image-preview:large","keywords":"","webmasterTools":{"miscellaneous":""},"og:locale":"pt_PT","og:site_name":"Rucas - One-stop AIoT Distribution Worldwide","og:type":"article","og:title":"Samsung Galaxy A05s Smart Mobile Phone - Rucas - Wholesale and Distribution","og:description":"Presents a sleek and ergonomic design with various colors that raise elegance Equipped with a large LCD display for an immersive viewing experience Has a versatile camera setup with great sensors for various photography options Snapdragon\u00ae 680 processor equipped with power to deliver superior performance Sufficient RAM is here for multitasking without any lag or latency Samsung's One UI with Android system creates a user-friendly interface for convenience Side mounted Fingerprint Sensor makes it easygoing and secure at the same time 3.5mm earphone jack is available for always connecting through the wired headphone 5000mAh long battery makes it run for a long time with just one charge a day","og:url":"https:\/\/www.rucashk.com\/pt\/produto\/samsung-galaxy-a05s-smart-mobile-phone\/","og:image":"https:\/\/www.rucashk.com\/wp-content\/uploads\/replace\/503b8e645f128a97ccde2b6290747646.jpeg","og:image:secure_url":"https:\/\/www.rucashk.com\/wp-content\/uploads\/replace\/503b8e645f128a97ccde2b6290747646.jpeg","og:image:width":1456,"og:image:height":816,"article:published_time":"2024-03-24T10:17:48+00:00","article:modified_time":"2024-04-16T13:24:09+00:00","twitter:card":"summary_large_image","twitter:title":"Samsung Galaxy A05s Smart Mobile Phone - Rucas - Wholesale and Distribution","twitter:description":"Presents a sleek and ergonomic design with various colors that raise elegance Equipped with a large LCD display for an immersive viewing experience Has a versatile camera setup with great sensors for various photography options Snapdragon\u00ae 680 processor equipped with power to deliver superior performance Sufficient RAM is here for multitasking without any lag or latency Samsung's One UI with Android system creates a user-friendly interface for convenience Side mounted Fingerprint Sensor makes it easygoing and secure at the same time 3.5mm earphone jack is available for always connecting through the wired headphone 5000mAh long battery makes it run for a long time with just one charge a day","twitter:image":"https:\/\/www.rucashk.com\/wp-content\/uploads\/replace\/503b8e645f128a97ccde2b6290747646.jpeg","schema":{"@context":"https:\/\/schema.org","@graph":[{"@type":"BreadcrumbList","@id":"https:\/\/www.rucashk.com\/pt\/produto\/samsung-galaxy-a05s-smart-mobile-phone\/#breadcrumblist","itemListElement":[{"@type":"ListItem","@id":"https:\/\/www.rucashk.com\/pt\/#listItem","position":1,"name":"Home","item":"https:\/\/www.rucashk.com\/pt\/","nextItem":"https:\/\/www.rucashk.com\/pt\/produto\/samsung-galaxy-a05s-smart-mobile-phone\/#listItem"},{"@type":"ListItem","@id":"https:\/\/www.rucashk.com\/pt\/produto\/samsung-galaxy-a05s-smart-mobile-phone\/#listItem","position":2,"name":"Samsung Galaxy A05s Smart Mobile Phone","previousItem":"https:\/\/www.rucashk.com\/pt\/#listItem"}]},{"@type":"Organization","@id":"https:\/\/www.rucashk.com\/pt\/#organization","name":"Rucas","url":"https:\/\/www.rucashk.com\/pt\/","logo":{"@type":"ImageObject","url":"https:\/\/www.rucashk.com\/wp-content\/uploads\/2023\/12\/Rucas_campany_logo.png","@id":"https:\/\/www.rucashk.com\/pt\/produto\/samsung-galaxy-a05s-smart-mobile-phone\/#organizationLogo","width":221,"height":65},"image":{"@id":"https:\/\/www.rucashk.com\/pt\/#organizationLogo"}},{"@type":"Person","@id":"https:\/\/www.rucashk.com\/pt\/author\/admin\/#author","url":"https:\/\/www.rucashk.com\/pt\/author\/admin\/","name":"admin","image":{"@type":"ImageObject","@id":"https:\/\/www.rucashk.com\/pt\/produto\/samsung-galaxy-a05s-smart-mobile-phone\/#authorImage","url":"https:\/\/secure.gravatar.com\/avatar\/b7c8925b09a27e72b30232f8ecaadbd5af0f70a38c78096863fe51b64f031c24?s=96&d=mm&r=g","width":96,"height":96,"caption":"admin"}},{"@type":"WebPage","@id":"https:\/\/www.rucashk.com\/pt\/produto\/samsung-galaxy-a05s-smart-mobile-phone\/#webpage","url":"https:\/\/www.rucashk.com\/pt\/produto\/samsung-galaxy-a05s-smart-mobile-phone\/","name":"Samsung Galaxy A05s Smart Mobile Phone - Rucas - Wholesale and Distribution","description":"Presents a sleek and ergonomic design with various colors that raise elegance Equipped with a large LCD display for an immersive viewing experience Has a versatile camera setup with great sensors for various photography options Snapdragon\u00ae 680 processor equipped with power to deliver superior performance Sufficient RAM is here for multitasking without any lag or latency Samsung's One UI with Android system creates a user-friendly interface for convenience Side mounted Fingerprint Sensor makes it easygoing and secure at the same time 3.5mm earphone jack is available for always connecting through the wired headphone 5000mAh long battery makes it run for a long time with just one charge a day","inLanguage":"pt-PT","isPartOf":{"@id":"https:\/\/www.rucashk.com\/pt\/#website"},"breadcrumb":{"@id":"https:\/\/www.rucashk.com\/pt\/produto\/samsung-galaxy-a05s-smart-mobile-phone\/#breadcrumblist"},"author":{"@id":"https:\/\/www.rucashk.com\/pt\/author\/admin\/#author"},"creator":{"@id":"https:\/\/www.rucashk.com\/pt\/author\/admin\/#author"},"image":{"@type":"ImageObject","url":"https:\/\/www.rucashk.com\/wp-content\/uploads\/2024\/03\/4d6643eb-43c4-456d-9517-e0f476202e8d.jpg","@id":"https:\/\/www.rucashk.com\/pt\/produto\/samsung-galaxy-a05s-smart-mobile-phone\/#mainImage","width":800,"height":800},"primaryImageOfPage":{"@id":"https:\/\/www.rucashk.com\/pt\/produto\/samsung-galaxy-a05s-smart-mobile-phone\/#mainImage"},"datePublished":"2024-03-24T10:17:48+00:00","dateModified":"2024-04-16T13:24:09+00:00"},{"@type":"WebSite","@id":"https:\/\/www.rucashk.com\/pt\/#website","url":"https:\/\/www.rucashk.com\/pt\/","name":"Rucas - Wholesale and distribution worldwide","alternateName":"Rucas - One-stop AIoT Distribution Worldwide","description":"One-stop AIoT Distribution Worldwide","inLanguage":"pt-PT","publisher":{"@id":"https:\/\/www.rucashk.com\/pt\/#organization"}}]}},"aioseo_meta_data":{"post_id":"39323","title":null,"description":null,"keywords":null,"keyphrases":null,"primary_term":null,"canonical_url":null,"og_title":null,"og_description":null,"og_object_type":"default","og_image_type":"default","og_image_url":null,"og_image_width":null,"og_image_height":null,"og_image_custom_url":null,"og_image_custom_fields":null,"og_video":null,"og_custom_url":null,"og_article_section":null,"og_article_tags":null,"twitter_use_og":false,"twitter_card":"default","twitter_image_type":"default","twitter_image_url":null,"twitter_image_custom_url":null,"twitter_image_custom_fields":null,"twitter_title":null,"twitter_description":null,"schema":{"blockGraphs":[],"customGraphs":[],"default":{"data":{"Article":[],"Course":[],"Dataset":[],"FAQPage":[],"Movie":[],"Person":[],"Product":[],"Recipe":[],"Service":[],"SoftwareApplication":[],"WebPage":[]},"graphName":"","isEnabled":true},"graphs":[]},"schema_type":"default","schema_type_options":null,"pillar_content":false,"robots_default":true,"robots_noindex":false,"robots_noarchive":false,"robots_nosnippet":false,"robots_nofollow":false,"robots_noimageindex":false,"robots_noodp":false,"robots_notranslate":false,"robots_max_snippet":null,"robots_max_videopreview":null,"robots_max_imagepreview":"large","priority":null,"frequency":null,"local_seo":null,"breadcrumb_settings":null,"limit_modified_date":false,"created":"2024-04-11 01:57:23","updated":"2025-06-22 18:49:54"},"aioseo_breadcrumb":"<div class=\"aioseo-breadcrumbs\"><span class=\"aioseo-breadcrumb\">\n\t<a href=\"https:\/\/www.rucashk.com\/pt\" title=\"Home\">Home<\/a>\n<\/span><span class=\"aioseo-breadcrumb-separator\">&raquo;<\/span><span class=\"aioseo-breadcrumb\">\n\t<a href=\"https:\/\/www.rucashk.com\/pt\/products\/\" title=\"Produtos\">Produtos<\/a>\n<\/span><span class=\"aioseo-breadcrumb-separator\">&raquo;<\/span><span class=\"aioseo-breadcrumb\">\n\t<a href=\"https:\/\/www.rucashk.com\/pt\/marca\/samsung\/\" title=\"Samsung\">Samsung<\/a>\n<\/span><span class=\"aioseo-breadcrumb-separator\">&raquo;<\/span><span class=\"aioseo-breadcrumb\">\n\tSamsung Galaxy A05s Smart Mobile Phone\n<\/span><\/div>","aioseo_breadcrumb_json":[{"label":"Home","link":"https:\/\/www.rucashk.com\/pt"},{"label":"Produtos","link":"https:\/\/www.rucashk.com\/pt\/products\/"},{"label":"Samsung","link":"https:\/\/www.rucashk.com\/pt\/marca\/samsung\/"},{"label":"Samsung Galaxy A05s Smart Mobile Phone","link":"https:\/\/www.rucashk.com\/pt\/produto\/samsung-galaxy-a05s-smart-mobile-phone\/"}],"_links":{"self":[{"href":"https:\/\/www.rucashk.com\/pt\/wp-json\/wp\/v2\/product\/39323","targetHints":{"allow":["GET"]}}],"collection":[{"href":"https:\/\/www.rucashk.com\/pt\/wp-json\/wp\/v2\/product"}],"about":[{"href":"https:\/\/www.rucashk.com\/pt\/wp-json\/wp\/v2\/types\/product"}],"wp:featuredmedia":[{"embeddable":true,"href":"https:\/\/www.rucashk.com\/pt\/wp-json\/wp\/v2\/media\/39325"}],"wp:attachment":[{"href":"https:\/\/www.rucashk.com\/pt\/wp-json\/wp\/v2\/media?parent=39323"}],"wp:term":[{"taxonomy":"product_brand","embeddable":true,"href":"https:\/\/www.rucashk.com\/pt\/wp-json\/wp\/v2\/product_brand?post=39323"},{"taxonomy":"product_cat","embeddable":true,"href":"https:\/\/www.rucashk.com\/pt\/wp-json\/wp\/v2\/product_cat?post=39323"},{"taxonomy":"product_tag","embeddable":true,"href":"https:\/\/www.rucashk.com\/pt\/wp-json\/wp\/v2\/product_tag?post=39323"}],"curies":[{"name":"wp","href":"https:\/\/api.w.org\/{rel}","templated":true}]}}