{"id":39305,"date":"2024-03-24T10:08:19","date_gmt":"2024-03-24T10:08:19","guid":{"rendered":"http:\/\/rucashk.com\/?post_type=product&#038;p=39305"},"modified":"2024-03-24T10:08:22","modified_gmt":"2024-03-24T10:08:22","slug":"realme-gt3-smart-mobile-phone","status":"publish","type":"product","link":"https:\/\/www.rucashk.com\/pt\/produto\/realme-gt3-smart-mobile-phone\/","title":{"rendered":"Celular inteligente Realme GT3"},"content":{"rendered":"<p><img decoding=\"async\" alt=\"Realme GT3 Smart Mobile Phone\" class=\"aligncenter\" src=\"\/wp-content\/uploads\/replace\/4bffb7b724919bbf2a056e0c66d9be3d.png\" \/><img decoding=\"async\" alt=\"Realme GT3 Smart Mobile Phone\" class=\"aligncenter\" src=\"\/wp-content\/uploads\/replace\/f5fa19a937f39307ba54d785ae9982d1.png\" \/><img decoding=\"async\" alt=\"Realme GT3 Smart Mobile Phone\" class=\"aligncenter\" src=\"\/wp-content\/uploads\/replace\/b4abc494b859e904051e4af09ddd3c26.png\" \/><img decoding=\"async\" alt=\"Realme GT3 Smart Mobile Phone\" class=\"aligncenter\" src=\"\/wp-content\/uploads\/replace\/876e3866085a0711d465dc774d6ed6db.png\" \/><img decoding=\"async\" alt=\"Realme GT3 Smart Mobile Phone\" class=\"aligncenter\" src=\"\/wp-content\/uploads\/replace\/7e5e2972468bf7ed558a13d51c2b5063.png\" \/><img decoding=\"async\" alt=\"Realme GT3 Smart Mobile Phone\" class=\"aligncenter\" src=\"\/wp-content\/uploads\/replace\/28c78f8082c2243814baba9b4ba80181.png\" \/><img decoding=\"async\" alt=\"Realme GT3 Smart Mobile Phone\" class=\"aligncenter\" src=\"\/wp-content\/uploads\/replace\/a96feacc11da50f85f0cf16ecde1cc33.png\" \/><img decoding=\"async\" alt=\"Realme GT3 Smart Mobile Phone\" class=\"aligncenter\" src=\"\/wp-content\/uploads\/replace\/0c68f93fd876e25fa1a0c732b5e90c7f.png\" \/><\/p>\n<p>O realme GT3 \u00e9 o novo smartphone topo de linha produzido pela realme, com lan\u00e7amento previsto para fevereiro de 2023. Ele foi projetado para oferecer uma experi\u00eancia excepcional com seus recursos e componentes poderosos. O dispositivo \u00e9 feito de uma combina\u00e7\u00e3o de vidro, metal e pl\u00e1stico que juntos formam uma \u00e1rea de superf\u00edcie \u00fatil de 87,6%.<\/p>\n<p>O realme GT3 \u00e9 equipado com processador Snapdragon 8+ Gen1 3,0 GHz (4 nm) da Qualcomm, bem como 16 GB de RAM de LPDDR5X. Para armazenamento, s\u00e3o 1 TB de armazenamento UFS 3.1. De acordo com o AnTuTu (v9), o telefone tem pontua\u00e7\u00e3o de 987.000. Para maior seguran\u00e7a, o realme GT3 possui display de impress\u00e3o digital e c\u00e2mara de vapor 3D de 4.500 mm\u00b2 para sua \u00e1rea de grafeno de 6.580 mm\u00b2.<\/p>\n<p>A configura\u00e7\u00e3o da c\u00e2mera do realme GT3 consiste em um sistema de c\u00e2mera triplo que inclui uma c\u00e2mera prim\u00e1ria Sony IMX890 50.0Mpx com abertura f\/1.88, uma lente grande angular Sony IMX355 8.0Mpx com abertura f\/2.2 e uma Omnivision OV02B10 2.0Mpx. lente macro com abertura f\/3.3. A c\u00e2mera traseira tamb\u00e9m possui outros recursos avan\u00e7ados, como estabiliza\u00e7\u00e3o \u00f3ptica (OIS), grava\u00e7\u00e3o de v\u00eddeo 4K, lente 6P e campo de vis\u00e3o ultra grande angular de 112\u00ba. A c\u00e2mera frontal tem resolu\u00e7\u00e3o de 16,0Mpx com abertura f\/2,45.<\/p>\n<p>O realme GT3 possui uma tela OLED de 6,74 polegadas com resolu\u00e7\u00e3o 1240\u00d72772 FHD+ com taxa de atualiza\u00e7\u00e3o de 144 Hz com brilho m\u00e1ximo de 1400 cd\/m\u00b2 e taxa de contraste de 5000000:1. O dispositivo possui alto-falantes est\u00e9reo duplos que produzem som Dolby Atmos. Tamb\u00e9m inclui Bluetooth 5.3, dual SIM, NFC, WiFi 6 (802.11ax), GPS (L1 + L5) e infravermelho. A capacidade da bateria do telefone \u00e9 de 4600mAh com carga r\u00e1pida de 240,0W.<\/p>\n<p>O realme GT3 \u00e9 um \u00f3timo telefone que vem com um design excepcional, especifica\u00e7\u00f5es poderosas e recursos de c\u00e2mera de alto n\u00edvel. Ele oferece uma bateria de longa dura\u00e7\u00e3o e um SOC poderoso. Por outro lado, \u00e9 bastante pesado e volumoso. Considerando tudo isso, o aparelho \u00e9 uma excelente op\u00e7\u00e3o para quem busca um celular topo de linha.<\/p>\n<p>&nbsp;<\/p>","protected":false},"excerpt":{"rendered":"<p>The realme GT3 is powered by a Qualcomm SM8475 Snapdragon 8+ Gen 1 (4 nm) CPU processor with 1TB, 16GB RAM. The device also has a 6.74-inch AMOLED (1240 x 2772 pixels, 451 ppi) display. It has a Triple: 50 MP, f\/1.9, 24mm (wide), 1\/1.56&#8243;, 1.0\u00b5m, PDAF, OIS + 8 MP, f\/2.2, 16mm, 112\u02da (ultrawide), 1\/4.0&#8243;, 1.12\u00b5m + 2MP rear camera and supports Wifi, Bluetooth, NFC, GPS, 4G LTE and 5G. It packs in a 4600 mAh, non-removable battery at 8.9mm device thickness and weight 199g, running on Android 13, Realme UI 4.0.<\/p>","protected":false},"featured_media":39315,"template":"","meta":[],"product_brand":[1366],"product_cat":[1295,1301],"product_tag":[477],"class_list":{"0":"post-39305","1":"product","2":"type-product","3":"status-publish","4":"has-post-thumbnail","6":"product_brand-realme","7":"product_cat-mobile-phone","8":"product_cat-realme-mobile-phone","9":"product_tag-phone","11":"first","12":"instock","13":"shipping-taxable","14":"product-type-simple"},"aioseo_notices":[],"aioseo_head":"\n\t\t<!-- All in One SEO Pro 4.5.9.2 - aioseo.com -->\n\t\t<meta name=\"description\" content=\"The realme GT3 is powered by a Qualcomm SM8475 Snapdragon 8+ Gen 1 (4 nm) CPU processor with 1TB, 16GB RAM. The device also has a 6.74-inch AMOLED (1240 x 2772 pixels, 451 ppi) display. It has a Triple: 50 MP, f\/1.9, 24mm (wide), 1\/1.56&quot;, 1.0\u00b5m, PDAF, OIS + 8 MP, f\/2.2, 16mm, 112\u02da (ultrawide), 1\/4.0&quot;, 1.12\u00b5m + 2MP rear camera and supports Wifi, Bluetooth, NFC, GPS, 4G LTE and 5G. It packs in a 4600 mAh, non-removable battery at 8.9mm device thickness and weight 199g, running on Android 13, Realme UI 4.0.\" \/>\n\t\t<meta name=\"robots\" content=\"max-image-preview:large\" \/>\n\t\t<link rel=\"canonical\" href=\"https:\/\/www.rucashk.com\/pt\/produto\/realme-gt3-smart-mobile-phone\/\" \/>\n\t\t<meta name=\"generator\" content=\"All in One SEO Pro (AIOSEO) 4.5.9.2\" \/>\n\t\t<meta property=\"og:locale\" content=\"pt_PT\" \/>\n\t\t<meta property=\"og:site_name\" content=\"Rucas - One-stop AIoT Distribution Worldwide\" \/>\n\t\t<meta property=\"og:type\" content=\"article\" \/>\n\t\t<meta property=\"og:title\" content=\"Realme GT3 Smart Mobile Phone - Rucas - Wholesale and Distribution\" \/>\n\t\t<meta property=\"og:description\" content=\"The realme GT3 is powered by a Qualcomm SM8475 Snapdragon 8+ Gen 1 (4 nm) CPU processor with 1TB, 16GB RAM. The device also has a 6.74-inch AMOLED (1240 x 2772 pixels, 451 ppi) display. It has a Triple: 50 MP, f\/1.9, 24mm (wide), 1\/1.56&quot;, 1.0\u00b5m, PDAF, OIS + 8 MP, f\/2.2, 16mm, 112\u02da (ultrawide), 1\/4.0&quot;, 1.12\u00b5m + 2MP rear camera and supports Wifi, Bluetooth, NFC, GPS, 4G LTE and 5G. It packs in a 4600 mAh, non-removable battery at 8.9mm device thickness and weight 199g, running on Android 13, Realme UI 4.0.\" \/>\n\t\t<meta property=\"og:url\" content=\"https:\/\/www.rucashk.com\/pt\/produto\/realme-gt3-smart-mobile-phone\/\" \/>\n\t\t<meta property=\"og:image\" content=\"https:\/\/www.rucashk.com\/wp-content\/uploads\/replace\/503b8e645f128a97ccde2b6290747646.jpeg\" \/>\n\t\t<meta property=\"og:image:secure_url\" content=\"https:\/\/www.rucashk.com\/wp-content\/uploads\/replace\/503b8e645f128a97ccde2b6290747646.jpeg\" \/>\n\t\t<meta property=\"og:image:width\" content=\"1456\" \/>\n\t\t<meta property=\"og:image:height\" content=\"816\" \/>\n\t\t<meta property=\"article:published_time\" content=\"2024-03-24T10:08:19+00:00\" \/>\n\t\t<meta property=\"article:modified_time\" content=\"2024-03-24T10:08:22+00:00\" \/>\n\t\t<meta name=\"twitter:card\" content=\"summary_large_image\" \/>\n\t\t<meta name=\"twitter:title\" content=\"Realme GT3 Smart Mobile Phone - Rucas - Wholesale and Distribution\" \/>\n\t\t<meta name=\"twitter:description\" content=\"The realme GT3 is powered by a Qualcomm SM8475 Snapdragon 8+ Gen 1 (4 nm) CPU processor with 1TB, 16GB RAM. The device also has a 6.74-inch AMOLED (1240 x 2772 pixels, 451 ppi) display. It has a Triple: 50 MP, f\/1.9, 24mm (wide), 1\/1.56&quot;, 1.0\u00b5m, PDAF, OIS + 8 MP, f\/2.2, 16mm, 112\u02da (ultrawide), 1\/4.0&quot;, 1.12\u00b5m + 2MP rear camera and supports Wifi, Bluetooth, NFC, GPS, 4G LTE and 5G. It packs in a 4600 mAh, non-removable battery at 8.9mm device thickness and weight 199g, running on Android 13, Realme UI 4.0.\" \/>\n\t\t<meta name=\"twitter:image\" content=\"https:\/\/www.rucashk.com\/wp-content\/uploads\/replace\/503b8e645f128a97ccde2b6290747646.jpeg\" \/>\n\t\t<script type=\"application\/ld+json\" class=\"aioseo-schema\">\n\t\t\t{\"@context\":\"https:\\\/\\\/schema.org\",\"@graph\":[{\"@type\":\"BreadcrumbList\",\"@id\":\"https:\\\/\\\/www.rucashk.com\\\/pt\\\/produto\\\/realme-gt3-smart-mobile-phone\\\/#breadcrumblist\",\"itemListElement\":[{\"@type\":\"ListItem\",\"@id\":\"https:\\\/\\\/www.rucashk.com\\\/pt\\\/#listItem\",\"position\":1,\"name\":\"Home\",\"item\":\"https:\\\/\\\/www.rucashk.com\\\/pt\\\/\",\"nextItem\":\"https:\\\/\\\/www.rucashk.com\\\/pt\\\/produto\\\/realme-gt3-smart-mobile-phone\\\/#listItem\"},{\"@type\":\"ListItem\",\"@id\":\"https:\\\/\\\/www.rucashk.com\\\/pt\\\/produto\\\/realme-gt3-smart-mobile-phone\\\/#listItem\",\"position\":2,\"name\":\"Realme GT3 Smart Mobile Phone\",\"previousItem\":\"https:\\\/\\\/www.rucashk.com\\\/pt\\\/#listItem\"}]},{\"@type\":\"Organization\",\"@id\":\"https:\\\/\\\/www.rucashk.com\\\/pt\\\/#organization\",\"name\":\"Rucas\",\"url\":\"https:\\\/\\\/www.rucashk.com\\\/pt\\\/\",\"logo\":{\"@type\":\"ImageObject\",\"url\":\"https:\\\/\\\/www.rucashk.com\\\/wp-content\\\/uploads\\\/2023\\\/12\\\/Rucas_campany_logo.png\",\"@id\":\"https:\\\/\\\/www.rucashk.com\\\/pt\\\/produto\\\/realme-gt3-smart-mobile-phone\\\/#organizationLogo\",\"width\":221,\"height\":65},\"image\":{\"@id\":\"https:\\\/\\\/www.rucashk.com\\\/pt\\\/#organizationLogo\"}},{\"@type\":\"Person\",\"@id\":\"https:\\\/\\\/www.rucashk.com\\\/pt\\\/author\\\/admin\\\/#author\",\"url\":\"https:\\\/\\\/www.rucashk.com\\\/pt\\\/author\\\/admin\\\/\",\"name\":\"admin\",\"image\":{\"@type\":\"ImageObject\",\"@id\":\"https:\\\/\\\/www.rucashk.com\\\/pt\\\/produto\\\/realme-gt3-smart-mobile-phone\\\/#authorImage\",\"url\":\"https:\\\/\\\/secure.gravatar.com\\\/avatar\\\/b7c8925b09a27e72b30232f8ecaadbd5af0f70a38c78096863fe51b64f031c24?s=96&d=mm&r=g\",\"width\":96,\"height\":96,\"caption\":\"admin\"}},{\"@type\":\"WebPage\",\"@id\":\"https:\\\/\\\/www.rucashk.com\\\/pt\\\/produto\\\/realme-gt3-smart-mobile-phone\\\/#webpage\",\"url\":\"https:\\\/\\\/www.rucashk.com\\\/pt\\\/produto\\\/realme-gt3-smart-mobile-phone\\\/\",\"name\":\"Realme GT3 Smart Mobile Phone - Rucas - Wholesale and Distribution\",\"description\":\"The realme GT3 is powered by a Qualcomm SM8475 Snapdragon 8+ Gen 1 (4 nm) CPU processor with 1TB, 16GB RAM. The device also has a 6.74-inch AMOLED (1240 x 2772 pixels, 451 ppi) display. It has a Triple: 50 MP, f\\\/1.9, 24mm (wide), 1\\\/1.56\\\", 1.0\\u00b5m, PDAF, OIS + 8 MP, f\\\/2.2, 16mm, 112\\u02da (ultrawide), 1\\\/4.0\\\", 1.12\\u00b5m + 2MP rear camera and supports Wifi, Bluetooth, NFC, GPS, 4G LTE and 5G. It packs in a 4600 mAh, non-removable battery at 8.9mm device thickness and weight 199g, running on Android 13, Realme UI 4.0.\",\"inLanguage\":\"pt-PT\",\"isPartOf\":{\"@id\":\"https:\\\/\\\/www.rucashk.com\\\/pt\\\/#website\"},\"breadcrumb\":{\"@id\":\"https:\\\/\\\/www.rucashk.com\\\/pt\\\/produto\\\/realme-gt3-smart-mobile-phone\\\/#breadcrumblist\"},\"author\":{\"@id\":\"https:\\\/\\\/www.rucashk.com\\\/pt\\\/author\\\/admin\\\/#author\"},\"creator\":{\"@id\":\"https:\\\/\\\/www.rucashk.com\\\/pt\\\/author\\\/admin\\\/#author\"},\"image\":{\"@type\":\"ImageObject\",\"url\":\"https:\\\/\\\/www.rucashk.com\\\/wp-content\\\/uploads\\\/2024\\\/03\\\/48c24fe2-4a88-4c97-9324-b8c036994741-1.webp\",\"@id\":\"https:\\\/\\\/www.rucashk.com\\\/pt\\\/produto\\\/realme-gt3-smart-mobile-phone\\\/#mainImage\",\"width\":800,\"height\":800},\"primaryImageOfPage\":{\"@id\":\"https:\\\/\\\/www.rucashk.com\\\/pt\\\/produto\\\/realme-gt3-smart-mobile-phone\\\/#mainImage\"},\"datePublished\":\"2024-03-24T10:08:19+00:00\",\"dateModified\":\"2024-03-24T10:08:22+00:00\"},{\"@type\":\"WebSite\",\"@id\":\"https:\\\/\\\/www.rucashk.com\\\/pt\\\/#website\",\"url\":\"https:\\\/\\\/www.rucashk.com\\\/pt\\\/\",\"name\":\"Rucas - Wholesale and distribution worldwide\",\"alternateName\":\"Rucas - One-stop AIoT Distribution Worldwide\",\"description\":\"One-stop AIoT Distribution Worldwide\",\"inLanguage\":\"pt-PT\",\"publisher\":{\"@id\":\"https:\\\/\\\/www.rucashk.com\\\/pt\\\/#organization\"}}]}\n\t\t<\/script>\n\t\t<!-- All in One SEO Pro -->\r\n\t\t<title>Realme GT3 Smart Mobile Phone - Rucas - Wholesale and Distribution<\/title>\n\n","aioseo_head_json":{"title":"Realme GT3 Smart Mobile Phone - Rucas - Wholesale and Distribution","description":"The realme GT3 is powered by a Qualcomm SM8475 Snapdragon 8+ Gen 1 (4 nm) CPU processor with 1TB, 16GB RAM. The device also has a 6.74-inch AMOLED (1240 x 2772 pixels, 451 ppi) display. It has a Triple: 50 MP, f\/1.9, 24mm (wide), 1\/1.56\", 1.0\u00b5m, PDAF, OIS + 8 MP, f\/2.2, 16mm, 112\u02da (ultrawide), 1\/4.0\", 1.12\u00b5m + 2MP rear camera and supports Wifi, Bluetooth, NFC, GPS, 4G LTE and 5G. It packs in a 4600 mAh, non-removable battery at 8.9mm device thickness and weight 199g, running on Android 13, Realme UI 4.0.","canonical_url":"https:\/\/www.rucashk.com\/pt\/produto\/realme-gt3-smart-mobile-phone\/","robots":"max-image-preview:large","keywords":"","webmasterTools":{"miscellaneous":""},"og:locale":"pt_PT","og:site_name":"Rucas - One-stop AIoT Distribution Worldwide","og:type":"article","og:title":"Realme GT3 Smart Mobile Phone - Rucas - Wholesale and Distribution","og:description":"The realme GT3 is powered by a Qualcomm SM8475 Snapdragon 8+ Gen 1 (4 nm) CPU processor with 1TB, 16GB RAM. The device also has a 6.74-inch AMOLED (1240 x 2772 pixels, 451 ppi) display. It has a Triple: 50 MP, f\/1.9, 24mm (wide), 1\/1.56&quot;, 1.0\u00b5m, PDAF, OIS + 8 MP, f\/2.2, 16mm, 112\u02da (ultrawide), 1\/4.0&quot;, 1.12\u00b5m + 2MP rear camera and supports Wifi, Bluetooth, NFC, GPS, 4G LTE and 5G. It packs in a 4600 mAh, non-removable battery at 8.9mm device thickness and weight 199g, running on Android 13, Realme UI 4.0.","og:url":"https:\/\/www.rucashk.com\/pt\/produto\/realme-gt3-smart-mobile-phone\/","og:image":"https:\/\/www.rucashk.com\/wp-content\/uploads\/replace\/503b8e645f128a97ccde2b6290747646.jpeg","og:image:secure_url":"https:\/\/www.rucashk.com\/wp-content\/uploads\/replace\/503b8e645f128a97ccde2b6290747646.jpeg","og:image:width":1456,"og:image:height":816,"article:published_time":"2024-03-24T10:08:19+00:00","article:modified_time":"2024-03-24T10:08:22+00:00","twitter:card":"summary_large_image","twitter:title":"Realme GT3 Smart Mobile Phone - Rucas - Wholesale and Distribution","twitter:description":"The realme GT3 is powered by a Qualcomm SM8475 Snapdragon 8+ Gen 1 (4 nm) CPU processor with 1TB, 16GB RAM. The device also has a 6.74-inch AMOLED (1240 x 2772 pixels, 451 ppi) display. It has a Triple: 50 MP, f\/1.9, 24mm (wide), 1\/1.56&quot;, 1.0\u00b5m, PDAF, OIS + 8 MP, f\/2.2, 16mm, 112\u02da (ultrawide), 1\/4.0&quot;, 1.12\u00b5m + 2MP rear camera and supports Wifi, Bluetooth, NFC, GPS, 4G LTE and 5G. It packs in a 4600 mAh, non-removable battery at 8.9mm device thickness and weight 199g, running on Android 13, Realme UI 4.0.","twitter:image":"https:\/\/www.rucashk.com\/wp-content\/uploads\/replace\/503b8e645f128a97ccde2b6290747646.jpeg","schema":{"@context":"https:\/\/schema.org","@graph":[{"@type":"BreadcrumbList","@id":"https:\/\/www.rucashk.com\/pt\/produto\/realme-gt3-smart-mobile-phone\/#breadcrumblist","itemListElement":[{"@type":"ListItem","@id":"https:\/\/www.rucashk.com\/pt\/#listItem","position":1,"name":"Home","item":"https:\/\/www.rucashk.com\/pt\/","nextItem":"https:\/\/www.rucashk.com\/pt\/produto\/realme-gt3-smart-mobile-phone\/#listItem"},{"@type":"ListItem","@id":"https:\/\/www.rucashk.com\/pt\/produto\/realme-gt3-smart-mobile-phone\/#listItem","position":2,"name":"Realme GT3 Smart Mobile Phone","previousItem":"https:\/\/www.rucashk.com\/pt\/#listItem"}]},{"@type":"Organization","@id":"https:\/\/www.rucashk.com\/pt\/#organization","name":"Rucas","url":"https:\/\/www.rucashk.com\/pt\/","logo":{"@type":"ImageObject","url":"https:\/\/www.rucashk.com\/wp-content\/uploads\/2023\/12\/Rucas_campany_logo.png","@id":"https:\/\/www.rucashk.com\/pt\/produto\/realme-gt3-smart-mobile-phone\/#organizationLogo","width":221,"height":65},"image":{"@id":"https:\/\/www.rucashk.com\/pt\/#organizationLogo"}},{"@type":"Person","@id":"https:\/\/www.rucashk.com\/pt\/author\/admin\/#author","url":"https:\/\/www.rucashk.com\/pt\/author\/admin\/","name":"admin","image":{"@type":"ImageObject","@id":"https:\/\/www.rucashk.com\/pt\/produto\/realme-gt3-smart-mobile-phone\/#authorImage","url":"https:\/\/secure.gravatar.com\/avatar\/b7c8925b09a27e72b30232f8ecaadbd5af0f70a38c78096863fe51b64f031c24?s=96&d=mm&r=g","width":96,"height":96,"caption":"admin"}},{"@type":"WebPage","@id":"https:\/\/www.rucashk.com\/pt\/produto\/realme-gt3-smart-mobile-phone\/#webpage","url":"https:\/\/www.rucashk.com\/pt\/produto\/realme-gt3-smart-mobile-phone\/","name":"Realme GT3 Smart Mobile Phone - Rucas - Wholesale and Distribution","description":"The realme GT3 is powered by a Qualcomm SM8475 Snapdragon 8+ Gen 1 (4 nm) CPU processor with 1TB, 16GB RAM. The device also has a 6.74-inch AMOLED (1240 x 2772 pixels, 451 ppi) display. It has a Triple: 50 MP, f\/1.9, 24mm (wide), 1\/1.56\", 1.0\u00b5m, PDAF, OIS + 8 MP, f\/2.2, 16mm, 112\u02da (ultrawide), 1\/4.0\", 1.12\u00b5m + 2MP rear camera and supports Wifi, Bluetooth, NFC, GPS, 4G LTE and 5G. It packs in a 4600 mAh, non-removable battery at 8.9mm device thickness and weight 199g, running on Android 13, Realme UI 4.0.","inLanguage":"pt-PT","isPartOf":{"@id":"https:\/\/www.rucashk.com\/pt\/#website"},"breadcrumb":{"@id":"https:\/\/www.rucashk.com\/pt\/produto\/realme-gt3-smart-mobile-phone\/#breadcrumblist"},"author":{"@id":"https:\/\/www.rucashk.com\/pt\/author\/admin\/#author"},"creator":{"@id":"https:\/\/www.rucashk.com\/pt\/author\/admin\/#author"},"image":{"@type":"ImageObject","url":"https:\/\/www.rucashk.com\/wp-content\/uploads\/2024\/03\/48c24fe2-4a88-4c97-9324-b8c036994741-1.webp","@id":"https:\/\/www.rucashk.com\/pt\/produto\/realme-gt3-smart-mobile-phone\/#mainImage","width":800,"height":800},"primaryImageOfPage":{"@id":"https:\/\/www.rucashk.com\/pt\/produto\/realme-gt3-smart-mobile-phone\/#mainImage"},"datePublished":"2024-03-24T10:08:19+00:00","dateModified":"2024-03-24T10:08:22+00:00"},{"@type":"WebSite","@id":"https:\/\/www.rucashk.com\/pt\/#website","url":"https:\/\/www.rucashk.com\/pt\/","name":"Rucas - Wholesale and distribution worldwide","alternateName":"Rucas - One-stop AIoT Distribution Worldwide","description":"One-stop AIoT Distribution Worldwide","inLanguage":"pt-PT","publisher":{"@id":"https:\/\/www.rucashk.com\/pt\/#organization"}}]}},"aioseo_meta_data":{"post_id":"39305","title":null,"description":null,"keywords":null,"keyphrases":null,"primary_term":null,"canonical_url":null,"og_title":null,"og_description":null,"og_object_type":"default","og_image_type":"default","og_image_url":null,"og_image_width":null,"og_image_height":null,"og_image_custom_url":null,"og_image_custom_fields":null,"og_video":null,"og_custom_url":null,"og_article_section":null,"og_article_tags":null,"twitter_use_og":false,"twitter_card":"default","twitter_image_type":"default","twitter_image_url":null,"twitter_image_custom_url":null,"twitter_image_custom_fields":null,"twitter_title":null,"twitter_description":null,"schema":{"blockGraphs":[],"customGraphs":[],"default":{"data":{"Article":[],"Course":[],"Dataset":[],"FAQPage":[],"Movie":[],"Person":[],"Product":[],"Recipe":[],"Service":[],"SoftwareApplication":[],"WebPage":[]},"graphName":"","isEnabled":true},"graphs":[]},"schema_type":"default","schema_type_options":null,"pillar_content":false,"robots_default":true,"robots_noindex":false,"robots_noarchive":false,"robots_nosnippet":false,"robots_nofollow":false,"robots_noimageindex":false,"robots_noodp":false,"robots_notranslate":false,"robots_max_snippet":null,"robots_max_videopreview":null,"robots_max_imagepreview":"large","priority":null,"frequency":null,"local_seo":null,"breadcrumb_settings":null,"limit_modified_date":false,"created":"2024-04-11 01:57:23","updated":"2025-06-22 18:49:54"},"aioseo_breadcrumb":"<div class=\"aioseo-breadcrumbs\"><span class=\"aioseo-breadcrumb\">\n\t<a href=\"https:\/\/www.rucashk.com\/pt\" title=\"Home\">Home<\/a>\n<\/span><span class=\"aioseo-breadcrumb-separator\">&raquo;<\/span><span class=\"aioseo-breadcrumb\">\n\t<a href=\"https:\/\/www.rucashk.com\/pt\/products\/\" title=\"Produtos\">Produtos<\/a>\n<\/span><span class=\"aioseo-breadcrumb-separator\">&raquo;<\/span><span class=\"aioseo-breadcrumb\">\n\t<a href=\"https:\/\/www.rucashk.com\/pt\/marca\/realme\/\" title=\"Realme\">Realme<\/a>\n<\/span><span class=\"aioseo-breadcrumb-separator\">&raquo;<\/span><span class=\"aioseo-breadcrumb\">\n\tRealme GT3 Smart Mobile Phone\n<\/span><\/div>","aioseo_breadcrumb_json":[{"label":"Home","link":"https:\/\/www.rucashk.com\/pt"},{"label":"Produtos","link":"https:\/\/www.rucashk.com\/pt\/products\/"},{"label":"Realme","link":"https:\/\/www.rucashk.com\/pt\/marca\/realme\/"},{"label":"Realme GT3 Smart Mobile Phone","link":"https:\/\/www.rucashk.com\/pt\/produto\/realme-gt3-smart-mobile-phone\/"}],"_links":{"self":[{"href":"https:\/\/www.rucashk.com\/pt\/wp-json\/wp\/v2\/product\/39305","targetHints":{"allow":["GET"]}}],"collection":[{"href":"https:\/\/www.rucashk.com\/pt\/wp-json\/wp\/v2\/product"}],"about":[{"href":"https:\/\/www.rucashk.com\/pt\/wp-json\/wp\/v2\/types\/product"}],"wp:featuredmedia":[{"embeddable":true,"href":"https:\/\/www.rucashk.com\/pt\/wp-json\/wp\/v2\/media\/39315"}],"wp:attachment":[{"href":"https:\/\/www.rucashk.com\/pt\/wp-json\/wp\/v2\/media?parent=39305"}],"wp:term":[{"taxonomy":"product_brand","embeddable":true,"href":"https:\/\/www.rucashk.com\/pt\/wp-json\/wp\/v2\/product_brand?post=39305"},{"taxonomy":"product_cat","embeddable":true,"href":"https:\/\/www.rucashk.com\/pt\/wp-json\/wp\/v2\/product_cat?post=39305"},{"taxonomy":"product_tag","embeddable":true,"href":"https:\/\/www.rucashk.com\/pt\/wp-json\/wp\/v2\/product_tag?post=39305"}],"curies":[{"name":"wp","href":"https:\/\/api.w.org\/{rel}","templated":true}]}}