{"id":39282,"date":"2024-03-24T09:33:43","date_gmt":"2024-03-24T09:33:43","guid":{"rendered":"http:\/\/rucashk.com\/?post_type=product&#038;p=39282"},"modified":"2024-04-16T13:24:20","modified_gmt":"2024-04-16T13:24:20","slug":"realme-10-pro-smart-mobile-phone","status":"publish","type":"product","link":"https:\/\/www.rucashk.com\/pt\/produto\/realme-10-pro-smart-mobile-phone\/","title":{"rendered":"Celular inteligente Realme 10 Pro"},"content":{"rendered":"<p><img decoding=\"async\" src=\"\/wp-content\/uploads\/replace\/d6ebc9db0508f636ace9b7bf5c4d7c0e.jpeg\" alt=\"Realme 10 Pro Smart Mobile Phone\" \/><br \/>\n<iframe title=\"Um Novo Mundo Curvo | realme 10 Pro Plus 5G | Display Curvo Nova Vis\u00e3o\" src=\"https:\/\/www.youtube.com\/embed\/IAfB1UKviB0\" width=\"1280\" height=\"720\" frameborder=\"0\" allowfullscreen=\"allowfullscreen\"><\/iframe><\/p>\n<table class=\"table-auto w-full text-left\">\n<tbody>\n<tr>\n<td class=\"border border-card-3 p-2 w-28\">Marca<\/td>\n<td class=\"border border-card-3 p-2\">Eu de verdade<\/td>\n<\/tr>\n<tr>\n<td class=\"border border-card-3 p-2 w-28\">Peso<\/td>\n<td class=\"border border-card-3 p-2\">190 gramas \/ 192 gramas (a variante hiperespa\u00e7o tem 192 gramas)<\/td>\n<\/tr>\n<tr>\n<td class=\"border border-card-3 p-2 w-28\">Dimens\u00e3o<\/td>\n<td class=\"border border-card-3 p-2\">163,7 x 74,2 x 8,1 mm (cor hiperespacial tem profundidade de 8,3 mm)<\/td>\n<\/tr>\n<tr>\n<td class=\"border border-card-3 p-2 w-28\">Plataforma<\/td>\n<td class=\"border border-card-3 p-2\">SO: Realme UI 4.0 baseado em Android 13 Chipset: Snapdragon 695 5G Chipset CPU: processador de 6nm | Octa-core | GPU de at\u00e9 2,2 GHz: Adreno 619<\/td>\n<\/tr>\n<tr>\n<td class=\"border border-card-3 p-2 w-28\">Rede<\/td>\n<td class=\"border border-card-3 p-2\">Suporta 2,4 GHz, 5 GHz | Wi-Fi 4 | Wi-Fi 5 | Wi-Fi 802.11a\/b\/g\/n\/ac | Bluetooth 5.1<\/td>\n<\/tr>\n<tr>\n<td class=\"border border-card-3 p-2 w-28\">Sensores<\/td>\n<td class=\"border border-card-3 p-2\">Sensor de indu\u00e7\u00e3o magn\u00e9tica | Sensor de luz | Giro-metro | Sensor de proximidade | Sensor de acelera\u00e7\u00e3o | Sensor de impress\u00e3o digital montado na lateral<\/td>\n<\/tr>\n<tr>\n<td class=\"border border-card-3 p-2 w-28\">Modelo<\/td>\n<td class=\"border border-card-3 p-2\">Eu de verdade 10 Pro 5G<\/td>\n<\/tr>\n<tr>\n<td class=\"border border-card-3 p-2 w-28\">Tamanho de exibi\u00e7\u00e3o<\/td>\n<td class=\"border border-card-3 p-2\">6,72 polegadas<\/td>\n<\/tr>\n<tr>\n<td class=\"border border-card-3 p-2 w-28\">Resolu\u00e7\u00e3o<\/td>\n<td class=\"border border-card-3 p-2\">Resolu\u00e7\u00e3o de 2400 x 1080 pixels<\/td>\n<\/tr>\n<tr>\n<td class=\"border border-card-3 p-2 w-28\">Tipo de exibi\u00e7\u00e3o<\/td>\n<td class=\"border border-card-3 p-2\">HD+ | Taxa de atualiza\u00e7\u00e3o de 120 Hz | Taxa de amostragem de toque de 240 Hz | 93.76% Rela\u00e7\u00e3o tela-corpo | Brilho m\u00e1ximo de 680nits | Certificado de luz azul baixa T\u00dcV Rheinland<\/td>\n<\/tr>\n<tr>\n<td class=\"border border-card-3 p-2 w-28\">Mem\u00f3ria<\/td>\n<td class=\"border border-card-3 p-2\">6\/128 GB | 8\/128 GB | UFS: 2,2<\/td>\n<\/tr>\n<tr>\n<td class=\"border border-card-3 p-2 w-28\">C\u00e2mera principal<\/td>\n<td class=\"border border-card-3 p-2\">Lente principal de 50 MP com abertura f\/1.8 | Sensor de profundidade de 2MP com abertura f\/2.4 | Beleza AI |Filtro |Chroma Boost | C\u00e2mera lenta | Controle de efeito Bokeh<\/td>\n<\/tr>\n<tr>\n<td class=\"border border-card-3 p-2 w-28\">C\u00e2mera selfie<\/td>\n<td class=\"border border-card-3 p-2\">16 C\u00e2mera frontal com abertura f\/2.45 | Modo Retrato | Lapso de tempo | 1080p@30fps | HDR | Modo noturno | Controle de efeito Bokeh<\/td>\n<\/tr>\n<tr>\n<td class=\"border border-card-3 p-2 w-28\">Informa\u00e7\u00f5es da bateria<\/td>\n<td class=\"border border-card-3 p-2\">\u00cdon de l\u00edtio 5000mAh | N\u00e3o remov\u00edvel | Carga SUPERVOOC de 33W | USB-C<\/td>\n<\/tr>\n<tr>\n<td class=\"border border-card-3 p-2 w-28\">\u00c1udio<\/td>\n<td class=\"border border-card-3 p-2\">Alto-falantes duplos 200% Ultra Boom | Certifica\u00e7\u00e3o de alta resolu\u00e7\u00e3o<\/td>\n<\/tr>\n<tr>\n<td class=\"border border-card-3 p-2 w-28\">Outros recursos\/informa\u00e7\u00f5es<\/td>\n<td class=\"border border-card-3 p-2\">Slot Nano SIM x 2 | Micro SD | Porta para fone de ouvido de 3,5 mm | Cores: Hiperespa\u00e7o \/ Mat\u00e9ria Escura \/ Nebulosa Azul<\/td>\n<\/tr>\n<\/tbody>\n<\/table>\n<p>Realme 10 Pro 5G \u00e9 um smartphone de or\u00e7amento m\u00e9dio que oferece recursos Android de alto n\u00edvel, incluindo uma tela ampla, fotografia impressionante e um design bonito. Seu desempenho impressionante e bateria de longa dura\u00e7\u00e3o fazem com que ele se destaque de outros telefones de gama m\u00e9dia.<\/p>\n<p><strong>Vis\u00e3o geral dos recursos do Realme 10 Pro 5g<\/strong><br \/>\nEi, voc\u00ea j\u00e1 ouviu falar do Realme 10 Pro 5G? Possui uma experi\u00eancia de exibi\u00e7\u00e3o incr\u00edvel com uma not\u00e1vel rela\u00e7\u00e3o tela-corpo, taxa de atualiza\u00e7\u00e3o e taxa de amostragem de toque. Al\u00e9m disso, possui tecnologia RAZR para um desempenho ainda mais suave, seja jogando ou assistindo v\u00eddeos.<\/p>\n<p>E vamos falar sobre seu design. O corpo ultrafino \u00e9 dividido em uma moldura curva, frente de vidro e parte traseira resistente. O design da c\u00e2mera TLR, os feixes de acelera\u00e7\u00e3o do prisma e as part\u00edculas de nebulosa na parte traseira fazem com que ela se destaque ainda mais.<\/p>\n<p>O sistema de c\u00e2mera deste telefone \u00e9 de pr\u00f3ximo n\u00edvel. O sistema de lentes m\u00faltiplas possui alguns recursos incr\u00edveis, mas o destaque \u00e9 definitivamente a tecnologia de imagem pr\u00f3-luz. Mesmo com pouca luz, suas fotos ficar\u00e3o n\u00edtidas.<\/p>\n<p>Mas o que realmente diferencia o Realme 10 Pro 5G \u00e9 seu poderoso processador. Com recursos de jogos 5G, um chipset de primeira linha, mem\u00f3ria enorme e armazenamento enorme, este telefone pode lidar com qualquer coisa que voc\u00ea jogar nele.<\/p>\n<p>E n\u00e3o vamos esquecer da dura\u00e7\u00e3o da bateria. Com uma enorme bateria Li-Po n\u00e3o remov\u00edvel, voc\u00ea precisa de um carregamento r\u00e1pido para acompanhar. \u00c9 a\u00ed que entra o carregamento SuperVOOC de 33 W, permitindo que voc\u00ea carregue totalmente seu telefone em minutos.<\/p>\n<p>Ent\u00e3o, v\u00e1 em frente e enfrente o dia com confian\u00e7a, sabendo que seu telefone pode acompanh\u00e1-lo.<\/p>","protected":false},"excerpt":{"rendered":"<p>Realme 10 Pro 5G \u00e9 um smartphone de or\u00e7amento m\u00e9dio que oferece recursos Android de alto n\u00edvel, incluindo uma tela ampla, fotografia impressionante e um design bonito. Seu desempenho impressionante e bateria de longa dura\u00e7\u00e3o fazem com que ele se destaque de outros telefones de gama m\u00e9dia.<\/p>\n<ul>\n<li dir=\"ltr\">Exibi\u00e7\u00e3o ilimitada<\/li>\n<li dir=\"ltr\">Chipset poderoso<\/li>\n<li dir=\"ltr\">C\u00e2mera magn\u00edfica<\/li>\n<li dir=\"ltr\">Mega vida \u00fatil da bateria<\/li>\n<\/ul>","protected":false},"featured_media":39285,"template":"","meta":[],"product_brand":[1366],"product_cat":[1295,1301],"product_tag":[477],"class_list":{"0":"post-39282","1":"product","2":"type-product","3":"status-publish","4":"has-post-thumbnail","6":"product_brand-realme","7":"product_cat-mobile-phone","8":"product_cat-realme-mobile-phone","9":"product_tag-phone","11":"first","12":"instock","13":"shipping-taxable","14":"product-type-simple"},"aioseo_notices":[],"aioseo_head":"\n\t\t<!-- All in One SEO Pro 4.5.9.2 - aioseo.com -->\n\t\t<meta name=\"description\" content=\"Realme 10 Pro 5G is a mid-budget smartphone that offers top-notch Android features, including an expansive display, stunning photography, and a beautiful design. Its impressive performance and long-lasting battery life make it stand out from other mid-range phones. Boundless Display Powerful Chipset Magnificent Camera Mega Battery Life\" \/>\n\t\t<meta name=\"robots\" content=\"max-image-preview:large\" \/>\n\t\t<link rel=\"canonical\" href=\"https:\/\/www.rucashk.com\/pt\/produto\/realme-10-pro-smart-mobile-phone\/\" \/>\n\t\t<meta name=\"generator\" content=\"All in One SEO Pro (AIOSEO) 4.5.9.2\" \/>\n\t\t<meta property=\"og:locale\" content=\"pt_PT\" \/>\n\t\t<meta property=\"og:site_name\" content=\"Rucas - One-stop AIoT Distribution Worldwide\" \/>\n\t\t<meta property=\"og:type\" content=\"article\" \/>\n\t\t<meta property=\"og:title\" content=\"Realme 10 Pro Smart Mobile Phone - Rucas - Wholesale and Distribution\" \/>\n\t\t<meta property=\"og:description\" content=\"Realme 10 Pro 5G is a mid-budget smartphone that offers top-notch Android features, including an expansive display, stunning photography, and a beautiful design. Its impressive performance and long-lasting battery life make it stand out from other mid-range phones. Boundless Display Powerful Chipset Magnificent Camera Mega Battery Life\" \/>\n\t\t<meta property=\"og:url\" content=\"https:\/\/www.rucashk.com\/pt\/produto\/realme-10-pro-smart-mobile-phone\/\" \/>\n\t\t<meta property=\"og:image\" content=\"https:\/\/www.rucashk.com\/wp-content\/uploads\/replace\/503b8e645f128a97ccde2b6290747646.jpeg\" \/>\n\t\t<meta property=\"og:image:secure_url\" content=\"https:\/\/www.rucashk.com\/wp-content\/uploads\/replace\/503b8e645f128a97ccde2b6290747646.jpeg\" \/>\n\t\t<meta property=\"og:image:width\" content=\"1456\" \/>\n\t\t<meta property=\"og:image:height\" content=\"816\" \/>\n\t\t<meta property=\"article:published_time\" content=\"2024-03-24T09:33:43+00:00\" \/>\n\t\t<meta property=\"article:modified_time\" content=\"2024-04-16T13:24:20+00:00\" \/>\n\t\t<meta name=\"twitter:card\" content=\"summary_large_image\" \/>\n\t\t<meta name=\"twitter:title\" content=\"Realme 10 Pro Smart Mobile Phone - Rucas - Wholesale and Distribution\" \/>\n\t\t<meta name=\"twitter:description\" content=\"Realme 10 Pro 5G is a mid-budget smartphone that offers top-notch Android features, including an expansive display, stunning photography, and a beautiful design. Its impressive performance and long-lasting battery life make it stand out from other mid-range phones. Boundless Display Powerful Chipset Magnificent Camera Mega Battery Life\" \/>\n\t\t<meta name=\"twitter:image\" content=\"https:\/\/www.rucashk.com\/wp-content\/uploads\/replace\/503b8e645f128a97ccde2b6290747646.jpeg\" \/>\n\t\t<script type=\"application\/ld+json\" class=\"aioseo-schema\">\n\t\t\t{\"@context\":\"https:\\\/\\\/schema.org\",\"@graph\":[{\"@type\":\"BreadcrumbList\",\"@id\":\"https:\\\/\\\/www.rucashk.com\\\/pt\\\/produto\\\/realme-10-pro-smart-mobile-phone\\\/#breadcrumblist\",\"itemListElement\":[{\"@type\":\"ListItem\",\"@id\":\"https:\\\/\\\/www.rucashk.com\\\/pt\\\/#listItem\",\"position\":1,\"name\":\"Home\",\"item\":\"https:\\\/\\\/www.rucashk.com\\\/pt\\\/\",\"nextItem\":\"https:\\\/\\\/www.rucashk.com\\\/pt\\\/produto\\\/realme-10-pro-smart-mobile-phone\\\/#listItem\"},{\"@type\":\"ListItem\",\"@id\":\"https:\\\/\\\/www.rucashk.com\\\/pt\\\/produto\\\/realme-10-pro-smart-mobile-phone\\\/#listItem\",\"position\":2,\"name\":\"Realme 10 Pro Smart Mobile Phone\",\"previousItem\":\"https:\\\/\\\/www.rucashk.com\\\/pt\\\/#listItem\"}]},{\"@type\":\"Organization\",\"@id\":\"https:\\\/\\\/www.rucashk.com\\\/pt\\\/#organization\",\"name\":\"Rucas\",\"url\":\"https:\\\/\\\/www.rucashk.com\\\/pt\\\/\",\"logo\":{\"@type\":\"ImageObject\",\"url\":\"https:\\\/\\\/www.rucashk.com\\\/wp-content\\\/uploads\\\/2023\\\/12\\\/Rucas_campany_logo.png\",\"@id\":\"https:\\\/\\\/www.rucashk.com\\\/pt\\\/produto\\\/realme-10-pro-smart-mobile-phone\\\/#organizationLogo\",\"width\":221,\"height\":65},\"image\":{\"@id\":\"https:\\\/\\\/www.rucashk.com\\\/pt\\\/#organizationLogo\"}},{\"@type\":\"Person\",\"@id\":\"https:\\\/\\\/www.rucashk.com\\\/pt\\\/author\\\/admin\\\/#author\",\"url\":\"https:\\\/\\\/www.rucashk.com\\\/pt\\\/author\\\/admin\\\/\",\"name\":\"admin\",\"image\":{\"@type\":\"ImageObject\",\"@id\":\"https:\\\/\\\/www.rucashk.com\\\/pt\\\/produto\\\/realme-10-pro-smart-mobile-phone\\\/#authorImage\",\"url\":\"https:\\\/\\\/secure.gravatar.com\\\/avatar\\\/b7c8925b09a27e72b30232f8ecaadbd5af0f70a38c78096863fe51b64f031c24?s=96&d=mm&r=g\",\"width\":96,\"height\":96,\"caption\":\"admin\"}},{\"@type\":\"WebPage\",\"@id\":\"https:\\\/\\\/www.rucashk.com\\\/pt\\\/produto\\\/realme-10-pro-smart-mobile-phone\\\/#webpage\",\"url\":\"https:\\\/\\\/www.rucashk.com\\\/pt\\\/produto\\\/realme-10-pro-smart-mobile-phone\\\/\",\"name\":\"Realme 10 Pro Smart Mobile Phone - Rucas - Wholesale and Distribution\",\"description\":\"Realme 10 Pro 5G is a mid-budget smartphone that offers top-notch Android features, including an expansive display, stunning photography, and a beautiful design. Its impressive performance and long-lasting battery life make it stand out from other mid-range phones. Boundless Display Powerful Chipset Magnificent Camera Mega Battery Life\",\"inLanguage\":\"pt-PT\",\"isPartOf\":{\"@id\":\"https:\\\/\\\/www.rucashk.com\\\/pt\\\/#website\"},\"breadcrumb\":{\"@id\":\"https:\\\/\\\/www.rucashk.com\\\/pt\\\/produto\\\/realme-10-pro-smart-mobile-phone\\\/#breadcrumblist\"},\"author\":{\"@id\":\"https:\\\/\\\/www.rucashk.com\\\/pt\\\/author\\\/admin\\\/#author\"},\"creator\":{\"@id\":\"https:\\\/\\\/www.rucashk.com\\\/pt\\\/author\\\/admin\\\/#author\"},\"image\":{\"@type\":\"ImageObject\",\"url\":\"https:\\\/\\\/www.rucashk.com\\\/wp-content\\\/uploads\\\/2024\\\/03\\\/26890b56-d2df-40e4-95c7-77f76d3e9434.jpg\",\"@id\":\"https:\\\/\\\/www.rucashk.com\\\/pt\\\/produto\\\/realme-10-pro-smart-mobile-phone\\\/#mainImage\",\"width\":800,\"height\":800},\"primaryImageOfPage\":{\"@id\":\"https:\\\/\\\/www.rucashk.com\\\/pt\\\/produto\\\/realme-10-pro-smart-mobile-phone\\\/#mainImage\"},\"datePublished\":\"2024-03-24T09:33:43+00:00\",\"dateModified\":\"2024-04-16T13:24:20+00:00\"},{\"@type\":\"WebSite\",\"@id\":\"https:\\\/\\\/www.rucashk.com\\\/pt\\\/#website\",\"url\":\"https:\\\/\\\/www.rucashk.com\\\/pt\\\/\",\"name\":\"Rucas - Wholesale and distribution worldwide\",\"alternateName\":\"Rucas - One-stop AIoT Distribution Worldwide\",\"description\":\"One-stop AIoT Distribution Worldwide\",\"inLanguage\":\"pt-PT\",\"publisher\":{\"@id\":\"https:\\\/\\\/www.rucashk.com\\\/pt\\\/#organization\"}}]}\n\t\t<\/script>\n\t\t<!-- All in One SEO Pro -->\r\n\t\t<title>Realme 10 Pro Smart Mobile Phone - Rucas - Wholesale and Distribution<\/title>\n\n","aioseo_head_json":{"title":"Realme 10 Pro Smart Mobile Phone - Rucas - Wholesale and Distribution","description":"Realme 10 Pro 5G is a mid-budget smartphone that offers top-notch Android features, including an expansive display, stunning photography, and a beautiful design. Its impressive performance and long-lasting battery life make it stand out from other mid-range phones. Boundless Display Powerful Chipset Magnificent Camera Mega Battery Life","canonical_url":"https:\/\/www.rucashk.com\/pt\/produto\/realme-10-pro-smart-mobile-phone\/","robots":"max-image-preview:large","keywords":"","webmasterTools":{"miscellaneous":""},"og:locale":"pt_PT","og:site_name":"Rucas - One-stop AIoT Distribution Worldwide","og:type":"article","og:title":"Realme 10 Pro Smart Mobile Phone - Rucas - Wholesale and Distribution","og:description":"Realme 10 Pro 5G is a mid-budget smartphone that offers top-notch Android features, including an expansive display, stunning photography, and a beautiful design. Its impressive performance and long-lasting battery life make it stand out from other mid-range phones. Boundless Display Powerful Chipset Magnificent Camera Mega Battery Life","og:url":"https:\/\/www.rucashk.com\/pt\/produto\/realme-10-pro-smart-mobile-phone\/","og:image":"https:\/\/www.rucashk.com\/wp-content\/uploads\/replace\/503b8e645f128a97ccde2b6290747646.jpeg","og:image:secure_url":"https:\/\/www.rucashk.com\/wp-content\/uploads\/replace\/503b8e645f128a97ccde2b6290747646.jpeg","og:image:width":1456,"og:image:height":816,"article:published_time":"2024-03-24T09:33:43+00:00","article:modified_time":"2024-04-16T13:24:20+00:00","twitter:card":"summary_large_image","twitter:title":"Realme 10 Pro Smart Mobile Phone - Rucas - Wholesale and Distribution","twitter:description":"Realme 10 Pro 5G is a mid-budget smartphone that offers top-notch Android features, including an expansive display, stunning photography, and a beautiful design. Its impressive performance and long-lasting battery life make it stand out from other mid-range phones. Boundless Display Powerful Chipset Magnificent Camera Mega Battery Life","twitter:image":"https:\/\/www.rucashk.com\/wp-content\/uploads\/replace\/503b8e645f128a97ccde2b6290747646.jpeg","schema":{"@context":"https:\/\/schema.org","@graph":[{"@type":"BreadcrumbList","@id":"https:\/\/www.rucashk.com\/pt\/produto\/realme-10-pro-smart-mobile-phone\/#breadcrumblist","itemListElement":[{"@type":"ListItem","@id":"https:\/\/www.rucashk.com\/pt\/#listItem","position":1,"name":"Home","item":"https:\/\/www.rucashk.com\/pt\/","nextItem":"https:\/\/www.rucashk.com\/pt\/produto\/realme-10-pro-smart-mobile-phone\/#listItem"},{"@type":"ListItem","@id":"https:\/\/www.rucashk.com\/pt\/produto\/realme-10-pro-smart-mobile-phone\/#listItem","position":2,"name":"Realme 10 Pro Smart Mobile Phone","previousItem":"https:\/\/www.rucashk.com\/pt\/#listItem"}]},{"@type":"Organization","@id":"https:\/\/www.rucashk.com\/pt\/#organization","name":"Rucas","url":"https:\/\/www.rucashk.com\/pt\/","logo":{"@type":"ImageObject","url":"https:\/\/www.rucashk.com\/wp-content\/uploads\/2023\/12\/Rucas_campany_logo.png","@id":"https:\/\/www.rucashk.com\/pt\/produto\/realme-10-pro-smart-mobile-phone\/#organizationLogo","width":221,"height":65},"image":{"@id":"https:\/\/www.rucashk.com\/pt\/#organizationLogo"}},{"@type":"Person","@id":"https:\/\/www.rucashk.com\/pt\/author\/admin\/#author","url":"https:\/\/www.rucashk.com\/pt\/author\/admin\/","name":"admin","image":{"@type":"ImageObject","@id":"https:\/\/www.rucashk.com\/pt\/produto\/realme-10-pro-smart-mobile-phone\/#authorImage","url":"https:\/\/secure.gravatar.com\/avatar\/b7c8925b09a27e72b30232f8ecaadbd5af0f70a38c78096863fe51b64f031c24?s=96&d=mm&r=g","width":96,"height":96,"caption":"admin"}},{"@type":"WebPage","@id":"https:\/\/www.rucashk.com\/pt\/produto\/realme-10-pro-smart-mobile-phone\/#webpage","url":"https:\/\/www.rucashk.com\/pt\/produto\/realme-10-pro-smart-mobile-phone\/","name":"Realme 10 Pro Smart Mobile Phone - Rucas - Wholesale and Distribution","description":"Realme 10 Pro 5G is a mid-budget smartphone that offers top-notch Android features, including an expansive display, stunning photography, and a beautiful design. Its impressive performance and long-lasting battery life make it stand out from other mid-range phones. Boundless Display Powerful Chipset Magnificent Camera Mega Battery Life","inLanguage":"pt-PT","isPartOf":{"@id":"https:\/\/www.rucashk.com\/pt\/#website"},"breadcrumb":{"@id":"https:\/\/www.rucashk.com\/pt\/produto\/realme-10-pro-smart-mobile-phone\/#breadcrumblist"},"author":{"@id":"https:\/\/www.rucashk.com\/pt\/author\/admin\/#author"},"creator":{"@id":"https:\/\/www.rucashk.com\/pt\/author\/admin\/#author"},"image":{"@type":"ImageObject","url":"https:\/\/www.rucashk.com\/wp-content\/uploads\/2024\/03\/26890b56-d2df-40e4-95c7-77f76d3e9434.jpg","@id":"https:\/\/www.rucashk.com\/pt\/produto\/realme-10-pro-smart-mobile-phone\/#mainImage","width":800,"height":800},"primaryImageOfPage":{"@id":"https:\/\/www.rucashk.com\/pt\/produto\/realme-10-pro-smart-mobile-phone\/#mainImage"},"datePublished":"2024-03-24T09:33:43+00:00","dateModified":"2024-04-16T13:24:20+00:00"},{"@type":"WebSite","@id":"https:\/\/www.rucashk.com\/pt\/#website","url":"https:\/\/www.rucashk.com\/pt\/","name":"Rucas - Wholesale and distribution worldwide","alternateName":"Rucas - One-stop AIoT Distribution Worldwide","description":"One-stop AIoT Distribution Worldwide","inLanguage":"pt-PT","publisher":{"@id":"https:\/\/www.rucashk.com\/pt\/#organization"}}]}},"aioseo_meta_data":{"post_id":"39282","title":null,"description":null,"keywords":null,"keyphrases":null,"primary_term":null,"canonical_url":null,"og_title":null,"og_description":null,"og_object_type":"default","og_image_type":"default","og_image_url":null,"og_image_width":null,"og_image_height":null,"og_image_custom_url":null,"og_image_custom_fields":null,"og_video":null,"og_custom_url":null,"og_article_section":null,"og_article_tags":null,"twitter_use_og":false,"twitter_card":"default","twitter_image_type":"default","twitter_image_url":null,"twitter_image_custom_url":null,"twitter_image_custom_fields":null,"twitter_title":null,"twitter_description":null,"schema":{"blockGraphs":[],"customGraphs":[],"default":{"data":{"Article":[],"Course":[],"Dataset":[],"FAQPage":[],"Movie":[],"Person":[],"Product":[],"Recipe":[],"Service":[],"SoftwareApplication":[],"WebPage":[]},"graphName":"","isEnabled":true},"graphs":[]},"schema_type":"default","schema_type_options":null,"pillar_content":false,"robots_default":true,"robots_noindex":false,"robots_noarchive":false,"robots_nosnippet":false,"robots_nofollow":false,"robots_noimageindex":false,"robots_noodp":false,"robots_notranslate":false,"robots_max_snippet":null,"robots_max_videopreview":null,"robots_max_imagepreview":"large","priority":null,"frequency":null,"local_seo":null,"breadcrumb_settings":null,"limit_modified_date":false,"created":"2024-04-11 01:57:23","updated":"2025-06-22 18:48:56"},"aioseo_breadcrumb":"<div class=\"aioseo-breadcrumbs\"><span class=\"aioseo-breadcrumb\">\n\t<a href=\"https:\/\/www.rucashk.com\/pt\" title=\"Home\">Home<\/a>\n<\/span><span class=\"aioseo-breadcrumb-separator\">&raquo;<\/span><span class=\"aioseo-breadcrumb\">\n\t<a href=\"https:\/\/www.rucashk.com\/pt\/products\/\" title=\"Produtos\">Produtos<\/a>\n<\/span><span class=\"aioseo-breadcrumb-separator\">&raquo;<\/span><span class=\"aioseo-breadcrumb\">\n\t<a href=\"https:\/\/www.rucashk.com\/pt\/marca\/realme\/\" title=\"Realme\">Realme<\/a>\n<\/span><span class=\"aioseo-breadcrumb-separator\">&raquo;<\/span><span class=\"aioseo-breadcrumb\">\n\tRealme 10 Pro Smart Mobile Phone\n<\/span><\/div>","aioseo_breadcrumb_json":[{"label":"Home","link":"https:\/\/www.rucashk.com\/pt"},{"label":"Produtos","link":"https:\/\/www.rucashk.com\/pt\/products\/"},{"label":"Realme","link":"https:\/\/www.rucashk.com\/pt\/marca\/realme\/"},{"label":"Realme 10 Pro Smart Mobile Phone","link":"https:\/\/www.rucashk.com\/pt\/produto\/realme-10-pro-smart-mobile-phone\/"}],"_links":{"self":[{"href":"https:\/\/www.rucashk.com\/pt\/wp-json\/wp\/v2\/product\/39282","targetHints":{"allow":["GET"]}}],"collection":[{"href":"https:\/\/www.rucashk.com\/pt\/wp-json\/wp\/v2\/product"}],"about":[{"href":"https:\/\/www.rucashk.com\/pt\/wp-json\/wp\/v2\/types\/product"}],"wp:featuredmedia":[{"embeddable":true,"href":"https:\/\/www.rucashk.com\/pt\/wp-json\/wp\/v2\/media\/39285"}],"wp:attachment":[{"href":"https:\/\/www.rucashk.com\/pt\/wp-json\/wp\/v2\/media?parent=39282"}],"wp:term":[{"taxonomy":"product_brand","embeddable":true,"href":"https:\/\/www.rucashk.com\/pt\/wp-json\/wp\/v2\/product_brand?post=39282"},{"taxonomy":"product_cat","embeddable":true,"href":"https:\/\/www.rucashk.com\/pt\/wp-json\/wp\/v2\/product_cat?post=39282"},{"taxonomy":"product_tag","embeddable":true,"href":"https:\/\/www.rucashk.com\/pt\/wp-json\/wp\/v2\/product_tag?post=39282"}],"curies":[{"name":"wp","href":"https:\/\/api.w.org\/{rel}","templated":true}]}}