{"id":39272,"date":"2024-03-24T09:20:59","date_gmt":"2024-03-24T09:20:59","guid":{"rendered":"http:\/\/rucashk.com\/?post_type=product&#038;p=39272"},"modified":"2024-04-16T13:28:12","modified_gmt":"2024-04-16T13:28:12","slug":"google-pixel-8-smart-mobile-phone","status":"publish","type":"product","link":"https:\/\/www.rucashk.com\/pt\/produto\/google-pixel-8-smart-mobile-phone\/","title":{"rendered":"Celular inteligente Google Pixel 8"},"content":{"rendered":"<h2 class=\"font-SFProDisplayMedium text-2xl px-2 py-2 w-max text-secondary border-b-2 border-primary mb-4\"><strong style=\"font-size: 3.375rem; font-family: var(--mt-font__main);\"><img decoding=\"async\" alt=\"Google Pixel 8 Smart Mobile Phone\" src=\"\/wp-content\/uploads\/replace\/876a6c26cac75ace9296a70c24984373.jpeg\" \/><\/strong><\/h2>\n<p><iframe title=\"Conhe\u00e7a o Google Pixel 8 e Pixel 8 Pro\" src=\"https:\/\/www.youtube.com\/embed\/otomCbnwsv0\" width=\"1280\" height=\"720\" frameborder=\"0\" allowfullscreen=\"allowfullscreen\"><\/iframe><\/p>\n<p>Pixel 8<br \/>\nO Google Pixel 8 \u00e9 um telefone revolucion\u00e1rio que combina um design elegante com uma constru\u00e7\u00e3o robusta, garantindo durabilidade. Seu destaque \u00e9 sem d\u00favida a c\u00e2mera, que captura imagens deslumbrantes e \u00e9 equipada com um editor de IA que garante satisfa\u00e7\u00e3o a cada foto. Al\u00e9m disso, o Pixel 8 possui uma bateria de dura\u00e7\u00e3o impressionante que acompanha seu estilo de vida agitado. Repleto de uma variedade de recursos, este telefone \u00e9 uma fonte de inova\u00e7\u00e3o, tornando-o a melhor escolha para quem procura um dispositivo m\u00f3vel vers\u00e1til e confi\u00e1vel.<\/p>\n<h4 class=\"font-SFProDisplayMedium text-2xl px-2 py-2 w-max text-secondary border-b-2 border-primary mb-4\">Especifica\u00e7\u00e3o<\/h4>\n<section>\n<table class=\"table-auto w-full text-left\">\n<tbody>\n<tr>\n<td class=\"border border-card-3 p-2 w-28\">Peso<\/td>\n<td class=\"border border-card-3 p-2\">187g<\/td>\n<\/tr>\n<tr>\n<td class=\"border border-card-3 p-2 w-28\">Marca<\/td>\n<td class=\"border border-card-3 p-2\">Google<\/td>\n<\/tr>\n<tr>\n<td class=\"border border-card-3 p-2 w-28\">Sensores<\/td>\n<td class=\"border border-card-3 p-2\">Impress\u00e3o digital (sob display, \u00f3ptica), aceler\u00f4metro, girosc\u00f3pio, proximidade, b\u00fassola, bar\u00f4metro<\/td>\n<\/tr>\n<tr>\n<td class=\"border border-card-3 p-2 w-28\">Som<\/td>\n<td class=\"border border-card-3 p-2\">Sim, com alto-falantes est\u00e9reo<\/td>\n<\/tr>\n<tr>\n<td class=\"border border-card-3 p-2 w-28\">Rede<\/td>\n<td class=\"border border-card-3 p-2\">GSM\/HSPA\/LTE\/5G<\/td>\n<\/tr>\n<tr>\n<td class=\"border border-card-3 p-2 w-28\">SIM<\/td>\n<td class=\"border border-card-3 p-2\">Nano SIM e eSIM<\/td>\n<\/tr>\n<tr>\n<td class=\"border border-card-3 p-2 w-28\">Modelo<\/td>\n<td class=\"border border-card-3 p-2\">Pixel 8<\/td>\n<\/tr>\n<tr>\n<td class=\"border border-card-3 p-2 w-28\">Tamanho de exibi\u00e7\u00e3o<\/td>\n<td class=\"border border-card-3 p-2\">6,2 polegadas<\/td>\n<\/tr>\n<tr>\n<td class=\"border border-card-3 p-2 w-28\">CPU<\/td>\n<td class=\"border border-card-3 p-2\">N\u00e3o-core<\/td>\n<\/tr>\n<tr>\n<td class=\"border border-card-3 p-2 w-28\">Tipo de exibi\u00e7\u00e3o<\/td>\n<td class=\"border border-card-3 p-2\">OLED | 120 Hz | HDR10+ | 2.000 l\u00eandeas (pico)<\/td>\n<\/tr>\n<tr>\n<td class=\"border border-card-3 p-2 w-28\">Resolu\u00e7\u00e3o de v\u00eddeo<\/td>\n<td class=\"border border-card-3 p-2\">1080 x 2400 pixels<\/td>\n<\/tr>\n<tr>\n<td class=\"border border-card-3 p-2 w-28\">Chipset<\/td>\n<td class=\"border border-card-3 p-2\">Google Tensor G3 (4nm)<\/td>\n<\/tr>\n<tr>\n<td class=\"border border-card-3 p-2 w-28\">Mem\u00f3ria<\/td>\n<td class=\"border border-card-3 p-2\">128 GB 8 GB de RAM | 256 GB 8 GB de RAM<\/td>\n<\/tr>\n<tr>\n<td class=\"border border-card-3 p-2 w-28\">C\u00e2mera principal<\/td>\n<td class=\"border border-card-3 p-2\">50 MP (amplo) | 12 MP (ultra amplo) | Flash LED duplo, Pixel Shift, Ultra-HDR, panorama | 4K a 24\/30\/60fps, 1080p a 30\/60\/120\/240fps<\/td>\n<\/tr>\n<tr>\n<td class=\"border border-card-3 p-2 w-28\">Dimens\u00f5es<\/td>\n<td class=\"border border-card-3 p-2\">150,5x70,8x8,9mm<\/td>\n<\/tr>\n<tr>\n<td class=\"border border-card-3 p-2 w-28\">C\u00e2mera selfie<\/td>\n<td class=\"border border-card-3 p-2\">10,5 MP (ultra amplo) | HDR autom\u00e1tico, panorama | 4K a 24\/30\/60fps, 1080p a 30\/60fps<\/td>\n<\/tr>\n<tr>\n<td class=\"border border-card-3 p-2 w-28\">Informa\u00e7\u00f5es da bateria<\/td>\n<td class=\"border border-card-3 p-2\">\u00cdon de l\u00edtio 4575 mAh | N\u00e3o remov\u00edvel | Carregamento com fio de 27 W | 18 W sem fio<\/td>\n<\/tr>\n<tr>\n<td class=\"border border-card-3 p-2 w-28\">SO<\/td>\n<td class=\"border border-card-3 p-2\">Andr\u00f3ide 14<\/td>\n<\/tr>\n<\/tbody>\n<\/table>\n<\/section>","protected":false},"excerpt":{"rendered":"<ul>\n<li dir=\"ltr\" role=\"presentation\">Fabrica\u00e7\u00e3o robusta com moldura de alum\u00ednio, vidro resistente \u00e0 \u00e1gua e a riscos<\/li>\n<li dir=\"ltr\" role=\"presentation\">Tela de 6,2 polegadas de 120 Hz e 2.000 nits de pico para a tela mais suave e brilhante de todos os tempos<\/li>\n<li dir=\"ltr\" role=\"presentation\">O chipset Tensor G3 com a pr\u00f3xima colabora\u00e7\u00e3o de IA promove um desempenho suave e imaculado<\/li>\n<li dir=\"ltr\" role=\"presentation\">A VPN integrada ajuda voc\u00ea a contornar restri\u00e7\u00f5es geogr\u00e1ficas ou manter sua navega\u00e7\u00e3o segura<\/li>\n<li dir=\"ltr\" role=\"presentation\">Vem com um sistema de chamadas de \u00faltima gera\u00e7\u00e3o com v\u00e1rios recursos avan\u00e7ados e clareza<\/li>\n<li dir=\"ltr\" role=\"presentation\">C\u00e2meras atualizadas com tom real e foco macro para as melhores fotos que voc\u00ea pode capturar<\/li>\n<li dir=\"ltr\" role=\"presentation\">Editor AI com escala maior permite que voc\u00ea edite suas fotos e v\u00eddeos com mais detalhes<\/li>\n<li dir=\"ltr\" role=\"presentation\">24 horas de dura\u00e7\u00e3o da bateria e carregamento r\u00e1pido sempre mant\u00eam voc\u00ea livre de preocupa\u00e7\u00f5es com a bateria<\/li>\n<\/ul>","protected":false},"featured_media":39274,"template":"","meta":[],"product_brand":[1365],"product_cat":[1300,1295],"product_tag":[477],"class_list":{"0":"post-39272","1":"product","2":"type-product","3":"status-publish","4":"has-post-thumbnail","6":"product_brand-google","7":"product_cat-google-mobile-phone","8":"product_cat-mobile-phone","9":"product_tag-phone","11":"first","12":"instock","13":"shipping-taxable","14":"product-type-simple"},"aioseo_notices":[],"aioseo_head":"\n\t\t<!-- All in One SEO Pro 4.5.9.2 - aioseo.com -->\n\t\t<meta name=\"description\" content=\"Robust fabrication with aluminum frame, sturdy glass that is water &amp; scratch resistant 6.2-inch display 120Hz &amp; 2000 peak nits for the smoothest and brightest display ever Tensor G3 chipset with next fen AI collabs fosters unblemished smooth performance Built-in VPN helps you to bypass Geo-Restrictions or keep your browsing secure Comes with a next-gen calling system with multiple advanced features and clarity Upgraded cameras with real tone, and macro focus for the finest snaps you can capture AI editor with more larger scale allows you to edit your photos &amp; videos with more details 24 hours of battery life &amp; fast charging always keep you worry-free about battery\" \/>\n\t\t<meta name=\"robots\" content=\"max-image-preview:large\" \/>\n\t\t<link rel=\"canonical\" href=\"https:\/\/www.rucashk.com\/pt\/produto\/google-pixel-8-smart-mobile-phone\/\" \/>\n\t\t<meta name=\"generator\" content=\"All in One SEO Pro (AIOSEO) 4.5.9.2\" \/>\n\t\t<meta property=\"og:locale\" content=\"pt_PT\" \/>\n\t\t<meta property=\"og:site_name\" content=\"Rucas - One-stop AIoT Distribution Worldwide\" \/>\n\t\t<meta property=\"og:type\" content=\"article\" \/>\n\t\t<meta property=\"og:title\" content=\"Google Pixel 8 Smart Mobile Phone - Rucas - Wholesale and Distribution\" \/>\n\t\t<meta property=\"og:description\" content=\"Robust fabrication with aluminum frame, sturdy glass that is water &amp; scratch resistant 6.2-inch display 120Hz &amp; 2000 peak nits for the smoothest and brightest display ever Tensor G3 chipset with next fen AI collabs fosters unblemished smooth performance Built-in VPN helps you to bypass Geo-Restrictions or keep your browsing secure Comes with a next-gen calling system with multiple advanced features and clarity Upgraded cameras with real tone, and macro focus for the finest snaps you can capture AI editor with more larger scale allows you to edit your photos &amp; videos with more details 24 hours of battery life &amp; fast charging always keep you worry-free about battery\" \/>\n\t\t<meta property=\"og:url\" content=\"https:\/\/www.rucashk.com\/pt\/produto\/google-pixel-8-smart-mobile-phone\/\" \/>\n\t\t<meta property=\"og:image\" content=\"https:\/\/www.rucashk.com\/wp-content\/uploads\/replace\/503b8e645f128a97ccde2b6290747646.jpeg\" \/>\n\t\t<meta property=\"og:image:secure_url\" content=\"https:\/\/www.rucashk.com\/wp-content\/uploads\/replace\/503b8e645f128a97ccde2b6290747646.jpeg\" \/>\n\t\t<meta property=\"og:image:width\" content=\"1456\" \/>\n\t\t<meta property=\"og:image:height\" content=\"816\" \/>\n\t\t<meta property=\"article:published_time\" content=\"2024-03-24T09:20:59+00:00\" \/>\n\t\t<meta property=\"article:modified_time\" content=\"2024-04-16T13:28:12+00:00\" \/>\n\t\t<meta name=\"twitter:card\" content=\"summary_large_image\" \/>\n\t\t<meta name=\"twitter:title\" content=\"Google Pixel 8 Smart Mobile Phone - Rucas - Wholesale and Distribution\" \/>\n\t\t<meta name=\"twitter:description\" content=\"Robust fabrication with aluminum frame, sturdy glass that is water &amp; scratch resistant 6.2-inch display 120Hz &amp; 2000 peak nits for the smoothest and brightest display ever Tensor G3 chipset with next fen AI collabs fosters unblemished smooth performance Built-in VPN helps you to bypass Geo-Restrictions or keep your browsing secure Comes with a next-gen calling system with multiple advanced features and clarity Upgraded cameras with real tone, and macro focus for the finest snaps you can capture AI editor with more larger scale allows you to edit your photos &amp; videos with more details 24 hours of battery life &amp; fast charging always keep you worry-free about battery\" \/>\n\t\t<meta name=\"twitter:image\" content=\"https:\/\/www.rucashk.com\/wp-content\/uploads\/replace\/503b8e645f128a97ccde2b6290747646.jpeg\" \/>\n\t\t<script type=\"application\/ld+json\" class=\"aioseo-schema\">\n\t\t\t{\"@context\":\"https:\\\/\\\/schema.org\",\"@graph\":[{\"@type\":\"BreadcrumbList\",\"@id\":\"https:\\\/\\\/www.rucashk.com\\\/pt\\\/produto\\\/google-pixel-8-smart-mobile-phone\\\/#breadcrumblist\",\"itemListElement\":[{\"@type\":\"ListItem\",\"@id\":\"https:\\\/\\\/www.rucashk.com\\\/pt\\\/#listItem\",\"position\":1,\"name\":\"Home\",\"item\":\"https:\\\/\\\/www.rucashk.com\\\/pt\\\/\",\"nextItem\":\"https:\\\/\\\/www.rucashk.com\\\/pt\\\/produto\\\/google-pixel-8-smart-mobile-phone\\\/#listItem\"},{\"@type\":\"ListItem\",\"@id\":\"https:\\\/\\\/www.rucashk.com\\\/pt\\\/produto\\\/google-pixel-8-smart-mobile-phone\\\/#listItem\",\"position\":2,\"name\":\"Google Pixel 8 Smart Mobile Phone\",\"previousItem\":\"https:\\\/\\\/www.rucashk.com\\\/pt\\\/#listItem\"}]},{\"@type\":\"Organization\",\"@id\":\"https:\\\/\\\/www.rucashk.com\\\/pt\\\/#organization\",\"name\":\"Rucas\",\"url\":\"https:\\\/\\\/www.rucashk.com\\\/pt\\\/\",\"logo\":{\"@type\":\"ImageObject\",\"url\":\"https:\\\/\\\/www.rucashk.com\\\/wp-content\\\/uploads\\\/2023\\\/12\\\/Rucas_campany_logo.png\",\"@id\":\"https:\\\/\\\/www.rucashk.com\\\/pt\\\/produto\\\/google-pixel-8-smart-mobile-phone\\\/#organizationLogo\",\"width\":221,\"height\":65},\"image\":{\"@id\":\"https:\\\/\\\/www.rucashk.com\\\/pt\\\/#organizationLogo\"}},{\"@type\":\"Person\",\"@id\":\"https:\\\/\\\/www.rucashk.com\\\/pt\\\/author\\\/admin\\\/#author\",\"url\":\"https:\\\/\\\/www.rucashk.com\\\/pt\\\/author\\\/admin\\\/\",\"name\":\"admin\",\"image\":{\"@type\":\"ImageObject\",\"@id\":\"https:\\\/\\\/www.rucashk.com\\\/pt\\\/produto\\\/google-pixel-8-smart-mobile-phone\\\/#authorImage\",\"url\":\"https:\\\/\\\/secure.gravatar.com\\\/avatar\\\/b7c8925b09a27e72b30232f8ecaadbd5af0f70a38c78096863fe51b64f031c24?s=96&d=mm&r=g\",\"width\":96,\"height\":96,\"caption\":\"admin\"}},{\"@type\":\"WebPage\",\"@id\":\"https:\\\/\\\/www.rucashk.com\\\/pt\\\/produto\\\/google-pixel-8-smart-mobile-phone\\\/#webpage\",\"url\":\"https:\\\/\\\/www.rucashk.com\\\/pt\\\/produto\\\/google-pixel-8-smart-mobile-phone\\\/\",\"name\":\"Google Pixel 8 Smart Mobile Phone - Rucas - Wholesale and Distribution\",\"description\":\"Robust fabrication with aluminum frame, sturdy glass that is water & scratch resistant 6.2-inch display 120Hz & 2000 peak nits for the smoothest and brightest display ever Tensor G3 chipset with next fen AI collabs fosters unblemished smooth performance Built-in VPN helps you to bypass Geo-Restrictions or keep your browsing secure Comes with a next-gen calling system with multiple advanced features and clarity Upgraded cameras with real tone, and macro focus for the finest snaps you can capture AI editor with more larger scale allows you to edit your photos & videos with more details 24 hours of battery life & fast charging always keep you worry-free about battery\",\"inLanguage\":\"pt-PT\",\"isPartOf\":{\"@id\":\"https:\\\/\\\/www.rucashk.com\\\/pt\\\/#website\"},\"breadcrumb\":{\"@id\":\"https:\\\/\\\/www.rucashk.com\\\/pt\\\/produto\\\/google-pixel-8-smart-mobile-phone\\\/#breadcrumblist\"},\"author\":{\"@id\":\"https:\\\/\\\/www.rucashk.com\\\/pt\\\/author\\\/admin\\\/#author\"},\"creator\":{\"@id\":\"https:\\\/\\\/www.rucashk.com\\\/pt\\\/author\\\/admin\\\/#author\"},\"image\":{\"@type\":\"ImageObject\",\"url\":\"https:\\\/\\\/www.rucashk.com\\\/wp-content\\\/uploads\\\/2024\\\/03\\\/bf27ab40-3699-46b0-ab0f-0474452d4ebe.jpg\",\"@id\":\"https:\\\/\\\/www.rucashk.com\\\/pt\\\/produto\\\/google-pixel-8-smart-mobile-phone\\\/#mainImage\",\"width\":800,\"height\":800},\"primaryImageOfPage\":{\"@id\":\"https:\\\/\\\/www.rucashk.com\\\/pt\\\/produto\\\/google-pixel-8-smart-mobile-phone\\\/#mainImage\"},\"datePublished\":\"2024-03-24T09:20:59+00:00\",\"dateModified\":\"2024-04-16T13:28:12+00:00\"},{\"@type\":\"WebSite\",\"@id\":\"https:\\\/\\\/www.rucashk.com\\\/pt\\\/#website\",\"url\":\"https:\\\/\\\/www.rucashk.com\\\/pt\\\/\",\"name\":\"Rucas - Wholesale and distribution worldwide\",\"alternateName\":\"Rucas - One-stop AIoT Distribution Worldwide\",\"description\":\"One-stop AIoT Distribution Worldwide\",\"inLanguage\":\"pt-PT\",\"publisher\":{\"@id\":\"https:\\\/\\\/www.rucashk.com\\\/pt\\\/#organization\"}}]}\n\t\t<\/script>\n\t\t<!-- All in One SEO Pro -->\r\n\t\t<title>Google Pixel 8 Smart Mobile Phone - Rucas - Wholesale and Distribution<\/title>\n\n","aioseo_head_json":{"title":"Google Pixel 8 Smart Mobile Phone - Rucas - Wholesale and Distribution","description":"Robust fabrication with aluminum frame, sturdy glass that is water & scratch resistant 6.2-inch display 120Hz & 2000 peak nits for the smoothest and brightest display ever Tensor G3 chipset with next fen AI collabs fosters unblemished smooth performance Built-in VPN helps you to bypass Geo-Restrictions or keep your browsing secure Comes with a next-gen calling system with multiple advanced features and clarity Upgraded cameras with real tone, and macro focus for the finest snaps you can capture AI editor with more larger scale allows you to edit your photos & videos with more details 24 hours of battery life & fast charging always keep you worry-free about battery","canonical_url":"https:\/\/www.rucashk.com\/pt\/produto\/google-pixel-8-smart-mobile-phone\/","robots":"max-image-preview:large","keywords":"","webmasterTools":{"miscellaneous":""},"og:locale":"pt_PT","og:site_name":"Rucas - One-stop AIoT Distribution Worldwide","og:type":"article","og:title":"Google Pixel 8 Smart Mobile Phone - Rucas - Wholesale and Distribution","og:description":"Robust fabrication with aluminum frame, sturdy glass that is water &amp; scratch resistant 6.2-inch display 120Hz &amp; 2000 peak nits for the smoothest and brightest display ever Tensor G3 chipset with next fen AI collabs fosters unblemished smooth performance Built-in VPN helps you to bypass Geo-Restrictions or keep your browsing secure Comes with a next-gen calling system with multiple advanced features and clarity Upgraded cameras with real tone, and macro focus for the finest snaps you can capture AI editor with more larger scale allows you to edit your photos &amp; videos with more details 24 hours of battery life &amp; fast charging always keep you worry-free about battery","og:url":"https:\/\/www.rucashk.com\/pt\/produto\/google-pixel-8-smart-mobile-phone\/","og:image":"https:\/\/www.rucashk.com\/wp-content\/uploads\/replace\/503b8e645f128a97ccde2b6290747646.jpeg","og:image:secure_url":"https:\/\/www.rucashk.com\/wp-content\/uploads\/replace\/503b8e645f128a97ccde2b6290747646.jpeg","og:image:width":1456,"og:image:height":816,"article:published_time":"2024-03-24T09:20:59+00:00","article:modified_time":"2024-04-16T13:28:12+00:00","twitter:card":"summary_large_image","twitter:title":"Google Pixel 8 Smart Mobile Phone - Rucas - Wholesale and Distribution","twitter:description":"Robust fabrication with aluminum frame, sturdy glass that is water &amp; scratch resistant 6.2-inch display 120Hz &amp; 2000 peak nits for the smoothest and brightest display ever Tensor G3 chipset with next fen AI collabs fosters unblemished smooth performance Built-in VPN helps you to bypass Geo-Restrictions or keep your browsing secure Comes with a next-gen calling system with multiple advanced features and clarity Upgraded cameras with real tone, and macro focus for the finest snaps you can capture AI editor with more larger scale allows you to edit your photos &amp; videos with more details 24 hours of battery life &amp; fast charging always keep you worry-free about battery","twitter:image":"https:\/\/www.rucashk.com\/wp-content\/uploads\/replace\/503b8e645f128a97ccde2b6290747646.jpeg","schema":{"@context":"https:\/\/schema.org","@graph":[{"@type":"BreadcrumbList","@id":"https:\/\/www.rucashk.com\/pt\/produto\/google-pixel-8-smart-mobile-phone\/#breadcrumblist","itemListElement":[{"@type":"ListItem","@id":"https:\/\/www.rucashk.com\/pt\/#listItem","position":1,"name":"Home","item":"https:\/\/www.rucashk.com\/pt\/","nextItem":"https:\/\/www.rucashk.com\/pt\/produto\/google-pixel-8-smart-mobile-phone\/#listItem"},{"@type":"ListItem","@id":"https:\/\/www.rucashk.com\/pt\/produto\/google-pixel-8-smart-mobile-phone\/#listItem","position":2,"name":"Google Pixel 8 Smart Mobile Phone","previousItem":"https:\/\/www.rucashk.com\/pt\/#listItem"}]},{"@type":"Organization","@id":"https:\/\/www.rucashk.com\/pt\/#organization","name":"Rucas","url":"https:\/\/www.rucashk.com\/pt\/","logo":{"@type":"ImageObject","url":"https:\/\/www.rucashk.com\/wp-content\/uploads\/2023\/12\/Rucas_campany_logo.png","@id":"https:\/\/www.rucashk.com\/pt\/produto\/google-pixel-8-smart-mobile-phone\/#organizationLogo","width":221,"height":65},"image":{"@id":"https:\/\/www.rucashk.com\/pt\/#organizationLogo"}},{"@type":"Person","@id":"https:\/\/www.rucashk.com\/pt\/author\/admin\/#author","url":"https:\/\/www.rucashk.com\/pt\/author\/admin\/","name":"admin","image":{"@type":"ImageObject","@id":"https:\/\/www.rucashk.com\/pt\/produto\/google-pixel-8-smart-mobile-phone\/#authorImage","url":"https:\/\/secure.gravatar.com\/avatar\/b7c8925b09a27e72b30232f8ecaadbd5af0f70a38c78096863fe51b64f031c24?s=96&d=mm&r=g","width":96,"height":96,"caption":"admin"}},{"@type":"WebPage","@id":"https:\/\/www.rucashk.com\/pt\/produto\/google-pixel-8-smart-mobile-phone\/#webpage","url":"https:\/\/www.rucashk.com\/pt\/produto\/google-pixel-8-smart-mobile-phone\/","name":"Google Pixel 8 Smart Mobile Phone - Rucas - Wholesale and Distribution","description":"Robust fabrication with aluminum frame, sturdy glass that is water & scratch resistant 6.2-inch display 120Hz & 2000 peak nits for the smoothest and brightest display ever Tensor G3 chipset with next fen AI collabs fosters unblemished smooth performance Built-in VPN helps you to bypass Geo-Restrictions or keep your browsing secure Comes with a next-gen calling system with multiple advanced features and clarity Upgraded cameras with real tone, and macro focus for the finest snaps you can capture AI editor with more larger scale allows you to edit your photos & videos with more details 24 hours of battery life & fast charging always keep you worry-free about battery","inLanguage":"pt-PT","isPartOf":{"@id":"https:\/\/www.rucashk.com\/pt\/#website"},"breadcrumb":{"@id":"https:\/\/www.rucashk.com\/pt\/produto\/google-pixel-8-smart-mobile-phone\/#breadcrumblist"},"author":{"@id":"https:\/\/www.rucashk.com\/pt\/author\/admin\/#author"},"creator":{"@id":"https:\/\/www.rucashk.com\/pt\/author\/admin\/#author"},"image":{"@type":"ImageObject","url":"https:\/\/www.rucashk.com\/wp-content\/uploads\/2024\/03\/bf27ab40-3699-46b0-ab0f-0474452d4ebe.jpg","@id":"https:\/\/www.rucashk.com\/pt\/produto\/google-pixel-8-smart-mobile-phone\/#mainImage","width":800,"height":800},"primaryImageOfPage":{"@id":"https:\/\/www.rucashk.com\/pt\/produto\/google-pixel-8-smart-mobile-phone\/#mainImage"},"datePublished":"2024-03-24T09:20:59+00:00","dateModified":"2024-04-16T13:28:12+00:00"},{"@type":"WebSite","@id":"https:\/\/www.rucashk.com\/pt\/#website","url":"https:\/\/www.rucashk.com\/pt\/","name":"Rucas - Wholesale and distribution worldwide","alternateName":"Rucas - One-stop AIoT Distribution Worldwide","description":"One-stop AIoT Distribution Worldwide","inLanguage":"pt-PT","publisher":{"@id":"https:\/\/www.rucashk.com\/pt\/#organization"}}]}},"aioseo_meta_data":{"post_id":"39272","title":null,"description":null,"keywords":null,"keyphrases":null,"primary_term":null,"canonical_url":null,"og_title":null,"og_description":null,"og_object_type":"default","og_image_type":"default","og_image_url":null,"og_image_width":null,"og_image_height":null,"og_image_custom_url":null,"og_image_custom_fields":null,"og_video":null,"og_custom_url":null,"og_article_section":null,"og_article_tags":null,"twitter_use_og":false,"twitter_card":"default","twitter_image_type":"default","twitter_image_url":null,"twitter_image_custom_url":null,"twitter_image_custom_fields":null,"twitter_title":null,"twitter_description":null,"schema":{"blockGraphs":[],"customGraphs":[],"default":{"data":{"Article":[],"Course":[],"Dataset":[],"FAQPage":[],"Movie":[],"Person":[],"Product":[],"Recipe":[],"Service":[],"SoftwareApplication":[],"WebPage":[]},"graphName":"","isEnabled":true},"graphs":[]},"schema_type":"default","schema_type_options":null,"pillar_content":false,"robots_default":true,"robots_noindex":false,"robots_noarchive":false,"robots_nosnippet":false,"robots_nofollow":false,"robots_noimageindex":false,"robots_noodp":false,"robots_notranslate":false,"robots_max_snippet":null,"robots_max_videopreview":null,"robots_max_imagepreview":"large","priority":null,"frequency":null,"local_seo":null,"breadcrumb_settings":null,"limit_modified_date":false,"created":"2024-04-11 01:57:23","updated":"2025-06-22 18:48:55"},"aioseo_breadcrumb":"<div class=\"aioseo-breadcrumbs\"><span class=\"aioseo-breadcrumb\">\n\t<a href=\"https:\/\/www.rucashk.com\/pt\" title=\"Home\">Home<\/a>\n<\/span><span class=\"aioseo-breadcrumb-separator\">&raquo;<\/span><span class=\"aioseo-breadcrumb\">\n\t<a href=\"https:\/\/www.rucashk.com\/pt\/products\/\" title=\"Produtos\">Produtos<\/a>\n<\/span><span class=\"aioseo-breadcrumb-separator\">&raquo;<\/span><span class=\"aioseo-breadcrumb\">\n\t<a href=\"https:\/\/www.rucashk.com\/pt\/marca\/google\/\" title=\"Google\">Google<\/a>\n<\/span><span class=\"aioseo-breadcrumb-separator\">&raquo;<\/span><span class=\"aioseo-breadcrumb\">\n\tGoogle Pixel 8 Smart Mobile Phone\n<\/span><\/div>","aioseo_breadcrumb_json":[{"label":"Home","link":"https:\/\/www.rucashk.com\/pt"},{"label":"Produtos","link":"https:\/\/www.rucashk.com\/pt\/products\/"},{"label":"Google","link":"https:\/\/www.rucashk.com\/pt\/marca\/google\/"},{"label":"Google Pixel 8 Smart Mobile Phone","link":"https:\/\/www.rucashk.com\/pt\/produto\/google-pixel-8-smart-mobile-phone\/"}],"_links":{"self":[{"href":"https:\/\/www.rucashk.com\/pt\/wp-json\/wp\/v2\/product\/39272","targetHints":{"allow":["GET"]}}],"collection":[{"href":"https:\/\/www.rucashk.com\/pt\/wp-json\/wp\/v2\/product"}],"about":[{"href":"https:\/\/www.rucashk.com\/pt\/wp-json\/wp\/v2\/types\/product"}],"wp:featuredmedia":[{"embeddable":true,"href":"https:\/\/www.rucashk.com\/pt\/wp-json\/wp\/v2\/media\/39274"}],"wp:attachment":[{"href":"https:\/\/www.rucashk.com\/pt\/wp-json\/wp\/v2\/media?parent=39272"}],"wp:term":[{"taxonomy":"product_brand","embeddable":true,"href":"https:\/\/www.rucashk.com\/pt\/wp-json\/wp\/v2\/product_brand?post=39272"},{"taxonomy":"product_cat","embeddable":true,"href":"https:\/\/www.rucashk.com\/pt\/wp-json\/wp\/v2\/product_cat?post=39272"},{"taxonomy":"product_tag","embeddable":true,"href":"https:\/\/www.rucashk.com\/pt\/wp-json\/wp\/v2\/product_tag?post=39272"}],"curies":[{"name":"wp","href":"https:\/\/api.w.org\/{rel}","templated":true}]}}