{"id":39268,"date":"2024-03-24T09:14:58","date_gmt":"2024-03-24T09:14:58","guid":{"rendered":"http:\/\/rucashk.com\/?post_type=product&#038;p=39268"},"modified":"2024-03-24T09:14:58","modified_gmt":"2024-03-24T09:14:58","slug":"google-pixel-7-smart-mobile-phone","status":"publish","type":"product","link":"https:\/\/www.rucashk.com\/pt\/produto\/google-pixel-7-smart-mobile-phone\/","title":{"rendered":"Celular inteligente Google Pixel 7"},"content":{"rendered":"<p><iframe title=\"Conhe\u00e7a o Pixel 7 e o Pixel 7 Pro: os telefones mais avan\u00e7ados do Google\" src=\"https:\/\/www.youtube.com\/embed\/sYn_Heq8HHI\" width=\"1280\" height=\"720\" frameborder=\"0\" allowfullscreen=\"allowfullscreen\"><\/iframe><\/p>\n<p>Pixel 7<br \/>\nO Google Pixel 7 \u00e9 o carro-chefe mais recente do Google. Ele vem com uma tela maior, melhor chipset, maior dura\u00e7\u00e3o da bateria e sistema de c\u00e2mera atualizado. Com a colabora\u00e7\u00e3o de todos esses recursos, ele se torna mais poderoso do que nunca. Em uma linha, o Pixel 7 \u00e9 um smartphone elegante por fora, al\u00e9m de ter superpoderes por dentro.<\/p>\n<div id=\"tabSpecification\" class=\"px-3 pb-4 rounded drop-shadow bg-white mt-4\">\n<h2 class=\"font-SFProDisplayMedium text-2xl px-2 py-2 w-max text-secondary border-b-2 border-primary mb-4\">Especifica\u00e7\u00e3o<\/h2>\n<section>\n<table class=\"table-auto w-full text-left\">\n<tbody>\n<tr>\n<td class=\"border border-card-3 p-2 w-28\">SIM<\/td>\n<td class=\"border border-card-3 p-2\">Nano SIM e eSIM<\/td>\n<\/tr>\n<tr>\n<td class=\"border border-card-3 p-2 w-28\">Marca<\/td>\n<td class=\"border border-card-3 p-2\">Google<\/td>\n<\/tr>\n<tr>\n<td class=\"border border-card-3 p-2 w-28\">Peso<\/td>\n<td class=\"border border-card-3 p-2\">197g<\/td>\n<\/tr>\n<tr>\n<td class=\"border border-card-3 p-2 w-28\">Sensores<\/td>\n<td class=\"border border-card-3 p-2\">Impress\u00e3o digital (sob display, \u00f3ptica), aceler\u00f4metro, girosc\u00f3pio, proximidade, b\u00fassola, bar\u00f4metro<\/td>\n<\/tr>\n<tr>\n<td class=\"border border-card-3 p-2 w-28\">Som<\/td>\n<td class=\"border border-card-3 p-2\">Alto-falante<\/td>\n<\/tr>\n<tr>\n<td class=\"border border-card-3 p-2 w-28\">Rede<\/td>\n<td class=\"border border-card-3 p-2\">GSM\/CDMA\/HSPA\/EVDO\/LTE\/5G<\/td>\n<\/tr>\n<tr>\n<td class=\"border border-card-3 p-2 w-28\">Modelo<\/td>\n<td class=\"border border-card-3 p-2\">Google Pixel 7<\/td>\n<\/tr>\n<tr>\n<td class=\"border border-card-3 p-2 w-28\">Tamanho de exibi\u00e7\u00e3o<\/td>\n<td class=\"border border-card-3 p-2\">6,3 polegadas, 96,7 cm2 (propor\u00e7\u00e3o tela-corpo de ~ 84,9%)<\/td>\n<\/tr>\n<tr>\n<td class=\"border border-card-3 p-2 w-28\">CPU<\/td>\n<td class=\"border border-card-3 p-2\">Octa-core<\/td>\n<\/tr>\n<tr>\n<td class=\"border border-card-3 p-2 w-28\">Tipo de exibi\u00e7\u00e3o<\/td>\n<td class=\"border border-card-3 p-2\">AMOLED, 90 Hz, HDR10+, 1000 nits (HBM), 1400 nits (pico)<\/td>\n<\/tr>\n<tr>\n<td class=\"border border-card-3 p-2 w-28\">Resolu\u00e7\u00e3o de v\u00eddeo<\/td>\n<td class=\"border border-card-3 p-2\">1080 x 2400 pixels, propor\u00e7\u00e3o 20:9 (densidade de ~416 ppi)<\/td>\n<\/tr>\n<tr>\n<td class=\"border border-card-3 p-2 w-28\">Chipset<\/td>\n<td class=\"border border-card-3 p-2\">Google Tensor G2 (5nm)<\/td>\n<\/tr>\n<tr>\n<td class=\"border border-card-3 p-2 w-28\">Mem\u00f3ria<\/td>\n<td class=\"border border-card-3 p-2\">128 GB 8 GB de RAM | 256 GB 8 GB de RAM<\/td>\n<\/tr>\n<tr>\n<td class=\"border border-card-3 p-2 w-28\">Dimens\u00f5es<\/td>\n<td class=\"border border-card-3 p-2\">155,6x73,2x8,7mm<\/td>\n<\/tr>\n<tr>\n<td class=\"border border-card-3 p-2 w-28\">C\u00e2mera principal<\/td>\n<td class=\"border border-card-3 p-2\">50 MP + 12 MP | 4K a 30\/60fps, 1080p a 30\/60\/120\/240fps; giro-EIS, OIS, HDR de 10 bits<\/td>\n<\/tr>\n<tr>\n<td class=\"border border-card-3 p-2 w-28\">C\u00e2mera selfie<\/td>\n<td class=\"border border-card-3 p-2\">10,8MP | 4K a 30\/60 fps, 1080p a 30\/60 fps<\/td>\n<\/tr>\n<tr>\n<td class=\"border border-card-3 p-2 w-28\">SO<\/td>\n<td class=\"border border-card-3 p-2\">Android 13, atualiz\u00e1vel para Android 14<\/td>\n<\/tr>\n<tr>\n<td class=\"border border-card-3 p-2 w-28\">Informa\u00e7\u00f5es da bateria<\/td>\n<td class=\"border border-card-3 p-2\">Li-Ion 4355 mAh, n\u00e3o remov\u00edvel<\/td>\n<\/tr>\n<\/tbody>\n<\/table>\n<\/section>\n<\/div>","protected":false},"excerpt":{"rendered":"<ul>\n<li dir=\"ltr\" role=\"presentation\">Requintadamente projetado com materiais reciclados<\/li>\n<li dir=\"ltr\" role=\"presentation\">Qualidade de constru\u00e7\u00e3o s\u00f3lida com resist\u00eancia \u00e0 \u00e1gua IP68<\/li>\n<li dir=\"ltr\" role=\"presentation\">Tela mais brilhante e suave com \u00f3tima resolu\u00e7\u00e3o<\/li>\n<li dir=\"ltr\" role=\"presentation\">Processador Tensor G2 para desempenho mais poderoso<\/li>\n<li dir=\"ltr\" role=\"presentation\">Um n\u00edvel completamente novo com uma c\u00e2mera dupla com v\u00e1rios recursos<\/li>\n<li dir=\"ltr\" role=\"presentation\">Vem com mais seguran\u00e7a e prote\u00e7\u00e3o<\/li>\n<li dir=\"ltr\" role=\"presentation\">Vida \u00fatil da bateria refinada com otimiza\u00e7\u00e3o de bateria mais inteligente<\/li>\n<\/ul>","protected":false},"featured_media":39269,"template":"","meta":[],"product_brand":[1365],"product_cat":[1300,1295],"product_tag":[477],"class_list":{"0":"post-39268","1":"product","2":"type-product","3":"status-publish","4":"has-post-thumbnail","6":"product_brand-google","7":"product_cat-google-mobile-phone","8":"product_cat-mobile-phone","9":"product_tag-phone","11":"first","12":"instock","13":"shipping-taxable","14":"product-type-simple"},"aioseo_notices":[],"aioseo_head":"\n\t\t<!-- All in One SEO Pro 4.5.9.2 - aioseo.com -->\n\t\t<meta name=\"description\" content=\"Exquisitely designed with recycled materials Solid build quality with IP68 Water resistance Brighter and smoother display with great resolution Tensor G2 processor for more powerful performance A completely new level with a multi-featured dual camera Comes with more security and protection Refined battery life with smarter battery optimization\" \/>\n\t\t<meta name=\"robots\" content=\"max-image-preview:large\" \/>\n\t\t<link rel=\"canonical\" href=\"https:\/\/www.rucashk.com\/pt\/produto\/google-pixel-7-smart-mobile-phone\/\" \/>\n\t\t<meta name=\"generator\" content=\"All in One SEO Pro (AIOSEO) 4.5.9.2\" \/>\n\t\t<meta property=\"og:locale\" content=\"pt_PT\" \/>\n\t\t<meta property=\"og:site_name\" content=\"Rucas - One-stop AIoT Distribution Worldwide\" \/>\n\t\t<meta property=\"og:type\" content=\"article\" \/>\n\t\t<meta property=\"og:title\" content=\"Google Pixel 7 Smart Mobile Phone - Rucas - Wholesale and Distribution\" \/>\n\t\t<meta property=\"og:description\" content=\"Exquisitely designed with recycled materials Solid build quality with IP68 Water resistance Brighter and smoother display with great resolution Tensor G2 processor for more powerful performance A completely new level with a multi-featured dual camera Comes with more security and protection Refined battery life with smarter battery optimization\" \/>\n\t\t<meta property=\"og:url\" content=\"https:\/\/www.rucashk.com\/pt\/produto\/google-pixel-7-smart-mobile-phone\/\" \/>\n\t\t<meta property=\"og:image\" content=\"https:\/\/www.rucashk.com\/wp-content\/uploads\/replace\/503b8e645f128a97ccde2b6290747646.jpeg\" \/>\n\t\t<meta property=\"og:image:secure_url\" content=\"https:\/\/www.rucashk.com\/wp-content\/uploads\/replace\/503b8e645f128a97ccde2b6290747646.jpeg\" \/>\n\t\t<meta property=\"og:image:width\" content=\"1456\" \/>\n\t\t<meta property=\"og:image:height\" content=\"816\" \/>\n\t\t<meta property=\"article:published_time\" content=\"2024-03-24T09:14:58+00:00\" \/>\n\t\t<meta property=\"article:modified_time\" content=\"2024-03-24T09:14:58+00:00\" \/>\n\t\t<meta name=\"twitter:card\" content=\"summary_large_image\" \/>\n\t\t<meta name=\"twitter:title\" content=\"Google Pixel 7 Smart Mobile Phone - Rucas - Wholesale and Distribution\" \/>\n\t\t<meta name=\"twitter:description\" content=\"Exquisitely designed with recycled materials Solid build quality with IP68 Water resistance Brighter and smoother display with great resolution Tensor G2 processor for more powerful performance A completely new level with a multi-featured dual camera Comes with more security and protection Refined battery life with smarter battery optimization\" \/>\n\t\t<meta name=\"twitter:image\" content=\"https:\/\/www.rucashk.com\/wp-content\/uploads\/replace\/503b8e645f128a97ccde2b6290747646.jpeg\" \/>\n\t\t<script type=\"application\/ld+json\" class=\"aioseo-schema\">\n\t\t\t{\"@context\":\"https:\\\/\\\/schema.org\",\"@graph\":[{\"@type\":\"BreadcrumbList\",\"@id\":\"https:\\\/\\\/www.rucashk.com\\\/pt\\\/produto\\\/google-pixel-7-smart-mobile-phone\\\/#breadcrumblist\",\"itemListElement\":[{\"@type\":\"ListItem\",\"@id\":\"https:\\\/\\\/www.rucashk.com\\\/pt\\\/#listItem\",\"position\":1,\"name\":\"Home\",\"item\":\"https:\\\/\\\/www.rucashk.com\\\/pt\\\/\",\"nextItem\":\"https:\\\/\\\/www.rucashk.com\\\/pt\\\/produto\\\/google-pixel-7-smart-mobile-phone\\\/#listItem\"},{\"@type\":\"ListItem\",\"@id\":\"https:\\\/\\\/www.rucashk.com\\\/pt\\\/produto\\\/google-pixel-7-smart-mobile-phone\\\/#listItem\",\"position\":2,\"name\":\"Google Pixel 7 Smart Mobile Phone\",\"previousItem\":\"https:\\\/\\\/www.rucashk.com\\\/pt\\\/#listItem\"}]},{\"@type\":\"Organization\",\"@id\":\"https:\\\/\\\/www.rucashk.com\\\/pt\\\/#organization\",\"name\":\"Rucas\",\"url\":\"https:\\\/\\\/www.rucashk.com\\\/pt\\\/\",\"logo\":{\"@type\":\"ImageObject\",\"url\":\"https:\\\/\\\/www.rucashk.com\\\/wp-content\\\/uploads\\\/2023\\\/12\\\/Rucas_campany_logo.png\",\"@id\":\"https:\\\/\\\/www.rucashk.com\\\/pt\\\/produto\\\/google-pixel-7-smart-mobile-phone\\\/#organizationLogo\",\"width\":221,\"height\":65},\"image\":{\"@id\":\"https:\\\/\\\/www.rucashk.com\\\/pt\\\/#organizationLogo\"}},{\"@type\":\"Person\",\"@id\":\"https:\\\/\\\/www.rucashk.com\\\/pt\\\/author\\\/admin\\\/#author\",\"url\":\"https:\\\/\\\/www.rucashk.com\\\/pt\\\/author\\\/admin\\\/\",\"name\":\"admin\",\"image\":{\"@type\":\"ImageObject\",\"@id\":\"https:\\\/\\\/www.rucashk.com\\\/pt\\\/produto\\\/google-pixel-7-smart-mobile-phone\\\/#authorImage\",\"url\":\"https:\\\/\\\/secure.gravatar.com\\\/avatar\\\/b7c8925b09a27e72b30232f8ecaadbd5af0f70a38c78096863fe51b64f031c24?s=96&d=mm&r=g\",\"width\":96,\"height\":96,\"caption\":\"admin\"}},{\"@type\":\"WebPage\",\"@id\":\"https:\\\/\\\/www.rucashk.com\\\/pt\\\/produto\\\/google-pixel-7-smart-mobile-phone\\\/#webpage\",\"url\":\"https:\\\/\\\/www.rucashk.com\\\/pt\\\/produto\\\/google-pixel-7-smart-mobile-phone\\\/\",\"name\":\"Google Pixel 7 Smart Mobile Phone - Rucas - Wholesale and Distribution\",\"description\":\"Exquisitely designed with recycled materials Solid build quality with IP68 Water resistance Brighter and smoother display with great resolution Tensor G2 processor for more powerful performance A completely new level with a multi-featured dual camera Comes with more security and protection Refined battery life with smarter battery optimization\",\"inLanguage\":\"pt-PT\",\"isPartOf\":{\"@id\":\"https:\\\/\\\/www.rucashk.com\\\/pt\\\/#website\"},\"breadcrumb\":{\"@id\":\"https:\\\/\\\/www.rucashk.com\\\/pt\\\/produto\\\/google-pixel-7-smart-mobile-phone\\\/#breadcrumblist\"},\"author\":{\"@id\":\"https:\\\/\\\/www.rucashk.com\\\/pt\\\/author\\\/admin\\\/#author\"},\"creator\":{\"@id\":\"https:\\\/\\\/www.rucashk.com\\\/pt\\\/author\\\/admin\\\/#author\"},\"image\":{\"@type\":\"ImageObject\",\"url\":\"https:\\\/\\\/www.rucashk.com\\\/wp-content\\\/uploads\\\/2024\\\/03\\\/77602f29-f06e-42ea-9f5e-82c2535bc5f2.jpg\",\"@id\":\"https:\\\/\\\/www.rucashk.com\\\/pt\\\/produto\\\/google-pixel-7-smart-mobile-phone\\\/#mainImage\",\"width\":800,\"height\":800},\"primaryImageOfPage\":{\"@id\":\"https:\\\/\\\/www.rucashk.com\\\/pt\\\/produto\\\/google-pixel-7-smart-mobile-phone\\\/#mainImage\"},\"datePublished\":\"2024-03-24T09:14:58+00:00\",\"dateModified\":\"2024-03-24T09:14:58+00:00\"},{\"@type\":\"WebSite\",\"@id\":\"https:\\\/\\\/www.rucashk.com\\\/pt\\\/#website\",\"url\":\"https:\\\/\\\/www.rucashk.com\\\/pt\\\/\",\"name\":\"Rucas - Wholesale and distribution worldwide\",\"alternateName\":\"Rucas - One-stop AIoT Distribution Worldwide\",\"description\":\"One-stop AIoT Distribution Worldwide\",\"inLanguage\":\"pt-PT\",\"publisher\":{\"@id\":\"https:\\\/\\\/www.rucashk.com\\\/pt\\\/#organization\"}}]}\n\t\t<\/script>\n\t\t<!-- All in One SEO Pro -->\r\n\t\t<title>Google Pixel 7 Smart Mobile Phone - Rucas - Wholesale and Distribution<\/title>\n\n","aioseo_head_json":{"title":"Google Pixel 7 Smart Mobile Phone - Rucas - Wholesale and Distribution","description":"Exquisitely designed with recycled materials Solid build quality with IP68 Water resistance Brighter and smoother display with great resolution Tensor G2 processor for more powerful performance A completely new level with a multi-featured dual camera Comes with more security and protection Refined battery life with smarter battery optimization","canonical_url":"https:\/\/www.rucashk.com\/pt\/produto\/google-pixel-7-smart-mobile-phone\/","robots":"max-image-preview:large","keywords":"","webmasterTools":{"miscellaneous":""},"og:locale":"pt_PT","og:site_name":"Rucas - One-stop AIoT Distribution Worldwide","og:type":"article","og:title":"Google Pixel 7 Smart Mobile Phone - Rucas - Wholesale and Distribution","og:description":"Exquisitely designed with recycled materials Solid build quality with IP68 Water resistance Brighter and smoother display with great resolution Tensor G2 processor for more powerful performance A completely new level with a multi-featured dual camera Comes with more security and protection Refined battery life with smarter battery optimization","og:url":"https:\/\/www.rucashk.com\/pt\/produto\/google-pixel-7-smart-mobile-phone\/","og:image":"https:\/\/www.rucashk.com\/wp-content\/uploads\/replace\/503b8e645f128a97ccde2b6290747646.jpeg","og:image:secure_url":"https:\/\/www.rucashk.com\/wp-content\/uploads\/replace\/503b8e645f128a97ccde2b6290747646.jpeg","og:image:width":1456,"og:image:height":816,"article:published_time":"2024-03-24T09:14:58+00:00","article:modified_time":"2024-03-24T09:14:58+00:00","twitter:card":"summary_large_image","twitter:title":"Google Pixel 7 Smart Mobile Phone - Rucas - Wholesale and Distribution","twitter:description":"Exquisitely designed with recycled materials Solid build quality with IP68 Water resistance Brighter and smoother display with great resolution Tensor G2 processor for more powerful performance A completely new level with a multi-featured dual camera Comes with more security and protection Refined battery life with smarter battery optimization","twitter:image":"https:\/\/www.rucashk.com\/wp-content\/uploads\/replace\/503b8e645f128a97ccde2b6290747646.jpeg","schema":{"@context":"https:\/\/schema.org","@graph":[{"@type":"BreadcrumbList","@id":"https:\/\/www.rucashk.com\/pt\/produto\/google-pixel-7-smart-mobile-phone\/#breadcrumblist","itemListElement":[{"@type":"ListItem","@id":"https:\/\/www.rucashk.com\/pt\/#listItem","position":1,"name":"Home","item":"https:\/\/www.rucashk.com\/pt\/","nextItem":"https:\/\/www.rucashk.com\/pt\/produto\/google-pixel-7-smart-mobile-phone\/#listItem"},{"@type":"ListItem","@id":"https:\/\/www.rucashk.com\/pt\/produto\/google-pixel-7-smart-mobile-phone\/#listItem","position":2,"name":"Google Pixel 7 Smart Mobile Phone","previousItem":"https:\/\/www.rucashk.com\/pt\/#listItem"}]},{"@type":"Organization","@id":"https:\/\/www.rucashk.com\/pt\/#organization","name":"Rucas","url":"https:\/\/www.rucashk.com\/pt\/","logo":{"@type":"ImageObject","url":"https:\/\/www.rucashk.com\/wp-content\/uploads\/2023\/12\/Rucas_campany_logo.png","@id":"https:\/\/www.rucashk.com\/pt\/produto\/google-pixel-7-smart-mobile-phone\/#organizationLogo","width":221,"height":65},"image":{"@id":"https:\/\/www.rucashk.com\/pt\/#organizationLogo"}},{"@type":"Person","@id":"https:\/\/www.rucashk.com\/pt\/author\/admin\/#author","url":"https:\/\/www.rucashk.com\/pt\/author\/admin\/","name":"admin","image":{"@type":"ImageObject","@id":"https:\/\/www.rucashk.com\/pt\/produto\/google-pixel-7-smart-mobile-phone\/#authorImage","url":"https:\/\/secure.gravatar.com\/avatar\/b7c8925b09a27e72b30232f8ecaadbd5af0f70a38c78096863fe51b64f031c24?s=96&d=mm&r=g","width":96,"height":96,"caption":"admin"}},{"@type":"WebPage","@id":"https:\/\/www.rucashk.com\/pt\/produto\/google-pixel-7-smart-mobile-phone\/#webpage","url":"https:\/\/www.rucashk.com\/pt\/produto\/google-pixel-7-smart-mobile-phone\/","name":"Google Pixel 7 Smart Mobile Phone - Rucas - Wholesale and Distribution","description":"Exquisitely designed with recycled materials Solid build quality with IP68 Water resistance Brighter and smoother display with great resolution Tensor G2 processor for more powerful performance A completely new level with a multi-featured dual camera Comes with more security and protection Refined battery life with smarter battery optimization","inLanguage":"pt-PT","isPartOf":{"@id":"https:\/\/www.rucashk.com\/pt\/#website"},"breadcrumb":{"@id":"https:\/\/www.rucashk.com\/pt\/produto\/google-pixel-7-smart-mobile-phone\/#breadcrumblist"},"author":{"@id":"https:\/\/www.rucashk.com\/pt\/author\/admin\/#author"},"creator":{"@id":"https:\/\/www.rucashk.com\/pt\/author\/admin\/#author"},"image":{"@type":"ImageObject","url":"https:\/\/www.rucashk.com\/wp-content\/uploads\/2024\/03\/77602f29-f06e-42ea-9f5e-82c2535bc5f2.jpg","@id":"https:\/\/www.rucashk.com\/pt\/produto\/google-pixel-7-smart-mobile-phone\/#mainImage","width":800,"height":800},"primaryImageOfPage":{"@id":"https:\/\/www.rucashk.com\/pt\/produto\/google-pixel-7-smart-mobile-phone\/#mainImage"},"datePublished":"2024-03-24T09:14:58+00:00","dateModified":"2024-03-24T09:14:58+00:00"},{"@type":"WebSite","@id":"https:\/\/www.rucashk.com\/pt\/#website","url":"https:\/\/www.rucashk.com\/pt\/","name":"Rucas - Wholesale and distribution worldwide","alternateName":"Rucas - One-stop AIoT Distribution Worldwide","description":"One-stop AIoT Distribution Worldwide","inLanguage":"pt-PT","publisher":{"@id":"https:\/\/www.rucashk.com\/pt\/#organization"}}]}},"aioseo_meta_data":{"post_id":"39268","title":null,"description":null,"keywords":null,"keyphrases":null,"primary_term":null,"canonical_url":null,"og_title":null,"og_description":null,"og_object_type":"default","og_image_type":"default","og_image_url":null,"og_image_width":null,"og_image_height":null,"og_image_custom_url":null,"og_image_custom_fields":null,"og_video":null,"og_custom_url":null,"og_article_section":null,"og_article_tags":null,"twitter_use_og":false,"twitter_card":"default","twitter_image_type":"default","twitter_image_url":null,"twitter_image_custom_url":null,"twitter_image_custom_fields":null,"twitter_title":null,"twitter_description":null,"schema":{"blockGraphs":[],"customGraphs":[],"default":{"data":{"Article":[],"Course":[],"Dataset":[],"FAQPage":[],"Movie":[],"Person":[],"Product":[],"Recipe":[],"Service":[],"SoftwareApplication":[],"WebPage":[]},"graphName":"","isEnabled":true},"graphs":[]},"schema_type":"default","schema_type_options":null,"pillar_content":false,"robots_default":true,"robots_noindex":false,"robots_noarchive":false,"robots_nosnippet":false,"robots_nofollow":false,"robots_noimageindex":false,"robots_noodp":false,"robots_notranslate":false,"robots_max_snippet":null,"robots_max_videopreview":null,"robots_max_imagepreview":"large","priority":null,"frequency":null,"local_seo":null,"breadcrumb_settings":null,"limit_modified_date":false,"created":"2024-04-11 01:57:23","updated":"2025-06-22 18:48:55"},"aioseo_breadcrumb":"<div class=\"aioseo-breadcrumbs\"><span class=\"aioseo-breadcrumb\">\n\t<a href=\"https:\/\/www.rucashk.com\/pt\" title=\"Home\">Home<\/a>\n<\/span><span class=\"aioseo-breadcrumb-separator\">&raquo;<\/span><span class=\"aioseo-breadcrumb\">\n\t<a href=\"https:\/\/www.rucashk.com\/pt\/products\/\" title=\"Produtos\">Produtos<\/a>\n<\/span><span class=\"aioseo-breadcrumb-separator\">&raquo;<\/span><span class=\"aioseo-breadcrumb\">\n\t<a href=\"https:\/\/www.rucashk.com\/pt\/marca\/google\/\" title=\"Google\">Google<\/a>\n<\/span><span class=\"aioseo-breadcrumb-separator\">&raquo;<\/span><span class=\"aioseo-breadcrumb\">\n\tGoogle Pixel 7 Smart Mobile Phone\n<\/span><\/div>","aioseo_breadcrumb_json":[{"label":"Home","link":"https:\/\/www.rucashk.com\/pt"},{"label":"Produtos","link":"https:\/\/www.rucashk.com\/pt\/products\/"},{"label":"Google","link":"https:\/\/www.rucashk.com\/pt\/marca\/google\/"},{"label":"Google Pixel 7 Smart Mobile Phone","link":"https:\/\/www.rucashk.com\/pt\/produto\/google-pixel-7-smart-mobile-phone\/"}],"_links":{"self":[{"href":"https:\/\/www.rucashk.com\/pt\/wp-json\/wp\/v2\/product\/39268","targetHints":{"allow":["GET"]}}],"collection":[{"href":"https:\/\/www.rucashk.com\/pt\/wp-json\/wp\/v2\/product"}],"about":[{"href":"https:\/\/www.rucashk.com\/pt\/wp-json\/wp\/v2\/types\/product"}],"wp:featuredmedia":[{"embeddable":true,"href":"https:\/\/www.rucashk.com\/pt\/wp-json\/wp\/v2\/media\/39269"}],"wp:attachment":[{"href":"https:\/\/www.rucashk.com\/pt\/wp-json\/wp\/v2\/media?parent=39268"}],"wp:term":[{"taxonomy":"product_brand","embeddable":true,"href":"https:\/\/www.rucashk.com\/pt\/wp-json\/wp\/v2\/product_brand?post=39268"},{"taxonomy":"product_cat","embeddable":true,"href":"https:\/\/www.rucashk.com\/pt\/wp-json\/wp\/v2\/product_cat?post=39268"},{"taxonomy":"product_tag","embeddable":true,"href":"https:\/\/www.rucashk.com\/pt\/wp-json\/wp\/v2\/product_tag?post=39268"}],"curies":[{"name":"wp","href":"https:\/\/api.w.org\/{rel}","templated":true}]}}