{"id":39262,"date":"2024-03-24T09:08:14","date_gmt":"2024-03-24T09:08:14","guid":{"rendered":"http:\/\/rucashk.com\/?post_type=product&#038;p=39262"},"modified":"2024-03-24T09:08:14","modified_gmt":"2024-03-24T09:08:14","slug":"google-pixel-6a-smart-mobile-phone","status":"publish","type":"product","link":"https:\/\/www.rucashk.com\/pt\/produto\/google-pixel-6a-smart-mobile-phone\/","title":{"rendered":"Celular inteligente Google Pixel 6A"},"content":{"rendered":"<p><iframe title=\"Conhe\u00e7a o Pixel 6a\" src=\"https:\/\/www.youtube.com\/embed\/57k2CLthY6U\" width=\"1280\" height=\"720\" frameborder=\"0\" allowfullscreen=\"allowfullscreen\"><\/iframe><\/p>\n<p>Google Tensor \u2013 mais poderoso do que nunca<br \/>\nO Pixel 6a inclui um chipset Tensor. Um poderoso chipset personalizado do Google. O Tensor \u00e9 usado como chipset em todos os telefones da s\u00e9rie Google Pixel 6. Isso significa que o Pixel 6a tem o mesmo c\u00e9rebro de seu irm\u00e3o mais velho, Pixel 6 Pro. Este processador Google Tensor personalizado aumenta o desempenho, iniciando os aplicativos rapidamente, carregando p\u00e1ginas e imagens rapidamente e executando tudo sem problemas.<\/p>\n<p>Vida \u00fatil da bateria - melhor do que nunca<br \/>\nO Google Pixel 6a possui bateria com otimiza\u00e7\u00e3o inteligente. O sistema de bateria otimiza a bateria de forma inteligente, aprendendo o m\u00e9todo de execu\u00e7\u00e3o do aplicativo. Otimiza seu aplicativo favorito ou mais usado e economiza energia. \u00c9 assim que a bateria adaptativa do Pixel pode durar o dia todo. A economia de bateria do sistema pode estender a vida \u00fatil da bateria a uma dura\u00e7\u00e3o extrema, exatamente 72 horas. O carregador r\u00e1pido elimina a dor de cabe\u00e7a do carregamento. Voc\u00ea pode obter grande pot\u00eancia em apenas alguns minutos com o carregamento r\u00e1pido com fio.<\/p>\n<table class=\"table-auto w-full text-left\">\n<tbody>\n<tr>\n<td class=\"border border-card-3 p-2 w-28\">Marca<\/td>\n<td class=\"border border-card-3 p-2\">Google<\/td>\n<\/tr>\n<tr>\n<td class=\"border border-card-3 p-2 w-28\">Modelo<\/td>\n<td class=\"border border-card-3 p-2\">Pixel 6a 5G<\/td>\n<\/tr>\n<tr>\n<td class=\"border border-card-3 p-2 w-28\">Tamanho de exibi\u00e7\u00e3o<\/td>\n<td class=\"border border-card-3 p-2\">6,1 polegadas, 90,7 cm2 (propor\u00e7\u00e3o tela-corpo de ~83,0%)<\/td>\n<\/tr>\n<tr>\n<td class=\"border border-card-3 p-2 w-28\">Tipo de exibi\u00e7\u00e3o<\/td>\n<td class=\"border border-card-3 p-2\">OLED, HDR<\/td>\n<\/tr>\n<tr>\n<td class=\"border border-card-3 p-2 w-28\">Resolu\u00e7\u00e3o de v\u00eddeo<\/td>\n<td class=\"border border-card-3 p-2\">1080 x 2400 pixels, propor\u00e7\u00e3o 20:9 (densidade de ~429 ppi)<\/td>\n<\/tr>\n<tr>\n<td class=\"border border-card-3 p-2 w-28\">Chipset<\/td>\n<td class=\"border border-card-3 p-2\">Google Tensor (5nm)<\/td>\n<\/tr>\n<tr>\n<td class=\"border border-card-3 p-2 w-28\">Mem\u00f3ria<\/td>\n<td class=\"border border-card-3 p-2\">128 GB 6 GB de RAM<\/td>\n<\/tr>\n<tr>\n<td class=\"border border-card-3 p-2 w-28\">C\u00e2mera principal<\/td>\n<td class=\"border border-card-3 p-2\">12,2 MP + 12 MP | 4K a 30\/60fps, 1080p a 30\/60\/120\/240fps; giro-EIS, OIS<\/td>\n<\/tr>\n<tr>\n<td class=\"border border-card-3 p-2 w-28\">C\u00e2mera selfie<\/td>\n<td class=\"border border-card-3 p-2\">8 MP | 1080p@30fps<\/td>\n<\/tr>\n<tr>\n<td class=\"border border-card-3 p-2 w-28\">Informa\u00e7\u00f5es da bateria<\/td>\n<td class=\"border border-card-3 p-2\">Li-Po 4410 mAh, n\u00e3o remov\u00edvel<\/td>\n<\/tr>\n<\/tbody>\n<\/table>","protected":false},"excerpt":{"rendered":"<p>Pixel 6 Pro 5G \u2013 \u00e9 um carro-chefe recente da s\u00e9rie Google Pixel Phone. Inclui um chipset Google Tensor exclusivo para aumentar o desempenho e cores marcantes com design magistral para aumentar a atra\u00e7\u00e3o. A c\u00e2mera excepcional familiar dos telefones Pixel vem com mais recursos e o Google est\u00e1 sempre preocupado com sua seguran\u00e7a. No geral, o Pixel 6 Pro \u00e9 o seu sonho Android que cumpre o seu smartphone em todos os aspectos.<\/p>","protected":false},"featured_media":39264,"template":"","meta":[],"product_brand":[1365],"product_cat":[1300,1295],"product_tag":[477],"class_list":{"0":"post-39262","1":"product","2":"type-product","3":"status-publish","4":"has-post-thumbnail","6":"product_brand-google","7":"product_cat-google-mobile-phone","8":"product_cat-mobile-phone","9":"product_tag-phone","11":"first","12":"instock","13":"shipping-taxable","14":"product-type-simple"},"aioseo_notices":[],"aioseo_head":"\n\t\t<!-- All in One SEO Pro 4.5.9.2 - aioseo.com -->\n\t\t<meta name=\"description\" content=\"Pixel 6 Pro 5G- is a recent flagship from the Google Pixel Phone series. Packs an exclusive Google Tensor Chipset to boost performance and striking colors with masterful design to escalate attraction. Familiar exceptional camera from Pixel phones comes with more features and Google is always concerned about your Security. Overall, the Pixel 6 Pro is your Android dream that fulfills your smartphone in every aspect.\" \/>\n\t\t<meta name=\"robots\" content=\"max-image-preview:large\" \/>\n\t\t<link rel=\"canonical\" href=\"https:\/\/www.rucashk.com\/pt\/produto\/google-pixel-6a-smart-mobile-phone\/\" \/>\n\t\t<meta name=\"generator\" content=\"All in One SEO Pro (AIOSEO) 4.5.9.2\" \/>\n\t\t<meta property=\"og:locale\" content=\"pt_PT\" \/>\n\t\t<meta property=\"og:site_name\" content=\"Rucas - One-stop AIoT Distribution Worldwide\" \/>\n\t\t<meta property=\"og:type\" content=\"article\" \/>\n\t\t<meta property=\"og:title\" content=\"Google Pixel 6A Smart Mobile Phone - Rucas - Wholesale and Distribution\" \/>\n\t\t<meta property=\"og:description\" content=\"Pixel 6 Pro 5G- is a recent flagship from the Google Pixel Phone series. Packs an exclusive Google Tensor Chipset to boost performance and striking colors with masterful design to escalate attraction. Familiar exceptional camera from Pixel phones comes with more features and Google is always concerned about your Security. Overall, the Pixel 6 Pro is your Android dream that fulfills your smartphone in every aspect.\" \/>\n\t\t<meta property=\"og:url\" content=\"https:\/\/www.rucashk.com\/pt\/produto\/google-pixel-6a-smart-mobile-phone\/\" \/>\n\t\t<meta property=\"og:image\" content=\"https:\/\/www.rucashk.com\/wp-content\/uploads\/replace\/503b8e645f128a97ccde2b6290747646.jpeg\" \/>\n\t\t<meta property=\"og:image:secure_url\" content=\"https:\/\/www.rucashk.com\/wp-content\/uploads\/replace\/503b8e645f128a97ccde2b6290747646.jpeg\" \/>\n\t\t<meta property=\"og:image:width\" content=\"1456\" \/>\n\t\t<meta property=\"og:image:height\" content=\"816\" \/>\n\t\t<meta property=\"article:published_time\" content=\"2024-03-24T09:08:14+00:00\" \/>\n\t\t<meta property=\"article:modified_time\" content=\"2024-03-24T09:08:14+00:00\" \/>\n\t\t<meta name=\"twitter:card\" content=\"summary_large_image\" \/>\n\t\t<meta name=\"twitter:title\" content=\"Google Pixel 6A Smart Mobile Phone - Rucas - Wholesale and Distribution\" \/>\n\t\t<meta name=\"twitter:description\" content=\"Pixel 6 Pro 5G- is a recent flagship from the Google Pixel Phone series. Packs an exclusive Google Tensor Chipset to boost performance and striking colors with masterful design to escalate attraction. Familiar exceptional camera from Pixel phones comes with more features and Google is always concerned about your Security. Overall, the Pixel 6 Pro is your Android dream that fulfills your smartphone in every aspect.\" \/>\n\t\t<meta name=\"twitter:image\" content=\"https:\/\/www.rucashk.com\/wp-content\/uploads\/replace\/503b8e645f128a97ccde2b6290747646.jpeg\" \/>\n\t\t<script type=\"application\/ld+json\" class=\"aioseo-schema\">\n\t\t\t{\"@context\":\"https:\\\/\\\/schema.org\",\"@graph\":[{\"@type\":\"BreadcrumbList\",\"@id\":\"https:\\\/\\\/www.rucashk.com\\\/pt\\\/produto\\\/google-pixel-6a-smart-mobile-phone\\\/#breadcrumblist\",\"itemListElement\":[{\"@type\":\"ListItem\",\"@id\":\"https:\\\/\\\/www.rucashk.com\\\/pt\\\/#listItem\",\"position\":1,\"name\":\"Home\",\"item\":\"https:\\\/\\\/www.rucashk.com\\\/pt\\\/\",\"nextItem\":\"https:\\\/\\\/www.rucashk.com\\\/pt\\\/produto\\\/google-pixel-6a-smart-mobile-phone\\\/#listItem\"},{\"@type\":\"ListItem\",\"@id\":\"https:\\\/\\\/www.rucashk.com\\\/pt\\\/produto\\\/google-pixel-6a-smart-mobile-phone\\\/#listItem\",\"position\":2,\"name\":\"Google Pixel 6A Smart Mobile Phone\",\"previousItem\":\"https:\\\/\\\/www.rucashk.com\\\/pt\\\/#listItem\"}]},{\"@type\":\"Organization\",\"@id\":\"https:\\\/\\\/www.rucashk.com\\\/pt\\\/#organization\",\"name\":\"Rucas\",\"url\":\"https:\\\/\\\/www.rucashk.com\\\/pt\\\/\",\"logo\":{\"@type\":\"ImageObject\",\"url\":\"https:\\\/\\\/www.rucashk.com\\\/wp-content\\\/uploads\\\/2023\\\/12\\\/Rucas_campany_logo.png\",\"@id\":\"https:\\\/\\\/www.rucashk.com\\\/pt\\\/produto\\\/google-pixel-6a-smart-mobile-phone\\\/#organizationLogo\",\"width\":221,\"height\":65},\"image\":{\"@id\":\"https:\\\/\\\/www.rucashk.com\\\/pt\\\/#organizationLogo\"}},{\"@type\":\"Person\",\"@id\":\"https:\\\/\\\/www.rucashk.com\\\/pt\\\/author\\\/admin\\\/#author\",\"url\":\"https:\\\/\\\/www.rucashk.com\\\/pt\\\/author\\\/admin\\\/\",\"name\":\"admin\",\"image\":{\"@type\":\"ImageObject\",\"@id\":\"https:\\\/\\\/www.rucashk.com\\\/pt\\\/produto\\\/google-pixel-6a-smart-mobile-phone\\\/#authorImage\",\"url\":\"https:\\\/\\\/secure.gravatar.com\\\/avatar\\\/b7c8925b09a27e72b30232f8ecaadbd5af0f70a38c78096863fe51b64f031c24?s=96&d=mm&r=g\",\"width\":96,\"height\":96,\"caption\":\"admin\"}},{\"@type\":\"WebPage\",\"@id\":\"https:\\\/\\\/www.rucashk.com\\\/pt\\\/produto\\\/google-pixel-6a-smart-mobile-phone\\\/#webpage\",\"url\":\"https:\\\/\\\/www.rucashk.com\\\/pt\\\/produto\\\/google-pixel-6a-smart-mobile-phone\\\/\",\"name\":\"Google Pixel 6A Smart Mobile Phone - Rucas - Wholesale and Distribution\",\"description\":\"Pixel 6 Pro 5G- is a recent flagship from the Google Pixel Phone series. Packs an exclusive Google Tensor Chipset to boost performance and striking colors with masterful design to escalate attraction. Familiar exceptional camera from Pixel phones comes with more features and Google is always concerned about your Security. Overall, the Pixel 6 Pro is your Android dream that fulfills your smartphone in every aspect.\",\"inLanguage\":\"pt-PT\",\"isPartOf\":{\"@id\":\"https:\\\/\\\/www.rucashk.com\\\/pt\\\/#website\"},\"breadcrumb\":{\"@id\":\"https:\\\/\\\/www.rucashk.com\\\/pt\\\/produto\\\/google-pixel-6a-smart-mobile-phone\\\/#breadcrumblist\"},\"author\":{\"@id\":\"https:\\\/\\\/www.rucashk.com\\\/pt\\\/author\\\/admin\\\/#author\"},\"creator\":{\"@id\":\"https:\\\/\\\/www.rucashk.com\\\/pt\\\/author\\\/admin\\\/#author\"},\"image\":{\"@type\":\"ImageObject\",\"url\":\"https:\\\/\\\/www.rucashk.com\\\/wp-content\\\/uploads\\\/2024\\\/03\\\/51RGPTAnkFL.jpg\",\"@id\":\"https:\\\/\\\/www.rucashk.com\\\/pt\\\/produto\\\/google-pixel-6a-smart-mobile-phone\\\/#mainImage\",\"width\":1500,\"height\":1500},\"primaryImageOfPage\":{\"@id\":\"https:\\\/\\\/www.rucashk.com\\\/pt\\\/produto\\\/google-pixel-6a-smart-mobile-phone\\\/#mainImage\"},\"datePublished\":\"2024-03-24T09:08:14+00:00\",\"dateModified\":\"2024-03-24T09:08:14+00:00\"},{\"@type\":\"WebSite\",\"@id\":\"https:\\\/\\\/www.rucashk.com\\\/pt\\\/#website\",\"url\":\"https:\\\/\\\/www.rucashk.com\\\/pt\\\/\",\"name\":\"Rucas - Wholesale and distribution worldwide\",\"alternateName\":\"Rucas - One-stop AIoT Distribution Worldwide\",\"description\":\"One-stop AIoT Distribution Worldwide\",\"inLanguage\":\"pt-PT\",\"publisher\":{\"@id\":\"https:\\\/\\\/www.rucashk.com\\\/pt\\\/#organization\"}}]}\n\t\t<\/script>\n\t\t<!-- All in One SEO Pro -->\r\n\t\t<title>Google Pixel 6A Smart Mobile Phone - Rucas - Wholesale and Distribution<\/title>\n\n","aioseo_head_json":{"title":"Google Pixel 6A Smart Mobile Phone - Rucas - Wholesale and Distribution","description":"Pixel 6 Pro 5G- is a recent flagship from the Google Pixel Phone series. Packs an exclusive Google Tensor Chipset to boost performance and striking colors with masterful design to escalate attraction. Familiar exceptional camera from Pixel phones comes with more features and Google is always concerned about your Security. Overall, the Pixel 6 Pro is your Android dream that fulfills your smartphone in every aspect.","canonical_url":"https:\/\/www.rucashk.com\/pt\/produto\/google-pixel-6a-smart-mobile-phone\/","robots":"max-image-preview:large","keywords":"","webmasterTools":{"miscellaneous":""},"og:locale":"pt_PT","og:site_name":"Rucas - One-stop AIoT Distribution Worldwide","og:type":"article","og:title":"Google Pixel 6A Smart Mobile Phone - Rucas - Wholesale and Distribution","og:description":"Pixel 6 Pro 5G- is a recent flagship from the Google Pixel Phone series. Packs an exclusive Google Tensor Chipset to boost performance and striking colors with masterful design to escalate attraction. Familiar exceptional camera from Pixel phones comes with more features and Google is always concerned about your Security. Overall, the Pixel 6 Pro is your Android dream that fulfills your smartphone in every aspect.","og:url":"https:\/\/www.rucashk.com\/pt\/produto\/google-pixel-6a-smart-mobile-phone\/","og:image":"https:\/\/www.rucashk.com\/wp-content\/uploads\/replace\/503b8e645f128a97ccde2b6290747646.jpeg","og:image:secure_url":"https:\/\/www.rucashk.com\/wp-content\/uploads\/replace\/503b8e645f128a97ccde2b6290747646.jpeg","og:image:width":1456,"og:image:height":816,"article:published_time":"2024-03-24T09:08:14+00:00","article:modified_time":"2024-03-24T09:08:14+00:00","twitter:card":"summary_large_image","twitter:title":"Google Pixel 6A Smart Mobile Phone - Rucas - Wholesale and Distribution","twitter:description":"Pixel 6 Pro 5G- is a recent flagship from the Google Pixel Phone series. Packs an exclusive Google Tensor Chipset to boost performance and striking colors with masterful design to escalate attraction. Familiar exceptional camera from Pixel phones comes with more features and Google is always concerned about your Security. Overall, the Pixel 6 Pro is your Android dream that fulfills your smartphone in every aspect.","twitter:image":"https:\/\/www.rucashk.com\/wp-content\/uploads\/replace\/503b8e645f128a97ccde2b6290747646.jpeg","schema":{"@context":"https:\/\/schema.org","@graph":[{"@type":"BreadcrumbList","@id":"https:\/\/www.rucashk.com\/pt\/produto\/google-pixel-6a-smart-mobile-phone\/#breadcrumblist","itemListElement":[{"@type":"ListItem","@id":"https:\/\/www.rucashk.com\/pt\/#listItem","position":1,"name":"Home","item":"https:\/\/www.rucashk.com\/pt\/","nextItem":"https:\/\/www.rucashk.com\/pt\/produto\/google-pixel-6a-smart-mobile-phone\/#listItem"},{"@type":"ListItem","@id":"https:\/\/www.rucashk.com\/pt\/produto\/google-pixel-6a-smart-mobile-phone\/#listItem","position":2,"name":"Google Pixel 6A Smart Mobile Phone","previousItem":"https:\/\/www.rucashk.com\/pt\/#listItem"}]},{"@type":"Organization","@id":"https:\/\/www.rucashk.com\/pt\/#organization","name":"Rucas","url":"https:\/\/www.rucashk.com\/pt\/","logo":{"@type":"ImageObject","url":"https:\/\/www.rucashk.com\/wp-content\/uploads\/2023\/12\/Rucas_campany_logo.png","@id":"https:\/\/www.rucashk.com\/pt\/produto\/google-pixel-6a-smart-mobile-phone\/#organizationLogo","width":221,"height":65},"image":{"@id":"https:\/\/www.rucashk.com\/pt\/#organizationLogo"}},{"@type":"Person","@id":"https:\/\/www.rucashk.com\/pt\/author\/admin\/#author","url":"https:\/\/www.rucashk.com\/pt\/author\/admin\/","name":"admin","image":{"@type":"ImageObject","@id":"https:\/\/www.rucashk.com\/pt\/produto\/google-pixel-6a-smart-mobile-phone\/#authorImage","url":"https:\/\/secure.gravatar.com\/avatar\/b7c8925b09a27e72b30232f8ecaadbd5af0f70a38c78096863fe51b64f031c24?s=96&d=mm&r=g","width":96,"height":96,"caption":"admin"}},{"@type":"WebPage","@id":"https:\/\/www.rucashk.com\/pt\/produto\/google-pixel-6a-smart-mobile-phone\/#webpage","url":"https:\/\/www.rucashk.com\/pt\/produto\/google-pixel-6a-smart-mobile-phone\/","name":"Google Pixel 6A Smart Mobile Phone - Rucas - Wholesale and Distribution","description":"Pixel 6 Pro 5G- is a recent flagship from the Google Pixel Phone series. Packs an exclusive Google Tensor Chipset to boost performance and striking colors with masterful design to escalate attraction. Familiar exceptional camera from Pixel phones comes with more features and Google is always concerned about your Security. Overall, the Pixel 6 Pro is your Android dream that fulfills your smartphone in every aspect.","inLanguage":"pt-PT","isPartOf":{"@id":"https:\/\/www.rucashk.com\/pt\/#website"},"breadcrumb":{"@id":"https:\/\/www.rucashk.com\/pt\/produto\/google-pixel-6a-smart-mobile-phone\/#breadcrumblist"},"author":{"@id":"https:\/\/www.rucashk.com\/pt\/author\/admin\/#author"},"creator":{"@id":"https:\/\/www.rucashk.com\/pt\/author\/admin\/#author"},"image":{"@type":"ImageObject","url":"https:\/\/www.rucashk.com\/wp-content\/uploads\/2024\/03\/51RGPTAnkFL.jpg","@id":"https:\/\/www.rucashk.com\/pt\/produto\/google-pixel-6a-smart-mobile-phone\/#mainImage","width":1500,"height":1500},"primaryImageOfPage":{"@id":"https:\/\/www.rucashk.com\/pt\/produto\/google-pixel-6a-smart-mobile-phone\/#mainImage"},"datePublished":"2024-03-24T09:08:14+00:00","dateModified":"2024-03-24T09:08:14+00:00"},{"@type":"WebSite","@id":"https:\/\/www.rucashk.com\/pt\/#website","url":"https:\/\/www.rucashk.com\/pt\/","name":"Rucas - Wholesale and distribution worldwide","alternateName":"Rucas - One-stop AIoT Distribution Worldwide","description":"One-stop AIoT Distribution Worldwide","inLanguage":"pt-PT","publisher":{"@id":"https:\/\/www.rucashk.com\/pt\/#organization"}}]}},"aioseo_meta_data":{"post_id":"39262","title":null,"description":null,"keywords":null,"keyphrases":null,"primary_term":null,"canonical_url":null,"og_title":null,"og_description":null,"og_object_type":"default","og_image_type":"default","og_image_url":null,"og_image_width":null,"og_image_height":null,"og_image_custom_url":null,"og_image_custom_fields":null,"og_video":null,"og_custom_url":null,"og_article_section":null,"og_article_tags":null,"twitter_use_og":false,"twitter_card":"default","twitter_image_type":"default","twitter_image_url":null,"twitter_image_custom_url":null,"twitter_image_custom_fields":null,"twitter_title":null,"twitter_description":null,"schema":{"blockGraphs":[],"customGraphs":[],"default":{"data":{"Article":[],"Course":[],"Dataset":[],"FAQPage":[],"Movie":[],"Person":[],"Product":[],"Recipe":[],"Service":[],"SoftwareApplication":[],"WebPage":[]},"graphName":"","isEnabled":true},"graphs":[]},"schema_type":"default","schema_type_options":null,"pillar_content":false,"robots_default":true,"robots_noindex":false,"robots_noarchive":false,"robots_nosnippet":false,"robots_nofollow":false,"robots_noimageindex":false,"robots_noodp":false,"robots_notranslate":false,"robots_max_snippet":null,"robots_max_videopreview":null,"robots_max_imagepreview":"large","priority":null,"frequency":null,"local_seo":null,"breadcrumb_settings":null,"limit_modified_date":false,"created":"2024-04-11 01:57:23","updated":"2025-06-22 18:48:55"},"aioseo_breadcrumb":"<div class=\"aioseo-breadcrumbs\"><span class=\"aioseo-breadcrumb\">\n\t<a href=\"https:\/\/www.rucashk.com\/pt\" title=\"Home\">Home<\/a>\n<\/span><span class=\"aioseo-breadcrumb-separator\">&raquo;<\/span><span class=\"aioseo-breadcrumb\">\n\t<a href=\"https:\/\/www.rucashk.com\/pt\/products\/\" title=\"Produtos\">Produtos<\/a>\n<\/span><span class=\"aioseo-breadcrumb-separator\">&raquo;<\/span><span class=\"aioseo-breadcrumb\">\n\t<a href=\"https:\/\/www.rucashk.com\/pt\/marca\/google\/\" title=\"Google\">Google<\/a>\n<\/span><span class=\"aioseo-breadcrumb-separator\">&raquo;<\/span><span class=\"aioseo-breadcrumb\">\n\tGoogle Pixel 6A Smart Mobile Phone\n<\/span><\/div>","aioseo_breadcrumb_json":[{"label":"Home","link":"https:\/\/www.rucashk.com\/pt"},{"label":"Produtos","link":"https:\/\/www.rucashk.com\/pt\/products\/"},{"label":"Google","link":"https:\/\/www.rucashk.com\/pt\/marca\/google\/"},{"label":"Google Pixel 6A Smart Mobile Phone","link":"https:\/\/www.rucashk.com\/pt\/produto\/google-pixel-6a-smart-mobile-phone\/"}],"_links":{"self":[{"href":"https:\/\/www.rucashk.com\/pt\/wp-json\/wp\/v2\/product\/39262","targetHints":{"allow":["GET"]}}],"collection":[{"href":"https:\/\/www.rucashk.com\/pt\/wp-json\/wp\/v2\/product"}],"about":[{"href":"https:\/\/www.rucashk.com\/pt\/wp-json\/wp\/v2\/types\/product"}],"wp:featuredmedia":[{"embeddable":true,"href":"https:\/\/www.rucashk.com\/pt\/wp-json\/wp\/v2\/media\/39264"}],"wp:attachment":[{"href":"https:\/\/www.rucashk.com\/pt\/wp-json\/wp\/v2\/media?parent=39262"}],"wp:term":[{"taxonomy":"product_brand","embeddable":true,"href":"https:\/\/www.rucashk.com\/pt\/wp-json\/wp\/v2\/product_brand?post=39262"},{"taxonomy":"product_cat","embeddable":true,"href":"https:\/\/www.rucashk.com\/pt\/wp-json\/wp\/v2\/product_cat?post=39262"},{"taxonomy":"product_tag","embeddable":true,"href":"https:\/\/www.rucashk.com\/pt\/wp-json\/wp\/v2\/product_tag?post=39262"}],"curies":[{"name":"wp","href":"https:\/\/api.w.org\/{rel}","templated":true}]}}