{"id":39245,"date":"2024-03-24T08:46:22","date_gmt":"2024-03-24T08:46:22","guid":{"rendered":"http:\/\/rucashk.com\/?post_type=product&#038;p=39245"},"modified":"2024-04-16T13:24:22","modified_gmt":"2024-04-16T13:24:22","slug":"oneplus-nord-ce-3-lite-5g-mobile-phone","status":"publish","type":"product","link":"https:\/\/www.rucashk.com\/pt\/produto\/oneplus-nord-ce-3-lite-5g-mobile-phone\/","title":{"rendered":"Celular OnePlus Nord CE 3 Lite 5G"},"content":{"rendered":"<div class=\"QN2lPu\">\n<div>\n<div class=\"P7IbkE\"><img decoding=\"async\" alt=\"OnePlus Nord CE 3 Lite 5G Mobile Phone\" class=\"GqYslU hnult1 aligncenter\" src=\"\/wp-content\/uploads\/replace\/d910afc4e5ea62c62423ff34917aff70.jpeg\" width=\"invalid-value\" height=\"invalid-value\" \/><\/div>\n<\/div>\n<\/div>\n<div class=\"QN2lPu\" style=\"text-align: center;\">\n<div>\n<div class=\"P7IbkE\"><img decoding=\"async\" alt=\"OnePlus Nord CE 3 Lite 5G Mobile Phone\" class=\"GqYslU hnult1\" src=\"\/wp-content\/uploads\/replace\/67e149af81bccde7a53d46f8fbaa7b86.jpeg\" width=\"invalid-value\" height=\"invalid-value\" \/><\/div>\n<\/div>\n<\/div>\n<div class=\"QN2lPu\" style=\"text-align: center;\">\n<div>\n<div class=\"P7IbkE\"><img decoding=\"async\" alt=\"OnePlus Nord CE 3 Lite 5G Mobile Phone\" class=\"GqYslU hnult1\" src=\"\/wp-content\/uploads\/replace\/f48f4b5b8a77b94d4513b29b03767754.jpeg\" width=\"invalid-value\" height=\"invalid-value\" \/><\/div>\n<\/div>\n<\/div>\n<div class=\"QN2lPu\">\n<div>\n<div class=\"P7IbkE\"><img decoding=\"async\" alt=\"OnePlus Nord CE 3 Lite 5G Mobile Phone\" class=\"GqYslU hnult1 aligncenter\" src=\"\/wp-content\/uploads\/replace\/30203b1fca9b01ef6589e0e035bf7b82.jpeg\" width=\"invalid-value\" height=\"invalid-value\" \/><\/div>\n<div>\n<p class=\"QN2lPu\">OnePlus Nord CE 3 Lite 5G possui uma tela de at\u00e9 6,72 polegadas, sua tela utiliza pain\u00e9is LCD IPS com resolu\u00e7\u00e3o (1080 x 2400 pixels) para fornecer visibilidade v\u00edvida, detalhes n\u00edtidos adequados para leitura de jornais, entretenimento ou jogos. \u00c9 equipado com processador Octa-core Qualcomm SM6375 Snapdragon 695 5G (6 nm) que permite desfrutar de um desempenho mais r\u00e1pido e sem atrasos. Ele vem com diversas varia\u00e7\u00f5es de mem\u00f3ria, at\u00e9 128 GB e 8 GB de RAM (verifique a tabela de especifica\u00e7\u00f5es). Ele ajuda voc\u00ea a lidar com tarefas multitarefa com mais facilidade, armazenar mais documentos e baixar seus aplicativos e jogos favoritos. O telefone possui uma configura\u00e7\u00e3o de cluster de c\u00e2mera tripla na parte traseira. Inclui uma c\u00e2mera principal de 108 MP, uma c\u00e2mera macro de 2 MP e uma c\u00e2mera de profundidade de 2 MP. Na parte frontal, o telefone \u00e9 equipado com uma c\u00e2mera de alta resolu\u00e7\u00e3o de at\u00e9 16 MP, com suporte a uma gama completa de recursos que ajudam voc\u00ea a tirar selfies ou fazer videochamadas. Com bateria de 5000 mAh e tecnologia de carregamento r\u00e1pido de 67 W, o OnePlus Nord CE 3 Lite encurta o tempo para carregar totalmente a bateria, garantindo que a energia esteja sempre cheia para o uso di\u00e1rio.<\/p>\n<\/div>\n<\/div>\n<\/div>","protected":false},"excerpt":{"rendered":"<ul>\n<li>C\u00e2mera: C\u00e2mera principal de 108 MP com EIS; Lente auxiliar de profundidade de 2 MP e lente macro de 2 MP; C\u00e2mera frontal (selfie): 16MP.<\/li>\n<li>Modos de c\u00e2mera traseira: modo de alta resolu\u00e7\u00e3o de 108 MP, zoom sem perdas de 3x, foto, v\u00eddeo, paisagem noturna, especialista, panor\u00e2mico, retrato, macro, lapso de tempo, c\u00e2mera lenta, exposi\u00e7\u00e3o longa, v\u00eddeo de visualiza\u00e7\u00e3o dupla, scanner de texto, 1080p\/720p @30fps, Zoom de v\u00eddeo: 1080P@30fps, 720P@30fps, C\u00e2mera lenta: 720P@120fps, Lapso de tempo: 1080P@30fps, Suporte EIS de v\u00eddeo est\u00e1vel.<\/li>\n<li>Tela: 6,72 polegadas; Taxa de atualiza\u00e7\u00e3o adaptativa de 120 Hz; FHD+ (1080 \u00d7 2400), Cor: 16,7 milh\u00f5es de cores, 391 ppi, Propor\u00e7\u00e3o: 20:9, Brilho: 550 nits (t\u00edpico), 680 nits (HBM).<\/li>\n<li>Sistema operacional: Oxygen OS baseado em Android 13.1.<\/li>\n<li>Processador: Qualcomm Snapdragon 695 5G.<\/li>\n<li>Bateria e carregamento: 5000mAh com SuperVOOC Endurance Edition de 67W.<\/li>\n<\/ul>","protected":false},"featured_media":39251,"template":"","meta":[],"product_brand":[1364],"product_cat":[1295,1304],"product_tag":[477],"class_list":{"0":"post-39245","1":"product","2":"type-product","3":"status-publish","4":"has-post-thumbnail","6":"product_brand-oneplus","7":"product_cat-mobile-phone","8":"product_cat-oneplus-mobile-phone","9":"product_tag-phone","11":"first","12":"instock","13":"shipping-taxable","14":"product-type-simple"},"aioseo_notices":[],"aioseo_head":"\n\t\t<!-- All in One SEO Pro 4.5.9.2 - aioseo.com -->\n\t\t<meta name=\"description\" content=\"Camera: 108 MP Main Camera with EIS; 2MP depth-assist lens and 2MP macro lens; Front (Selfie) Camera: 16MP. Rear Camera Modes: Hi-Res 108MP Mode, 3x Lossless Zoom, Photo, Video, Nightscape, Expert, Panoramic, Portrait, Macro, Time-lapse, Slow-motion, Long exposure, Dual-view video, Text scanner, 1080p\/720p @30fps, Video zoom: 1080P@30fps, 720P@30fps, Slow motion: 720P@120fps, Time-lapse: 1080P@30fps, Stable video EIS support. Display: 6.72 Inch; 120Hz adaptive refresh rate; FHD+(1080 \u00d7 2400), Color: 16.7 million colors, 391 ppi, Aspect ratio: 20:9, Brightness: 550 nits (typical), 680 nits (HBM). Operating System: Oxygen OS based on Android 13.1. Processor: Qualcomm Snapdragon 695 5G. Battery &amp; Charging: 5000mAh with 67W SuperVOOC Endurance Edition.\" \/>\n\t\t<meta name=\"robots\" content=\"max-image-preview:large\" \/>\n\t\t<link rel=\"canonical\" href=\"https:\/\/www.rucashk.com\/pt\/produto\/oneplus-nord-ce-3-lite-5g-mobile-phone\/\" \/>\n\t\t<meta name=\"generator\" content=\"All in One SEO Pro (AIOSEO) 4.5.9.2\" \/>\n\t\t<meta property=\"og:locale\" content=\"pt_PT\" \/>\n\t\t<meta property=\"og:site_name\" content=\"Rucas - One-stop AIoT Distribution Worldwide\" \/>\n\t\t<meta property=\"og:type\" content=\"article\" \/>\n\t\t<meta property=\"og:title\" content=\"OnePlus Nord CE 3 Lite 5G Mobile Phone - Rucas - Wholesale and Distribution\" \/>\n\t\t<meta property=\"og:description\" content=\"Camera: 108 MP Main Camera with EIS; 2MP depth-assist lens and 2MP macro lens; Front (Selfie) Camera: 16MP. Rear Camera Modes: Hi-Res 108MP Mode, 3x Lossless Zoom, Photo, Video, Nightscape, Expert, Panoramic, Portrait, Macro, Time-lapse, Slow-motion, Long exposure, Dual-view video, Text scanner, 1080p\/720p @30fps, Video zoom: 1080P@30fps, 720P@30fps, Slow motion: 720P@120fps, Time-lapse: 1080P@30fps, Stable video EIS support. Display: 6.72 Inch; 120Hz adaptive refresh rate; FHD+(1080 \u00d7 2400), Color: 16.7 million colors, 391 ppi, Aspect ratio: 20:9, Brightness: 550 nits (typical), 680 nits (HBM). Operating System: Oxygen OS based on Android 13.1. Processor: Qualcomm Snapdragon 695 5G. Battery &amp; Charging: 5000mAh with 67W SuperVOOC Endurance Edition.\" \/>\n\t\t<meta property=\"og:url\" content=\"https:\/\/www.rucashk.com\/pt\/produto\/oneplus-nord-ce-3-lite-5g-mobile-phone\/\" \/>\n\t\t<meta property=\"og:image\" content=\"https:\/\/www.rucashk.com\/wp-content\/uploads\/replace\/503b8e645f128a97ccde2b6290747646.jpeg\" \/>\n\t\t<meta property=\"og:image:secure_url\" content=\"https:\/\/www.rucashk.com\/wp-content\/uploads\/replace\/503b8e645f128a97ccde2b6290747646.jpeg\" \/>\n\t\t<meta property=\"og:image:width\" content=\"1456\" \/>\n\t\t<meta property=\"og:image:height\" content=\"816\" \/>\n\t\t<meta property=\"article:published_time\" content=\"2024-03-24T08:46:22+00:00\" \/>\n\t\t<meta property=\"article:modified_time\" content=\"2024-04-16T13:24:22+00:00\" \/>\n\t\t<meta name=\"twitter:card\" content=\"summary_large_image\" \/>\n\t\t<meta name=\"twitter:title\" content=\"OnePlus Nord CE 3 Lite 5G Mobile Phone - Rucas - Wholesale and Distribution\" \/>\n\t\t<meta name=\"twitter:description\" content=\"Camera: 108 MP Main Camera with EIS; 2MP depth-assist lens and 2MP macro lens; Front (Selfie) Camera: 16MP. Rear Camera Modes: Hi-Res 108MP Mode, 3x Lossless Zoom, Photo, Video, Nightscape, Expert, Panoramic, Portrait, Macro, Time-lapse, Slow-motion, Long exposure, Dual-view video, Text scanner, 1080p\/720p @30fps, Video zoom: 1080P@30fps, 720P@30fps, Slow motion: 720P@120fps, Time-lapse: 1080P@30fps, Stable video EIS support. Display: 6.72 Inch; 120Hz adaptive refresh rate; FHD+(1080 \u00d7 2400), Color: 16.7 million colors, 391 ppi, Aspect ratio: 20:9, Brightness: 550 nits (typical), 680 nits (HBM). Operating System: Oxygen OS based on Android 13.1. Processor: Qualcomm Snapdragon 695 5G. Battery &amp; Charging: 5000mAh with 67W SuperVOOC Endurance Edition.\" \/>\n\t\t<meta name=\"twitter:image\" content=\"https:\/\/www.rucashk.com\/wp-content\/uploads\/replace\/503b8e645f128a97ccde2b6290747646.jpeg\" \/>\n\t\t<script type=\"application\/ld+json\" class=\"aioseo-schema\">\n\t\t\t{\"@context\":\"https:\\\/\\\/schema.org\",\"@graph\":[{\"@type\":\"BreadcrumbList\",\"@id\":\"https:\\\/\\\/www.rucashk.com\\\/pt\\\/produto\\\/oneplus-nord-ce-3-lite-5g-mobile-phone\\\/#breadcrumblist\",\"itemListElement\":[{\"@type\":\"ListItem\",\"@id\":\"https:\\\/\\\/www.rucashk.com\\\/pt\\\/#listItem\",\"position\":1,\"name\":\"Home\",\"item\":\"https:\\\/\\\/www.rucashk.com\\\/pt\\\/\",\"nextItem\":\"https:\\\/\\\/www.rucashk.com\\\/pt\\\/produto\\\/oneplus-nord-ce-3-lite-5g-mobile-phone\\\/#listItem\"},{\"@type\":\"ListItem\",\"@id\":\"https:\\\/\\\/www.rucashk.com\\\/pt\\\/produto\\\/oneplus-nord-ce-3-lite-5g-mobile-phone\\\/#listItem\",\"position\":2,\"name\":\"OnePlus Nord CE 3 Lite 5G Mobile Phone\",\"previousItem\":\"https:\\\/\\\/www.rucashk.com\\\/pt\\\/#listItem\"}]},{\"@type\":\"Organization\",\"@id\":\"https:\\\/\\\/www.rucashk.com\\\/pt\\\/#organization\",\"name\":\"Rucas\",\"url\":\"https:\\\/\\\/www.rucashk.com\\\/pt\\\/\",\"logo\":{\"@type\":\"ImageObject\",\"url\":\"https:\\\/\\\/www.rucashk.com\\\/wp-content\\\/uploads\\\/2023\\\/12\\\/Rucas_campany_logo.png\",\"@id\":\"https:\\\/\\\/www.rucashk.com\\\/pt\\\/produto\\\/oneplus-nord-ce-3-lite-5g-mobile-phone\\\/#organizationLogo\",\"width\":221,\"height\":65},\"image\":{\"@id\":\"https:\\\/\\\/www.rucashk.com\\\/pt\\\/#organizationLogo\"}},{\"@type\":\"Person\",\"@id\":\"https:\\\/\\\/www.rucashk.com\\\/pt\\\/author\\\/admin\\\/#author\",\"url\":\"https:\\\/\\\/www.rucashk.com\\\/pt\\\/author\\\/admin\\\/\",\"name\":\"admin\",\"image\":{\"@type\":\"ImageObject\",\"@id\":\"https:\\\/\\\/www.rucashk.com\\\/pt\\\/produto\\\/oneplus-nord-ce-3-lite-5g-mobile-phone\\\/#authorImage\",\"url\":\"https:\\\/\\\/secure.gravatar.com\\\/avatar\\\/b7c8925b09a27e72b30232f8ecaadbd5af0f70a38c78096863fe51b64f031c24?s=96&d=mm&r=g\",\"width\":96,\"height\":96,\"caption\":\"admin\"}},{\"@type\":\"WebPage\",\"@id\":\"https:\\\/\\\/www.rucashk.com\\\/pt\\\/produto\\\/oneplus-nord-ce-3-lite-5g-mobile-phone\\\/#webpage\",\"url\":\"https:\\\/\\\/www.rucashk.com\\\/pt\\\/produto\\\/oneplus-nord-ce-3-lite-5g-mobile-phone\\\/\",\"name\":\"OnePlus Nord CE 3 Lite 5G Mobile Phone - Rucas - Wholesale and Distribution\",\"description\":\"Camera: 108 MP Main Camera with EIS; 2MP depth-assist lens and 2MP macro lens; Front (Selfie) Camera: 16MP. Rear Camera Modes: Hi-Res 108MP Mode, 3x Lossless Zoom, Photo, Video, Nightscape, Expert, Panoramic, Portrait, Macro, Time-lapse, Slow-motion, Long exposure, Dual-view video, Text scanner, 1080p\\\/720p @30fps, Video zoom: 1080P@30fps, 720P@30fps, Slow motion: 720P@120fps, Time-lapse: 1080P@30fps, Stable video EIS support. Display: 6.72 Inch; 120Hz adaptive refresh rate; FHD+(1080 \\u00d7 2400), Color: 16.7 million colors, 391 ppi, Aspect ratio: 20:9, Brightness: 550 nits (typical), 680 nits (HBM). Operating System: Oxygen OS based on Android 13.1. Processor: Qualcomm Snapdragon 695 5G. Battery & Charging: 5000mAh with 67W SuperVOOC Endurance Edition.\",\"inLanguage\":\"pt-PT\",\"isPartOf\":{\"@id\":\"https:\\\/\\\/www.rucashk.com\\\/pt\\\/#website\"},\"breadcrumb\":{\"@id\":\"https:\\\/\\\/www.rucashk.com\\\/pt\\\/produto\\\/oneplus-nord-ce-3-lite-5g-mobile-phone\\\/#breadcrumblist\"},\"author\":{\"@id\":\"https:\\\/\\\/www.rucashk.com\\\/pt\\\/author\\\/admin\\\/#author\"},\"creator\":{\"@id\":\"https:\\\/\\\/www.rucashk.com\\\/pt\\\/author\\\/admin\\\/#author\"},\"image\":{\"@type\":\"ImageObject\",\"url\":\"https:\\\/\\\/www.rucashk.com\\\/wp-content\\\/uploads\\\/2024\\\/03\\\/product-black.png\",\"@id\":\"https:\\\/\\\/www.rucashk.com\\\/pt\\\/produto\\\/oneplus-nord-ce-3-lite-5g-mobile-phone\\\/#mainImage\",\"width\":1080,\"height\":1080},\"primaryImageOfPage\":{\"@id\":\"https:\\\/\\\/www.rucashk.com\\\/pt\\\/produto\\\/oneplus-nord-ce-3-lite-5g-mobile-phone\\\/#mainImage\"},\"datePublished\":\"2024-03-24T08:46:22+00:00\",\"dateModified\":\"2024-04-16T13:24:22+00:00\"},{\"@type\":\"WebSite\",\"@id\":\"https:\\\/\\\/www.rucashk.com\\\/pt\\\/#website\",\"url\":\"https:\\\/\\\/www.rucashk.com\\\/pt\\\/\",\"name\":\"Rucas - Wholesale and distribution worldwide\",\"alternateName\":\"Rucas - One-stop AIoT Distribution Worldwide\",\"description\":\"One-stop AIoT Distribution Worldwide\",\"inLanguage\":\"pt-PT\",\"publisher\":{\"@id\":\"https:\\\/\\\/www.rucashk.com\\\/pt\\\/#organization\"}}]}\n\t\t<\/script>\n\t\t<!-- All in One SEO Pro -->\r\n\t\t<title>OnePlus Nord CE 3 Lite 5G Mobile Phone - Rucas - Wholesale and Distribution<\/title>\n\n","aioseo_head_json":{"title":"OnePlus Nord CE 3 Lite 5G Mobile Phone - Rucas - Wholesale and Distribution","description":"Camera: 108 MP Main Camera with EIS; 2MP depth-assist lens and 2MP macro lens; Front (Selfie) Camera: 16MP. Rear Camera Modes: Hi-Res 108MP Mode, 3x Lossless Zoom, Photo, Video, Nightscape, Expert, Panoramic, Portrait, Macro, Time-lapse, Slow-motion, Long exposure, Dual-view video, Text scanner, 1080p\/720p @30fps, Video zoom: 1080P@30fps, 720P@30fps, Slow motion: 720P@120fps, Time-lapse: 1080P@30fps, Stable video EIS support. Display: 6.72 Inch; 120Hz adaptive refresh rate; FHD+(1080 \u00d7 2400), Color: 16.7 million colors, 391 ppi, Aspect ratio: 20:9, Brightness: 550 nits (typical), 680 nits (HBM). Operating System: Oxygen OS based on Android 13.1. Processor: Qualcomm Snapdragon 695 5G. Battery & Charging: 5000mAh with 67W SuperVOOC Endurance Edition.","canonical_url":"https:\/\/www.rucashk.com\/pt\/produto\/oneplus-nord-ce-3-lite-5g-mobile-phone\/","robots":"max-image-preview:large","keywords":"","webmasterTools":{"miscellaneous":""},"og:locale":"pt_PT","og:site_name":"Rucas - One-stop AIoT Distribution Worldwide","og:type":"article","og:title":"OnePlus Nord CE 3 Lite 5G Mobile Phone - Rucas - Wholesale and Distribution","og:description":"Camera: 108 MP Main Camera with EIS; 2MP depth-assist lens and 2MP macro lens; Front (Selfie) Camera: 16MP. Rear Camera Modes: Hi-Res 108MP Mode, 3x Lossless Zoom, Photo, Video, Nightscape, Expert, Panoramic, Portrait, Macro, Time-lapse, Slow-motion, Long exposure, Dual-view video, Text scanner, 1080p\/720p @30fps, Video zoom: 1080P@30fps, 720P@30fps, Slow motion: 720P@120fps, Time-lapse: 1080P@30fps, Stable video EIS support. Display: 6.72 Inch; 120Hz adaptive refresh rate; FHD+(1080 \u00d7 2400), Color: 16.7 million colors, 391 ppi, Aspect ratio: 20:9, Brightness: 550 nits (typical), 680 nits (HBM). Operating System: Oxygen OS based on Android 13.1. Processor: Qualcomm Snapdragon 695 5G. Battery &amp; Charging: 5000mAh with 67W SuperVOOC Endurance Edition.","og:url":"https:\/\/www.rucashk.com\/pt\/produto\/oneplus-nord-ce-3-lite-5g-mobile-phone\/","og:image":"https:\/\/www.rucashk.com\/wp-content\/uploads\/replace\/503b8e645f128a97ccde2b6290747646.jpeg","og:image:secure_url":"https:\/\/www.rucashk.com\/wp-content\/uploads\/replace\/503b8e645f128a97ccde2b6290747646.jpeg","og:image:width":1456,"og:image:height":816,"article:published_time":"2024-03-24T08:46:22+00:00","article:modified_time":"2024-04-16T13:24:22+00:00","twitter:card":"summary_large_image","twitter:title":"OnePlus Nord CE 3 Lite 5G Mobile Phone - Rucas - Wholesale and Distribution","twitter:description":"Camera: 108 MP Main Camera with EIS; 2MP depth-assist lens and 2MP macro lens; Front (Selfie) Camera: 16MP. Rear Camera Modes: Hi-Res 108MP Mode, 3x Lossless Zoom, Photo, Video, Nightscape, Expert, Panoramic, Portrait, Macro, Time-lapse, Slow-motion, Long exposure, Dual-view video, Text scanner, 1080p\/720p @30fps, Video zoom: 1080P@30fps, 720P@30fps, Slow motion: 720P@120fps, Time-lapse: 1080P@30fps, Stable video EIS support. Display: 6.72 Inch; 120Hz adaptive refresh rate; FHD+(1080 \u00d7 2400), Color: 16.7 million colors, 391 ppi, Aspect ratio: 20:9, Brightness: 550 nits (typical), 680 nits (HBM). Operating System: Oxygen OS based on Android 13.1. Processor: Qualcomm Snapdragon 695 5G. Battery &amp; Charging: 5000mAh with 67W SuperVOOC Endurance Edition.","twitter:image":"https:\/\/www.rucashk.com\/wp-content\/uploads\/replace\/503b8e645f128a97ccde2b6290747646.jpeg","schema":{"@context":"https:\/\/schema.org","@graph":[{"@type":"BreadcrumbList","@id":"https:\/\/www.rucashk.com\/pt\/produto\/oneplus-nord-ce-3-lite-5g-mobile-phone\/#breadcrumblist","itemListElement":[{"@type":"ListItem","@id":"https:\/\/www.rucashk.com\/pt\/#listItem","position":1,"name":"Home","item":"https:\/\/www.rucashk.com\/pt\/","nextItem":"https:\/\/www.rucashk.com\/pt\/produto\/oneplus-nord-ce-3-lite-5g-mobile-phone\/#listItem"},{"@type":"ListItem","@id":"https:\/\/www.rucashk.com\/pt\/produto\/oneplus-nord-ce-3-lite-5g-mobile-phone\/#listItem","position":2,"name":"OnePlus Nord CE 3 Lite 5G Mobile Phone","previousItem":"https:\/\/www.rucashk.com\/pt\/#listItem"}]},{"@type":"Organization","@id":"https:\/\/www.rucashk.com\/pt\/#organization","name":"Rucas","url":"https:\/\/www.rucashk.com\/pt\/","logo":{"@type":"ImageObject","url":"https:\/\/www.rucashk.com\/wp-content\/uploads\/2023\/12\/Rucas_campany_logo.png","@id":"https:\/\/www.rucashk.com\/pt\/produto\/oneplus-nord-ce-3-lite-5g-mobile-phone\/#organizationLogo","width":221,"height":65},"image":{"@id":"https:\/\/www.rucashk.com\/pt\/#organizationLogo"}},{"@type":"Person","@id":"https:\/\/www.rucashk.com\/pt\/author\/admin\/#author","url":"https:\/\/www.rucashk.com\/pt\/author\/admin\/","name":"admin","image":{"@type":"ImageObject","@id":"https:\/\/www.rucashk.com\/pt\/produto\/oneplus-nord-ce-3-lite-5g-mobile-phone\/#authorImage","url":"https:\/\/secure.gravatar.com\/avatar\/b7c8925b09a27e72b30232f8ecaadbd5af0f70a38c78096863fe51b64f031c24?s=96&d=mm&r=g","width":96,"height":96,"caption":"admin"}},{"@type":"WebPage","@id":"https:\/\/www.rucashk.com\/pt\/produto\/oneplus-nord-ce-3-lite-5g-mobile-phone\/#webpage","url":"https:\/\/www.rucashk.com\/pt\/produto\/oneplus-nord-ce-3-lite-5g-mobile-phone\/","name":"OnePlus Nord CE 3 Lite 5G Mobile Phone - Rucas - Wholesale and Distribution","description":"Camera: 108 MP Main Camera with EIS; 2MP depth-assist lens and 2MP macro lens; Front (Selfie) Camera: 16MP. Rear Camera Modes: Hi-Res 108MP Mode, 3x Lossless Zoom, Photo, Video, Nightscape, Expert, Panoramic, Portrait, Macro, Time-lapse, Slow-motion, Long exposure, Dual-view video, Text scanner, 1080p\/720p @30fps, Video zoom: 1080P@30fps, 720P@30fps, Slow motion: 720P@120fps, Time-lapse: 1080P@30fps, Stable video EIS support. Display: 6.72 Inch; 120Hz adaptive refresh rate; FHD+(1080 \u00d7 2400), Color: 16.7 million colors, 391 ppi, Aspect ratio: 20:9, Brightness: 550 nits (typical), 680 nits (HBM). Operating System: Oxygen OS based on Android 13.1. Processor: Qualcomm Snapdragon 695 5G. Battery & Charging: 5000mAh with 67W SuperVOOC Endurance Edition.","inLanguage":"pt-PT","isPartOf":{"@id":"https:\/\/www.rucashk.com\/pt\/#website"},"breadcrumb":{"@id":"https:\/\/www.rucashk.com\/pt\/produto\/oneplus-nord-ce-3-lite-5g-mobile-phone\/#breadcrumblist"},"author":{"@id":"https:\/\/www.rucashk.com\/pt\/author\/admin\/#author"},"creator":{"@id":"https:\/\/www.rucashk.com\/pt\/author\/admin\/#author"},"image":{"@type":"ImageObject","url":"https:\/\/www.rucashk.com\/wp-content\/uploads\/2024\/03\/product-black.png","@id":"https:\/\/www.rucashk.com\/pt\/produto\/oneplus-nord-ce-3-lite-5g-mobile-phone\/#mainImage","width":1080,"height":1080},"primaryImageOfPage":{"@id":"https:\/\/www.rucashk.com\/pt\/produto\/oneplus-nord-ce-3-lite-5g-mobile-phone\/#mainImage"},"datePublished":"2024-03-24T08:46:22+00:00","dateModified":"2024-04-16T13:24:22+00:00"},{"@type":"WebSite","@id":"https:\/\/www.rucashk.com\/pt\/#website","url":"https:\/\/www.rucashk.com\/pt\/","name":"Rucas - Wholesale and distribution worldwide","alternateName":"Rucas - One-stop AIoT Distribution Worldwide","description":"One-stop AIoT Distribution Worldwide","inLanguage":"pt-PT","publisher":{"@id":"https:\/\/www.rucashk.com\/pt\/#organization"}}]}},"aioseo_meta_data":{"post_id":"39245","title":null,"description":null,"keywords":null,"keyphrases":null,"primary_term":null,"canonical_url":null,"og_title":null,"og_description":null,"og_object_type":"default","og_image_type":"default","og_image_url":null,"og_image_width":null,"og_image_height":null,"og_image_custom_url":null,"og_image_custom_fields":null,"og_video":null,"og_custom_url":null,"og_article_section":null,"og_article_tags":null,"twitter_use_og":false,"twitter_card":"default","twitter_image_type":"default","twitter_image_url":null,"twitter_image_custom_url":null,"twitter_image_custom_fields":null,"twitter_title":null,"twitter_description":null,"schema":{"blockGraphs":[],"customGraphs":[],"default":{"data":{"Article":[],"Course":[],"Dataset":[],"FAQPage":[],"Movie":[],"Person":[],"Product":[],"Recipe":[],"Service":[],"SoftwareApplication":[],"WebPage":[]},"graphName":"","isEnabled":true},"graphs":[]},"schema_type":"default","schema_type_options":null,"pillar_content":false,"robots_default":true,"robots_noindex":false,"robots_noarchive":false,"robots_nosnippet":false,"robots_nofollow":false,"robots_noimageindex":false,"robots_noodp":false,"robots_notranslate":false,"robots_max_snippet":null,"robots_max_videopreview":null,"robots_max_imagepreview":"large","priority":null,"frequency":null,"local_seo":null,"breadcrumb_settings":null,"limit_modified_date":false,"created":"2024-04-11 01:57:23","updated":"2025-06-22 18:48:55"},"aioseo_breadcrumb":"<div class=\"aioseo-breadcrumbs\"><span class=\"aioseo-breadcrumb\">\n\t<a href=\"https:\/\/www.rucashk.com\/pt\" title=\"Home\">Home<\/a>\n<\/span><span class=\"aioseo-breadcrumb-separator\">&raquo;<\/span><span class=\"aioseo-breadcrumb\">\n\t<a href=\"https:\/\/www.rucashk.com\/pt\/products\/\" title=\"Produtos\">Produtos<\/a>\n<\/span><span class=\"aioseo-breadcrumb-separator\">&raquo;<\/span><span class=\"aioseo-breadcrumb\">\n\t<a href=\"https:\/\/www.rucashk.com\/pt\/marca\/oneplus\/\" title=\"Oneplus\">Oneplus<\/a>\n<\/span><span class=\"aioseo-breadcrumb-separator\">&raquo;<\/span><span class=\"aioseo-breadcrumb\">\n\tOnePlus Nord CE 3 Lite 5G Mobile Phone\n<\/span><\/div>","aioseo_breadcrumb_json":[{"label":"Home","link":"https:\/\/www.rucashk.com\/pt"},{"label":"Produtos","link":"https:\/\/www.rucashk.com\/pt\/products\/"},{"label":"Oneplus","link":"https:\/\/www.rucashk.com\/pt\/marca\/oneplus\/"},{"label":"OnePlus Nord CE 3 Lite 5G Mobile Phone","link":"https:\/\/www.rucashk.com\/pt\/produto\/oneplus-nord-ce-3-lite-5g-mobile-phone\/"}],"_links":{"self":[{"href":"https:\/\/www.rucashk.com\/pt\/wp-json\/wp\/v2\/product\/39245","targetHints":{"allow":["GET"]}}],"collection":[{"href":"https:\/\/www.rucashk.com\/pt\/wp-json\/wp\/v2\/product"}],"about":[{"href":"https:\/\/www.rucashk.com\/pt\/wp-json\/wp\/v2\/types\/product"}],"wp:featuredmedia":[{"embeddable":true,"href":"https:\/\/www.rucashk.com\/pt\/wp-json\/wp\/v2\/media\/39251"}],"wp:attachment":[{"href":"https:\/\/www.rucashk.com\/pt\/wp-json\/wp\/v2\/media?parent=39245"}],"wp:term":[{"taxonomy":"product_brand","embeddable":true,"href":"https:\/\/www.rucashk.com\/pt\/wp-json\/wp\/v2\/product_brand?post=39245"},{"taxonomy":"product_cat","embeddable":true,"href":"https:\/\/www.rucashk.com\/pt\/wp-json\/wp\/v2\/product_cat?post=39245"},{"taxonomy":"product_tag","embeddable":true,"href":"https:\/\/www.rucashk.com\/pt\/wp-json\/wp\/v2\/product_tag?post=39245"}],"curies":[{"name":"wp","href":"https:\/\/api.w.org\/{rel}","templated":true}]}}