{"id":39087,"date":"2024-03-24T04:16:35","date_gmt":"2024-03-24T04:16:35","guid":{"rendered":"http:\/\/rucashk.com\/?post_type=product&#038;p=39087"},"modified":"2024-03-24T04:16:36","modified_gmt":"2024-03-24T04:16:36","slug":"oneplus-ace-android-mobile-phone","status":"publish","type":"product","link":"https:\/\/www.rucashk.com\/pt\/produto\/oneplus-ace-android-mobile-phone\/","title":{"rendered":"Celular OnePlus Ace Android"},"content":{"rendered":"<p><iframe title=\"OnePlus Ace \u2013 visual oficial\" src=\"https:\/\/www.youtube.com\/embed\/NBDg7XWzvX4\" width=\"1280\" height=\"720\" frameborder=\"0\" allowfullscreen=\"allowfullscreen\"><\/iframe><\/p>\n<p>O OnePlus Ace possui uma tela Fluid AMOLED de 6,7 polegadas que oferece 120 Hz, HDR10 + e resolu\u00e7\u00e3o de 1080 x 2412 pixels. O telefone \u00e9 alimentado pela plataforma m\u00f3vel MediaTek Dimensity 8100-Max (5 nm) com Mali-G610 MC6 e suporta 5G. OnePlus 10R tem uma c\u00e2mera traseira OIS de 50 MP, c\u00e2mera de 8 MP, f\/2.2, 15 mm, 120\u02da (ultra-larga), c\u00e2mera de 2 MP, f\/2.4, (macro) e uma c\u00e2mera frontal de 16 MP. O telefone est\u00e1 dispon\u00edvel no Qu\u00eania nas cores Sierra Black e Forest Green.<\/p>\n<p>Projeto<br \/>\nO OnePlus Ace 5G vem com uma tela Fluid OLED de 120 Hz de 6,7 polegadas com um design de furo alinhado ao centro para a c\u00e2mera selfie. tem engastes uniformes e um queixo muito estreito, com uma propor\u00e7\u00e3o tela-corpo de 87,6%. Tem uma propor\u00e7\u00e3o de 20:9 e suporta HD10+, o que o torna um prazer absoluto para consumir m\u00eddia. Possui moldura e parte traseira de pl\u00e1stico e painel frontal de vidro Corning Gorilla 5. \u00c9 muito brilhante e v\u00edvido, chegando a 950 nits. \u00c9 classificado como IP53 para prote\u00e7\u00e3o contra poeira e \u00e1gua, portanto \u00e9 \u00e0 prova de respingos. Infelizmente, ele perde o conector de fone de ouvido. Ele possui um sensor de impress\u00e3o digital r\u00e1pido sob a tela. Ele suporta alto-falantes est\u00e9reo, oferecendo excelente som ao reproduzir m\u00eddia.<\/p>\n<p>Desempenho<br \/>\nO OnePlus Ace 5G traz o calor com o mais recente Mediatek Dimensity 8100-Max, da linha de pr\u00f3xima gera\u00e7\u00e3o dos principais chips 5G da Mediatek, tornando-o muito r\u00e1pido e excelente para jogos. Possui uma CPU Octa-core de 2,85 GHz com op\u00e7\u00f5es de armazenamento de 8\/12 GB para RAM e 128\/256\/512 GB para ROM. Ele tamb\u00e9m possui uma op\u00e7\u00e3o de mem\u00f3ria expans\u00edvel dedicada. Emparelhado com a tela AMOLED suave de 90 Hz, executando o Android 12 mais recente com skin OxygenOS 12.1 na parte superior, o desempenho parece muito r\u00e1pido e premium. O OxygenOS \u00e9 l\u00edder do setor h\u00e1 anos, tendo sido o pr\u00f3ximo sistema operacional mais pr\u00f3ximo do Android depois da skin Pixel. Tudo parece r\u00e1pido, fluido e rico em cores.<\/p>\n<p>C\u00e2meras<br \/>\nO OnePlus Ace 5G possui um arranjo de c\u00e2mera tripla na parte traseira. Ele vem com um excelente sensor prim\u00e1rio de 50 MP, com compartimento de imagem de 12,5 MP para excelentes fotos \u00e0 luz do dia. H\u00e1 tamb\u00e9m uma ultra grande angular extra de 8 MP com FOV de 120\u02da, para fotos de grupo e paisagens, e uma macro de 2 MP para fotos em close-up. O v\u00eddeo pode suportar v\u00eddeo 4K a 30\/60fps e 1080p a 30\/60\/120\/240fps com suporte para HDR autom\u00e1tico e giro-EIS mais assist\u00eancia de estabilidade OIS. Ele possui uma c\u00e2mera selfie com um generoso sensor amplo de 16 MP, capaz de gravar v\u00eddeo em 1080p a 30fps com giro-EIS. As selfies e os v\u00eddeos s\u00e3o \u00f3timos e bem expostos.<\/p>\n<p>Outras caracter\u00edsticas<br \/>\nO OnePlus Ace 5G possui um excelente carregamento r\u00e1pido de 150 W, que pode carregar o telefone at\u00e9 50% em 5 minutos. Isso al\u00e9m do fato de tamb\u00e9m vir com uma enorme bateria Li-Po 4500mAh n\u00e3o remov\u00edvel. Mesmo com uma tela de alta taxa de atualiza\u00e7\u00e3o, esse dispositivo deve durar mais do que um dia. H\u00e1 tamb\u00e9m carregamento sem fio e carregamento reverso com fio de pot\u00eancia n\u00e3o especificada. Suporta NFC para pagamento sem contato.<\/p>","protected":false},"excerpt":{"rendered":"<ul>\n<li>O dispositivo dual-SIM (Nano) roda em Android 12 com suporte para ColorOS 12.1<\/li>\n<li>\u00c9 alimentado pelo SoC MediaTek Dimensity 8100-Max octa-core, com at\u00e9 12 GB de RAM LPDDR5<\/li>\n<li>O OnePlus Ace Racing Edition possui at\u00e9 256 GB de armazenamento UFS 3.1<\/li>\n<li>6.59-inch full-HD+ (1,080&#215;2,412 pixels) display with up to 120Hz refresh rate, 240Hz touch sampling rate<\/li>\n<li>O smartphone possui uma configura\u00e7\u00e3o de c\u00e2mera traseira tripla com uma c\u00e2mera prim\u00e1ria de 64 MP, uma c\u00e2mera ultra grande angular de 8 MP e uma c\u00e2mera macro de 2 MP.<\/li>\n<\/ul>","protected":false},"featured_media":39232,"template":"","meta":[],"product_brand":[1364],"product_cat":[1295,1304],"product_tag":[477],"class_list":{"0":"post-39087","1":"product","2":"type-product","3":"status-publish","4":"has-post-thumbnail","6":"product_brand-oneplus","7":"product_cat-mobile-phone","8":"product_cat-oneplus-mobile-phone","9":"product_tag-phone","11":"first","12":"instock","13":"shipping-taxable","14":"product-type-simple"},"aioseo_notices":[],"aioseo_head":"\n\t\t<!-- All in One SEO Pro 4.5.9.2 - aioseo.com -->\n\t\t<meta name=\"description\" content=\"The dual-SIM(Nano) device runs on Android 12 backed by ColorOS 12.1 It is powered by the octa-core MediaTek Dimensity 8100-Max SoC, with up to 12GB of LPDDR5 RAM The OnePlus Ace Racing Edition features up to 256GB of UFS 3.1 storage 6.59-inch full-HD+ (1,080x2,412 pixels) display with up to 120Hz refresh rate, 240Hz touch sampling rate The smartphone features a triple-rear camera setup with a 64MP primary camera, an 8MP ultra-wide shooter and a 2MP macro camera.\" \/>\n\t\t<meta name=\"robots\" content=\"max-image-preview:large\" \/>\n\t\t<link rel=\"canonical\" href=\"https:\/\/www.rucashk.com\/pt\/produto\/oneplus-ace-android-mobile-phone\/\" \/>\n\t\t<meta name=\"generator\" content=\"All in One SEO Pro (AIOSEO) 4.5.9.2\" \/>\n\t\t<meta property=\"og:locale\" content=\"pt_PT\" \/>\n\t\t<meta property=\"og:site_name\" content=\"Rucas - One-stop AIoT Distribution Worldwide\" \/>\n\t\t<meta property=\"og:type\" content=\"article\" \/>\n\t\t<meta property=\"og:title\" content=\"OnePlus Ace Android Mobile Phone - Rucas - Wholesale and Distribution\" \/>\n\t\t<meta property=\"og:description\" content=\"The dual-SIM(Nano) device runs on Android 12 backed by ColorOS 12.1 It is powered by the octa-core MediaTek Dimensity 8100-Max SoC, with up to 12GB of LPDDR5 RAM The OnePlus Ace Racing Edition features up to 256GB of UFS 3.1 storage 6.59-inch full-HD+ (1,080x2,412 pixels) display with up to 120Hz refresh rate, 240Hz touch sampling rate The smartphone features a triple-rear camera setup with a 64MP primary camera, an 8MP ultra-wide shooter and a 2MP macro camera.\" \/>\n\t\t<meta property=\"og:url\" content=\"https:\/\/www.rucashk.com\/pt\/produto\/oneplus-ace-android-mobile-phone\/\" \/>\n\t\t<meta property=\"og:image\" content=\"https:\/\/www.rucashk.com\/wp-content\/uploads\/replace\/503b8e645f128a97ccde2b6290747646.jpeg\" \/>\n\t\t<meta property=\"og:image:secure_url\" content=\"https:\/\/www.rucashk.com\/wp-content\/uploads\/replace\/503b8e645f128a97ccde2b6290747646.jpeg\" \/>\n\t\t<meta property=\"og:image:width\" content=\"1456\" \/>\n\t\t<meta property=\"og:image:height\" content=\"816\" \/>\n\t\t<meta property=\"article:published_time\" content=\"2024-03-24T04:16:35+00:00\" \/>\n\t\t<meta property=\"article:modified_time\" content=\"2024-03-24T04:16:36+00:00\" \/>\n\t\t<meta name=\"twitter:card\" content=\"summary_large_image\" \/>\n\t\t<meta name=\"twitter:title\" content=\"OnePlus Ace Android Mobile Phone - Rucas - Wholesale and Distribution\" \/>\n\t\t<meta name=\"twitter:description\" content=\"The dual-SIM(Nano) device runs on Android 12 backed by ColorOS 12.1 It is powered by the octa-core MediaTek Dimensity 8100-Max SoC, with up to 12GB of LPDDR5 RAM The OnePlus Ace Racing Edition features up to 256GB of UFS 3.1 storage 6.59-inch full-HD+ (1,080x2,412 pixels) display with up to 120Hz refresh rate, 240Hz touch sampling rate The smartphone features a triple-rear camera setup with a 64MP primary camera, an 8MP ultra-wide shooter and a 2MP macro camera.\" \/>\n\t\t<meta name=\"twitter:image\" content=\"https:\/\/www.rucashk.com\/wp-content\/uploads\/replace\/503b8e645f128a97ccde2b6290747646.jpeg\" \/>\n\t\t<script type=\"application\/ld+json\" class=\"aioseo-schema\">\n\t\t\t{\"@context\":\"https:\\\/\\\/schema.org\",\"@graph\":[{\"@type\":\"BreadcrumbList\",\"@id\":\"https:\\\/\\\/www.rucashk.com\\\/pt\\\/produto\\\/oneplus-ace-android-mobile-phone\\\/#breadcrumblist\",\"itemListElement\":[{\"@type\":\"ListItem\",\"@id\":\"https:\\\/\\\/www.rucashk.com\\\/pt\\\/#listItem\",\"position\":1,\"name\":\"Home\",\"item\":\"https:\\\/\\\/www.rucashk.com\\\/pt\\\/\",\"nextItem\":\"https:\\\/\\\/www.rucashk.com\\\/pt\\\/produto\\\/oneplus-ace-android-mobile-phone\\\/#listItem\"},{\"@type\":\"ListItem\",\"@id\":\"https:\\\/\\\/www.rucashk.com\\\/pt\\\/produto\\\/oneplus-ace-android-mobile-phone\\\/#listItem\",\"position\":2,\"name\":\"OnePlus Ace Android Mobile Phone\",\"previousItem\":\"https:\\\/\\\/www.rucashk.com\\\/pt\\\/#listItem\"}]},{\"@type\":\"Organization\",\"@id\":\"https:\\\/\\\/www.rucashk.com\\\/pt\\\/#organization\",\"name\":\"Rucas\",\"url\":\"https:\\\/\\\/www.rucashk.com\\\/pt\\\/\",\"logo\":{\"@type\":\"ImageObject\",\"url\":\"https:\\\/\\\/www.rucashk.com\\\/wp-content\\\/uploads\\\/2023\\\/12\\\/Rucas_campany_logo.png\",\"@id\":\"https:\\\/\\\/www.rucashk.com\\\/pt\\\/produto\\\/oneplus-ace-android-mobile-phone\\\/#organizationLogo\",\"width\":221,\"height\":65},\"image\":{\"@id\":\"https:\\\/\\\/www.rucashk.com\\\/pt\\\/#organizationLogo\"}},{\"@type\":\"Person\",\"@id\":\"https:\\\/\\\/www.rucashk.com\\\/pt\\\/author\\\/admin\\\/#author\",\"url\":\"https:\\\/\\\/www.rucashk.com\\\/pt\\\/author\\\/admin\\\/\",\"name\":\"admin\",\"image\":{\"@type\":\"ImageObject\",\"@id\":\"https:\\\/\\\/www.rucashk.com\\\/pt\\\/produto\\\/oneplus-ace-android-mobile-phone\\\/#authorImage\",\"url\":\"https:\\\/\\\/secure.gravatar.com\\\/avatar\\\/b7c8925b09a27e72b30232f8ecaadbd5af0f70a38c78096863fe51b64f031c24?s=96&d=mm&r=g\",\"width\":96,\"height\":96,\"caption\":\"admin\"}},{\"@type\":\"WebPage\",\"@id\":\"https:\\\/\\\/www.rucashk.com\\\/pt\\\/produto\\\/oneplus-ace-android-mobile-phone\\\/#webpage\",\"url\":\"https:\\\/\\\/www.rucashk.com\\\/pt\\\/produto\\\/oneplus-ace-android-mobile-phone\\\/\",\"name\":\"OnePlus Ace Android Mobile Phone - Rucas - Wholesale and Distribution\",\"description\":\"The dual-SIM(Nano) device runs on Android 12 backed by ColorOS 12.1 It is powered by the octa-core MediaTek Dimensity 8100-Max SoC, with up to 12GB of LPDDR5 RAM The OnePlus Ace Racing Edition features up to 256GB of UFS 3.1 storage 6.59-inch full-HD+ (1,080x2,412 pixels) display with up to 120Hz refresh rate, 240Hz touch sampling rate The smartphone features a triple-rear camera setup with a 64MP primary camera, an 8MP ultra-wide shooter and a 2MP macro camera.\",\"inLanguage\":\"pt-PT\",\"isPartOf\":{\"@id\":\"https:\\\/\\\/www.rucashk.com\\\/pt\\\/#website\"},\"breadcrumb\":{\"@id\":\"https:\\\/\\\/www.rucashk.com\\\/pt\\\/produto\\\/oneplus-ace-android-mobile-phone\\\/#breadcrumblist\"},\"author\":{\"@id\":\"https:\\\/\\\/www.rucashk.com\\\/pt\\\/author\\\/admin\\\/#author\"},\"creator\":{\"@id\":\"https:\\\/\\\/www.rucashk.com\\\/pt\\\/author\\\/admin\\\/#author\"},\"image\":{\"@type\":\"ImageObject\",\"url\":\"https:\\\/\\\/www.rucashk.com\\\/wp-content\\\/uploads\\\/2024\\\/03\\\/9bba6b45-10c7-49b6-9614-4199b7c54b84.jpg\",\"@id\":\"https:\\\/\\\/www.rucashk.com\\\/pt\\\/produto\\\/oneplus-ace-android-mobile-phone\\\/#mainImage\",\"width\":800,\"height\":800},\"primaryImageOfPage\":{\"@id\":\"https:\\\/\\\/www.rucashk.com\\\/pt\\\/produto\\\/oneplus-ace-android-mobile-phone\\\/#mainImage\"},\"datePublished\":\"2024-03-24T04:16:35+00:00\",\"dateModified\":\"2024-03-24T04:16:36+00:00\"},{\"@type\":\"WebSite\",\"@id\":\"https:\\\/\\\/www.rucashk.com\\\/pt\\\/#website\",\"url\":\"https:\\\/\\\/www.rucashk.com\\\/pt\\\/\",\"name\":\"Rucas - Wholesale and distribution worldwide\",\"alternateName\":\"Rucas - One-stop AIoT Distribution Worldwide\",\"description\":\"One-stop AIoT Distribution Worldwide\",\"inLanguage\":\"pt-PT\",\"publisher\":{\"@id\":\"https:\\\/\\\/www.rucashk.com\\\/pt\\\/#organization\"}}]}\n\t\t<\/script>\n\t\t<!-- All in One SEO Pro -->\r\n\t\t<title>OnePlus Ace Android Mobile Phone - Rucas - Wholesale and Distribution<\/title>\n\n","aioseo_head_json":{"title":"OnePlus Ace Android Mobile Phone - Rucas - Wholesale and Distribution","description":"The dual-SIM(Nano) device runs on Android 12 backed by ColorOS 12.1 It is powered by the octa-core MediaTek Dimensity 8100-Max SoC, with up to 12GB of LPDDR5 RAM The OnePlus Ace Racing Edition features up to 256GB of UFS 3.1 storage 6.59-inch full-HD+ (1,080x2,412 pixels) display with up to 120Hz refresh rate, 240Hz touch sampling rate The smartphone features a triple-rear camera setup with a 64MP primary camera, an 8MP ultra-wide shooter and a 2MP macro camera.","canonical_url":"https:\/\/www.rucashk.com\/pt\/produto\/oneplus-ace-android-mobile-phone\/","robots":"max-image-preview:large","keywords":"","webmasterTools":{"miscellaneous":""},"og:locale":"pt_PT","og:site_name":"Rucas - One-stop AIoT Distribution Worldwide","og:type":"article","og:title":"OnePlus Ace Android Mobile Phone - Rucas - Wholesale and Distribution","og:description":"The dual-SIM(Nano) device runs on Android 12 backed by ColorOS 12.1 It is powered by the octa-core MediaTek Dimensity 8100-Max SoC, with up to 12GB of LPDDR5 RAM The OnePlus Ace Racing Edition features up to 256GB of UFS 3.1 storage 6.59-inch full-HD+ (1,080x2,412 pixels) display with up to 120Hz refresh rate, 240Hz touch sampling rate The smartphone features a triple-rear camera setup with a 64MP primary camera, an 8MP ultra-wide shooter and a 2MP macro camera.","og:url":"https:\/\/www.rucashk.com\/pt\/produto\/oneplus-ace-android-mobile-phone\/","og:image":"https:\/\/www.rucashk.com\/wp-content\/uploads\/replace\/503b8e645f128a97ccde2b6290747646.jpeg","og:image:secure_url":"https:\/\/www.rucashk.com\/wp-content\/uploads\/replace\/503b8e645f128a97ccde2b6290747646.jpeg","og:image:width":1456,"og:image:height":816,"article:published_time":"2024-03-24T04:16:35+00:00","article:modified_time":"2024-03-24T04:16:36+00:00","twitter:card":"summary_large_image","twitter:title":"OnePlus Ace Android Mobile Phone - Rucas - Wholesale and Distribution","twitter:description":"The dual-SIM(Nano) device runs on Android 12 backed by ColorOS 12.1 It is powered by the octa-core MediaTek Dimensity 8100-Max SoC, with up to 12GB of LPDDR5 RAM The OnePlus Ace Racing Edition features up to 256GB of UFS 3.1 storage 6.59-inch full-HD+ (1,080x2,412 pixels) display with up to 120Hz refresh rate, 240Hz touch sampling rate The smartphone features a triple-rear camera setup with a 64MP primary camera, an 8MP ultra-wide shooter and a 2MP macro camera.","twitter:image":"https:\/\/www.rucashk.com\/wp-content\/uploads\/replace\/503b8e645f128a97ccde2b6290747646.jpeg","schema":{"@context":"https:\/\/schema.org","@graph":[{"@type":"BreadcrumbList","@id":"https:\/\/www.rucashk.com\/pt\/produto\/oneplus-ace-android-mobile-phone\/#breadcrumblist","itemListElement":[{"@type":"ListItem","@id":"https:\/\/www.rucashk.com\/pt\/#listItem","position":1,"name":"Home","item":"https:\/\/www.rucashk.com\/pt\/","nextItem":"https:\/\/www.rucashk.com\/pt\/produto\/oneplus-ace-android-mobile-phone\/#listItem"},{"@type":"ListItem","@id":"https:\/\/www.rucashk.com\/pt\/produto\/oneplus-ace-android-mobile-phone\/#listItem","position":2,"name":"OnePlus Ace Android Mobile Phone","previousItem":"https:\/\/www.rucashk.com\/pt\/#listItem"}]},{"@type":"Organization","@id":"https:\/\/www.rucashk.com\/pt\/#organization","name":"Rucas","url":"https:\/\/www.rucashk.com\/pt\/","logo":{"@type":"ImageObject","url":"https:\/\/www.rucashk.com\/wp-content\/uploads\/2023\/12\/Rucas_campany_logo.png","@id":"https:\/\/www.rucashk.com\/pt\/produto\/oneplus-ace-android-mobile-phone\/#organizationLogo","width":221,"height":65},"image":{"@id":"https:\/\/www.rucashk.com\/pt\/#organizationLogo"}},{"@type":"Person","@id":"https:\/\/www.rucashk.com\/pt\/author\/admin\/#author","url":"https:\/\/www.rucashk.com\/pt\/author\/admin\/","name":"admin","image":{"@type":"ImageObject","@id":"https:\/\/www.rucashk.com\/pt\/produto\/oneplus-ace-android-mobile-phone\/#authorImage","url":"https:\/\/secure.gravatar.com\/avatar\/b7c8925b09a27e72b30232f8ecaadbd5af0f70a38c78096863fe51b64f031c24?s=96&d=mm&r=g","width":96,"height":96,"caption":"admin"}},{"@type":"WebPage","@id":"https:\/\/www.rucashk.com\/pt\/produto\/oneplus-ace-android-mobile-phone\/#webpage","url":"https:\/\/www.rucashk.com\/pt\/produto\/oneplus-ace-android-mobile-phone\/","name":"OnePlus Ace Android Mobile Phone - Rucas - Wholesale and Distribution","description":"The dual-SIM(Nano) device runs on Android 12 backed by ColorOS 12.1 It is powered by the octa-core MediaTek Dimensity 8100-Max SoC, with up to 12GB of LPDDR5 RAM The OnePlus Ace Racing Edition features up to 256GB of UFS 3.1 storage 6.59-inch full-HD+ (1,080x2,412 pixels) display with up to 120Hz refresh rate, 240Hz touch sampling rate The smartphone features a triple-rear camera setup with a 64MP primary camera, an 8MP ultra-wide shooter and a 2MP macro camera.","inLanguage":"pt-PT","isPartOf":{"@id":"https:\/\/www.rucashk.com\/pt\/#website"},"breadcrumb":{"@id":"https:\/\/www.rucashk.com\/pt\/produto\/oneplus-ace-android-mobile-phone\/#breadcrumblist"},"author":{"@id":"https:\/\/www.rucashk.com\/pt\/author\/admin\/#author"},"creator":{"@id":"https:\/\/www.rucashk.com\/pt\/author\/admin\/#author"},"image":{"@type":"ImageObject","url":"https:\/\/www.rucashk.com\/wp-content\/uploads\/2024\/03\/9bba6b45-10c7-49b6-9614-4199b7c54b84.jpg","@id":"https:\/\/www.rucashk.com\/pt\/produto\/oneplus-ace-android-mobile-phone\/#mainImage","width":800,"height":800},"primaryImageOfPage":{"@id":"https:\/\/www.rucashk.com\/pt\/produto\/oneplus-ace-android-mobile-phone\/#mainImage"},"datePublished":"2024-03-24T04:16:35+00:00","dateModified":"2024-03-24T04:16:36+00:00"},{"@type":"WebSite","@id":"https:\/\/www.rucashk.com\/pt\/#website","url":"https:\/\/www.rucashk.com\/pt\/","name":"Rucas - Wholesale and distribution worldwide","alternateName":"Rucas - One-stop AIoT Distribution Worldwide","description":"One-stop AIoT Distribution Worldwide","inLanguage":"pt-PT","publisher":{"@id":"https:\/\/www.rucashk.com\/pt\/#organization"}}]}},"aioseo_meta_data":{"post_id":"39087","title":null,"description":null,"keywords":null,"keyphrases":null,"primary_term":null,"canonical_url":null,"og_title":null,"og_description":null,"og_object_type":"default","og_image_type":"default","og_image_url":null,"og_image_width":null,"og_image_height":null,"og_image_custom_url":null,"og_image_custom_fields":null,"og_video":null,"og_custom_url":null,"og_article_section":null,"og_article_tags":null,"twitter_use_og":false,"twitter_card":"default","twitter_image_type":"default","twitter_image_url":null,"twitter_image_custom_url":null,"twitter_image_custom_fields":null,"twitter_title":null,"twitter_description":null,"schema":{"blockGraphs":[],"customGraphs":[],"default":{"data":{"Article":[],"Course":[],"Dataset":[],"FAQPage":[],"Movie":[],"Person":[],"Product":[],"Recipe":[],"Service":[],"SoftwareApplication":[],"WebPage":[]},"graphName":"","isEnabled":true},"graphs":[]},"schema_type":"default","schema_type_options":null,"pillar_content":false,"robots_default":true,"robots_noindex":false,"robots_noarchive":false,"robots_nosnippet":false,"robots_nofollow":false,"robots_noimageindex":false,"robots_noodp":false,"robots_notranslate":false,"robots_max_snippet":null,"robots_max_videopreview":null,"robots_max_imagepreview":"large","priority":null,"frequency":null,"local_seo":null,"breadcrumb_settings":null,"limit_modified_date":false,"created":"2024-04-11 01:57:23","updated":"2025-06-22 18:47:55"},"aioseo_breadcrumb":"<div class=\"aioseo-breadcrumbs\"><span class=\"aioseo-breadcrumb\">\n\t<a href=\"https:\/\/www.rucashk.com\/pt\" title=\"Home\">Home<\/a>\n<\/span><span class=\"aioseo-breadcrumb-separator\">&raquo;<\/span><span class=\"aioseo-breadcrumb\">\n\t<a href=\"https:\/\/www.rucashk.com\/pt\/products\/\" title=\"Produtos\">Produtos<\/a>\n<\/span><span class=\"aioseo-breadcrumb-separator\">&raquo;<\/span><span class=\"aioseo-breadcrumb\">\n\t<a href=\"https:\/\/www.rucashk.com\/pt\/marca\/oneplus\/\" title=\"Oneplus\">Oneplus<\/a>\n<\/span><span class=\"aioseo-breadcrumb-separator\">&raquo;<\/span><span class=\"aioseo-breadcrumb\">\n\tOnePlus Ace Android Mobile Phone\n<\/span><\/div>","aioseo_breadcrumb_json":[{"label":"Home","link":"https:\/\/www.rucashk.com\/pt"},{"label":"Produtos","link":"https:\/\/www.rucashk.com\/pt\/products\/"},{"label":"Oneplus","link":"https:\/\/www.rucashk.com\/pt\/marca\/oneplus\/"},{"label":"OnePlus Ace Android Mobile Phone","link":"https:\/\/www.rucashk.com\/pt\/produto\/oneplus-ace-android-mobile-phone\/"}],"_links":{"self":[{"href":"https:\/\/www.rucashk.com\/pt\/wp-json\/wp\/v2\/product\/39087","targetHints":{"allow":["GET"]}}],"collection":[{"href":"https:\/\/www.rucashk.com\/pt\/wp-json\/wp\/v2\/product"}],"about":[{"href":"https:\/\/www.rucashk.com\/pt\/wp-json\/wp\/v2\/types\/product"}],"wp:featuredmedia":[{"embeddable":true,"href":"https:\/\/www.rucashk.com\/pt\/wp-json\/wp\/v2\/media\/39232"}],"wp:attachment":[{"href":"https:\/\/www.rucashk.com\/pt\/wp-json\/wp\/v2\/media?parent=39087"}],"wp:term":[{"taxonomy":"product_brand","embeddable":true,"href":"https:\/\/www.rucashk.com\/pt\/wp-json\/wp\/v2\/product_brand?post=39087"},{"taxonomy":"product_cat","embeddable":true,"href":"https:\/\/www.rucashk.com\/pt\/wp-json\/wp\/v2\/product_cat?post=39087"},{"taxonomy":"product_tag","embeddable":true,"href":"https:\/\/www.rucashk.com\/pt\/wp-json\/wp\/v2\/product_tag?post=39087"}],"curies":[{"name":"wp","href":"https:\/\/api.w.org\/{rel}","templated":true}]}}