{"id":37880,"date":"2024-03-21T03:18:56","date_gmt":"2024-03-21T03:18:56","guid":{"rendered":"http:\/\/rucashk.com\/?post_type=product&#038;p=37880"},"modified":"2024-04-16T13:28:20","modified_gmt":"2024-04-16T13:28:20","slug":"xiaomi-poco-c65-android-mobile-phone","status":"publish","type":"product","link":"https:\/\/www.rucashk.com\/pt\/produto\/xiaomi-poco-c65-android-mobile-phone\/","title":{"rendered":"Celular Android Xiaomi Poco C65"},"content":{"rendered":"<p><img decoding=\"async\" alt=\"Xiaomi Poco C65 Android Mobile Phone\" src=\"\/wp-content\/uploads\/replace\/90792a41d31769da33dfc506b330bf87.jpeg\" \/><img decoding=\"async\" src=\"\/wp-content\/uploads\/replace\/ab82f54758b23bced5e783a4273ffcdd.jpeg\" alt=\"Xiaomi POCO C65: Full specifications and launch discounts revealed before  mid-November release - NotebookCheck.net News\" \/><\/p>\n<p><strong>Xiaomi Poco C65<\/strong>, voc\u00ea pode desfrutar de uma experi\u00eancia de entretenimento excepcional gra\u00e7as a uma s\u00e9rie de recursos aprimorados. Equipado com um display de 6,74\u2033 90Hz com resolu\u00e7\u00e3o HD+ de 720 x 1600 pixels, oferece uma melhor experi\u00eancia visual ao mesmo tempo que garante uma excelente ader\u00eancia. Possui ainda processador Helio G85 Octo-Core de 2,00 GHz, 8 GB de RAM e 256 GB de espa\u00e7o de armazenamento, para que voc\u00ea tenha toda a pot\u00eancia necess\u00e1ria para o uso intensivo do seu smartphone.<\/p>\n<ul>\n<li><strong>Mostrar:<\/strong>\u00a0Tela de queda de pontos de 6,74\u2033<\/li>\n<li><strong>Brilho:<\/strong>\u00a0450 nits (t\u00edpico), 600 nits HBM<\/li>\n<li><strong>Taxa de atualiza\u00e7\u00e3o:<\/strong>\u00a0At\u00e9 90Hz<\/li>\n<li>Tela Corning\u00ae Gorilla\u00ae Glass<\/li>\n<li><strong>Processador:<\/strong>\u00a0Processador MediaTek Helio G85<\/li>\n<li>Processo de 12nm, octa-core<\/li>\n<li><strong>CPU:<\/strong>\u00a0Bra\u00e7o Cortex-A75 a 2,0 GHz<\/li>\n<li>Bra\u00e7o Cortex-A55 a 1,8 GHz<\/li>\n<li><strong>GPU:<\/strong>\u00a0Bra\u00e7o Mali-G52 MC2<\/li>\n<li><strong>C\u00e2mera traseira:<\/strong>\u00a0C\u00e2mera de filme | Modo HDR | Modo noturno | Modo retrato | Modo 50 MP | Espa\u00e7o de tempo<\/li>\n<li>C\u00e2mera principal de 50 MP | C\u00e2mera macro de 2 MP | Lente auxiliar<\/li>\n<li><strong>C\u00e2mera frontal:<\/strong>\u00a0Filtro de filme | Modo HDR | Anel de luz suave | Modo retrato | Espa\u00e7o de tempo<\/li>\n<li>C\u00e2mera frontal de 8 MP<\/li>\n<li><strong>Bateria e carregamento:<\/strong>\u00a05000mAh (tipo) | Suporta carregamento PD de 18 W | USB tipo C<\/li>\n<li><strong>Seguran\u00e7a:<\/strong>\u00a0Sensor de impress\u00e3o digital lateral | Desbloqueio facial com IA<\/li>\n<li><strong>Rede e conectividade:<\/strong>\u00a0Dual SIM+microSD | Bandas de rede: Suporta 4G\/3G\/2G<\/li>\n<li><strong>Navega\u00e7\u00e3o e posicionamento:<\/strong>\u00a0GPS | Glonass | Galileu | Beidou<\/li>\n<li><strong>\u00c1udio:<\/strong>\u00a0Conector de fone de ouvido de 3,5 mm<\/li>\n<li><strong>Sensores:<\/strong>\u00a0Sensor de proximidade virtual | Sensor de luz ambiente | Aceler\u00f4metro | B\u00fassola eletr\u00f4nica<\/li>\n<li><strong>Sistema operacional:<\/strong>\u00a0MIUI 14 para POCO<\/li>\n<li><strong>Dimens\u00f5es: Altura:<\/strong>\u00a0168mm \u2013 Largura: 78mm \u2013 Espessura: 8,09mm \u2013 Peso: 192g<\/li>\n<\/ul>","protected":false},"excerpt":{"rendered":"<ul>\n<li><strong>Processador\u00a0<\/strong>: MediaTek Helio G85 Octo-Core com clock de 2,00 GHz<\/li>\n<li><strong>Sistema\u00a0<\/strong>: Android 13 + MIUI 14<\/li>\n<li><strong>Tela<\/strong>: 6,74\u2033 com resolu\u00e7\u00e3o HD+ 720 x 1600 pixels, taxa de atualiza\u00e7\u00e3o de 90 Hz, 450 nits, certifica\u00e7\u00e3o TUV<\/li>\n<li><strong>BATER\u00a0<\/strong>: 8 GB<\/li>\n<li><strong>C\u00e2mera principal\u00a0<\/strong>: 50 MP (f\/1.8) + 2 MP (macro, f\/2.4), Intelig\u00eancia Artificial, modo noturno, v\u00eddeo 4K<\/li>\n<li><strong>C\u00e2mera secund\u00e1ria\u00a0<\/strong>: 8 MP (f\/2.0), modo noturno<\/li>\n<li><strong>Armazenar\u00a0<\/strong>: 256 GB (expans\u00edvel at\u00e9 1 TB via cart\u00e3o microSDXC)<\/li>\n<li><strong>Conectividade\u00a0<\/strong>: BT 5.1, GPS, Wi-Fi 802.11 a\/b\/g\/n\/ac, USB-C, conector de 3,5 mm, leitor de impress\u00e3o digital montado na lateral, reconhecimento facial<\/li>\n<li><strong>Bateria<\/strong>: 5000 mAh com carga r\u00e1pida de 18 W<\/li>\n<li><strong>Dimens\u00f5es:<\/strong>\u00a0168x78x8,09mm, 192g<\/li>\n<\/ul>","protected":false},"featured_media":37884,"template":"","meta":[],"product_brand":[1363],"product_cat":[1295,1298],"product_tag":[477],"class_list":{"0":"post-37880","1":"product","2":"type-product","3":"status-publish","4":"has-post-thumbnail","6":"product_brand-xiaomi","7":"product_cat-mobile-phone","8":"product_cat-poco-mobile-phone","9":"product_tag-phone","11":"first","12":"instock","13":"shipping-taxable","14":"product-type-simple"},"aioseo_notices":[],"aioseo_head":"\n\t\t<!-- All in One SEO Pro 4.5.9.2 - aioseo.com -->\n\t\t<meta name=\"description\" content=\"Processor : MediaTek Helio G85 Octo-Core clocked at 2.00 GHz System : Android 13 + MIUI 14 Screen: 6.74&quot; with HD+ resolution 720 x 1600 pixels, 90 Hz refresh rate, 450 nits, TUV certified RAM : 8 GB Main camera : 50 MP (f\/1.8) + 2 MP (macro, f\/2.4), Artificial Intelligence, night mode, 4K video Secondary camera : 8 MP (f\/2.0), night mode Storage : 256 GB (expandable to 1 TB via microSDXC card) Connectivity : BT 5.1, GPS, Wi-Fi 802.11 a\/b\/g\/n\/ac, USB-C, 3.5mm jack, side-mounted fingerprint reader, facial recognition Battery: 5000 mAh with 18W fast charge Dimensions: 168 x 78 x 8.09 mm, 192 g\" \/>\n\t\t<meta name=\"robots\" content=\"max-image-preview:large\" \/>\n\t\t<link rel=\"canonical\" href=\"https:\/\/www.rucashk.com\/pt\/produto\/xiaomi-poco-c65-android-mobile-phone\/\" \/>\n\t\t<meta name=\"generator\" content=\"All in One SEO Pro (AIOSEO) 4.5.9.2\" \/>\n\t\t<meta property=\"og:locale\" content=\"pt_PT\" \/>\n\t\t<meta property=\"og:site_name\" content=\"Rucas - One-stop AIoT Distribution Worldwide\" \/>\n\t\t<meta property=\"og:type\" content=\"article\" \/>\n\t\t<meta property=\"og:title\" content=\"Xiaomi Poco C65 Android Mobile Phone - Rucas - Wholesale and Distribution\" \/>\n\t\t<meta property=\"og:description\" content=\"Processor : MediaTek Helio G85 Octo-Core clocked at 2.00 GHz System : Android 13 + MIUI 14 Screen: 6.74&quot; with HD+ resolution 720 x 1600 pixels, 90 Hz refresh rate, 450 nits, TUV certified RAM : 8 GB Main camera : 50 MP (f\/1.8) + 2 MP (macro, f\/2.4), Artificial Intelligence, night mode, 4K video Secondary camera : 8 MP (f\/2.0), night mode Storage : 256 GB (expandable to 1 TB via microSDXC card) Connectivity : BT 5.1, GPS, Wi-Fi 802.11 a\/b\/g\/n\/ac, USB-C, 3.5mm jack, side-mounted fingerprint reader, facial recognition Battery: 5000 mAh with 18W fast charge Dimensions: 168 x 78 x 8.09 mm, 192 g\" \/>\n\t\t<meta property=\"og:url\" content=\"https:\/\/www.rucashk.com\/pt\/produto\/xiaomi-poco-c65-android-mobile-phone\/\" \/>\n\t\t<meta property=\"og:image\" content=\"https:\/\/www.rucashk.com\/wp-content\/uploads\/replace\/503b8e645f128a97ccde2b6290747646.jpeg\" \/>\n\t\t<meta property=\"og:image:secure_url\" content=\"https:\/\/www.rucashk.com\/wp-content\/uploads\/replace\/503b8e645f128a97ccde2b6290747646.jpeg\" \/>\n\t\t<meta property=\"og:image:width\" content=\"1456\" \/>\n\t\t<meta property=\"og:image:height\" content=\"816\" \/>\n\t\t<meta property=\"article:published_time\" content=\"2024-03-21T03:18:56+00:00\" \/>\n\t\t<meta property=\"article:modified_time\" content=\"2024-04-16T13:28:20+00:00\" \/>\n\t\t<meta name=\"twitter:card\" content=\"summary_large_image\" \/>\n\t\t<meta name=\"twitter:title\" content=\"Xiaomi Poco C65 Android Mobile Phone - Rucas - Wholesale and Distribution\" \/>\n\t\t<meta name=\"twitter:description\" content=\"Processor : MediaTek Helio G85 Octo-Core clocked at 2.00 GHz System : Android 13 + MIUI 14 Screen: 6.74&quot; with HD+ resolution 720 x 1600 pixels, 90 Hz refresh rate, 450 nits, TUV certified RAM : 8 GB Main camera : 50 MP (f\/1.8) + 2 MP (macro, f\/2.4), Artificial Intelligence, night mode, 4K video Secondary camera : 8 MP (f\/2.0), night mode Storage : 256 GB (expandable to 1 TB via microSDXC card) Connectivity : BT 5.1, GPS, Wi-Fi 802.11 a\/b\/g\/n\/ac, USB-C, 3.5mm jack, side-mounted fingerprint reader, facial recognition Battery: 5000 mAh with 18W fast charge Dimensions: 168 x 78 x 8.09 mm, 192 g\" \/>\n\t\t<meta name=\"twitter:image\" content=\"https:\/\/www.rucashk.com\/wp-content\/uploads\/replace\/503b8e645f128a97ccde2b6290747646.jpeg\" \/>\n\t\t<script type=\"application\/ld+json\" class=\"aioseo-schema\">\n\t\t\t{\"@context\":\"https:\\\/\\\/schema.org\",\"@graph\":[{\"@type\":\"BreadcrumbList\",\"@id\":\"https:\\\/\\\/www.rucashk.com\\\/pt\\\/produto\\\/xiaomi-poco-c65-android-mobile-phone\\\/#breadcrumblist\",\"itemListElement\":[{\"@type\":\"ListItem\",\"@id\":\"https:\\\/\\\/www.rucashk.com\\\/pt\\\/#listItem\",\"position\":1,\"name\":\"Home\",\"item\":\"https:\\\/\\\/www.rucashk.com\\\/pt\\\/\",\"nextItem\":\"https:\\\/\\\/www.rucashk.com\\\/pt\\\/produto\\\/xiaomi-poco-c65-android-mobile-phone\\\/#listItem\"},{\"@type\":\"ListItem\",\"@id\":\"https:\\\/\\\/www.rucashk.com\\\/pt\\\/produto\\\/xiaomi-poco-c65-android-mobile-phone\\\/#listItem\",\"position\":2,\"name\":\"Xiaomi Poco C65 Android Mobile Phone\",\"previousItem\":\"https:\\\/\\\/www.rucashk.com\\\/pt\\\/#listItem\"}]},{\"@type\":\"Organization\",\"@id\":\"https:\\\/\\\/www.rucashk.com\\\/pt\\\/#organization\",\"name\":\"Rucas\",\"url\":\"https:\\\/\\\/www.rucashk.com\\\/pt\\\/\",\"logo\":{\"@type\":\"ImageObject\",\"url\":\"https:\\\/\\\/www.rucashk.com\\\/wp-content\\\/uploads\\\/2023\\\/12\\\/Rucas_campany_logo.png\",\"@id\":\"https:\\\/\\\/www.rucashk.com\\\/pt\\\/produto\\\/xiaomi-poco-c65-android-mobile-phone\\\/#organizationLogo\",\"width\":221,\"height\":65},\"image\":{\"@id\":\"https:\\\/\\\/www.rucashk.com\\\/pt\\\/#organizationLogo\"}},{\"@type\":\"Person\",\"@id\":\"https:\\\/\\\/www.rucashk.com\\\/pt\\\/author\\\/admin\\\/#author\",\"url\":\"https:\\\/\\\/www.rucashk.com\\\/pt\\\/author\\\/admin\\\/\",\"name\":\"admin\",\"image\":{\"@type\":\"ImageObject\",\"@id\":\"https:\\\/\\\/www.rucashk.com\\\/pt\\\/produto\\\/xiaomi-poco-c65-android-mobile-phone\\\/#authorImage\",\"url\":\"https:\\\/\\\/secure.gravatar.com\\\/avatar\\\/b7c8925b09a27e72b30232f8ecaadbd5af0f70a38c78096863fe51b64f031c24?s=96&d=mm&r=g\",\"width\":96,\"height\":96,\"caption\":\"admin\"}},{\"@type\":\"WebPage\",\"@id\":\"https:\\\/\\\/www.rucashk.com\\\/pt\\\/produto\\\/xiaomi-poco-c65-android-mobile-phone\\\/#webpage\",\"url\":\"https:\\\/\\\/www.rucashk.com\\\/pt\\\/produto\\\/xiaomi-poco-c65-android-mobile-phone\\\/\",\"name\":\"Xiaomi Poco C65 Android Mobile Phone - Rucas - Wholesale and Distribution\",\"description\":\"Processor : MediaTek Helio G85 Octo-Core clocked at 2.00 GHz System : Android 13 + MIUI 14 Screen: 6.74\\\" with HD+ resolution 720 x 1600 pixels, 90 Hz refresh rate, 450 nits, TUV certified RAM : 8 GB Main camera : 50 MP (f\\\/1.8) + 2 MP (macro, f\\\/2.4), Artificial Intelligence, night mode, 4K video Secondary camera : 8 MP (f\\\/2.0), night mode Storage : 256 GB (expandable to 1 TB via microSDXC card) Connectivity : BT 5.1, GPS, Wi-Fi 802.11 a\\\/b\\\/g\\\/n\\\/ac, USB-C, 3.5mm jack, side-mounted fingerprint reader, facial recognition Battery: 5000 mAh with 18W fast charge Dimensions: 168 x 78 x 8.09 mm, 192 g\",\"inLanguage\":\"pt-PT\",\"isPartOf\":{\"@id\":\"https:\\\/\\\/www.rucashk.com\\\/pt\\\/#website\"},\"breadcrumb\":{\"@id\":\"https:\\\/\\\/www.rucashk.com\\\/pt\\\/produto\\\/xiaomi-poco-c65-android-mobile-phone\\\/#breadcrumblist\"},\"author\":{\"@id\":\"https:\\\/\\\/www.rucashk.com\\\/pt\\\/author\\\/admin\\\/#author\"},\"creator\":{\"@id\":\"https:\\\/\\\/www.rucashk.com\\\/pt\\\/author\\\/admin\\\/#author\"},\"image\":{\"@type\":\"ImageObject\",\"url\":\"https:\\\/\\\/www.rucashk.com\\\/wp-content\\\/uploads\\\/2024\\\/03\\\/poco-c65-6gb-128gb-976391_1200x1200.webp\",\"@id\":\"https:\\\/\\\/www.rucashk.com\\\/pt\\\/produto\\\/xiaomi-poco-c65-android-mobile-phone\\\/#mainImage\",\"width\":1200,\"height\":1200},\"primaryImageOfPage\":{\"@id\":\"https:\\\/\\\/www.rucashk.com\\\/pt\\\/produto\\\/xiaomi-poco-c65-android-mobile-phone\\\/#mainImage\"},\"datePublished\":\"2024-03-21T03:18:56+00:00\",\"dateModified\":\"2024-04-16T13:28:20+00:00\"},{\"@type\":\"WebSite\",\"@id\":\"https:\\\/\\\/www.rucashk.com\\\/pt\\\/#website\",\"url\":\"https:\\\/\\\/www.rucashk.com\\\/pt\\\/\",\"name\":\"Rucas - Wholesale and distribution worldwide\",\"alternateName\":\"Rucas - One-stop AIoT Distribution Worldwide\",\"description\":\"One-stop AIoT Distribution Worldwide\",\"inLanguage\":\"pt-PT\",\"publisher\":{\"@id\":\"https:\\\/\\\/www.rucashk.com\\\/pt\\\/#organization\"}}]}\n\t\t<\/script>\n\t\t<!-- All in One SEO Pro -->\r\n\t\t<title>Xiaomi Poco C65 Android Mobile Phone - Rucas - Wholesale and Distribution<\/title>\n\n","aioseo_head_json":{"title":"Xiaomi Poco C65 Android Mobile Phone - Rucas - Wholesale and Distribution","description":"Processor : MediaTek Helio G85 Octo-Core clocked at 2.00 GHz System : Android 13 + MIUI 14 Screen: 6.74\" with HD+ resolution 720 x 1600 pixels, 90 Hz refresh rate, 450 nits, TUV certified RAM : 8 GB Main camera : 50 MP (f\/1.8) + 2 MP (macro, f\/2.4), Artificial Intelligence, night mode, 4K video Secondary camera : 8 MP (f\/2.0), night mode Storage : 256 GB (expandable to 1 TB via microSDXC card) Connectivity : BT 5.1, GPS, Wi-Fi 802.11 a\/b\/g\/n\/ac, USB-C, 3.5mm jack, side-mounted fingerprint reader, facial recognition Battery: 5000 mAh with 18W fast charge Dimensions: 168 x 78 x 8.09 mm, 192 g","canonical_url":"https:\/\/www.rucashk.com\/pt\/produto\/xiaomi-poco-c65-android-mobile-phone\/","robots":"max-image-preview:large","keywords":"","webmasterTools":{"miscellaneous":""},"og:locale":"pt_PT","og:site_name":"Rucas - One-stop AIoT Distribution Worldwide","og:type":"article","og:title":"Xiaomi Poco C65 Android Mobile Phone - Rucas - Wholesale and Distribution","og:description":"Processor : MediaTek Helio G85 Octo-Core clocked at 2.00 GHz System : Android 13 + MIUI 14 Screen: 6.74&quot; with HD+ resolution 720 x 1600 pixels, 90 Hz refresh rate, 450 nits, TUV certified RAM : 8 GB Main camera : 50 MP (f\/1.8) + 2 MP (macro, f\/2.4), Artificial Intelligence, night mode, 4K video Secondary camera : 8 MP (f\/2.0), night mode Storage : 256 GB (expandable to 1 TB via microSDXC card) Connectivity : BT 5.1, GPS, Wi-Fi 802.11 a\/b\/g\/n\/ac, USB-C, 3.5mm jack, side-mounted fingerprint reader, facial recognition Battery: 5000 mAh with 18W fast charge Dimensions: 168 x 78 x 8.09 mm, 192 g","og:url":"https:\/\/www.rucashk.com\/pt\/produto\/xiaomi-poco-c65-android-mobile-phone\/","og:image":"https:\/\/www.rucashk.com\/wp-content\/uploads\/replace\/503b8e645f128a97ccde2b6290747646.jpeg","og:image:secure_url":"https:\/\/www.rucashk.com\/wp-content\/uploads\/replace\/503b8e645f128a97ccde2b6290747646.jpeg","og:image:width":1456,"og:image:height":816,"article:published_time":"2024-03-21T03:18:56+00:00","article:modified_time":"2024-04-16T13:28:20+00:00","twitter:card":"summary_large_image","twitter:title":"Xiaomi Poco C65 Android Mobile Phone - Rucas - Wholesale and Distribution","twitter:description":"Processor : MediaTek Helio G85 Octo-Core clocked at 2.00 GHz System : Android 13 + MIUI 14 Screen: 6.74&quot; with HD+ resolution 720 x 1600 pixels, 90 Hz refresh rate, 450 nits, TUV certified RAM : 8 GB Main camera : 50 MP (f\/1.8) + 2 MP (macro, f\/2.4), Artificial Intelligence, night mode, 4K video Secondary camera : 8 MP (f\/2.0), night mode Storage : 256 GB (expandable to 1 TB via microSDXC card) Connectivity : BT 5.1, GPS, Wi-Fi 802.11 a\/b\/g\/n\/ac, USB-C, 3.5mm jack, side-mounted fingerprint reader, facial recognition Battery: 5000 mAh with 18W fast charge Dimensions: 168 x 78 x 8.09 mm, 192 g","twitter:image":"https:\/\/www.rucashk.com\/wp-content\/uploads\/replace\/503b8e645f128a97ccde2b6290747646.jpeg","schema":{"@context":"https:\/\/schema.org","@graph":[{"@type":"BreadcrumbList","@id":"https:\/\/www.rucashk.com\/pt\/produto\/xiaomi-poco-c65-android-mobile-phone\/#breadcrumblist","itemListElement":[{"@type":"ListItem","@id":"https:\/\/www.rucashk.com\/pt\/#listItem","position":1,"name":"Home","item":"https:\/\/www.rucashk.com\/pt\/","nextItem":"https:\/\/www.rucashk.com\/pt\/produto\/xiaomi-poco-c65-android-mobile-phone\/#listItem"},{"@type":"ListItem","@id":"https:\/\/www.rucashk.com\/pt\/produto\/xiaomi-poco-c65-android-mobile-phone\/#listItem","position":2,"name":"Xiaomi Poco C65 Android Mobile Phone","previousItem":"https:\/\/www.rucashk.com\/pt\/#listItem"}]},{"@type":"Organization","@id":"https:\/\/www.rucashk.com\/pt\/#organization","name":"Rucas","url":"https:\/\/www.rucashk.com\/pt\/","logo":{"@type":"ImageObject","url":"https:\/\/www.rucashk.com\/wp-content\/uploads\/2023\/12\/Rucas_campany_logo.png","@id":"https:\/\/www.rucashk.com\/pt\/produto\/xiaomi-poco-c65-android-mobile-phone\/#organizationLogo","width":221,"height":65},"image":{"@id":"https:\/\/www.rucashk.com\/pt\/#organizationLogo"}},{"@type":"Person","@id":"https:\/\/www.rucashk.com\/pt\/author\/admin\/#author","url":"https:\/\/www.rucashk.com\/pt\/author\/admin\/","name":"admin","image":{"@type":"ImageObject","@id":"https:\/\/www.rucashk.com\/pt\/produto\/xiaomi-poco-c65-android-mobile-phone\/#authorImage","url":"https:\/\/secure.gravatar.com\/avatar\/b7c8925b09a27e72b30232f8ecaadbd5af0f70a38c78096863fe51b64f031c24?s=96&d=mm&r=g","width":96,"height":96,"caption":"admin"}},{"@type":"WebPage","@id":"https:\/\/www.rucashk.com\/pt\/produto\/xiaomi-poco-c65-android-mobile-phone\/#webpage","url":"https:\/\/www.rucashk.com\/pt\/produto\/xiaomi-poco-c65-android-mobile-phone\/","name":"Xiaomi Poco C65 Android Mobile Phone - Rucas - Wholesale and Distribution","description":"Processor : MediaTek Helio G85 Octo-Core clocked at 2.00 GHz System : Android 13 + MIUI 14 Screen: 6.74\" with HD+ resolution 720 x 1600 pixels, 90 Hz refresh rate, 450 nits, TUV certified RAM : 8 GB Main camera : 50 MP (f\/1.8) + 2 MP (macro, f\/2.4), Artificial Intelligence, night mode, 4K video Secondary camera : 8 MP (f\/2.0), night mode Storage : 256 GB (expandable to 1 TB via microSDXC card) Connectivity : BT 5.1, GPS, Wi-Fi 802.11 a\/b\/g\/n\/ac, USB-C, 3.5mm jack, side-mounted fingerprint reader, facial recognition Battery: 5000 mAh with 18W fast charge Dimensions: 168 x 78 x 8.09 mm, 192 g","inLanguage":"pt-PT","isPartOf":{"@id":"https:\/\/www.rucashk.com\/pt\/#website"},"breadcrumb":{"@id":"https:\/\/www.rucashk.com\/pt\/produto\/xiaomi-poco-c65-android-mobile-phone\/#breadcrumblist"},"author":{"@id":"https:\/\/www.rucashk.com\/pt\/author\/admin\/#author"},"creator":{"@id":"https:\/\/www.rucashk.com\/pt\/author\/admin\/#author"},"image":{"@type":"ImageObject","url":"https:\/\/www.rucashk.com\/wp-content\/uploads\/2024\/03\/poco-c65-6gb-128gb-976391_1200x1200.webp","@id":"https:\/\/www.rucashk.com\/pt\/produto\/xiaomi-poco-c65-android-mobile-phone\/#mainImage","width":1200,"height":1200},"primaryImageOfPage":{"@id":"https:\/\/www.rucashk.com\/pt\/produto\/xiaomi-poco-c65-android-mobile-phone\/#mainImage"},"datePublished":"2024-03-21T03:18:56+00:00","dateModified":"2024-04-16T13:28:20+00:00"},{"@type":"WebSite","@id":"https:\/\/www.rucashk.com\/pt\/#website","url":"https:\/\/www.rucashk.com\/pt\/","name":"Rucas - Wholesale and distribution worldwide","alternateName":"Rucas - One-stop AIoT Distribution Worldwide","description":"One-stop AIoT Distribution Worldwide","inLanguage":"pt-PT","publisher":{"@id":"https:\/\/www.rucashk.com\/pt\/#organization"}}]}},"aioseo_meta_data":{"post_id":"37880","title":null,"description":null,"keywords":null,"keyphrases":null,"primary_term":null,"canonical_url":null,"og_title":null,"og_description":null,"og_object_type":"default","og_image_type":"default","og_image_url":null,"og_image_width":null,"og_image_height":null,"og_image_custom_url":null,"og_image_custom_fields":null,"og_video":null,"og_custom_url":null,"og_article_section":null,"og_article_tags":null,"twitter_use_og":false,"twitter_card":"default","twitter_image_type":"default","twitter_image_url":null,"twitter_image_custom_url":null,"twitter_image_custom_fields":null,"twitter_title":null,"twitter_description":null,"schema":{"blockGraphs":[],"customGraphs":[],"default":{"data":{"Article":[],"Course":[],"Dataset":[],"FAQPage":[],"Movie":[],"Person":[],"Product":[],"Recipe":[],"Service":[],"SoftwareApplication":[],"WebPage":[]},"graphName":"","isEnabled":true},"graphs":[]},"schema_type":"default","schema_type_options":null,"pillar_content":false,"robots_default":true,"robots_noindex":false,"robots_noarchive":false,"robots_nosnippet":false,"robots_nofollow":false,"robots_noimageindex":false,"robots_noodp":false,"robots_notranslate":false,"robots_max_snippet":null,"robots_max_videopreview":null,"robots_max_imagepreview":"large","priority":null,"frequency":null,"local_seo":null,"breadcrumb_settings":null,"limit_modified_date":false,"created":"2024-04-11 01:57:23","updated":"2025-06-22 18:47:55"},"aioseo_breadcrumb":"<div class=\"aioseo-breadcrumbs\"><span class=\"aioseo-breadcrumb\">\n\t<a href=\"https:\/\/www.rucashk.com\/pt\" title=\"Home\">Home<\/a>\n<\/span><span class=\"aioseo-breadcrumb-separator\">&raquo;<\/span><span class=\"aioseo-breadcrumb\">\n\t<a href=\"https:\/\/www.rucashk.com\/pt\/products\/\" title=\"Produtos\">Produtos<\/a>\n<\/span><span class=\"aioseo-breadcrumb-separator\">&raquo;<\/span><span class=\"aioseo-breadcrumb\">\n\t<a href=\"https:\/\/www.rucashk.com\/pt\/marca\/xiaomi\/\" title=\"Xiaomi\">Xiaomi<\/a>\n<\/span><span class=\"aioseo-breadcrumb-separator\">&raquo;<\/span><span class=\"aioseo-breadcrumb\">\n\tXiaomi Poco C65 Android Mobile Phone\n<\/span><\/div>","aioseo_breadcrumb_json":[{"label":"Home","link":"https:\/\/www.rucashk.com\/pt"},{"label":"Produtos","link":"https:\/\/www.rucashk.com\/pt\/products\/"},{"label":"Xiaomi","link":"https:\/\/www.rucashk.com\/pt\/marca\/xiaomi\/"},{"label":"Xiaomi Poco C65 Android Mobile Phone","link":"https:\/\/www.rucashk.com\/pt\/produto\/xiaomi-poco-c65-android-mobile-phone\/"}],"_links":{"self":[{"href":"https:\/\/www.rucashk.com\/pt\/wp-json\/wp\/v2\/product\/37880","targetHints":{"allow":["GET"]}}],"collection":[{"href":"https:\/\/www.rucashk.com\/pt\/wp-json\/wp\/v2\/product"}],"about":[{"href":"https:\/\/www.rucashk.com\/pt\/wp-json\/wp\/v2\/types\/product"}],"wp:featuredmedia":[{"embeddable":true,"href":"https:\/\/www.rucashk.com\/pt\/wp-json\/wp\/v2\/media\/37884"}],"wp:attachment":[{"href":"https:\/\/www.rucashk.com\/pt\/wp-json\/wp\/v2\/media?parent=37880"}],"wp:term":[{"taxonomy":"product_brand","embeddable":true,"href":"https:\/\/www.rucashk.com\/pt\/wp-json\/wp\/v2\/product_brand?post=37880"},{"taxonomy":"product_cat","embeddable":true,"href":"https:\/\/www.rucashk.com\/pt\/wp-json\/wp\/v2\/product_cat?post=37880"},{"taxonomy":"product_tag","embeddable":true,"href":"https:\/\/www.rucashk.com\/pt\/wp-json\/wp\/v2\/product_tag?post=37880"}],"curies":[{"name":"wp","href":"https:\/\/api.w.org\/{rel}","templated":true}]}}