{"id":37858,"date":"2024-03-21T02:42:23","date_gmt":"2024-03-21T02:42:23","guid":{"rendered":"http:\/\/rucashk.com\/?post_type=product&#038;p=37858"},"modified":"2024-04-16T13:21:54","modified_gmt":"2024-04-16T13:21:54","slug":"xiaomi-redmi-12-android-mobile-phone","status":"publish","type":"product","link":"https:\/\/www.rucashk.com\/pt\/produto\/xiaomi-redmi-12-android-mobile-phone\/","title":{"rendered":"Celular Xiaomi Redmi 12 Android"},"content":{"rendered":"<p><iframe width=\"1280\" height=\"720\" src=\"https:\/\/www.youtube.com\/embed\/_zhhr_5R828\" title=\"Redmi 12 | C\u00e2mera tripla AI de 50 MP\" frameborder=\"0\" allow=\"accelerometer; autoplay; clipboard-write; encrypted-media; gyroscope; picture-in-picture; web-share\" allowfullscreen><\/iframe><\/p>\n<p><strong>Design elegante e premium<\/strong><br \/>\nO smartphone Redmi 12 5G se destaca por seu design traseiro de cristal premium que se inspira no minimalismo e na simetria. Onde quer que voc\u00ea o carregue, a estrutura met\u00e1lica plana do telefone aprimora sua est\u00e9tica elegante e oferece uma pegada confort\u00e1vel e ergon\u00f4mica.<\/p>\n<p><strong>Visuais de alta resolu\u00e7\u00e3o<\/strong><br \/>\nEsteja voc\u00ea em uma viagem de neg\u00f3cios ou de f\u00e9rias, este telefone 5G permite que voc\u00ea assista seus programas favoritos em sua espa\u00e7osa tela FHD + de 6,79 polegadas. Al\u00e9m disso, sua taxa de atualiza\u00e7\u00e3o de 90 Hz garante rolagem e reprodu\u00e7\u00e3o suaves.<\/p>\n<p><strong>Opera\u00e7\u00e3o perfeita<\/strong><br \/>\nCom um r\u00e1pido processador Qualcomm Snapdragon 4 Gen 2 octa-core e 6 GB de RAM integrada, este smartphone lida facilmente com aplicativos que consomem muitos recursos. Dessa forma, garante que seu dispositivo mantenha a velocidade e a capacidade de resposta mesmo durante o uso intenso.<\/p>\n<p><strong>Capturas cativantes<\/strong><br \/>\nConstru\u00eddo com um sistema de c\u00e2mera dupla, que inclui uma c\u00e2mera frontal de 8MP, uma c\u00e2mera traseira de 50MP e uma c\u00e2mera traseira de profundidade de 2MP, este smartphone Redmi garante que voc\u00ea capture fotos impressionantes. Assim, voc\u00ea pode clicar em selfies r\u00e1pidos, belas paisagens e fotos de grupo precisas com facilidade neste telefone.<\/p>\n<p><strong>Crie conte\u00fado de v\u00eddeo premium<\/strong><br \/>\nSeus filmes caseiros ter\u00e3o uma apar\u00eancia profissional quando filmados no smartphone Redmi 12 5G, pois oferece recursos de grava\u00e7\u00e3o Full HD.<\/p>\n<p><strong>Armazenamento espa\u00e7oso<\/strong><br \/>\nEquipado com uma generosa capacidade de armazenamento de 128 GB, este smartphone garante bastante espa\u00e7o para sua extensa biblioteca de aplicativos, fotos, v\u00eddeos e arquivos. E para maior comodidade, voc\u00ea pode expandir sua capacidade de armazenamento com a op\u00e7\u00e3o de mem\u00f3ria expans\u00edvel de 1 TB, abrindo espa\u00e7o para ainda mais arquivos de m\u00eddia.<\/p>\n<p><strong>Poderosa capacidade da bateria<\/strong><br \/>\nEste telefone permanecer\u00e1 sempre ligado sem que voc\u00ea precise prend\u00ea-lo ao carregador o dia todo, pois \u00e9 alimentado por uma bateria de pol\u00edmero de l\u00edtio de longa dura\u00e7\u00e3o de 5000mAh.<\/p>","protected":false},"excerpt":{"rendered":"<ul>\n<li>Tela: 6,79 polegadas (17,24 cm), tela FHD Plus, taxa de atualiza\u00e7\u00e3o de 90 Hz<\/li>\n<li>Mem\u00f3ria: 6 GB de RAM, 128 GB de ROM, cart\u00e3o de mem\u00f3ria (h\u00edbrido) de at\u00e9 1 TB<\/li>\n<li>Processador: Qualcomm Snapdragon 4 Gen 2, Octa Core, 2,2 GHz<\/li>\n<li>C\u00e2mera: C\u00e2mera dupla AI de 50 MP + 2 MP e c\u00e2mera frontal de 8 MP<\/li>\n<li>Bateria: 5000 mAh com carregador r\u00e1pido tipo C de 22,5 W<\/li>\n<li>USP: classifica\u00e7\u00e3o IP53 resistente a respingos e poeira, Corning Gorilla Glass<\/li>\n<\/ul>","protected":false},"featured_media":37863,"template":"","meta":[],"product_brand":[1363],"product_cat":[1295,1297],"product_tag":[477],"class_list":{"0":"post-37858","1":"product","2":"type-product","3":"status-publish","4":"has-post-thumbnail","6":"product_brand-xiaomi","7":"product_cat-mobile-phone","8":"product_cat-redmi-mobile-phone","9":"product_tag-phone","11":"first","12":"instock","13":"shipping-taxable","14":"product-type-simple"},"aioseo_notices":[],"aioseo_head":"\n\t\t<!-- All in One SEO Pro 4.5.9.2 - aioseo.com -->\n\t\t<meta name=\"description\" content=\"Display: 6.79 inches (17.24 cm), FHD Plus Display, 90 Hz Refresh Rate Memory: 6GB RAM, 128GB ROM, Memory Card (Hybrid) upto 1TB Processor: Qualcomm Snapdragon 4 Gen 2, Octa Core, 2.2 GHz Camera: 50 MP + 2 MP AI Dual Camera &amp; 8 MP Front Camera Battery: 5000 mAh with 22.5W Type C Fast Charger USP: IP53 Rated Splash &amp; Dust Resistant, Corning Gorilla Glass\" \/>\n\t\t<meta name=\"robots\" content=\"max-image-preview:large\" \/>\n\t\t<link rel=\"canonical\" href=\"https:\/\/www.rucashk.com\/pt\/produto\/xiaomi-redmi-12-android-mobile-phone\/\" \/>\n\t\t<meta name=\"generator\" content=\"All in One SEO Pro (AIOSEO) 4.5.9.2\" \/>\n\t\t<meta property=\"og:locale\" content=\"pt_PT\" \/>\n\t\t<meta property=\"og:site_name\" content=\"Rucas - One-stop AIoT Distribution Worldwide\" \/>\n\t\t<meta property=\"og:type\" content=\"article\" \/>\n\t\t<meta property=\"og:title\" content=\"Xiaomi Redmi 12 Android Mobile Phone - Rucas - Wholesale and Distribution\" \/>\n\t\t<meta property=\"og:description\" content=\"Display: 6.79 inches (17.24 cm), FHD Plus Display, 90 Hz Refresh Rate Memory: 6GB RAM, 128GB ROM, Memory Card (Hybrid) upto 1TB Processor: Qualcomm Snapdragon 4 Gen 2, Octa Core, 2.2 GHz Camera: 50 MP + 2 MP AI Dual Camera &amp; 8 MP Front Camera Battery: 5000 mAh with 22.5W Type C Fast Charger USP: IP53 Rated Splash &amp; Dust Resistant, Corning Gorilla Glass\" \/>\n\t\t<meta property=\"og:url\" content=\"https:\/\/www.rucashk.com\/pt\/produto\/xiaomi-redmi-12-android-mobile-phone\/\" \/>\n\t\t<meta property=\"og:image\" content=\"https:\/\/www.rucashk.com\/wp-content\/uploads\/replace\/503b8e645f128a97ccde2b6290747646.jpeg\" \/>\n\t\t<meta property=\"og:image:secure_url\" content=\"https:\/\/www.rucashk.com\/wp-content\/uploads\/replace\/503b8e645f128a97ccde2b6290747646.jpeg\" \/>\n\t\t<meta property=\"og:image:width\" content=\"1456\" \/>\n\t\t<meta property=\"og:image:height\" content=\"816\" \/>\n\t\t<meta property=\"article:published_time\" content=\"2024-03-21T02:42:23+00:00\" \/>\n\t\t<meta property=\"article:modified_time\" content=\"2024-04-16T13:21:54+00:00\" \/>\n\t\t<meta name=\"twitter:card\" content=\"summary_large_image\" \/>\n\t\t<meta name=\"twitter:title\" content=\"Xiaomi Redmi 12 Android Mobile Phone - Rucas - Wholesale and Distribution\" \/>\n\t\t<meta name=\"twitter:description\" content=\"Display: 6.79 inches (17.24 cm), FHD Plus Display, 90 Hz Refresh Rate Memory: 6GB RAM, 128GB ROM, Memory Card (Hybrid) upto 1TB Processor: Qualcomm Snapdragon 4 Gen 2, Octa Core, 2.2 GHz Camera: 50 MP + 2 MP AI Dual Camera &amp; 8 MP Front Camera Battery: 5000 mAh with 22.5W Type C Fast Charger USP: IP53 Rated Splash &amp; Dust Resistant, Corning Gorilla Glass\" \/>\n\t\t<meta name=\"twitter:image\" content=\"https:\/\/www.rucashk.com\/wp-content\/uploads\/replace\/503b8e645f128a97ccde2b6290747646.jpeg\" \/>\n\t\t<script type=\"application\/ld+json\" class=\"aioseo-schema\">\n\t\t\t{\"@context\":\"https:\\\/\\\/schema.org\",\"@graph\":[{\"@type\":\"BreadcrumbList\",\"@id\":\"https:\\\/\\\/www.rucashk.com\\\/pt\\\/produto\\\/xiaomi-redmi-12-android-mobile-phone\\\/#breadcrumblist\",\"itemListElement\":[{\"@type\":\"ListItem\",\"@id\":\"https:\\\/\\\/www.rucashk.com\\\/pt\\\/#listItem\",\"position\":1,\"name\":\"Home\",\"item\":\"https:\\\/\\\/www.rucashk.com\\\/pt\\\/\",\"nextItem\":\"https:\\\/\\\/www.rucashk.com\\\/pt\\\/produto\\\/xiaomi-redmi-12-android-mobile-phone\\\/#listItem\"},{\"@type\":\"ListItem\",\"@id\":\"https:\\\/\\\/www.rucashk.com\\\/pt\\\/produto\\\/xiaomi-redmi-12-android-mobile-phone\\\/#listItem\",\"position\":2,\"name\":\"Xiaomi Redmi 12 Android Mobile Phone\",\"previousItem\":\"https:\\\/\\\/www.rucashk.com\\\/pt\\\/#listItem\"}]},{\"@type\":\"Organization\",\"@id\":\"https:\\\/\\\/www.rucashk.com\\\/pt\\\/#organization\",\"name\":\"Rucas\",\"url\":\"https:\\\/\\\/www.rucashk.com\\\/pt\\\/\",\"logo\":{\"@type\":\"ImageObject\",\"url\":\"https:\\\/\\\/www.rucashk.com\\\/wp-content\\\/uploads\\\/2023\\\/12\\\/Rucas_campany_logo.png\",\"@id\":\"https:\\\/\\\/www.rucashk.com\\\/pt\\\/produto\\\/xiaomi-redmi-12-android-mobile-phone\\\/#organizationLogo\",\"width\":221,\"height\":65},\"image\":{\"@id\":\"https:\\\/\\\/www.rucashk.com\\\/pt\\\/#organizationLogo\"}},{\"@type\":\"Person\",\"@id\":\"https:\\\/\\\/www.rucashk.com\\\/pt\\\/author\\\/admin\\\/#author\",\"url\":\"https:\\\/\\\/www.rucashk.com\\\/pt\\\/author\\\/admin\\\/\",\"name\":\"admin\",\"image\":{\"@type\":\"ImageObject\",\"@id\":\"https:\\\/\\\/www.rucashk.com\\\/pt\\\/produto\\\/xiaomi-redmi-12-android-mobile-phone\\\/#authorImage\",\"url\":\"https:\\\/\\\/secure.gravatar.com\\\/avatar\\\/b7c8925b09a27e72b30232f8ecaadbd5af0f70a38c78096863fe51b64f031c24?s=96&d=mm&r=g\",\"width\":96,\"height\":96,\"caption\":\"admin\"}},{\"@type\":\"WebPage\",\"@id\":\"https:\\\/\\\/www.rucashk.com\\\/pt\\\/produto\\\/xiaomi-redmi-12-android-mobile-phone\\\/#webpage\",\"url\":\"https:\\\/\\\/www.rucashk.com\\\/pt\\\/produto\\\/xiaomi-redmi-12-android-mobile-phone\\\/\",\"name\":\"Xiaomi Redmi 12 Android Mobile Phone - Rucas - Wholesale and Distribution\",\"description\":\"Display: 6.79 inches (17.24 cm), FHD Plus Display, 90 Hz Refresh Rate Memory: 6GB RAM, 128GB ROM, Memory Card (Hybrid) upto 1TB Processor: Qualcomm Snapdragon 4 Gen 2, Octa Core, 2.2 GHz Camera: 50 MP + 2 MP AI Dual Camera & 8 MP Front Camera Battery: 5000 mAh with 22.5W Type C Fast Charger USP: IP53 Rated Splash & Dust Resistant, Corning Gorilla Glass\",\"inLanguage\":\"pt-PT\",\"isPartOf\":{\"@id\":\"https:\\\/\\\/www.rucashk.com\\\/pt\\\/#website\"},\"breadcrumb\":{\"@id\":\"https:\\\/\\\/www.rucashk.com\\\/pt\\\/produto\\\/xiaomi-redmi-12-android-mobile-phone\\\/#breadcrumblist\"},\"author\":{\"@id\":\"https:\\\/\\\/www.rucashk.com\\\/pt\\\/author\\\/admin\\\/#author\"},\"creator\":{\"@id\":\"https:\\\/\\\/www.rucashk.com\\\/pt\\\/author\\\/admin\\\/#author\"},\"image\":{\"@type\":\"ImageObject\",\"url\":\"https:\\\/\\\/www.rucashk.com\\\/wp-content\\\/uploads\\\/2024\\\/03\\\/04c47429-61e5-4fee-97c4-fd4d1fe60f47.png\",\"@id\":\"https:\\\/\\\/www.rucashk.com\\\/pt\\\/produto\\\/xiaomi-redmi-12-android-mobile-phone\\\/#mainImage\",\"width\":640,\"height\":640},\"primaryImageOfPage\":{\"@id\":\"https:\\\/\\\/www.rucashk.com\\\/pt\\\/produto\\\/xiaomi-redmi-12-android-mobile-phone\\\/#mainImage\"},\"datePublished\":\"2024-03-21T02:42:23+00:00\",\"dateModified\":\"2024-04-16T13:21:54+00:00\"},{\"@type\":\"WebSite\",\"@id\":\"https:\\\/\\\/www.rucashk.com\\\/pt\\\/#website\",\"url\":\"https:\\\/\\\/www.rucashk.com\\\/pt\\\/\",\"name\":\"Rucas - Wholesale and distribution worldwide\",\"alternateName\":\"Rucas - One-stop AIoT Distribution Worldwide\",\"description\":\"One-stop AIoT Distribution Worldwide\",\"inLanguage\":\"pt-PT\",\"publisher\":{\"@id\":\"https:\\\/\\\/www.rucashk.com\\\/pt\\\/#organization\"}}]}\n\t\t<\/script>\n\t\t<!-- All in One SEO Pro -->\r\n\t\t<title>Xiaomi Redmi 12 Android Mobile Phone - Rucas - Wholesale and Distribution<\/title>\n\n","aioseo_head_json":{"title":"Xiaomi Redmi 12 Android Mobile Phone - Rucas - Wholesale and Distribution","description":"Display: 6.79 inches (17.24 cm), FHD Plus Display, 90 Hz Refresh Rate Memory: 6GB RAM, 128GB ROM, Memory Card (Hybrid) upto 1TB Processor: Qualcomm Snapdragon 4 Gen 2, Octa Core, 2.2 GHz Camera: 50 MP + 2 MP AI Dual Camera & 8 MP Front Camera Battery: 5000 mAh with 22.5W Type C Fast Charger USP: IP53 Rated Splash & Dust Resistant, Corning Gorilla Glass","canonical_url":"https:\/\/www.rucashk.com\/pt\/produto\/xiaomi-redmi-12-android-mobile-phone\/","robots":"max-image-preview:large","keywords":"","webmasterTools":{"miscellaneous":""},"og:locale":"pt_PT","og:site_name":"Rucas - One-stop AIoT Distribution Worldwide","og:type":"article","og:title":"Xiaomi Redmi 12 Android Mobile Phone - Rucas - Wholesale and Distribution","og:description":"Display: 6.79 inches (17.24 cm), FHD Plus Display, 90 Hz Refresh Rate Memory: 6GB RAM, 128GB ROM, Memory Card (Hybrid) upto 1TB Processor: Qualcomm Snapdragon 4 Gen 2, Octa Core, 2.2 GHz Camera: 50 MP + 2 MP AI Dual Camera &amp; 8 MP Front Camera Battery: 5000 mAh with 22.5W Type C Fast Charger USP: IP53 Rated Splash &amp; Dust Resistant, Corning Gorilla Glass","og:url":"https:\/\/www.rucashk.com\/pt\/produto\/xiaomi-redmi-12-android-mobile-phone\/","og:image":"https:\/\/www.rucashk.com\/wp-content\/uploads\/replace\/503b8e645f128a97ccde2b6290747646.jpeg","og:image:secure_url":"https:\/\/www.rucashk.com\/wp-content\/uploads\/replace\/503b8e645f128a97ccde2b6290747646.jpeg","og:image:width":1456,"og:image:height":816,"article:published_time":"2024-03-21T02:42:23+00:00","article:modified_time":"2024-04-16T13:21:54+00:00","twitter:card":"summary_large_image","twitter:title":"Xiaomi Redmi 12 Android Mobile Phone - Rucas - Wholesale and Distribution","twitter:description":"Display: 6.79 inches (17.24 cm), FHD Plus Display, 90 Hz Refresh Rate Memory: 6GB RAM, 128GB ROM, Memory Card (Hybrid) upto 1TB Processor: Qualcomm Snapdragon 4 Gen 2, Octa Core, 2.2 GHz Camera: 50 MP + 2 MP AI Dual Camera &amp; 8 MP Front Camera Battery: 5000 mAh with 22.5W Type C Fast Charger USP: IP53 Rated Splash &amp; Dust Resistant, Corning Gorilla Glass","twitter:image":"https:\/\/www.rucashk.com\/wp-content\/uploads\/replace\/503b8e645f128a97ccde2b6290747646.jpeg","schema":{"@context":"https:\/\/schema.org","@graph":[{"@type":"BreadcrumbList","@id":"https:\/\/www.rucashk.com\/pt\/produto\/xiaomi-redmi-12-android-mobile-phone\/#breadcrumblist","itemListElement":[{"@type":"ListItem","@id":"https:\/\/www.rucashk.com\/pt\/#listItem","position":1,"name":"Home","item":"https:\/\/www.rucashk.com\/pt\/","nextItem":"https:\/\/www.rucashk.com\/pt\/produto\/xiaomi-redmi-12-android-mobile-phone\/#listItem"},{"@type":"ListItem","@id":"https:\/\/www.rucashk.com\/pt\/produto\/xiaomi-redmi-12-android-mobile-phone\/#listItem","position":2,"name":"Xiaomi Redmi 12 Android Mobile Phone","previousItem":"https:\/\/www.rucashk.com\/pt\/#listItem"}]},{"@type":"Organization","@id":"https:\/\/www.rucashk.com\/pt\/#organization","name":"Rucas","url":"https:\/\/www.rucashk.com\/pt\/","logo":{"@type":"ImageObject","url":"https:\/\/www.rucashk.com\/wp-content\/uploads\/2023\/12\/Rucas_campany_logo.png","@id":"https:\/\/www.rucashk.com\/pt\/produto\/xiaomi-redmi-12-android-mobile-phone\/#organizationLogo","width":221,"height":65},"image":{"@id":"https:\/\/www.rucashk.com\/pt\/#organizationLogo"}},{"@type":"Person","@id":"https:\/\/www.rucashk.com\/pt\/author\/admin\/#author","url":"https:\/\/www.rucashk.com\/pt\/author\/admin\/","name":"admin","image":{"@type":"ImageObject","@id":"https:\/\/www.rucashk.com\/pt\/produto\/xiaomi-redmi-12-android-mobile-phone\/#authorImage","url":"https:\/\/secure.gravatar.com\/avatar\/b7c8925b09a27e72b30232f8ecaadbd5af0f70a38c78096863fe51b64f031c24?s=96&d=mm&r=g","width":96,"height":96,"caption":"admin"}},{"@type":"WebPage","@id":"https:\/\/www.rucashk.com\/pt\/produto\/xiaomi-redmi-12-android-mobile-phone\/#webpage","url":"https:\/\/www.rucashk.com\/pt\/produto\/xiaomi-redmi-12-android-mobile-phone\/","name":"Xiaomi Redmi 12 Android Mobile Phone - Rucas - Wholesale and Distribution","description":"Display: 6.79 inches (17.24 cm), FHD Plus Display, 90 Hz Refresh Rate Memory: 6GB RAM, 128GB ROM, Memory Card (Hybrid) upto 1TB Processor: Qualcomm Snapdragon 4 Gen 2, Octa Core, 2.2 GHz Camera: 50 MP + 2 MP AI Dual Camera & 8 MP Front Camera Battery: 5000 mAh with 22.5W Type C Fast Charger USP: IP53 Rated Splash & Dust Resistant, Corning Gorilla Glass","inLanguage":"pt-PT","isPartOf":{"@id":"https:\/\/www.rucashk.com\/pt\/#website"},"breadcrumb":{"@id":"https:\/\/www.rucashk.com\/pt\/produto\/xiaomi-redmi-12-android-mobile-phone\/#breadcrumblist"},"author":{"@id":"https:\/\/www.rucashk.com\/pt\/author\/admin\/#author"},"creator":{"@id":"https:\/\/www.rucashk.com\/pt\/author\/admin\/#author"},"image":{"@type":"ImageObject","url":"https:\/\/www.rucashk.com\/wp-content\/uploads\/2024\/03\/04c47429-61e5-4fee-97c4-fd4d1fe60f47.png","@id":"https:\/\/www.rucashk.com\/pt\/produto\/xiaomi-redmi-12-android-mobile-phone\/#mainImage","width":640,"height":640},"primaryImageOfPage":{"@id":"https:\/\/www.rucashk.com\/pt\/produto\/xiaomi-redmi-12-android-mobile-phone\/#mainImage"},"datePublished":"2024-03-21T02:42:23+00:00","dateModified":"2024-04-16T13:21:54+00:00"},{"@type":"WebSite","@id":"https:\/\/www.rucashk.com\/pt\/#website","url":"https:\/\/www.rucashk.com\/pt\/","name":"Rucas - Wholesale and distribution worldwide","alternateName":"Rucas - One-stop AIoT Distribution Worldwide","description":"One-stop AIoT Distribution Worldwide","inLanguage":"pt-PT","publisher":{"@id":"https:\/\/www.rucashk.com\/pt\/#organization"}}]}},"aioseo_meta_data":{"post_id":"37858","title":null,"description":null,"keywords":null,"keyphrases":null,"primary_term":null,"canonical_url":null,"og_title":null,"og_description":null,"og_object_type":"default","og_image_type":"default","og_image_url":null,"og_image_width":null,"og_image_height":null,"og_image_custom_url":null,"og_image_custom_fields":null,"og_video":null,"og_custom_url":null,"og_article_section":null,"og_article_tags":null,"twitter_use_og":false,"twitter_card":"default","twitter_image_type":"default","twitter_image_url":null,"twitter_image_custom_url":null,"twitter_image_custom_fields":null,"twitter_title":null,"twitter_description":null,"schema":{"blockGraphs":[],"customGraphs":[],"default":{"data":{"Article":[],"Course":[],"Dataset":[],"FAQPage":[],"Movie":[],"Person":[],"Product":[],"Recipe":[],"Service":[],"SoftwareApplication":[],"WebPage":[]},"graphName":"","isEnabled":true},"graphs":[]},"schema_type":"default","schema_type_options":null,"pillar_content":false,"robots_default":true,"robots_noindex":false,"robots_noarchive":false,"robots_nosnippet":false,"robots_nofollow":false,"robots_noimageindex":false,"robots_noodp":false,"robots_notranslate":false,"robots_max_snippet":null,"robots_max_videopreview":null,"robots_max_imagepreview":"large","priority":null,"frequency":null,"local_seo":null,"breadcrumb_settings":null,"limit_modified_date":false,"created":"2024-04-11 01:57:23","updated":"2025-06-22 18:47:55"},"aioseo_breadcrumb":"<div class=\"aioseo-breadcrumbs\"><span class=\"aioseo-breadcrumb\">\n\t<a href=\"https:\/\/www.rucashk.com\/pt\" title=\"Home\">Home<\/a>\n<\/span><span class=\"aioseo-breadcrumb-separator\">&raquo;<\/span><span class=\"aioseo-breadcrumb\">\n\t<a href=\"https:\/\/www.rucashk.com\/pt\/products\/\" title=\"Produtos\">Produtos<\/a>\n<\/span><span class=\"aioseo-breadcrumb-separator\">&raquo;<\/span><span class=\"aioseo-breadcrumb\">\n\t<a href=\"https:\/\/www.rucashk.com\/pt\/marca\/xiaomi\/\" title=\"Xiaomi\">Xiaomi<\/a>\n<\/span><span class=\"aioseo-breadcrumb-separator\">&raquo;<\/span><span class=\"aioseo-breadcrumb\">\n\tXiaomi Redmi 12 Android Mobile Phone\n<\/span><\/div>","aioseo_breadcrumb_json":[{"label":"Home","link":"https:\/\/www.rucashk.com\/pt"},{"label":"Produtos","link":"https:\/\/www.rucashk.com\/pt\/products\/"},{"label":"Xiaomi","link":"https:\/\/www.rucashk.com\/pt\/marca\/xiaomi\/"},{"label":"Xiaomi Redmi 12 Android Mobile Phone","link":"https:\/\/www.rucashk.com\/pt\/produto\/xiaomi-redmi-12-android-mobile-phone\/"}],"_links":{"self":[{"href":"https:\/\/www.rucashk.com\/pt\/wp-json\/wp\/v2\/product\/37858","targetHints":{"allow":["GET"]}}],"collection":[{"href":"https:\/\/www.rucashk.com\/pt\/wp-json\/wp\/v2\/product"}],"about":[{"href":"https:\/\/www.rucashk.com\/pt\/wp-json\/wp\/v2\/types\/product"}],"wp:featuredmedia":[{"embeddable":true,"href":"https:\/\/www.rucashk.com\/pt\/wp-json\/wp\/v2\/media\/37863"}],"wp:attachment":[{"href":"https:\/\/www.rucashk.com\/pt\/wp-json\/wp\/v2\/media?parent=37858"}],"wp:term":[{"taxonomy":"product_brand","embeddable":true,"href":"https:\/\/www.rucashk.com\/pt\/wp-json\/wp\/v2\/product_brand?post=37858"},{"taxonomy":"product_cat","embeddable":true,"href":"https:\/\/www.rucashk.com\/pt\/wp-json\/wp\/v2\/product_cat?post=37858"},{"taxonomy":"product_tag","embeddable":true,"href":"https:\/\/www.rucashk.com\/pt\/wp-json\/wp\/v2\/product_tag?post=37858"}],"curies":[{"name":"wp","href":"https:\/\/api.w.org\/{rel}","templated":true}]}}