{"id":37849,"date":"2024-03-21T02:23:35","date_gmt":"2024-03-21T02:23:35","guid":{"rendered":"http:\/\/rucashk.com\/?post_type=product&#038;p=37849"},"modified":"2024-04-16T13:24:14","modified_gmt":"2024-04-16T13:24:14","slug":"redmi-note-12s-android-mobile-phone","status":"publish","type":"product","link":"https:\/\/www.rucashk.com\/pt\/produto\/redmi-note-12s-android-mobile-phone\/","title":{"rendered":"Celular Android Redmi Note 12S"},"content":{"rendered":"<p><iframe width=\"1280\" height=\"720\" src=\"https:\/\/www.youtube.com\/embed\/s-Sa3R5zM0k\" title=\"Tudo sobre Redmi Note 12 | Vivo V\u00edvido\" frameborder=\"0\" allow=\"accelerometer; autoplay; clipboard-write; encrypted-media; gyroscope; picture-in-picture; web-share\" allowfullscreen><\/iframe><br \/>\n&nbsp;<\/p>\n<p><strong>Construir e exibir<\/strong><br \/>\nO design e a est\u00e9tica do Redmi Note 12s o tornam atraente e excelente de possuir. Cada cent\u00edmetro do aparelho Note 12S o torna excelente, apesar de ser um dispositivo intermedi\u00e1rio. mede 163 x 76 x 8 mm e pesa 188g, sendo f\u00e1cil de segurar e transportar, pois \u00e9 um telefone leve. \u00c9 um telefone dual SIM, permitindo escolher as melhores redes para subscrever e usufruir dos servi\u00e7os. O dispositivo, sendo \u00e0 prova de \u00e1gua e poeira, torna-o vers\u00e1til e funcional tanto em ambientes internos quanto externos. Redmi Note 12S vem em Onyx Black, Ice Blue e Pearl Green, portanto, uma grande variedade de cores para escolher, dependendo da prefer\u00eancia de cada um.<\/p>\n<p>O aparelho possui uma tela IPS brilhante de 6,43 polegadas. Com brilho de 500\/900 nits e resolu\u00e7\u00e3o de 1080 x 2400 pixels, o usu\u00e1rio tem a garantia de \u00f3timas experi\u00eancias ao explorar a internet e navegar em multim\u00eddia. \u00d3timo para voc\u00ea saber que a tela \u00e9 protegida pelo Corning Gorilla Glass, evitando o medo de andar por a\u00ed com a tela arranhada ou quebrada.<\/p>\n<p><strong>C\u00e2meras<\/strong><br \/>\nInstalada no aparelho est\u00e1 uma \u00fanica c\u00e2mera selfie de 12 MP capaz de tirar fotos decentes, al\u00e9m da capacidade de tirar fotos de v\u00eddeo 1080p @ 30fps. Na parte traseira do aparelho est\u00e1 uma poderosa configura\u00e7\u00e3o de c\u00e2mera tripla que consiste em uma c\u00e2mera prim\u00e1ria de 108 MP, f\/1.8, 26 mm (grande angular) + lente de 8 MP, f\/2.2, 118\u02da (ultra grande angular) + 2 MP, f \/2.4, sensor (macro). Apresentando op\u00e7\u00f5es de flash LED, HDR e panorama, o usu\u00e1rio tem op\u00e7\u00f5es de escolha dependendo da localiza\u00e7\u00e3o, ilumina\u00e7\u00e3o e cen\u00e1rio. A c\u00e2mera principal tira fotos de v\u00eddeo em 1080p a 30fps, tornando o Note 12 Pro um dos poucos aparelhos intermedi\u00e1rios capazes de gravar fotos profissionais e conte\u00fado de v\u00eddeo.<\/p>\n<p><strong>Poder e efici\u00eancia de processamento<\/strong><br \/>\nRedmi Note 12S roda em Android 13, plataforma MIUI 14. Um Mediatek Helio G96 (12 nm) executa opera\u00e7\u00f5es em segundo plano e garante efici\u00eancia e rapidez no processamento de comandos. Suportando o chipset e garantindo o funcionamento perfeito do aparelho, seja multitarefa, transmiss\u00e3o ao vivo ou jogos, est\u00e1 a CPU Octa-core (2 \u00d7 2,05 GHz Cortex-A76 e 6 \u00d7 2,0 GHz Cortex-A55) e Mali-G57 MC2GPU. Combinadas, a unidade de processamento apresenta um bom argumento em rela\u00e7\u00e3o \u00e0 confiabilidade, processamento r\u00e1pido e permite resposta imediata aos comandos emitidos pelo usu\u00e1rio sem sofrer atrasos e travamentos.<\/p>\n<p>Da mesma forma, permitir opera\u00e7\u00f5es cont\u00ednuas \u00e9 a abund\u00e2ncia de RAM e ROM instaladas no aparelho. Possui mem\u00f3ria embutida de 256 GB e 8 GB de RAM. Ele suporta MicroSD, o que \u00e9 uma considera\u00e7\u00e3o significativa para oferecer suporte \u00e0 mem\u00f3ria interna e oferecer espa\u00e7o de mem\u00f3ria ilimitado para arquivos multim\u00eddia, documentos e aplicativos para download.<\/p>\n<p><strong>Rede e Comunica\u00e7\u00f5es<\/strong><br \/>\nOutro grande complemento que faz valer a pena o Redmi Note 12S em 2023 \u00e9 sua conectividade de rede. \u00c9 habilitado para 4G e suporta redes at\u00e9 4G, dependendo do seu fornecedor de rede e da cobertura em sua \u00e1rea. Com o 4G, o usu\u00e1rio tem a garantia de upload e download r\u00e1pido de conte\u00fado e dados. 5G seria igualmente \u00f3timo, mas para essa op\u00e7\u00e3o voc\u00ea deve optar pelo Xiaomi Note 12 Pro e Redmi Note 12 5G. Diversos sensores est\u00e3o instalados no aparelho, o que possibilita comodidade na comunica\u00e7\u00e3o e manuseio do aparelho.<\/p>\n<p>Sensor de impress\u00e3o digital (montado lateralmente)<br \/>\nAceler\u00f4metro<br \/>\nGirosc\u00f3pio<br \/>\nSensor de proximidade<br \/>\nB\u00fassola<br \/>\nBateria<br \/>\nUma bateria n\u00e3o remov\u00edvel Li-Po de 5.000 mAh alimenta o Note 12 Pro. Um carregador r\u00e1pido de 33 W permitiu o carregamento r\u00e1pido da bateria. Dependendo da intensidade de uso, voc\u00ea tem a garantia de 2 dias de carga, com o carregador r\u00e1pido \u00e0 m\u00e3o para carregar em tr\u00e2nsito.<\/p>","protected":false},"excerpt":{"rendered":"<ul>\n<li><strong>BATER<\/strong>: 8 GB<\/li>\n<li><strong>Armazenamento interno<\/strong>: 256 GB<\/li>\n<li><strong>Bateria<\/strong>: 5000mAh, 33W<\/li>\n<li><strong>C\u00e2mera principal<\/strong>: 108 MP + 8 MP + 2 MP<\/li>\n<li><strong>C\u00e2mera frontal<\/strong>: 12 MP<\/li>\n<li><strong>Mostrar<\/strong>: 6,43 polegadas, LCD IPS, 90 Hz<\/li>\n<li><strong>Processador<\/strong>: Mediatek Helio G96<\/li>\n<li><strong>Conectividade<\/strong>: 2G, 3G, 4G, Wi-Fi<\/li>\n<li><strong>Cores<\/strong>: Preto \u00d4nix, Azul Gelo, Verde P\u00e9rola<\/li>\n<li><strong>SO<\/strong>: Android 13, MIUI 14<\/li>\n<\/ul>","protected":false},"featured_media":37850,"template":"","meta":[],"product_brand":[1363],"product_cat":[1295,1297],"product_tag":[477],"class_list":{"0":"post-37849","1":"product","2":"type-product","3":"status-publish","4":"has-post-thumbnail","6":"product_brand-xiaomi","7":"product_cat-mobile-phone","8":"product_cat-redmi-mobile-phone","9":"product_tag-phone","11":"first","12":"instock","13":"shipping-taxable","14":"product-type-simple"},"aioseo_notices":[],"aioseo_head":"\n\t\t<!-- All in One SEO Pro 4.5.9.2 - aioseo.com -->\n\t\t<meta name=\"description\" content=\"RAM: 8GB Internal Storage: 256GB Battery: 5000 mAh, 33W Main camera: 108 MP + 8 MP+ 2 MP Front camera: 12 MP Display: 6.43 inches, IPS LCD, 90Hz Processor: Mediatek Helio G96 Connectivity: 2G, 3G, 4G, Wi-Fi Colors: Onyx Black, Ice Blue, Pearl Green OS: Android 13, MIUI 14\" \/>\n\t\t<meta name=\"robots\" content=\"max-image-preview:large\" \/>\n\t\t<link rel=\"canonical\" href=\"https:\/\/www.rucashk.com\/pt\/produto\/redmi-note-12s-android-mobile-phone\/\" \/>\n\t\t<meta name=\"generator\" content=\"All in One SEO Pro (AIOSEO) 4.5.9.2\" \/>\n\t\t<meta property=\"og:locale\" content=\"pt_PT\" \/>\n\t\t<meta property=\"og:site_name\" content=\"Rucas - One-stop AIoT Distribution Worldwide\" \/>\n\t\t<meta property=\"og:type\" content=\"article\" \/>\n\t\t<meta property=\"og:title\" content=\"Redmi Note 12S Android Mobile Phone - Rucas - Wholesale and Distribution\" \/>\n\t\t<meta property=\"og:description\" content=\"RAM: 8GB Internal Storage: 256GB Battery: 5000 mAh, 33W Main camera: 108 MP + 8 MP+ 2 MP Front camera: 12 MP Display: 6.43 inches, IPS LCD, 90Hz Processor: Mediatek Helio G96 Connectivity: 2G, 3G, 4G, Wi-Fi Colors: Onyx Black, Ice Blue, Pearl Green OS: Android 13, MIUI 14\" \/>\n\t\t<meta property=\"og:url\" content=\"https:\/\/www.rucashk.com\/pt\/produto\/redmi-note-12s-android-mobile-phone\/\" \/>\n\t\t<meta property=\"og:image\" content=\"https:\/\/www.rucashk.com\/wp-content\/uploads\/replace\/503b8e645f128a97ccde2b6290747646.jpeg\" \/>\n\t\t<meta property=\"og:image:secure_url\" content=\"https:\/\/www.rucashk.com\/wp-content\/uploads\/replace\/503b8e645f128a97ccde2b6290747646.jpeg\" \/>\n\t\t<meta property=\"og:image:width\" content=\"1456\" \/>\n\t\t<meta property=\"og:image:height\" content=\"816\" \/>\n\t\t<meta property=\"article:published_time\" content=\"2024-03-21T02:23:35+00:00\" \/>\n\t\t<meta property=\"article:modified_time\" content=\"2024-04-16T13:24:14+00:00\" \/>\n\t\t<meta name=\"twitter:card\" content=\"summary_large_image\" \/>\n\t\t<meta name=\"twitter:title\" content=\"Redmi Note 12S Android Mobile Phone - Rucas - Wholesale and Distribution\" \/>\n\t\t<meta name=\"twitter:description\" content=\"RAM: 8GB Internal Storage: 256GB Battery: 5000 mAh, 33W Main camera: 108 MP + 8 MP+ 2 MP Front camera: 12 MP Display: 6.43 inches, IPS LCD, 90Hz Processor: Mediatek Helio G96 Connectivity: 2G, 3G, 4G, Wi-Fi Colors: Onyx Black, Ice Blue, Pearl Green OS: Android 13, MIUI 14\" \/>\n\t\t<meta name=\"twitter:image\" content=\"https:\/\/www.rucashk.com\/wp-content\/uploads\/replace\/503b8e645f128a97ccde2b6290747646.jpeg\" \/>\n\t\t<script type=\"application\/ld+json\" class=\"aioseo-schema\">\n\t\t\t{\"@context\":\"https:\\\/\\\/schema.org\",\"@graph\":[{\"@type\":\"BreadcrumbList\",\"@id\":\"https:\\\/\\\/www.rucashk.com\\\/pt\\\/produto\\\/redmi-note-12s-android-mobile-phone\\\/#breadcrumblist\",\"itemListElement\":[{\"@type\":\"ListItem\",\"@id\":\"https:\\\/\\\/www.rucashk.com\\\/pt\\\/#listItem\",\"position\":1,\"name\":\"Home\",\"item\":\"https:\\\/\\\/www.rucashk.com\\\/pt\\\/\",\"nextItem\":\"https:\\\/\\\/www.rucashk.com\\\/pt\\\/produto\\\/redmi-note-12s-android-mobile-phone\\\/#listItem\"},{\"@type\":\"ListItem\",\"@id\":\"https:\\\/\\\/www.rucashk.com\\\/pt\\\/produto\\\/redmi-note-12s-android-mobile-phone\\\/#listItem\",\"position\":2,\"name\":\"Redmi Note 12S Android Mobile Phone\",\"previousItem\":\"https:\\\/\\\/www.rucashk.com\\\/pt\\\/#listItem\"}]},{\"@type\":\"Organization\",\"@id\":\"https:\\\/\\\/www.rucashk.com\\\/pt\\\/#organization\",\"name\":\"Rucas\",\"url\":\"https:\\\/\\\/www.rucashk.com\\\/pt\\\/\",\"logo\":{\"@type\":\"ImageObject\",\"url\":\"https:\\\/\\\/www.rucashk.com\\\/wp-content\\\/uploads\\\/2023\\\/12\\\/Rucas_campany_logo.png\",\"@id\":\"https:\\\/\\\/www.rucashk.com\\\/pt\\\/produto\\\/redmi-note-12s-android-mobile-phone\\\/#organizationLogo\",\"width\":221,\"height\":65},\"image\":{\"@id\":\"https:\\\/\\\/www.rucashk.com\\\/pt\\\/#organizationLogo\"}},{\"@type\":\"Person\",\"@id\":\"https:\\\/\\\/www.rucashk.com\\\/pt\\\/author\\\/admin\\\/#author\",\"url\":\"https:\\\/\\\/www.rucashk.com\\\/pt\\\/author\\\/admin\\\/\",\"name\":\"admin\",\"image\":{\"@type\":\"ImageObject\",\"@id\":\"https:\\\/\\\/www.rucashk.com\\\/pt\\\/produto\\\/redmi-note-12s-android-mobile-phone\\\/#authorImage\",\"url\":\"https:\\\/\\\/secure.gravatar.com\\\/avatar\\\/b7c8925b09a27e72b30232f8ecaadbd5af0f70a38c78096863fe51b64f031c24?s=96&d=mm&r=g\",\"width\":96,\"height\":96,\"caption\":\"admin\"}},{\"@type\":\"WebPage\",\"@id\":\"https:\\\/\\\/www.rucashk.com\\\/pt\\\/produto\\\/redmi-note-12s-android-mobile-phone\\\/#webpage\",\"url\":\"https:\\\/\\\/www.rucashk.com\\\/pt\\\/produto\\\/redmi-note-12s-android-mobile-phone\\\/\",\"name\":\"Redmi Note 12S Android Mobile Phone - Rucas - Wholesale and Distribution\",\"description\":\"RAM: 8GB Internal Storage: 256GB Battery: 5000 mAh, 33W Main camera: 108 MP + 8 MP+ 2 MP Front camera: 12 MP Display: 6.43 inches, IPS LCD, 90Hz Processor: Mediatek Helio G96 Connectivity: 2G, 3G, 4G, Wi-Fi Colors: Onyx Black, Ice Blue, Pearl Green OS: Android 13, MIUI 14\",\"inLanguage\":\"pt-PT\",\"isPartOf\":{\"@id\":\"https:\\\/\\\/www.rucashk.com\\\/pt\\\/#website\"},\"breadcrumb\":{\"@id\":\"https:\\\/\\\/www.rucashk.com\\\/pt\\\/produto\\\/redmi-note-12s-android-mobile-phone\\\/#breadcrumblist\"},\"author\":{\"@id\":\"https:\\\/\\\/www.rucashk.com\\\/pt\\\/author\\\/admin\\\/#author\"},\"creator\":{\"@id\":\"https:\\\/\\\/www.rucashk.com\\\/pt\\\/author\\\/admin\\\/#author\"},\"image\":{\"@type\":\"ImageObject\",\"url\":\"https:\\\/\\\/www.rucashk.com\\\/wp-content\\\/uploads\\\/2024\\\/03\\\/1d8b638e-3776-44f4-8a50-515b271e68b7.jpg\",\"@id\":\"https:\\\/\\\/www.rucashk.com\\\/pt\\\/produto\\\/redmi-note-12s-android-mobile-phone\\\/#mainImage\",\"width\":800,\"height\":800},\"primaryImageOfPage\":{\"@id\":\"https:\\\/\\\/www.rucashk.com\\\/pt\\\/produto\\\/redmi-note-12s-android-mobile-phone\\\/#mainImage\"},\"datePublished\":\"2024-03-21T02:23:35+00:00\",\"dateModified\":\"2024-04-16T13:24:14+00:00\"},{\"@type\":\"WebSite\",\"@id\":\"https:\\\/\\\/www.rucashk.com\\\/pt\\\/#website\",\"url\":\"https:\\\/\\\/www.rucashk.com\\\/pt\\\/\",\"name\":\"Rucas - Wholesale and distribution worldwide\",\"alternateName\":\"Rucas - One-stop AIoT Distribution Worldwide\",\"description\":\"One-stop AIoT Distribution Worldwide\",\"inLanguage\":\"pt-PT\",\"publisher\":{\"@id\":\"https:\\\/\\\/www.rucashk.com\\\/pt\\\/#organization\"}}]}\n\t\t<\/script>\n\t\t<!-- All in One SEO Pro -->\r\n\t\t<title>Redmi Note 12S Android Mobile Phone - Rucas - Wholesale and Distribution<\/title>\n\n","aioseo_head_json":{"title":"Redmi Note 12S Android Mobile Phone - Rucas - Wholesale and Distribution","description":"RAM: 8GB Internal Storage: 256GB Battery: 5000 mAh, 33W Main camera: 108 MP + 8 MP+ 2 MP Front camera: 12 MP Display: 6.43 inches, IPS LCD, 90Hz Processor: Mediatek Helio G96 Connectivity: 2G, 3G, 4G, Wi-Fi Colors: Onyx Black, Ice Blue, Pearl Green OS: Android 13, MIUI 14","canonical_url":"https:\/\/www.rucashk.com\/pt\/produto\/redmi-note-12s-android-mobile-phone\/","robots":"max-image-preview:large","keywords":"","webmasterTools":{"miscellaneous":""},"og:locale":"pt_PT","og:site_name":"Rucas - One-stop AIoT Distribution Worldwide","og:type":"article","og:title":"Redmi Note 12S Android Mobile Phone - Rucas - Wholesale and Distribution","og:description":"RAM: 8GB Internal Storage: 256GB Battery: 5000 mAh, 33W Main camera: 108 MP + 8 MP+ 2 MP Front camera: 12 MP Display: 6.43 inches, IPS LCD, 90Hz Processor: Mediatek Helio G96 Connectivity: 2G, 3G, 4G, Wi-Fi Colors: Onyx Black, Ice Blue, Pearl Green OS: Android 13, MIUI 14","og:url":"https:\/\/www.rucashk.com\/pt\/produto\/redmi-note-12s-android-mobile-phone\/","og:image":"https:\/\/www.rucashk.com\/wp-content\/uploads\/replace\/503b8e645f128a97ccde2b6290747646.jpeg","og:image:secure_url":"https:\/\/www.rucashk.com\/wp-content\/uploads\/replace\/503b8e645f128a97ccde2b6290747646.jpeg","og:image:width":1456,"og:image:height":816,"article:published_time":"2024-03-21T02:23:35+00:00","article:modified_time":"2024-04-16T13:24:14+00:00","twitter:card":"summary_large_image","twitter:title":"Redmi Note 12S Android Mobile Phone - Rucas - Wholesale and Distribution","twitter:description":"RAM: 8GB Internal Storage: 256GB Battery: 5000 mAh, 33W Main camera: 108 MP + 8 MP+ 2 MP Front camera: 12 MP Display: 6.43 inches, IPS LCD, 90Hz Processor: Mediatek Helio G96 Connectivity: 2G, 3G, 4G, Wi-Fi Colors: Onyx Black, Ice Blue, Pearl Green OS: Android 13, MIUI 14","twitter:image":"https:\/\/www.rucashk.com\/wp-content\/uploads\/replace\/503b8e645f128a97ccde2b6290747646.jpeg","schema":{"@context":"https:\/\/schema.org","@graph":[{"@type":"BreadcrumbList","@id":"https:\/\/www.rucashk.com\/pt\/produto\/redmi-note-12s-android-mobile-phone\/#breadcrumblist","itemListElement":[{"@type":"ListItem","@id":"https:\/\/www.rucashk.com\/pt\/#listItem","position":1,"name":"Home","item":"https:\/\/www.rucashk.com\/pt\/","nextItem":"https:\/\/www.rucashk.com\/pt\/produto\/redmi-note-12s-android-mobile-phone\/#listItem"},{"@type":"ListItem","@id":"https:\/\/www.rucashk.com\/pt\/produto\/redmi-note-12s-android-mobile-phone\/#listItem","position":2,"name":"Redmi Note 12S Android Mobile Phone","previousItem":"https:\/\/www.rucashk.com\/pt\/#listItem"}]},{"@type":"Organization","@id":"https:\/\/www.rucashk.com\/pt\/#organization","name":"Rucas","url":"https:\/\/www.rucashk.com\/pt\/","logo":{"@type":"ImageObject","url":"https:\/\/www.rucashk.com\/wp-content\/uploads\/2023\/12\/Rucas_campany_logo.png","@id":"https:\/\/www.rucashk.com\/pt\/produto\/redmi-note-12s-android-mobile-phone\/#organizationLogo","width":221,"height":65},"image":{"@id":"https:\/\/www.rucashk.com\/pt\/#organizationLogo"}},{"@type":"Person","@id":"https:\/\/www.rucashk.com\/pt\/author\/admin\/#author","url":"https:\/\/www.rucashk.com\/pt\/author\/admin\/","name":"admin","image":{"@type":"ImageObject","@id":"https:\/\/www.rucashk.com\/pt\/produto\/redmi-note-12s-android-mobile-phone\/#authorImage","url":"https:\/\/secure.gravatar.com\/avatar\/b7c8925b09a27e72b30232f8ecaadbd5af0f70a38c78096863fe51b64f031c24?s=96&d=mm&r=g","width":96,"height":96,"caption":"admin"}},{"@type":"WebPage","@id":"https:\/\/www.rucashk.com\/pt\/produto\/redmi-note-12s-android-mobile-phone\/#webpage","url":"https:\/\/www.rucashk.com\/pt\/produto\/redmi-note-12s-android-mobile-phone\/","name":"Redmi Note 12S Android Mobile Phone - Rucas - Wholesale and Distribution","description":"RAM: 8GB Internal Storage: 256GB Battery: 5000 mAh, 33W Main camera: 108 MP + 8 MP+ 2 MP Front camera: 12 MP Display: 6.43 inches, IPS LCD, 90Hz Processor: Mediatek Helio G96 Connectivity: 2G, 3G, 4G, Wi-Fi Colors: Onyx Black, Ice Blue, Pearl Green OS: Android 13, MIUI 14","inLanguage":"pt-PT","isPartOf":{"@id":"https:\/\/www.rucashk.com\/pt\/#website"},"breadcrumb":{"@id":"https:\/\/www.rucashk.com\/pt\/produto\/redmi-note-12s-android-mobile-phone\/#breadcrumblist"},"author":{"@id":"https:\/\/www.rucashk.com\/pt\/author\/admin\/#author"},"creator":{"@id":"https:\/\/www.rucashk.com\/pt\/author\/admin\/#author"},"image":{"@type":"ImageObject","url":"https:\/\/www.rucashk.com\/wp-content\/uploads\/2024\/03\/1d8b638e-3776-44f4-8a50-515b271e68b7.jpg","@id":"https:\/\/www.rucashk.com\/pt\/produto\/redmi-note-12s-android-mobile-phone\/#mainImage","width":800,"height":800},"primaryImageOfPage":{"@id":"https:\/\/www.rucashk.com\/pt\/produto\/redmi-note-12s-android-mobile-phone\/#mainImage"},"datePublished":"2024-03-21T02:23:35+00:00","dateModified":"2024-04-16T13:24:14+00:00"},{"@type":"WebSite","@id":"https:\/\/www.rucashk.com\/pt\/#website","url":"https:\/\/www.rucashk.com\/pt\/","name":"Rucas - Wholesale and distribution worldwide","alternateName":"Rucas - One-stop AIoT Distribution Worldwide","description":"One-stop AIoT Distribution Worldwide","inLanguage":"pt-PT","publisher":{"@id":"https:\/\/www.rucashk.com\/pt\/#organization"}}]}},"aioseo_meta_data":{"post_id":"37849","title":null,"description":null,"keywords":null,"keyphrases":null,"primary_term":null,"canonical_url":null,"og_title":null,"og_description":null,"og_object_type":"default","og_image_type":"default","og_image_url":null,"og_image_width":null,"og_image_height":null,"og_image_custom_url":null,"og_image_custom_fields":null,"og_video":null,"og_custom_url":null,"og_article_section":null,"og_article_tags":null,"twitter_use_og":false,"twitter_card":"default","twitter_image_type":"default","twitter_image_url":null,"twitter_image_custom_url":null,"twitter_image_custom_fields":null,"twitter_title":null,"twitter_description":null,"schema":{"blockGraphs":[],"customGraphs":[],"default":{"data":{"Article":[],"Course":[],"Dataset":[],"FAQPage":[],"Movie":[],"Person":[],"Product":[],"Recipe":[],"Service":[],"SoftwareApplication":[],"WebPage":[]},"graphName":"","isEnabled":true},"graphs":[]},"schema_type":"default","schema_type_options":null,"pillar_content":false,"robots_default":true,"robots_noindex":false,"robots_noarchive":false,"robots_nosnippet":false,"robots_nofollow":false,"robots_noimageindex":false,"robots_noodp":false,"robots_notranslate":false,"robots_max_snippet":null,"robots_max_videopreview":null,"robots_max_imagepreview":"large","priority":null,"frequency":null,"local_seo":null,"breadcrumb_settings":null,"limit_modified_date":false,"created":"2024-04-11 01:57:23","updated":"2025-06-22 18:47:55"},"aioseo_breadcrumb":"<div class=\"aioseo-breadcrumbs\"><span class=\"aioseo-breadcrumb\">\n\t<a href=\"https:\/\/www.rucashk.com\/pt\" title=\"Home\">Home<\/a>\n<\/span><span class=\"aioseo-breadcrumb-separator\">&raquo;<\/span><span class=\"aioseo-breadcrumb\">\n\t<a href=\"https:\/\/www.rucashk.com\/pt\/products\/\" title=\"Produtos\">Produtos<\/a>\n<\/span><span class=\"aioseo-breadcrumb-separator\">&raquo;<\/span><span class=\"aioseo-breadcrumb\">\n\t<a href=\"https:\/\/www.rucashk.com\/pt\/marca\/xiaomi\/\" title=\"Xiaomi\">Xiaomi<\/a>\n<\/span><span class=\"aioseo-breadcrumb-separator\">&raquo;<\/span><span class=\"aioseo-breadcrumb\">\n\tRedmi Note 12S Android Mobile Phone\n<\/span><\/div>","aioseo_breadcrumb_json":[{"label":"Home","link":"https:\/\/www.rucashk.com\/pt"},{"label":"Produtos","link":"https:\/\/www.rucashk.com\/pt\/products\/"},{"label":"Xiaomi","link":"https:\/\/www.rucashk.com\/pt\/marca\/xiaomi\/"},{"label":"Redmi Note 12S Android Mobile Phone","link":"https:\/\/www.rucashk.com\/pt\/produto\/redmi-note-12s-android-mobile-phone\/"}],"_links":{"self":[{"href":"https:\/\/www.rucashk.com\/pt\/wp-json\/wp\/v2\/product\/37849","targetHints":{"allow":["GET"]}}],"collection":[{"href":"https:\/\/www.rucashk.com\/pt\/wp-json\/wp\/v2\/product"}],"about":[{"href":"https:\/\/www.rucashk.com\/pt\/wp-json\/wp\/v2\/types\/product"}],"wp:featuredmedia":[{"embeddable":true,"href":"https:\/\/www.rucashk.com\/pt\/wp-json\/wp\/v2\/media\/37850"}],"wp:attachment":[{"href":"https:\/\/www.rucashk.com\/pt\/wp-json\/wp\/v2\/media?parent=37849"}],"wp:term":[{"taxonomy":"product_brand","embeddable":true,"href":"https:\/\/www.rucashk.com\/pt\/wp-json\/wp\/v2\/product_brand?post=37849"},{"taxonomy":"product_cat","embeddable":true,"href":"https:\/\/www.rucashk.com\/pt\/wp-json\/wp\/v2\/product_cat?post=37849"},{"taxonomy":"product_tag","embeddable":true,"href":"https:\/\/www.rucashk.com\/pt\/wp-json\/wp\/v2\/product_tag?post=37849"}],"curies":[{"name":"wp","href":"https:\/\/api.w.org\/{rel}","templated":true}]}}