{"id":37808,"date":"2024-03-19T14:53:45","date_gmt":"2024-03-19T14:53:45","guid":{"rendered":"http:\/\/rucashk.com\/?post_type=product&#038;p=37808"},"modified":"2024-04-16T13:31:34","modified_gmt":"2024-04-16T13:31:34","slug":"jbl-partybox-encore","status":"publish","type":"product","link":"https:\/\/www.rucashk.com\/pt\/produto\/jbl-partybox-encore\/","title":{"rendered":"JBL PartyBox Encore"},"content":{"rendered":"<section class=\"pdp-features in-view\" data-section=\"features\" data-headline=\"Features\">\n<div class=\"expanded-features\">\n<div class=\"expanded-feature -lifestyle not-in-view\">\n<div class=\"imagery\"><img decoding=\"async\" class=\"aligncenter\" src=\"\/wp-content\/uploads\/replace\/1a40c55fdadd70162b0c0974bee3a5ea.png\" alt=\"Amazing JBL Original Pro Sound\" data-src=\"\/on\/demandware.static\/-\/Sites-masterCatalog_Harman\/default\/dwa09a2df3\/pdp\/JBL_Partybox_Encore_Lifestyle_01_904x560px.png\" \/><\/div>\n<div class=\"copy\" style=\"text-align: center;\">\n<h3>Incr\u00edvel som JBL Original Pro<\/h3>\n<p>Nada supera o incr\u00edvel som JBL Original Pro com graves profundos.<\/p>\n<\/div>\n<\/div>\n<div class=\"expanded-feature -lifestyle in-view\" style=\"text-align: center;\">\n<div class=\"imagery\"><img decoding=\"async\" src=\"\/wp-content\/uploads\/replace\/b3bbf0eb00bd2f317370981072c04aaf.png\" alt=\"A light show that syncs to the beat\" data-src=\"\/on\/demandware.static\/-\/Sites-masterCatalog_Harman\/default\/dw959fc483\/pdp\/JBL_Partybox_Encore_Lifestyle_02_904x560px.png\" \/><\/div>\n<div class=\"copy\">\n<h3>Um show de luzes sincronizado com a batida<\/h3>\n<p>O show de luzes PartyBox da JBL faz sua festa brilhar com luzes circulares e noturnas e efeitos estrobosc\u00f3picos que sincronizam com a batida da sua m\u00fasica para uma experi\u00eancia audiovisual incrivelmente envolvente.<\/p>\n<\/div>\n<\/div>\n<div class=\"expanded-feature -lifestyle in-view\">\n<div class=\"imagery\" style=\"text-align: center;\"><img decoding=\"async\" src=\"\/wp-content\/uploads\/replace\/51ba22f84e7e6e447bb03d1216cfc027.png\" alt=\"Up to 10 hours of play time\" data-src=\"\/on\/demandware.static\/-\/Sites-masterCatalog_Harman\/default\/dw08ef2055\/pdp\/JBL_Partybox_Encore_Lifestyle_03_904x560px.png\" \/><\/div>\n<div class=\"copy\">\n<h3 style=\"text-align: center;\">At\u00e9 10 horas de jogo<\/h3>\n<p style=\"text-align: center;\">D\u00ea energia \u00e0 festa o dia todo ou a noite toda. Com at\u00e9 10 horas de reprodu\u00e7\u00e3o e uma bateria recarreg\u00e1vel integrada, a batida continuar\u00e1 (e continuar\u00e1)!<\/p>\n<\/div>\n<\/div>\n<\/div>\n<\/section>","protected":false},"excerpt":{"rendered":"<p>O alto-falante port\u00e1til JBL PartyBox Encore oferece 10 horas de divers\u00e3o ininterrupta. Com a al\u00e7a f\u00e1cil de pegar e o design \u00e0 prova de respingos, voc\u00ea sempre pode levar a festa com voc\u00ea. Deixe a batida bombar com o incr\u00edvel som JBL Original Pro e graves profundos. Sincronize os estrobosc\u00f3pios, o anel e as luzes do clube do show de luzes para uma experi\u00eancia incrivelmente envolvente ou cante junto com os microfones digitais sem fio premium da JBL, otimizados para karaok\u00ea com eco, graves e agudos ajust\u00e1veis. True Wireless Stereo significa que voc\u00ea pode at\u00e9 emparelhar alto-falantes para um som verdadeiramente massivo. E com o aplicativo PartyBox, voc\u00ea sempre pode controlar sua m\u00fasica e as cores do show de luzes para obter a vibra\u00e7\u00e3o perfeita.<\/p>","protected":false},"featured_media":37815,"template":"","meta":[],"product_brand":[1354],"product_cat":[1285],"product_tag":[1357],"class_list":{"0":"post-37808","1":"product","2":"type-product","3":"status-publish","4":"has-post-thumbnail","6":"product_brand-jbl","7":"product_cat-jbl-speaker","8":"product_tag-speaker","10":"first","11":"instock","12":"shipping-taxable","13":"product-type-simple"},"aioseo_notices":[],"aioseo_head":"\n\t\t<!-- All in One SEO Pro 4.5.9.2 - aioseo.com -->\n\t\t<meta name=\"description\" content=\"The portable JBL PartyBox Encore speaker gives you 10 hours of non-stop fun. With the easy grab-and-go handle and splash proof design, you can always take the party with you. Get the beat pumping with amazing JBL Original Pro Sound and deep bass. Sync the lightshow&#039;s rockin&#039; strobes, ring and club lights for an awesomely immersive experience or sing along with the JBL premium digital wireless mics, optimized for karaoke with adjustable echo, bass, and treble. True Wireless Stereo means you can even pair speakers for truly massive sound. And with the PartyBox app, you can always control your music and your lightshow colors for the perfect vibe.\" \/>\n\t\t<meta name=\"robots\" content=\"max-image-preview:large\" \/>\n\t\t<link rel=\"canonical\" href=\"https:\/\/www.rucashk.com\/pt\/produto\/jbl-partybox-encore\/\" \/>\n\t\t<meta name=\"generator\" content=\"All in One SEO Pro (AIOSEO) 4.5.9.2\" \/>\n\t\t<meta property=\"og:locale\" content=\"pt_PT\" \/>\n\t\t<meta property=\"og:site_name\" content=\"Rucas - One-stop AIoT Distribution Worldwide\" \/>\n\t\t<meta property=\"og:type\" content=\"article\" \/>\n\t\t<meta property=\"og:title\" content=\"JBL PartyBox Encore - Rucas - Wholesale and Distribution\" \/>\n\t\t<meta property=\"og:description\" content=\"The portable JBL PartyBox Encore speaker gives you 10 hours of non-stop fun. With the easy grab-and-go handle and splash proof design, you can always take the party with you. Get the beat pumping with amazing JBL Original Pro Sound and deep bass. Sync the lightshow&#039;s rockin&#039; strobes, ring and club lights for an awesomely immersive experience or sing along with the JBL premium digital wireless mics, optimized for karaoke with adjustable echo, bass, and treble. True Wireless Stereo means you can even pair speakers for truly massive sound. And with the PartyBox app, you can always control your music and your lightshow colors for the perfect vibe.\" \/>\n\t\t<meta property=\"og:url\" content=\"https:\/\/www.rucashk.com\/pt\/produto\/jbl-partybox-encore\/\" \/>\n\t\t<meta property=\"og:image\" content=\"https:\/\/www.rucashk.com\/wp-content\/uploads\/replace\/503b8e645f128a97ccde2b6290747646.jpeg\" \/>\n\t\t<meta property=\"og:image:secure_url\" content=\"https:\/\/www.rucashk.com\/wp-content\/uploads\/replace\/503b8e645f128a97ccde2b6290747646.jpeg\" \/>\n\t\t<meta property=\"og:image:width\" content=\"1456\" \/>\n\t\t<meta property=\"og:image:height\" content=\"816\" \/>\n\t\t<meta property=\"article:published_time\" content=\"2024-03-19T14:53:45+00:00\" \/>\n\t\t<meta property=\"article:modified_time\" content=\"2024-04-16T13:31:34+00:00\" \/>\n\t\t<meta name=\"twitter:card\" content=\"summary_large_image\" \/>\n\t\t<meta name=\"twitter:title\" content=\"JBL PartyBox Encore - Rucas - Wholesale and Distribution\" \/>\n\t\t<meta name=\"twitter:description\" content=\"The portable JBL PartyBox Encore speaker gives you 10 hours of non-stop fun. With the easy grab-and-go handle and splash proof design, you can always take the party with you. Get the beat pumping with amazing JBL Original Pro Sound and deep bass. Sync the lightshow&#039;s rockin&#039; strobes, ring and club lights for an awesomely immersive experience or sing along with the JBL premium digital wireless mics, optimized for karaoke with adjustable echo, bass, and treble. True Wireless Stereo means you can even pair speakers for truly massive sound. And with the PartyBox app, you can always control your music and your lightshow colors for the perfect vibe.\" \/>\n\t\t<meta name=\"twitter:image\" content=\"https:\/\/www.rucashk.com\/wp-content\/uploads\/replace\/503b8e645f128a97ccde2b6290747646.jpeg\" \/>\n\t\t<script type=\"application\/ld+json\" class=\"aioseo-schema\">\n\t\t\t{\"@context\":\"https:\\\/\\\/schema.org\",\"@graph\":[{\"@type\":\"BreadcrumbList\",\"@id\":\"https:\\\/\\\/www.rucashk.com\\\/pt\\\/produto\\\/jbl-partybox-encore\\\/#breadcrumblist\",\"itemListElement\":[{\"@type\":\"ListItem\",\"@id\":\"https:\\\/\\\/www.rucashk.com\\\/pt\\\/#listItem\",\"position\":1,\"name\":\"Home\",\"item\":\"https:\\\/\\\/www.rucashk.com\\\/pt\\\/\",\"nextItem\":\"https:\\\/\\\/www.rucashk.com\\\/pt\\\/produto\\\/jbl-partybox-encore\\\/#listItem\"},{\"@type\":\"ListItem\",\"@id\":\"https:\\\/\\\/www.rucashk.com\\\/pt\\\/produto\\\/jbl-partybox-encore\\\/#listItem\",\"position\":2,\"name\":\"JBL PartyBox Encore\",\"previousItem\":\"https:\\\/\\\/www.rucashk.com\\\/pt\\\/#listItem\"}]},{\"@type\":\"Organization\",\"@id\":\"https:\\\/\\\/www.rucashk.com\\\/pt\\\/#organization\",\"name\":\"Rucas\",\"url\":\"https:\\\/\\\/www.rucashk.com\\\/pt\\\/\",\"logo\":{\"@type\":\"ImageObject\",\"url\":\"https:\\\/\\\/www.rucashk.com\\\/wp-content\\\/uploads\\\/2023\\\/12\\\/Rucas_campany_logo.png\",\"@id\":\"https:\\\/\\\/www.rucashk.com\\\/pt\\\/produto\\\/jbl-partybox-encore\\\/#organizationLogo\",\"width\":221,\"height\":65},\"image\":{\"@id\":\"https:\\\/\\\/www.rucashk.com\\\/pt\\\/#organizationLogo\"}},{\"@type\":\"Person\",\"@id\":\"https:\\\/\\\/www.rucashk.com\\\/pt\\\/author\\\/admin\\\/#author\",\"url\":\"https:\\\/\\\/www.rucashk.com\\\/pt\\\/author\\\/admin\\\/\",\"name\":\"admin\",\"image\":{\"@type\":\"ImageObject\",\"@id\":\"https:\\\/\\\/www.rucashk.com\\\/pt\\\/produto\\\/jbl-partybox-encore\\\/#authorImage\",\"url\":\"https:\\\/\\\/secure.gravatar.com\\\/avatar\\\/b7c8925b09a27e72b30232f8ecaadbd5af0f70a38c78096863fe51b64f031c24?s=96&d=mm&r=g\",\"width\":96,\"height\":96,\"caption\":\"admin\"}},{\"@type\":\"WebPage\",\"@id\":\"https:\\\/\\\/www.rucashk.com\\\/pt\\\/produto\\\/jbl-partybox-encore\\\/#webpage\",\"url\":\"https:\\\/\\\/www.rucashk.com\\\/pt\\\/produto\\\/jbl-partybox-encore\\\/\",\"name\":\"JBL PartyBox Encore - Rucas - Wholesale and Distribution\",\"description\":\"The portable JBL PartyBox Encore speaker gives you 10 hours of non-stop fun. With the easy grab-and-go handle and splash proof design, you can always take the party with you. Get the beat pumping with amazing JBL Original Pro Sound and deep bass. Sync the lightshow's rockin' strobes, ring and club lights for an awesomely immersive experience or sing along with the JBL premium digital wireless mics, optimized for karaoke with adjustable echo, bass, and treble. True Wireless Stereo means you can even pair speakers for truly massive sound. And with the PartyBox app, you can always control your music and your lightshow colors for the perfect vibe.\",\"inLanguage\":\"pt-PT\",\"isPartOf\":{\"@id\":\"https:\\\/\\\/www.rucashk.com\\\/pt\\\/#website\"},\"breadcrumb\":{\"@id\":\"https:\\\/\\\/www.rucashk.com\\\/pt\\\/produto\\\/jbl-partybox-encore\\\/#breadcrumblist\"},\"author\":{\"@id\":\"https:\\\/\\\/www.rucashk.com\\\/pt\\\/author\\\/admin\\\/#author\"},\"creator\":{\"@id\":\"https:\\\/\\\/www.rucashk.com\\\/pt\\\/author\\\/admin\\\/#author\"},\"image\":{\"@type\":\"ImageObject\",\"url\":\"https:\\\/\\\/www.rucashk.com\\\/wp-content\\\/uploads\\\/2024\\\/03\\\/85cbc53f-e3a2-418f-addc-77f81d546c8c.png\",\"@id\":\"https:\\\/\\\/www.rucashk.com\\\/pt\\\/produto\\\/jbl-partybox-encore\\\/#mainImage\",\"width\":1605,\"height\":1605},\"primaryImageOfPage\":{\"@id\":\"https:\\\/\\\/www.rucashk.com\\\/pt\\\/produto\\\/jbl-partybox-encore\\\/#mainImage\"},\"datePublished\":\"2024-03-19T14:53:45+00:00\",\"dateModified\":\"2024-04-16T13:31:34+00:00\"},{\"@type\":\"WebSite\",\"@id\":\"https:\\\/\\\/www.rucashk.com\\\/pt\\\/#website\",\"url\":\"https:\\\/\\\/www.rucashk.com\\\/pt\\\/\",\"name\":\"Rucas - Wholesale and distribution worldwide\",\"alternateName\":\"Rucas - One-stop AIoT Distribution Worldwide\",\"description\":\"One-stop AIoT Distribution Worldwide\",\"inLanguage\":\"pt-PT\",\"publisher\":{\"@id\":\"https:\\\/\\\/www.rucashk.com\\\/pt\\\/#organization\"}}]}\n\t\t<\/script>\n\t\t<!-- All in One SEO Pro -->\r\n\t\t<title>JBL PartyBox Encore - Rucas - Wholesale and Distribution<\/title>\n\n","aioseo_head_json":{"title":"JBL PartyBox Encore - Rucas - Wholesale and Distribution","description":"The portable JBL PartyBox Encore speaker gives you 10 hours of non-stop fun. With the easy grab-and-go handle and splash proof design, you can always take the party with you. Get the beat pumping with amazing JBL Original Pro Sound and deep bass. Sync the lightshow's rockin' strobes, ring and club lights for an awesomely immersive experience or sing along with the JBL premium digital wireless mics, optimized for karaoke with adjustable echo, bass, and treble. True Wireless Stereo means you can even pair speakers for truly massive sound. And with the PartyBox app, you can always control your music and your lightshow colors for the perfect vibe.","canonical_url":"https:\/\/www.rucashk.com\/pt\/produto\/jbl-partybox-encore\/","robots":"max-image-preview:large","keywords":"","webmasterTools":{"miscellaneous":""},"og:locale":"pt_PT","og:site_name":"Rucas - One-stop AIoT Distribution Worldwide","og:type":"article","og:title":"JBL PartyBox Encore - Rucas - Wholesale and Distribution","og:description":"The portable JBL PartyBox Encore speaker gives you 10 hours of non-stop fun. With the easy grab-and-go handle and splash proof design, you can always take the party with you. Get the beat pumping with amazing JBL Original Pro Sound and deep bass. Sync the lightshow's rockin' strobes, ring and club lights for an awesomely immersive experience or sing along with the JBL premium digital wireless mics, optimized for karaoke with adjustable echo, bass, and treble. True Wireless Stereo means you can even pair speakers for truly massive sound. And with the PartyBox app, you can always control your music and your lightshow colors for the perfect vibe.","og:url":"https:\/\/www.rucashk.com\/pt\/produto\/jbl-partybox-encore\/","og:image":"https:\/\/www.rucashk.com\/wp-content\/uploads\/replace\/503b8e645f128a97ccde2b6290747646.jpeg","og:image:secure_url":"https:\/\/www.rucashk.com\/wp-content\/uploads\/replace\/503b8e645f128a97ccde2b6290747646.jpeg","og:image:width":1456,"og:image:height":816,"article:published_time":"2024-03-19T14:53:45+00:00","article:modified_time":"2024-04-16T13:31:34+00:00","twitter:card":"summary_large_image","twitter:title":"JBL PartyBox Encore - Rucas - Wholesale and Distribution","twitter:description":"The portable JBL PartyBox Encore speaker gives you 10 hours of non-stop fun. With the easy grab-and-go handle and splash proof design, you can always take the party with you. Get the beat pumping with amazing JBL Original Pro Sound and deep bass. Sync the lightshow's rockin' strobes, ring and club lights for an awesomely immersive experience or sing along with the JBL premium digital wireless mics, optimized for karaoke with adjustable echo, bass, and treble. True Wireless Stereo means you can even pair speakers for truly massive sound. And with the PartyBox app, you can always control your music and your lightshow colors for the perfect vibe.","twitter:image":"https:\/\/www.rucashk.com\/wp-content\/uploads\/replace\/503b8e645f128a97ccde2b6290747646.jpeg","schema":{"@context":"https:\/\/schema.org","@graph":[{"@type":"BreadcrumbList","@id":"https:\/\/www.rucashk.com\/pt\/produto\/jbl-partybox-encore\/#breadcrumblist","itemListElement":[{"@type":"ListItem","@id":"https:\/\/www.rucashk.com\/pt\/#listItem","position":1,"name":"Home","item":"https:\/\/www.rucashk.com\/pt\/","nextItem":"https:\/\/www.rucashk.com\/pt\/produto\/jbl-partybox-encore\/#listItem"},{"@type":"ListItem","@id":"https:\/\/www.rucashk.com\/pt\/produto\/jbl-partybox-encore\/#listItem","position":2,"name":"JBL PartyBox Encore","previousItem":"https:\/\/www.rucashk.com\/pt\/#listItem"}]},{"@type":"Organization","@id":"https:\/\/www.rucashk.com\/pt\/#organization","name":"Rucas","url":"https:\/\/www.rucashk.com\/pt\/","logo":{"@type":"ImageObject","url":"https:\/\/www.rucashk.com\/wp-content\/uploads\/2023\/12\/Rucas_campany_logo.png","@id":"https:\/\/www.rucashk.com\/pt\/produto\/jbl-partybox-encore\/#organizationLogo","width":221,"height":65},"image":{"@id":"https:\/\/www.rucashk.com\/pt\/#organizationLogo"}},{"@type":"Person","@id":"https:\/\/www.rucashk.com\/pt\/author\/admin\/#author","url":"https:\/\/www.rucashk.com\/pt\/author\/admin\/","name":"admin","image":{"@type":"ImageObject","@id":"https:\/\/www.rucashk.com\/pt\/produto\/jbl-partybox-encore\/#authorImage","url":"https:\/\/secure.gravatar.com\/avatar\/b7c8925b09a27e72b30232f8ecaadbd5af0f70a38c78096863fe51b64f031c24?s=96&d=mm&r=g","width":96,"height":96,"caption":"admin"}},{"@type":"WebPage","@id":"https:\/\/www.rucashk.com\/pt\/produto\/jbl-partybox-encore\/#webpage","url":"https:\/\/www.rucashk.com\/pt\/produto\/jbl-partybox-encore\/","name":"JBL PartyBox Encore - Rucas - Wholesale and Distribution","description":"The portable JBL PartyBox Encore speaker gives you 10 hours of non-stop fun. With the easy grab-and-go handle and splash proof design, you can always take the party with you. Get the beat pumping with amazing JBL Original Pro Sound and deep bass. Sync the lightshow's rockin' strobes, ring and club lights for an awesomely immersive experience or sing along with the JBL premium digital wireless mics, optimized for karaoke with adjustable echo, bass, and treble. True Wireless Stereo means you can even pair speakers for truly massive sound. And with the PartyBox app, you can always control your music and your lightshow colors for the perfect vibe.","inLanguage":"pt-PT","isPartOf":{"@id":"https:\/\/www.rucashk.com\/pt\/#website"},"breadcrumb":{"@id":"https:\/\/www.rucashk.com\/pt\/produto\/jbl-partybox-encore\/#breadcrumblist"},"author":{"@id":"https:\/\/www.rucashk.com\/pt\/author\/admin\/#author"},"creator":{"@id":"https:\/\/www.rucashk.com\/pt\/author\/admin\/#author"},"image":{"@type":"ImageObject","url":"https:\/\/www.rucashk.com\/wp-content\/uploads\/2024\/03\/85cbc53f-e3a2-418f-addc-77f81d546c8c.png","@id":"https:\/\/www.rucashk.com\/pt\/produto\/jbl-partybox-encore\/#mainImage","width":1605,"height":1605},"primaryImageOfPage":{"@id":"https:\/\/www.rucashk.com\/pt\/produto\/jbl-partybox-encore\/#mainImage"},"datePublished":"2024-03-19T14:53:45+00:00","dateModified":"2024-04-16T13:31:34+00:00"},{"@type":"WebSite","@id":"https:\/\/www.rucashk.com\/pt\/#website","url":"https:\/\/www.rucashk.com\/pt\/","name":"Rucas - Wholesale and distribution worldwide","alternateName":"Rucas - One-stop AIoT Distribution Worldwide","description":"One-stop AIoT Distribution Worldwide","inLanguage":"pt-PT","publisher":{"@id":"https:\/\/www.rucashk.com\/pt\/#organization"}}]}},"aioseo_meta_data":{"post_id":"37808","title":null,"description":null,"keywords":null,"keyphrases":null,"primary_term":null,"canonical_url":null,"og_title":null,"og_description":null,"og_object_type":"default","og_image_type":"default","og_image_url":null,"og_image_width":null,"og_image_height":null,"og_image_custom_url":null,"og_image_custom_fields":null,"og_video":null,"og_custom_url":null,"og_article_section":null,"og_article_tags":null,"twitter_use_og":false,"twitter_card":"default","twitter_image_type":"default","twitter_image_url":null,"twitter_image_custom_url":null,"twitter_image_custom_fields":null,"twitter_title":null,"twitter_description":null,"schema":{"blockGraphs":[],"customGraphs":[],"default":{"data":{"Article":[],"Course":[],"Dataset":[],"FAQPage":[],"Movie":[],"Person":[],"Product":[],"Recipe":[],"Service":[],"SoftwareApplication":[],"WebPage":[]},"graphName":"","isEnabled":true},"graphs":[]},"schema_type":"default","schema_type_options":null,"pillar_content":false,"robots_default":true,"robots_noindex":false,"robots_noarchive":false,"robots_nosnippet":false,"robots_nofollow":false,"robots_noimageindex":false,"robots_noodp":false,"robots_notranslate":false,"robots_max_snippet":null,"robots_max_videopreview":null,"robots_max_imagepreview":"large","priority":null,"frequency":null,"local_seo":null,"breadcrumb_settings":null,"limit_modified_date":false,"created":"2024-04-11 01:57:23","updated":"2025-06-22 18:47:55"},"aioseo_breadcrumb":"<div class=\"aioseo-breadcrumbs\"><span class=\"aioseo-breadcrumb\">\n\t<a href=\"https:\/\/www.rucashk.com\/pt\" title=\"Home\">Home<\/a>\n<\/span><span class=\"aioseo-breadcrumb-separator\">&raquo;<\/span><span class=\"aioseo-breadcrumb\">\n\t<a href=\"https:\/\/www.rucashk.com\/pt\/products\/\" title=\"Produtos\">Produtos<\/a>\n<\/span><span class=\"aioseo-breadcrumb-separator\">&raquo;<\/span><span class=\"aioseo-breadcrumb\">\n\t<a href=\"https:\/\/www.rucashk.com\/pt\/marca\/jbl\/\" title=\"JBL\">JBL<\/a>\n<\/span><span class=\"aioseo-breadcrumb-separator\">&raquo;<\/span><span class=\"aioseo-breadcrumb\">\n\tJBL PartyBox Encore\n<\/span><\/div>","aioseo_breadcrumb_json":[{"label":"Home","link":"https:\/\/www.rucashk.com\/pt"},{"label":"Produtos","link":"https:\/\/www.rucashk.com\/pt\/products\/"},{"label":"JBL","link":"https:\/\/www.rucashk.com\/pt\/marca\/jbl\/"},{"label":"JBL PartyBox Encore","link":"https:\/\/www.rucashk.com\/pt\/produto\/jbl-partybox-encore\/"}],"_links":{"self":[{"href":"https:\/\/www.rucashk.com\/pt\/wp-json\/wp\/v2\/product\/37808","targetHints":{"allow":["GET"]}}],"collection":[{"href":"https:\/\/www.rucashk.com\/pt\/wp-json\/wp\/v2\/product"}],"about":[{"href":"https:\/\/www.rucashk.com\/pt\/wp-json\/wp\/v2\/types\/product"}],"wp:featuredmedia":[{"embeddable":true,"href":"https:\/\/www.rucashk.com\/pt\/wp-json\/wp\/v2\/media\/37815"}],"wp:attachment":[{"href":"https:\/\/www.rucashk.com\/pt\/wp-json\/wp\/v2\/media?parent=37808"}],"wp:term":[{"taxonomy":"product_brand","embeddable":true,"href":"https:\/\/www.rucashk.com\/pt\/wp-json\/wp\/v2\/product_brand?post=37808"},{"taxonomy":"product_cat","embeddable":true,"href":"https:\/\/www.rucashk.com\/pt\/wp-json\/wp\/v2\/product_cat?post=37808"},{"taxonomy":"product_tag","embeddable":true,"href":"https:\/\/www.rucashk.com\/pt\/wp-json\/wp\/v2\/product_tag?post=37808"}],"curies":[{"name":"wp","href":"https:\/\/api.w.org\/{rel}","templated":true}]}}