{"id":37799,"date":"2024-03-19T14:24:58","date_gmt":"2024-03-19T14:24:58","guid":{"rendered":"http:\/\/rucashk.com\/?post_type=product&#038;p=37799"},"modified":"2024-04-16T13:29:39","modified_gmt":"2024-04-16T13:29:39","slug":"xiaomi-13t-pro-android-mobile-phone","status":"publish","type":"product","link":"https:\/\/www.rucashk.com\/pt\/produto\/xiaomi-13t-pro-android-mobile-phone\/","title":{"rendered":"Celular Android Xiaomi 13T Pro"},"content":{"rendered":"<p style=\"text-align: center;\"><iframe title=\"Desembale o Xiaomi 13T Pro | Obra-prima \u00e0 vista\" src=\"https:\/\/www.youtube.com\/embed\/51q0cL3V5xA\" width=\"1280\" height=\"720\" frameborder=\"0\" allowfullscreen=\"allowfullscreen\"><\/iframe><\/p>\n<p>O Xiaomi 13T Pro, que vem com o hardware mais recente e um conjunto de c\u00e2meras com tecnologia Leica \u2013 tudo por um pre\u00e7o que poucos outros smartphones emblem\u00e1ticos ousaram cruzar. Os modelos Meadow Green e Black t\u00eam um painel traseiro de vidro brilhante que lembra o design do Xiaomi 13. Uma diferen\u00e7a aqui \u00e9 que a vers\u00e3o em couro \u00e9 um pouco mais espessa com 8,62 mm contra 8,49 mm nas outras duas. Por outro lado, o Alpine Blue \u00e9 na verdade mais leve, com apenas 200 gramas contra 206 gramas nas variantes de vidro. O bot\u00e3o liga \/ desliga e o controle de volume est\u00e3o no lado direito; grades de alto-falante est\u00e9reo, microfone principal, porta USB tipo C e slot para cart\u00e3o SIM s\u00e3o encontrados na parte inferior; grade de alto-falante secund\u00e1rio, microfone com cancelamento de ru\u00eddo e blaster IR na parte superior. Possui um display CrystalRes plano de 6,67 polegadas com suporte para taxa de atualiza\u00e7\u00e3o de at\u00e9 144 Hz e resolu\u00e7\u00e3o de 1,5 K ou 2712 x 1220 pixels.<\/p>\n<p>Esta tela melhora muito a experi\u00eancia de visualiza\u00e7\u00e3o e jogo, gra\u00e7as a um modo de alto brilho de at\u00e9 1.200 nits e um brilho m\u00e1ximo de at\u00e9 2.600 nits, junto com a cobertura 100% DCI-P3 com 68 bilh\u00f5es de cores. O Xiaomi 13T Pro tamb\u00e9m suporta HDR10 + ponta a ponta e \u00e9 protegido pelo Gorilla Glass 5 da Corning. Os alto-falantes duplos suportam Dolby Atmos, o que o torna mais envolvente do que os alto-falantes est\u00e9reo normais.<\/p>\n<p>Em termos de c\u00e2mera, o Xiaomi 13T Pro vem com uma c\u00e2mera grande angular de 50 MP 24 mm f\/1.9 com OIS, c\u00e2mera telefoto de 50 MP 50 mm f\/1.9 com zoom \u00f3tico 2x e c\u00e2mera ultra grande angular de 12 MP 15 mm f\/2.2. O Xiaomi 13T Pro \u00e9 ajustado pela Leica, uma marca popular de c\u00e2meras, voc\u00ea pode escolher entre dois estilos fotogr\u00e1ficos \u2013 Leica Authentic Look, que produz imagens com um pequeno aumento no contraste; e Leica Vibrant, que proporcionam um pouco mais de vibra\u00e7\u00e3o em cada foto.<\/p>","protected":false},"excerpt":{"rendered":"<ul class=\"a-unordered-list a-vertical a-spacing-mini\">\n<li class=\"a-spacing-mini\"><span class=\"a-list-item\">\u2611\ufe0f Tamanho da tela: 6,67 polegadas (144 Hz AMOLED)<\/span><\/li>\n<li class=\"a-spacing-mini\"><span class=\"a-list-item\">\u2611\ufe0f RAM: 16 GB \u2611\ufe0f Armazenamento: 1 TB<\/span><\/li>\n<li class=\"a-spacing-mini\"><span class=\"a-list-item\">\u2611\ufe0f Tamanho da bateria: 5000 mAh n\u00e3o remov\u00edvel<\/span><\/li>\n<li class=\"a-spacing-mini\"><span class=\"a-list-item\">\u2611\ufe0f Carregamento: Carregamento r\u00e1pido de 120 W<\/span><\/li>\n<li class=\"a-spacing-mini\"><span class=\"a-list-item\">\u2611\ufe0f C\u00e2mera principal (traseira): 50 MP (grande angular) + 50 MP (telefoto) + 12 MP (ultra grande angular)<\/span><\/li>\n<li class=\"a-spacing-mini\"><span class=\"a-list-item\">\u2611\ufe0f C\u00e2mera selfie (frontal): 20 MP (grande angular)<\/span><\/li>\n<li class=\"a-spacing-mini\"><span class=\"a-list-item\">\u2611\ufe0f Chipset: Mediatek Dimensity 9200+ (4 nm)<\/span><\/li>\n<\/ul>","protected":false},"featured_media":37801,"template":"","meta":[],"product_brand":[1363],"product_cat":[1295,1296],"product_tag":[1175,477,420],"class_list":{"0":"post-37799","1":"product","2":"type-product","3":"status-publish","4":"has-post-thumbnail","6":"product_brand-xiaomi","7":"product_cat-mobile-phone","8":"product_cat-xiaomi-mobile-phone","9":"product_tag-mi","10":"product_tag-phone","11":"product_tag-xiaomi","13":"first","14":"instock","15":"shipping-taxable","16":"product-type-simple"},"aioseo_notices":[],"aioseo_head":"\n\t\t<!-- All in One SEO Pro 4.5.9.2 - aioseo.com -->\n\t\t<meta name=\"description\" content=\"\u2611\ufe0f Screen Size: 6.67 Inches (144 Hz AMOLED) \u2611\ufe0f RAM: 16GB \u2611\ufe0f Storage: 1TB \u2611\ufe0f Battery Size: 5000 mAh Non-Removable \u2611\ufe0f Charging: 120W Fast Charging \u2611\ufe0f Main Camera (Rear): 50 MP (Wide) + 50 MP (Telephoto)+ 12 MP (Ultrawide) \u2611\ufe0f Selfie Camera (Front): 20 MP (Wide) \u2611\ufe0f Chipset: Mediatek Dimensity 9200+ (4 nm)\" \/>\n\t\t<meta name=\"robots\" content=\"max-image-preview:large\" \/>\n\t\t<link rel=\"canonical\" href=\"https:\/\/www.rucashk.com\/pt\/produto\/xiaomi-13t-pro-android-mobile-phone\/\" \/>\n\t\t<meta name=\"generator\" content=\"All in One SEO Pro (AIOSEO) 4.5.9.2\" \/>\n\t\t<meta property=\"og:locale\" content=\"pt_PT\" \/>\n\t\t<meta property=\"og:site_name\" content=\"Rucas - One-stop AIoT Distribution Worldwide\" \/>\n\t\t<meta property=\"og:type\" content=\"article\" \/>\n\t\t<meta property=\"og:title\" content=\"Xiaomi 13T Pro Android Mobile Phone - Rucas - Wholesale and Distribution\" \/>\n\t\t<meta property=\"og:description\" content=\"\u2611\ufe0f Screen Size: 6.67 Inches (144 Hz AMOLED) \u2611\ufe0f RAM: 16GB \u2611\ufe0f Storage: 1TB \u2611\ufe0f Battery Size: 5000 mAh Non-Removable \u2611\ufe0f Charging: 120W Fast Charging \u2611\ufe0f Main Camera (Rear): 50 MP (Wide) + 50 MP (Telephoto)+ 12 MP (Ultrawide) \u2611\ufe0f Selfie Camera (Front): 20 MP (Wide) \u2611\ufe0f Chipset: Mediatek Dimensity 9200+ (4 nm)\" \/>\n\t\t<meta property=\"og:url\" content=\"https:\/\/www.rucashk.com\/pt\/produto\/xiaomi-13t-pro-android-mobile-phone\/\" \/>\n\t\t<meta property=\"og:image\" content=\"https:\/\/www.rucashk.com\/wp-content\/uploads\/replace\/503b8e645f128a97ccde2b6290747646.jpeg\" \/>\n\t\t<meta property=\"og:image:secure_url\" content=\"https:\/\/www.rucashk.com\/wp-content\/uploads\/replace\/503b8e645f128a97ccde2b6290747646.jpeg\" \/>\n\t\t<meta property=\"og:image:width\" content=\"1456\" \/>\n\t\t<meta property=\"og:image:height\" content=\"816\" \/>\n\t\t<meta property=\"article:published_time\" content=\"2024-03-19T14:24:58+00:00\" \/>\n\t\t<meta property=\"article:modified_time\" content=\"2024-04-16T13:29:39+00:00\" \/>\n\t\t<meta name=\"twitter:card\" content=\"summary_large_image\" \/>\n\t\t<meta name=\"twitter:title\" content=\"Xiaomi 13T Pro Android Mobile Phone - Rucas - Wholesale and Distribution\" \/>\n\t\t<meta name=\"twitter:description\" content=\"\u2611\ufe0f Screen Size: 6.67 Inches (144 Hz AMOLED) \u2611\ufe0f RAM: 16GB \u2611\ufe0f Storage: 1TB \u2611\ufe0f Battery Size: 5000 mAh Non-Removable \u2611\ufe0f Charging: 120W Fast Charging \u2611\ufe0f Main Camera (Rear): 50 MP (Wide) + 50 MP (Telephoto)+ 12 MP (Ultrawide) \u2611\ufe0f Selfie Camera (Front): 20 MP (Wide) \u2611\ufe0f Chipset: Mediatek Dimensity 9200+ (4 nm)\" \/>\n\t\t<meta name=\"twitter:image\" content=\"https:\/\/www.rucashk.com\/wp-content\/uploads\/replace\/503b8e645f128a97ccde2b6290747646.jpeg\" \/>\n\t\t<script type=\"application\/ld+json\" class=\"aioseo-schema\">\n\t\t\t{\"@context\":\"https:\\\/\\\/schema.org\",\"@graph\":[{\"@type\":\"BreadcrumbList\",\"@id\":\"https:\\\/\\\/www.rucashk.com\\\/pt\\\/produto\\\/xiaomi-13t-pro-android-mobile-phone\\\/#breadcrumblist\",\"itemListElement\":[{\"@type\":\"ListItem\",\"@id\":\"https:\\\/\\\/www.rucashk.com\\\/pt\\\/#listItem\",\"position\":1,\"name\":\"Home\",\"item\":\"https:\\\/\\\/www.rucashk.com\\\/pt\\\/\",\"nextItem\":\"https:\\\/\\\/www.rucashk.com\\\/pt\\\/produto\\\/xiaomi-13t-pro-android-mobile-phone\\\/#listItem\"},{\"@type\":\"ListItem\",\"@id\":\"https:\\\/\\\/www.rucashk.com\\\/pt\\\/produto\\\/xiaomi-13t-pro-android-mobile-phone\\\/#listItem\",\"position\":2,\"name\":\"Xiaomi 13T Pro Android Mobile Phone\",\"previousItem\":\"https:\\\/\\\/www.rucashk.com\\\/pt\\\/#listItem\"}]},{\"@type\":\"Organization\",\"@id\":\"https:\\\/\\\/www.rucashk.com\\\/pt\\\/#organization\",\"name\":\"Rucas\",\"url\":\"https:\\\/\\\/www.rucashk.com\\\/pt\\\/\",\"logo\":{\"@type\":\"ImageObject\",\"url\":\"https:\\\/\\\/www.rucashk.com\\\/wp-content\\\/uploads\\\/2023\\\/12\\\/Rucas_campany_logo.png\",\"@id\":\"https:\\\/\\\/www.rucashk.com\\\/pt\\\/produto\\\/xiaomi-13t-pro-android-mobile-phone\\\/#organizationLogo\",\"width\":221,\"height\":65},\"image\":{\"@id\":\"https:\\\/\\\/www.rucashk.com\\\/pt\\\/#organizationLogo\"}},{\"@type\":\"Person\",\"@id\":\"https:\\\/\\\/www.rucashk.com\\\/pt\\\/author\\\/admin\\\/#author\",\"url\":\"https:\\\/\\\/www.rucashk.com\\\/pt\\\/author\\\/admin\\\/\",\"name\":\"admin\",\"image\":{\"@type\":\"ImageObject\",\"@id\":\"https:\\\/\\\/www.rucashk.com\\\/pt\\\/produto\\\/xiaomi-13t-pro-android-mobile-phone\\\/#authorImage\",\"url\":\"https:\\\/\\\/secure.gravatar.com\\\/avatar\\\/b7c8925b09a27e72b30232f8ecaadbd5af0f70a38c78096863fe51b64f031c24?s=96&d=mm&r=g\",\"width\":96,\"height\":96,\"caption\":\"admin\"}},{\"@type\":\"WebPage\",\"@id\":\"https:\\\/\\\/www.rucashk.com\\\/pt\\\/produto\\\/xiaomi-13t-pro-android-mobile-phone\\\/#webpage\",\"url\":\"https:\\\/\\\/www.rucashk.com\\\/pt\\\/produto\\\/xiaomi-13t-pro-android-mobile-phone\\\/\",\"name\":\"Xiaomi 13T Pro Android Mobile Phone - Rucas - Wholesale and Distribution\",\"description\":\"\\u2611\\ufe0f Screen Size: 6.67 Inches (144 Hz AMOLED) \\u2611\\ufe0f RAM: 16GB \\u2611\\ufe0f Storage: 1TB \\u2611\\ufe0f Battery Size: 5000 mAh Non-Removable \\u2611\\ufe0f Charging: 120W Fast Charging \\u2611\\ufe0f Main Camera (Rear): 50 MP (Wide) + 50 MP (Telephoto)+ 12 MP (Ultrawide) \\u2611\\ufe0f Selfie Camera (Front): 20 MP (Wide) \\u2611\\ufe0f Chipset: Mediatek Dimensity 9200+ (4 nm)\",\"inLanguage\":\"pt-PT\",\"isPartOf\":{\"@id\":\"https:\\\/\\\/www.rucashk.com\\\/pt\\\/#website\"},\"breadcrumb\":{\"@id\":\"https:\\\/\\\/www.rucashk.com\\\/pt\\\/produto\\\/xiaomi-13t-pro-android-mobile-phone\\\/#breadcrumblist\"},\"author\":{\"@id\":\"https:\\\/\\\/www.rucashk.com\\\/pt\\\/author\\\/admin\\\/#author\"},\"creator\":{\"@id\":\"https:\\\/\\\/www.rucashk.com\\\/pt\\\/author\\\/admin\\\/#author\"},\"image\":{\"@type\":\"ImageObject\",\"url\":\"https:\\\/\\\/www.rucashk.com\\\/wp-content\\\/uploads\\\/2024\\\/03\\\/6413a9f9-0675-4c8f-b4ef-3660e6fc2af5.jpg\",\"@id\":\"https:\\\/\\\/www.rucashk.com\\\/pt\\\/produto\\\/xiaomi-13t-pro-android-mobile-phone\\\/#mainImage\",\"width\":768,\"height\":768},\"primaryImageOfPage\":{\"@id\":\"https:\\\/\\\/www.rucashk.com\\\/pt\\\/produto\\\/xiaomi-13t-pro-android-mobile-phone\\\/#mainImage\"},\"datePublished\":\"2024-03-19T14:24:58+00:00\",\"dateModified\":\"2024-04-16T13:29:39+00:00\"},{\"@type\":\"WebSite\",\"@id\":\"https:\\\/\\\/www.rucashk.com\\\/pt\\\/#website\",\"url\":\"https:\\\/\\\/www.rucashk.com\\\/pt\\\/\",\"name\":\"Rucas - Wholesale and distribution worldwide\",\"alternateName\":\"Rucas - One-stop AIoT Distribution Worldwide\",\"description\":\"One-stop AIoT Distribution Worldwide\",\"inLanguage\":\"pt-PT\",\"publisher\":{\"@id\":\"https:\\\/\\\/www.rucashk.com\\\/pt\\\/#organization\"}}]}\n\t\t<\/script>\n\t\t<!-- All in One SEO Pro -->\r\n\t\t<title>Xiaomi 13T Pro Android Mobile Phone - Rucas - Wholesale and Distribution<\/title>\n\n","aioseo_head_json":{"title":"Xiaomi 13T Pro Android Mobile Phone - Rucas - Wholesale and Distribution","description":"\u2611\ufe0f Screen Size: 6.67 Inches (144 Hz AMOLED) \u2611\ufe0f RAM: 16GB \u2611\ufe0f Storage: 1TB \u2611\ufe0f Battery Size: 5000 mAh Non-Removable \u2611\ufe0f Charging: 120W Fast Charging \u2611\ufe0f Main Camera (Rear): 50 MP (Wide) + 50 MP (Telephoto)+ 12 MP (Ultrawide) \u2611\ufe0f Selfie Camera (Front): 20 MP (Wide) \u2611\ufe0f Chipset: Mediatek Dimensity 9200+ (4 nm)","canonical_url":"https:\/\/www.rucashk.com\/pt\/produto\/xiaomi-13t-pro-android-mobile-phone\/","robots":"max-image-preview:large","keywords":"","webmasterTools":{"miscellaneous":""},"og:locale":"pt_PT","og:site_name":"Rucas - One-stop AIoT Distribution Worldwide","og:type":"article","og:title":"Xiaomi 13T Pro Android Mobile Phone - Rucas - Wholesale and Distribution","og:description":"\u2611\ufe0f Screen Size: 6.67 Inches (144 Hz AMOLED) \u2611\ufe0f RAM: 16GB \u2611\ufe0f Storage: 1TB \u2611\ufe0f Battery Size: 5000 mAh Non-Removable \u2611\ufe0f Charging: 120W Fast Charging \u2611\ufe0f Main Camera (Rear): 50 MP (Wide) + 50 MP (Telephoto)+ 12 MP (Ultrawide) \u2611\ufe0f Selfie Camera (Front): 20 MP (Wide) \u2611\ufe0f Chipset: Mediatek Dimensity 9200+ (4 nm)","og:url":"https:\/\/www.rucashk.com\/pt\/produto\/xiaomi-13t-pro-android-mobile-phone\/","og:image":"https:\/\/www.rucashk.com\/wp-content\/uploads\/replace\/503b8e645f128a97ccde2b6290747646.jpeg","og:image:secure_url":"https:\/\/www.rucashk.com\/wp-content\/uploads\/replace\/503b8e645f128a97ccde2b6290747646.jpeg","og:image:width":1456,"og:image:height":816,"article:published_time":"2024-03-19T14:24:58+00:00","article:modified_time":"2024-04-16T13:29:39+00:00","twitter:card":"summary_large_image","twitter:title":"Xiaomi 13T Pro Android Mobile Phone - Rucas - Wholesale and Distribution","twitter:description":"\u2611\ufe0f Screen Size: 6.67 Inches (144 Hz AMOLED) \u2611\ufe0f RAM: 16GB \u2611\ufe0f Storage: 1TB \u2611\ufe0f Battery Size: 5000 mAh Non-Removable \u2611\ufe0f Charging: 120W Fast Charging \u2611\ufe0f Main Camera (Rear): 50 MP (Wide) + 50 MP (Telephoto)+ 12 MP (Ultrawide) \u2611\ufe0f Selfie Camera (Front): 20 MP (Wide) \u2611\ufe0f Chipset: Mediatek Dimensity 9200+ (4 nm)","twitter:image":"https:\/\/www.rucashk.com\/wp-content\/uploads\/replace\/503b8e645f128a97ccde2b6290747646.jpeg","schema":{"@context":"https:\/\/schema.org","@graph":[{"@type":"BreadcrumbList","@id":"https:\/\/www.rucashk.com\/pt\/produto\/xiaomi-13t-pro-android-mobile-phone\/#breadcrumblist","itemListElement":[{"@type":"ListItem","@id":"https:\/\/www.rucashk.com\/pt\/#listItem","position":1,"name":"Home","item":"https:\/\/www.rucashk.com\/pt\/","nextItem":"https:\/\/www.rucashk.com\/pt\/produto\/xiaomi-13t-pro-android-mobile-phone\/#listItem"},{"@type":"ListItem","@id":"https:\/\/www.rucashk.com\/pt\/produto\/xiaomi-13t-pro-android-mobile-phone\/#listItem","position":2,"name":"Xiaomi 13T Pro Android Mobile Phone","previousItem":"https:\/\/www.rucashk.com\/pt\/#listItem"}]},{"@type":"Organization","@id":"https:\/\/www.rucashk.com\/pt\/#organization","name":"Rucas","url":"https:\/\/www.rucashk.com\/pt\/","logo":{"@type":"ImageObject","url":"https:\/\/www.rucashk.com\/wp-content\/uploads\/2023\/12\/Rucas_campany_logo.png","@id":"https:\/\/www.rucashk.com\/pt\/produto\/xiaomi-13t-pro-android-mobile-phone\/#organizationLogo","width":221,"height":65},"image":{"@id":"https:\/\/www.rucashk.com\/pt\/#organizationLogo"}},{"@type":"Person","@id":"https:\/\/www.rucashk.com\/pt\/author\/admin\/#author","url":"https:\/\/www.rucashk.com\/pt\/author\/admin\/","name":"admin","image":{"@type":"ImageObject","@id":"https:\/\/www.rucashk.com\/pt\/produto\/xiaomi-13t-pro-android-mobile-phone\/#authorImage","url":"https:\/\/secure.gravatar.com\/avatar\/b7c8925b09a27e72b30232f8ecaadbd5af0f70a38c78096863fe51b64f031c24?s=96&d=mm&r=g","width":96,"height":96,"caption":"admin"}},{"@type":"WebPage","@id":"https:\/\/www.rucashk.com\/pt\/produto\/xiaomi-13t-pro-android-mobile-phone\/#webpage","url":"https:\/\/www.rucashk.com\/pt\/produto\/xiaomi-13t-pro-android-mobile-phone\/","name":"Xiaomi 13T Pro Android Mobile Phone - Rucas - Wholesale and Distribution","description":"\u2611\ufe0f Screen Size: 6.67 Inches (144 Hz AMOLED) \u2611\ufe0f RAM: 16GB \u2611\ufe0f Storage: 1TB \u2611\ufe0f Battery Size: 5000 mAh Non-Removable \u2611\ufe0f Charging: 120W Fast Charging \u2611\ufe0f Main Camera (Rear): 50 MP (Wide) + 50 MP (Telephoto)+ 12 MP (Ultrawide) \u2611\ufe0f Selfie Camera (Front): 20 MP (Wide) \u2611\ufe0f Chipset: Mediatek Dimensity 9200+ (4 nm)","inLanguage":"pt-PT","isPartOf":{"@id":"https:\/\/www.rucashk.com\/pt\/#website"},"breadcrumb":{"@id":"https:\/\/www.rucashk.com\/pt\/produto\/xiaomi-13t-pro-android-mobile-phone\/#breadcrumblist"},"author":{"@id":"https:\/\/www.rucashk.com\/pt\/author\/admin\/#author"},"creator":{"@id":"https:\/\/www.rucashk.com\/pt\/author\/admin\/#author"},"image":{"@type":"ImageObject","url":"https:\/\/www.rucashk.com\/wp-content\/uploads\/2024\/03\/6413a9f9-0675-4c8f-b4ef-3660e6fc2af5.jpg","@id":"https:\/\/www.rucashk.com\/pt\/produto\/xiaomi-13t-pro-android-mobile-phone\/#mainImage","width":768,"height":768},"primaryImageOfPage":{"@id":"https:\/\/www.rucashk.com\/pt\/produto\/xiaomi-13t-pro-android-mobile-phone\/#mainImage"},"datePublished":"2024-03-19T14:24:58+00:00","dateModified":"2024-04-16T13:29:39+00:00"},{"@type":"WebSite","@id":"https:\/\/www.rucashk.com\/pt\/#website","url":"https:\/\/www.rucashk.com\/pt\/","name":"Rucas - Wholesale and distribution worldwide","alternateName":"Rucas - One-stop AIoT Distribution Worldwide","description":"One-stop AIoT Distribution Worldwide","inLanguage":"pt-PT","publisher":{"@id":"https:\/\/www.rucashk.com\/pt\/#organization"}}]}},"aioseo_meta_data":{"post_id":"37799","title":null,"description":null,"keywords":null,"keyphrases":null,"primary_term":null,"canonical_url":null,"og_title":null,"og_description":null,"og_object_type":"default","og_image_type":"default","og_image_url":null,"og_image_width":null,"og_image_height":null,"og_image_custom_url":null,"og_image_custom_fields":null,"og_video":null,"og_custom_url":null,"og_article_section":null,"og_article_tags":null,"twitter_use_og":false,"twitter_card":"default","twitter_image_type":"default","twitter_image_url":null,"twitter_image_custom_url":null,"twitter_image_custom_fields":null,"twitter_title":null,"twitter_description":null,"schema":{"blockGraphs":[],"customGraphs":[],"default":{"data":{"Article":[],"Course":[],"Dataset":[],"FAQPage":[],"Movie":[],"Person":[],"Product":[],"Recipe":[],"Service":[],"SoftwareApplication":[],"WebPage":[]},"graphName":"","isEnabled":true},"graphs":[]},"schema_type":"default","schema_type_options":null,"pillar_content":false,"robots_default":true,"robots_noindex":false,"robots_noarchive":false,"robots_nosnippet":false,"robots_nofollow":false,"robots_noimageindex":false,"robots_noodp":false,"robots_notranslate":false,"robots_max_snippet":null,"robots_max_videopreview":null,"robots_max_imagepreview":"large","priority":null,"frequency":null,"local_seo":null,"breadcrumb_settings":null,"limit_modified_date":false,"created":"2024-04-11 01:57:23","updated":"2025-06-22 18:47:55"},"aioseo_breadcrumb":"<div class=\"aioseo-breadcrumbs\"><span class=\"aioseo-breadcrumb\">\n\t<a href=\"https:\/\/www.rucashk.com\/pt\" title=\"Home\">Home<\/a>\n<\/span><span class=\"aioseo-breadcrumb-separator\">&raquo;<\/span><span class=\"aioseo-breadcrumb\">\n\t<a href=\"https:\/\/www.rucashk.com\/pt\/products\/\" title=\"Produtos\">Produtos<\/a>\n<\/span><span class=\"aioseo-breadcrumb-separator\">&raquo;<\/span><span class=\"aioseo-breadcrumb\">\n\t<a href=\"https:\/\/www.rucashk.com\/pt\/marca\/xiaomi\/\" title=\"Xiaomi\">Xiaomi<\/a>\n<\/span><span class=\"aioseo-breadcrumb-separator\">&raquo;<\/span><span class=\"aioseo-breadcrumb\">\n\tXiaomi 13T Pro Android Mobile Phone\n<\/span><\/div>","aioseo_breadcrumb_json":[{"label":"Home","link":"https:\/\/www.rucashk.com\/pt"},{"label":"Produtos","link":"https:\/\/www.rucashk.com\/pt\/products\/"},{"label":"Xiaomi","link":"https:\/\/www.rucashk.com\/pt\/marca\/xiaomi\/"},{"label":"Xiaomi 13T Pro Android Mobile Phone","link":"https:\/\/www.rucashk.com\/pt\/produto\/xiaomi-13t-pro-android-mobile-phone\/"}],"_links":{"self":[{"href":"https:\/\/www.rucashk.com\/pt\/wp-json\/wp\/v2\/product\/37799","targetHints":{"allow":["GET"]}}],"collection":[{"href":"https:\/\/www.rucashk.com\/pt\/wp-json\/wp\/v2\/product"}],"about":[{"href":"https:\/\/www.rucashk.com\/pt\/wp-json\/wp\/v2\/types\/product"}],"wp:featuredmedia":[{"embeddable":true,"href":"https:\/\/www.rucashk.com\/pt\/wp-json\/wp\/v2\/media\/37801"}],"wp:attachment":[{"href":"https:\/\/www.rucashk.com\/pt\/wp-json\/wp\/v2\/media?parent=37799"}],"wp:term":[{"taxonomy":"product_brand","embeddable":true,"href":"https:\/\/www.rucashk.com\/pt\/wp-json\/wp\/v2\/product_brand?post=37799"},{"taxonomy":"product_cat","embeddable":true,"href":"https:\/\/www.rucashk.com\/pt\/wp-json\/wp\/v2\/product_cat?post=37799"},{"taxonomy":"product_tag","embeddable":true,"href":"https:\/\/www.rucashk.com\/pt\/wp-json\/wp\/v2\/product_tag?post=37799"}],"curies":[{"name":"wp","href":"https:\/\/api.w.org\/{rel}","templated":true}]}}