{"id":37766,"date":"2024-03-19T13:50:01","date_gmt":"2024-03-19T13:50:01","guid":{"rendered":"http:\/\/rucashk.com\/?post_type=product&#038;p=37766"},"modified":"2024-04-16T13:28:23","modified_gmt":"2024-04-16T13:28:23","slug":"xiaomi-mi-12-pro-android-5g-phone","status":"publish","type":"product","link":"https:\/\/www.rucashk.com\/pt\/produto\/xiaomi-mi-12-pro-android-5g-phone\/","title":{"rendered":"Telefone Xiaomi Mi 12 Pro Android 5G"},"content":{"rendered":"<p><img decoding=\"async\" alt=\"Xiaomi Mi 12 Pro Android 5G Phone\" class=\"aligncenter\" src=\"\/wp-content\/uploads\/replace\/d0af2114dd17508f2b72973456f92d0f.png\" \/><img decoding=\"async\" alt=\"Xiaomi Mi 12 Pro Android 5G Phone\" class=\"aligncenter\" src=\"\/wp-content\/uploads\/replace\/e6c067f7c6066e177fe17f3ba7f3719c.png\" \/><img decoding=\"async\" alt=\"Xiaomi Mi 12 Pro Android 5G Phone\" class=\"aligncenter\" src=\"\/wp-content\/uploads\/replace\/b7129cc31b7c1530a0094b951398dafe.png\" \/><img decoding=\"async\" alt=\"Xiaomi Mi 12 Pro Android 5G Phone\" class=\"aligncenter\" src=\"\/wp-content\/uploads\/replace\/7a74f4ea160e25e232e71108f5cd0f29.png\" \/><img decoding=\"async\" alt=\"Xiaomi Mi 12 Pro Android 5G Phone\" class=\"aligncenter\" src=\"\/wp-content\/uploads\/replace\/3f7a3aabee8690318e92608e8d50f07b.png\" \/><img decoding=\"async\" alt=\"Xiaomi Mi 12 Pro Android 5G Phone\" class=\"aligncenter\" src=\"\/wp-content\/uploads\/replace\/f9a748f87713de1aadad853f6ec0cafb.png\" \/><img decoding=\"async\" alt=\"Xiaomi Mi 12 Pro Android 5G Phone\" class=\"aligncenter\" src=\"\/wp-content\/uploads\/replace\/51a1bf9f78e46fafcc4f6ca4c1d977f9.png\" \/><img decoding=\"async\" alt=\"Xiaomi Mi 12 Pro Android 5G Phone\" class=\"aligncenter\" src=\"\/wp-content\/uploads\/replace\/8d314648b5ea7b4e7eb2f7ab55d90374.png\" \/><img decoding=\"async\" alt=\"Xiaomi Mi 12 Pro Android 5G Phone\" class=\"aligncenter\" src=\"\/wp-content\/uploads\/replace\/abba9b05e80ed0280f51316e905b1a73.png\" \/><\/p>\n<p>O Xiaomi 12 Pro \u00e9 um telefone de 6,73\u2033 com tela de resolu\u00e7\u00e3o de 1440\u00d73200. O chipset Qualcomm SM8450 Snapdragon 8 Gen1 \u00e9 emparelhado com 8\/12 GB de RAM e 128\/256 GB de armazenamento. A c\u00e2mera principal \u00e9 de 50+50+50MP e a c\u00e2mera selfie \u00e9 de 32MP. A bateria tem capacidade de 4600mAh.<\/p>\n<p>&nbsp;<\/p>","protected":false},"excerpt":{"rendered":"<p><strong>Corpo:<\/strong> 163,6\u00d774,6\u00d78,2mm, 204g; parte traseira de vidro, moldura de alum\u00ednio.<br \/>\nTela: LTPO AMOLED de 6,73\u2033, cores 1B, 120 Hz, Dolby Vision, HDR10+, 1000 nits (HBM), 1500 nits (pico), resolu\u00e7\u00e3o de 1440x3200px, propor\u00e7\u00e3o de aspecto 20:9, 521ppi.<br \/>\n<strong>Chipset:<\/strong> Qualcomm SM8450 Snapdragon 8 Gen 1 (4 nm): Octa-core (1\u00d73,00 GHz Cortex-X2 e 3\u00d72,50 GHz Cortex-A710 e 4\u00d71,80 GHz Cortex-A510); Adreno 730.<br \/>\n<strong>Mem\u00f3ria:<\/strong> 128 GB de 8 GB de RAM, 256 GB de 8 GB de RAM, 256 GB de 12 GB de RAM; UFS 3.1.<br \/>\n<strong>SO\/Software: <\/strong>Android 12, MIUI 13.<br \/>\n<strong>C\u00e2mera traseira: <\/strong>Ampla (principal): 50 MP, f\/1.9, 24mm, 1\/1,28\u2033, 1,22\u00b5m, Dual Pixel PDAF, OIS; Ultra grande angular: 50 MP, f\/2.2, 115\u02da; Telefoto: 50 MP, f\/1.9, 48mm, PDAF, zoom \u00f3ptico 2x.<br \/>\n<strong>C\u00e2mera frontal:<\/strong> 32 MP, 26 mm (largura), 0,7 \u00b5m.<br \/>\n<strong>Captura de v\u00eddeo:<\/strong> C\u00e2mera traseira: 8K@24fps, 4K@30\/60fps, 1080p@30\/60\/120\/240\/960fps, giro-EIS; C\u00e2mera frontal: 1080p@30\/60fps, 720p@120fps.<br \/>\n<strong>Bateria:<\/strong> 4600mAh; Carregamento r\u00e1pido de 120 W, 100% em 18 min (anunciado), Carregamento r\u00e1pido sem fio de 50 W, 100% em 42 min (anunciado), Carregamento reverso sem fio de 10 W, Power Delivery 3.0, Quick Charge 4+.<br \/>\n<strong>Diversos:<\/strong> Leitor de impress\u00f5es digitais (sob display, \u00f3ptico); NFC; Porta infravermelha, detec\u00e7\u00e3o de proximidade virtual.<\/p>","protected":false},"featured_media":37777,"template":"","meta":[],"product_brand":[1363],"product_cat":[1295,1296],"product_tag":[1175,477,420],"class_list":{"0":"post-37766","1":"product","2":"type-product","3":"status-publish","4":"has-post-thumbnail","6":"product_brand-xiaomi","7":"product_cat-mobile-phone","8":"product_cat-xiaomi-mobile-phone","9":"product_tag-mi","10":"product_tag-phone","11":"product_tag-xiaomi","13":"first","14":"instock","15":"shipping-taxable","16":"product-type-simple"},"aioseo_notices":[],"aioseo_head":"\n\t\t<!-- All in One SEO Pro 4.5.9.2 - aioseo.com -->\n\t\t<meta name=\"description\" content=\"Body: 163.6x74.6x8.2mm, 204g; glass back, aluminum frame. Display: 6.73&quot; LTPO AMOLED, 1B colors, 120Hz, Dolby Vision, HDR10+, 1000 nits (HBM), 1500 nits (peak), 1440x3200px resolution, 20:9 aspect ratio, 521ppi. Chipset: Qualcomm SM8450 Snapdragon 8 Gen 1 (4 nm): Octa-core (1x3.00 GHz Cortex-X2 &amp; 3x2.50 GHz Cortex-A710 &amp; 4x1.80 GHz Cortex-A510); Adreno 730. Memory: 128GB 8GB RAM, 256GB 8GB RAM, 256GB 12GB RAM; UFS 3.1. OS\/Software: Android 12, MIUI 13. Rear camera: Wide (main): 50 MP, f\/1.9, 24mm, 1\/1.28&quot;, 1.22\u00b5m, Dual Pixel PDAF, OIS; Ultra wide angle: 50 MP, f\/2.2, 115\u02da; Telephoto: 50 MP, f\/1.9, 48mm, PDAF, 2x optical zoom. Front camera: 32 MP, 26mm (wide), 0.7\u00b5m. Video capture: Rear camera: 8K@24fps, 4K@30\/60fps, 1080p@30\/60\/120\/240\/960fps, gyro-EIS; Front camera: 1080p@30\/60fps, 720p@120fps. Battery: 4600mAh; Fast charging 120W, 100% in 18 min (advertised), Fast wireless charging 50W, 100% in 42 min (advertised), Reverse wireless charging 10W, Power Delivery 3.0, Quick Charge 4+. Misc: Fingerprint reader (under display, optical); NFC; Infrared port, Virtual proximity sensing.\" \/>\n\t\t<meta name=\"robots\" content=\"max-image-preview:large\" \/>\n\t\t<link rel=\"canonical\" href=\"https:\/\/www.rucashk.com\/pt\/produto\/xiaomi-mi-12-pro-android-5g-phone\/\" \/>\n\t\t<meta name=\"generator\" content=\"All in One SEO Pro (AIOSEO) 4.5.9.2\" \/>\n\t\t<meta property=\"og:locale\" content=\"pt_PT\" \/>\n\t\t<meta property=\"og:site_name\" content=\"Rucas - One-stop AIoT Distribution Worldwide\" \/>\n\t\t<meta property=\"og:type\" content=\"article\" \/>\n\t\t<meta property=\"og:title\" content=\"Xiaomi Mi 12 Pro Android 5G Phone - Rucas - Wholesale and Distribution\" \/>\n\t\t<meta property=\"og:description\" content=\"Body: 163.6x74.6x8.2mm, 204g; glass back, aluminum frame. Display: 6.73&quot; LTPO AMOLED, 1B colors, 120Hz, Dolby Vision, HDR10+, 1000 nits (HBM), 1500 nits (peak), 1440x3200px resolution, 20:9 aspect ratio, 521ppi. Chipset: Qualcomm SM8450 Snapdragon 8 Gen 1 (4 nm): Octa-core (1x3.00 GHz Cortex-X2 &amp; 3x2.50 GHz Cortex-A710 &amp; 4x1.80 GHz Cortex-A510); Adreno 730. Memory: 128GB 8GB RAM, 256GB 8GB RAM, 256GB 12GB RAM; UFS 3.1. OS\/Software: Android 12, MIUI 13. Rear camera: Wide (main): 50 MP, f\/1.9, 24mm, 1\/1.28&quot;, 1.22\u00b5m, Dual Pixel PDAF, OIS; Ultra wide angle: 50 MP, f\/2.2, 115\u02da; Telephoto: 50 MP, f\/1.9, 48mm, PDAF, 2x optical zoom. Front camera: 32 MP, 26mm (wide), 0.7\u00b5m. Video capture: Rear camera: 8K@24fps, 4K@30\/60fps, 1080p@30\/60\/120\/240\/960fps, gyro-EIS; Front camera: 1080p@30\/60fps, 720p@120fps. Battery: 4600mAh; Fast charging 120W, 100% in 18 min (advertised), Fast wireless charging 50W, 100% in 42 min (advertised), Reverse wireless charging 10W, Power Delivery 3.0, Quick Charge 4+. Misc: Fingerprint reader (under display, optical); NFC; Infrared port, Virtual proximity sensing.\" \/>\n\t\t<meta property=\"og:url\" content=\"https:\/\/www.rucashk.com\/pt\/produto\/xiaomi-mi-12-pro-android-5g-phone\/\" \/>\n\t\t<meta property=\"og:image\" content=\"https:\/\/www.rucashk.com\/wp-content\/uploads\/replace\/503b8e645f128a97ccde2b6290747646.jpeg\" \/>\n\t\t<meta property=\"og:image:secure_url\" content=\"https:\/\/www.rucashk.com\/wp-content\/uploads\/replace\/503b8e645f128a97ccde2b6290747646.jpeg\" \/>\n\t\t<meta property=\"og:image:width\" content=\"1456\" \/>\n\t\t<meta property=\"og:image:height\" content=\"816\" \/>\n\t\t<meta property=\"article:published_time\" content=\"2024-03-19T13:50:01+00:00\" \/>\n\t\t<meta property=\"article:modified_time\" content=\"2024-04-16T13:28:23+00:00\" \/>\n\t\t<meta name=\"twitter:card\" content=\"summary_large_image\" \/>\n\t\t<meta name=\"twitter:title\" content=\"Xiaomi Mi 12 Pro Android 5G Phone - Rucas - Wholesale and Distribution\" \/>\n\t\t<meta name=\"twitter:description\" content=\"Body: 163.6x74.6x8.2mm, 204g; glass back, aluminum frame. Display: 6.73&quot; LTPO AMOLED, 1B colors, 120Hz, Dolby Vision, HDR10+, 1000 nits (HBM), 1500 nits (peak), 1440x3200px resolution, 20:9 aspect ratio, 521ppi. Chipset: Qualcomm SM8450 Snapdragon 8 Gen 1 (4 nm): Octa-core (1x3.00 GHz Cortex-X2 &amp; 3x2.50 GHz Cortex-A710 &amp; 4x1.80 GHz Cortex-A510); Adreno 730. Memory: 128GB 8GB RAM, 256GB 8GB RAM, 256GB 12GB RAM; UFS 3.1. OS\/Software: Android 12, MIUI 13. Rear camera: Wide (main): 50 MP, f\/1.9, 24mm, 1\/1.28&quot;, 1.22\u00b5m, Dual Pixel PDAF, OIS; Ultra wide angle: 50 MP, f\/2.2, 115\u02da; Telephoto: 50 MP, f\/1.9, 48mm, PDAF, 2x optical zoom. Front camera: 32 MP, 26mm (wide), 0.7\u00b5m. Video capture: Rear camera: 8K@24fps, 4K@30\/60fps, 1080p@30\/60\/120\/240\/960fps, gyro-EIS; Front camera: 1080p@30\/60fps, 720p@120fps. Battery: 4600mAh; Fast charging 120W, 100% in 18 min (advertised), Fast wireless charging 50W, 100% in 42 min (advertised), Reverse wireless charging 10W, Power Delivery 3.0, Quick Charge 4+. Misc: Fingerprint reader (under display, optical); NFC; Infrared port, Virtual proximity sensing.\" \/>\n\t\t<meta name=\"twitter:image\" content=\"https:\/\/www.rucashk.com\/wp-content\/uploads\/replace\/503b8e645f128a97ccde2b6290747646.jpeg\" \/>\n\t\t<script type=\"application\/ld+json\" class=\"aioseo-schema\">\n\t\t\t{\"@context\":\"https:\\\/\\\/schema.org\",\"@graph\":[{\"@type\":\"BreadcrumbList\",\"@id\":\"https:\\\/\\\/www.rucashk.com\\\/pt\\\/produto\\\/xiaomi-mi-12-pro-android-5g-phone\\\/#breadcrumblist\",\"itemListElement\":[{\"@type\":\"ListItem\",\"@id\":\"https:\\\/\\\/www.rucashk.com\\\/pt\\\/#listItem\",\"position\":1,\"name\":\"Home\",\"item\":\"https:\\\/\\\/www.rucashk.com\\\/pt\\\/\",\"nextItem\":\"https:\\\/\\\/www.rucashk.com\\\/pt\\\/produto\\\/xiaomi-mi-12-pro-android-5g-phone\\\/#listItem\"},{\"@type\":\"ListItem\",\"@id\":\"https:\\\/\\\/www.rucashk.com\\\/pt\\\/produto\\\/xiaomi-mi-12-pro-android-5g-phone\\\/#listItem\",\"position\":2,\"name\":\"Xiaomi Mi 12 Pro Android 5G Phone\",\"previousItem\":\"https:\\\/\\\/www.rucashk.com\\\/pt\\\/#listItem\"}]},{\"@type\":\"Organization\",\"@id\":\"https:\\\/\\\/www.rucashk.com\\\/pt\\\/#organization\",\"name\":\"Rucas\",\"url\":\"https:\\\/\\\/www.rucashk.com\\\/pt\\\/\",\"logo\":{\"@type\":\"ImageObject\",\"url\":\"https:\\\/\\\/www.rucashk.com\\\/wp-content\\\/uploads\\\/2023\\\/12\\\/Rucas_campany_logo.png\",\"@id\":\"https:\\\/\\\/www.rucashk.com\\\/pt\\\/produto\\\/xiaomi-mi-12-pro-android-5g-phone\\\/#organizationLogo\",\"width\":221,\"height\":65},\"image\":{\"@id\":\"https:\\\/\\\/www.rucashk.com\\\/pt\\\/#organizationLogo\"}},{\"@type\":\"Person\",\"@id\":\"https:\\\/\\\/www.rucashk.com\\\/pt\\\/author\\\/admin\\\/#author\",\"url\":\"https:\\\/\\\/www.rucashk.com\\\/pt\\\/author\\\/admin\\\/\",\"name\":\"admin\",\"image\":{\"@type\":\"ImageObject\",\"@id\":\"https:\\\/\\\/www.rucashk.com\\\/pt\\\/produto\\\/xiaomi-mi-12-pro-android-5g-phone\\\/#authorImage\",\"url\":\"https:\\\/\\\/secure.gravatar.com\\\/avatar\\\/b7c8925b09a27e72b30232f8ecaadbd5af0f70a38c78096863fe51b64f031c24?s=96&d=mm&r=g\",\"width\":96,\"height\":96,\"caption\":\"admin\"}},{\"@type\":\"WebPage\",\"@id\":\"https:\\\/\\\/www.rucashk.com\\\/pt\\\/produto\\\/xiaomi-mi-12-pro-android-5g-phone\\\/#webpage\",\"url\":\"https:\\\/\\\/www.rucashk.com\\\/pt\\\/produto\\\/xiaomi-mi-12-pro-android-5g-phone\\\/\",\"name\":\"Xiaomi Mi 12 Pro Android 5G Phone - Rucas - Wholesale and Distribution\",\"description\":\"Body: 163.6x74.6x8.2mm, 204g; glass back, aluminum frame. Display: 6.73\\\" LTPO AMOLED, 1B colors, 120Hz, Dolby Vision, HDR10+, 1000 nits (HBM), 1500 nits (peak), 1440x3200px resolution, 20:9 aspect ratio, 521ppi. Chipset: Qualcomm SM8450 Snapdragon 8 Gen 1 (4 nm): Octa-core (1x3.00 GHz Cortex-X2 & 3x2.50 GHz Cortex-A710 & 4x1.80 GHz Cortex-A510); Adreno 730. Memory: 128GB 8GB RAM, 256GB 8GB RAM, 256GB 12GB RAM; UFS 3.1. OS\\\/Software: Android 12, MIUI 13. Rear camera: Wide (main): 50 MP, f\\\/1.9, 24mm, 1\\\/1.28\\\", 1.22\\u00b5m, Dual Pixel PDAF, OIS; Ultra wide angle: 50 MP, f\\\/2.2, 115\\u02da; Telephoto: 50 MP, f\\\/1.9, 48mm, PDAF, 2x optical zoom. Front camera: 32 MP, 26mm (wide), 0.7\\u00b5m. Video capture: Rear camera: 8K@24fps, 4K@30\\\/60fps, 1080p@30\\\/60\\\/120\\\/240\\\/960fps, gyro-EIS; Front camera: 1080p@30\\\/60fps, 720p@120fps. Battery: 4600mAh; Fast charging 120W, 100% in 18 min (advertised), Fast wireless charging 50W, 100% in 42 min (advertised), Reverse wireless charging 10W, Power Delivery 3.0, Quick Charge 4+. Misc: Fingerprint reader (under display, optical); NFC; Infrared port, Virtual proximity sensing.\",\"inLanguage\":\"pt-PT\",\"isPartOf\":{\"@id\":\"https:\\\/\\\/www.rucashk.com\\\/pt\\\/#website\"},\"breadcrumb\":{\"@id\":\"https:\\\/\\\/www.rucashk.com\\\/pt\\\/produto\\\/xiaomi-mi-12-pro-android-5g-phone\\\/#breadcrumblist\"},\"author\":{\"@id\":\"https:\\\/\\\/www.rucashk.com\\\/pt\\\/author\\\/admin\\\/#author\"},\"creator\":{\"@id\":\"https:\\\/\\\/www.rucashk.com\\\/pt\\\/author\\\/admin\\\/#author\"},\"image\":{\"@type\":\"ImageObject\",\"url\":\"https:\\\/\\\/www.rucashk.com\\\/wp-content\\\/uploads\\\/2024\\\/03\\\/748ee4dd-56e0-49ce-bd73-fc3a5d359fd5.webp\",\"@id\":\"https:\\\/\\\/www.rucashk.com\\\/pt\\\/produto\\\/xiaomi-mi-12-pro-android-5g-phone\\\/#mainImage\",\"width\":680,\"height\":771},\"primaryImageOfPage\":{\"@id\":\"https:\\\/\\\/www.rucashk.com\\\/pt\\\/produto\\\/xiaomi-mi-12-pro-android-5g-phone\\\/#mainImage\"},\"datePublished\":\"2024-03-19T13:50:01+00:00\",\"dateModified\":\"2024-04-16T13:28:23+00:00\"},{\"@type\":\"WebSite\",\"@id\":\"https:\\\/\\\/www.rucashk.com\\\/pt\\\/#website\",\"url\":\"https:\\\/\\\/www.rucashk.com\\\/pt\\\/\",\"name\":\"Rucas - Wholesale and distribution worldwide\",\"alternateName\":\"Rucas - One-stop AIoT Distribution Worldwide\",\"description\":\"One-stop AIoT Distribution Worldwide\",\"inLanguage\":\"pt-PT\",\"publisher\":{\"@id\":\"https:\\\/\\\/www.rucashk.com\\\/pt\\\/#organization\"}}]}\n\t\t<\/script>\n\t\t<!-- All in One SEO Pro -->\r\n\t\t<title>Xiaomi Mi 12 Pro Android 5G Phone - Rucas - Wholesale and Distribution<\/title>\n\n","aioseo_head_json":{"title":"Xiaomi Mi 12 Pro Android 5G Phone - Rucas - Wholesale and Distribution","description":"Body: 163.6x74.6x8.2mm, 204g; glass back, aluminum frame. Display: 6.73\" LTPO AMOLED, 1B colors, 120Hz, Dolby Vision, HDR10+, 1000 nits (HBM), 1500 nits (peak), 1440x3200px resolution, 20:9 aspect ratio, 521ppi. Chipset: Qualcomm SM8450 Snapdragon 8 Gen 1 (4 nm): Octa-core (1x3.00 GHz Cortex-X2 & 3x2.50 GHz Cortex-A710 & 4x1.80 GHz Cortex-A510); Adreno 730. Memory: 128GB 8GB RAM, 256GB 8GB RAM, 256GB 12GB RAM; UFS 3.1. OS\/Software: Android 12, MIUI 13. Rear camera: Wide (main): 50 MP, f\/1.9, 24mm, 1\/1.28\", 1.22\u00b5m, Dual Pixel PDAF, OIS; Ultra wide angle: 50 MP, f\/2.2, 115\u02da; Telephoto: 50 MP, f\/1.9, 48mm, PDAF, 2x optical zoom. Front camera: 32 MP, 26mm (wide), 0.7\u00b5m. Video capture: Rear camera: 8K@24fps, 4K@30\/60fps, 1080p@30\/60\/120\/240\/960fps, gyro-EIS; Front camera: 1080p@30\/60fps, 720p@120fps. Battery: 4600mAh; Fast charging 120W, 100% in 18 min (advertised), Fast wireless charging 50W, 100% in 42 min (advertised), Reverse wireless charging 10W, Power Delivery 3.0, Quick Charge 4+. Misc: Fingerprint reader (under display, optical); NFC; Infrared port, Virtual proximity sensing.","canonical_url":"https:\/\/www.rucashk.com\/pt\/produto\/xiaomi-mi-12-pro-android-5g-phone\/","robots":"max-image-preview:large","keywords":"","webmasterTools":{"miscellaneous":""},"og:locale":"pt_PT","og:site_name":"Rucas - One-stop AIoT Distribution Worldwide","og:type":"article","og:title":"Xiaomi Mi 12 Pro Android 5G Phone - Rucas - Wholesale and Distribution","og:description":"Body: 163.6x74.6x8.2mm, 204g; glass back, aluminum frame. Display: 6.73&quot; LTPO AMOLED, 1B colors, 120Hz, Dolby Vision, HDR10+, 1000 nits (HBM), 1500 nits (peak), 1440x3200px resolution, 20:9 aspect ratio, 521ppi. Chipset: Qualcomm SM8450 Snapdragon 8 Gen 1 (4 nm): Octa-core (1x3.00 GHz Cortex-X2 &amp; 3x2.50 GHz Cortex-A710 &amp; 4x1.80 GHz Cortex-A510); Adreno 730. Memory: 128GB 8GB RAM, 256GB 8GB RAM, 256GB 12GB RAM; UFS 3.1. OS\/Software: Android 12, MIUI 13. Rear camera: Wide (main): 50 MP, f\/1.9, 24mm, 1\/1.28&quot;, 1.22\u00b5m, Dual Pixel PDAF, OIS; Ultra wide angle: 50 MP, f\/2.2, 115\u02da; Telephoto: 50 MP, f\/1.9, 48mm, PDAF, 2x optical zoom. Front camera: 32 MP, 26mm (wide), 0.7\u00b5m. Video capture: Rear camera: 8K@24fps, 4K@30\/60fps, 1080p@30\/60\/120\/240\/960fps, gyro-EIS; Front camera: 1080p@30\/60fps, 720p@120fps. Battery: 4600mAh; Fast charging 120W, 100% in 18 min (advertised), Fast wireless charging 50W, 100% in 42 min (advertised), Reverse wireless charging 10W, Power Delivery 3.0, Quick Charge 4+. Misc: Fingerprint reader (under display, optical); NFC; Infrared port, Virtual proximity sensing.","og:url":"https:\/\/www.rucashk.com\/pt\/produto\/xiaomi-mi-12-pro-android-5g-phone\/","og:image":"https:\/\/www.rucashk.com\/wp-content\/uploads\/replace\/503b8e645f128a97ccde2b6290747646.jpeg","og:image:secure_url":"https:\/\/www.rucashk.com\/wp-content\/uploads\/replace\/503b8e645f128a97ccde2b6290747646.jpeg","og:image:width":1456,"og:image:height":816,"article:published_time":"2024-03-19T13:50:01+00:00","article:modified_time":"2024-04-16T13:28:23+00:00","twitter:card":"summary_large_image","twitter:title":"Xiaomi Mi 12 Pro Android 5G Phone - Rucas - Wholesale and Distribution","twitter:description":"Body: 163.6x74.6x8.2mm, 204g; glass back, aluminum frame. Display: 6.73&quot; LTPO AMOLED, 1B colors, 120Hz, Dolby Vision, HDR10+, 1000 nits (HBM), 1500 nits (peak), 1440x3200px resolution, 20:9 aspect ratio, 521ppi. Chipset: Qualcomm SM8450 Snapdragon 8 Gen 1 (4 nm): Octa-core (1x3.00 GHz Cortex-X2 &amp; 3x2.50 GHz Cortex-A710 &amp; 4x1.80 GHz Cortex-A510); Adreno 730. Memory: 128GB 8GB RAM, 256GB 8GB RAM, 256GB 12GB RAM; UFS 3.1. OS\/Software: Android 12, MIUI 13. Rear camera: Wide (main): 50 MP, f\/1.9, 24mm, 1\/1.28&quot;, 1.22\u00b5m, Dual Pixel PDAF, OIS; Ultra wide angle: 50 MP, f\/2.2, 115\u02da; Telephoto: 50 MP, f\/1.9, 48mm, PDAF, 2x optical zoom. Front camera: 32 MP, 26mm (wide), 0.7\u00b5m. Video capture: Rear camera: 8K@24fps, 4K@30\/60fps, 1080p@30\/60\/120\/240\/960fps, gyro-EIS; Front camera: 1080p@30\/60fps, 720p@120fps. Battery: 4600mAh; Fast charging 120W, 100% in 18 min (advertised), Fast wireless charging 50W, 100% in 42 min (advertised), Reverse wireless charging 10W, Power Delivery 3.0, Quick Charge 4+. Misc: Fingerprint reader (under display, optical); NFC; Infrared port, Virtual proximity sensing.","twitter:image":"https:\/\/www.rucashk.com\/wp-content\/uploads\/replace\/503b8e645f128a97ccde2b6290747646.jpeg","schema":{"@context":"https:\/\/schema.org","@graph":[{"@type":"BreadcrumbList","@id":"https:\/\/www.rucashk.com\/pt\/produto\/xiaomi-mi-12-pro-android-5g-phone\/#breadcrumblist","itemListElement":[{"@type":"ListItem","@id":"https:\/\/www.rucashk.com\/pt\/#listItem","position":1,"name":"Home","item":"https:\/\/www.rucashk.com\/pt\/","nextItem":"https:\/\/www.rucashk.com\/pt\/produto\/xiaomi-mi-12-pro-android-5g-phone\/#listItem"},{"@type":"ListItem","@id":"https:\/\/www.rucashk.com\/pt\/produto\/xiaomi-mi-12-pro-android-5g-phone\/#listItem","position":2,"name":"Xiaomi Mi 12 Pro Android 5G Phone","previousItem":"https:\/\/www.rucashk.com\/pt\/#listItem"}]},{"@type":"Organization","@id":"https:\/\/www.rucashk.com\/pt\/#organization","name":"Rucas","url":"https:\/\/www.rucashk.com\/pt\/","logo":{"@type":"ImageObject","url":"https:\/\/www.rucashk.com\/wp-content\/uploads\/2023\/12\/Rucas_campany_logo.png","@id":"https:\/\/www.rucashk.com\/pt\/produto\/xiaomi-mi-12-pro-android-5g-phone\/#organizationLogo","width":221,"height":65},"image":{"@id":"https:\/\/www.rucashk.com\/pt\/#organizationLogo"}},{"@type":"Person","@id":"https:\/\/www.rucashk.com\/pt\/author\/admin\/#author","url":"https:\/\/www.rucashk.com\/pt\/author\/admin\/","name":"admin","image":{"@type":"ImageObject","@id":"https:\/\/www.rucashk.com\/pt\/produto\/xiaomi-mi-12-pro-android-5g-phone\/#authorImage","url":"https:\/\/secure.gravatar.com\/avatar\/b7c8925b09a27e72b30232f8ecaadbd5af0f70a38c78096863fe51b64f031c24?s=96&d=mm&r=g","width":96,"height":96,"caption":"admin"}},{"@type":"WebPage","@id":"https:\/\/www.rucashk.com\/pt\/produto\/xiaomi-mi-12-pro-android-5g-phone\/#webpage","url":"https:\/\/www.rucashk.com\/pt\/produto\/xiaomi-mi-12-pro-android-5g-phone\/","name":"Xiaomi Mi 12 Pro Android 5G Phone - Rucas - Wholesale and Distribution","description":"Body: 163.6x74.6x8.2mm, 204g; glass back, aluminum frame. Display: 6.73\" LTPO AMOLED, 1B colors, 120Hz, Dolby Vision, HDR10+, 1000 nits (HBM), 1500 nits (peak), 1440x3200px resolution, 20:9 aspect ratio, 521ppi. Chipset: Qualcomm SM8450 Snapdragon 8 Gen 1 (4 nm): Octa-core (1x3.00 GHz Cortex-X2 & 3x2.50 GHz Cortex-A710 & 4x1.80 GHz Cortex-A510); Adreno 730. Memory: 128GB 8GB RAM, 256GB 8GB RAM, 256GB 12GB RAM; UFS 3.1. OS\/Software: Android 12, MIUI 13. Rear camera: Wide (main): 50 MP, f\/1.9, 24mm, 1\/1.28\", 1.22\u00b5m, Dual Pixel PDAF, OIS; Ultra wide angle: 50 MP, f\/2.2, 115\u02da; Telephoto: 50 MP, f\/1.9, 48mm, PDAF, 2x optical zoom. Front camera: 32 MP, 26mm (wide), 0.7\u00b5m. Video capture: Rear camera: 8K@24fps, 4K@30\/60fps, 1080p@30\/60\/120\/240\/960fps, gyro-EIS; Front camera: 1080p@30\/60fps, 720p@120fps. Battery: 4600mAh; Fast charging 120W, 100% in 18 min (advertised), Fast wireless charging 50W, 100% in 42 min (advertised), Reverse wireless charging 10W, Power Delivery 3.0, Quick Charge 4+. Misc: Fingerprint reader (under display, optical); NFC; Infrared port, Virtual proximity sensing.","inLanguage":"pt-PT","isPartOf":{"@id":"https:\/\/www.rucashk.com\/pt\/#website"},"breadcrumb":{"@id":"https:\/\/www.rucashk.com\/pt\/produto\/xiaomi-mi-12-pro-android-5g-phone\/#breadcrumblist"},"author":{"@id":"https:\/\/www.rucashk.com\/pt\/author\/admin\/#author"},"creator":{"@id":"https:\/\/www.rucashk.com\/pt\/author\/admin\/#author"},"image":{"@type":"ImageObject","url":"https:\/\/www.rucashk.com\/wp-content\/uploads\/2024\/03\/748ee4dd-56e0-49ce-bd73-fc3a5d359fd5.webp","@id":"https:\/\/www.rucashk.com\/pt\/produto\/xiaomi-mi-12-pro-android-5g-phone\/#mainImage","width":680,"height":771},"primaryImageOfPage":{"@id":"https:\/\/www.rucashk.com\/pt\/produto\/xiaomi-mi-12-pro-android-5g-phone\/#mainImage"},"datePublished":"2024-03-19T13:50:01+00:00","dateModified":"2024-04-16T13:28:23+00:00"},{"@type":"WebSite","@id":"https:\/\/www.rucashk.com\/pt\/#website","url":"https:\/\/www.rucashk.com\/pt\/","name":"Rucas - Wholesale and distribution worldwide","alternateName":"Rucas - One-stop AIoT Distribution Worldwide","description":"One-stop AIoT Distribution Worldwide","inLanguage":"pt-PT","publisher":{"@id":"https:\/\/www.rucashk.com\/pt\/#organization"}}]}},"aioseo_meta_data":{"post_id":"37766","title":null,"description":null,"keywords":null,"keyphrases":null,"primary_term":null,"canonical_url":null,"og_title":null,"og_description":null,"og_object_type":"default","og_image_type":"default","og_image_url":null,"og_image_width":null,"og_image_height":null,"og_image_custom_url":null,"og_image_custom_fields":null,"og_video":null,"og_custom_url":null,"og_article_section":null,"og_article_tags":null,"twitter_use_og":false,"twitter_card":"default","twitter_image_type":"default","twitter_image_url":null,"twitter_image_custom_url":null,"twitter_image_custom_fields":null,"twitter_title":null,"twitter_description":null,"schema":{"blockGraphs":[],"customGraphs":[],"default":{"data":{"Article":[],"Course":[],"Dataset":[],"FAQPage":[],"Movie":[],"Person":[],"Product":[],"Recipe":[],"Service":[],"SoftwareApplication":[],"WebPage":[]},"graphName":"","isEnabled":true},"graphs":[]},"schema_type":"default","schema_type_options":null,"pillar_content":false,"robots_default":true,"robots_noindex":false,"robots_noarchive":false,"robots_nosnippet":false,"robots_nofollow":false,"robots_noimageindex":false,"robots_noodp":false,"robots_notranslate":false,"robots_max_snippet":null,"robots_max_videopreview":null,"robots_max_imagepreview":"large","priority":null,"frequency":null,"local_seo":null,"breadcrumb_settings":null,"limit_modified_date":false,"created":"2024-04-11 01:57:23","updated":"2025-06-22 18:46:55"},"aioseo_breadcrumb":"<div class=\"aioseo-breadcrumbs\"><span class=\"aioseo-breadcrumb\">\n\t<a href=\"https:\/\/www.rucashk.com\/pt\" title=\"Home\">Home<\/a>\n<\/span><span class=\"aioseo-breadcrumb-separator\">&raquo;<\/span><span class=\"aioseo-breadcrumb\">\n\t<a href=\"https:\/\/www.rucashk.com\/pt\/products\/\" title=\"Produtos\">Produtos<\/a>\n<\/span><span class=\"aioseo-breadcrumb-separator\">&raquo;<\/span><span class=\"aioseo-breadcrumb\">\n\t<a href=\"https:\/\/www.rucashk.com\/pt\/marca\/xiaomi\/\" title=\"Xiaomi\">Xiaomi<\/a>\n<\/span><span class=\"aioseo-breadcrumb-separator\">&raquo;<\/span><span class=\"aioseo-breadcrumb\">\n\tXiaomi Mi 12 Pro Android 5G Phone\n<\/span><\/div>","aioseo_breadcrumb_json":[{"label":"Home","link":"https:\/\/www.rucashk.com\/pt"},{"label":"Produtos","link":"https:\/\/www.rucashk.com\/pt\/products\/"},{"label":"Xiaomi","link":"https:\/\/www.rucashk.com\/pt\/marca\/xiaomi\/"},{"label":"Xiaomi Mi 12 Pro Android 5G Phone","link":"https:\/\/www.rucashk.com\/pt\/produto\/xiaomi-mi-12-pro-android-5g-phone\/"}],"_links":{"self":[{"href":"https:\/\/www.rucashk.com\/pt\/wp-json\/wp\/v2\/product\/37766","targetHints":{"allow":["GET"]}}],"collection":[{"href":"https:\/\/www.rucashk.com\/pt\/wp-json\/wp\/v2\/product"}],"about":[{"href":"https:\/\/www.rucashk.com\/pt\/wp-json\/wp\/v2\/types\/product"}],"wp:featuredmedia":[{"embeddable":true,"href":"https:\/\/www.rucashk.com\/pt\/wp-json\/wp\/v2\/media\/37777"}],"wp:attachment":[{"href":"https:\/\/www.rucashk.com\/pt\/wp-json\/wp\/v2\/media?parent=37766"}],"wp:term":[{"taxonomy":"product_brand","embeddable":true,"href":"https:\/\/www.rucashk.com\/pt\/wp-json\/wp\/v2\/product_brand?post=37766"},{"taxonomy":"product_cat","embeddable":true,"href":"https:\/\/www.rucashk.com\/pt\/wp-json\/wp\/v2\/product_cat?post=37766"},{"taxonomy":"product_tag","embeddable":true,"href":"https:\/\/www.rucashk.com\/pt\/wp-json\/wp\/v2\/product_tag?post=37766"}],"curies":[{"name":"wp","href":"https:\/\/api.w.org\/{rel}","templated":true}]}}