{"id":37727,"date":"2024-03-19T03:18:45","date_gmt":"2024-03-19T03:18:45","guid":{"rendered":"http:\/\/rucashk.com\/?post_type=product&#038;p=37727"},"modified":"2025-06-21T05:20:04","modified_gmt":"2025-06-21T05:20:04","slug":"sony-playstation5-console-slim","status":"publish","type":"product","link":"https:\/\/www.rucashk.com\/pt\/produto\/sony-playstation5-console-slim\/","title":{"rendered":"Console Sony PlayStation5 (fino)"},"content":{"rendered":"<div class=\"pdp-2col-wrapper\" data-creative-name=\"PlayStation 5 Slim Console Features\" data-component-name=\"PlayStation 5 Slim Console Features\">\n<div class=\"pdp-2col-grid\">\n<div class=\"w-100 h-100\"><img decoding=\"async\" class=\"aligncenter\" src=\"\/wp-content\/uploads\/replace\/34aa74efada2e9a1cc0cdc22cec30bcd.png\" alt=\"PlayStation 5 Slim Console Features\" \/><\/div>\n<\/div>\n<div class=\"pdp-2col-item-spacer\" style=\"text-align: center;\"><span style=\"font-family: var(--mt-font__main); font-size: 1rem;\">Recursos do console PlayStation 5 Slim<\/span><\/div>\n<div class=\"pdp-2col-item-3 card-sub-title\" style=\"text-align: center;\">\n<div class=\"description truncate-text\">\n<p>Liberte o poder de uma CPU, GPU e SSD personalizados com E\/S integrada para um desempenho incompar\u00e1vel. Mergulhe em gr\u00e1ficos impressionantes e experimente os novos recursos do PS5\u2122. Jogue um cat\u00e1logo antigo de jogos PS4\u2122 compat\u00edveis. Descubra uma experi\u00eancia de jogo mais profunda com suporte para feedback t\u00e1til, gatilhos adaptativos e tecnologia de \u00e1udio 3D.<\/p>\n<\/div>\n<\/div>\n<\/div>\n<div class=\"pdp-2col-wrapper\" style=\"text-align: center;\" data-creative-name=\"Slim Design\" data-component-name=\"Slim Design\">\n<div class=\"pdp-2col-grid\">\n<div class=\"w-100 h-100\"><img decoding=\"async\" src=\"\/wp-content\/uploads\/replace\/278cae52875f311cd833dd3bbf92f9e3.png\" alt=\"Slim Design\" \/><\/div>\n<\/div>\n<div class=\"pdp-2col-item-spacer\"><\/div>\n<div class=\"pdp-2col-item-3 card-sub-title\">\n<p class=\"card-title\"><span style=\"font-family: var(--mt-font__main); font-size: 1rem;\">O PS5 Slim \u00e9 a combina\u00e7\u00e3o perfeita de pot\u00eancia e estilo, com um design elegante e compacto que oferece uma experi\u00eancia de jogo envolvente.<\/span><\/p>\n<\/div>\n<\/div>\n<div class=\"pdp-2col-wrapper\" style=\"text-align: center;\" data-creative-name=\"Play PS4 games on PS5 with backwards compatibility\" data-component-name=\"Play PS4 games on PS5 with backwards compatibility\">\n<div class=\"pdp-2col-grid\">\n<div class=\"w-100 h-100\"><img decoding=\"async\" src=\"\/wp-content\/uploads\/replace\/a5e0e292113e7324a8c21fe55e8875f3.png\" alt=\"Play PS4 games on PS5 with backwards compatibility\" \/><\/div>\n<\/div>\n<div class=\"pdp-2col-item-3 card-sub-title\">\n<p class=\"card-title\">Jogue jogos PS4 no PS5 com compatibilidade retroativa.<\/p>\n<p class=\"card-title\"><span style=\"font-family: var(--mt-font__main); font-size: 1rem;\">Explore uma extensa biblioteca de mais de 4.000 jogos, com t\u00edtulos favoritos dos f\u00e3s otimizados para PS4 e PS5, e aproveite os recursos aprimorados do console PS5.<\/span><\/p>\n<\/div>\n<\/div>\n<div class=\"pdp-2col-wrapper\" style=\"text-align: center;\" data-creative-name=\"PlayStation Plus\" data-component-name=\"PlayStation Plus\">\n<div class=\"pdp-2col-grid\">\n<div class=\"w-100 h-100\"><img decoding=\"async\" src=\"\/wp-content\/uploads\/replace\/0827faec6f1771aee3d4d82dc569cad1.png\" alt=\"PlayStation Plus\" \/><span style=\"font-family: var(--mt-font__main); font-size: 1rem;\">Descubra uma vasta cole\u00e7\u00e3o de jogos PS5, PS4 e cl\u00e1ssicos do PlayStation, al\u00e9m de vantagens exclusivas, por meio de nossos tr\u00eas planos de assinatura imbat\u00edveis para sua melhor experi\u00eancia no PlayStation.<\/span><\/div>\n<\/div>\n<\/div>\n<div class=\"pdp-2col-wrapper\" data-creative-name=\"Complete Your PS5 Gaming Setup\" data-component-name=\"Complete Your PS5 Gaming Setup\">\n<div class=\"pdp-2col-grid\" style=\"text-align: center;\"><\/div>\n<\/div>","protected":false},"excerpt":{"rendered":"<ul>\n<li>Slim, sleek and compact console design.<\/li>\n<li>1 TB of built in storage****.<\/li>\n<li>Ultra-high speed SSD for maximum game-play.<\/li>\n<li>Ray tracing simulating light and shadows.<\/li>\n<li>4K TV ready gaming.<\/li>\n<li>Smooth and fluid high frame rate gameplay at up to 120fps with 120Hz output.<\/li>\n<li>HDR technology displaying vibrant and lifelike colors.<\/li>\n<li>Tempest 3D AudioTech make your surroundings come alive.<\/li>\n<li>Haptic feedback through the DualSense\u00ae wireless controller in select PS5\u00ae games.<\/li>\n<li>Adaptive triggers which simulate the physical impact of in-game activities in select PS5\u00ae games.<\/li>\n<li>Backwards compatibility and game boost.<\/li>\n<li>Get started right away with the included ASTRO&#8217;S Playroom pre-installed game.<\/li>\n<li>Integrated I\/O.<\/li>\n<\/ul>","protected":false},"featured_media":37736,"template":"","meta":[],"product_brand":[1361],"product_cat":[1287],"product_tag":[1362],"class_list":{"0":"post-37727","1":"product","2":"type-product","3":"status-publish","4":"has-post-thumbnail","6":"product_brand-sony","7":"product_cat-sony-playstation","8":"product_tag-playstation","10":"first","11":"instock","12":"shipping-taxable","13":"product-type-simple"},"aioseo_notices":[],"aioseo_head":"\n\t\t<!-- All in One SEO Pro 4.5.9.2 - aioseo.com -->\n\t\t<meta name=\"description\" content=\"Slim, sleek and compact console design. 1 TB of built in storage****. Ultra-high speed SSD for maximum game-play. Ray tracing simulating light and shadows. 4K TV ready gaming. Smooth and fluid high frame rate gameplay at up to 120fps with 120Hz output. HDR technology displaying vibrant and lifelike colors. Tempest 3D AudioTech make your surroundings come alive. Haptic feedback through the DualSense\u00ae wireless controller in select PS5\u00ae games. Adaptive triggers which simulate the physical impact of in-game activities in select PS5\u00ae games. Backwards compatibility and game boost. Get started right away with the included ASTRO&#039;S Playroom pre-installed game. Integrated I\/O.\" \/>\n\t\t<meta name=\"robots\" content=\"max-image-preview:large\" \/>\n\t\t<link rel=\"canonical\" href=\"https:\/\/www.rucashk.com\/pt\/produto\/sony-playstation5-console-slim\/\" \/>\n\t\t<meta name=\"generator\" content=\"All in One SEO Pro (AIOSEO) 4.5.9.2\" \/>\n\t\t<meta property=\"og:locale\" content=\"pt_PT\" \/>\n\t\t<meta property=\"og:site_name\" content=\"Rucas - One-stop AIoT Distribution Worldwide\" \/>\n\t\t<meta property=\"og:type\" content=\"article\" \/>\n\t\t<meta property=\"og:title\" content=\"Sony PlayStation5 Console (Slim) - Rucas - Wholesale and Distribution\" \/>\n\t\t<meta property=\"og:description\" content=\"Slim, sleek and compact console design. 1 TB of built in storage****. Ultra-high speed SSD for maximum game-play. Ray tracing simulating light and shadows. 4K TV ready gaming. Smooth and fluid high frame rate gameplay at up to 120fps with 120Hz output. HDR technology displaying vibrant and lifelike colors. Tempest 3D AudioTech make your surroundings come alive. Haptic feedback through the DualSense\u00ae wireless controller in select PS5\u00ae games. Adaptive triggers which simulate the physical impact of in-game activities in select PS5\u00ae games. Backwards compatibility and game boost. Get started right away with the included ASTRO&#039;S Playroom pre-installed game. Integrated I\/O.\" \/>\n\t\t<meta property=\"og:url\" content=\"https:\/\/www.rucashk.com\/pt\/produto\/sony-playstation5-console-slim\/\" \/>\n\t\t<meta property=\"og:image\" content=\"https:\/\/www.rucashk.com\/wp-content\/uploads\/replace\/503b8e645f128a97ccde2b6290747646.jpeg\" \/>\n\t\t<meta property=\"og:image:secure_url\" content=\"https:\/\/www.rucashk.com\/wp-content\/uploads\/replace\/503b8e645f128a97ccde2b6290747646.jpeg\" \/>\n\t\t<meta property=\"og:image:width\" content=\"1456\" \/>\n\t\t<meta property=\"og:image:height\" content=\"816\" \/>\n\t\t<meta property=\"article:published_time\" content=\"2024-03-19T03:18:45+00:00\" \/>\n\t\t<meta property=\"article:modified_time\" content=\"2025-06-21T05:20:04+00:00\" \/>\n\t\t<meta name=\"twitter:card\" content=\"summary_large_image\" \/>\n\t\t<meta name=\"twitter:title\" content=\"Sony PlayStation5 Console (Slim) - Rucas - Wholesale and Distribution\" \/>\n\t\t<meta name=\"twitter:description\" content=\"Slim, sleek and compact console design. 1 TB of built in storage****. Ultra-high speed SSD for maximum game-play. Ray tracing simulating light and shadows. 4K TV ready gaming. Smooth and fluid high frame rate gameplay at up to 120fps with 120Hz output. HDR technology displaying vibrant and lifelike colors. Tempest 3D AudioTech make your surroundings come alive. Haptic feedback through the DualSense\u00ae wireless controller in select PS5\u00ae games. Adaptive triggers which simulate the physical impact of in-game activities in select PS5\u00ae games. Backwards compatibility and game boost. Get started right away with the included ASTRO&#039;S Playroom pre-installed game. Integrated I\/O.\" \/>\n\t\t<meta name=\"twitter:image\" content=\"https:\/\/www.rucashk.com\/wp-content\/uploads\/replace\/503b8e645f128a97ccde2b6290747646.jpeg\" \/>\n\t\t<script type=\"application\/ld+json\" class=\"aioseo-schema\">\n\t\t\t{\"@context\":\"https:\\\/\\\/schema.org\",\"@graph\":[{\"@type\":\"BreadcrumbList\",\"@id\":\"https:\\\/\\\/www.rucashk.com\\\/pt\\\/produto\\\/sony-playstation5-console-slim\\\/#breadcrumblist\",\"itemListElement\":[{\"@type\":\"ListItem\",\"@id\":\"https:\\\/\\\/www.rucashk.com\\\/pt\\\/#listItem\",\"position\":1,\"name\":\"Home\",\"item\":\"https:\\\/\\\/www.rucashk.com\\\/pt\\\/\",\"nextItem\":\"https:\\\/\\\/www.rucashk.com\\\/pt\\\/produto\\\/sony-playstation5-console-slim\\\/#listItem\"},{\"@type\":\"ListItem\",\"@id\":\"https:\\\/\\\/www.rucashk.com\\\/pt\\\/produto\\\/sony-playstation5-console-slim\\\/#listItem\",\"position\":2,\"name\":\"Sony PlayStation5 Console (Slim)\",\"previousItem\":\"https:\\\/\\\/www.rucashk.com\\\/pt\\\/#listItem\"}]},{\"@type\":\"Organization\",\"@id\":\"https:\\\/\\\/www.rucashk.com\\\/pt\\\/#organization\",\"name\":\"Rucas\",\"url\":\"https:\\\/\\\/www.rucashk.com\\\/pt\\\/\",\"logo\":{\"@type\":\"ImageObject\",\"url\":\"https:\\\/\\\/www.rucashk.com\\\/wp-content\\\/uploads\\\/2023\\\/12\\\/Rucas_campany_logo.png\",\"@id\":\"https:\\\/\\\/www.rucashk.com\\\/pt\\\/produto\\\/sony-playstation5-console-slim\\\/#organizationLogo\",\"width\":221,\"height\":65},\"image\":{\"@id\":\"https:\\\/\\\/www.rucashk.com\\\/pt\\\/#organizationLogo\"}},{\"@type\":\"Person\",\"@id\":\"https:\\\/\\\/www.rucashk.com\\\/pt\\\/author\\\/admin\\\/#author\",\"url\":\"https:\\\/\\\/www.rucashk.com\\\/pt\\\/author\\\/admin\\\/\",\"name\":\"admin\",\"image\":{\"@type\":\"ImageObject\",\"@id\":\"https:\\\/\\\/www.rucashk.com\\\/pt\\\/produto\\\/sony-playstation5-console-slim\\\/#authorImage\",\"url\":\"https:\\\/\\\/secure.gravatar.com\\\/avatar\\\/b7c8925b09a27e72b30232f8ecaadbd5af0f70a38c78096863fe51b64f031c24?s=96&d=mm&r=g\",\"width\":96,\"height\":96,\"caption\":\"admin\"}},{\"@type\":\"WebPage\",\"@id\":\"https:\\\/\\\/www.rucashk.com\\\/pt\\\/produto\\\/sony-playstation5-console-slim\\\/#webpage\",\"url\":\"https:\\\/\\\/www.rucashk.com\\\/pt\\\/produto\\\/sony-playstation5-console-slim\\\/\",\"name\":\"Sony PlayStation5 Console (Slim) - Rucas - Wholesale and Distribution\",\"description\":\"Slim, sleek and compact console design. 1 TB of built in storage****. Ultra-high speed SSD for maximum game-play. Ray tracing simulating light and shadows. 4K TV ready gaming. Smooth and fluid high frame rate gameplay at up to 120fps with 120Hz output. HDR technology displaying vibrant and lifelike colors. Tempest 3D AudioTech make your surroundings come alive. Haptic feedback through the DualSense\\u00ae wireless controller in select PS5\\u00ae games. Adaptive triggers which simulate the physical impact of in-game activities in select PS5\\u00ae games. Backwards compatibility and game boost. Get started right away with the included ASTRO'S Playroom pre-installed game. Integrated I\\\/O.\",\"inLanguage\":\"pt-PT\",\"isPartOf\":{\"@id\":\"https:\\\/\\\/www.rucashk.com\\\/pt\\\/#website\"},\"breadcrumb\":{\"@id\":\"https:\\\/\\\/www.rucashk.com\\\/pt\\\/produto\\\/sony-playstation5-console-slim\\\/#breadcrumblist\"},\"author\":{\"@id\":\"https:\\\/\\\/www.rucashk.com\\\/pt\\\/author\\\/admin\\\/#author\"},\"creator\":{\"@id\":\"https:\\\/\\\/www.rucashk.com\\\/pt\\\/author\\\/admin\\\/#author\"},\"image\":{\"@type\":\"ImageObject\",\"url\":\"https:\\\/\\\/www.rucashk.com\\\/wp-content\\\/uploads\\\/2024\\\/03\\\/78db7843-c64b-4923-8178-0aed3f2b02f1.webp\",\"@id\":\"https:\\\/\\\/www.rucashk.com\\\/pt\\\/produto\\\/sony-playstation5-console-slim\\\/#mainImage\",\"width\":400,\"height\":400},\"primaryImageOfPage\":{\"@id\":\"https:\\\/\\\/www.rucashk.com\\\/pt\\\/produto\\\/sony-playstation5-console-slim\\\/#mainImage\"},\"datePublished\":\"2024-03-19T03:18:45+00:00\",\"dateModified\":\"2025-06-21T05:20:04+00:00\"},{\"@type\":\"WebSite\",\"@id\":\"https:\\\/\\\/www.rucashk.com\\\/pt\\\/#website\",\"url\":\"https:\\\/\\\/www.rucashk.com\\\/pt\\\/\",\"name\":\"Rucas - Wholesale and distribution worldwide\",\"alternateName\":\"Rucas - One-stop AIoT Distribution Worldwide\",\"description\":\"One-stop AIoT Distribution Worldwide\",\"inLanguage\":\"pt-PT\",\"publisher\":{\"@id\":\"https:\\\/\\\/www.rucashk.com\\\/pt\\\/#organization\"}}]}\n\t\t<\/script>\n\t\t<!-- All in One SEO Pro -->\r\n\t\t<title>Sony PlayStation5 Console (Slim) - Rucas - Wholesale and Distribution<\/title>\n\n","aioseo_head_json":{"title":"Sony PlayStation5 Console (Slim) - Rucas - Wholesale and Distribution","description":"Slim, sleek and compact console design. 1 TB of built in storage****. Ultra-high speed SSD for maximum game-play. Ray tracing simulating light and shadows. 4K TV ready gaming. Smooth and fluid high frame rate gameplay at up to 120fps with 120Hz output. HDR technology displaying vibrant and lifelike colors. Tempest 3D AudioTech make your surroundings come alive. Haptic feedback through the DualSense\u00ae wireless controller in select PS5\u00ae games. Adaptive triggers which simulate the physical impact of in-game activities in select PS5\u00ae games. Backwards compatibility and game boost. Get started right away with the included ASTRO'S Playroom pre-installed game. Integrated I\/O.","canonical_url":"https:\/\/www.rucashk.com\/pt\/produto\/sony-playstation5-console-slim\/","robots":"max-image-preview:large","keywords":"","webmasterTools":{"miscellaneous":""},"og:locale":"pt_PT","og:site_name":"Rucas - One-stop AIoT Distribution Worldwide","og:type":"article","og:title":"Sony PlayStation5 Console (Slim) - Rucas - Wholesale and Distribution","og:description":"Slim, sleek and compact console design. 1 TB of built in storage****. Ultra-high speed SSD for maximum game-play. Ray tracing simulating light and shadows. 4K TV ready gaming. Smooth and fluid high frame rate gameplay at up to 120fps with 120Hz output. HDR technology displaying vibrant and lifelike colors. Tempest 3D AudioTech make your surroundings come alive. Haptic feedback through the DualSense\u00ae wireless controller in select PS5\u00ae games. Adaptive triggers which simulate the physical impact of in-game activities in select PS5\u00ae games. Backwards compatibility and game boost. Get started right away with the included ASTRO'S Playroom pre-installed game. Integrated I\/O.","og:url":"https:\/\/www.rucashk.com\/pt\/produto\/sony-playstation5-console-slim\/","og:image":"https:\/\/www.rucashk.com\/wp-content\/uploads\/replace\/503b8e645f128a97ccde2b6290747646.jpeg","og:image:secure_url":"https:\/\/www.rucashk.com\/wp-content\/uploads\/replace\/503b8e645f128a97ccde2b6290747646.jpeg","og:image:width":1456,"og:image:height":816,"article:published_time":"2024-03-19T03:18:45+00:00","article:modified_time":"2025-06-21T05:20:04+00:00","twitter:card":"summary_large_image","twitter:title":"Sony PlayStation5 Console (Slim) - Rucas - Wholesale and Distribution","twitter:description":"Slim, sleek and compact console design. 1 TB of built in storage****. Ultra-high speed SSD for maximum game-play. Ray tracing simulating light and shadows. 4K TV ready gaming. Smooth and fluid high frame rate gameplay at up to 120fps with 120Hz output. HDR technology displaying vibrant and lifelike colors. Tempest 3D AudioTech make your surroundings come alive. Haptic feedback through the DualSense\u00ae wireless controller in select PS5\u00ae games. Adaptive triggers which simulate the physical impact of in-game activities in select PS5\u00ae games. Backwards compatibility and game boost. Get started right away with the included ASTRO'S Playroom pre-installed game. Integrated I\/O.","twitter:image":"https:\/\/www.rucashk.com\/wp-content\/uploads\/replace\/503b8e645f128a97ccde2b6290747646.jpeg","schema":{"@context":"https:\/\/schema.org","@graph":[{"@type":"BreadcrumbList","@id":"https:\/\/www.rucashk.com\/pt\/produto\/sony-playstation5-console-slim\/#breadcrumblist","itemListElement":[{"@type":"ListItem","@id":"https:\/\/www.rucashk.com\/pt\/#listItem","position":1,"name":"Home","item":"https:\/\/www.rucashk.com\/pt\/","nextItem":"https:\/\/www.rucashk.com\/pt\/produto\/sony-playstation5-console-slim\/#listItem"},{"@type":"ListItem","@id":"https:\/\/www.rucashk.com\/pt\/produto\/sony-playstation5-console-slim\/#listItem","position":2,"name":"Sony PlayStation5 Console (Slim)","previousItem":"https:\/\/www.rucashk.com\/pt\/#listItem"}]},{"@type":"Organization","@id":"https:\/\/www.rucashk.com\/pt\/#organization","name":"Rucas","url":"https:\/\/www.rucashk.com\/pt\/","logo":{"@type":"ImageObject","url":"https:\/\/www.rucashk.com\/wp-content\/uploads\/2023\/12\/Rucas_campany_logo.png","@id":"https:\/\/www.rucashk.com\/pt\/produto\/sony-playstation5-console-slim\/#organizationLogo","width":221,"height":65},"image":{"@id":"https:\/\/www.rucashk.com\/pt\/#organizationLogo"}},{"@type":"Person","@id":"https:\/\/www.rucashk.com\/pt\/author\/admin\/#author","url":"https:\/\/www.rucashk.com\/pt\/author\/admin\/","name":"admin","image":{"@type":"ImageObject","@id":"https:\/\/www.rucashk.com\/pt\/produto\/sony-playstation5-console-slim\/#authorImage","url":"https:\/\/secure.gravatar.com\/avatar\/b7c8925b09a27e72b30232f8ecaadbd5af0f70a38c78096863fe51b64f031c24?s=96&d=mm&r=g","width":96,"height":96,"caption":"admin"}},{"@type":"WebPage","@id":"https:\/\/www.rucashk.com\/pt\/produto\/sony-playstation5-console-slim\/#webpage","url":"https:\/\/www.rucashk.com\/pt\/produto\/sony-playstation5-console-slim\/","name":"Sony PlayStation5 Console (Slim) - Rucas - Wholesale and Distribution","description":"Slim, sleek and compact console design. 1 TB of built in storage****. Ultra-high speed SSD for maximum game-play. Ray tracing simulating light and shadows. 4K TV ready gaming. Smooth and fluid high frame rate gameplay at up to 120fps with 120Hz output. HDR technology displaying vibrant and lifelike colors. Tempest 3D AudioTech make your surroundings come alive. Haptic feedback through the DualSense\u00ae wireless controller in select PS5\u00ae games. Adaptive triggers which simulate the physical impact of in-game activities in select PS5\u00ae games. Backwards compatibility and game boost. Get started right away with the included ASTRO'S Playroom pre-installed game. Integrated I\/O.","inLanguage":"pt-PT","isPartOf":{"@id":"https:\/\/www.rucashk.com\/pt\/#website"},"breadcrumb":{"@id":"https:\/\/www.rucashk.com\/pt\/produto\/sony-playstation5-console-slim\/#breadcrumblist"},"author":{"@id":"https:\/\/www.rucashk.com\/pt\/author\/admin\/#author"},"creator":{"@id":"https:\/\/www.rucashk.com\/pt\/author\/admin\/#author"},"image":{"@type":"ImageObject","url":"https:\/\/www.rucashk.com\/wp-content\/uploads\/2024\/03\/78db7843-c64b-4923-8178-0aed3f2b02f1.webp","@id":"https:\/\/www.rucashk.com\/pt\/produto\/sony-playstation5-console-slim\/#mainImage","width":400,"height":400},"primaryImageOfPage":{"@id":"https:\/\/www.rucashk.com\/pt\/produto\/sony-playstation5-console-slim\/#mainImage"},"datePublished":"2024-03-19T03:18:45+00:00","dateModified":"2025-06-21T05:20:04+00:00"},{"@type":"WebSite","@id":"https:\/\/www.rucashk.com\/pt\/#website","url":"https:\/\/www.rucashk.com\/pt\/","name":"Rucas - Wholesale and distribution worldwide","alternateName":"Rucas - One-stop AIoT Distribution Worldwide","description":"One-stop AIoT Distribution Worldwide","inLanguage":"pt-PT","publisher":{"@id":"https:\/\/www.rucashk.com\/pt\/#organization"}}]}},"aioseo_meta_data":{"post_id":"37727","title":null,"description":null,"keywords":"[]","keyphrases":"{\"focus\":{\"keyphrase\":\"\",\"score\":0,\"analysis\":{\"keyphraseInTitle\":{\"score\":0,\"maxScore\":9,\"error\":1}}},\"additional\":[]}","primary_term":null,"canonical_url":null,"og_title":null,"og_description":null,"og_object_type":"default","og_image_type":"default","og_image_url":null,"og_image_width":null,"og_image_height":null,"og_image_custom_url":null,"og_image_custom_fields":null,"og_video":"","og_custom_url":null,"og_article_section":null,"og_article_tags":"[]","twitter_use_og":false,"twitter_card":"default","twitter_image_type":"default","twitter_image_url":null,"twitter_image_custom_url":null,"twitter_image_custom_fields":null,"twitter_title":null,"twitter_description":null,"schema":{"blockGraphs":[],"customGraphs":[],"default":{"data":{"Article":[],"Course":[],"Dataset":[],"FAQPage":[],"Movie":[],"Person":[],"Product":[],"Recipe":[],"Service":[],"SoftwareApplication":[],"WebPage":[]},"graphName":"Product","isEnabled":true},"graphs":[]},"schema_type":"default","schema_type_options":null,"pillar_content":false,"robots_default":true,"robots_noindex":false,"robots_noarchive":false,"robots_nosnippet":false,"robots_nofollow":false,"robots_noimageindex":false,"robots_noodp":false,"robots_notranslate":false,"robots_max_snippet":"-1","robots_max_videopreview":"-1","robots_max_imagepreview":"large","priority":null,"frequency":"default","local_seo":null,"breadcrumb_settings":null,"limit_modified_date":false,"created":"2024-04-11 01:57:23","updated":"2025-06-22 18:46:54"},"aioseo_breadcrumb":"<div class=\"aioseo-breadcrumbs\"><span class=\"aioseo-breadcrumb\">\n\t<a href=\"https:\/\/www.rucashk.com\/pt\" title=\"Home\">Home<\/a>\n<\/span><span class=\"aioseo-breadcrumb-separator\">&raquo;<\/span><span class=\"aioseo-breadcrumb\">\n\t<a href=\"https:\/\/www.rucashk.com\/pt\/products\/\" title=\"Produtos\">Produtos<\/a>\n<\/span><span class=\"aioseo-breadcrumb-separator\">&raquo;<\/span><span class=\"aioseo-breadcrumb\">\n\t<a href=\"https:\/\/www.rucashk.com\/pt\/marca\/sony\/\" title=\"Sony\">Sony<\/a>\n<\/span><span class=\"aioseo-breadcrumb-separator\">&raquo;<\/span><span class=\"aioseo-breadcrumb\">\n\tSony PlayStation5 Console (Slim)\n<\/span><\/div>","aioseo_breadcrumb_json":[{"label":"Home","link":"https:\/\/www.rucashk.com\/pt"},{"label":"Produtos","link":"https:\/\/www.rucashk.com\/pt\/products\/"},{"label":"Sony","link":"https:\/\/www.rucashk.com\/pt\/marca\/sony\/"},{"label":"Sony PlayStation5 Console (Slim)","link":"https:\/\/www.rucashk.com\/pt\/produto\/sony-playstation5-console-slim\/"}],"_links":{"self":[{"href":"https:\/\/www.rucashk.com\/pt\/wp-json\/wp\/v2\/product\/37727","targetHints":{"allow":["GET"]}}],"collection":[{"href":"https:\/\/www.rucashk.com\/pt\/wp-json\/wp\/v2\/product"}],"about":[{"href":"https:\/\/www.rucashk.com\/pt\/wp-json\/wp\/v2\/types\/product"}],"wp:featuredmedia":[{"embeddable":true,"href":"https:\/\/www.rucashk.com\/pt\/wp-json\/wp\/v2\/media\/37736"}],"wp:attachment":[{"href":"https:\/\/www.rucashk.com\/pt\/wp-json\/wp\/v2\/media?parent=37727"}],"wp:term":[{"taxonomy":"product_brand","embeddable":true,"href":"https:\/\/www.rucashk.com\/pt\/wp-json\/wp\/v2\/product_brand?post=37727"},{"taxonomy":"product_cat","embeddable":true,"href":"https:\/\/www.rucashk.com\/pt\/wp-json\/wp\/v2\/product_cat?post=37727"},{"taxonomy":"product_tag","embeddable":true,"href":"https:\/\/www.rucashk.com\/pt\/wp-json\/wp\/v2\/product_tag?post=37727"}],"curies":[{"name":"wp","href":"https:\/\/api.w.org\/{rel}","templated":true}]}}