{"id":37709,"date":"2024-03-15T14:24:36","date_gmt":"2024-03-15T14:24:36","guid":{"rendered":"http:\/\/rucashk.com\/?post_type=product&#038;p=37709"},"modified":"2024-04-16T13:31:48","modified_gmt":"2024-04-16T13:31:48","slug":"nintendo-switch-oled-model-mario-red-edition","status":"publish","type":"product","link":"https:\/\/www.rucashk.com\/pt\/produto\/nintendo-switch-oled-model-mario-red-edition\/","title":{"rendered":"Nintendo Switch\u2122 \u2013 Modelo OLED: Mario Red Edition"},"content":{"rendered":"<p><iframe width=\"1280\" height=\"720\" src=\"https:\/\/www.youtube.com\/embed\/yyjQUH7NvWI\" title=\"NOVO Nintendo Switch OLED Mario Red Edition (Super Mario Bros. Wonder)\" frameborder=\"0\" allow=\"accelerometer; autoplay; clipboard-write; encrypted-media; gyroscope; picture-in-picture; web-share\" allowfullscreen><\/iframe><\/p>\n<p>Comece sua aventura com um sistema inspirado em Mario<\/p>\n<p>Entre em um mundo de jogos com o sistema Nintendo Switch \u2013 Modelo OLED: Mario Red Edition. O sistema possui um console, dock e controladores Joy-Con, todos na ic\u00f4nica cor Mario Red. Uma silhueta de Mario entra em a\u00e7\u00e3o na parte de tr\u00e1s do cais. Olhe atentamente e voc\u00ea tamb\u00e9m encontrar\u00e1 algumas moedas escondidas!<\/p>\n<p>Jogue em casa ou em qualquer lugar com uma tela OLED vibrante<br \/>\nJogue na sua TV em casa ou pegue e jogue no modo port\u00e1til em uma vibrante tela OLED de 7 polegadas com o sistema Nintendo Switch \u2013 modelo OLED. O sistema tamb\u00e9m possui 64 GB de armazenamento interno (uma parte reservada para uso pelo sistema), \u00e1udio aprimorado nos modos Port\u00e1til e Mesa, um amplo suporte ajust\u00e1vel e um dock com uma porta LAN com fio (cabo LAN vendido separadamente) .<\/p>\n<p>Desfrute de tr\u00eas modos em um sistema<br \/>\nModo TV: Conecte seu sistema \u00e0 TV usando o dock inclu\u00eddo para desfrutar de uma experi\u00eancia de jogo tradicional em HD.<br \/>\nModo port\u00e1til: leve seus jogos para sua pr\u00f3xima aventura de viagem e divirta-se jogando em uma tela OLED de 7 polegadas que destaca as cores.<br \/>\nModo de mesa: use o suporte amplo e ajust\u00e1vel para posicionar a tela e desconecte os controladores Joy-Con inclu\u00eddos para aproveitar o tempo de jogo mesmo sem uma TV.<\/p>\n<p>Jogos para toda a fam\u00edlia<br \/>\nOs sistemas Nintendo Switch s\u00e3o o lar de jogos como Super Mario Bros. Wonder, Mario Kart 8 Deluxe e muitos outros estrelados por Mario e amigos. E n\u00e3o se esque\u00e7a de s\u00e9ries como Animal Crossing, The Legend of Zelda, Splatoon, Pikmin e muito mais!<\/p>\n<p>Conecte-se e jogue juntos<br \/>\nCompartilhe os sorrisos! Voc\u00ea pode se juntar a um sistema, conectar seus sistemas ou jogar online em seus favoritos multijogador, como o jogo Super Smash Bros.<\/p>\n<p>Controladores Joy-Con inclu\u00eddos<br \/>\nOs dois controladores Joy-Con inclu\u00eddos permitem que voc\u00ea jogue jogos multijogador imediatamente \u2013 basta passar um para um amigo e pronto.<\/p>\n<p>Anexe-os \u00e0 tela para o modo port\u00e1til ou use ambos como um \u00fanico controlador ao jogar na tela grande. Al\u00e9m disso, os controles de movimento integrados realmente colocam voc\u00ea no jogo em t\u00edtulos como Super Mario Party.<\/p>","protected":false},"excerpt":{"rendered":"<p><strong>Caracter\u00edsticas do produto:<\/strong><br \/>\nTela OLED v\u00edvida de 7\u2033.<br \/>\nElementos de design inspirados em Mario.<br \/>\nTr\u00eas modos de jogo: TV, Mesa e Port\u00e1til.<br \/>\nControladores Joy-Con remov\u00edveis.<br \/>\n64 GB de armazenamento interno (uma parte reservada para uso do sistema).<br \/>\n\u00c1udio aprimorado nos modos Port\u00e1til e Mesa.<br \/>\nSuporte amplo ajust\u00e1vel.<br \/>\nDock com porta LAN com fio (cabo LAN vendido separadamente).<br \/>\nNintendo Switch \u00e9 o lar de Mario e de outras s\u00e9ries familiares.<\/p>","protected":false},"featured_media":37713,"template":"","meta":[],"product_brand":[1359],"product_cat":[1286],"product_tag":[1360],"class_list":{"0":"post-37709","1":"product","2":"type-product","3":"status-publish","4":"has-post-thumbnail","6":"product_brand-nintendo","7":"product_cat-nintendo-console","8":"product_tag-console","10":"first","11":"instock","12":"shipping-taxable","13":"product-type-simple"},"aioseo_notices":[],"aioseo_head":"\n\t\t<!-- All in One SEO Pro 4.5.9.2 - aioseo.com -->\n\t\t<meta name=\"description\" content=\"Product Features\uff1a Vivid 7&quot; OLED screen. Design elements inspired by Mario. Three play modes: TV, Tabletop, and Handheld. Detachable Joy-Con controllers. 64 GB internal storage (a portion of which is reserved for use by the system). Enhanced audio in Handheld and Tabletop modes. Wide adjustable stand. Dock with wired LAN port (LAN cable sold separately). Nintendo Switch is the home of Mario and more family-friendly series.\" \/>\n\t\t<meta name=\"robots\" content=\"max-image-preview:large\" \/>\n\t\t<link rel=\"canonical\" href=\"https:\/\/www.rucashk.com\/pt\/produto\/nintendo-switch-oled-model-mario-red-edition\/\" \/>\n\t\t<meta name=\"generator\" content=\"All in One SEO Pro (AIOSEO) 4.5.9.2\" \/>\n\t\t<meta property=\"og:locale\" content=\"pt_PT\" \/>\n\t\t<meta property=\"og:site_name\" content=\"Rucas - One-stop AIoT Distribution Worldwide\" \/>\n\t\t<meta property=\"og:type\" content=\"article\" \/>\n\t\t<meta property=\"og:title\" content=\"Nintendo Switch\u2122 \u2013 OLED Model: Mario Red Edition - Rucas - Wholesale and Distribution\" \/>\n\t\t<meta property=\"og:description\" content=\"Product Features\uff1a Vivid 7&quot; OLED screen. Design elements inspired by Mario. Three play modes: TV, Tabletop, and Handheld. Detachable Joy-Con controllers. 64 GB internal storage (a portion of which is reserved for use by the system). Enhanced audio in Handheld and Tabletop modes. Wide adjustable stand. Dock with wired LAN port (LAN cable sold separately). Nintendo Switch is the home of Mario and more family-friendly series.\" \/>\n\t\t<meta property=\"og:url\" content=\"https:\/\/www.rucashk.com\/pt\/produto\/nintendo-switch-oled-model-mario-red-edition\/\" \/>\n\t\t<meta property=\"og:image\" content=\"https:\/\/www.rucashk.com\/wp-content\/uploads\/replace\/503b8e645f128a97ccde2b6290747646.jpeg\" \/>\n\t\t<meta property=\"og:image:secure_url\" content=\"https:\/\/www.rucashk.com\/wp-content\/uploads\/replace\/503b8e645f128a97ccde2b6290747646.jpeg\" \/>\n\t\t<meta property=\"og:image:width\" content=\"1456\" \/>\n\t\t<meta property=\"og:image:height\" content=\"816\" \/>\n\t\t<meta property=\"article:published_time\" content=\"2024-03-15T14:24:36+00:00\" \/>\n\t\t<meta property=\"article:modified_time\" content=\"2024-04-16T13:31:48+00:00\" \/>\n\t\t<meta name=\"twitter:card\" content=\"summary_large_image\" \/>\n\t\t<meta name=\"twitter:title\" content=\"Nintendo Switch\u2122 \u2013 OLED Model: Mario Red Edition - Rucas - Wholesale and Distribution\" \/>\n\t\t<meta name=\"twitter:description\" content=\"Product Features\uff1a Vivid 7&quot; OLED screen. Design elements inspired by Mario. Three play modes: TV, Tabletop, and Handheld. Detachable Joy-Con controllers. 64 GB internal storage (a portion of which is reserved for use by the system). Enhanced audio in Handheld and Tabletop modes. Wide adjustable stand. Dock with wired LAN port (LAN cable sold separately). Nintendo Switch is the home of Mario and more family-friendly series.\" \/>\n\t\t<meta name=\"twitter:image\" content=\"https:\/\/www.rucashk.com\/wp-content\/uploads\/replace\/503b8e645f128a97ccde2b6290747646.jpeg\" \/>\n\t\t<script type=\"application\/ld+json\" class=\"aioseo-schema\">\n\t\t\t{\"@context\":\"https:\\\/\\\/schema.org\",\"@graph\":[{\"@type\":\"BreadcrumbList\",\"@id\":\"https:\\\/\\\/www.rucashk.com\\\/pt\\\/produto\\\/nintendo-switch-oled-model-mario-red-edition\\\/#breadcrumblist\",\"itemListElement\":[{\"@type\":\"ListItem\",\"@id\":\"https:\\\/\\\/www.rucashk.com\\\/pt\\\/#listItem\",\"position\":1,\"name\":\"Home\",\"item\":\"https:\\\/\\\/www.rucashk.com\\\/pt\\\/\",\"nextItem\":\"https:\\\/\\\/www.rucashk.com\\\/pt\\\/produto\\\/nintendo-switch-oled-model-mario-red-edition\\\/#listItem\"},{\"@type\":\"ListItem\",\"@id\":\"https:\\\/\\\/www.rucashk.com\\\/pt\\\/produto\\\/nintendo-switch-oled-model-mario-red-edition\\\/#listItem\",\"position\":2,\"name\":\"Nintendo Switch\\u2122 \\u2013 OLED Model: Mario Red Edition\",\"previousItem\":\"https:\\\/\\\/www.rucashk.com\\\/pt\\\/#listItem\"}]},{\"@type\":\"Organization\",\"@id\":\"https:\\\/\\\/www.rucashk.com\\\/pt\\\/#organization\",\"name\":\"Rucas\",\"url\":\"https:\\\/\\\/www.rucashk.com\\\/pt\\\/\",\"logo\":{\"@type\":\"ImageObject\",\"url\":\"https:\\\/\\\/www.rucashk.com\\\/wp-content\\\/uploads\\\/2023\\\/12\\\/Rucas_campany_logo.png\",\"@id\":\"https:\\\/\\\/www.rucashk.com\\\/pt\\\/produto\\\/nintendo-switch-oled-model-mario-red-edition\\\/#organizationLogo\",\"width\":221,\"height\":65},\"image\":{\"@id\":\"https:\\\/\\\/www.rucashk.com\\\/pt\\\/#organizationLogo\"}},{\"@type\":\"Person\",\"@id\":\"https:\\\/\\\/www.rucashk.com\\\/pt\\\/author\\\/admin\\\/#author\",\"url\":\"https:\\\/\\\/www.rucashk.com\\\/pt\\\/author\\\/admin\\\/\",\"name\":\"admin\",\"image\":{\"@type\":\"ImageObject\",\"@id\":\"https:\\\/\\\/www.rucashk.com\\\/pt\\\/produto\\\/nintendo-switch-oled-model-mario-red-edition\\\/#authorImage\",\"url\":\"https:\\\/\\\/secure.gravatar.com\\\/avatar\\\/b7c8925b09a27e72b30232f8ecaadbd5af0f70a38c78096863fe51b64f031c24?s=96&d=mm&r=g\",\"width\":96,\"height\":96,\"caption\":\"admin\"}},{\"@type\":\"WebPage\",\"@id\":\"https:\\\/\\\/www.rucashk.com\\\/pt\\\/produto\\\/nintendo-switch-oled-model-mario-red-edition\\\/#webpage\",\"url\":\"https:\\\/\\\/www.rucashk.com\\\/pt\\\/produto\\\/nintendo-switch-oled-model-mario-red-edition\\\/\",\"name\":\"Nintendo Switch\\u2122 \\u2013 OLED Model: Mario Red Edition - Rucas - Wholesale and Distribution\",\"description\":\"Product Features\\uff1a Vivid 7\\\" OLED screen. Design elements inspired by Mario. Three play modes: TV, Tabletop, and Handheld. Detachable Joy-Con controllers. 64 GB internal storage (a portion of which is reserved for use by the system). Enhanced audio in Handheld and Tabletop modes. Wide adjustable stand. Dock with wired LAN port (LAN cable sold separately). Nintendo Switch is the home of Mario and more family-friendly series.\",\"inLanguage\":\"pt-PT\",\"isPartOf\":{\"@id\":\"https:\\\/\\\/www.rucashk.com\\\/pt\\\/#website\"},\"breadcrumb\":{\"@id\":\"https:\\\/\\\/www.rucashk.com\\\/pt\\\/produto\\\/nintendo-switch-oled-model-mario-red-edition\\\/#breadcrumblist\"},\"author\":{\"@id\":\"https:\\\/\\\/www.rucashk.com\\\/pt\\\/author\\\/admin\\\/#author\"},\"creator\":{\"@id\":\"https:\\\/\\\/www.rucashk.com\\\/pt\\\/author\\\/admin\\\/#author\"},\"image\":{\"@type\":\"ImageObject\",\"url\":\"https:\\\/\\\/www.rucashk.com\\\/wp-content\\\/uploads\\\/2024\\\/03\\\/5aa7b27c-7d0b-4478-9b13-7fe31bc4979b.jpg\",\"@id\":\"https:\\\/\\\/www.rucashk.com\\\/pt\\\/produto\\\/nintendo-switch-oled-model-mario-red-edition\\\/#mainImage\",\"width\":1500,\"height\":1500},\"primaryImageOfPage\":{\"@id\":\"https:\\\/\\\/www.rucashk.com\\\/pt\\\/produto\\\/nintendo-switch-oled-model-mario-red-edition\\\/#mainImage\"},\"datePublished\":\"2024-03-15T14:24:36+00:00\",\"dateModified\":\"2024-04-16T13:31:48+00:00\"},{\"@type\":\"WebSite\",\"@id\":\"https:\\\/\\\/www.rucashk.com\\\/pt\\\/#website\",\"url\":\"https:\\\/\\\/www.rucashk.com\\\/pt\\\/\",\"name\":\"Rucas - Wholesale and distribution worldwide\",\"alternateName\":\"Rucas - One-stop AIoT Distribution Worldwide\",\"description\":\"One-stop AIoT Distribution Worldwide\",\"inLanguage\":\"pt-PT\",\"publisher\":{\"@id\":\"https:\\\/\\\/www.rucashk.com\\\/pt\\\/#organization\"}}]}\n\t\t<\/script>\n\t\t<!-- All in One SEO Pro -->\r\n\t\t<title>Nintendo Switch\u2122 \u2013 OLED Model: Mario Red Edition - Rucas - Wholesale and Distribution<\/title>\n\n","aioseo_head_json":{"title":"Nintendo Switch\u2122 \u2013 OLED Model: Mario Red Edition - Rucas - Wholesale and Distribution","description":"Product Features\uff1a Vivid 7\" OLED screen. Design elements inspired by Mario. Three play modes: TV, Tabletop, and Handheld. Detachable Joy-Con controllers. 64 GB internal storage (a portion of which is reserved for use by the system). Enhanced audio in Handheld and Tabletop modes. Wide adjustable stand. Dock with wired LAN port (LAN cable sold separately). Nintendo Switch is the home of Mario and more family-friendly series.","canonical_url":"https:\/\/www.rucashk.com\/pt\/produto\/nintendo-switch-oled-model-mario-red-edition\/","robots":"max-image-preview:large","keywords":"","webmasterTools":{"miscellaneous":""},"og:locale":"pt_PT","og:site_name":"Rucas - One-stop AIoT Distribution Worldwide","og:type":"article","og:title":"Nintendo Switch\u2122 \u2013 OLED Model: Mario Red Edition - Rucas - Wholesale and Distribution","og:description":"Product Features\uff1a Vivid 7&quot; OLED screen. Design elements inspired by Mario. Three play modes: TV, Tabletop, and Handheld. Detachable Joy-Con controllers. 64 GB internal storage (a portion of which is reserved for use by the system). Enhanced audio in Handheld and Tabletop modes. Wide adjustable stand. Dock with wired LAN port (LAN cable sold separately). Nintendo Switch is the home of Mario and more family-friendly series.","og:url":"https:\/\/www.rucashk.com\/pt\/produto\/nintendo-switch-oled-model-mario-red-edition\/","og:image":"https:\/\/www.rucashk.com\/wp-content\/uploads\/replace\/503b8e645f128a97ccde2b6290747646.jpeg","og:image:secure_url":"https:\/\/www.rucashk.com\/wp-content\/uploads\/replace\/503b8e645f128a97ccde2b6290747646.jpeg","og:image:width":1456,"og:image:height":816,"article:published_time":"2024-03-15T14:24:36+00:00","article:modified_time":"2024-04-16T13:31:48+00:00","twitter:card":"summary_large_image","twitter:title":"Nintendo Switch\u2122 \u2013 OLED Model: Mario Red Edition - Rucas - Wholesale and Distribution","twitter:description":"Product Features\uff1a Vivid 7&quot; OLED screen. Design elements inspired by Mario. Three play modes: TV, Tabletop, and Handheld. Detachable Joy-Con controllers. 64 GB internal storage (a portion of which is reserved for use by the system). Enhanced audio in Handheld and Tabletop modes. Wide adjustable stand. Dock with wired LAN port (LAN cable sold separately). Nintendo Switch is the home of Mario and more family-friendly series.","twitter:image":"https:\/\/www.rucashk.com\/wp-content\/uploads\/replace\/503b8e645f128a97ccde2b6290747646.jpeg","schema":{"@context":"https:\/\/schema.org","@graph":[{"@type":"BreadcrumbList","@id":"https:\/\/www.rucashk.com\/pt\/produto\/nintendo-switch-oled-model-mario-red-edition\/#breadcrumblist","itemListElement":[{"@type":"ListItem","@id":"https:\/\/www.rucashk.com\/pt\/#listItem","position":1,"name":"Home","item":"https:\/\/www.rucashk.com\/pt\/","nextItem":"https:\/\/www.rucashk.com\/pt\/produto\/nintendo-switch-oled-model-mario-red-edition\/#listItem"},{"@type":"ListItem","@id":"https:\/\/www.rucashk.com\/pt\/produto\/nintendo-switch-oled-model-mario-red-edition\/#listItem","position":2,"name":"Nintendo Switch\u2122 \u2013 OLED Model: Mario Red Edition","previousItem":"https:\/\/www.rucashk.com\/pt\/#listItem"}]},{"@type":"Organization","@id":"https:\/\/www.rucashk.com\/pt\/#organization","name":"Rucas","url":"https:\/\/www.rucashk.com\/pt\/","logo":{"@type":"ImageObject","url":"https:\/\/www.rucashk.com\/wp-content\/uploads\/2023\/12\/Rucas_campany_logo.png","@id":"https:\/\/www.rucashk.com\/pt\/produto\/nintendo-switch-oled-model-mario-red-edition\/#organizationLogo","width":221,"height":65},"image":{"@id":"https:\/\/www.rucashk.com\/pt\/#organizationLogo"}},{"@type":"Person","@id":"https:\/\/www.rucashk.com\/pt\/author\/admin\/#author","url":"https:\/\/www.rucashk.com\/pt\/author\/admin\/","name":"admin","image":{"@type":"ImageObject","@id":"https:\/\/www.rucashk.com\/pt\/produto\/nintendo-switch-oled-model-mario-red-edition\/#authorImage","url":"https:\/\/secure.gravatar.com\/avatar\/b7c8925b09a27e72b30232f8ecaadbd5af0f70a38c78096863fe51b64f031c24?s=96&d=mm&r=g","width":96,"height":96,"caption":"admin"}},{"@type":"WebPage","@id":"https:\/\/www.rucashk.com\/pt\/produto\/nintendo-switch-oled-model-mario-red-edition\/#webpage","url":"https:\/\/www.rucashk.com\/pt\/produto\/nintendo-switch-oled-model-mario-red-edition\/","name":"Nintendo Switch\u2122 \u2013 OLED Model: Mario Red Edition - Rucas - Wholesale and Distribution","description":"Product Features\uff1a Vivid 7\" OLED screen. Design elements inspired by Mario. Three play modes: TV, Tabletop, and Handheld. Detachable Joy-Con controllers. 64 GB internal storage (a portion of which is reserved for use by the system). Enhanced audio in Handheld and Tabletop modes. Wide adjustable stand. Dock with wired LAN port (LAN cable sold separately). Nintendo Switch is the home of Mario and more family-friendly series.","inLanguage":"pt-PT","isPartOf":{"@id":"https:\/\/www.rucashk.com\/pt\/#website"},"breadcrumb":{"@id":"https:\/\/www.rucashk.com\/pt\/produto\/nintendo-switch-oled-model-mario-red-edition\/#breadcrumblist"},"author":{"@id":"https:\/\/www.rucashk.com\/pt\/author\/admin\/#author"},"creator":{"@id":"https:\/\/www.rucashk.com\/pt\/author\/admin\/#author"},"image":{"@type":"ImageObject","url":"https:\/\/www.rucashk.com\/wp-content\/uploads\/2024\/03\/5aa7b27c-7d0b-4478-9b13-7fe31bc4979b.jpg","@id":"https:\/\/www.rucashk.com\/pt\/produto\/nintendo-switch-oled-model-mario-red-edition\/#mainImage","width":1500,"height":1500},"primaryImageOfPage":{"@id":"https:\/\/www.rucashk.com\/pt\/produto\/nintendo-switch-oled-model-mario-red-edition\/#mainImage"},"datePublished":"2024-03-15T14:24:36+00:00","dateModified":"2024-04-16T13:31:48+00:00"},{"@type":"WebSite","@id":"https:\/\/www.rucashk.com\/pt\/#website","url":"https:\/\/www.rucashk.com\/pt\/","name":"Rucas - Wholesale and distribution worldwide","alternateName":"Rucas - One-stop AIoT Distribution Worldwide","description":"One-stop AIoT Distribution Worldwide","inLanguage":"pt-PT","publisher":{"@id":"https:\/\/www.rucashk.com\/pt\/#organization"}}]}},"aioseo_meta_data":{"post_id":"37709","title":null,"description":null,"keywords":null,"keyphrases":null,"primary_term":null,"canonical_url":null,"og_title":null,"og_description":null,"og_object_type":"default","og_image_type":"default","og_image_url":null,"og_image_width":null,"og_image_height":null,"og_image_custom_url":null,"og_image_custom_fields":null,"og_video":null,"og_custom_url":null,"og_article_section":null,"og_article_tags":null,"twitter_use_og":false,"twitter_card":"default","twitter_image_type":"default","twitter_image_url":null,"twitter_image_custom_url":null,"twitter_image_custom_fields":null,"twitter_title":null,"twitter_description":null,"schema":{"blockGraphs":[],"customGraphs":[],"default":{"data":{"Article":[],"Course":[],"Dataset":[],"FAQPage":[],"Movie":[],"Person":[],"Product":[],"Recipe":[],"Service":[],"SoftwareApplication":[],"WebPage":[]},"graphName":"","isEnabled":true},"graphs":[]},"schema_type":"default","schema_type_options":null,"pillar_content":false,"robots_default":true,"robots_noindex":false,"robots_noarchive":false,"robots_nosnippet":false,"robots_nofollow":false,"robots_noimageindex":false,"robots_noodp":false,"robots_notranslate":false,"robots_max_snippet":null,"robots_max_videopreview":null,"robots_max_imagepreview":"large","priority":null,"frequency":null,"local_seo":null,"breadcrumb_settings":null,"limit_modified_date":false,"created":"2024-04-11 01:57:23","updated":"2025-06-22 18:46:54"},"aioseo_breadcrumb":"<div class=\"aioseo-breadcrumbs\"><span class=\"aioseo-breadcrumb\">\n\t<a href=\"https:\/\/www.rucashk.com\/pt\" title=\"Home\">Home<\/a>\n<\/span><span class=\"aioseo-breadcrumb-separator\">&raquo;<\/span><span class=\"aioseo-breadcrumb\">\n\t<a href=\"https:\/\/www.rucashk.com\/pt\/products\/\" title=\"Produtos\">Produtos<\/a>\n<\/span><span class=\"aioseo-breadcrumb-separator\">&raquo;<\/span><span class=\"aioseo-breadcrumb\">\n\t<a href=\"https:\/\/www.rucashk.com\/pt\/marca\/nintendo\/\" title=\"Nintendo\">Nintendo<\/a>\n<\/span><span class=\"aioseo-breadcrumb-separator\">&raquo;<\/span><span class=\"aioseo-breadcrumb\">\n\tNintendo Switch\u2122 \u2013 OLED Model: Mario Red Edition\n<\/span><\/div>","aioseo_breadcrumb_json":[{"label":"Home","link":"https:\/\/www.rucashk.com\/pt"},{"label":"Produtos","link":"https:\/\/www.rucashk.com\/pt\/products\/"},{"label":"Nintendo","link":"https:\/\/www.rucashk.com\/pt\/marca\/nintendo\/"},{"label":"Nintendo Switch\u2122 \u2013 OLED Model: Mario Red Edition","link":"https:\/\/www.rucashk.com\/pt\/produto\/nintendo-switch-oled-model-mario-red-edition\/"}],"_links":{"self":[{"href":"https:\/\/www.rucashk.com\/pt\/wp-json\/wp\/v2\/product\/37709","targetHints":{"allow":["GET"]}}],"collection":[{"href":"https:\/\/www.rucashk.com\/pt\/wp-json\/wp\/v2\/product"}],"about":[{"href":"https:\/\/www.rucashk.com\/pt\/wp-json\/wp\/v2\/types\/product"}],"wp:featuredmedia":[{"embeddable":true,"href":"https:\/\/www.rucashk.com\/pt\/wp-json\/wp\/v2\/media\/37713"}],"wp:attachment":[{"href":"https:\/\/www.rucashk.com\/pt\/wp-json\/wp\/v2\/media?parent=37709"}],"wp:term":[{"taxonomy":"product_brand","embeddable":true,"href":"https:\/\/www.rucashk.com\/pt\/wp-json\/wp\/v2\/product_brand?post=37709"},{"taxonomy":"product_cat","embeddable":true,"href":"https:\/\/www.rucashk.com\/pt\/wp-json\/wp\/v2\/product_cat?post=37709"},{"taxonomy":"product_tag","embeddable":true,"href":"https:\/\/www.rucashk.com\/pt\/wp-json\/wp\/v2\/product_tag?post=37709"}],"curies":[{"name":"wp","href":"https:\/\/api.w.org\/{rel}","templated":true}]}}