{"id":37703,"date":"2024-03-15T14:18:02","date_gmt":"2024-03-15T14:18:02","guid":{"rendered":"http:\/\/rucashk.com\/?post_type=product&#038;p=37703"},"modified":"2024-04-16T13:32:59","modified_gmt":"2024-04-16T13:32:59","slug":"nintendo-oled-switch-console-pokemon-scarlet-violet-edition","status":"publish","type":"product","link":"https:\/\/www.rucashk.com\/pt\/produto\/nintendo-oled-switch-console-pokemon-scarlet-violet-edition\/","title":{"rendered":"Consola Nintendo OLED Switch Pok\u00e9mon Scarlet\/Violet Edition"},"content":{"rendered":"<p><iframe title=\"Nintendo Switch (OLED\u6b3e\u5f0f) \u6731\uff0f\u7d2b\u7248\u4e3b\u6a5f\" src=\"https:\/\/www.youtube.com\/embed\/Sys4gmBvbi8\" width=\"1176\" height=\"720\" frameborder=\"0\" allowfullscreen=\"allowfullscreen\"><\/iframe><\/p>\n<p>Apresentando o mais novo membro da fam\u00edlia Nintendo Switch, jogue em casa na TV ou em qualquer lugar com uma vibrante tela OLED de 7 polegadas com o sistema Nintendo Switch (modelo OLED). al\u00e9m de uma nova tela com cores vivas e contraste n\u00edtido,<\/p>\n<p>O Nintendo Switch (modelo OLED) inclui um amplo suporte ajust\u00e1vel para \u00e2ngulos de vis\u00e3o mais confort\u00e1veis, um dock com uma porta LAN com fio para modo TV (cabo LAN vendido separadamente), 64 GB de armazenamento interno e \u00e1udio aprimorado nos modos port\u00e1til e de mesa usando o alto-falantes do sistema.<br \/>\n\u2022 Tela OLED de 7 polegadas \u2013 Desfrute de cores vivas e contraste n\u00edtido com uma tela que real\u00e7a as cores<br \/>\n\u2022 Suporte amplo e ajust\u00e1vel \u2013 incline livremente o suporte amplo e ajust\u00e1vel do sistema para uma visualiza\u00e7\u00e3o confort\u00e1vel no modo de mesa<br \/>\n\u2022 porta LAN com fio \u2013 Use a porta LAN do dock ao jogar no modo TV para uma conex\u00e3o de Internet com fio<br \/>\n\u2022 64 GB de armazenamento interno \u2013 salve jogos em seu sistema com 64 GB de armazenamento interno \u2022 \u00e1udio aprimorado \u2013 desfrute de som aprimorado dos alto-falantes integrados do sistema ao jogar nos modos port\u00e1til e de mesa<br \/>\n\u2022 suporta todos os controladores Joy-Con e software Nintendo Switch. Pode haver software em que a experi\u00eancia de jogo possa ser diferente devido aos novos recursos do sistema, como o tamanho maior da tela.<\/p>","protected":false},"excerpt":{"rendered":"<p>Na superf\u00edcie da doca branca brilhante, os Pok\u00e9mon Lend\u00e1rios Koraidon e Miraidon s\u00e3o exibidos nas cores de suas respectivas vers\u00f5es. O lado inferior esquerdo da parte traseira do dock tem um motivo Pok\u00e9 Ball.<br \/>\nUma ilustra\u00e7\u00e3o especial com os tr\u00eas Pok\u00e9mon que voc\u00ea pode escolher como seu primeiro parceiro nos jogos, Sprigatito, Fuecoco e Quaxly, adorna a parte traseira do sistema ao lado de s\u00edmbolos que aparecem ao longo dos jogos.<br \/>\nOs controladores Joy-Con inclu\u00eddos t\u00eam as cores principais Pok\u00e9mon Scarlet e Pok\u00e9mon Violet e s\u00e3o decorados com os respectivos bras\u00f5es das escolas dos jogos, Naranja Academy e Uva Academy.<br \/>\nJogos Pok\u00e9mon Scarlet e Pok\u00e9mon Violet vendidos separadamente.<\/p>","protected":false},"featured_media":37704,"template":"","meta":[],"product_brand":[1359],"product_cat":[1286],"product_tag":[1360],"class_list":{"0":"post-37703","1":"product","2":"type-product","3":"status-publish","4":"has-post-thumbnail","6":"product_brand-nintendo","7":"product_cat-nintendo-console","8":"product_tag-console","10":"first","11":"instock","12":"shipping-taxable","13":"product-type-simple"},"aioseo_notices":[],"aioseo_head":"\n\t\t<!-- All in One SEO Pro 4.5.9.2 - aioseo.com -->\n\t\t<meta name=\"description\" content=\"On the surface of the glossy white dock, the Legendary Pok\u00e9mon Koraidon and Miraidon are displayed in their respective version colors. The bottom-left side of the back of the dock has a Pok\u00e9 Ball motif. A special illustration featuring the three Pok\u00e9mon that you can choose as your first partner in the games, Sprigatito, Fuecoco, and Quaxly, adorns the back of the system alongside symbols that appear throughout the games. The included Joy-Con controllers have the main colors of Pok\u00e9mon Scarlet and Pok\u00e9mon Violet and are decorated with the respective crests of the schools from the games, Naranja Academy and Uva Academy. Pok\u00e9mon Scarlet and Pok\u00e9mon Violet games sold separately.\" \/>\n\t\t<meta name=\"robots\" content=\"max-image-preview:large\" \/>\n\t\t<link rel=\"canonical\" href=\"https:\/\/www.rucashk.com\/pt\/produto\/nintendo-oled-switch-console-pokemon-scarlet-violet-edition\/\" \/>\n\t\t<meta name=\"generator\" content=\"All in One SEO Pro (AIOSEO) 4.5.9.2\" \/>\n\t\t<meta property=\"og:locale\" content=\"pt_PT\" \/>\n\t\t<meta property=\"og:site_name\" content=\"Rucas - One-stop AIoT Distribution Worldwide\" \/>\n\t\t<meta property=\"og:type\" content=\"article\" \/>\n\t\t<meta property=\"og:title\" content=\"Nintendo OLED Switch Console Pokemon Scarlet\/Violet Edition - Rucas - Wholesale and Distribution\" \/>\n\t\t<meta property=\"og:description\" content=\"On the surface of the glossy white dock, the Legendary Pok\u00e9mon Koraidon and Miraidon are displayed in their respective version colors. The bottom-left side of the back of the dock has a Pok\u00e9 Ball motif. A special illustration featuring the three Pok\u00e9mon that you can choose as your first partner in the games, Sprigatito, Fuecoco, and Quaxly, adorns the back of the system alongside symbols that appear throughout the games. The included Joy-Con controllers have the main colors of Pok\u00e9mon Scarlet and Pok\u00e9mon Violet and are decorated with the respective crests of the schools from the games, Naranja Academy and Uva Academy. Pok\u00e9mon Scarlet and Pok\u00e9mon Violet games sold separately.\" \/>\n\t\t<meta property=\"og:url\" content=\"https:\/\/www.rucashk.com\/pt\/produto\/nintendo-oled-switch-console-pokemon-scarlet-violet-edition\/\" \/>\n\t\t<meta property=\"og:image\" content=\"https:\/\/www.rucashk.com\/wp-content\/uploads\/replace\/503b8e645f128a97ccde2b6290747646.jpeg\" \/>\n\t\t<meta property=\"og:image:secure_url\" content=\"https:\/\/www.rucashk.com\/wp-content\/uploads\/replace\/503b8e645f128a97ccde2b6290747646.jpeg\" \/>\n\t\t<meta property=\"og:image:width\" content=\"1456\" \/>\n\t\t<meta property=\"og:image:height\" content=\"816\" \/>\n\t\t<meta property=\"article:published_time\" content=\"2024-03-15T14:18:02+00:00\" \/>\n\t\t<meta property=\"article:modified_time\" content=\"2024-04-16T13:32:59+00:00\" \/>\n\t\t<meta name=\"twitter:card\" content=\"summary_large_image\" \/>\n\t\t<meta name=\"twitter:title\" content=\"Nintendo OLED Switch Console Pokemon Scarlet\/Violet Edition - Rucas - Wholesale and Distribution\" \/>\n\t\t<meta name=\"twitter:description\" content=\"On the surface of the glossy white dock, the Legendary Pok\u00e9mon Koraidon and Miraidon are displayed in their respective version colors. The bottom-left side of the back of the dock has a Pok\u00e9 Ball motif. A special illustration featuring the three Pok\u00e9mon that you can choose as your first partner in the games, Sprigatito, Fuecoco, and Quaxly, adorns the back of the system alongside symbols that appear throughout the games. The included Joy-Con controllers have the main colors of Pok\u00e9mon Scarlet and Pok\u00e9mon Violet and are decorated with the respective crests of the schools from the games, Naranja Academy and Uva Academy. Pok\u00e9mon Scarlet and Pok\u00e9mon Violet games sold separately.\" \/>\n\t\t<meta name=\"twitter:image\" content=\"https:\/\/www.rucashk.com\/wp-content\/uploads\/replace\/503b8e645f128a97ccde2b6290747646.jpeg\" \/>\n\t\t<script type=\"application\/ld+json\" class=\"aioseo-schema\">\n\t\t\t{\"@context\":\"https:\\\/\\\/schema.org\",\"@graph\":[{\"@type\":\"BreadcrumbList\",\"@id\":\"https:\\\/\\\/www.rucashk.com\\\/pt\\\/produto\\\/nintendo-oled-switch-console-pokemon-scarlet-violet-edition\\\/#breadcrumblist\",\"itemListElement\":[{\"@type\":\"ListItem\",\"@id\":\"https:\\\/\\\/www.rucashk.com\\\/pt\\\/#listItem\",\"position\":1,\"name\":\"Home\",\"item\":\"https:\\\/\\\/www.rucashk.com\\\/pt\\\/\",\"nextItem\":\"https:\\\/\\\/www.rucashk.com\\\/pt\\\/produto\\\/nintendo-oled-switch-console-pokemon-scarlet-violet-edition\\\/#listItem\"},{\"@type\":\"ListItem\",\"@id\":\"https:\\\/\\\/www.rucashk.com\\\/pt\\\/produto\\\/nintendo-oled-switch-console-pokemon-scarlet-violet-edition\\\/#listItem\",\"position\":2,\"name\":\"Nintendo OLED Switch Console Pokemon Scarlet\\\/Violet Edition\",\"previousItem\":\"https:\\\/\\\/www.rucashk.com\\\/pt\\\/#listItem\"}]},{\"@type\":\"Organization\",\"@id\":\"https:\\\/\\\/www.rucashk.com\\\/pt\\\/#organization\",\"name\":\"Rucas\",\"url\":\"https:\\\/\\\/www.rucashk.com\\\/pt\\\/\",\"logo\":{\"@type\":\"ImageObject\",\"url\":\"https:\\\/\\\/www.rucashk.com\\\/wp-content\\\/uploads\\\/2023\\\/12\\\/Rucas_campany_logo.png\",\"@id\":\"https:\\\/\\\/www.rucashk.com\\\/pt\\\/produto\\\/nintendo-oled-switch-console-pokemon-scarlet-violet-edition\\\/#organizationLogo\",\"width\":221,\"height\":65},\"image\":{\"@id\":\"https:\\\/\\\/www.rucashk.com\\\/pt\\\/#organizationLogo\"}},{\"@type\":\"Person\",\"@id\":\"https:\\\/\\\/www.rucashk.com\\\/pt\\\/author\\\/admin\\\/#author\",\"url\":\"https:\\\/\\\/www.rucashk.com\\\/pt\\\/author\\\/admin\\\/\",\"name\":\"admin\",\"image\":{\"@type\":\"ImageObject\",\"@id\":\"https:\\\/\\\/www.rucashk.com\\\/pt\\\/produto\\\/nintendo-oled-switch-console-pokemon-scarlet-violet-edition\\\/#authorImage\",\"url\":\"https:\\\/\\\/secure.gravatar.com\\\/avatar\\\/b7c8925b09a27e72b30232f8ecaadbd5af0f70a38c78096863fe51b64f031c24?s=96&d=mm&r=g\",\"width\":96,\"height\":96,\"caption\":\"admin\"}},{\"@type\":\"WebPage\",\"@id\":\"https:\\\/\\\/www.rucashk.com\\\/pt\\\/produto\\\/nintendo-oled-switch-console-pokemon-scarlet-violet-edition\\\/#webpage\",\"url\":\"https:\\\/\\\/www.rucashk.com\\\/pt\\\/produto\\\/nintendo-oled-switch-console-pokemon-scarlet-violet-edition\\\/\",\"name\":\"Nintendo OLED Switch Console Pokemon Scarlet\\\/Violet Edition - Rucas - Wholesale and Distribution\",\"description\":\"On the surface of the glossy white dock, the Legendary Pok\\u00e9mon Koraidon and Miraidon are displayed in their respective version colors. The bottom-left side of the back of the dock has a Pok\\u00e9 Ball motif. A special illustration featuring the three Pok\\u00e9mon that you can choose as your first partner in the games, Sprigatito, Fuecoco, and Quaxly, adorns the back of the system alongside symbols that appear throughout the games. The included Joy-Con controllers have the main colors of Pok\\u00e9mon Scarlet and Pok\\u00e9mon Violet and are decorated with the respective crests of the schools from the games, Naranja Academy and Uva Academy. Pok\\u00e9mon Scarlet and Pok\\u00e9mon Violet games sold separately.\",\"inLanguage\":\"pt-PT\",\"isPartOf\":{\"@id\":\"https:\\\/\\\/www.rucashk.com\\\/pt\\\/#website\"},\"breadcrumb\":{\"@id\":\"https:\\\/\\\/www.rucashk.com\\\/pt\\\/produto\\\/nintendo-oled-switch-console-pokemon-scarlet-violet-edition\\\/#breadcrumblist\"},\"author\":{\"@id\":\"https:\\\/\\\/www.rucashk.com\\\/pt\\\/author\\\/admin\\\/#author\"},\"creator\":{\"@id\":\"https:\\\/\\\/www.rucashk.com\\\/pt\\\/author\\\/admin\\\/#author\"},\"image\":{\"@type\":\"ImageObject\",\"url\":\"https:\\\/\\\/www.rucashk.com\\\/wp-content\\\/uploads\\\/2024\\\/03\\\/73160300-1740-4feb-b119-fbdc89452b58.jpg\",\"@id\":\"https:\\\/\\\/www.rucashk.com\\\/pt\\\/produto\\\/nintendo-oled-switch-console-pokemon-scarlet-violet-edition\\\/#mainImage\",\"width\":1500,\"height\":1427},\"primaryImageOfPage\":{\"@id\":\"https:\\\/\\\/www.rucashk.com\\\/pt\\\/produto\\\/nintendo-oled-switch-console-pokemon-scarlet-violet-edition\\\/#mainImage\"},\"datePublished\":\"2024-03-15T14:18:02+00:00\",\"dateModified\":\"2024-04-16T13:32:59+00:00\"},{\"@type\":\"WebSite\",\"@id\":\"https:\\\/\\\/www.rucashk.com\\\/pt\\\/#website\",\"url\":\"https:\\\/\\\/www.rucashk.com\\\/pt\\\/\",\"name\":\"Rucas - Wholesale and distribution worldwide\",\"alternateName\":\"Rucas - One-stop AIoT Distribution Worldwide\",\"description\":\"One-stop AIoT Distribution Worldwide\",\"inLanguage\":\"pt-PT\",\"publisher\":{\"@id\":\"https:\\\/\\\/www.rucashk.com\\\/pt\\\/#organization\"}}]}\n\t\t<\/script>\n\t\t<!-- All in One SEO Pro -->\r\n\t\t<title>Nintendo OLED Switch Console Pokemon Scarlet\/Violet Edition - Rucas - Wholesale and Distribution<\/title>\n\n","aioseo_head_json":{"title":"Nintendo OLED Switch Console Pokemon Scarlet\/Violet Edition - Rucas - Wholesale and Distribution","description":"On the surface of the glossy white dock, the Legendary Pok\u00e9mon Koraidon and Miraidon are displayed in their respective version colors. The bottom-left side of the back of the dock has a Pok\u00e9 Ball motif. A special illustration featuring the three Pok\u00e9mon that you can choose as your first partner in the games, Sprigatito, Fuecoco, and Quaxly, adorns the back of the system alongside symbols that appear throughout the games. The included Joy-Con controllers have the main colors of Pok\u00e9mon Scarlet and Pok\u00e9mon Violet and are decorated with the respective crests of the schools from the games, Naranja Academy and Uva Academy. Pok\u00e9mon Scarlet and Pok\u00e9mon Violet games sold separately.","canonical_url":"https:\/\/www.rucashk.com\/pt\/produto\/nintendo-oled-switch-console-pokemon-scarlet-violet-edition\/","robots":"max-image-preview:large","keywords":"","webmasterTools":{"miscellaneous":""},"og:locale":"pt_PT","og:site_name":"Rucas - One-stop AIoT Distribution Worldwide","og:type":"article","og:title":"Nintendo OLED Switch Console Pokemon Scarlet\/Violet Edition - Rucas - Wholesale and Distribution","og:description":"On the surface of the glossy white dock, the Legendary Pok\u00e9mon Koraidon and Miraidon are displayed in their respective version colors. The bottom-left side of the back of the dock has a Pok\u00e9 Ball motif. A special illustration featuring the three Pok\u00e9mon that you can choose as your first partner in the games, Sprigatito, Fuecoco, and Quaxly, adorns the back of the system alongside symbols that appear throughout the games. The included Joy-Con controllers have the main colors of Pok\u00e9mon Scarlet and Pok\u00e9mon Violet and are decorated with the respective crests of the schools from the games, Naranja Academy and Uva Academy. Pok\u00e9mon Scarlet and Pok\u00e9mon Violet games sold separately.","og:url":"https:\/\/www.rucashk.com\/pt\/produto\/nintendo-oled-switch-console-pokemon-scarlet-violet-edition\/","og:image":"https:\/\/www.rucashk.com\/wp-content\/uploads\/replace\/503b8e645f128a97ccde2b6290747646.jpeg","og:image:secure_url":"https:\/\/www.rucashk.com\/wp-content\/uploads\/replace\/503b8e645f128a97ccde2b6290747646.jpeg","og:image:width":1456,"og:image:height":816,"article:published_time":"2024-03-15T14:18:02+00:00","article:modified_time":"2024-04-16T13:32:59+00:00","twitter:card":"summary_large_image","twitter:title":"Nintendo OLED Switch Console Pokemon Scarlet\/Violet Edition - Rucas - Wholesale and Distribution","twitter:description":"On the surface of the glossy white dock, the Legendary Pok\u00e9mon Koraidon and Miraidon are displayed in their respective version colors. The bottom-left side of the back of the dock has a Pok\u00e9 Ball motif. A special illustration featuring the three Pok\u00e9mon that you can choose as your first partner in the games, Sprigatito, Fuecoco, and Quaxly, adorns the back of the system alongside symbols that appear throughout the games. The included Joy-Con controllers have the main colors of Pok\u00e9mon Scarlet and Pok\u00e9mon Violet and are decorated with the respective crests of the schools from the games, Naranja Academy and Uva Academy. Pok\u00e9mon Scarlet and Pok\u00e9mon Violet games sold separately.","twitter:image":"https:\/\/www.rucashk.com\/wp-content\/uploads\/replace\/503b8e645f128a97ccde2b6290747646.jpeg","schema":{"@context":"https:\/\/schema.org","@graph":[{"@type":"BreadcrumbList","@id":"https:\/\/www.rucashk.com\/pt\/produto\/nintendo-oled-switch-console-pokemon-scarlet-violet-edition\/#breadcrumblist","itemListElement":[{"@type":"ListItem","@id":"https:\/\/www.rucashk.com\/pt\/#listItem","position":1,"name":"Home","item":"https:\/\/www.rucashk.com\/pt\/","nextItem":"https:\/\/www.rucashk.com\/pt\/produto\/nintendo-oled-switch-console-pokemon-scarlet-violet-edition\/#listItem"},{"@type":"ListItem","@id":"https:\/\/www.rucashk.com\/pt\/produto\/nintendo-oled-switch-console-pokemon-scarlet-violet-edition\/#listItem","position":2,"name":"Nintendo OLED Switch Console Pokemon Scarlet\/Violet Edition","previousItem":"https:\/\/www.rucashk.com\/pt\/#listItem"}]},{"@type":"Organization","@id":"https:\/\/www.rucashk.com\/pt\/#organization","name":"Rucas","url":"https:\/\/www.rucashk.com\/pt\/","logo":{"@type":"ImageObject","url":"https:\/\/www.rucashk.com\/wp-content\/uploads\/2023\/12\/Rucas_campany_logo.png","@id":"https:\/\/www.rucashk.com\/pt\/produto\/nintendo-oled-switch-console-pokemon-scarlet-violet-edition\/#organizationLogo","width":221,"height":65},"image":{"@id":"https:\/\/www.rucashk.com\/pt\/#organizationLogo"}},{"@type":"Person","@id":"https:\/\/www.rucashk.com\/pt\/author\/admin\/#author","url":"https:\/\/www.rucashk.com\/pt\/author\/admin\/","name":"admin","image":{"@type":"ImageObject","@id":"https:\/\/www.rucashk.com\/pt\/produto\/nintendo-oled-switch-console-pokemon-scarlet-violet-edition\/#authorImage","url":"https:\/\/secure.gravatar.com\/avatar\/b7c8925b09a27e72b30232f8ecaadbd5af0f70a38c78096863fe51b64f031c24?s=96&d=mm&r=g","width":96,"height":96,"caption":"admin"}},{"@type":"WebPage","@id":"https:\/\/www.rucashk.com\/pt\/produto\/nintendo-oled-switch-console-pokemon-scarlet-violet-edition\/#webpage","url":"https:\/\/www.rucashk.com\/pt\/produto\/nintendo-oled-switch-console-pokemon-scarlet-violet-edition\/","name":"Nintendo OLED Switch Console Pokemon Scarlet\/Violet Edition - Rucas - Wholesale and Distribution","description":"On the surface of the glossy white dock, the Legendary Pok\u00e9mon Koraidon and Miraidon are displayed in their respective version colors. The bottom-left side of the back of the dock has a Pok\u00e9 Ball motif. A special illustration featuring the three Pok\u00e9mon that you can choose as your first partner in the games, Sprigatito, Fuecoco, and Quaxly, adorns the back of the system alongside symbols that appear throughout the games. The included Joy-Con controllers have the main colors of Pok\u00e9mon Scarlet and Pok\u00e9mon Violet and are decorated with the respective crests of the schools from the games, Naranja Academy and Uva Academy. Pok\u00e9mon Scarlet and Pok\u00e9mon Violet games sold separately.","inLanguage":"pt-PT","isPartOf":{"@id":"https:\/\/www.rucashk.com\/pt\/#website"},"breadcrumb":{"@id":"https:\/\/www.rucashk.com\/pt\/produto\/nintendo-oled-switch-console-pokemon-scarlet-violet-edition\/#breadcrumblist"},"author":{"@id":"https:\/\/www.rucashk.com\/pt\/author\/admin\/#author"},"creator":{"@id":"https:\/\/www.rucashk.com\/pt\/author\/admin\/#author"},"image":{"@type":"ImageObject","url":"https:\/\/www.rucashk.com\/wp-content\/uploads\/2024\/03\/73160300-1740-4feb-b119-fbdc89452b58.jpg","@id":"https:\/\/www.rucashk.com\/pt\/produto\/nintendo-oled-switch-console-pokemon-scarlet-violet-edition\/#mainImage","width":1500,"height":1427},"primaryImageOfPage":{"@id":"https:\/\/www.rucashk.com\/pt\/produto\/nintendo-oled-switch-console-pokemon-scarlet-violet-edition\/#mainImage"},"datePublished":"2024-03-15T14:18:02+00:00","dateModified":"2024-04-16T13:32:59+00:00"},{"@type":"WebSite","@id":"https:\/\/www.rucashk.com\/pt\/#website","url":"https:\/\/www.rucashk.com\/pt\/","name":"Rucas - Wholesale and distribution worldwide","alternateName":"Rucas - One-stop AIoT Distribution Worldwide","description":"One-stop AIoT Distribution Worldwide","inLanguage":"pt-PT","publisher":{"@id":"https:\/\/www.rucashk.com\/pt\/#organization"}}]}},"aioseo_meta_data":{"post_id":"37703","title":null,"description":null,"keywords":null,"keyphrases":null,"primary_term":null,"canonical_url":null,"og_title":null,"og_description":null,"og_object_type":"default","og_image_type":"default","og_image_url":null,"og_image_width":null,"og_image_height":null,"og_image_custom_url":null,"og_image_custom_fields":null,"og_video":null,"og_custom_url":null,"og_article_section":null,"og_article_tags":null,"twitter_use_og":false,"twitter_card":"default","twitter_image_type":"default","twitter_image_url":null,"twitter_image_custom_url":null,"twitter_image_custom_fields":null,"twitter_title":null,"twitter_description":null,"schema":{"blockGraphs":[],"customGraphs":[],"default":{"data":{"Article":[],"Course":[],"Dataset":[],"FAQPage":[],"Movie":[],"Person":[],"Product":[],"Recipe":[],"Service":[],"SoftwareApplication":[],"WebPage":[]},"graphName":"","isEnabled":true},"graphs":[]},"schema_type":"default","schema_type_options":null,"pillar_content":false,"robots_default":true,"robots_noindex":false,"robots_noarchive":false,"robots_nosnippet":false,"robots_nofollow":false,"robots_noimageindex":false,"robots_noodp":false,"robots_notranslate":false,"robots_max_snippet":null,"robots_max_videopreview":null,"robots_max_imagepreview":"large","priority":null,"frequency":null,"local_seo":null,"breadcrumb_settings":null,"limit_modified_date":false,"created":"2024-04-11 01:57:23","updated":"2025-06-22 18:46:54"},"aioseo_breadcrumb":"<div class=\"aioseo-breadcrumbs\"><span class=\"aioseo-breadcrumb\">\n\t<a href=\"https:\/\/www.rucashk.com\/pt\" title=\"Home\">Home<\/a>\n<\/span><span class=\"aioseo-breadcrumb-separator\">&raquo;<\/span><span class=\"aioseo-breadcrumb\">\n\t<a href=\"https:\/\/www.rucashk.com\/pt\/products\/\" title=\"Produtos\">Produtos<\/a>\n<\/span><span class=\"aioseo-breadcrumb-separator\">&raquo;<\/span><span class=\"aioseo-breadcrumb\">\n\t<a href=\"https:\/\/www.rucashk.com\/pt\/marca\/nintendo\/\" title=\"Nintendo\">Nintendo<\/a>\n<\/span><span class=\"aioseo-breadcrumb-separator\">&raquo;<\/span><span class=\"aioseo-breadcrumb\">\n\tNintendo OLED Switch Console Pokemon Scarlet\/Violet Edition\n<\/span><\/div>","aioseo_breadcrumb_json":[{"label":"Home","link":"https:\/\/www.rucashk.com\/pt"},{"label":"Produtos","link":"https:\/\/www.rucashk.com\/pt\/products\/"},{"label":"Nintendo","link":"https:\/\/www.rucashk.com\/pt\/marca\/nintendo\/"},{"label":"Nintendo OLED Switch Console Pokemon Scarlet\/Violet Edition","link":"https:\/\/www.rucashk.com\/pt\/produto\/nintendo-oled-switch-console-pokemon-scarlet-violet-edition\/"}],"_links":{"self":[{"href":"https:\/\/www.rucashk.com\/pt\/wp-json\/wp\/v2\/product\/37703","targetHints":{"allow":["GET"]}}],"collection":[{"href":"https:\/\/www.rucashk.com\/pt\/wp-json\/wp\/v2\/product"}],"about":[{"href":"https:\/\/www.rucashk.com\/pt\/wp-json\/wp\/v2\/types\/product"}],"wp:featuredmedia":[{"embeddable":true,"href":"https:\/\/www.rucashk.com\/pt\/wp-json\/wp\/v2\/media\/37704"}],"wp:attachment":[{"href":"https:\/\/www.rucashk.com\/pt\/wp-json\/wp\/v2\/media?parent=37703"}],"wp:term":[{"taxonomy":"product_brand","embeddable":true,"href":"https:\/\/www.rucashk.com\/pt\/wp-json\/wp\/v2\/product_brand?post=37703"},{"taxonomy":"product_cat","embeddable":true,"href":"https:\/\/www.rucashk.com\/pt\/wp-json\/wp\/v2\/product_cat?post=37703"},{"taxonomy":"product_tag","embeddable":true,"href":"https:\/\/www.rucashk.com\/pt\/wp-json\/wp\/v2\/product_tag?post=37703"}],"curies":[{"name":"wp","href":"https:\/\/api.w.org\/{rel}","templated":true}]}}