{"id":37699,"date":"2024-03-15T14:08:38","date_gmt":"2024-03-15T14:08:38","guid":{"rendered":"http:\/\/rucashk.com\/?post_type=product&#038;p=37699"},"modified":"2024-04-16T13:32:58","modified_gmt":"2024-04-16T13:32:58","slug":"nintendo-switch-game-card","status":"publish","type":"product","link":"https:\/\/www.rucashk.com\/pt\/produto\/nintendo-switch-game-card\/","title":{"rendered":"Cart\u00e3o de jogo Nintendo Switch"},"content":{"rendered":"<p><iframe title=\"Guia completo do Nintendo Switch f\u00edsico versus digital!\" src=\"https:\/\/www.youtube.com\/embed\/pIr96Uff7_Y\" width=\"1280\" height=\"720\" frameborder=\"0\" allowfullscreen=\"allowfullscreen\"><\/iframe><\/p>\n<p>O cart\u00e3o de jogo Nintendo Switch \u00e9 propriet\u00e1rio <a title=\"Mem\u00f3ria flash\" href=\"https:\/\/en.wikipedia.org\/wiki\/Flash_memory\" data-immersive-translate-walked=\"a483ab48-c9db-4fec-a0ad-9977758647da\">armazenamento flash<\/a>formato baseado em formato usado para distribuir fisicamente\u00a0<a title=\"Videogame\" href=\"https:\/\/en.wikipedia.org\/wiki\/Video_game\" data-immersive-translate-walked=\"a483ab48-c9db-4fec-a0ad-9977758647da\">jogos de v\u00eddeo<\/a>\u00a0com certeza\u00a0<a title=\"Nintendo\" href=\"https:\/\/en.wikipedia.org\/wiki\/Nintendo\" data-immersive-translate-walked=\"a483ab48-c9db-4fec-a0ad-9977758647da\">Nintendo<\/a>\u00a0sistemas. Os cart\u00f5es de jogo lembram vers\u00f5es menores e mais finas do Hudson&#039;s\u00a0<a title=\"HuCard\" href=\"https:\/\/en.wikipedia.org\/wiki\/HuCard\" data-immersive-translate-walked=\"a483ab48-c9db-4fec-a0ad-9977758647da\">HuCard<\/a>, o meio de armazenamento para o\u00a0<a title=\"TurboGrafx-16\" href=\"https:\/\/en.wikipedia.org\/wiki\/TurboGrafx-16\" data-immersive-translate-walked=\"a483ab48-c9db-4fec-a0ad-9977758647da\">Motor de PC<\/a>, e a\u00a0<a title=\"Pacote de jogos\" href=\"https:\/\/en.wikipedia.org\/wiki\/Game_Pak\" data-immersive-translate-walked=\"a483ab48-c9db-4fec-a0ad-9977758647da\">Pacote de jogos<\/a>\u00a0<a title=\"Cartucho ROM\" href=\"https:\/\/en.wikipedia.org\/wiki\/ROM_cartridge\" data-immersive-translate-walked=\"a483ab48-c9db-4fec-a0ad-9977758647da\">Cartuchos ROM<\/a>\u00a0usado para consoles de jogos port\u00e1teis anteriores lan\u00e7ados pela Nintendo, como o\u00a0<a title=\"Game Boy\" href=\"https:\/\/en.wikipedia.org\/wiki\/Game_Boy\" data-immersive-translate-walked=\"a483ab48-c9db-4fec-a0ad-9977758647da\">Game Boy<\/a>\u00a0e\u00a0<a title=\"Game Boy Advance\" href=\"https:\/\/en.wikipedia.org\/wiki\/Game_Boy_Advance\" data-immersive-translate-walked=\"a483ab48-c9db-4fec-a0ad-9977758647da\">Game Boy Advance<\/a>.<\/p>","protected":false},"excerpt":{"rendered":"<p>O cart\u00e3o de jogo Nintendo Switch \u00e9 propriet\u00e1rio <a title=\"Mem\u00f3ria flash\" href=\"https:\/\/en.wikipedia.org\/wiki\/Flash_memory\" data-immersive-translate-walked=\"a483ab48-c9db-4fec-a0ad-9977758647da\">armazenamento flash<\/a>formato baseado em formato usado para distribuir fisicamente\u00a0<a title=\"Videogame\" href=\"https:\/\/en.wikipedia.org\/wiki\/Video_game\" data-immersive-translate-walked=\"a483ab48-c9db-4fec-a0ad-9977758647da\">jogos de v\u00eddeo<\/a>\u00a0com certeza\u00a0<a title=\"Nintendo\" href=\"https:\/\/en.wikipedia.org\/wiki\/Nintendo\" data-immersive-translate-walked=\"a483ab48-c9db-4fec-a0ad-9977758647da\">Nintendo<\/a>\u00a0sistemas. Os cart\u00f5es de jogo lembram vers\u00f5es menores e mais finas do Hudson&#039;s\u00a0<a title=\"HuCard\" href=\"https:\/\/en.wikipedia.org\/wiki\/HuCard\" data-immersive-translate-walked=\"a483ab48-c9db-4fec-a0ad-9977758647da\">HuCard<\/a>, o meio de armazenamento para o\u00a0<a title=\"TurboGrafx-16\" href=\"https:\/\/en.wikipedia.org\/wiki\/TurboGrafx-16\" data-immersive-translate-walked=\"a483ab48-c9db-4fec-a0ad-9977758647da\">Motor de PC<\/a>, e a\u00a0<a title=\"Pacote de jogos\" href=\"https:\/\/en.wikipedia.org\/wiki\/Game_Pak\" data-immersive-translate-walked=\"a483ab48-c9db-4fec-a0ad-9977758647da\">Pacote de jogos<\/a>\u00a0<a title=\"Cartucho ROM\" href=\"https:\/\/en.wikipedia.org\/wiki\/ROM_cartridge\" data-immersive-translate-walked=\"a483ab48-c9db-4fec-a0ad-9977758647da\">Cartuchos ROM<\/a>\u00a0usado para consoles de jogos port\u00e1teis anteriores lan\u00e7ados pela Nintendo, como o\u00a0<a title=\"Game Boy\" href=\"https:\/\/en.wikipedia.org\/wiki\/Game_Boy\" data-immersive-translate-walked=\"a483ab48-c9db-4fec-a0ad-9977758647da\">Game Boy<\/a>\u00a0e\u00a0<a title=\"Game Boy Advance\" href=\"https:\/\/en.wikipedia.org\/wiki\/Game_Boy_Advance\" data-immersive-translate-walked=\"a483ab48-c9db-4fec-a0ad-9977758647da\">Game Boy Advance<\/a>.<\/p>","protected":false},"featured_media":37701,"template":"","meta":[],"product_brand":[1359],"product_cat":[1286],"product_tag":[],"class_list":{"0":"post-37699","1":"product","2":"type-product","3":"status-publish","4":"has-post-thumbnail","6":"product_brand-nintendo","7":"product_cat-nintendo-console","9":"first","10":"instock","11":"shipping-taxable","12":"product-type-simple"},"aioseo_notices":[],"aioseo_head":"\n\t\t<!-- All in One SEO Pro 4.5.9.2 - aioseo.com -->\n\t\t<meta name=\"description\" content=\"Nintendo Switch Game Card is a proprietary flash storage-based format used to physically distribute video games for certain Nintendo systems. The game cards resemble both smaller and thinner versions of Hudson&#039;s HuCard, the storage medium for the PC-Engine, and the Game Pak ROM cartridges used for previous portable gaming consoles released by Nintendo, such as the Game Boy and Game Boy Advance.\" \/>\n\t\t<meta name=\"robots\" content=\"max-image-preview:large\" \/>\n\t\t<link rel=\"canonical\" href=\"https:\/\/www.rucashk.com\/pt\/produto\/nintendo-switch-game-card\/\" \/>\n\t\t<meta name=\"generator\" content=\"All in One SEO Pro (AIOSEO) 4.5.9.2\" \/>\n\t\t<meta property=\"og:locale\" content=\"pt_PT\" \/>\n\t\t<meta property=\"og:site_name\" content=\"Rucas - One-stop AIoT Distribution Worldwide\" \/>\n\t\t<meta property=\"og:type\" content=\"article\" \/>\n\t\t<meta property=\"og:title\" content=\"Nintendo Switch Game Card - Rucas - Wholesale and Distribution\" \/>\n\t\t<meta property=\"og:description\" content=\"Nintendo Switch Game Card is a proprietary flash storage-based format used to physically distribute video games for certain Nintendo systems. The game cards resemble both smaller and thinner versions of Hudson&#039;s HuCard, the storage medium for the PC-Engine, and the Game Pak ROM cartridges used for previous portable gaming consoles released by Nintendo, such as the Game Boy and Game Boy Advance.\" \/>\n\t\t<meta property=\"og:url\" content=\"https:\/\/www.rucashk.com\/pt\/produto\/nintendo-switch-game-card\/\" \/>\n\t\t<meta property=\"og:image\" content=\"https:\/\/www.rucashk.com\/wp-content\/uploads\/replace\/503b8e645f128a97ccde2b6290747646.jpeg\" \/>\n\t\t<meta property=\"og:image:secure_url\" content=\"https:\/\/www.rucashk.com\/wp-content\/uploads\/replace\/503b8e645f128a97ccde2b6290747646.jpeg\" \/>\n\t\t<meta property=\"og:image:width\" content=\"1456\" \/>\n\t\t<meta property=\"og:image:height\" content=\"816\" \/>\n\t\t<meta property=\"article:published_time\" content=\"2024-03-15T14:08:38+00:00\" \/>\n\t\t<meta property=\"article:modified_time\" content=\"2024-04-16T13:32:58+00:00\" \/>\n\t\t<meta name=\"twitter:card\" content=\"summary_large_image\" \/>\n\t\t<meta name=\"twitter:title\" content=\"Nintendo Switch Game Card - Rucas - Wholesale and Distribution\" \/>\n\t\t<meta name=\"twitter:description\" content=\"Nintendo Switch Game Card is a proprietary flash storage-based format used to physically distribute video games for certain Nintendo systems. The game cards resemble both smaller and thinner versions of Hudson&#039;s HuCard, the storage medium for the PC-Engine, and the Game Pak ROM cartridges used for previous portable gaming consoles released by Nintendo, such as the Game Boy and Game Boy Advance.\" \/>\n\t\t<meta name=\"twitter:image\" content=\"https:\/\/www.rucashk.com\/wp-content\/uploads\/replace\/503b8e645f128a97ccde2b6290747646.jpeg\" \/>\n\t\t<script type=\"application\/ld+json\" class=\"aioseo-schema\">\n\t\t\t{\"@context\":\"https:\\\/\\\/schema.org\",\"@graph\":[{\"@type\":\"BreadcrumbList\",\"@id\":\"https:\\\/\\\/www.rucashk.com\\\/pt\\\/produto\\\/nintendo-switch-game-card\\\/#breadcrumblist\",\"itemListElement\":[{\"@type\":\"ListItem\",\"@id\":\"https:\\\/\\\/www.rucashk.com\\\/pt\\\/#listItem\",\"position\":1,\"name\":\"Home\",\"item\":\"https:\\\/\\\/www.rucashk.com\\\/pt\\\/\",\"nextItem\":\"https:\\\/\\\/www.rucashk.com\\\/pt\\\/produto\\\/nintendo-switch-game-card\\\/#listItem\"},{\"@type\":\"ListItem\",\"@id\":\"https:\\\/\\\/www.rucashk.com\\\/pt\\\/produto\\\/nintendo-switch-game-card\\\/#listItem\",\"position\":2,\"name\":\"Nintendo Switch Game Card\",\"previousItem\":\"https:\\\/\\\/www.rucashk.com\\\/pt\\\/#listItem\"}]},{\"@type\":\"Organization\",\"@id\":\"https:\\\/\\\/www.rucashk.com\\\/pt\\\/#organization\",\"name\":\"Rucas\",\"url\":\"https:\\\/\\\/www.rucashk.com\\\/pt\\\/\",\"logo\":{\"@type\":\"ImageObject\",\"url\":\"https:\\\/\\\/www.rucashk.com\\\/wp-content\\\/uploads\\\/2023\\\/12\\\/Rucas_campany_logo.png\",\"@id\":\"https:\\\/\\\/www.rucashk.com\\\/pt\\\/produto\\\/nintendo-switch-game-card\\\/#organizationLogo\",\"width\":221,\"height\":65},\"image\":{\"@id\":\"https:\\\/\\\/www.rucashk.com\\\/pt\\\/#organizationLogo\"}},{\"@type\":\"Person\",\"@id\":\"https:\\\/\\\/www.rucashk.com\\\/pt\\\/author\\\/admin\\\/#author\",\"url\":\"https:\\\/\\\/www.rucashk.com\\\/pt\\\/author\\\/admin\\\/\",\"name\":\"admin\",\"image\":{\"@type\":\"ImageObject\",\"@id\":\"https:\\\/\\\/www.rucashk.com\\\/pt\\\/produto\\\/nintendo-switch-game-card\\\/#authorImage\",\"url\":\"https:\\\/\\\/secure.gravatar.com\\\/avatar\\\/b7c8925b09a27e72b30232f8ecaadbd5af0f70a38c78096863fe51b64f031c24?s=96&d=mm&r=g\",\"width\":96,\"height\":96,\"caption\":\"admin\"}},{\"@type\":\"WebPage\",\"@id\":\"https:\\\/\\\/www.rucashk.com\\\/pt\\\/produto\\\/nintendo-switch-game-card\\\/#webpage\",\"url\":\"https:\\\/\\\/www.rucashk.com\\\/pt\\\/produto\\\/nintendo-switch-game-card\\\/\",\"name\":\"Nintendo Switch Game Card - Rucas - Wholesale and Distribution\",\"description\":\"Nintendo Switch Game Card is a proprietary flash storage-based format used to physically distribute video games for certain Nintendo systems. The game cards resemble both smaller and thinner versions of Hudson's HuCard, the storage medium for the PC-Engine, and the Game Pak ROM cartridges used for previous portable gaming consoles released by Nintendo, such as the Game Boy and Game Boy Advance.\",\"inLanguage\":\"pt-PT\",\"isPartOf\":{\"@id\":\"https:\\\/\\\/www.rucashk.com\\\/pt\\\/#website\"},\"breadcrumb\":{\"@id\":\"https:\\\/\\\/www.rucashk.com\\\/pt\\\/produto\\\/nintendo-switch-game-card\\\/#breadcrumblist\"},\"author\":{\"@id\":\"https:\\\/\\\/www.rucashk.com\\\/pt\\\/author\\\/admin\\\/#author\"},\"creator\":{\"@id\":\"https:\\\/\\\/www.rucashk.com\\\/pt\\\/author\\\/admin\\\/#author\"},\"image\":{\"@type\":\"ImageObject\",\"url\":\"https:\\\/\\\/www.rucashk.com\\\/wp-content\\\/uploads\\\/2024\\\/03\\\/Nintendo-Switch-Game-Card1.jpg\",\"@id\":\"https:\\\/\\\/www.rucashk.com\\\/pt\\\/produto\\\/nintendo-switch-game-card\\\/#mainImage\",\"width\":800,\"height\":800},\"primaryImageOfPage\":{\"@id\":\"https:\\\/\\\/www.rucashk.com\\\/pt\\\/produto\\\/nintendo-switch-game-card\\\/#mainImage\"},\"datePublished\":\"2024-03-15T14:08:38+00:00\",\"dateModified\":\"2024-04-16T13:32:58+00:00\"},{\"@type\":\"WebSite\",\"@id\":\"https:\\\/\\\/www.rucashk.com\\\/pt\\\/#website\",\"url\":\"https:\\\/\\\/www.rucashk.com\\\/pt\\\/\",\"name\":\"Rucas - Wholesale and distribution worldwide\",\"alternateName\":\"Rucas - One-stop AIoT Distribution Worldwide\",\"description\":\"One-stop AIoT Distribution Worldwide\",\"inLanguage\":\"pt-PT\",\"publisher\":{\"@id\":\"https:\\\/\\\/www.rucashk.com\\\/pt\\\/#organization\"}}]}\n\t\t<\/script>\n\t\t<!-- All in One SEO Pro -->\r\n\t\t<title>Nintendo Switch Game Card - Rucas - Wholesale and Distribution<\/title>\n\n","aioseo_head_json":{"title":"Nintendo Switch Game Card - Rucas - Wholesale and Distribution","description":"Nintendo Switch Game Card is a proprietary flash storage-based format used to physically distribute video games for certain Nintendo systems. The game cards resemble both smaller and thinner versions of Hudson's HuCard, the storage medium for the PC-Engine, and the Game Pak ROM cartridges used for previous portable gaming consoles released by Nintendo, such as the Game Boy and Game Boy Advance.","canonical_url":"https:\/\/www.rucashk.com\/pt\/produto\/nintendo-switch-game-card\/","robots":"max-image-preview:large","keywords":"","webmasterTools":{"miscellaneous":""},"og:locale":"pt_PT","og:site_name":"Rucas - One-stop AIoT Distribution Worldwide","og:type":"article","og:title":"Nintendo Switch Game Card - Rucas - Wholesale and Distribution","og:description":"Nintendo Switch Game Card is a proprietary flash storage-based format used to physically distribute video games for certain Nintendo systems. The game cards resemble both smaller and thinner versions of Hudson's HuCard, the storage medium for the PC-Engine, and the Game Pak ROM cartridges used for previous portable gaming consoles released by Nintendo, such as the Game Boy and Game Boy Advance.","og:url":"https:\/\/www.rucashk.com\/pt\/produto\/nintendo-switch-game-card\/","og:image":"https:\/\/www.rucashk.com\/wp-content\/uploads\/replace\/503b8e645f128a97ccde2b6290747646.jpeg","og:image:secure_url":"https:\/\/www.rucashk.com\/wp-content\/uploads\/replace\/503b8e645f128a97ccde2b6290747646.jpeg","og:image:width":1456,"og:image:height":816,"article:published_time":"2024-03-15T14:08:38+00:00","article:modified_time":"2024-04-16T13:32:58+00:00","twitter:card":"summary_large_image","twitter:title":"Nintendo Switch Game Card - Rucas - Wholesale and Distribution","twitter:description":"Nintendo Switch Game Card is a proprietary flash storage-based format used to physically distribute video games for certain Nintendo systems. The game cards resemble both smaller and thinner versions of Hudson's HuCard, the storage medium for the PC-Engine, and the Game Pak ROM cartridges used for previous portable gaming consoles released by Nintendo, such as the Game Boy and Game Boy Advance.","twitter:image":"https:\/\/www.rucashk.com\/wp-content\/uploads\/replace\/503b8e645f128a97ccde2b6290747646.jpeg","schema":{"@context":"https:\/\/schema.org","@graph":[{"@type":"BreadcrumbList","@id":"https:\/\/www.rucashk.com\/pt\/produto\/nintendo-switch-game-card\/#breadcrumblist","itemListElement":[{"@type":"ListItem","@id":"https:\/\/www.rucashk.com\/pt\/#listItem","position":1,"name":"Home","item":"https:\/\/www.rucashk.com\/pt\/","nextItem":"https:\/\/www.rucashk.com\/pt\/produto\/nintendo-switch-game-card\/#listItem"},{"@type":"ListItem","@id":"https:\/\/www.rucashk.com\/pt\/produto\/nintendo-switch-game-card\/#listItem","position":2,"name":"Nintendo Switch Game Card","previousItem":"https:\/\/www.rucashk.com\/pt\/#listItem"}]},{"@type":"Organization","@id":"https:\/\/www.rucashk.com\/pt\/#organization","name":"Rucas","url":"https:\/\/www.rucashk.com\/pt\/","logo":{"@type":"ImageObject","url":"https:\/\/www.rucashk.com\/wp-content\/uploads\/2023\/12\/Rucas_campany_logo.png","@id":"https:\/\/www.rucashk.com\/pt\/produto\/nintendo-switch-game-card\/#organizationLogo","width":221,"height":65},"image":{"@id":"https:\/\/www.rucashk.com\/pt\/#organizationLogo"}},{"@type":"Person","@id":"https:\/\/www.rucashk.com\/pt\/author\/admin\/#author","url":"https:\/\/www.rucashk.com\/pt\/author\/admin\/","name":"admin","image":{"@type":"ImageObject","@id":"https:\/\/www.rucashk.com\/pt\/produto\/nintendo-switch-game-card\/#authorImage","url":"https:\/\/secure.gravatar.com\/avatar\/b7c8925b09a27e72b30232f8ecaadbd5af0f70a38c78096863fe51b64f031c24?s=96&d=mm&r=g","width":96,"height":96,"caption":"admin"}},{"@type":"WebPage","@id":"https:\/\/www.rucashk.com\/pt\/produto\/nintendo-switch-game-card\/#webpage","url":"https:\/\/www.rucashk.com\/pt\/produto\/nintendo-switch-game-card\/","name":"Nintendo Switch Game Card - Rucas - Wholesale and Distribution","description":"Nintendo Switch Game Card is a proprietary flash storage-based format used to physically distribute video games for certain Nintendo systems. The game cards resemble both smaller and thinner versions of Hudson's HuCard, the storage medium for the PC-Engine, and the Game Pak ROM cartridges used for previous portable gaming consoles released by Nintendo, such as the Game Boy and Game Boy Advance.","inLanguage":"pt-PT","isPartOf":{"@id":"https:\/\/www.rucashk.com\/pt\/#website"},"breadcrumb":{"@id":"https:\/\/www.rucashk.com\/pt\/produto\/nintendo-switch-game-card\/#breadcrumblist"},"author":{"@id":"https:\/\/www.rucashk.com\/pt\/author\/admin\/#author"},"creator":{"@id":"https:\/\/www.rucashk.com\/pt\/author\/admin\/#author"},"image":{"@type":"ImageObject","url":"https:\/\/www.rucashk.com\/wp-content\/uploads\/2024\/03\/Nintendo-Switch-Game-Card1.jpg","@id":"https:\/\/www.rucashk.com\/pt\/produto\/nintendo-switch-game-card\/#mainImage","width":800,"height":800},"primaryImageOfPage":{"@id":"https:\/\/www.rucashk.com\/pt\/produto\/nintendo-switch-game-card\/#mainImage"},"datePublished":"2024-03-15T14:08:38+00:00","dateModified":"2024-04-16T13:32:58+00:00"},{"@type":"WebSite","@id":"https:\/\/www.rucashk.com\/pt\/#website","url":"https:\/\/www.rucashk.com\/pt\/","name":"Rucas - Wholesale and distribution worldwide","alternateName":"Rucas - One-stop AIoT Distribution Worldwide","description":"One-stop AIoT Distribution Worldwide","inLanguage":"pt-PT","publisher":{"@id":"https:\/\/www.rucashk.com\/pt\/#organization"}}]}},"aioseo_meta_data":{"post_id":"37699","title":null,"description":null,"keywords":null,"keyphrases":null,"primary_term":null,"canonical_url":null,"og_title":null,"og_description":null,"og_object_type":"default","og_image_type":"default","og_image_url":null,"og_image_width":null,"og_image_height":null,"og_image_custom_url":null,"og_image_custom_fields":null,"og_video":null,"og_custom_url":null,"og_article_section":null,"og_article_tags":null,"twitter_use_og":false,"twitter_card":"default","twitter_image_type":"default","twitter_image_url":null,"twitter_image_custom_url":null,"twitter_image_custom_fields":null,"twitter_title":null,"twitter_description":null,"schema":{"blockGraphs":[],"customGraphs":[],"default":{"data":{"Article":[],"Course":[],"Dataset":[],"FAQPage":[],"Movie":[],"Person":[],"Product":[],"Recipe":[],"Service":[],"SoftwareApplication":[],"WebPage":[]},"graphName":"","isEnabled":true},"graphs":[]},"schema_type":"default","schema_type_options":null,"pillar_content":false,"robots_default":true,"robots_noindex":false,"robots_noarchive":false,"robots_nosnippet":false,"robots_nofollow":false,"robots_noimageindex":false,"robots_noodp":false,"robots_notranslate":false,"robots_max_snippet":null,"robots_max_videopreview":null,"robots_max_imagepreview":"large","priority":null,"frequency":null,"local_seo":null,"breadcrumb_settings":null,"limit_modified_date":false,"created":"2024-04-11 01:57:23","updated":"2025-06-22 18:46:54"},"aioseo_breadcrumb":"<div class=\"aioseo-breadcrumbs\"><span class=\"aioseo-breadcrumb\">\n\t<a href=\"https:\/\/www.rucashk.com\/pt\" title=\"Home\">Home<\/a>\n<\/span><span class=\"aioseo-breadcrumb-separator\">&raquo;<\/span><span class=\"aioseo-breadcrumb\">\n\t<a href=\"https:\/\/www.rucashk.com\/pt\/products\/\" title=\"Produtos\">Produtos<\/a>\n<\/span><span class=\"aioseo-breadcrumb-separator\">&raquo;<\/span><span class=\"aioseo-breadcrumb\">\n\t<a href=\"https:\/\/www.rucashk.com\/pt\/marca\/nintendo\/\" title=\"Nintendo\">Nintendo<\/a>\n<\/span><span class=\"aioseo-breadcrumb-separator\">&raquo;<\/span><span class=\"aioseo-breadcrumb\">\n\tNintendo Switch Game Card\n<\/span><\/div>","aioseo_breadcrumb_json":[{"label":"Home","link":"https:\/\/www.rucashk.com\/pt"},{"label":"Produtos","link":"https:\/\/www.rucashk.com\/pt\/products\/"},{"label":"Nintendo","link":"https:\/\/www.rucashk.com\/pt\/marca\/nintendo\/"},{"label":"Nintendo Switch Game Card","link":"https:\/\/www.rucashk.com\/pt\/produto\/nintendo-switch-game-card\/"}],"_links":{"self":[{"href":"https:\/\/www.rucashk.com\/pt\/wp-json\/wp\/v2\/product\/37699","targetHints":{"allow":["GET"]}}],"collection":[{"href":"https:\/\/www.rucashk.com\/pt\/wp-json\/wp\/v2\/product"}],"about":[{"href":"https:\/\/www.rucashk.com\/pt\/wp-json\/wp\/v2\/types\/product"}],"wp:featuredmedia":[{"embeddable":true,"href":"https:\/\/www.rucashk.com\/pt\/wp-json\/wp\/v2\/media\/37701"}],"wp:attachment":[{"href":"https:\/\/www.rucashk.com\/pt\/wp-json\/wp\/v2\/media?parent=37699"}],"wp:term":[{"taxonomy":"product_brand","embeddable":true,"href":"https:\/\/www.rucashk.com\/pt\/wp-json\/wp\/v2\/product_brand?post=37699"},{"taxonomy":"product_cat","embeddable":true,"href":"https:\/\/www.rucashk.com\/pt\/wp-json\/wp\/v2\/product_cat?post=37699"},{"taxonomy":"product_tag","embeddable":true,"href":"https:\/\/www.rucashk.com\/pt\/wp-json\/wp\/v2\/product_tag?post=37699"}],"curies":[{"name":"wp","href":"https:\/\/api.w.org\/{rel}","templated":true}]}}