{"id":37692,"date":"2024-03-14T13:48:54","date_gmt":"2024-03-14T13:48:54","guid":{"rendered":"http:\/\/rucashk.com\/?post_type=product&#038;p=37692"},"modified":"2024-04-16T13:31:46","modified_gmt":"2024-04-16T13:31:46","slug":"nintendo-switch-oled-the-legends-of-zelda-edition","status":"publish","type":"product","link":"https:\/\/www.rucashk.com\/pt\/produto\/nintendo-switch-oled-the-legends-of-zelda-edition\/","title":{"rendered":"NINTENDO SWITCH OLED \u2013 AS LENDAS DA EDI\u00c7\u00c3O ZELDA"},"content":{"rendered":"<p><iframe title=\"Nintendo Switch \u2013 Modelo OLED \u2013 The Legend of Zelda: Tears of the Kingdom Edition\" src=\"https:\/\/www.youtube.com\/embed\/O1NqcD_QAuw\" width=\"1280\" height=\"720\" frameborder=\"0\" allowfullscreen=\"allowfullscreen\"><\/iframe><\/p>\n<p>Doca branca brilhante com ilustra\u00e7\u00f5es Hylian Na superf\u00edcie da doca branca brilhante, os s\u00edmbolos apresentados no jogo Legend of Zelda: Tears of the Kingdom s\u00e3o exibidos em ouro junto com o escudo Hylian.<br \/>\nHardware com designs do jogo Um padr\u00e3o misterioso que aparece em Hyrule decora a parte traseira do sistema.<br \/>\nControladores Joy-Con Os controladores Joy-Con inclu\u00eddos apresentam as cl\u00e1ssicas cores verde e dourada da s\u00e9rie Legend of Zelda, juntamente com s\u00edmbolos e padr\u00f5es do novo jogo.<\/p>","protected":false},"excerpt":{"rendered":"<p>O Nintendo Switch \u2013 Modelo OLED \u2013 O sistema The Legend of Zelda: Tears of the Kingdom Edition apresenta um design inspirado no jogo Legend of Zelda: Tears of the Kingdom, incluindo o familiar Hylian Crest da s\u00e9rie Legend of Zelda na frente do dock (jogo n\u00e3o inclu\u00eddo).<br \/>\n<br \/>\nObtenha o sistema de jogo que lhe permite jogar os jogos que quiser, onde quer que esteja e como quiser. Leve a experi\u00eancia completa do sistema de jogo dom\u00e9stico com voc\u00ea para o parque, no avi\u00e3o, no carro ou no apartamento de um amigo. O sistema Nintendo Switch \u2013 Modelo OLED inclui recursos adicionais para levar sua experi\u00eancia de jogo para o pr\u00f3ximo n\u00edvel.<\/p>","protected":false},"featured_media":37697,"template":"","meta":[],"product_brand":[1359],"product_cat":[1286],"product_tag":[1360],"class_list":{"0":"post-37692","1":"product","2":"type-product","3":"status-publish","4":"has-post-thumbnail","6":"product_brand-nintendo","7":"product_cat-nintendo-console","8":"product_tag-console","10":"first","11":"instock","12":"shipping-taxable","13":"product-type-simple"},"aioseo_notices":[],"aioseo_head":"\n\t\t<!-- All in One SEO Pro 4.5.9.2 - aioseo.com -->\n\t\t<meta name=\"description\" content=\"The Nintendo Switch \u2013 OLED Model - The Legend of Zelda: Tears of the Kingdom Edition system features a design inspired by the Legend of Zelda: Tears of the Kingdom game, including the familiar Hylian Crest from the Legend of Zelda series on the front of the dock (game not included). Get the gaming system that lets you play the games you want, wherever you are, however you like. Bring the full home gaming system experience with you to the park, on an airplane, in a car, or to a friend\u2019s apartment. The Nintendo Switch \u2013 OLED Model system includes additional features to take your gaming experience to the next level.\" \/>\n\t\t<meta name=\"robots\" content=\"max-image-preview:large\" \/>\n\t\t<link rel=\"canonical\" href=\"https:\/\/www.rucashk.com\/pt\/produto\/nintendo-switch-oled-the-legends-of-zelda-edition\/\" \/>\n\t\t<meta name=\"generator\" content=\"All in One SEO Pro (AIOSEO) 4.5.9.2\" \/>\n\t\t<meta property=\"og:locale\" content=\"pt_PT\" \/>\n\t\t<meta property=\"og:site_name\" content=\"Rucas - One-stop AIoT Distribution Worldwide\" \/>\n\t\t<meta property=\"og:type\" content=\"article\" \/>\n\t\t<meta property=\"og:title\" content=\"NINTENDO SWITCH OLED \u2013 THE LEGENDS OF ZELDA EDITION - Rucas - Wholesale and Distribution\" \/>\n\t\t<meta property=\"og:description\" content=\"The Nintendo Switch \u2013 OLED Model - The Legend of Zelda: Tears of the Kingdom Edition system features a design inspired by the Legend of Zelda: Tears of the Kingdom game, including the familiar Hylian Crest from the Legend of Zelda series on the front of the dock (game not included). Get the gaming system that lets you play the games you want, wherever you are, however you like. Bring the full home gaming system experience with you to the park, on an airplane, in a car, or to a friend\u2019s apartment. The Nintendo Switch \u2013 OLED Model system includes additional features to take your gaming experience to the next level.\" \/>\n\t\t<meta property=\"og:url\" content=\"https:\/\/www.rucashk.com\/pt\/produto\/nintendo-switch-oled-the-legends-of-zelda-edition\/\" \/>\n\t\t<meta property=\"og:image\" content=\"https:\/\/www.rucashk.com\/wp-content\/uploads\/replace\/503b8e645f128a97ccde2b6290747646.jpeg\" \/>\n\t\t<meta property=\"og:image:secure_url\" content=\"https:\/\/www.rucashk.com\/wp-content\/uploads\/replace\/503b8e645f128a97ccde2b6290747646.jpeg\" \/>\n\t\t<meta property=\"og:image:width\" content=\"1456\" \/>\n\t\t<meta property=\"og:image:height\" content=\"816\" \/>\n\t\t<meta property=\"article:published_time\" content=\"2024-03-14T13:48:54+00:00\" \/>\n\t\t<meta property=\"article:modified_time\" content=\"2024-04-16T13:31:46+00:00\" \/>\n\t\t<meta name=\"twitter:card\" content=\"summary_large_image\" \/>\n\t\t<meta name=\"twitter:title\" content=\"NINTENDO SWITCH OLED \u2013 THE LEGENDS OF ZELDA EDITION - Rucas - Wholesale and Distribution\" \/>\n\t\t<meta name=\"twitter:description\" content=\"The Nintendo Switch \u2013 OLED Model - The Legend of Zelda: Tears of the Kingdom Edition system features a design inspired by the Legend of Zelda: Tears of the Kingdom game, including the familiar Hylian Crest from the Legend of Zelda series on the front of the dock (game not included). Get the gaming system that lets you play the games you want, wherever you are, however you like. Bring the full home gaming system experience with you to the park, on an airplane, in a car, or to a friend\u2019s apartment. The Nintendo Switch \u2013 OLED Model system includes additional features to take your gaming experience to the next level.\" \/>\n\t\t<meta name=\"twitter:image\" content=\"https:\/\/www.rucashk.com\/wp-content\/uploads\/replace\/503b8e645f128a97ccde2b6290747646.jpeg\" \/>\n\t\t<script type=\"application\/ld+json\" class=\"aioseo-schema\">\n\t\t\t{\"@context\":\"https:\\\/\\\/schema.org\",\"@graph\":[{\"@type\":\"BreadcrumbList\",\"@id\":\"https:\\\/\\\/www.rucashk.com\\\/pt\\\/produto\\\/nintendo-switch-oled-the-legends-of-zelda-edition\\\/#breadcrumblist\",\"itemListElement\":[{\"@type\":\"ListItem\",\"@id\":\"https:\\\/\\\/www.rucashk.com\\\/pt\\\/#listItem\",\"position\":1,\"name\":\"Home\",\"item\":\"https:\\\/\\\/www.rucashk.com\\\/pt\\\/\",\"nextItem\":\"https:\\\/\\\/www.rucashk.com\\\/pt\\\/produto\\\/nintendo-switch-oled-the-legends-of-zelda-edition\\\/#listItem\"},{\"@type\":\"ListItem\",\"@id\":\"https:\\\/\\\/www.rucashk.com\\\/pt\\\/produto\\\/nintendo-switch-oled-the-legends-of-zelda-edition\\\/#listItem\",\"position\":2,\"name\":\"NINTENDO SWITCH OLED - THE LEGENDS OF ZELDA EDITION\",\"previousItem\":\"https:\\\/\\\/www.rucashk.com\\\/pt\\\/#listItem\"}]},{\"@type\":\"Organization\",\"@id\":\"https:\\\/\\\/www.rucashk.com\\\/pt\\\/#organization\",\"name\":\"Rucas\",\"url\":\"https:\\\/\\\/www.rucashk.com\\\/pt\\\/\",\"logo\":{\"@type\":\"ImageObject\",\"url\":\"https:\\\/\\\/www.rucashk.com\\\/wp-content\\\/uploads\\\/2023\\\/12\\\/Rucas_campany_logo.png\",\"@id\":\"https:\\\/\\\/www.rucashk.com\\\/pt\\\/produto\\\/nintendo-switch-oled-the-legends-of-zelda-edition\\\/#organizationLogo\",\"width\":221,\"height\":65},\"image\":{\"@id\":\"https:\\\/\\\/www.rucashk.com\\\/pt\\\/#organizationLogo\"}},{\"@type\":\"Person\",\"@id\":\"https:\\\/\\\/www.rucashk.com\\\/pt\\\/author\\\/admin\\\/#author\",\"url\":\"https:\\\/\\\/www.rucashk.com\\\/pt\\\/author\\\/admin\\\/\",\"name\":\"admin\",\"image\":{\"@type\":\"ImageObject\",\"@id\":\"https:\\\/\\\/www.rucashk.com\\\/pt\\\/produto\\\/nintendo-switch-oled-the-legends-of-zelda-edition\\\/#authorImage\",\"url\":\"https:\\\/\\\/secure.gravatar.com\\\/avatar\\\/b7c8925b09a27e72b30232f8ecaadbd5af0f70a38c78096863fe51b64f031c24?s=96&d=mm&r=g\",\"width\":96,\"height\":96,\"caption\":\"admin\"}},{\"@type\":\"WebPage\",\"@id\":\"https:\\\/\\\/www.rucashk.com\\\/pt\\\/produto\\\/nintendo-switch-oled-the-legends-of-zelda-edition\\\/#webpage\",\"url\":\"https:\\\/\\\/www.rucashk.com\\\/pt\\\/produto\\\/nintendo-switch-oled-the-legends-of-zelda-edition\\\/\",\"name\":\"NINTENDO SWITCH OLED \\u2013 THE LEGENDS OF ZELDA EDITION - Rucas - Wholesale and Distribution\",\"description\":\"The Nintendo Switch \\u2013 OLED Model - The Legend of Zelda: Tears of the Kingdom Edition system features a design inspired by the Legend of Zelda: Tears of the Kingdom game, including the familiar Hylian Crest from the Legend of Zelda series on the front of the dock (game not included). Get the gaming system that lets you play the games you want, wherever you are, however you like. Bring the full home gaming system experience with you to the park, on an airplane, in a car, or to a friend\\u2019s apartment. The Nintendo Switch \\u2013 OLED Model system includes additional features to take your gaming experience to the next level.\",\"inLanguage\":\"pt-PT\",\"isPartOf\":{\"@id\":\"https:\\\/\\\/www.rucashk.com\\\/pt\\\/#website\"},\"breadcrumb\":{\"@id\":\"https:\\\/\\\/www.rucashk.com\\\/pt\\\/produto\\\/nintendo-switch-oled-the-legends-of-zelda-edition\\\/#breadcrumblist\"},\"author\":{\"@id\":\"https:\\\/\\\/www.rucashk.com\\\/pt\\\/author\\\/admin\\\/#author\"},\"creator\":{\"@id\":\"https:\\\/\\\/www.rucashk.com\\\/pt\\\/author\\\/admin\\\/#author\"},\"image\":{\"@type\":\"ImageObject\",\"url\":\"https:\\\/\\\/www.rucashk.com\\\/wp-content\\\/uploads\\\/2024\\\/03\\\/70a443be-6dbe-4304-9802-b51668dd4295.jpg\",\"@id\":\"https:\\\/\\\/www.rucashk.com\\\/pt\\\/produto\\\/nintendo-switch-oled-the-legends-of-zelda-edition\\\/#mainImage\",\"width\":1440,\"height\":1440},\"primaryImageOfPage\":{\"@id\":\"https:\\\/\\\/www.rucashk.com\\\/pt\\\/produto\\\/nintendo-switch-oled-the-legends-of-zelda-edition\\\/#mainImage\"},\"datePublished\":\"2024-03-14T13:48:54+00:00\",\"dateModified\":\"2024-04-16T13:31:46+00:00\"},{\"@type\":\"WebSite\",\"@id\":\"https:\\\/\\\/www.rucashk.com\\\/pt\\\/#website\",\"url\":\"https:\\\/\\\/www.rucashk.com\\\/pt\\\/\",\"name\":\"Rucas - Wholesale and distribution worldwide\",\"alternateName\":\"Rucas - One-stop AIoT Distribution Worldwide\",\"description\":\"One-stop AIoT Distribution Worldwide\",\"inLanguage\":\"pt-PT\",\"publisher\":{\"@id\":\"https:\\\/\\\/www.rucashk.com\\\/pt\\\/#organization\"}}]}\n\t\t<\/script>\n\t\t<!-- All in One SEO Pro -->\r\n\t\t<title>NINTENDO SWITCH OLED \u2013 THE LEGENDS OF ZELDA EDITION - Rucas - Wholesale and Distribution<\/title>\n\n","aioseo_head_json":{"title":"NINTENDO SWITCH OLED \u2013 THE LEGENDS OF ZELDA EDITION - Rucas - Wholesale and Distribution","description":"The Nintendo Switch \u2013 OLED Model - The Legend of Zelda: Tears of the Kingdom Edition system features a design inspired by the Legend of Zelda: Tears of the Kingdom game, including the familiar Hylian Crest from the Legend of Zelda series on the front of the dock (game not included). Get the gaming system that lets you play the games you want, wherever you are, however you like. Bring the full home gaming system experience with you to the park, on an airplane, in a car, or to a friend\u2019s apartment. The Nintendo Switch \u2013 OLED Model system includes additional features to take your gaming experience to the next level.","canonical_url":"https:\/\/www.rucashk.com\/pt\/produto\/nintendo-switch-oled-the-legends-of-zelda-edition\/","robots":"max-image-preview:large","keywords":"","webmasterTools":{"miscellaneous":""},"og:locale":"pt_PT","og:site_name":"Rucas - One-stop AIoT Distribution Worldwide","og:type":"article","og:title":"NINTENDO SWITCH OLED \u2013 THE LEGENDS OF ZELDA EDITION - Rucas - Wholesale and Distribution","og:description":"The Nintendo Switch \u2013 OLED Model - The Legend of Zelda: Tears of the Kingdom Edition system features a design inspired by the Legend of Zelda: Tears of the Kingdom game, including the familiar Hylian Crest from the Legend of Zelda series on the front of the dock (game not included). Get the gaming system that lets you play the games you want, wherever you are, however you like. Bring the full home gaming system experience with you to the park, on an airplane, in a car, or to a friend\u2019s apartment. The Nintendo Switch \u2013 OLED Model system includes additional features to take your gaming experience to the next level.","og:url":"https:\/\/www.rucashk.com\/pt\/produto\/nintendo-switch-oled-the-legends-of-zelda-edition\/","og:image":"https:\/\/www.rucashk.com\/wp-content\/uploads\/replace\/503b8e645f128a97ccde2b6290747646.jpeg","og:image:secure_url":"https:\/\/www.rucashk.com\/wp-content\/uploads\/replace\/503b8e645f128a97ccde2b6290747646.jpeg","og:image:width":1456,"og:image:height":816,"article:published_time":"2024-03-14T13:48:54+00:00","article:modified_time":"2024-04-16T13:31:46+00:00","twitter:card":"summary_large_image","twitter:title":"NINTENDO SWITCH OLED \u2013 THE LEGENDS OF ZELDA EDITION - Rucas - Wholesale and Distribution","twitter:description":"The Nintendo Switch \u2013 OLED Model - The Legend of Zelda: Tears of the Kingdom Edition system features a design inspired by the Legend of Zelda: Tears of the Kingdom game, including the familiar Hylian Crest from the Legend of Zelda series on the front of the dock (game not included). Get the gaming system that lets you play the games you want, wherever you are, however you like. Bring the full home gaming system experience with you to the park, on an airplane, in a car, or to a friend\u2019s apartment. The Nintendo Switch \u2013 OLED Model system includes additional features to take your gaming experience to the next level.","twitter:image":"https:\/\/www.rucashk.com\/wp-content\/uploads\/replace\/503b8e645f128a97ccde2b6290747646.jpeg","schema":{"@context":"https:\/\/schema.org","@graph":[{"@type":"BreadcrumbList","@id":"https:\/\/www.rucashk.com\/pt\/produto\/nintendo-switch-oled-the-legends-of-zelda-edition\/#breadcrumblist","itemListElement":[{"@type":"ListItem","@id":"https:\/\/www.rucashk.com\/pt\/#listItem","position":1,"name":"Home","item":"https:\/\/www.rucashk.com\/pt\/","nextItem":"https:\/\/www.rucashk.com\/pt\/produto\/nintendo-switch-oled-the-legends-of-zelda-edition\/#listItem"},{"@type":"ListItem","@id":"https:\/\/www.rucashk.com\/pt\/produto\/nintendo-switch-oled-the-legends-of-zelda-edition\/#listItem","position":2,"name":"NINTENDO SWITCH OLED - THE LEGENDS OF ZELDA EDITION","previousItem":"https:\/\/www.rucashk.com\/pt\/#listItem"}]},{"@type":"Organization","@id":"https:\/\/www.rucashk.com\/pt\/#organization","name":"Rucas","url":"https:\/\/www.rucashk.com\/pt\/","logo":{"@type":"ImageObject","url":"https:\/\/www.rucashk.com\/wp-content\/uploads\/2023\/12\/Rucas_campany_logo.png","@id":"https:\/\/www.rucashk.com\/pt\/produto\/nintendo-switch-oled-the-legends-of-zelda-edition\/#organizationLogo","width":221,"height":65},"image":{"@id":"https:\/\/www.rucashk.com\/pt\/#organizationLogo"}},{"@type":"Person","@id":"https:\/\/www.rucashk.com\/pt\/author\/admin\/#author","url":"https:\/\/www.rucashk.com\/pt\/author\/admin\/","name":"admin","image":{"@type":"ImageObject","@id":"https:\/\/www.rucashk.com\/pt\/produto\/nintendo-switch-oled-the-legends-of-zelda-edition\/#authorImage","url":"https:\/\/secure.gravatar.com\/avatar\/b7c8925b09a27e72b30232f8ecaadbd5af0f70a38c78096863fe51b64f031c24?s=96&d=mm&r=g","width":96,"height":96,"caption":"admin"}},{"@type":"WebPage","@id":"https:\/\/www.rucashk.com\/pt\/produto\/nintendo-switch-oled-the-legends-of-zelda-edition\/#webpage","url":"https:\/\/www.rucashk.com\/pt\/produto\/nintendo-switch-oled-the-legends-of-zelda-edition\/","name":"NINTENDO SWITCH OLED \u2013 THE LEGENDS OF ZELDA EDITION - Rucas - Wholesale and Distribution","description":"The Nintendo Switch \u2013 OLED Model - The Legend of Zelda: Tears of the Kingdom Edition system features a design inspired by the Legend of Zelda: Tears of the Kingdom game, including the familiar Hylian Crest from the Legend of Zelda series on the front of the dock (game not included). Get the gaming system that lets you play the games you want, wherever you are, however you like. Bring the full home gaming system experience with you to the park, on an airplane, in a car, or to a friend\u2019s apartment. The Nintendo Switch \u2013 OLED Model system includes additional features to take your gaming experience to the next level.","inLanguage":"pt-PT","isPartOf":{"@id":"https:\/\/www.rucashk.com\/pt\/#website"},"breadcrumb":{"@id":"https:\/\/www.rucashk.com\/pt\/produto\/nintendo-switch-oled-the-legends-of-zelda-edition\/#breadcrumblist"},"author":{"@id":"https:\/\/www.rucashk.com\/pt\/author\/admin\/#author"},"creator":{"@id":"https:\/\/www.rucashk.com\/pt\/author\/admin\/#author"},"image":{"@type":"ImageObject","url":"https:\/\/www.rucashk.com\/wp-content\/uploads\/2024\/03\/70a443be-6dbe-4304-9802-b51668dd4295.jpg","@id":"https:\/\/www.rucashk.com\/pt\/produto\/nintendo-switch-oled-the-legends-of-zelda-edition\/#mainImage","width":1440,"height":1440},"primaryImageOfPage":{"@id":"https:\/\/www.rucashk.com\/pt\/produto\/nintendo-switch-oled-the-legends-of-zelda-edition\/#mainImage"},"datePublished":"2024-03-14T13:48:54+00:00","dateModified":"2024-04-16T13:31:46+00:00"},{"@type":"WebSite","@id":"https:\/\/www.rucashk.com\/pt\/#website","url":"https:\/\/www.rucashk.com\/pt\/","name":"Rucas - Wholesale and distribution worldwide","alternateName":"Rucas - One-stop AIoT Distribution Worldwide","description":"One-stop AIoT Distribution Worldwide","inLanguage":"pt-PT","publisher":{"@id":"https:\/\/www.rucashk.com\/pt\/#organization"}}]}},"aioseo_meta_data":{"post_id":"37692","title":null,"description":null,"keywords":null,"keyphrases":null,"primary_term":null,"canonical_url":null,"og_title":null,"og_description":null,"og_object_type":"default","og_image_type":"default","og_image_url":null,"og_image_width":null,"og_image_height":null,"og_image_custom_url":null,"og_image_custom_fields":null,"og_video":null,"og_custom_url":null,"og_article_section":null,"og_article_tags":null,"twitter_use_og":false,"twitter_card":"default","twitter_image_type":"default","twitter_image_url":null,"twitter_image_custom_url":null,"twitter_image_custom_fields":null,"twitter_title":null,"twitter_description":null,"schema":{"blockGraphs":[],"customGraphs":[],"default":{"data":{"Article":[],"Course":[],"Dataset":[],"FAQPage":[],"Movie":[],"Person":[],"Product":[],"Recipe":[],"Service":[],"SoftwareApplication":[],"WebPage":[]},"graphName":"","isEnabled":true},"graphs":[]},"schema_type":"default","schema_type_options":null,"pillar_content":false,"robots_default":true,"robots_noindex":false,"robots_noarchive":false,"robots_nosnippet":false,"robots_nofollow":false,"robots_noimageindex":false,"robots_noodp":false,"robots_notranslate":false,"robots_max_snippet":null,"robots_max_videopreview":null,"robots_max_imagepreview":"large","priority":null,"frequency":null,"local_seo":null,"breadcrumb_settings":null,"limit_modified_date":false,"created":"2024-04-11 01:57:23","updated":"2025-06-22 18:46:54"},"aioseo_breadcrumb":"<div class=\"aioseo-breadcrumbs\"><span class=\"aioseo-breadcrumb\">\n\t<a href=\"https:\/\/www.rucashk.com\/pt\" title=\"Home\">Home<\/a>\n<\/span><span class=\"aioseo-breadcrumb-separator\">&raquo;<\/span><span class=\"aioseo-breadcrumb\">\n\t<a href=\"https:\/\/www.rucashk.com\/pt\/products\/\" title=\"Produtos\">Produtos<\/a>\n<\/span><span class=\"aioseo-breadcrumb-separator\">&raquo;<\/span><span class=\"aioseo-breadcrumb\">\n\t<a href=\"https:\/\/www.rucashk.com\/pt\/marca\/nintendo\/\" title=\"Nintendo\">Nintendo<\/a>\n<\/span><span class=\"aioseo-breadcrumb-separator\">&raquo;<\/span><span class=\"aioseo-breadcrumb\">\n\tNINTENDO SWITCH OLED \u2013 THE LEGENDS OF ZELDA EDITION\n<\/span><\/div>","aioseo_breadcrumb_json":[{"label":"Home","link":"https:\/\/www.rucashk.com\/pt"},{"label":"Produtos","link":"https:\/\/www.rucashk.com\/pt\/products\/"},{"label":"Nintendo","link":"https:\/\/www.rucashk.com\/pt\/marca\/nintendo\/"},{"label":"NINTENDO SWITCH OLED &#8211; THE LEGENDS OF ZELDA EDITION","link":"https:\/\/www.rucashk.com\/pt\/produto\/nintendo-switch-oled-the-legends-of-zelda-edition\/"}],"_links":{"self":[{"href":"https:\/\/www.rucashk.com\/pt\/wp-json\/wp\/v2\/product\/37692","targetHints":{"allow":["GET"]}}],"collection":[{"href":"https:\/\/www.rucashk.com\/pt\/wp-json\/wp\/v2\/product"}],"about":[{"href":"https:\/\/www.rucashk.com\/pt\/wp-json\/wp\/v2\/types\/product"}],"wp:featuredmedia":[{"embeddable":true,"href":"https:\/\/www.rucashk.com\/pt\/wp-json\/wp\/v2\/media\/37697"}],"wp:attachment":[{"href":"https:\/\/www.rucashk.com\/pt\/wp-json\/wp\/v2\/media?parent=37692"}],"wp:term":[{"taxonomy":"product_brand","embeddable":true,"href":"https:\/\/www.rucashk.com\/pt\/wp-json\/wp\/v2\/product_brand?post=37692"},{"taxonomy":"product_cat","embeddable":true,"href":"https:\/\/www.rucashk.com\/pt\/wp-json\/wp\/v2\/product_cat?post=37692"},{"taxonomy":"product_tag","embeddable":true,"href":"https:\/\/www.rucashk.com\/pt\/wp-json\/wp\/v2\/product_tag?post=37692"}],"curies":[{"name":"wp","href":"https:\/\/api.w.org\/{rel}","templated":true}]}}