{"id":37674,"date":"2024-03-14T13:17:57","date_gmt":"2024-03-14T13:17:57","guid":{"rendered":"http:\/\/rucashk.com\/?post_type=product&#038;p=37674"},"modified":"2024-04-16T13:32:56","modified_gmt":"2024-04-16T13:32:56","slug":"nintendo-switch-oled-model-game-console","status":"publish","type":"product","link":"https:\/\/www.rucashk.com\/pt\/produto\/nintendo-switch-oled-model-game-console\/","title":{"rendered":"Nintendo Switch \u2013 Console de jogos modelo OLED"},"content":{"rendered":"<p><img decoding=\"async\" class=\"detail-desc-decorate-image aligncenter\" src=\"\/wp-content\/uploads\/replace\/d133cf1bad12f934c7272cc950a5e34d.png\" alt=\"Nintendo Switch \u2013 OLED Model Game Console\" \/><img decoding=\"async\" class=\"detail-desc-decorate-image aligncenter\" src=\"\/wp-content\/uploads\/replace\/87210df2c9128622273fb1598f76d8d2.png\" alt=\"Nintendo Switch \u2013 OLED Model Game Console\" \/><img decoding=\"async\" class=\"detail-desc-decorate-image aligncenter\" src=\"\/wp-content\/uploads\/replace\/821d8ac1ce8ae8bc0d499f5646fdc7cb.png\" alt=\"Nintendo Switch \u2013 OLED Model Game Console\" \/><img decoding=\"async\" class=\"detail-desc-decorate-image aligncenter\" src=\"\/wp-content\/uploads\/replace\/2d868af3041a2b7da9839715bf0042fd.png\" alt=\"Nintendo Switch \u2013 OLED Model Game Console\" \/><img decoding=\"async\" class=\"detail-desc-decorate-image aligncenter\" src=\"\/wp-content\/uploads\/replace\/e0eebca8df7ea40c7548ad89228bb00d.png\" alt=\"Nintendo Switch \u2013 OLED Model Game Console\" \/><img decoding=\"async\" class=\"detail-desc-decorate-image aligncenter\" src=\"\/wp-content\/uploads\/replace\/6d6a9ab842fc5b9c357d4beaf59cb567.png\" alt=\"Nintendo Switch \u2013 OLED Model Game Console\" \/><\/p>\n<p>&nbsp;<\/p>\n<p><strong>Console de videogame Nintendo Switch modelo OLED Pok\u00e9mon Scarlet Violet Edition com mesa de TV com tela OLED de 7 polegadas e modo Palm.<\/strong><\/p>\n<p>Tela OLED de 7 polegadas. Deleite seus olhos com cores vivas e contraste n\u00edtido quando voc\u00ea joga em qualquer lugar. Veja a diferen\u00e7a que a tela vibrante faz, quer voc\u00ea esteja correndo em alta velocidade ou enfrentando inimigos.<\/p>\n<p>Suporte amplo e ajust\u00e1vel. Abra o suporte resistente para facilitar a visualiza\u00e7\u00e3o no modo Mesa. Encontre o seu melhor \u00e2ngulo Ajuste o suporte para encontrar o \u00e2ngulo de vis\u00e3o ideal \u2013 perfeito para um jogo multijogador r\u00e1pido com um amigo.<\/p>\n<p>Porta LAN com fio integrada. Conecte-se on-line usando a porta LAN do dock ao jogar no modo TV.<\/p>\n<p>Armazenamento interno de 64 GB. Salve jogos em seu sistema com 64 GB de armazenamento interno. \u00c1udio aprimorado Desfrute de \u00e1udio aprimorado dos alto-falantes integrados do sistema.<\/p>\n<p>\u00c1udio aprimorado. Desfrute de \u00e1udio aprimorado dos alto-falantes integrados do sistema nos modos Mesa e Port\u00e1til.<\/p>\n<p>Tr\u00eas modos em um. Os sistemas Nintendo Switch e Nintendo Switch \u2013 Modelo OLED s\u00e3o projetados para se adequar \u00e0 sua vida, transformando-se de console dom\u00e9stico em sistema port\u00e1til em um piscar de olhos!<\/p>\n<p>O que est\u00e1 na caixa<br \/>\n1x Nintendo Switch (modelo OLED), 1x Nintendo Switch Dock (com porta LAN), 2x Joy-Con, 2x Joy-Con Strap, 2x Joy-Con Grip, 1x Adaptador AC, 1x Cabo HDMI<\/p>","protected":false},"excerpt":{"rendered":"<p>Pequeno e requintado: O modelo oled \u00e9 pequeno e leve, que pode ser facilmente transportado. \u00e9 muito adequado para uso dom\u00e9stico ou no escrit\u00f3rio.<br \/>\nMateriais de alta qualidade: O modelo oled \u00e9 feito de pl\u00e1stico abs de alta qualidade, que \u00e9 dur\u00e1vel e tem uma longa vida \u00fatil.<br \/>\nExcelente compatibilidade: Este console de jogo \u00e9 compat\u00edvel com Nintendo Switch e pode ser usado em qualquer desktop ou computador.<\/p>","protected":false},"featured_media":37683,"template":"","meta":[],"product_brand":[1359],"product_cat":[1286],"product_tag":[1360],"class_list":{"0":"post-37674","1":"product","2":"type-product","3":"status-publish","4":"has-post-thumbnail","6":"product_brand-nintendo","7":"product_cat-nintendo-console","8":"product_tag-console","10":"first","11":"instock","12":"shipping-taxable","13":"product-type-simple"},"aioseo_notices":[],"aioseo_head":"\n\t\t<!-- All in One SEO Pro 4.5.9.2 - aioseo.com -->\n\t\t<meta name=\"description\" content=\"Small and exquisite: The oled model is small in size and light in weight, which can be easily carried around. it is very suitable for home or office use. High quality materials: The oled model is made of high-quality abs plastic, which is durable and has a long service life. Excellent compatibility: This game console is compatible with nintendo switch, and it can be used on any desktop or computer.\" \/>\n\t\t<meta name=\"robots\" content=\"max-image-preview:large\" \/>\n\t\t<link rel=\"canonical\" href=\"https:\/\/www.rucashk.com\/pt\/produto\/nintendo-switch-oled-model-game-console\/\" \/>\n\t\t<meta name=\"generator\" content=\"All in One SEO Pro (AIOSEO) 4.5.9.2\" \/>\n\t\t<meta property=\"og:locale\" content=\"pt_PT\" \/>\n\t\t<meta property=\"og:site_name\" content=\"Rucas - One-stop AIoT Distribution Worldwide\" \/>\n\t\t<meta property=\"og:type\" content=\"article\" \/>\n\t\t<meta property=\"og:title\" content=\"Nintendo Switch \u2013 OLED Model Game Console - Rucas - Wholesale and Distribution\" \/>\n\t\t<meta property=\"og:description\" content=\"Small and exquisite: The oled model is small in size and light in weight, which can be easily carried around. it is very suitable for home or office use. High quality materials: The oled model is made of high-quality abs plastic, which is durable and has a long service life. Excellent compatibility: This game console is compatible with nintendo switch, and it can be used on any desktop or computer.\" \/>\n\t\t<meta property=\"og:url\" content=\"https:\/\/www.rucashk.com\/pt\/produto\/nintendo-switch-oled-model-game-console\/\" \/>\n\t\t<meta property=\"og:image\" content=\"https:\/\/www.rucashk.com\/wp-content\/uploads\/replace\/503b8e645f128a97ccde2b6290747646.jpeg\" \/>\n\t\t<meta property=\"og:image:secure_url\" content=\"https:\/\/www.rucashk.com\/wp-content\/uploads\/replace\/503b8e645f128a97ccde2b6290747646.jpeg\" \/>\n\t\t<meta property=\"og:image:width\" content=\"1456\" \/>\n\t\t<meta property=\"og:image:height\" content=\"816\" \/>\n\t\t<meta property=\"article:published_time\" content=\"2024-03-14T13:17:57+00:00\" \/>\n\t\t<meta property=\"article:modified_time\" content=\"2024-04-16T13:32:56+00:00\" \/>\n\t\t<meta name=\"twitter:card\" content=\"summary_large_image\" \/>\n\t\t<meta name=\"twitter:title\" content=\"Nintendo Switch \u2013 OLED Model Game Console - Rucas - Wholesale and Distribution\" \/>\n\t\t<meta name=\"twitter:description\" content=\"Small and exquisite: The oled model is small in size and light in weight, which can be easily carried around. it is very suitable for home or office use. High quality materials: The oled model is made of high-quality abs plastic, which is durable and has a long service life. Excellent compatibility: This game console is compatible with nintendo switch, and it can be used on any desktop or computer.\" \/>\n\t\t<meta name=\"twitter:image\" content=\"https:\/\/www.rucashk.com\/wp-content\/uploads\/replace\/503b8e645f128a97ccde2b6290747646.jpeg\" \/>\n\t\t<script type=\"application\/ld+json\" class=\"aioseo-schema\">\n\t\t\t{\"@context\":\"https:\\\/\\\/schema.org\",\"@graph\":[{\"@type\":\"BreadcrumbList\",\"@id\":\"https:\\\/\\\/www.rucashk.com\\\/pt\\\/produto\\\/nintendo-switch-oled-model-game-console\\\/#breadcrumblist\",\"itemListElement\":[{\"@type\":\"ListItem\",\"@id\":\"https:\\\/\\\/www.rucashk.com\\\/pt\\\/#listItem\",\"position\":1,\"name\":\"Home\",\"item\":\"https:\\\/\\\/www.rucashk.com\\\/pt\\\/\",\"nextItem\":\"https:\\\/\\\/www.rucashk.com\\\/pt\\\/produto\\\/nintendo-switch-oled-model-game-console\\\/#listItem\"},{\"@type\":\"ListItem\",\"@id\":\"https:\\\/\\\/www.rucashk.com\\\/pt\\\/produto\\\/nintendo-switch-oled-model-game-console\\\/#listItem\",\"position\":2,\"name\":\"Nintendo Switch \\u2013 OLED Model Game Console\",\"previousItem\":\"https:\\\/\\\/www.rucashk.com\\\/pt\\\/#listItem\"}]},{\"@type\":\"Organization\",\"@id\":\"https:\\\/\\\/www.rucashk.com\\\/pt\\\/#organization\",\"name\":\"Rucas\",\"url\":\"https:\\\/\\\/www.rucashk.com\\\/pt\\\/\",\"logo\":{\"@type\":\"ImageObject\",\"url\":\"https:\\\/\\\/www.rucashk.com\\\/wp-content\\\/uploads\\\/2023\\\/12\\\/Rucas_campany_logo.png\",\"@id\":\"https:\\\/\\\/www.rucashk.com\\\/pt\\\/produto\\\/nintendo-switch-oled-model-game-console\\\/#organizationLogo\",\"width\":221,\"height\":65},\"image\":{\"@id\":\"https:\\\/\\\/www.rucashk.com\\\/pt\\\/#organizationLogo\"}},{\"@type\":\"Person\",\"@id\":\"https:\\\/\\\/www.rucashk.com\\\/pt\\\/author\\\/admin\\\/#author\",\"url\":\"https:\\\/\\\/www.rucashk.com\\\/pt\\\/author\\\/admin\\\/\",\"name\":\"admin\",\"image\":{\"@type\":\"ImageObject\",\"@id\":\"https:\\\/\\\/www.rucashk.com\\\/pt\\\/produto\\\/nintendo-switch-oled-model-game-console\\\/#authorImage\",\"url\":\"https:\\\/\\\/secure.gravatar.com\\\/avatar\\\/b7c8925b09a27e72b30232f8ecaadbd5af0f70a38c78096863fe51b64f031c24?s=96&d=mm&r=g\",\"width\":96,\"height\":96,\"caption\":\"admin\"}},{\"@type\":\"WebPage\",\"@id\":\"https:\\\/\\\/www.rucashk.com\\\/pt\\\/produto\\\/nintendo-switch-oled-model-game-console\\\/#webpage\",\"url\":\"https:\\\/\\\/www.rucashk.com\\\/pt\\\/produto\\\/nintendo-switch-oled-model-game-console\\\/\",\"name\":\"Nintendo Switch \\u2013 OLED Model Game Console - Rucas - Wholesale and Distribution\",\"description\":\"Small and exquisite: The oled model is small in size and light in weight, which can be easily carried around. it is very suitable for home or office use. High quality materials: The oled model is made of high-quality abs plastic, which is durable and has a long service life. Excellent compatibility: This game console is compatible with nintendo switch, and it can be used on any desktop or computer.\",\"inLanguage\":\"pt-PT\",\"isPartOf\":{\"@id\":\"https:\\\/\\\/www.rucashk.com\\\/pt\\\/#website\"},\"breadcrumb\":{\"@id\":\"https:\\\/\\\/www.rucashk.com\\\/pt\\\/produto\\\/nintendo-switch-oled-model-game-console\\\/#breadcrumblist\"},\"author\":{\"@id\":\"https:\\\/\\\/www.rucashk.com\\\/pt\\\/author\\\/admin\\\/#author\"},\"creator\":{\"@id\":\"https:\\\/\\\/www.rucashk.com\\\/pt\\\/author\\\/admin\\\/#author\"},\"image\":{\"@type\":\"ImageObject\",\"url\":\"https:\\\/\\\/www.rucashk.com\\\/wp-content\\\/uploads\\\/2024\\\/03\\\/1665144b-e1f8-4578-8053-d30bab8ba396.jpg\",\"@id\":\"https:\\\/\\\/www.rucashk.com\\\/pt\\\/produto\\\/nintendo-switch-oled-model-game-console\\\/#mainImage\",\"width\":1024,\"height\":1024},\"primaryImageOfPage\":{\"@id\":\"https:\\\/\\\/www.rucashk.com\\\/pt\\\/produto\\\/nintendo-switch-oled-model-game-console\\\/#mainImage\"},\"datePublished\":\"2024-03-14T13:17:57+00:00\",\"dateModified\":\"2024-04-16T13:32:56+00:00\"},{\"@type\":\"WebSite\",\"@id\":\"https:\\\/\\\/www.rucashk.com\\\/pt\\\/#website\",\"url\":\"https:\\\/\\\/www.rucashk.com\\\/pt\\\/\",\"name\":\"Rucas - Wholesale and distribution worldwide\",\"alternateName\":\"Rucas - One-stop AIoT Distribution Worldwide\",\"description\":\"One-stop AIoT Distribution Worldwide\",\"inLanguage\":\"pt-PT\",\"publisher\":{\"@id\":\"https:\\\/\\\/www.rucashk.com\\\/pt\\\/#organization\"}}]}\n\t\t<\/script>\n\t\t<!-- All in One SEO Pro -->\r\n\t\t<title>Nintendo Switch \u2013 OLED Model Game Console - Rucas - Wholesale and Distribution<\/title>\n\n","aioseo_head_json":{"title":"Nintendo Switch \u2013 OLED Model Game Console - Rucas - Wholesale and Distribution","description":"Small and exquisite: The oled model is small in size and light in weight, which can be easily carried around. it is very suitable for home or office use. High quality materials: The oled model is made of high-quality abs plastic, which is durable and has a long service life. Excellent compatibility: This game console is compatible with nintendo switch, and it can be used on any desktop or computer.","canonical_url":"https:\/\/www.rucashk.com\/pt\/produto\/nintendo-switch-oled-model-game-console\/","robots":"max-image-preview:large","keywords":"","webmasterTools":{"miscellaneous":""},"og:locale":"pt_PT","og:site_name":"Rucas - One-stop AIoT Distribution Worldwide","og:type":"article","og:title":"Nintendo Switch \u2013 OLED Model Game Console - Rucas - Wholesale and Distribution","og:description":"Small and exquisite: The oled model is small in size and light in weight, which can be easily carried around. it is very suitable for home or office use. High quality materials: The oled model is made of high-quality abs plastic, which is durable and has a long service life. Excellent compatibility: This game console is compatible with nintendo switch, and it can be used on any desktop or computer.","og:url":"https:\/\/www.rucashk.com\/pt\/produto\/nintendo-switch-oled-model-game-console\/","og:image":"https:\/\/www.rucashk.com\/wp-content\/uploads\/replace\/503b8e645f128a97ccde2b6290747646.jpeg","og:image:secure_url":"https:\/\/www.rucashk.com\/wp-content\/uploads\/replace\/503b8e645f128a97ccde2b6290747646.jpeg","og:image:width":1456,"og:image:height":816,"article:published_time":"2024-03-14T13:17:57+00:00","article:modified_time":"2024-04-16T13:32:56+00:00","twitter:card":"summary_large_image","twitter:title":"Nintendo Switch \u2013 OLED Model Game Console - Rucas - Wholesale and Distribution","twitter:description":"Small and exquisite: The oled model is small in size and light in weight, which can be easily carried around. it is very suitable for home or office use. High quality materials: The oled model is made of high-quality abs plastic, which is durable and has a long service life. Excellent compatibility: This game console is compatible with nintendo switch, and it can be used on any desktop or computer.","twitter:image":"https:\/\/www.rucashk.com\/wp-content\/uploads\/replace\/503b8e645f128a97ccde2b6290747646.jpeg","schema":{"@context":"https:\/\/schema.org","@graph":[{"@type":"BreadcrumbList","@id":"https:\/\/www.rucashk.com\/pt\/produto\/nintendo-switch-oled-model-game-console\/#breadcrumblist","itemListElement":[{"@type":"ListItem","@id":"https:\/\/www.rucashk.com\/pt\/#listItem","position":1,"name":"Home","item":"https:\/\/www.rucashk.com\/pt\/","nextItem":"https:\/\/www.rucashk.com\/pt\/produto\/nintendo-switch-oled-model-game-console\/#listItem"},{"@type":"ListItem","@id":"https:\/\/www.rucashk.com\/pt\/produto\/nintendo-switch-oled-model-game-console\/#listItem","position":2,"name":"Nintendo Switch \u2013 OLED Model Game Console","previousItem":"https:\/\/www.rucashk.com\/pt\/#listItem"}]},{"@type":"Organization","@id":"https:\/\/www.rucashk.com\/pt\/#organization","name":"Rucas","url":"https:\/\/www.rucashk.com\/pt\/","logo":{"@type":"ImageObject","url":"https:\/\/www.rucashk.com\/wp-content\/uploads\/2023\/12\/Rucas_campany_logo.png","@id":"https:\/\/www.rucashk.com\/pt\/produto\/nintendo-switch-oled-model-game-console\/#organizationLogo","width":221,"height":65},"image":{"@id":"https:\/\/www.rucashk.com\/pt\/#organizationLogo"}},{"@type":"Person","@id":"https:\/\/www.rucashk.com\/pt\/author\/admin\/#author","url":"https:\/\/www.rucashk.com\/pt\/author\/admin\/","name":"admin","image":{"@type":"ImageObject","@id":"https:\/\/www.rucashk.com\/pt\/produto\/nintendo-switch-oled-model-game-console\/#authorImage","url":"https:\/\/secure.gravatar.com\/avatar\/b7c8925b09a27e72b30232f8ecaadbd5af0f70a38c78096863fe51b64f031c24?s=96&d=mm&r=g","width":96,"height":96,"caption":"admin"}},{"@type":"WebPage","@id":"https:\/\/www.rucashk.com\/pt\/produto\/nintendo-switch-oled-model-game-console\/#webpage","url":"https:\/\/www.rucashk.com\/pt\/produto\/nintendo-switch-oled-model-game-console\/","name":"Nintendo Switch \u2013 OLED Model Game Console - Rucas - Wholesale and Distribution","description":"Small and exquisite: The oled model is small in size and light in weight, which can be easily carried around. it is very suitable for home or office use. High quality materials: The oled model is made of high-quality abs plastic, which is durable and has a long service life. Excellent compatibility: This game console is compatible with nintendo switch, and it can be used on any desktop or computer.","inLanguage":"pt-PT","isPartOf":{"@id":"https:\/\/www.rucashk.com\/pt\/#website"},"breadcrumb":{"@id":"https:\/\/www.rucashk.com\/pt\/produto\/nintendo-switch-oled-model-game-console\/#breadcrumblist"},"author":{"@id":"https:\/\/www.rucashk.com\/pt\/author\/admin\/#author"},"creator":{"@id":"https:\/\/www.rucashk.com\/pt\/author\/admin\/#author"},"image":{"@type":"ImageObject","url":"https:\/\/www.rucashk.com\/wp-content\/uploads\/2024\/03\/1665144b-e1f8-4578-8053-d30bab8ba396.jpg","@id":"https:\/\/www.rucashk.com\/pt\/produto\/nintendo-switch-oled-model-game-console\/#mainImage","width":1024,"height":1024},"primaryImageOfPage":{"@id":"https:\/\/www.rucashk.com\/pt\/produto\/nintendo-switch-oled-model-game-console\/#mainImage"},"datePublished":"2024-03-14T13:17:57+00:00","dateModified":"2024-04-16T13:32:56+00:00"},{"@type":"WebSite","@id":"https:\/\/www.rucashk.com\/pt\/#website","url":"https:\/\/www.rucashk.com\/pt\/","name":"Rucas - Wholesale and distribution worldwide","alternateName":"Rucas - One-stop AIoT Distribution Worldwide","description":"One-stop AIoT Distribution Worldwide","inLanguage":"pt-PT","publisher":{"@id":"https:\/\/www.rucashk.com\/pt\/#organization"}}]}},"aioseo_meta_data":{"post_id":"37674","title":null,"description":null,"keywords":null,"keyphrases":null,"primary_term":null,"canonical_url":null,"og_title":null,"og_description":null,"og_object_type":"default","og_image_type":"default","og_image_url":null,"og_image_width":null,"og_image_height":null,"og_image_custom_url":null,"og_image_custom_fields":null,"og_video":null,"og_custom_url":null,"og_article_section":null,"og_article_tags":null,"twitter_use_og":false,"twitter_card":"default","twitter_image_type":"default","twitter_image_url":null,"twitter_image_custom_url":null,"twitter_image_custom_fields":null,"twitter_title":null,"twitter_description":null,"schema":{"blockGraphs":[],"customGraphs":[],"default":{"data":{"Article":[],"Course":[],"Dataset":[],"FAQPage":[],"Movie":[],"Person":[],"Product":[],"Recipe":[],"Service":[],"SoftwareApplication":[],"WebPage":[]},"graphName":"","isEnabled":true},"graphs":[]},"schema_type":"default","schema_type_options":null,"pillar_content":false,"robots_default":true,"robots_noindex":false,"robots_noarchive":false,"robots_nosnippet":false,"robots_nofollow":false,"robots_noimageindex":false,"robots_noodp":false,"robots_notranslate":false,"robots_max_snippet":null,"robots_max_videopreview":null,"robots_max_imagepreview":"large","priority":null,"frequency":null,"local_seo":null,"breadcrumb_settings":null,"limit_modified_date":false,"created":"2024-04-11 01:57:23","updated":"2025-06-22 18:45:55"},"aioseo_breadcrumb":"<div class=\"aioseo-breadcrumbs\"><span class=\"aioseo-breadcrumb\">\n\t<a href=\"https:\/\/www.rucashk.com\/pt\" title=\"Home\">Home<\/a>\n<\/span><span class=\"aioseo-breadcrumb-separator\">&raquo;<\/span><span class=\"aioseo-breadcrumb\">\n\t<a href=\"https:\/\/www.rucashk.com\/pt\/products\/\" title=\"Produtos\">Produtos<\/a>\n<\/span><span class=\"aioseo-breadcrumb-separator\">&raquo;<\/span><span class=\"aioseo-breadcrumb\">\n\t<a href=\"https:\/\/www.rucashk.com\/pt\/marca\/nintendo\/\" title=\"Nintendo\">Nintendo<\/a>\n<\/span><span class=\"aioseo-breadcrumb-separator\">&raquo;<\/span><span class=\"aioseo-breadcrumb\">\n\tNintendo Switch \u2013 OLED Model Game Console\n<\/span><\/div>","aioseo_breadcrumb_json":[{"label":"Home","link":"https:\/\/www.rucashk.com\/pt"},{"label":"Produtos","link":"https:\/\/www.rucashk.com\/pt\/products\/"},{"label":"Nintendo","link":"https:\/\/www.rucashk.com\/pt\/marca\/nintendo\/"},{"label":"Nintendo Switch \u2013 OLED Model Game Console","link":"https:\/\/www.rucashk.com\/pt\/produto\/nintendo-switch-oled-model-game-console\/"}],"_links":{"self":[{"href":"https:\/\/www.rucashk.com\/pt\/wp-json\/wp\/v2\/product\/37674","targetHints":{"allow":["GET"]}}],"collection":[{"href":"https:\/\/www.rucashk.com\/pt\/wp-json\/wp\/v2\/product"}],"about":[{"href":"https:\/\/www.rucashk.com\/pt\/wp-json\/wp\/v2\/types\/product"}],"wp:featuredmedia":[{"embeddable":true,"href":"https:\/\/www.rucashk.com\/pt\/wp-json\/wp\/v2\/media\/37683"}],"wp:attachment":[{"href":"https:\/\/www.rucashk.com\/pt\/wp-json\/wp\/v2\/media?parent=37674"}],"wp:term":[{"taxonomy":"product_brand","embeddable":true,"href":"https:\/\/www.rucashk.com\/pt\/wp-json\/wp\/v2\/product_brand?post=37674"},{"taxonomy":"product_cat","embeddable":true,"href":"https:\/\/www.rucashk.com\/pt\/wp-json\/wp\/v2\/product_cat?post=37674"},{"taxonomy":"product_tag","embeddable":true,"href":"https:\/\/www.rucashk.com\/pt\/wp-json\/wp\/v2\/product_tag?post=37674"}],"curies":[{"name":"wp","href":"https:\/\/api.w.org\/{rel}","templated":true}]}}