{"id":37643,"date":"2024-03-14T12:59:23","date_gmt":"2024-03-14T12:59:23","guid":{"rendered":"http:\/\/rucashk.com\/?post_type=product&#038;p=37643"},"modified":"2024-04-16T13:33:01","modified_gmt":"2024-04-16T13:33:01","slug":"jbl-pulse-5-portable-bluetooth-speaker","status":"publish","type":"product","link":"https:\/\/www.rucashk.com\/pt\/produto\/jbl-pulse-5-portable-bluetooth-speaker\/","title":{"rendered":"Alto-falante Bluetooth port\u00e1til JBL Pulse 5"},"content":{"rendered":"<section class=\"pdp-features in-view\" data-section=\"features\" data-headline=\"Features\">\n<div class=\"expanded-features\">\n<div class=\"expanded-feature -lifestyle not-in-view\">\n<div class=\"imagery\"><img decoding=\"async\" class=\"aligncenter\" src=\"\/wp-content\/uploads\/replace\/5e510684870a54255850b2a24baf6873.png\" alt=\"Eye-catching 360-degree light show\" data-src=\"\/on\/demandware.static\/-\/Sites-masterCatalog_Harman\/default\/dw4396957e\/pdp\/JBL_Pulse_5_Lifestyle_01_904x560px.png\" \/><\/div>\n<div class=\"copy\" style=\"text-align: center;\">\n<h3>Show de luzes atraente em 360 graus<\/h3>\n<p>Ilumine suas noites com cores atraentes em 360 graus sincronizadas com a batida de suas m\u00fasicas favoritas. Ou combine com seu humor personalizando o show de luzes maior e mais ousado no corpo externo transparente expandido do Pulse 5 usando o aplicativo JBL Portable.<\/p>\n<\/div>\n<\/div>\n<div class=\"expanded-feature -lifestyle in-view\" style=\"text-align: center;\">\n<div class=\"imagery\"><img decoding=\"async\" src=\"\/wp-content\/uploads\/replace\/c0c8c0ca847be36547ad06b50228e07e.png\" alt=\"Bold sound and deep bass in all directions\" data-src=\"\/on\/demandware.static\/-\/Sites-masterCatalog_Harman\/default\/dwbc5dbd3f\/pdp\/JBL_Pulse_5_Lifestyle_02_904x560px.png\" \/><\/div>\n<div class=\"copy\">\n<h3>Som arrojado e graves profundos em todas as dire\u00e7\u00f5es<\/h3>\n<p>Voc\u00ea desfrutar\u00e1 do som JBL Original Pro puro e ousado em todas as dire\u00e7\u00f5es com seu tweeter separado e driver upfiring, enquanto o radiador passivo na parte inferior do alto-falante oferece graves profundos - para que voc\u00ea possa realmente sentir a m\u00fasica.<\/p>\n<\/div>\n<\/div>\n<div class=\"expanded-feature -lifestyle in-view\" style=\"text-align: center;\">\n<div class=\"imagery\"><img decoding=\"async\" src=\"\/wp-content\/uploads\/replace\/4000058af34e4033949b930ff86eec66.png\" alt=\"IP67 dustproof and waterproof\" data-src=\"\/on\/demandware.static\/-\/Sites-masterCatalog_Harman\/default\/dw06c2a3f7\/pdp\/JBL_Pulse_5_Lifestyle_03_904x560px.png\" \/><\/div>\n<div class=\"copy\"><\/div>\n<\/div>\n<\/div>\n<p>SHOW DE LUZ DE 360 GRAUS ATRAENTE<br \/>\nIlumine suas noites com cores atraentes em 360 graus sincronizadas com a batida de suas m\u00fasicas favoritas. Ou combine com seu humor personalizando o show de luzes maior e mais ousado no corpo externo transparente expandido do Pulse 5 usando o aplicativo JBL Portable.<\/p>\n<p>SOM OUSADO E GRAVES PROFUNDOS EM TODAS AS DIRE\u00c7\u00d5ES<br \/>\nVoc\u00ea desfrutar\u00e1 do som JBL Original Pro puro e ousado em todas as dire\u00e7\u00f5es com seu tweeter separado e driver upfiring, enquanto o radiador passivo na parte inferior do alto-falante oferece graves profundos - para que voc\u00ea possa realmente sentir a m\u00fasica.<\/p>\n<p>IP67 \u00c0 PROVA DE POEIRA E IMPERME\u00c1VEL<br \/>\nPara a piscina. Para o Parque. JBL Pulse 5 \u00e9 IP67 \u00e0 prova d&#039;\u00e1gua e poeira, para que voc\u00ea possa levar seu alto-falante para qualquer lugar.<\/p>\n<p>12 HORAS DE JOGO<br \/>\nDestaque o momento, dia ou noite, com at\u00e9 12 horas de dura\u00e7\u00e3o da bateria com uma \u00fanica carga.<\/p>\n<p>TRANSMISS\u00c3O POR BLUETOOTH SEM FIO<br \/>\nConecte sem fio at\u00e9 2 smartphones ou mesas ao alto-falante e se revezem aproveitando o som JBL Original Pro.<\/p>\n<p>AUMENTE A DIVERS\u00c3O COM PARTYBOOST<br \/>\nO PartyBoost permite emparelhar dois alto-falantes compat\u00edveis com JBL PartyBoost para obter som est\u00e9reo ou conectar v\u00e1rios alto-falantes compat\u00edveis com JBL PartyBoost para infinitas possibilidades de \u00e1udio.<\/p>\n<\/section>\n<div class=\"content-asset-pdp\" style=\"text-align: center;\" data-gtmdata=\"inView\" data-modulelayer=\"banner above video\"><\/div>\n<section class=\"content-asset -pdp-slot-2 not-in-view\">\n<div class=\"content-asset -has-mb\" data-caid=\"PULSE-5-_EMEA_SLOT2\">\n<div class=\"mb-wrapper -width-constraint  -ready\" data-ipn=\"false\" data-id=\"mb-set-JBL-PDP-AwardBanner-Pulse5\" data-siteid=\"JB-APAC-NCOM\" data-brand=\"JBL\" data-locale=\"en_SG\" data-realm=\"false\">\n<div class=\"mb-standard mb-mod-wrapper -has-banner not-in-view\">\n<div class=\"mb-mod mb-banner  -cta-brand -textalign-left -placement-left -placement-middle -text-area-small -image-placement-behind -image-placement-m-top                                         -border-radius-$BorderRadius\" style=\"text-align: center;\" data-type=\"banner\"><\/div>\n<\/div>\n<\/div>\n<\/div>\n<\/section>","protected":false},"excerpt":{"rendered":"<p>Ilumine o momento com o show de luzes atraente e personaliz\u00e1vel de 360 graus do JBL Pulse 5 em sincronia com a batida da sua m\u00fasica, enquanto seu driver vibrante libera graves profundos e ousado JBL Original Pro Sound em todas as dire\u00e7\u00f5es. A al\u00e7a resistente permite que voc\u00ea leve o alto-falante Bluetooth port\u00e1til \u00e0 prova de poeira e \u00e0 prova d&#039;\u00e1gua do seu quintal para a praia e al\u00e9m. Dance at\u00e9 o amanhecer com 12 horas de reprodu\u00e7\u00e3o ou use o PartyBoost para emparelhar v\u00e1rios alto-falantes compat\u00edveis sempre que quiser aumentar o som e aprimorar a experi\u00eancia.<\/p>","protected":false},"featured_media":37651,"template":"","meta":[],"product_brand":[1354],"product_cat":[1285],"product_tag":[1357],"class_list":{"0":"post-37643","1":"product","2":"type-product","3":"status-publish","4":"has-post-thumbnail","6":"product_brand-jbl","7":"product_cat-jbl-speaker","8":"product_tag-speaker","10":"first","11":"instock","12":"shipping-taxable","13":"product-type-simple"},"aioseo_notices":[],"aioseo_head":"\n\t\t<!-- All in One SEO Pro 4.5.9.2 - aioseo.com -->\n\t\t<meta name=\"description\" content=\"Illuminate the moment with the eye-catching, personalizable, 360-degree light show of the JBL Pulse 5 in sync with the beat of your music as its upfiring driver unleashes deep bass and bold JBL Original Pro Sound in all directions. The sturdy strap lets you take the portable dustproof and waterproof Bluetooth speaker from your backyard to the beach and beyond. Dance until dawn with 12 hours of play time or use PartyBoost to pair multiple compatible speakers whenever you want to increase the sound\u2014and enhance the experience.\" \/>\n\t\t<meta name=\"robots\" content=\"max-image-preview:large\" \/>\n\t\t<link rel=\"canonical\" href=\"https:\/\/www.rucashk.com\/pt\/produto\/jbl-pulse-5-portable-bluetooth-speaker\/\" \/>\n\t\t<meta name=\"generator\" content=\"All in One SEO Pro (AIOSEO) 4.5.9.2\" \/>\n\t\t<meta property=\"og:locale\" content=\"pt_PT\" \/>\n\t\t<meta property=\"og:site_name\" content=\"Rucas - One-stop AIoT Distribution Worldwide\" \/>\n\t\t<meta property=\"og:type\" content=\"article\" \/>\n\t\t<meta property=\"og:title\" content=\"JBL Pulse 5 Portable Bluetooth Speaker - Rucas - Wholesale and Distribution\" \/>\n\t\t<meta property=\"og:description\" content=\"Illuminate the moment with the eye-catching, personalizable, 360-degree light show of the JBL Pulse 5 in sync with the beat of your music as its upfiring driver unleashes deep bass and bold JBL Original Pro Sound in all directions. The sturdy strap lets you take the portable dustproof and waterproof Bluetooth speaker from your backyard to the beach and beyond. Dance until dawn with 12 hours of play time or use PartyBoost to pair multiple compatible speakers whenever you want to increase the sound\u2014and enhance the experience.\" \/>\n\t\t<meta property=\"og:url\" content=\"https:\/\/www.rucashk.com\/pt\/produto\/jbl-pulse-5-portable-bluetooth-speaker\/\" \/>\n\t\t<meta property=\"og:image\" content=\"https:\/\/www.rucashk.com\/wp-content\/uploads\/replace\/503b8e645f128a97ccde2b6290747646.jpeg\" \/>\n\t\t<meta property=\"og:image:secure_url\" content=\"https:\/\/www.rucashk.com\/wp-content\/uploads\/replace\/503b8e645f128a97ccde2b6290747646.jpeg\" \/>\n\t\t<meta property=\"og:image:width\" content=\"1456\" \/>\n\t\t<meta property=\"og:image:height\" content=\"816\" \/>\n\t\t<meta property=\"article:published_time\" content=\"2024-03-14T12:59:23+00:00\" \/>\n\t\t<meta property=\"article:modified_time\" content=\"2024-04-16T13:33:01+00:00\" \/>\n\t\t<meta name=\"twitter:card\" content=\"summary_large_image\" \/>\n\t\t<meta name=\"twitter:title\" content=\"JBL Pulse 5 Portable Bluetooth Speaker - Rucas - Wholesale and Distribution\" \/>\n\t\t<meta name=\"twitter:description\" content=\"Illuminate the moment with the eye-catching, personalizable, 360-degree light show of the JBL Pulse 5 in sync with the beat of your music as its upfiring driver unleashes deep bass and bold JBL Original Pro Sound in all directions. The sturdy strap lets you take the portable dustproof and waterproof Bluetooth speaker from your backyard to the beach and beyond. Dance until dawn with 12 hours of play time or use PartyBoost to pair multiple compatible speakers whenever you want to increase the sound\u2014and enhance the experience.\" \/>\n\t\t<meta name=\"twitter:image\" content=\"https:\/\/www.rucashk.com\/wp-content\/uploads\/replace\/503b8e645f128a97ccde2b6290747646.jpeg\" \/>\n\t\t<script type=\"application\/ld+json\" class=\"aioseo-schema\">\n\t\t\t{\"@context\":\"https:\\\/\\\/schema.org\",\"@graph\":[{\"@type\":\"BreadcrumbList\",\"@id\":\"https:\\\/\\\/www.rucashk.com\\\/pt\\\/produto\\\/jbl-pulse-5-portable-bluetooth-speaker\\\/#breadcrumblist\",\"itemListElement\":[{\"@type\":\"ListItem\",\"@id\":\"https:\\\/\\\/www.rucashk.com\\\/pt\\\/#listItem\",\"position\":1,\"name\":\"Home\",\"item\":\"https:\\\/\\\/www.rucashk.com\\\/pt\\\/\",\"nextItem\":\"https:\\\/\\\/www.rucashk.com\\\/pt\\\/produto\\\/jbl-pulse-5-portable-bluetooth-speaker\\\/#listItem\"},{\"@type\":\"ListItem\",\"@id\":\"https:\\\/\\\/www.rucashk.com\\\/pt\\\/produto\\\/jbl-pulse-5-portable-bluetooth-speaker\\\/#listItem\",\"position\":2,\"name\":\"JBL Pulse 5 Portable Bluetooth Speaker\",\"previousItem\":\"https:\\\/\\\/www.rucashk.com\\\/pt\\\/#listItem\"}]},{\"@type\":\"Organization\",\"@id\":\"https:\\\/\\\/www.rucashk.com\\\/pt\\\/#organization\",\"name\":\"Rucas\",\"url\":\"https:\\\/\\\/www.rucashk.com\\\/pt\\\/\",\"logo\":{\"@type\":\"ImageObject\",\"url\":\"https:\\\/\\\/www.rucashk.com\\\/wp-content\\\/uploads\\\/2023\\\/12\\\/Rucas_campany_logo.png\",\"@id\":\"https:\\\/\\\/www.rucashk.com\\\/pt\\\/produto\\\/jbl-pulse-5-portable-bluetooth-speaker\\\/#organizationLogo\",\"width\":221,\"height\":65},\"image\":{\"@id\":\"https:\\\/\\\/www.rucashk.com\\\/pt\\\/#organizationLogo\"}},{\"@type\":\"Person\",\"@id\":\"https:\\\/\\\/www.rucashk.com\\\/pt\\\/author\\\/admin\\\/#author\",\"url\":\"https:\\\/\\\/www.rucashk.com\\\/pt\\\/author\\\/admin\\\/\",\"name\":\"admin\",\"image\":{\"@type\":\"ImageObject\",\"@id\":\"https:\\\/\\\/www.rucashk.com\\\/pt\\\/produto\\\/jbl-pulse-5-portable-bluetooth-speaker\\\/#authorImage\",\"url\":\"https:\\\/\\\/secure.gravatar.com\\\/avatar\\\/b7c8925b09a27e72b30232f8ecaadbd5af0f70a38c78096863fe51b64f031c24?s=96&d=mm&r=g\",\"width\":96,\"height\":96,\"caption\":\"admin\"}},{\"@type\":\"WebPage\",\"@id\":\"https:\\\/\\\/www.rucashk.com\\\/pt\\\/produto\\\/jbl-pulse-5-portable-bluetooth-speaker\\\/#webpage\",\"url\":\"https:\\\/\\\/www.rucashk.com\\\/pt\\\/produto\\\/jbl-pulse-5-portable-bluetooth-speaker\\\/\",\"name\":\"JBL Pulse 5 Portable Bluetooth Speaker - Rucas - Wholesale and Distribution\",\"description\":\"Illuminate the moment with the eye-catching, personalizable, 360-degree light show of the JBL Pulse 5 in sync with the beat of your music as its upfiring driver unleashes deep bass and bold JBL Original Pro Sound in all directions. The sturdy strap lets you take the portable dustproof and waterproof Bluetooth speaker from your backyard to the beach and beyond. Dance until dawn with 12 hours of play time or use PartyBoost to pair multiple compatible speakers whenever you want to increase the sound\\u2014and enhance the experience.\",\"inLanguage\":\"pt-PT\",\"isPartOf\":{\"@id\":\"https:\\\/\\\/www.rucashk.com\\\/pt\\\/#website\"},\"breadcrumb\":{\"@id\":\"https:\\\/\\\/www.rucashk.com\\\/pt\\\/produto\\\/jbl-pulse-5-portable-bluetooth-speaker\\\/#breadcrumblist\"},\"author\":{\"@id\":\"https:\\\/\\\/www.rucashk.com\\\/pt\\\/author\\\/admin\\\/#author\"},\"creator\":{\"@id\":\"https:\\\/\\\/www.rucashk.com\\\/pt\\\/author\\\/admin\\\/#author\"},\"image\":{\"@type\":\"ImageObject\",\"url\":\"https:\\\/\\\/www.rucashk.com\\\/wp-content\\\/uploads\\\/2024\\\/03\\\/e8ce3c3e-2030-449f-b283-1de7eaa0bf85.png\",\"@id\":\"https:\\\/\\\/www.rucashk.com\\\/pt\\\/produto\\\/jbl-pulse-5-portable-bluetooth-speaker\\\/#mainImage\",\"width\":537,\"height\":537},\"primaryImageOfPage\":{\"@id\":\"https:\\\/\\\/www.rucashk.com\\\/pt\\\/produto\\\/jbl-pulse-5-portable-bluetooth-speaker\\\/#mainImage\"},\"datePublished\":\"2024-03-14T12:59:23+00:00\",\"dateModified\":\"2024-04-16T13:33:01+00:00\"},{\"@type\":\"WebSite\",\"@id\":\"https:\\\/\\\/www.rucashk.com\\\/pt\\\/#website\",\"url\":\"https:\\\/\\\/www.rucashk.com\\\/pt\\\/\",\"name\":\"Rucas - Wholesale and distribution worldwide\",\"alternateName\":\"Rucas - One-stop AIoT Distribution Worldwide\",\"description\":\"One-stop AIoT Distribution Worldwide\",\"inLanguage\":\"pt-PT\",\"publisher\":{\"@id\":\"https:\\\/\\\/www.rucashk.com\\\/pt\\\/#organization\"}}]}\n\t\t<\/script>\n\t\t<!-- All in One SEO Pro -->\r\n\t\t<title>JBL Pulse 5 Portable Bluetooth Speaker - Rucas - Wholesale and Distribution<\/title>\n\n","aioseo_head_json":{"title":"JBL Pulse 5 Portable Bluetooth Speaker - Rucas - Wholesale and Distribution","description":"Illuminate the moment with the eye-catching, personalizable, 360-degree light show of the JBL Pulse 5 in sync with the beat of your music as its upfiring driver unleashes deep bass and bold JBL Original Pro Sound in all directions. The sturdy strap lets you take the portable dustproof and waterproof Bluetooth speaker from your backyard to the beach and beyond. Dance until dawn with 12 hours of play time or use PartyBoost to pair multiple compatible speakers whenever you want to increase the sound\u2014and enhance the experience.","canonical_url":"https:\/\/www.rucashk.com\/pt\/produto\/jbl-pulse-5-portable-bluetooth-speaker\/","robots":"max-image-preview:large","keywords":"","webmasterTools":{"miscellaneous":""},"og:locale":"pt_PT","og:site_name":"Rucas - One-stop AIoT Distribution Worldwide","og:type":"article","og:title":"JBL Pulse 5 Portable Bluetooth Speaker - Rucas - Wholesale and Distribution","og:description":"Illuminate the moment with the eye-catching, personalizable, 360-degree light show of the JBL Pulse 5 in sync with the beat of your music as its upfiring driver unleashes deep bass and bold JBL Original Pro Sound in all directions. The sturdy strap lets you take the portable dustproof and waterproof Bluetooth speaker from your backyard to the beach and beyond. Dance until dawn with 12 hours of play time or use PartyBoost to pair multiple compatible speakers whenever you want to increase the sound\u2014and enhance the experience.","og:url":"https:\/\/www.rucashk.com\/pt\/produto\/jbl-pulse-5-portable-bluetooth-speaker\/","og:image":"https:\/\/www.rucashk.com\/wp-content\/uploads\/replace\/503b8e645f128a97ccde2b6290747646.jpeg","og:image:secure_url":"https:\/\/www.rucashk.com\/wp-content\/uploads\/replace\/503b8e645f128a97ccde2b6290747646.jpeg","og:image:width":1456,"og:image:height":816,"article:published_time":"2024-03-14T12:59:23+00:00","article:modified_time":"2024-04-16T13:33:01+00:00","twitter:card":"summary_large_image","twitter:title":"JBL Pulse 5 Portable Bluetooth Speaker - Rucas - Wholesale and Distribution","twitter:description":"Illuminate the moment with the eye-catching, personalizable, 360-degree light show of the JBL Pulse 5 in sync with the beat of your music as its upfiring driver unleashes deep bass and bold JBL Original Pro Sound in all directions. The sturdy strap lets you take the portable dustproof and waterproof Bluetooth speaker from your backyard to the beach and beyond. Dance until dawn with 12 hours of play time or use PartyBoost to pair multiple compatible speakers whenever you want to increase the sound\u2014and enhance the experience.","twitter:image":"https:\/\/www.rucashk.com\/wp-content\/uploads\/replace\/503b8e645f128a97ccde2b6290747646.jpeg","schema":{"@context":"https:\/\/schema.org","@graph":[{"@type":"BreadcrumbList","@id":"https:\/\/www.rucashk.com\/pt\/produto\/jbl-pulse-5-portable-bluetooth-speaker\/#breadcrumblist","itemListElement":[{"@type":"ListItem","@id":"https:\/\/www.rucashk.com\/pt\/#listItem","position":1,"name":"Home","item":"https:\/\/www.rucashk.com\/pt\/","nextItem":"https:\/\/www.rucashk.com\/pt\/produto\/jbl-pulse-5-portable-bluetooth-speaker\/#listItem"},{"@type":"ListItem","@id":"https:\/\/www.rucashk.com\/pt\/produto\/jbl-pulse-5-portable-bluetooth-speaker\/#listItem","position":2,"name":"JBL Pulse 5 Portable Bluetooth Speaker","previousItem":"https:\/\/www.rucashk.com\/pt\/#listItem"}]},{"@type":"Organization","@id":"https:\/\/www.rucashk.com\/pt\/#organization","name":"Rucas","url":"https:\/\/www.rucashk.com\/pt\/","logo":{"@type":"ImageObject","url":"https:\/\/www.rucashk.com\/wp-content\/uploads\/2023\/12\/Rucas_campany_logo.png","@id":"https:\/\/www.rucashk.com\/pt\/produto\/jbl-pulse-5-portable-bluetooth-speaker\/#organizationLogo","width":221,"height":65},"image":{"@id":"https:\/\/www.rucashk.com\/pt\/#organizationLogo"}},{"@type":"Person","@id":"https:\/\/www.rucashk.com\/pt\/author\/admin\/#author","url":"https:\/\/www.rucashk.com\/pt\/author\/admin\/","name":"admin","image":{"@type":"ImageObject","@id":"https:\/\/www.rucashk.com\/pt\/produto\/jbl-pulse-5-portable-bluetooth-speaker\/#authorImage","url":"https:\/\/secure.gravatar.com\/avatar\/b7c8925b09a27e72b30232f8ecaadbd5af0f70a38c78096863fe51b64f031c24?s=96&d=mm&r=g","width":96,"height":96,"caption":"admin"}},{"@type":"WebPage","@id":"https:\/\/www.rucashk.com\/pt\/produto\/jbl-pulse-5-portable-bluetooth-speaker\/#webpage","url":"https:\/\/www.rucashk.com\/pt\/produto\/jbl-pulse-5-portable-bluetooth-speaker\/","name":"JBL Pulse 5 Portable Bluetooth Speaker - Rucas - Wholesale and Distribution","description":"Illuminate the moment with the eye-catching, personalizable, 360-degree light show of the JBL Pulse 5 in sync with the beat of your music as its upfiring driver unleashes deep bass and bold JBL Original Pro Sound in all directions. The sturdy strap lets you take the portable dustproof and waterproof Bluetooth speaker from your backyard to the beach and beyond. Dance until dawn with 12 hours of play time or use PartyBoost to pair multiple compatible speakers whenever you want to increase the sound\u2014and enhance the experience.","inLanguage":"pt-PT","isPartOf":{"@id":"https:\/\/www.rucashk.com\/pt\/#website"},"breadcrumb":{"@id":"https:\/\/www.rucashk.com\/pt\/produto\/jbl-pulse-5-portable-bluetooth-speaker\/#breadcrumblist"},"author":{"@id":"https:\/\/www.rucashk.com\/pt\/author\/admin\/#author"},"creator":{"@id":"https:\/\/www.rucashk.com\/pt\/author\/admin\/#author"},"image":{"@type":"ImageObject","url":"https:\/\/www.rucashk.com\/wp-content\/uploads\/2024\/03\/e8ce3c3e-2030-449f-b283-1de7eaa0bf85.png","@id":"https:\/\/www.rucashk.com\/pt\/produto\/jbl-pulse-5-portable-bluetooth-speaker\/#mainImage","width":537,"height":537},"primaryImageOfPage":{"@id":"https:\/\/www.rucashk.com\/pt\/produto\/jbl-pulse-5-portable-bluetooth-speaker\/#mainImage"},"datePublished":"2024-03-14T12:59:23+00:00","dateModified":"2024-04-16T13:33:01+00:00"},{"@type":"WebSite","@id":"https:\/\/www.rucashk.com\/pt\/#website","url":"https:\/\/www.rucashk.com\/pt\/","name":"Rucas - Wholesale and distribution worldwide","alternateName":"Rucas - One-stop AIoT Distribution Worldwide","description":"One-stop AIoT Distribution Worldwide","inLanguage":"pt-PT","publisher":{"@id":"https:\/\/www.rucashk.com\/pt\/#organization"}}]}},"aioseo_meta_data":{"post_id":"37643","title":null,"description":null,"keywords":null,"keyphrases":null,"primary_term":null,"canonical_url":null,"og_title":null,"og_description":null,"og_object_type":"default","og_image_type":"default","og_image_url":null,"og_image_width":null,"og_image_height":null,"og_image_custom_url":null,"og_image_custom_fields":null,"og_video":null,"og_custom_url":null,"og_article_section":null,"og_article_tags":null,"twitter_use_og":false,"twitter_card":"default","twitter_image_type":"default","twitter_image_url":null,"twitter_image_custom_url":null,"twitter_image_custom_fields":null,"twitter_title":null,"twitter_description":null,"schema":{"blockGraphs":[],"customGraphs":[],"default":{"data":{"Article":[],"Course":[],"Dataset":[],"FAQPage":[],"Movie":[],"Person":[],"Product":[],"Recipe":[],"Service":[],"SoftwareApplication":[],"WebPage":[]},"graphName":"","isEnabled":true},"graphs":[]},"schema_type":"default","schema_type_options":null,"pillar_content":false,"robots_default":true,"robots_noindex":false,"robots_noarchive":false,"robots_nosnippet":false,"robots_nofollow":false,"robots_noimageindex":false,"robots_noodp":false,"robots_notranslate":false,"robots_max_snippet":null,"robots_max_videopreview":null,"robots_max_imagepreview":"large","priority":null,"frequency":null,"local_seo":null,"breadcrumb_settings":null,"limit_modified_date":false,"created":"2024-04-11 01:57:23","updated":"2025-06-22 18:45:54"},"aioseo_breadcrumb":"<div class=\"aioseo-breadcrumbs\"><span class=\"aioseo-breadcrumb\">\n\t<a href=\"https:\/\/www.rucashk.com\/pt\" title=\"Home\">Home<\/a>\n<\/span><span class=\"aioseo-breadcrumb-separator\">&raquo;<\/span><span class=\"aioseo-breadcrumb\">\n\t<a href=\"https:\/\/www.rucashk.com\/pt\/products\/\" title=\"Produtos\">Produtos<\/a>\n<\/span><span class=\"aioseo-breadcrumb-separator\">&raquo;<\/span><span class=\"aioseo-breadcrumb\">\n\t<a href=\"https:\/\/www.rucashk.com\/pt\/marca\/jbl\/\" title=\"JBL\">JBL<\/a>\n<\/span><span class=\"aioseo-breadcrumb-separator\">&raquo;<\/span><span class=\"aioseo-breadcrumb\">\n\tJBL Pulse 5 Portable Bluetooth Speaker\n<\/span><\/div>","aioseo_breadcrumb_json":[{"label":"Home","link":"https:\/\/www.rucashk.com\/pt"},{"label":"Produtos","link":"https:\/\/www.rucashk.com\/pt\/products\/"},{"label":"JBL","link":"https:\/\/www.rucashk.com\/pt\/marca\/jbl\/"},{"label":"JBL Pulse 5 Portable Bluetooth Speaker","link":"https:\/\/www.rucashk.com\/pt\/produto\/jbl-pulse-5-portable-bluetooth-speaker\/"}],"_links":{"self":[{"href":"https:\/\/www.rucashk.com\/pt\/wp-json\/wp\/v2\/product\/37643","targetHints":{"allow":["GET"]}}],"collection":[{"href":"https:\/\/www.rucashk.com\/pt\/wp-json\/wp\/v2\/product"}],"about":[{"href":"https:\/\/www.rucashk.com\/pt\/wp-json\/wp\/v2\/types\/product"}],"wp:featuredmedia":[{"embeddable":true,"href":"https:\/\/www.rucashk.com\/pt\/wp-json\/wp\/v2\/media\/37651"}],"wp:attachment":[{"href":"https:\/\/www.rucashk.com\/pt\/wp-json\/wp\/v2\/media?parent=37643"}],"wp:term":[{"taxonomy":"product_brand","embeddable":true,"href":"https:\/\/www.rucashk.com\/pt\/wp-json\/wp\/v2\/product_brand?post=37643"},{"taxonomy":"product_cat","embeddable":true,"href":"https:\/\/www.rucashk.com\/pt\/wp-json\/wp\/v2\/product_cat?post=37643"},{"taxonomy":"product_tag","embeddable":true,"href":"https:\/\/www.rucashk.com\/pt\/wp-json\/wp\/v2\/product_tag?post=37643"}],"curies":[{"name":"wp","href":"https:\/\/api.w.org\/{rel}","templated":true}]}}